{"id":104146,"date":"2020-11-03T12:14:45","date_gmt":"2020-11-03T11:14:45","guid":{"rendered":"https:\/\/tourtravelandmore.com\/tours\/non%20class\u00e9\/visite-privee-de-pearl-harbor\/"},"modified":"2021-03-18T11:54:50","modified_gmt":"2021-03-18T10:54:50","slug":"visite-privee-de-pearl-harbor","status":"publish","type":"product","link":"https:\/\/tourtravelandmore.com\/fr\/tours\/etats-unis-fr\/hawaii-fr\/oahu-fr\/visite-privee-de-pearl-harbor\/","title":{"rendered":"Visite priv\u00e9e de Pearl Harbor"},"content":{"rendered":"<h2>Description<\/h2>\n<p>Faites notre visite priv\u00e9e de Pearl Harbor \u00e0 Oahu pour vivre une grande exp\u00e9rience historique sur l&#8217;\u00eele. Lors de cette visite, laissez-nous vous emmener dans les 5 mus\u00e9es ainsi que les m\u00e9moriaux. Nous inclurons \u00e9galement le Pacific Aviation Museum. Laissez notre guide vous informer de tous les d\u00e9tails et histoires qui se sont d\u00e9roul\u00e9s le 7 d\u00e9cembre. Nous inclurons \u00e9galement un trajet en voiture jusqu&#8217;\u00e0 Honolulu et une vue sur le palais Iolani.<\/p>\n<p>Le palais Iolani est le seul palais royal des \u00c9tats-Unis.<\/p>\n<p>Pour cette visite priv\u00e9e, laissez notre guide organiser une prise en charge confortable \u00e0 Honolulu, Waikiki ou dans un autre lieu d&#8217;Oahu. Notre guide sera \u00e0 votre disposition pour la visite guid\u00e9e de 4 heures.<\/p>\n<p>Une fois que nous aurons termin\u00e9, nous vous ram\u00e8nerons \u00e0 votre place ou choix ou \u00e0 votre h\u00f4tel.<\/p>\n<h2>Sites d&#8217;int\u00e9r\u00eat et monuments<\/h2>\n<p>Apr\u00e8s avoir rencontr\u00e9 notre guide, nous nous dirigerons vers les sites de Pearl Harbor ainsi que le centre-ville d&#8217;Honolulu. Nous commencerons ensuite cette visite priv\u00e9e de Pearl Harbor.<\/p>\n<p>Profitez du meilleur de cette visite priv\u00e9e de Pearl Harbor, notamment:<\/p>\n<ul>\n<li>Centre d&#8217;accueil de Pearl Harbor<\/li>\n<li>M\u00e9morial de l&#8217;USS Arizona<\/li>\n<li>Mus\u00e9e du sous-marin USS Bowfin<\/li>\n<li>M\u00e9morial du cuirass\u00e9 Missouri<\/li>\n<li>M\u00e9morail USS Oklahoma<\/li>\n<li>Mus\u00e9e de l&#8217;aviation de Pearl Harbor<\/li>\n<li>Motifs de la capitale de l&#8217;\u00c9tat d&#8217;Hawa\u00ef. Admirez la flamme \u00e9ternelle, le m\u00e9morial de la guerre du Vietnam cor\u00e9en, la cloche de la libert\u00e9 et bien plus encore!<\/li>\n<li>Palais Iolani. Comme nous l&#8217;avons d\u00e9j\u00e0 dit, le seul palais royal des \u00c9tats-Unis.<\/li>\n<li>Statue du roi Kamehameha<\/li>\n<li>H\u00f4tel de ville d&#8217;Honolulu<\/li>\n<li>\u00c9glise de Kawaiahao<\/li>\n<li>Suite!<\/li>\n<\/ul>\n<p>Nous terminerons cette visite priv\u00e9e \u00e0 votre h\u00f4tel ou lieu de votre choix \u00e0 Oahu. Chez Tour Travel &amp; More, nous sommes \u00e0 votre disposition.<\/p>\n<p>Jetez un \u0153il \u00e0 nos visites priv\u00e9es \u00e0 Hawa\u00ef.<\/p>\n","protected":false},"excerpt":{"rendered":"<p>Rejoignez-nous pour cette visite priv\u00e9e de Pearl Harbor et obtenez la chance de profiter de la partie historique de Pearl Harbor \u00e0 Oahu et \u00e0 Hawa\u00ef. Une exp\u00e9rience priv\u00e9e vraiment incroyable.<\/p>\n","protected":false},"featured_media":85904,"comment_status":"open","ping_status":"closed","template":"","meta":{"_acf_changed":false},"product_brand":[],"product_cat":[3547,3799,3831],"product_tag":[],"class_list":{"0":"post-104146","1":"product","2":"type-product","3":"status-publish","4":"has-post-thumbnail","6":"product_cat-etats-unis-fr","7":"product_cat-hawaii-fr","8":"product_cat-oahu-fr","10":"first","11":"instock","12":"shipping-taxable","13":"purchasable","14":"product-type-simple"},"acf":[],"yoast_head":"<!-- This site is optimized with the Yoast SEO Premium plugin v25.3.1 (Yoast SEO v25.3.1) - https:\/\/yoast.com\/wordpress\/plugins\/seo\/ -->\n<title>Visite priv\u00e9e de Pearl Harbor avec un v\u00e9hicule priv\u00e9 et un guide priv\u00e9<\/title>\n<meta name=\"description\" content=\"Rejoignez-nous pour cette visite priv\u00e9e de Pearl Harbor et profitez de la partie historique d&#039;Oahu. Une exp\u00e9rience priv\u00e9e vraiment incroyable.\" \/>\n<meta name=\"robots\" content=\"index, follow, max-snippet:-1, max-image-preview:large, max-video-preview:-1\" \/>\n<link rel=\"canonical\" href=\"https:\/\/tourtravelandmore.com\/fr\/tours\/etats-unis-fr\/hawaii-fr\/oahu-fr\/visite-privee-de-pearl-harbor\/\" \/>\n<meta property=\"og:locale\" content=\"fr_FR\" \/>\n<meta property=\"og:type\" content=\"article\" \/>\n<meta property=\"og:title\" content=\"Visite priv\u00e9e de Pearl Harbor\" \/>\n<meta property=\"og:description\" content=\"Rejoignez-nous pour cette visite priv\u00e9e de Pearl Harbor et profitez de la partie historique d&#039;Oahu. Une exp\u00e9rience priv\u00e9e vraiment incroyable.\" \/>\n<meta property=\"og:url\" content=\"https:\/\/tourtravelandmore.com\/fr\/tours\/etats-unis-fr\/hawaii-fr\/oahu-fr\/visite-privee-de-pearl-harbor\/\" \/>\n<meta property=\"og:site_name\" content=\"Tour Travel And More\" \/>\n<meta property=\"article:publisher\" content=\"https:\/\/www.facebook.com\/tourtravelandmore\/\" \/>\n<meta property=\"article:modified_time\" content=\"2021-03-18T10:54:50+00:00\" \/>\n<meta property=\"og:image\" content=\"https:\/\/tourtravelandmore.com\/wp-content\/uploads\/2020\/11\/Pearl-Harbor-3-scaled.jpg\" \/>\n\t<meta property=\"og:image:width\" content=\"2560\" \/>\n\t<meta property=\"og:image:height\" content=\"1707\" \/>\n\t<meta property=\"og:image:type\" content=\"image\/jpeg\" \/>\n<meta name=\"twitter:card\" content=\"summary_large_image\" \/>\n<meta name=\"twitter:site\" content=\"@TourTravel_More\" \/>\n<meta name=\"twitter:label1\" content=\"Dur\u00e9e de lecture estim\u00e9e\" \/>\n\t<meta name=\"twitter:data1\" content=\"2 minutes\" \/>\n<script type=\"application\/ld+json\" class=\"yoast-schema-graph\">{\"@context\":\"https:\/\/schema.org\",\"@graph\":[{\"@type\":\"WebPage\",\"@id\":\"https:\/\/tourtravelandmore.com\/fr\/tours\/etats-unis-fr\/hawaii-fr\/oahu-fr\/visite-privee-de-pearl-harbor\/\",\"url\":\"https:\/\/tourtravelandmore.com\/fr\/tours\/etats-unis-fr\/hawaii-fr\/oahu-fr\/visite-privee-de-pearl-harbor\/\",\"name\":\"Visite priv\u00e9e de Pearl Harbor avec un v\u00e9hicule priv\u00e9 et un guide priv\u00e9\",\"isPartOf\":{\"@id\":\"https:\/\/tourtravelandmore.com\/fr\/#website\"},\"primaryImageOfPage\":{\"@id\":\"https:\/\/tourtravelandmore.com\/fr\/tours\/etats-unis-fr\/hawaii-fr\/oahu-fr\/visite-privee-de-pearl-harbor\/#primaryimage\"},\"image\":{\"@id\":\"https:\/\/tourtravelandmore.com\/fr\/tours\/etats-unis-fr\/hawaii-fr\/oahu-fr\/visite-privee-de-pearl-harbor\/#primaryimage\"},\"thumbnailUrl\":\"https:\/\/tourtravelandmore.com\/wp-content\/uploads\/2020\/11\/Pearl-Harbor-3-scaled.jpg\",\"datePublished\":\"2020-11-03T11:14:45+00:00\",\"dateModified\":\"2021-03-18T10:54:50+00:00\",\"description\":\"Rejoignez-nous pour cette visite priv\u00e9e de Pearl Harbor et profitez de la partie historique d'Oahu. Une exp\u00e9rience priv\u00e9e vraiment incroyable.\",\"breadcrumb\":{\"@id\":\"https:\/\/tourtravelandmore.com\/fr\/tours\/etats-unis-fr\/hawaii-fr\/oahu-fr\/visite-privee-de-pearl-harbor\/#breadcrumb\"},\"inLanguage\":\"fr-FR\",\"potentialAction\":[{\"@type\":\"ReadAction\",\"target\":[\"https:\/\/tourtravelandmore.com\/fr\/tours\/etats-unis-fr\/hawaii-fr\/oahu-fr\/visite-privee-de-pearl-harbor\/\"]}]},{\"@type\":\"ImageObject\",\"inLanguage\":\"fr-FR\",\"@id\":\"https:\/\/tourtravelandmore.com\/fr\/tours\/etats-unis-fr\/hawaii-fr\/oahu-fr\/visite-privee-de-pearl-harbor\/#primaryimage\",\"url\":\"https:\/\/tourtravelandmore.com\/wp-content\/uploads\/2020\/11\/Pearl-Harbor-3-scaled.jpg\",\"contentUrl\":\"https:\/\/tourtravelandmore.com\/wp-content\/uploads\/2020\/11\/Pearl-Harbor-3-scaled.jpg\",\"width\":2560,\"height\":1707},{\"@type\":\"BreadcrumbList\",\"@id\":\"https:\/\/tourtravelandmore.com\/fr\/tours\/etats-unis-fr\/hawaii-fr\/oahu-fr\/visite-privee-de-pearl-harbor\/#breadcrumb\",\"itemListElement\":[{\"@type\":\"ListItem\",\"position\":1,\"name\":\"Home\",\"item\":\"https:\/\/tourtravelandmore.com\/fr\/\"},{\"@type\":\"ListItem\",\"position\":2,\"name\":\"Tours\",\"item\":\"https:\/\/tourtravelandmore.com\/fr\/tours\/\"},{\"@type\":\"ListItem\",\"position\":3,\"name\":\"Visite priv\u00e9e de Pearl Harbor\"}]},{\"@type\":\"WebSite\",\"@id\":\"https:\/\/tourtravelandmore.com\/fr\/#website\",\"url\":\"https:\/\/tourtravelandmore.com\/fr\/\",\"name\":\"Tour Travel And More\",\"description\":\"Private sightseeing tours and luxury transfers in Spain\",\"publisher\":{\"@id\":\"https:\/\/tourtravelandmore.com\/fr\/#organization\"},\"potentialAction\":[{\"@type\":\"SearchAction\",\"target\":{\"@type\":\"EntryPoint\",\"urlTemplate\":\"https:\/\/tourtravelandmore.com\/fr\/?s={search_term_string}\"},\"query-input\":{\"@type\":\"PropertyValueSpecification\",\"valueRequired\":true,\"valueName\":\"search_term_string\"}}],\"inLanguage\":\"fr-FR\"},{\"@type\":\"Organization\",\"@id\":\"https:\/\/tourtravelandmore.com\/fr\/#organization\",\"name\":\"Tour Travel And More\",\"url\":\"https:\/\/tourtravelandmore.com\/fr\/\",\"logo\":{\"@type\":\"ImageObject\",\"inLanguage\":\"fr-FR\",\"@id\":\"https:\/\/tourtravelandmore.com\/fr\/#\/schema\/logo\/image\/\",\"url\":\"https:\/\/tourtravelandmore.com\/wp-content\/uploads\/2022\/12\/cropped-logo-cabecera-new.png\",\"contentUrl\":\"https:\/\/tourtravelandmore.com\/wp-content\/uploads\/2022\/12\/cropped-logo-cabecera-new.png\",\"width\":430,\"height\":61,\"caption\":\"Tour Travel And More\"},\"image\":{\"@id\":\"https:\/\/tourtravelandmore.com\/fr\/#\/schema\/logo\/image\/\"},\"sameAs\":[\"https:\/\/www.facebook.com\/tourtravelandmore\/\",\"https:\/\/x.com\/TourTravel_More\"]}]}<\/script>\n<!-- \/ Yoast SEO Premium plugin. -->","yoast_head_json":{"title":"Visite priv\u00e9e de Pearl Harbor avec un v\u00e9hicule priv\u00e9 et un guide priv\u00e9","description":"Rejoignez-nous pour cette visite priv\u00e9e de Pearl Harbor et profitez de la partie historique d'Oahu. Une exp\u00e9rience priv\u00e9e vraiment incroyable.","robots":{"index":"index","follow":"follow","max-snippet":"max-snippet:-1","max-image-preview":"max-image-preview:large","max-video-preview":"max-video-preview:-1"},"canonical":"https:\/\/tourtravelandmore.com\/fr\/tours\/etats-unis-fr\/hawaii-fr\/oahu-fr\/visite-privee-de-pearl-harbor\/","og_locale":"fr_FR","og_type":"article","og_title":"Visite priv\u00e9e de Pearl Harbor","og_description":"Rejoignez-nous pour cette visite priv\u00e9e de Pearl Harbor et profitez de la partie historique d'Oahu. Une exp\u00e9rience priv\u00e9e vraiment incroyable.","og_url":"https:\/\/tourtravelandmore.com\/fr\/tours\/etats-unis-fr\/hawaii-fr\/oahu-fr\/visite-privee-de-pearl-harbor\/","og_site_name":"Tour Travel And More","article_publisher":"https:\/\/www.facebook.com\/tourtravelandmore\/","article_modified_time":"2021-03-18T10:54:50+00:00","og_image":[{"width":2560,"height":1707,"url":"https:\/\/tourtravelandmore.com\/wp-content\/uploads\/2020\/11\/Pearl-Harbor-3-scaled.jpg","type":"image\/jpeg"}],"twitter_card":"summary_large_image","twitter_site":"@TourTravel_More","twitter_misc":{"Dur\u00e9e de lecture estim\u00e9e":"2 minutes"},"schema":{"@context":"https:\/\/schema.org","@graph":[{"@type":"WebPage","@id":"https:\/\/tourtravelandmore.com\/fr\/tours\/etats-unis-fr\/hawaii-fr\/oahu-fr\/visite-privee-de-pearl-harbor\/","url":"https:\/\/tourtravelandmore.com\/fr\/tours\/etats-unis-fr\/hawaii-fr\/oahu-fr\/visite-privee-de-pearl-harbor\/","name":"Visite priv\u00e9e de Pearl Harbor avec un v\u00e9hicule priv\u00e9 et un guide priv\u00e9","isPartOf":{"@id":"https:\/\/tourtravelandmore.com\/fr\/#website"},"primaryImageOfPage":{"@id":"https:\/\/tourtravelandmore.com\/fr\/tours\/etats-unis-fr\/hawaii-fr\/oahu-fr\/visite-privee-de-pearl-harbor\/#primaryimage"},"image":{"@id":"https:\/\/tourtravelandmore.com\/fr\/tours\/etats-unis-fr\/hawaii-fr\/oahu-fr\/visite-privee-de-pearl-harbor\/#primaryimage"},"thumbnailUrl":"https:\/\/tourtravelandmore.com\/wp-content\/uploads\/2020\/11\/Pearl-Harbor-3-scaled.jpg","datePublished":"2020-11-03T11:14:45+00:00","dateModified":"2021-03-18T10:54:50+00:00","description":"Rejoignez-nous pour cette visite priv\u00e9e de Pearl Harbor et profitez de la partie historique d'Oahu. Une exp\u00e9rience priv\u00e9e vraiment incroyable.","breadcrumb":{"@id":"https:\/\/tourtravelandmore.com\/fr\/tours\/etats-unis-fr\/hawaii-fr\/oahu-fr\/visite-privee-de-pearl-harbor\/#breadcrumb"},"inLanguage":"fr-FR","potentialAction":[{"@type":"ReadAction","target":["https:\/\/tourtravelandmore.com\/fr\/tours\/etats-unis-fr\/hawaii-fr\/oahu-fr\/visite-privee-de-pearl-harbor\/"]}]},{"@type":"ImageObject","inLanguage":"fr-FR","@id":"https:\/\/tourtravelandmore.com\/fr\/tours\/etats-unis-fr\/hawaii-fr\/oahu-fr\/visite-privee-de-pearl-harbor\/#primaryimage","url":"https:\/\/tourtravelandmore.com\/wp-content\/uploads\/2020\/11\/Pearl-Harbor-3-scaled.jpg","contentUrl":"https:\/\/tourtravelandmore.com\/wp-content\/uploads\/2020\/11\/Pearl-Harbor-3-scaled.jpg","width":2560,"height":1707},{"@type":"BreadcrumbList","@id":"https:\/\/tourtravelandmore.com\/fr\/tours\/etats-unis-fr\/hawaii-fr\/oahu-fr\/visite-privee-de-pearl-harbor\/#breadcrumb","itemListElement":[{"@type":"ListItem","position":1,"name":"Home","item":"https:\/\/tourtravelandmore.com\/fr\/"},{"@type":"ListItem","position":2,"name":"Tours","item":"https:\/\/tourtravelandmore.com\/fr\/tours\/"},{"@type":"ListItem","position":3,"name":"Visite priv\u00e9e de Pearl Harbor"}]},{"@type":"WebSite","@id":"https:\/\/tourtravelandmore.com\/fr\/#website","url":"https:\/\/tourtravelandmore.com\/fr\/","name":"Tour Travel And More","description":"Private sightseeing tours and luxury transfers in Spain","publisher":{"@id":"https:\/\/tourtravelandmore.com\/fr\/#organization"},"potentialAction":[{"@type":"SearchAction","target":{"@type":"EntryPoint","urlTemplate":"https:\/\/tourtravelandmore.com\/fr\/?s={search_term_string}"},"query-input":{"@type":"PropertyValueSpecification","valueRequired":true,"valueName":"search_term_string"}}],"inLanguage":"fr-FR"},{"@type":"Organization","@id":"https:\/\/tourtravelandmore.com\/fr\/#organization","name":"Tour Travel And More","url":"https:\/\/tourtravelandmore.com\/fr\/","logo":{"@type":"ImageObject","inLanguage":"fr-FR","@id":"https:\/\/tourtravelandmore.com\/fr\/#\/schema\/logo\/image\/","url":"https:\/\/tourtravelandmore.com\/wp-content\/uploads\/2022\/12\/cropped-logo-cabecera-new.png","contentUrl":"https:\/\/tourtravelandmore.com\/wp-content\/uploads\/2022\/12\/cropped-logo-cabecera-new.png","width":430,"height":61,"caption":"Tour Travel And More"},"image":{"@id":"https:\/\/tourtravelandmore.com\/fr\/#\/schema\/logo\/image\/"},"sameAs":["https:\/\/www.facebook.com\/tourtravelandmore\/","https:\/\/x.com\/TourTravel_More"]}]}},"_links":{"self":[{"href":"https:\/\/tourtravelandmore.com\/fr\/wp-json\/wp\/v2\/product\/104146","targetHints":{"allow":["GET"]}}],"collection":[{"href":"https:\/\/tourtravelandmore.com\/fr\/wp-json\/wp\/v2\/product"}],"about":[{"href":"https:\/\/tourtravelandmore.com\/fr\/wp-json\/wp\/v2\/types\/product"}],"replies":[{"embeddable":true,"href":"https:\/\/tourtravelandmore.com\/fr\/wp-json\/wp\/v2\/comments?post=104146"}],"wp:featuredmedia":[{"embeddable":true,"href":"https:\/\/tourtravelandmore.com\/fr\/wp-json\/wp\/v2\/media\/85904"}],"wp:attachment":[{"href":"https:\/\/tourtravelandmore.com\/fr\/wp-json\/wp\/v2\/media?parent=104146"}],"wp:term":[{"taxonomy":"product_brand","embeddable":true,"href":"https:\/\/tourtravelandmore.com\/fr\/wp-json\/wp\/v2\/product_brand?post=104146"},{"taxonomy":"product_cat","embeddable":true,"href":"https:\/\/tourtravelandmore.com\/fr\/wp-json\/wp\/v2\/product_cat?post=104146"},{"taxonomy":"product_tag","embeddable":true,"href":"https:\/\/tourtravelandmore.com\/fr\/wp-json\/wp\/v2\/product_tag?post=104146"}],"curies":[{"name":"wp","href":"https:\/\/api.w.org\/{rel}","templated":true}]}}