{"id":104140,"date":"2020-11-03T11:28:12","date_gmt":"2020-11-03T10:28:12","guid":{"rendered":"https:\/\/tourtravelandmore.com\/tours\/non%20class\u00e9\/visite-privee-de-lile-doahu\/"},"modified":"2021-03-18T11:53:37","modified_gmt":"2021-03-18T10:53:37","slug":"visite-privee-de-lile-doahu","status":"publish","type":"product","link":"https:\/\/tourtravelandmore.com\/fr\/tours\/etats-unis-fr\/hawaii-fr\/oahu-fr\/visite-privee-de-lile-doahu\/","title":{"rendered":"Visite priv\u00e9e de l&#8217;\u00eele d&#8217;Oahu"},"content":{"rendered":"<h2>Description<\/h2>\n<p>Notre visite priv\u00e9e de l&#8217;\u00eele d&#8217;Oahu est parfaite non seulement pour les nouveaux arrivants, mais aussi pour tous ceux qui viennent visiter l&#8217;\u00eele d&#8217;Hawa\u00ef.<\/p>\n<p>Tout d&#8217;abord, nous organiserons une prise en charge confortable pour vous depuis votre lieu de choix sur l&#8217;\u00eele. Nous aurions besoin de savoir o\u00f9 se trouve votre h\u00f4tel pour organiser l&#8217;itin\u00e9raire et la visite correspondants.<\/p>\n<p>Profitez de cette incroyable exp\u00e9rience d&#8217;Oahu et d\u00e9couvrez tout ce que l&#8217;\u00eele a \u00e0 offrir lors de cette exp\u00e9rience priv\u00e9e d&#8217;une journ\u00e9e compl\u00e8te et de cette visite priv\u00e9e de l&#8217;\u00eele d&#8217;Oahu. C&#8217;est l&#8217;une des meilleures visites d&#8217;Oahu et vous donnera les meilleures vues de l&#8217;\u00eele.<\/p>\n<p>Oahu est une \u00eele unique qui a vraiment beaucoup \u00e0 offrir! Notre chauffeur vous emm\u00e8nera vers tous les sites les plus importants pour vous!<\/p>\n<h2>Sites d&#8217;int\u00e9r\u00eat et monuments<\/h2>\n<p>Tout d&#8217;abord, nous organiserons une prise en charge confortable depuis votre h\u00f4tel ou lieu de votre choix \u00e0 Oahu. Oahu est l&#8217;une des plus belles \u00eeles d&#8217;Hawa\u00ef.<\/p>\n<p>Apr\u00e8s cela, nous commencerons cette visite priv\u00e9e de l&#8217;\u00eele d&#8217;Oahu et d\u00e9couvrirons les lieux les plus importants.<\/p>\n<p>Voici une br\u00e8ve liste d&#8217;exemples de ce que vous appr\u00e9cierez. L&#8217;itin\u00e9raire exact d\u00e9pendra de l&#8217;endroit o\u00f9 se trouve votre lieu de prise en charge et des heures d&#8217;ouverture des zones!<\/p>\n<ul>\n<li>Estates de Kahala. Belles propri\u00e9t\u00e9s immobili\u00e8res et en bord de mer \u00e0 Hawa\u00ef.<\/li>\n<li>T\u00eate de diamant. L&#8217;une des s\u00e9ries volcaniques d&#8217;Honolulu form\u00e9es.<\/li>\n<li>Chapeau de chinois.<\/li>\n<li>Temple mormon de Laie Hawaii.<\/li>\n<li>Plages de surf de la c\u00f4te nord. Sites de surf incroyables dans le monde!<\/li>\n<li>Autres sites que nous essaierons d&#8217;ajouter \u00e0 l&#8217;itin\u00e9raire:<\/li>\n<li>Belv\u00e9d\u00e8re de la baie d&#8217;Hanauma<\/li>\n<li>Ville de Waimanalo<\/li>\n<li>Belv\u00e9d\u00e8re de Nuuanu Pali<\/li>\n<li>Temple Byodo-In<\/li>\n<li>Ranch de Kualoa<\/li>\n<li>Plantation de Dole<\/li>\n<\/ul>\n<p>Enfin, nous terminerons cette visite \u00e0 l&#8217;endroit de votre choix \u00e0 Oahu. Notre visite priv\u00e9e est une exp\u00e9rience parfaite pour conna\u00eetre le meilleur de l&#8217;\u00eele.<\/p>\n<p>D\u00e9couvrez tous nos autres circuits hawa\u00efens!<\/p>\n","protected":false},"excerpt":{"rendered":"<p>Rejoignez-nous pour cette visite priv\u00e9e de l&#8217;\u00eele d&#8217;Oahu et profitez du meilleur de l&#8217;\u00eele d&#8217;Oahu \u00e0 Hawa\u00ef. Une exp\u00e9rience priv\u00e9e vraiment incroyable.<\/p>\n","protected":false},"featured_media":85885,"comment_status":"open","ping_status":"closed","template":"","meta":{"_acf_changed":false},"product_brand":[],"product_cat":[3547,3799,3831],"product_tag":[],"class_list":{"0":"post-104140","1":"product","2":"type-product","3":"status-publish","4":"has-post-thumbnail","6":"product_cat-etats-unis-fr","7":"product_cat-hawaii-fr","8":"product_cat-oahu-fr","10":"first","11":"instock","12":"shipping-taxable","13":"purchasable","14":"product-type-simple"},"acf":[],"yoast_head":"<!-- This site is optimized with the Yoast SEO Premium plugin v25.3.1 (Yoast SEO v25.3.1) - https:\/\/yoast.com\/wordpress\/plugins\/seo\/ -->\n<title>Visite priv\u00e9e de l&#039;\u00eele d&#039;Oahu avec un v\u00e9hicule priv\u00e9 et un guide priv\u00e9<\/title>\n<meta name=\"description\" content=\"Rejoignez-nous lors de cette visite priv\u00e9e de l&#039;\u00eele d&#039;Oahu et profitez du meilleur de la r\u00e9gion d&#039;Oahu. Une exp\u00e9rience priv\u00e9e vraiment incroyable.\" \/>\n<meta name=\"robots\" content=\"index, follow, max-snippet:-1, max-image-preview:large, max-video-preview:-1\" \/>\n<link rel=\"canonical\" href=\"https:\/\/tourtravelandmore.com\/fr\/tours\/etats-unis-fr\/hawaii-fr\/oahu-fr\/visite-privee-de-lile-doahu\/\" \/>\n<meta property=\"og:locale\" content=\"fr_FR\" \/>\n<meta property=\"og:type\" content=\"article\" \/>\n<meta property=\"og:title\" content=\"Visite priv\u00e9e de l&#039;\u00eele d&#039;Oahu\" \/>\n<meta property=\"og:description\" content=\"Rejoignez-nous lors de cette visite priv\u00e9e de l&#039;\u00eele d&#039;Oahu et profitez du meilleur de la r\u00e9gion d&#039;Oahu. Une exp\u00e9rience priv\u00e9e vraiment incroyable.\" \/>\n<meta property=\"og:url\" content=\"https:\/\/tourtravelandmore.com\/fr\/tours\/etats-unis-fr\/hawaii-fr\/oahu-fr\/visite-privee-de-lile-doahu\/\" \/>\n<meta property=\"og:site_name\" content=\"Tour Travel And More\" \/>\n<meta property=\"article:publisher\" content=\"https:\/\/www.facebook.com\/tourtravelandmore\/\" \/>\n<meta property=\"article:modified_time\" content=\"2021-03-18T10:53:37+00:00\" \/>\n<meta property=\"og:image\" content=\"https:\/\/tourtravelandmore.com\/wp-content\/uploads\/2020\/11\/oahu-7.jpg\" \/>\n\t<meta property=\"og:image:width\" content=\"1024\" \/>\n\t<meta property=\"og:image:height\" content=\"683\" \/>\n\t<meta property=\"og:image:type\" content=\"image\/jpeg\" \/>\n<meta name=\"twitter:card\" content=\"summary_large_image\" \/>\n<meta name=\"twitter:site\" content=\"@TourTravel_More\" \/>\n<meta name=\"twitter:label1\" content=\"Dur\u00e9e de lecture estim\u00e9e\" \/>\n\t<meta name=\"twitter:data1\" content=\"2 minutes\" \/>\n<script type=\"application\/ld+json\" class=\"yoast-schema-graph\">{\"@context\":\"https:\/\/schema.org\",\"@graph\":[{\"@type\":\"WebPage\",\"@id\":\"https:\/\/tourtravelandmore.com\/fr\/tours\/etats-unis-fr\/hawaii-fr\/oahu-fr\/visite-privee-de-lile-doahu\/\",\"url\":\"https:\/\/tourtravelandmore.com\/fr\/tours\/etats-unis-fr\/hawaii-fr\/oahu-fr\/visite-privee-de-lile-doahu\/\",\"name\":\"Visite priv\u00e9e de l'\u00eele d'Oahu avec un v\u00e9hicule priv\u00e9 et un guide priv\u00e9\",\"isPartOf\":{\"@id\":\"https:\/\/tourtravelandmore.com\/fr\/#website\"},\"primaryImageOfPage\":{\"@id\":\"https:\/\/tourtravelandmore.com\/fr\/tours\/etats-unis-fr\/hawaii-fr\/oahu-fr\/visite-privee-de-lile-doahu\/#primaryimage\"},\"image\":{\"@id\":\"https:\/\/tourtravelandmore.com\/fr\/tours\/etats-unis-fr\/hawaii-fr\/oahu-fr\/visite-privee-de-lile-doahu\/#primaryimage\"},\"thumbnailUrl\":\"https:\/\/tourtravelandmore.com\/wp-content\/uploads\/2020\/11\/oahu-7-scaled.jpg\",\"datePublished\":\"2020-11-03T10:28:12+00:00\",\"dateModified\":\"2021-03-18T10:53:37+00:00\",\"description\":\"Rejoignez-nous lors de cette visite priv\u00e9e de l'\u00eele d'Oahu et profitez du meilleur de la r\u00e9gion d'Oahu. Une exp\u00e9rience priv\u00e9e vraiment incroyable.\",\"breadcrumb\":{\"@id\":\"https:\/\/tourtravelandmore.com\/fr\/tours\/etats-unis-fr\/hawaii-fr\/oahu-fr\/visite-privee-de-lile-doahu\/#breadcrumb\"},\"inLanguage\":\"fr-FR\",\"potentialAction\":[{\"@type\":\"ReadAction\",\"target\":[\"https:\/\/tourtravelandmore.com\/fr\/tours\/etats-unis-fr\/hawaii-fr\/oahu-fr\/visite-privee-de-lile-doahu\/\"]}]},{\"@type\":\"ImageObject\",\"inLanguage\":\"fr-FR\",\"@id\":\"https:\/\/tourtravelandmore.com\/fr\/tours\/etats-unis-fr\/hawaii-fr\/oahu-fr\/visite-privee-de-lile-doahu\/#primaryimage\",\"url\":\"https:\/\/tourtravelandmore.com\/wp-content\/uploads\/2020\/11\/oahu-7-scaled.jpg\",\"contentUrl\":\"https:\/\/tourtravelandmore.com\/wp-content\/uploads\/2020\/11\/oahu-7-scaled.jpg\",\"width\":8239,\"height\":5493},{\"@type\":\"BreadcrumbList\",\"@id\":\"https:\/\/tourtravelandmore.com\/fr\/tours\/etats-unis-fr\/hawaii-fr\/oahu-fr\/visite-privee-de-lile-doahu\/#breadcrumb\",\"itemListElement\":[{\"@type\":\"ListItem\",\"position\":1,\"name\":\"Home\",\"item\":\"https:\/\/tourtravelandmore.com\/fr\/\"},{\"@type\":\"ListItem\",\"position\":2,\"name\":\"Tours\",\"item\":\"https:\/\/tourtravelandmore.com\/fr\/tours\/\"},{\"@type\":\"ListItem\",\"position\":3,\"name\":\"Visite priv\u00e9e de l&rsquo;\u00eele d&rsquo;Oahu\"}]},{\"@type\":\"WebSite\",\"@id\":\"https:\/\/tourtravelandmore.com\/fr\/#website\",\"url\":\"https:\/\/tourtravelandmore.com\/fr\/\",\"name\":\"Tour Travel And More\",\"description\":\"Private sightseeing tours and luxury transfers in Spain\",\"publisher\":{\"@id\":\"https:\/\/tourtravelandmore.com\/fr\/#organization\"},\"potentialAction\":[{\"@type\":\"SearchAction\",\"target\":{\"@type\":\"EntryPoint\",\"urlTemplate\":\"https:\/\/tourtravelandmore.com\/fr\/?s={search_term_string}\"},\"query-input\":{\"@type\":\"PropertyValueSpecification\",\"valueRequired\":true,\"valueName\":\"search_term_string\"}}],\"inLanguage\":\"fr-FR\"},{\"@type\":\"Organization\",\"@id\":\"https:\/\/tourtravelandmore.com\/fr\/#organization\",\"name\":\"Tour Travel And More\",\"url\":\"https:\/\/tourtravelandmore.com\/fr\/\",\"logo\":{\"@type\":\"ImageObject\",\"inLanguage\":\"fr-FR\",\"@id\":\"https:\/\/tourtravelandmore.com\/fr\/#\/schema\/logo\/image\/\",\"url\":\"https:\/\/tourtravelandmore.com\/wp-content\/uploads\/2022\/12\/cropped-logo-cabecera-new.png\",\"contentUrl\":\"https:\/\/tourtravelandmore.com\/wp-content\/uploads\/2022\/12\/cropped-logo-cabecera-new.png\",\"width\":430,\"height\":61,\"caption\":\"Tour Travel And More\"},\"image\":{\"@id\":\"https:\/\/tourtravelandmore.com\/fr\/#\/schema\/logo\/image\/\"},\"sameAs\":[\"https:\/\/www.facebook.com\/tourtravelandmore\/\",\"https:\/\/x.com\/TourTravel_More\"]}]}<\/script>\n<!-- \/ Yoast SEO Premium plugin. -->","yoast_head_json":{"title":"Visite priv\u00e9e de l'\u00eele d'Oahu avec un v\u00e9hicule priv\u00e9 et un guide priv\u00e9","description":"Rejoignez-nous lors de cette visite priv\u00e9e de l'\u00eele d'Oahu et profitez du meilleur de la r\u00e9gion d'Oahu. Une exp\u00e9rience priv\u00e9e vraiment incroyable.","robots":{"index":"index","follow":"follow","max-snippet":"max-snippet:-1","max-image-preview":"max-image-preview:large","max-video-preview":"max-video-preview:-1"},"canonical":"https:\/\/tourtravelandmore.com\/fr\/tours\/etats-unis-fr\/hawaii-fr\/oahu-fr\/visite-privee-de-lile-doahu\/","og_locale":"fr_FR","og_type":"article","og_title":"Visite priv\u00e9e de l'\u00eele d'Oahu","og_description":"Rejoignez-nous lors de cette visite priv\u00e9e de l'\u00eele d'Oahu et profitez du meilleur de la r\u00e9gion d'Oahu. Une exp\u00e9rience priv\u00e9e vraiment incroyable.","og_url":"https:\/\/tourtravelandmore.com\/fr\/tours\/etats-unis-fr\/hawaii-fr\/oahu-fr\/visite-privee-de-lile-doahu\/","og_site_name":"Tour Travel And More","article_publisher":"https:\/\/www.facebook.com\/tourtravelandmore\/","article_modified_time":"2021-03-18T10:53:37+00:00","og_image":[{"url":"https:\/\/tourtravelandmore.com\/wp-content\/uploads\/2020\/11\/oahu-7.jpg","width":1024,"height":683,"type":"image\/jpeg"}],"twitter_card":"summary_large_image","twitter_site":"@TourTravel_More","twitter_misc":{"Dur\u00e9e de lecture estim\u00e9e":"2 minutes"},"schema":{"@context":"https:\/\/schema.org","@graph":[{"@type":"WebPage","@id":"https:\/\/tourtravelandmore.com\/fr\/tours\/etats-unis-fr\/hawaii-fr\/oahu-fr\/visite-privee-de-lile-doahu\/","url":"https:\/\/tourtravelandmore.com\/fr\/tours\/etats-unis-fr\/hawaii-fr\/oahu-fr\/visite-privee-de-lile-doahu\/","name":"Visite priv\u00e9e de l'\u00eele d'Oahu avec un v\u00e9hicule priv\u00e9 et un guide priv\u00e9","isPartOf":{"@id":"https:\/\/tourtravelandmore.com\/fr\/#website"},"primaryImageOfPage":{"@id":"https:\/\/tourtravelandmore.com\/fr\/tours\/etats-unis-fr\/hawaii-fr\/oahu-fr\/visite-privee-de-lile-doahu\/#primaryimage"},"image":{"@id":"https:\/\/tourtravelandmore.com\/fr\/tours\/etats-unis-fr\/hawaii-fr\/oahu-fr\/visite-privee-de-lile-doahu\/#primaryimage"},"thumbnailUrl":"https:\/\/tourtravelandmore.com\/wp-content\/uploads\/2020\/11\/oahu-7-scaled.jpg","datePublished":"2020-11-03T10:28:12+00:00","dateModified":"2021-03-18T10:53:37+00:00","description":"Rejoignez-nous lors de cette visite priv\u00e9e de l'\u00eele d'Oahu et profitez du meilleur de la r\u00e9gion d'Oahu. Une exp\u00e9rience priv\u00e9e vraiment incroyable.","breadcrumb":{"@id":"https:\/\/tourtravelandmore.com\/fr\/tours\/etats-unis-fr\/hawaii-fr\/oahu-fr\/visite-privee-de-lile-doahu\/#breadcrumb"},"inLanguage":"fr-FR","potentialAction":[{"@type":"ReadAction","target":["https:\/\/tourtravelandmore.com\/fr\/tours\/etats-unis-fr\/hawaii-fr\/oahu-fr\/visite-privee-de-lile-doahu\/"]}]},{"@type":"ImageObject","inLanguage":"fr-FR","@id":"https:\/\/tourtravelandmore.com\/fr\/tours\/etats-unis-fr\/hawaii-fr\/oahu-fr\/visite-privee-de-lile-doahu\/#primaryimage","url":"https:\/\/tourtravelandmore.com\/wp-content\/uploads\/2020\/11\/oahu-7-scaled.jpg","contentUrl":"https:\/\/tourtravelandmore.com\/wp-content\/uploads\/2020\/11\/oahu-7-scaled.jpg","width":8239,"height":5493},{"@type":"BreadcrumbList","@id":"https:\/\/tourtravelandmore.com\/fr\/tours\/etats-unis-fr\/hawaii-fr\/oahu-fr\/visite-privee-de-lile-doahu\/#breadcrumb","itemListElement":[{"@type":"ListItem","position":1,"name":"Home","item":"https:\/\/tourtravelandmore.com\/fr\/"},{"@type":"ListItem","position":2,"name":"Tours","item":"https:\/\/tourtravelandmore.com\/fr\/tours\/"},{"@type":"ListItem","position":3,"name":"Visite priv\u00e9e de l&rsquo;\u00eele d&rsquo;Oahu"}]},{"@type":"WebSite","@id":"https:\/\/tourtravelandmore.com\/fr\/#website","url":"https:\/\/tourtravelandmore.com\/fr\/","name":"Tour Travel And More","description":"Private sightseeing tours and luxury transfers in Spain","publisher":{"@id":"https:\/\/tourtravelandmore.com\/fr\/#organization"},"potentialAction":[{"@type":"SearchAction","target":{"@type":"EntryPoint","urlTemplate":"https:\/\/tourtravelandmore.com\/fr\/?s={search_term_string}"},"query-input":{"@type":"PropertyValueSpecification","valueRequired":true,"valueName":"search_term_string"}}],"inLanguage":"fr-FR"},{"@type":"Organization","@id":"https:\/\/tourtravelandmore.com\/fr\/#organization","name":"Tour Travel And More","url":"https:\/\/tourtravelandmore.com\/fr\/","logo":{"@type":"ImageObject","inLanguage":"fr-FR","@id":"https:\/\/tourtravelandmore.com\/fr\/#\/schema\/logo\/image\/","url":"https:\/\/tourtravelandmore.com\/wp-content\/uploads\/2022\/12\/cropped-logo-cabecera-new.png","contentUrl":"https:\/\/tourtravelandmore.com\/wp-content\/uploads\/2022\/12\/cropped-logo-cabecera-new.png","width":430,"height":61,"caption":"Tour Travel And More"},"image":{"@id":"https:\/\/tourtravelandmore.com\/fr\/#\/schema\/logo\/image\/"},"sameAs":["https:\/\/www.facebook.com\/tourtravelandmore\/","https:\/\/x.com\/TourTravel_More"]}]}},"_links":{"self":[{"href":"https:\/\/tourtravelandmore.com\/fr\/wp-json\/wp\/v2\/product\/104140","targetHints":{"allow":["GET"]}}],"collection":[{"href":"https:\/\/tourtravelandmore.com\/fr\/wp-json\/wp\/v2\/product"}],"about":[{"href":"https:\/\/tourtravelandmore.com\/fr\/wp-json\/wp\/v2\/types\/product"}],"replies":[{"embeddable":true,"href":"https:\/\/tourtravelandmore.com\/fr\/wp-json\/wp\/v2\/comments?post=104140"}],"wp:featuredmedia":[{"embeddable":true,"href":"https:\/\/tourtravelandmore.com\/fr\/wp-json\/wp\/v2\/media\/85885"}],"wp:attachment":[{"href":"https:\/\/tourtravelandmore.com\/fr\/wp-json\/wp\/v2\/media?parent=104140"}],"wp:term":[{"taxonomy":"product_brand","embeddable":true,"href":"https:\/\/tourtravelandmore.com\/fr\/wp-json\/wp\/v2\/product_brand?post=104140"},{"taxonomy":"product_cat","embeddable":true,"href":"https:\/\/tourtravelandmore.com\/fr\/wp-json\/wp\/v2\/product_cat?post=104140"},{"taxonomy":"product_tag","embeddable":true,"href":"https:\/\/tourtravelandmore.com\/fr\/wp-json\/wp\/v2\/product_tag?post=104140"}],"curies":[{"name":"wp","href":"https:\/\/api.w.org\/{rel}","templated":true}]}}