{"id":104132,"date":"2020-11-06T10:43:14","date_gmt":"2020-11-06T09:43:14","guid":{"rendered":"https:\/\/tourtravelandmore.com\/tours\/non%20class\u00e9\/visite-privee-de-lile-de-kauai\/"},"modified":"2021-03-18T11:44:11","modified_gmt":"2021-03-18T10:44:11","slug":"visite-privee-de-lile-de-kauai","status":"publish","type":"product","link":"https:\/\/tourtravelandmore.com\/fr\/tours\/etats-unis-fr\/hawaii-fr\/kauai-fr\/visite-privee-de-lile-de-kauai\/","title":{"rendered":"Visite priv\u00e9e de l&#8217;\u00eele de Kauai"},"content":{"rendered":"<h2>Description<\/h2>\n<p>Cette visite priv\u00e9e de l&#8217;\u00eele de Kauai vous offrira une exp\u00e9rience formidable dans toute l&#8217;\u00eele. Ce sera un tour complet de l&#8217;\u00eele en cercle!<\/p>\n<p>Laissez notre \u00e9quipe d&#8217;experts vous emmener dans cette exp\u00e9rience unique et cette option d&#8217;une journ\u00e9e compl\u00e8te.<\/p>\n<p>Nous organiserons une prise en charge confortable et vous emm\u00e8nerons \u00e0 cette exp\u00e9rience formidable. Profitez de sites incroyables qui comprendront \u00e9galement la plage de Kalapaki et les c\u00e9l\u00e8bres chutes de Wailua. Ce sont l&#8217;une des chutes d&#8217;eau les plus spectaculaires de l&#8217;\u00eele. Ils sont situ\u00e9s \u00e0 plusieurs kilom\u00e8tres de l&#8217;autoroute.<\/p>\n<p>Profitez du meilleur de cette \u00eele avec cette visite de l&#8217;\u00eele de Circula.<\/p>\n<h2>Sites d&#8217;int\u00e9r\u00eat et monuments<\/h2>\n<p>Cette visite priv\u00e9e de l&#8217;\u00eele de Kauai vous donnera une excellente id\u00e9e de ce que l&#8217;\u00eele de Kauai a \u00e0 offrir.<\/p>\n<p>Nos experts en voyages sont l\u00e0 pour rendre votre exp\u00e9rience unique. Votre guide viendra vous chercher \u00e0 votre h\u00f4tel ou lieu de votre choix sur l&#8217;\u00eele. Nous nous dirigerons ensuite vers les meilleures parties de cette \u00eele.<\/p>\n<p>D\u00e9couvrez ce que nous avons \u00e0 offrir lors de cette visite priv\u00e9e:<\/p>\n<ul>\n<li>Hanalei.<\/li>\n<li>Phare de Daniel K Inouye Kilauea Point<\/li>\n<li>\u00c9glise Waioli Huiia et maison de la mission<\/li>\n<li>Jardin de Limahuli<\/li>\n<li>Rivi\u00e8re Wailua<\/li>\n<li>Wailua Falls<\/li>\n<li>C\u00f4te royale de la noix de coco<\/li>\n<li>Parc de la plage de Lydgate<\/li>\n<li>Ville de Kapaa<\/li>\n<li>Chutes d&#8217;Opaikaa<\/li>\n<li>Ville de Lihue<\/li>\n<li>Port de Nawliwili<\/li>\n<li>Rivi\u00e8re Huleia<\/li>\n<li>Route Maluhia<\/li>\n<li>Ville de Koloa<\/li>\n<li>Poipu<\/li>\n<li>Belv\u00e9d\u00e8re de la vall\u00e9e de Kalalau<\/li>\n<li>Ville de Hanapepe<\/li>\n<li>Beaucoup plus<\/li>\n<\/ul>\n<p>Cette visite priv\u00e9e se terminera \u00e0 l&#8217;endroit de votre choix sur l&#8217;\u00eele. Cette visite vous offrira une exp\u00e9rience unique. Apprenez \u00e0 conna\u00eetre les meilleures parties de l&#8217;\u00eele. Ce sera une exp\u00e9rience d&#8217;une journ\u00e9e compl\u00e8te.<\/p>\n<p>Ne manquez pas nos autres visites priv\u00e9es. Nous avons de nombreuses visites priv\u00e9es \u00e0 travers le monde. Nous avons des visites priv\u00e9es sur l&#8217;une des \u00eeles d&#8217;Hawa\u00ef. Chez Tour Travel &amp; More, nous pouvons vous proposer tout type d&#8217;exp\u00e9rience. D\u00e9couvrez les visites priv\u00e9es \u00e0 Hawa\u00ef.<\/p>\n","protected":false},"excerpt":{"rendered":"<p>Profitez de notre exp\u00e9rience unique d&#8217;une journ\u00e9e compl\u00e8te et rejoignez-nous lors de cette visite priv\u00e9e de l&#8217;\u00eele de Kauai et obtenez la chance de profiter de cette meilleure partie de Kauai.<\/p>\n","protected":false},"featured_media":86257,"comment_status":"open","ping_status":"closed","template":"","meta":{"_acf_changed":false},"product_brand":[],"product_cat":[3547,3799,3802],"product_tag":[],"class_list":{"0":"post-104132","1":"product","2":"type-product","3":"status-publish","4":"has-post-thumbnail","6":"product_cat-etats-unis-fr","7":"product_cat-hawaii-fr","8":"product_cat-kauai-fr","10":"first","11":"instock","12":"shipping-taxable","13":"purchasable","14":"product-type-simple"},"acf":[],"yoast_head":"<!-- This site is optimized with the Yoast SEO Premium plugin v25.3.1 (Yoast SEO v25.3.1) - https:\/\/yoast.com\/wordpress\/plugins\/seo\/ -->\n<title>Visite priv\u00e9e de l&#039;\u00eele de Kauai avec un v\u00e9hicule priv\u00e9 et un guide<\/title>\n<meta name=\"description\" content=\"Rejoignez-nous lors de cette visite priv\u00e9e de l&#039;\u00eele de Kauai et profitez de cette meilleure partie de Kauai. Une exp\u00e9rience priv\u00e9e vraiment incroyable.\" \/>\n<meta name=\"robots\" content=\"index, follow, max-snippet:-1, max-image-preview:large, max-video-preview:-1\" \/>\n<link rel=\"canonical\" href=\"https:\/\/tourtravelandmore.com\/fr\/tours\/etats-unis-fr\/hawaii-fr\/kauai-fr\/visite-privee-de-lile-de-kauai\/\" \/>\n<meta property=\"og:locale\" content=\"fr_FR\" \/>\n<meta property=\"og:type\" content=\"article\" \/>\n<meta property=\"og:title\" content=\"Visite priv\u00e9e de l&#039;\u00eele de Kauai\" \/>\n<meta property=\"og:description\" content=\"Rejoignez-nous lors de cette visite priv\u00e9e de l&#039;\u00eele de Kauai et profitez de cette meilleure partie de Kauai. Une exp\u00e9rience priv\u00e9e vraiment incroyable.\" \/>\n<meta property=\"og:url\" content=\"https:\/\/tourtravelandmore.com\/fr\/tours\/etats-unis-fr\/hawaii-fr\/kauai-fr\/visite-privee-de-lile-de-kauai\/\" \/>\n<meta property=\"og:site_name\" content=\"Tour Travel And More\" \/>\n<meta property=\"article:publisher\" content=\"https:\/\/www.facebook.com\/tourtravelandmore\/\" \/>\n<meta property=\"article:modified_time\" content=\"2021-03-18T10:44:11+00:00\" \/>\n<meta property=\"og:image\" content=\"https:\/\/tourtravelandmore.com\/wp-content\/uploads\/2020\/11\/Kauai-8-scaled.jpg\" \/>\n\t<meta property=\"og:image:width\" content=\"2560\" \/>\n\t<meta property=\"og:image:height\" content=\"1707\" \/>\n\t<meta property=\"og:image:type\" content=\"image\/jpeg\" \/>\n<meta name=\"twitter:card\" content=\"summary_large_image\" \/>\n<meta name=\"twitter:site\" content=\"@TourTravel_More\" \/>\n<meta name=\"twitter:label1\" content=\"Dur\u00e9e de lecture estim\u00e9e\" \/>\n\t<meta name=\"twitter:data1\" content=\"2 minutes\" \/>\n<script type=\"application\/ld+json\" class=\"yoast-schema-graph\">{\"@context\":\"https:\/\/schema.org\",\"@graph\":[{\"@type\":\"WebPage\",\"@id\":\"https:\/\/tourtravelandmore.com\/fr\/tours\/etats-unis-fr\/hawaii-fr\/kauai-fr\/visite-privee-de-lile-de-kauai\/\",\"url\":\"https:\/\/tourtravelandmore.com\/fr\/tours\/etats-unis-fr\/hawaii-fr\/kauai-fr\/visite-privee-de-lile-de-kauai\/\",\"name\":\"Visite priv\u00e9e de l'\u00eele de Kauai avec un v\u00e9hicule priv\u00e9 et un guide\",\"isPartOf\":{\"@id\":\"https:\/\/tourtravelandmore.com\/fr\/#website\"},\"primaryImageOfPage\":{\"@id\":\"https:\/\/tourtravelandmore.com\/fr\/tours\/etats-unis-fr\/hawaii-fr\/kauai-fr\/visite-privee-de-lile-de-kauai\/#primaryimage\"},\"image\":{\"@id\":\"https:\/\/tourtravelandmore.com\/fr\/tours\/etats-unis-fr\/hawaii-fr\/kauai-fr\/visite-privee-de-lile-de-kauai\/#primaryimage\"},\"thumbnailUrl\":\"https:\/\/tourtravelandmore.com\/wp-content\/uploads\/2020\/11\/Kauai-8-scaled.jpg\",\"datePublished\":\"2020-11-06T09:43:14+00:00\",\"dateModified\":\"2021-03-18T10:44:11+00:00\",\"description\":\"Rejoignez-nous lors de cette visite priv\u00e9e de l'\u00eele de Kauai et profitez de cette meilleure partie de Kauai. Une exp\u00e9rience priv\u00e9e vraiment incroyable.\",\"breadcrumb\":{\"@id\":\"https:\/\/tourtravelandmore.com\/fr\/tours\/etats-unis-fr\/hawaii-fr\/kauai-fr\/visite-privee-de-lile-de-kauai\/#breadcrumb\"},\"inLanguage\":\"fr-FR\",\"potentialAction\":[{\"@type\":\"ReadAction\",\"target\":[\"https:\/\/tourtravelandmore.com\/fr\/tours\/etats-unis-fr\/hawaii-fr\/kauai-fr\/visite-privee-de-lile-de-kauai\/\"]}]},{\"@type\":\"ImageObject\",\"inLanguage\":\"fr-FR\",\"@id\":\"https:\/\/tourtravelandmore.com\/fr\/tours\/etats-unis-fr\/hawaii-fr\/kauai-fr\/visite-privee-de-lile-de-kauai\/#primaryimage\",\"url\":\"https:\/\/tourtravelandmore.com\/wp-content\/uploads\/2020\/11\/Kauai-8-scaled.jpg\",\"contentUrl\":\"https:\/\/tourtravelandmore.com\/wp-content\/uploads\/2020\/11\/Kauai-8-scaled.jpg\",\"width\":2560,\"height\":1707},{\"@type\":\"BreadcrumbList\",\"@id\":\"https:\/\/tourtravelandmore.com\/fr\/tours\/etats-unis-fr\/hawaii-fr\/kauai-fr\/visite-privee-de-lile-de-kauai\/#breadcrumb\",\"itemListElement\":[{\"@type\":\"ListItem\",\"position\":1,\"name\":\"Home\",\"item\":\"https:\/\/tourtravelandmore.com\/fr\/\"},{\"@type\":\"ListItem\",\"position\":2,\"name\":\"Tours\",\"item\":\"https:\/\/tourtravelandmore.com\/fr\/tours\/\"},{\"@type\":\"ListItem\",\"position\":3,\"name\":\"Visite priv\u00e9e de l&rsquo;\u00eele de Kauai\"}]},{\"@type\":\"WebSite\",\"@id\":\"https:\/\/tourtravelandmore.com\/fr\/#website\",\"url\":\"https:\/\/tourtravelandmore.com\/fr\/\",\"name\":\"Tour Travel And More\",\"description\":\"Private sightseeing tours and luxury transfers in Spain\",\"publisher\":{\"@id\":\"https:\/\/tourtravelandmore.com\/fr\/#organization\"},\"potentialAction\":[{\"@type\":\"SearchAction\",\"target\":{\"@type\":\"EntryPoint\",\"urlTemplate\":\"https:\/\/tourtravelandmore.com\/fr\/?s={search_term_string}\"},\"query-input\":{\"@type\":\"PropertyValueSpecification\",\"valueRequired\":true,\"valueName\":\"search_term_string\"}}],\"inLanguage\":\"fr-FR\"},{\"@type\":\"Organization\",\"@id\":\"https:\/\/tourtravelandmore.com\/fr\/#organization\",\"name\":\"Tour Travel And More\",\"url\":\"https:\/\/tourtravelandmore.com\/fr\/\",\"logo\":{\"@type\":\"ImageObject\",\"inLanguage\":\"fr-FR\",\"@id\":\"https:\/\/tourtravelandmore.com\/fr\/#\/schema\/logo\/image\/\",\"url\":\"https:\/\/tourtravelandmore.com\/wp-content\/uploads\/2022\/12\/cropped-logo-cabecera-new.png\",\"contentUrl\":\"https:\/\/tourtravelandmore.com\/wp-content\/uploads\/2022\/12\/cropped-logo-cabecera-new.png\",\"width\":430,\"height\":61,\"caption\":\"Tour Travel And More\"},\"image\":{\"@id\":\"https:\/\/tourtravelandmore.com\/fr\/#\/schema\/logo\/image\/\"},\"sameAs\":[\"https:\/\/www.facebook.com\/tourtravelandmore\/\",\"https:\/\/x.com\/TourTravel_More\"]}]}<\/script>\n<!-- \/ Yoast SEO Premium plugin. -->","yoast_head_json":{"title":"Visite priv\u00e9e de l'\u00eele de Kauai avec un v\u00e9hicule priv\u00e9 et un guide","description":"Rejoignez-nous lors de cette visite priv\u00e9e de l'\u00eele de Kauai et profitez de cette meilleure partie de Kauai. Une exp\u00e9rience priv\u00e9e vraiment incroyable.","robots":{"index":"index","follow":"follow","max-snippet":"max-snippet:-1","max-image-preview":"max-image-preview:large","max-video-preview":"max-video-preview:-1"},"canonical":"https:\/\/tourtravelandmore.com\/fr\/tours\/etats-unis-fr\/hawaii-fr\/kauai-fr\/visite-privee-de-lile-de-kauai\/","og_locale":"fr_FR","og_type":"article","og_title":"Visite priv\u00e9e de l'\u00eele de Kauai","og_description":"Rejoignez-nous lors de cette visite priv\u00e9e de l'\u00eele de Kauai et profitez de cette meilleure partie de Kauai. Une exp\u00e9rience priv\u00e9e vraiment incroyable.","og_url":"https:\/\/tourtravelandmore.com\/fr\/tours\/etats-unis-fr\/hawaii-fr\/kauai-fr\/visite-privee-de-lile-de-kauai\/","og_site_name":"Tour Travel And More","article_publisher":"https:\/\/www.facebook.com\/tourtravelandmore\/","article_modified_time":"2021-03-18T10:44:11+00:00","og_image":[{"width":2560,"height":1707,"url":"https:\/\/tourtravelandmore.com\/wp-content\/uploads\/2020\/11\/Kauai-8-scaled.jpg","type":"image\/jpeg"}],"twitter_card":"summary_large_image","twitter_site":"@TourTravel_More","twitter_misc":{"Dur\u00e9e de lecture estim\u00e9e":"2 minutes"},"schema":{"@context":"https:\/\/schema.org","@graph":[{"@type":"WebPage","@id":"https:\/\/tourtravelandmore.com\/fr\/tours\/etats-unis-fr\/hawaii-fr\/kauai-fr\/visite-privee-de-lile-de-kauai\/","url":"https:\/\/tourtravelandmore.com\/fr\/tours\/etats-unis-fr\/hawaii-fr\/kauai-fr\/visite-privee-de-lile-de-kauai\/","name":"Visite priv\u00e9e de l'\u00eele de Kauai avec un v\u00e9hicule priv\u00e9 et un guide","isPartOf":{"@id":"https:\/\/tourtravelandmore.com\/fr\/#website"},"primaryImageOfPage":{"@id":"https:\/\/tourtravelandmore.com\/fr\/tours\/etats-unis-fr\/hawaii-fr\/kauai-fr\/visite-privee-de-lile-de-kauai\/#primaryimage"},"image":{"@id":"https:\/\/tourtravelandmore.com\/fr\/tours\/etats-unis-fr\/hawaii-fr\/kauai-fr\/visite-privee-de-lile-de-kauai\/#primaryimage"},"thumbnailUrl":"https:\/\/tourtravelandmore.com\/wp-content\/uploads\/2020\/11\/Kauai-8-scaled.jpg","datePublished":"2020-11-06T09:43:14+00:00","dateModified":"2021-03-18T10:44:11+00:00","description":"Rejoignez-nous lors de cette visite priv\u00e9e de l'\u00eele de Kauai et profitez de cette meilleure partie de Kauai. Une exp\u00e9rience priv\u00e9e vraiment incroyable.","breadcrumb":{"@id":"https:\/\/tourtravelandmore.com\/fr\/tours\/etats-unis-fr\/hawaii-fr\/kauai-fr\/visite-privee-de-lile-de-kauai\/#breadcrumb"},"inLanguage":"fr-FR","potentialAction":[{"@type":"ReadAction","target":["https:\/\/tourtravelandmore.com\/fr\/tours\/etats-unis-fr\/hawaii-fr\/kauai-fr\/visite-privee-de-lile-de-kauai\/"]}]},{"@type":"ImageObject","inLanguage":"fr-FR","@id":"https:\/\/tourtravelandmore.com\/fr\/tours\/etats-unis-fr\/hawaii-fr\/kauai-fr\/visite-privee-de-lile-de-kauai\/#primaryimage","url":"https:\/\/tourtravelandmore.com\/wp-content\/uploads\/2020\/11\/Kauai-8-scaled.jpg","contentUrl":"https:\/\/tourtravelandmore.com\/wp-content\/uploads\/2020\/11\/Kauai-8-scaled.jpg","width":2560,"height":1707},{"@type":"BreadcrumbList","@id":"https:\/\/tourtravelandmore.com\/fr\/tours\/etats-unis-fr\/hawaii-fr\/kauai-fr\/visite-privee-de-lile-de-kauai\/#breadcrumb","itemListElement":[{"@type":"ListItem","position":1,"name":"Home","item":"https:\/\/tourtravelandmore.com\/fr\/"},{"@type":"ListItem","position":2,"name":"Tours","item":"https:\/\/tourtravelandmore.com\/fr\/tours\/"},{"@type":"ListItem","position":3,"name":"Visite priv\u00e9e de l&rsquo;\u00eele de Kauai"}]},{"@type":"WebSite","@id":"https:\/\/tourtravelandmore.com\/fr\/#website","url":"https:\/\/tourtravelandmore.com\/fr\/","name":"Tour Travel And More","description":"Private sightseeing tours and luxury transfers in Spain","publisher":{"@id":"https:\/\/tourtravelandmore.com\/fr\/#organization"},"potentialAction":[{"@type":"SearchAction","target":{"@type":"EntryPoint","urlTemplate":"https:\/\/tourtravelandmore.com\/fr\/?s={search_term_string}"},"query-input":{"@type":"PropertyValueSpecification","valueRequired":true,"valueName":"search_term_string"}}],"inLanguage":"fr-FR"},{"@type":"Organization","@id":"https:\/\/tourtravelandmore.com\/fr\/#organization","name":"Tour Travel And More","url":"https:\/\/tourtravelandmore.com\/fr\/","logo":{"@type":"ImageObject","inLanguage":"fr-FR","@id":"https:\/\/tourtravelandmore.com\/fr\/#\/schema\/logo\/image\/","url":"https:\/\/tourtravelandmore.com\/wp-content\/uploads\/2022\/12\/cropped-logo-cabecera-new.png","contentUrl":"https:\/\/tourtravelandmore.com\/wp-content\/uploads\/2022\/12\/cropped-logo-cabecera-new.png","width":430,"height":61,"caption":"Tour Travel And More"},"image":{"@id":"https:\/\/tourtravelandmore.com\/fr\/#\/schema\/logo\/image\/"},"sameAs":["https:\/\/www.facebook.com\/tourtravelandmore\/","https:\/\/x.com\/TourTravel_More"]}]}},"_links":{"self":[{"href":"https:\/\/tourtravelandmore.com\/fr\/wp-json\/wp\/v2\/product\/104132","targetHints":{"allow":["GET"]}}],"collection":[{"href":"https:\/\/tourtravelandmore.com\/fr\/wp-json\/wp\/v2\/product"}],"about":[{"href":"https:\/\/tourtravelandmore.com\/fr\/wp-json\/wp\/v2\/types\/product"}],"replies":[{"embeddable":true,"href":"https:\/\/tourtravelandmore.com\/fr\/wp-json\/wp\/v2\/comments?post=104132"}],"wp:featuredmedia":[{"embeddable":true,"href":"https:\/\/tourtravelandmore.com\/fr\/wp-json\/wp\/v2\/media\/86257"}],"wp:attachment":[{"href":"https:\/\/tourtravelandmore.com\/fr\/wp-json\/wp\/v2\/media?parent=104132"}],"wp:term":[{"taxonomy":"product_brand","embeddable":true,"href":"https:\/\/tourtravelandmore.com\/fr\/wp-json\/wp\/v2\/product_brand?post=104132"},{"taxonomy":"product_cat","embeddable":true,"href":"https:\/\/tourtravelandmore.com\/fr\/wp-json\/wp\/v2\/product_cat?post=104132"},{"taxonomy":"product_tag","embeddable":true,"href":"https:\/\/tourtravelandmore.com\/fr\/wp-json\/wp\/v2\/product_tag?post=104132"}],"curies":[{"name":"wp","href":"https:\/\/api.w.org\/{rel}","templated":true}]}}