{"id":104126,"date":"2020-11-06T10:19:24","date_gmt":"2020-11-06T09:19:24","guid":{"rendered":"https:\/\/tourtravelandmore.com\/tours\/non%20class\u00e9\/visite-privee-de-la-vallee-de-wailua-et-des-cascades\/"},"modified":"2021-03-18T11:42:18","modified_gmt":"2021-03-18T10:42:18","slug":"visite-privee-de-la-vallee-de-wailua-et-des-cascades","status":"publish","type":"product","link":"https:\/\/tourtravelandmore.com\/fr\/tours\/etats-unis-fr\/hawaii-fr\/kauai-fr\/visite-privee-de-la-vallee-de-wailua-et-des-cascades\/","title":{"rendered":"Visite priv\u00e9e de la vall\u00e9e de Wailua et des cascades"},"content":{"rendered":"<h2>Description<\/h2>\n<p>Cette visite priv\u00e9e de la vall\u00e9e de Wailua et des cascades \u00e0 Kauai est une visite parfaite pour profiter de la rivi\u00e8re Wailua.<\/p>\n<p>La rivi\u00e8re Wailua est l&#8217;un des meilleurs endroits de l&#8217;\u00eele pour pagayer en eau douce. C&#8217;est une exp\u00e9rience formidable \u00e0 vivre avec un guide. Il s&#8217;agit d&#8217;une excursion d&#8217;une journ\u00e9e compl\u00e8te sur l&#8217;\u00eele et des attractions les plus naturelles que l&#8217;\u00eele a \u00e0 offrir. Acc\u00e9dez aux sites incroyables de Waimea Canyon, de la rivi\u00e8re Wailua et bien plus encore!<\/p>\n<p>Nous organiserons une prise en charge priv\u00e9e de votre h\u00f4tel \u00e0 Kauai, nous commencerons ensuite la visite.<\/p>\n<p>Les attractions naturelles de Kauai sont une exp\u00e9rience d&#8217;une journ\u00e9e compl\u00e8te incroyable. Nous commencerons ce grand tour et vous serez \u00e0 l&#8217;aise dans votre v\u00e9hicule priv\u00e9 avec votre guide officiel.<\/p>\n<p>Nous inclurons des endroits et des attractions pour s&#8217;arr\u00eater comme Koloa Sugar Mill, Nawiliwili Habor et bien plus encore!<\/p>\n<p>Enfin, nous vous d\u00e9poserons \u00e0 votre h\u00f4tel ou lieu de votre choix sur l&#8217;\u00eele.<\/p>\n<h2>Sites d&#8217;int\u00e9r\u00eat et monuments<\/h2>\n<p>Cette visite priv\u00e9e de la vall\u00e9e de Wailua et des cascades est une exp\u00e9rience incroyable pour vous!<\/p>\n<p>Au cours de cette visite, nous vous emm\u00e8nerons vers des sites et des emplacements incroyables sur l&#8217;\u00eele. Voici quelques exemples:<\/p>\n<ul>\n<li>Canyon de Waimea. Ici, vous trouverez des vues incroyables et impressionnantes sur l&#8217;\u00eele et le Pacifique.<\/li>\n<li>Rivi\u00e8re Wailua<\/li>\n<li>Grotte de foug\u00e8re<\/li>\n<li>Chutes d&#8217;Opaekka<\/li>\n<li>Coco Palms Groove<\/li>\n<li>Corne jaillissante<\/li>\n<li>Baie de Waimea<\/li>\n<li>Et plus!<\/li>\n<\/ul>\n<p>Laissez notre guide priv\u00e9 \u00eatre \u00e0 votre disposition pendant toute la journ\u00e9e. Nous terminerons \u00e0 votre h\u00f4tel sur l&#8217;\u00eele.<\/p>\n<p>Jetez un \u0153il \u00e0 nos autres visites priv\u00e9es sur l&#8217;une des \u00eeles hawa\u00efennes. Chez Tour Travel &amp; More, nous proposons \u00e9galement des visites priv\u00e9es dans n&#8217;importe quelle autre ville du monde pour vous!<\/p>\n","protected":false},"excerpt":{"rendered":"<p>Rejoignez-nous pour cette visite priv\u00e9e de la vall\u00e9e de Wailua et des cascades et profitez de cette meilleure partie de Kauai. Une exp\u00e9rience priv\u00e9e vraiment incroyable.<\/p>\n","protected":false},"featured_media":86257,"comment_status":"open","ping_status":"closed","template":"","meta":{"_acf_changed":false},"product_brand":[],"product_cat":[3547,3799,3802],"product_tag":[],"class_list":{"0":"post-104126","1":"product","2":"type-product","3":"status-publish","4":"has-post-thumbnail","6":"product_cat-etats-unis-fr","7":"product_cat-hawaii-fr","8":"product_cat-kauai-fr","10":"first","11":"instock","12":"shipping-taxable","13":"purchasable","14":"product-type-simple"},"acf":[],"yoast_head":"<!-- This site is optimized with the Yoast SEO Premium plugin v25.3.1 (Yoast SEO v25.3.1) - https:\/\/yoast.com\/wordpress\/plugins\/seo\/ -->\n<title>Visite priv\u00e9e de la vall\u00e9e de Wailua et des cascades avec un v\u00e9hicule priv\u00e9 et un guide<\/title>\n<meta name=\"description\" content=\"Rejoignez-nous pour cette visite priv\u00e9e de la vall\u00e9e de Wailua et des cascades et profitez de cette meilleure partie de Kauai. Une exp\u00e9rience priv\u00e9e vraiment incroyable.\" \/>\n<meta name=\"robots\" content=\"index, follow, max-snippet:-1, max-image-preview:large, max-video-preview:-1\" \/>\n<link rel=\"canonical\" href=\"https:\/\/tourtravelandmore.com\/fr\/tours\/etats-unis-fr\/hawaii-fr\/kauai-fr\/visite-privee-de-la-vallee-de-wailua-et-des-cascades\/\" \/>\n<meta property=\"og:locale\" content=\"fr_FR\" \/>\n<meta property=\"og:type\" content=\"article\" \/>\n<meta property=\"og:title\" content=\"Visite priv\u00e9e de la vall\u00e9e de Wailua et des cascades\" \/>\n<meta property=\"og:description\" content=\"Rejoignez-nous pour cette visite priv\u00e9e de la vall\u00e9e de Wailua et des cascades et profitez de cette meilleure partie de Kauai. Une exp\u00e9rience priv\u00e9e vraiment incroyable.\" \/>\n<meta property=\"og:url\" content=\"https:\/\/tourtravelandmore.com\/fr\/tours\/etats-unis-fr\/hawaii-fr\/kauai-fr\/visite-privee-de-la-vallee-de-wailua-et-des-cascades\/\" \/>\n<meta property=\"og:site_name\" content=\"Tour Travel And More\" \/>\n<meta property=\"article:publisher\" content=\"https:\/\/www.facebook.com\/tourtravelandmore\/\" \/>\n<meta property=\"article:modified_time\" content=\"2021-03-18T10:42:18+00:00\" \/>\n<meta property=\"og:image\" content=\"https:\/\/tourtravelandmore.com\/wp-content\/uploads\/2020\/11\/Kauai-8-scaled.jpg\" \/>\n\t<meta property=\"og:image:width\" content=\"2560\" \/>\n\t<meta property=\"og:image:height\" content=\"1707\" \/>\n\t<meta property=\"og:image:type\" content=\"image\/jpeg\" \/>\n<meta name=\"twitter:card\" content=\"summary_large_image\" \/>\n<meta name=\"twitter:site\" content=\"@TourTravel_More\" \/>\n<meta name=\"twitter:label1\" content=\"Dur\u00e9e de lecture estim\u00e9e\" \/>\n\t<meta name=\"twitter:data1\" content=\"2 minutes\" \/>\n<script type=\"application\/ld+json\" class=\"yoast-schema-graph\">{\"@context\":\"https:\/\/schema.org\",\"@graph\":[{\"@type\":\"WebPage\",\"@id\":\"https:\/\/tourtravelandmore.com\/fr\/tours\/etats-unis-fr\/hawaii-fr\/kauai-fr\/visite-privee-de-la-vallee-de-wailua-et-des-cascades\/\",\"url\":\"https:\/\/tourtravelandmore.com\/fr\/tours\/etats-unis-fr\/hawaii-fr\/kauai-fr\/visite-privee-de-la-vallee-de-wailua-et-des-cascades\/\",\"name\":\"Visite priv\u00e9e de la vall\u00e9e de Wailua et des cascades avec un v\u00e9hicule priv\u00e9 et un guide\",\"isPartOf\":{\"@id\":\"https:\/\/tourtravelandmore.com\/fr\/#website\"},\"primaryImageOfPage\":{\"@id\":\"https:\/\/tourtravelandmore.com\/fr\/tours\/etats-unis-fr\/hawaii-fr\/kauai-fr\/visite-privee-de-la-vallee-de-wailua-et-des-cascades\/#primaryimage\"},\"image\":{\"@id\":\"https:\/\/tourtravelandmore.com\/fr\/tours\/etats-unis-fr\/hawaii-fr\/kauai-fr\/visite-privee-de-la-vallee-de-wailua-et-des-cascades\/#primaryimage\"},\"thumbnailUrl\":\"https:\/\/tourtravelandmore.com\/wp-content\/uploads\/2020\/11\/Kauai-8-scaled.jpg\",\"datePublished\":\"2020-11-06T09:19:24+00:00\",\"dateModified\":\"2021-03-18T10:42:18+00:00\",\"description\":\"Rejoignez-nous pour cette visite priv\u00e9e de la vall\u00e9e de Wailua et des cascades et profitez de cette meilleure partie de Kauai. Une exp\u00e9rience priv\u00e9e vraiment incroyable.\",\"breadcrumb\":{\"@id\":\"https:\/\/tourtravelandmore.com\/fr\/tours\/etats-unis-fr\/hawaii-fr\/kauai-fr\/visite-privee-de-la-vallee-de-wailua-et-des-cascades\/#breadcrumb\"},\"inLanguage\":\"fr-FR\",\"potentialAction\":[{\"@type\":\"ReadAction\",\"target\":[\"https:\/\/tourtravelandmore.com\/fr\/tours\/etats-unis-fr\/hawaii-fr\/kauai-fr\/visite-privee-de-la-vallee-de-wailua-et-des-cascades\/\"]}]},{\"@type\":\"ImageObject\",\"inLanguage\":\"fr-FR\",\"@id\":\"https:\/\/tourtravelandmore.com\/fr\/tours\/etats-unis-fr\/hawaii-fr\/kauai-fr\/visite-privee-de-la-vallee-de-wailua-et-des-cascades\/#primaryimage\",\"url\":\"https:\/\/tourtravelandmore.com\/wp-content\/uploads\/2020\/11\/Kauai-8-scaled.jpg\",\"contentUrl\":\"https:\/\/tourtravelandmore.com\/wp-content\/uploads\/2020\/11\/Kauai-8-scaled.jpg\",\"width\":2560,\"height\":1707},{\"@type\":\"BreadcrumbList\",\"@id\":\"https:\/\/tourtravelandmore.com\/fr\/tours\/etats-unis-fr\/hawaii-fr\/kauai-fr\/visite-privee-de-la-vallee-de-wailua-et-des-cascades\/#breadcrumb\",\"itemListElement\":[{\"@type\":\"ListItem\",\"position\":1,\"name\":\"Home\",\"item\":\"https:\/\/tourtravelandmore.com\/fr\/\"},{\"@type\":\"ListItem\",\"position\":2,\"name\":\"Tours\",\"item\":\"https:\/\/tourtravelandmore.com\/fr\/tours\/\"},{\"@type\":\"ListItem\",\"position\":3,\"name\":\"Visite priv\u00e9e de la vall\u00e9e de Wailua et des cascades\"}]},{\"@type\":\"WebSite\",\"@id\":\"https:\/\/tourtravelandmore.com\/fr\/#website\",\"url\":\"https:\/\/tourtravelandmore.com\/fr\/\",\"name\":\"Tour Travel And More\",\"description\":\"Private sightseeing tours and luxury transfers in Spain\",\"publisher\":{\"@id\":\"https:\/\/tourtravelandmore.com\/fr\/#organization\"},\"potentialAction\":[{\"@type\":\"SearchAction\",\"target\":{\"@type\":\"EntryPoint\",\"urlTemplate\":\"https:\/\/tourtravelandmore.com\/fr\/?s={search_term_string}\"},\"query-input\":{\"@type\":\"PropertyValueSpecification\",\"valueRequired\":true,\"valueName\":\"search_term_string\"}}],\"inLanguage\":\"fr-FR\"},{\"@type\":\"Organization\",\"@id\":\"https:\/\/tourtravelandmore.com\/fr\/#organization\",\"name\":\"Tour Travel And More\",\"url\":\"https:\/\/tourtravelandmore.com\/fr\/\",\"logo\":{\"@type\":\"ImageObject\",\"inLanguage\":\"fr-FR\",\"@id\":\"https:\/\/tourtravelandmore.com\/fr\/#\/schema\/logo\/image\/\",\"url\":\"https:\/\/tourtravelandmore.com\/wp-content\/uploads\/2022\/12\/cropped-logo-cabecera-new.png\",\"contentUrl\":\"https:\/\/tourtravelandmore.com\/wp-content\/uploads\/2022\/12\/cropped-logo-cabecera-new.png\",\"width\":430,\"height\":61,\"caption\":\"Tour Travel And More\"},\"image\":{\"@id\":\"https:\/\/tourtravelandmore.com\/fr\/#\/schema\/logo\/image\/\"},\"sameAs\":[\"https:\/\/www.facebook.com\/tourtravelandmore\/\",\"https:\/\/x.com\/TourTravel_More\"]}]}<\/script>\n<!-- \/ Yoast SEO Premium plugin. -->","yoast_head_json":{"title":"Visite priv\u00e9e de la vall\u00e9e de Wailua et des cascades avec un v\u00e9hicule priv\u00e9 et un guide","description":"Rejoignez-nous pour cette visite priv\u00e9e de la vall\u00e9e de Wailua et des cascades et profitez de cette meilleure partie de Kauai. Une exp\u00e9rience priv\u00e9e vraiment incroyable.","robots":{"index":"index","follow":"follow","max-snippet":"max-snippet:-1","max-image-preview":"max-image-preview:large","max-video-preview":"max-video-preview:-1"},"canonical":"https:\/\/tourtravelandmore.com\/fr\/tours\/etats-unis-fr\/hawaii-fr\/kauai-fr\/visite-privee-de-la-vallee-de-wailua-et-des-cascades\/","og_locale":"fr_FR","og_type":"article","og_title":"Visite priv\u00e9e de la vall\u00e9e de Wailua et des cascades","og_description":"Rejoignez-nous pour cette visite priv\u00e9e de la vall\u00e9e de Wailua et des cascades et profitez de cette meilleure partie de Kauai. Une exp\u00e9rience priv\u00e9e vraiment incroyable.","og_url":"https:\/\/tourtravelandmore.com\/fr\/tours\/etats-unis-fr\/hawaii-fr\/kauai-fr\/visite-privee-de-la-vallee-de-wailua-et-des-cascades\/","og_site_name":"Tour Travel And More","article_publisher":"https:\/\/www.facebook.com\/tourtravelandmore\/","article_modified_time":"2021-03-18T10:42:18+00:00","og_image":[{"width":2560,"height":1707,"url":"https:\/\/tourtravelandmore.com\/wp-content\/uploads\/2020\/11\/Kauai-8-scaled.jpg","type":"image\/jpeg"}],"twitter_card":"summary_large_image","twitter_site":"@TourTravel_More","twitter_misc":{"Dur\u00e9e de lecture estim\u00e9e":"2 minutes"},"schema":{"@context":"https:\/\/schema.org","@graph":[{"@type":"WebPage","@id":"https:\/\/tourtravelandmore.com\/fr\/tours\/etats-unis-fr\/hawaii-fr\/kauai-fr\/visite-privee-de-la-vallee-de-wailua-et-des-cascades\/","url":"https:\/\/tourtravelandmore.com\/fr\/tours\/etats-unis-fr\/hawaii-fr\/kauai-fr\/visite-privee-de-la-vallee-de-wailua-et-des-cascades\/","name":"Visite priv\u00e9e de la vall\u00e9e de Wailua et des cascades avec un v\u00e9hicule priv\u00e9 et un guide","isPartOf":{"@id":"https:\/\/tourtravelandmore.com\/fr\/#website"},"primaryImageOfPage":{"@id":"https:\/\/tourtravelandmore.com\/fr\/tours\/etats-unis-fr\/hawaii-fr\/kauai-fr\/visite-privee-de-la-vallee-de-wailua-et-des-cascades\/#primaryimage"},"image":{"@id":"https:\/\/tourtravelandmore.com\/fr\/tours\/etats-unis-fr\/hawaii-fr\/kauai-fr\/visite-privee-de-la-vallee-de-wailua-et-des-cascades\/#primaryimage"},"thumbnailUrl":"https:\/\/tourtravelandmore.com\/wp-content\/uploads\/2020\/11\/Kauai-8-scaled.jpg","datePublished":"2020-11-06T09:19:24+00:00","dateModified":"2021-03-18T10:42:18+00:00","description":"Rejoignez-nous pour cette visite priv\u00e9e de la vall\u00e9e de Wailua et des cascades et profitez de cette meilleure partie de Kauai. Une exp\u00e9rience priv\u00e9e vraiment incroyable.","breadcrumb":{"@id":"https:\/\/tourtravelandmore.com\/fr\/tours\/etats-unis-fr\/hawaii-fr\/kauai-fr\/visite-privee-de-la-vallee-de-wailua-et-des-cascades\/#breadcrumb"},"inLanguage":"fr-FR","potentialAction":[{"@type":"ReadAction","target":["https:\/\/tourtravelandmore.com\/fr\/tours\/etats-unis-fr\/hawaii-fr\/kauai-fr\/visite-privee-de-la-vallee-de-wailua-et-des-cascades\/"]}]},{"@type":"ImageObject","inLanguage":"fr-FR","@id":"https:\/\/tourtravelandmore.com\/fr\/tours\/etats-unis-fr\/hawaii-fr\/kauai-fr\/visite-privee-de-la-vallee-de-wailua-et-des-cascades\/#primaryimage","url":"https:\/\/tourtravelandmore.com\/wp-content\/uploads\/2020\/11\/Kauai-8-scaled.jpg","contentUrl":"https:\/\/tourtravelandmore.com\/wp-content\/uploads\/2020\/11\/Kauai-8-scaled.jpg","width":2560,"height":1707},{"@type":"BreadcrumbList","@id":"https:\/\/tourtravelandmore.com\/fr\/tours\/etats-unis-fr\/hawaii-fr\/kauai-fr\/visite-privee-de-la-vallee-de-wailua-et-des-cascades\/#breadcrumb","itemListElement":[{"@type":"ListItem","position":1,"name":"Home","item":"https:\/\/tourtravelandmore.com\/fr\/"},{"@type":"ListItem","position":2,"name":"Tours","item":"https:\/\/tourtravelandmore.com\/fr\/tours\/"},{"@type":"ListItem","position":3,"name":"Visite priv\u00e9e de la vall\u00e9e de Wailua et des cascades"}]},{"@type":"WebSite","@id":"https:\/\/tourtravelandmore.com\/fr\/#website","url":"https:\/\/tourtravelandmore.com\/fr\/","name":"Tour Travel And More","description":"Private sightseeing tours and luxury transfers in Spain","publisher":{"@id":"https:\/\/tourtravelandmore.com\/fr\/#organization"},"potentialAction":[{"@type":"SearchAction","target":{"@type":"EntryPoint","urlTemplate":"https:\/\/tourtravelandmore.com\/fr\/?s={search_term_string}"},"query-input":{"@type":"PropertyValueSpecification","valueRequired":true,"valueName":"search_term_string"}}],"inLanguage":"fr-FR"},{"@type":"Organization","@id":"https:\/\/tourtravelandmore.com\/fr\/#organization","name":"Tour Travel And More","url":"https:\/\/tourtravelandmore.com\/fr\/","logo":{"@type":"ImageObject","inLanguage":"fr-FR","@id":"https:\/\/tourtravelandmore.com\/fr\/#\/schema\/logo\/image\/","url":"https:\/\/tourtravelandmore.com\/wp-content\/uploads\/2022\/12\/cropped-logo-cabecera-new.png","contentUrl":"https:\/\/tourtravelandmore.com\/wp-content\/uploads\/2022\/12\/cropped-logo-cabecera-new.png","width":430,"height":61,"caption":"Tour Travel And More"},"image":{"@id":"https:\/\/tourtravelandmore.com\/fr\/#\/schema\/logo\/image\/"},"sameAs":["https:\/\/www.facebook.com\/tourtravelandmore\/","https:\/\/x.com\/TourTravel_More"]}]}},"_links":{"self":[{"href":"https:\/\/tourtravelandmore.com\/fr\/wp-json\/wp\/v2\/product\/104126","targetHints":{"allow":["GET"]}}],"collection":[{"href":"https:\/\/tourtravelandmore.com\/fr\/wp-json\/wp\/v2\/product"}],"about":[{"href":"https:\/\/tourtravelandmore.com\/fr\/wp-json\/wp\/v2\/types\/product"}],"replies":[{"embeddable":true,"href":"https:\/\/tourtravelandmore.com\/fr\/wp-json\/wp\/v2\/comments?post=104126"}],"wp:featuredmedia":[{"embeddable":true,"href":"https:\/\/tourtravelandmore.com\/fr\/wp-json\/wp\/v2\/media\/86257"}],"wp:attachment":[{"href":"https:\/\/tourtravelandmore.com\/fr\/wp-json\/wp\/v2\/media?parent=104126"}],"wp:term":[{"taxonomy":"product_brand","embeddable":true,"href":"https:\/\/tourtravelandmore.com\/fr\/wp-json\/wp\/v2\/product_brand?post=104126"},{"taxonomy":"product_cat","embeddable":true,"href":"https:\/\/tourtravelandmore.com\/fr\/wp-json\/wp\/v2\/product_cat?post=104126"},{"taxonomy":"product_tag","embeddable":true,"href":"https:\/\/tourtravelandmore.com\/fr\/wp-json\/wp\/v2\/product_tag?post=104126"}],"curies":[{"name":"wp","href":"https:\/\/api.w.org\/{rel}","templated":true}]}}