{"id":104119,"date":"2020-11-06T09:55:51","date_gmt":"2020-11-06T08:55:51","guid":{"rendered":"https:\/\/tourtravelandmore.com\/tours\/non%20class\u00e9\/visite-privee-de-la-cote-nord-a-kauai\/"},"modified":"2021-03-18T11:40:06","modified_gmt":"2021-03-18T10:40:06","slug":"visite-privee-de-la-cote-nord-a-kauai","status":"publish","type":"product","link":"https:\/\/tourtravelandmore.com\/fr\/tours\/etats-unis-fr\/hawaii-fr\/kauai-fr\/visite-privee-de-la-cote-nord-a-kauai\/","title":{"rendered":"Visite priv\u00e9e de la c\u00f4te nord \u00e0 Kauai"},"content":{"rendered":"<h2>Description<\/h2>\n<p>Cette visite priv\u00e9e de la c\u00f4te nord \u00e0 Kauai est l&#8217;une de nos visites les plus vendues! Nous vous emm\u00e8nerons dans la partie nord de l&#8217;\u00eele, y compris une visite de l&#8217;\u00e9tonnante ville hawa\u00efenne de Hanalei.<\/p>\n<p>Hanalei est une ville hawa\u00efenne typique o\u00f9 vous pouvez voir des sites tr\u00e8s uniques comme des enfants sur leurs v\u00e9los avec leurs planches de surf.<\/p>\n<p>Cette visite comprendra \u00e9galement l&#8217;autoroute Kuhio. C&#8217;est l&#8217;autoroute 56. Profitez de la cha\u00eene de montagnes escarp\u00e9e que l&#8217;on aper\u00e7oit au loin. Profitez \u00e9galement d&#8217;une vue imprenable sur l&#8217;oc\u00e9an. Nous inclurons \u00e9galement le quartier Halelea qui se situe entre Kalihiwai et Haena. Nous conclurons une visite pr\u00e9f\u00e9r\u00e9e pour la plupart des visiteurs qui est la baie de Hanalei.<\/p>\n<h2>Sites d&#8217;int\u00e9r\u00eat et monuments<\/h2>\n<p>Cette visite priv\u00e9e de la c\u00f4te nord \u00e0 Kauai commencera \u00e0 partir de votre h\u00f4tel ou lieu de votre choix \u00e0 Kauai. Nous aborderons ensuite cette grande visite priv\u00e9e. La partie nord de l&#8217;\u00eele est une exp\u00e9rience formidable!<\/p>\n<ul>\n<li>Hanalei. Une ville hawa\u00efenne.<\/li>\n<li>Belv\u00e9d\u00e8re de la vall\u00e9e de Hanalei<\/li>\n<li>Phare de Daniel K Inouye Kilauea Point<\/li>\n<li>\u00c9glise Waioli Huiia et maison de la mission<\/li>\n<li>Jardin de Limahuli<\/li>\n<li>Haena State Park &#8211; r\u00e9servation obligatoire<\/li>\n<li>Beaucoup plus<\/li>\n<\/ul>\n<p>Pour cette visite priv\u00e9e, nous serons \u00e0 votre disposition pendant toute la journ\u00e9e! Terminez cette visite priv\u00e9e de la c\u00f4te nord \u00e0 Kauai dans votre h\u00f4tel. Explorez le meilleur de la partie nord de l&#8217;\u00eele de Kauai.<\/p>\n<p>Ne manquez pas nos visites priv\u00e9es sur toute l&#8217;\u00eele d&#8217;Hawa\u00ef. Chez Tour Travel &amp; More, nos experts en voyages sont tous \u00e0 votre disposition pour une exp\u00e9rience inoubliable sur l&#8217;\u00eele de Kauai!<\/p>\n","protected":false},"excerpt":{"rendered":"<p>Rejoignez-nous lors de cette visite priv\u00e9e de la c\u00f4te nord et est \u00e0 Kauai et courez la chance de profiter de cette meilleure partie de Kauai. Une exp\u00e9rience priv\u00e9e vraiment incroyable.<\/p>\n","protected":false},"featured_media":86269,"comment_status":"open","ping_status":"closed","template":"","meta":{"_acf_changed":false},"product_brand":[],"product_cat":[3547,3799,3802],"product_tag":[],"class_list":{"0":"post-104119","1":"product","2":"type-product","3":"status-publish","4":"has-post-thumbnail","6":"product_cat-etats-unis-fr","7":"product_cat-hawaii-fr","8":"product_cat-kauai-fr","10":"first","11":"instock","12":"shipping-taxable","13":"purchasable","14":"product-type-simple"},"acf":[],"yoast_head":"<!-- This site is optimized with the Yoast SEO Premium plugin v25.3.1 (Yoast SEO v25.3.1) - https:\/\/yoast.com\/wordpress\/plugins\/seo\/ -->\n<title>Visite priv\u00e9e de la c\u00f4te nord \u00e0 Kauai avec un v\u00e9hicule priv\u00e9 et un guide<\/title>\n<meta name=\"description\" content=\"Rejoignez-nous pour cette visite priv\u00e9e de la c\u00f4te nord \u00e0 Kauai et courez la chance de profiter de cette meilleure partie de Kauai. Une exp\u00e9rience priv\u00e9e vraiment incroyable.\" \/>\n<meta name=\"robots\" content=\"index, follow, max-snippet:-1, max-image-preview:large, max-video-preview:-1\" \/>\n<link rel=\"canonical\" href=\"https:\/\/tourtravelandmore.com\/fr\/tours\/etats-unis-fr\/hawaii-fr\/kauai-fr\/visite-privee-de-la-cote-nord-a-kauai\/\" \/>\n<meta property=\"og:locale\" content=\"fr_FR\" \/>\n<meta property=\"og:type\" content=\"article\" \/>\n<meta property=\"og:title\" content=\"Visite priv\u00e9e de la c\u00f4te nord \u00e0 Kauai\" \/>\n<meta property=\"og:description\" content=\"Rejoignez-nous pour cette visite priv\u00e9e de la c\u00f4te nord \u00e0 Kauai et courez la chance de profiter de cette meilleure partie de Kauai. Une exp\u00e9rience priv\u00e9e vraiment incroyable.\" \/>\n<meta property=\"og:url\" content=\"https:\/\/tourtravelandmore.com\/fr\/tours\/etats-unis-fr\/hawaii-fr\/kauai-fr\/visite-privee-de-la-cote-nord-a-kauai\/\" \/>\n<meta property=\"og:site_name\" content=\"Tour Travel And More\" \/>\n<meta property=\"article:publisher\" content=\"https:\/\/www.facebook.com\/tourtravelandmore\/\" \/>\n<meta property=\"article:modified_time\" content=\"2021-03-18T10:40:06+00:00\" \/>\n<meta property=\"og:image\" content=\"https:\/\/tourtravelandmore.com\/wp-content\/uploads\/2020\/11\/Kauai-4-scaled.jpg\" \/>\n\t<meta property=\"og:image:width\" content=\"2560\" \/>\n\t<meta property=\"og:image:height\" content=\"1920\" \/>\n\t<meta property=\"og:image:type\" content=\"image\/jpeg\" \/>\n<meta name=\"twitter:card\" content=\"summary_large_image\" \/>\n<meta name=\"twitter:site\" content=\"@TourTravel_More\" \/>\n<meta name=\"twitter:label1\" content=\"Dur\u00e9e de lecture estim\u00e9e\" \/>\n\t<meta name=\"twitter:data1\" content=\"1 minute\" \/>\n<script type=\"application\/ld+json\" class=\"yoast-schema-graph\">{\"@context\":\"https:\/\/schema.org\",\"@graph\":[{\"@type\":\"WebPage\",\"@id\":\"https:\/\/tourtravelandmore.com\/fr\/tours\/etats-unis-fr\/hawaii-fr\/kauai-fr\/visite-privee-de-la-cote-nord-a-kauai\/\",\"url\":\"https:\/\/tourtravelandmore.com\/fr\/tours\/etats-unis-fr\/hawaii-fr\/kauai-fr\/visite-privee-de-la-cote-nord-a-kauai\/\",\"name\":\"Visite priv\u00e9e de la c\u00f4te nord \u00e0 Kauai avec un v\u00e9hicule priv\u00e9 et un guide\",\"isPartOf\":{\"@id\":\"https:\/\/tourtravelandmore.com\/fr\/#website\"},\"primaryImageOfPage\":{\"@id\":\"https:\/\/tourtravelandmore.com\/fr\/tours\/etats-unis-fr\/hawaii-fr\/kauai-fr\/visite-privee-de-la-cote-nord-a-kauai\/#primaryimage\"},\"image\":{\"@id\":\"https:\/\/tourtravelandmore.com\/fr\/tours\/etats-unis-fr\/hawaii-fr\/kauai-fr\/visite-privee-de-la-cote-nord-a-kauai\/#primaryimage\"},\"thumbnailUrl\":\"https:\/\/tourtravelandmore.com\/wp-content\/uploads\/2020\/11\/Kauai-4-scaled.jpg\",\"datePublished\":\"2020-11-06T08:55:51+00:00\",\"dateModified\":\"2021-03-18T10:40:06+00:00\",\"description\":\"Rejoignez-nous pour cette visite priv\u00e9e de la c\u00f4te nord \u00e0 Kauai et courez la chance de profiter de cette meilleure partie de Kauai. Une exp\u00e9rience priv\u00e9e vraiment incroyable.\",\"breadcrumb\":{\"@id\":\"https:\/\/tourtravelandmore.com\/fr\/tours\/etats-unis-fr\/hawaii-fr\/kauai-fr\/visite-privee-de-la-cote-nord-a-kauai\/#breadcrumb\"},\"inLanguage\":\"fr-FR\",\"potentialAction\":[{\"@type\":\"ReadAction\",\"target\":[\"https:\/\/tourtravelandmore.com\/fr\/tours\/etats-unis-fr\/hawaii-fr\/kauai-fr\/visite-privee-de-la-cote-nord-a-kauai\/\"]}]},{\"@type\":\"ImageObject\",\"inLanguage\":\"fr-FR\",\"@id\":\"https:\/\/tourtravelandmore.com\/fr\/tours\/etats-unis-fr\/hawaii-fr\/kauai-fr\/visite-privee-de-la-cote-nord-a-kauai\/#primaryimage\",\"url\":\"https:\/\/tourtravelandmore.com\/wp-content\/uploads\/2020\/11\/Kauai-4-scaled.jpg\",\"contentUrl\":\"https:\/\/tourtravelandmore.com\/wp-content\/uploads\/2020\/11\/Kauai-4-scaled.jpg\",\"width\":2560,\"height\":1920},{\"@type\":\"BreadcrumbList\",\"@id\":\"https:\/\/tourtravelandmore.com\/fr\/tours\/etats-unis-fr\/hawaii-fr\/kauai-fr\/visite-privee-de-la-cote-nord-a-kauai\/#breadcrumb\",\"itemListElement\":[{\"@type\":\"ListItem\",\"position\":1,\"name\":\"Home\",\"item\":\"https:\/\/tourtravelandmore.com\/fr\/\"},{\"@type\":\"ListItem\",\"position\":2,\"name\":\"Tours\",\"item\":\"https:\/\/tourtravelandmore.com\/fr\/tours\/\"},{\"@type\":\"ListItem\",\"position\":3,\"name\":\"Visite priv\u00e9e de la c\u00f4te nord \u00e0 Kauai\"}]},{\"@type\":\"WebSite\",\"@id\":\"https:\/\/tourtravelandmore.com\/fr\/#website\",\"url\":\"https:\/\/tourtravelandmore.com\/fr\/\",\"name\":\"Tour Travel And More\",\"description\":\"Private sightseeing tours and luxury transfers in Spain\",\"publisher\":{\"@id\":\"https:\/\/tourtravelandmore.com\/fr\/#organization\"},\"potentialAction\":[{\"@type\":\"SearchAction\",\"target\":{\"@type\":\"EntryPoint\",\"urlTemplate\":\"https:\/\/tourtravelandmore.com\/fr\/?s={search_term_string}\"},\"query-input\":{\"@type\":\"PropertyValueSpecification\",\"valueRequired\":true,\"valueName\":\"search_term_string\"}}],\"inLanguage\":\"fr-FR\"},{\"@type\":\"Organization\",\"@id\":\"https:\/\/tourtravelandmore.com\/fr\/#organization\",\"name\":\"Tour Travel And More\",\"url\":\"https:\/\/tourtravelandmore.com\/fr\/\",\"logo\":{\"@type\":\"ImageObject\",\"inLanguage\":\"fr-FR\",\"@id\":\"https:\/\/tourtravelandmore.com\/fr\/#\/schema\/logo\/image\/\",\"url\":\"https:\/\/tourtravelandmore.com\/wp-content\/uploads\/2022\/12\/cropped-logo-cabecera-new.png\",\"contentUrl\":\"https:\/\/tourtravelandmore.com\/wp-content\/uploads\/2022\/12\/cropped-logo-cabecera-new.png\",\"width\":430,\"height\":61,\"caption\":\"Tour Travel And More\"},\"image\":{\"@id\":\"https:\/\/tourtravelandmore.com\/fr\/#\/schema\/logo\/image\/\"},\"sameAs\":[\"https:\/\/www.facebook.com\/tourtravelandmore\/\",\"https:\/\/x.com\/TourTravel_More\"]}]}<\/script>\n<!-- \/ Yoast SEO Premium plugin. -->","yoast_head_json":{"title":"Visite priv\u00e9e de la c\u00f4te nord \u00e0 Kauai avec un v\u00e9hicule priv\u00e9 et un guide","description":"Rejoignez-nous pour cette visite priv\u00e9e de la c\u00f4te nord \u00e0 Kauai et courez la chance de profiter de cette meilleure partie de Kauai. Une exp\u00e9rience priv\u00e9e vraiment incroyable.","robots":{"index":"index","follow":"follow","max-snippet":"max-snippet:-1","max-image-preview":"max-image-preview:large","max-video-preview":"max-video-preview:-1"},"canonical":"https:\/\/tourtravelandmore.com\/fr\/tours\/etats-unis-fr\/hawaii-fr\/kauai-fr\/visite-privee-de-la-cote-nord-a-kauai\/","og_locale":"fr_FR","og_type":"article","og_title":"Visite priv\u00e9e de la c\u00f4te nord \u00e0 Kauai","og_description":"Rejoignez-nous pour cette visite priv\u00e9e de la c\u00f4te nord \u00e0 Kauai et courez la chance de profiter de cette meilleure partie de Kauai. Une exp\u00e9rience priv\u00e9e vraiment incroyable.","og_url":"https:\/\/tourtravelandmore.com\/fr\/tours\/etats-unis-fr\/hawaii-fr\/kauai-fr\/visite-privee-de-la-cote-nord-a-kauai\/","og_site_name":"Tour Travel And More","article_publisher":"https:\/\/www.facebook.com\/tourtravelandmore\/","article_modified_time":"2021-03-18T10:40:06+00:00","og_image":[{"width":2560,"height":1920,"url":"https:\/\/tourtravelandmore.com\/wp-content\/uploads\/2020\/11\/Kauai-4-scaled.jpg","type":"image\/jpeg"}],"twitter_card":"summary_large_image","twitter_site":"@TourTravel_More","twitter_misc":{"Dur\u00e9e de lecture estim\u00e9e":"1 minute"},"schema":{"@context":"https:\/\/schema.org","@graph":[{"@type":"WebPage","@id":"https:\/\/tourtravelandmore.com\/fr\/tours\/etats-unis-fr\/hawaii-fr\/kauai-fr\/visite-privee-de-la-cote-nord-a-kauai\/","url":"https:\/\/tourtravelandmore.com\/fr\/tours\/etats-unis-fr\/hawaii-fr\/kauai-fr\/visite-privee-de-la-cote-nord-a-kauai\/","name":"Visite priv\u00e9e de la c\u00f4te nord \u00e0 Kauai avec un v\u00e9hicule priv\u00e9 et un guide","isPartOf":{"@id":"https:\/\/tourtravelandmore.com\/fr\/#website"},"primaryImageOfPage":{"@id":"https:\/\/tourtravelandmore.com\/fr\/tours\/etats-unis-fr\/hawaii-fr\/kauai-fr\/visite-privee-de-la-cote-nord-a-kauai\/#primaryimage"},"image":{"@id":"https:\/\/tourtravelandmore.com\/fr\/tours\/etats-unis-fr\/hawaii-fr\/kauai-fr\/visite-privee-de-la-cote-nord-a-kauai\/#primaryimage"},"thumbnailUrl":"https:\/\/tourtravelandmore.com\/wp-content\/uploads\/2020\/11\/Kauai-4-scaled.jpg","datePublished":"2020-11-06T08:55:51+00:00","dateModified":"2021-03-18T10:40:06+00:00","description":"Rejoignez-nous pour cette visite priv\u00e9e de la c\u00f4te nord \u00e0 Kauai et courez la chance de profiter de cette meilleure partie de Kauai. Une exp\u00e9rience priv\u00e9e vraiment incroyable.","breadcrumb":{"@id":"https:\/\/tourtravelandmore.com\/fr\/tours\/etats-unis-fr\/hawaii-fr\/kauai-fr\/visite-privee-de-la-cote-nord-a-kauai\/#breadcrumb"},"inLanguage":"fr-FR","potentialAction":[{"@type":"ReadAction","target":["https:\/\/tourtravelandmore.com\/fr\/tours\/etats-unis-fr\/hawaii-fr\/kauai-fr\/visite-privee-de-la-cote-nord-a-kauai\/"]}]},{"@type":"ImageObject","inLanguage":"fr-FR","@id":"https:\/\/tourtravelandmore.com\/fr\/tours\/etats-unis-fr\/hawaii-fr\/kauai-fr\/visite-privee-de-la-cote-nord-a-kauai\/#primaryimage","url":"https:\/\/tourtravelandmore.com\/wp-content\/uploads\/2020\/11\/Kauai-4-scaled.jpg","contentUrl":"https:\/\/tourtravelandmore.com\/wp-content\/uploads\/2020\/11\/Kauai-4-scaled.jpg","width":2560,"height":1920},{"@type":"BreadcrumbList","@id":"https:\/\/tourtravelandmore.com\/fr\/tours\/etats-unis-fr\/hawaii-fr\/kauai-fr\/visite-privee-de-la-cote-nord-a-kauai\/#breadcrumb","itemListElement":[{"@type":"ListItem","position":1,"name":"Home","item":"https:\/\/tourtravelandmore.com\/fr\/"},{"@type":"ListItem","position":2,"name":"Tours","item":"https:\/\/tourtravelandmore.com\/fr\/tours\/"},{"@type":"ListItem","position":3,"name":"Visite priv\u00e9e de la c\u00f4te nord \u00e0 Kauai"}]},{"@type":"WebSite","@id":"https:\/\/tourtravelandmore.com\/fr\/#website","url":"https:\/\/tourtravelandmore.com\/fr\/","name":"Tour Travel And More","description":"Private sightseeing tours and luxury transfers in Spain","publisher":{"@id":"https:\/\/tourtravelandmore.com\/fr\/#organization"},"potentialAction":[{"@type":"SearchAction","target":{"@type":"EntryPoint","urlTemplate":"https:\/\/tourtravelandmore.com\/fr\/?s={search_term_string}"},"query-input":{"@type":"PropertyValueSpecification","valueRequired":true,"valueName":"search_term_string"}}],"inLanguage":"fr-FR"},{"@type":"Organization","@id":"https:\/\/tourtravelandmore.com\/fr\/#organization","name":"Tour Travel And More","url":"https:\/\/tourtravelandmore.com\/fr\/","logo":{"@type":"ImageObject","inLanguage":"fr-FR","@id":"https:\/\/tourtravelandmore.com\/fr\/#\/schema\/logo\/image\/","url":"https:\/\/tourtravelandmore.com\/wp-content\/uploads\/2022\/12\/cropped-logo-cabecera-new.png","contentUrl":"https:\/\/tourtravelandmore.com\/wp-content\/uploads\/2022\/12\/cropped-logo-cabecera-new.png","width":430,"height":61,"caption":"Tour Travel And More"},"image":{"@id":"https:\/\/tourtravelandmore.com\/fr\/#\/schema\/logo\/image\/"},"sameAs":["https:\/\/www.facebook.com\/tourtravelandmore\/","https:\/\/x.com\/TourTravel_More"]}]}},"_links":{"self":[{"href":"https:\/\/tourtravelandmore.com\/fr\/wp-json\/wp\/v2\/product\/104119","targetHints":{"allow":["GET"]}}],"collection":[{"href":"https:\/\/tourtravelandmore.com\/fr\/wp-json\/wp\/v2\/product"}],"about":[{"href":"https:\/\/tourtravelandmore.com\/fr\/wp-json\/wp\/v2\/types\/product"}],"replies":[{"embeddable":true,"href":"https:\/\/tourtravelandmore.com\/fr\/wp-json\/wp\/v2\/comments?post=104119"}],"wp:featuredmedia":[{"embeddable":true,"href":"https:\/\/tourtravelandmore.com\/fr\/wp-json\/wp\/v2\/media\/86269"}],"wp:attachment":[{"href":"https:\/\/tourtravelandmore.com\/fr\/wp-json\/wp\/v2\/media?parent=104119"}],"wp:term":[{"taxonomy":"product_brand","embeddable":true,"href":"https:\/\/tourtravelandmore.com\/fr\/wp-json\/wp\/v2\/product_brand?post=104119"},{"taxonomy":"product_cat","embeddable":true,"href":"https:\/\/tourtravelandmore.com\/fr\/wp-json\/wp\/v2\/product_cat?post=104119"},{"taxonomy":"product_tag","embeddable":true,"href":"https:\/\/tourtravelandmore.com\/fr\/wp-json\/wp\/v2\/product_tag?post=104119"}],"curies":[{"name":"wp","href":"https:\/\/api.w.org\/{rel}","templated":true}]}}