{"id":104113,"date":"2020-11-05T13:15:25","date_gmt":"2020-11-05T12:15:25","guid":{"rendered":"https:\/\/tourtravelandmore.com\/tours\/non%20class\u00e9\/visite-privee-de-la-cote-nord-et-est-a-kauai\/"},"modified":"2021-03-18T11:37:47","modified_gmt":"2021-03-18T10:37:47","slug":"visite-privee-de-la-cote-nord-et-est-a-kauai","status":"publish","type":"product","link":"https:\/\/tourtravelandmore.com\/fr\/tours\/etats-unis-fr\/hawaii-fr\/kauai-fr\/visite-privee-de-la-cote-nord-et-est-a-kauai\/","title":{"rendered":"Visite priv\u00e9e de la c\u00f4te nord et est \u00e0 Kauai"},"content":{"rendered":"<h2>Description<\/h2>\n<p>Cette visite priv\u00e9e de la c\u00f4te nord et est \u00e0 Kauai est une exp\u00e9rience formidable. Apprenez \u00e0 conna\u00eetre le nord et l&#8217;est de l&#8217;\u00eele.<\/p>\n<p>Pour cette visite priv\u00e9e, nous organiserons une prise en charge priv\u00e9e depuis votre lieu de choix sur l&#8217;\u00eele. Faites-nous savoir o\u00f9 vous s\u00e9journez \u00e0 Kauai et nous entreprendrons cette visite incroyable.<\/p>\n<p>L&#8217;\u00eele de Kauai a tant \u00e0 offrir avec une beaut\u00e9 sauvage. Trouvez des cascades impressionnantes, des paysages de montagnes incroyables et nous ne pouvons pas oublier les belles plages!<\/p>\n<p>Kauai est l&#8217;une des plus anciennes \u00eeles principales d&#8217;Hawa\u00ef et d\u00e9couvrez toutes les l\u00e9gendes de cette \u00eele.<\/p>\n<p>Elle est connue sous le nom de Golden Isle.<\/p>\n<h2>Sites d&#8217;int\u00e9r\u00eat et monuments<\/h2>\n<p>Apr\u00e8s une prise en charge confortable, nous commencerons cette partie nord et est de l&#8217;\u00eele de Kauai.<\/p>\n<p>Nous commencerons cette visite et d\u00e9couvrirons le meilleur de cette partie de l&#8217;\u00eele. Entre autres, profitez de:<\/p>\n<ul>\n<li>Hanalei. Une ville hawa\u00efenne incroyable. C&#8217;est comme la ville typique. Trouvez des enfants sur des planches de surf sur leurs v\u00e9los, des \u00e9glises historiques et bien plus encore!<\/li>\n<li>Belv\u00e9d\u00e8re de la vall\u00e9e de Hanalei<\/li>\n<li>Phare de Daniel K Inouye Kilauea Point<\/li>\n<li>\u00c9glise Waioli Huiia et maison de la mission<\/li>\n<li>Jardin de Limahuli<\/li>\n<li>Rivi\u00e8re Wailua<\/li>\n<li>C\u00f4te royale de la noix de coco<\/li>\n<li>Parc de la plage de Lydgate<\/li>\n<li>Ville de Kapaa<\/li>\n<li>Chutes d&#8217;Opaikaa<\/li>\n<li>Ville de Lihue<\/li>\n<li>Beaucoup plus<\/li>\n<\/ul>\n<p>Notre chauffeur-guide sera \u00e0 votre disposition pendant toute la journ\u00e9e. Terminez notre visite priv\u00e9e de la c\u00f4te nord et est \u00e0 Kauai \u00e0 votre h\u00f4tel. Nous vous emm\u00e8nerons explorer le meilleur de cette partie incroyable de l&#8217;\u00eele.<\/p>\n<p>Jetez un \u0153il \u00e0 nos autres circuits priv\u00e9s que nous pouvons vous proposer \u00e0 Kauai et \u00e0 Hawa\u00ef. Nos experts en voyages chez Tour Travel &amp; More sont enti\u00e8rement \u00e0 votre disposition pour une exp\u00e9rience unique pour vous.<\/p>\n","protected":false},"excerpt":{"rendered":"<p>Rejoignez-nous lors de cette visite priv\u00e9e de la c\u00f4te nord et est \u00e0 Kauai et courez la chance de profiter de cette meilleure partie de Kauai. Une exp\u00e9rience priv\u00e9e vraiment incroyable.<\/p>\n","protected":false},"featured_media":86266,"comment_status":"open","ping_status":"closed","template":"","meta":{"_acf_changed":false},"product_brand":[],"product_cat":[3547,3799,3802],"product_tag":[],"class_list":{"0":"post-104113","1":"product","2":"type-product","3":"status-publish","4":"has-post-thumbnail","6":"product_cat-etats-unis-fr","7":"product_cat-hawaii-fr","8":"product_cat-kauai-fr","10":"first","11":"instock","12":"shipping-taxable","13":"purchasable","14":"product-type-simple"},"acf":[],"yoast_head":"<!-- This site is optimized with the Yoast SEO Premium plugin v25.3.1 (Yoast SEO v25.3.1) - https:\/\/yoast.com\/wordpress\/plugins\/seo\/ -->\n<title>Visite priv\u00e9e de la c\u00f4te nord et est \u00e0 Kauai avec un v\u00e9hicule priv\u00e9 et un guide<\/title>\n<meta name=\"description\" content=\"Rejoignez-nous lors de cette visite priv\u00e9e de la c\u00f4te nord et est \u00e0 Kauai et courez la chance de profiter de cette meilleure partie de Kauai. Une exp\u00e9rience priv\u00e9e vraiment incroyable.\" \/>\n<meta name=\"robots\" content=\"index, follow, max-snippet:-1, max-image-preview:large, max-video-preview:-1\" \/>\n<link rel=\"canonical\" href=\"https:\/\/tourtravelandmore.com\/fr\/tours\/etats-unis-fr\/hawaii-fr\/kauai-fr\/visite-privee-de-la-cote-nord-et-est-a-kauai\/\" \/>\n<meta property=\"og:locale\" content=\"fr_FR\" \/>\n<meta property=\"og:type\" content=\"article\" \/>\n<meta property=\"og:title\" content=\"Visite priv\u00e9e de la c\u00f4te nord et est \u00e0 Kauai\" \/>\n<meta property=\"og:description\" content=\"Rejoignez-nous lors de cette visite priv\u00e9e de la c\u00f4te nord et est \u00e0 Kauai et courez la chance de profiter de cette meilleure partie de Kauai. Une exp\u00e9rience priv\u00e9e vraiment incroyable.\" \/>\n<meta property=\"og:url\" content=\"https:\/\/tourtravelandmore.com\/fr\/tours\/etats-unis-fr\/hawaii-fr\/kauai-fr\/visite-privee-de-la-cote-nord-et-est-a-kauai\/\" \/>\n<meta property=\"og:site_name\" content=\"Tour Travel And More\" \/>\n<meta property=\"article:publisher\" content=\"https:\/\/www.facebook.com\/tourtravelandmore\/\" \/>\n<meta property=\"article:modified_time\" content=\"2021-03-18T10:37:47+00:00\" \/>\n<meta property=\"og:image\" content=\"https:\/\/tourtravelandmore.com\/wp-content\/uploads\/2020\/11\/Kauai-3-scaled.jpg\" \/>\n\t<meta property=\"og:image:width\" content=\"2560\" \/>\n\t<meta property=\"og:image:height\" content=\"1920\" \/>\n\t<meta property=\"og:image:type\" content=\"image\/jpeg\" \/>\n<meta name=\"twitter:card\" content=\"summary_large_image\" \/>\n<meta name=\"twitter:site\" content=\"@TourTravel_More\" \/>\n<meta name=\"twitter:label1\" content=\"Dur\u00e9e de lecture estim\u00e9e\" \/>\n\t<meta name=\"twitter:data1\" content=\"2 minutes\" \/>\n<script type=\"application\/ld+json\" class=\"yoast-schema-graph\">{\"@context\":\"https:\/\/schema.org\",\"@graph\":[{\"@type\":\"WebPage\",\"@id\":\"https:\/\/tourtravelandmore.com\/fr\/tours\/etats-unis-fr\/hawaii-fr\/kauai-fr\/visite-privee-de-la-cote-nord-et-est-a-kauai\/\",\"url\":\"https:\/\/tourtravelandmore.com\/fr\/tours\/etats-unis-fr\/hawaii-fr\/kauai-fr\/visite-privee-de-la-cote-nord-et-est-a-kauai\/\",\"name\":\"Visite priv\u00e9e de la c\u00f4te nord et est \u00e0 Kauai avec un v\u00e9hicule priv\u00e9 et un guide\",\"isPartOf\":{\"@id\":\"https:\/\/tourtravelandmore.com\/fr\/#website\"},\"primaryImageOfPage\":{\"@id\":\"https:\/\/tourtravelandmore.com\/fr\/tours\/etats-unis-fr\/hawaii-fr\/kauai-fr\/visite-privee-de-la-cote-nord-et-est-a-kauai\/#primaryimage\"},\"image\":{\"@id\":\"https:\/\/tourtravelandmore.com\/fr\/tours\/etats-unis-fr\/hawaii-fr\/kauai-fr\/visite-privee-de-la-cote-nord-et-est-a-kauai\/#primaryimage\"},\"thumbnailUrl\":\"https:\/\/tourtravelandmore.com\/wp-content\/uploads\/2020\/11\/Kauai-3-scaled.jpg\",\"datePublished\":\"2020-11-05T12:15:25+00:00\",\"dateModified\":\"2021-03-18T10:37:47+00:00\",\"description\":\"Rejoignez-nous lors de cette visite priv\u00e9e de la c\u00f4te nord et est \u00e0 Kauai et courez la chance de profiter de cette meilleure partie de Kauai. Une exp\u00e9rience priv\u00e9e vraiment incroyable.\",\"breadcrumb\":{\"@id\":\"https:\/\/tourtravelandmore.com\/fr\/tours\/etats-unis-fr\/hawaii-fr\/kauai-fr\/visite-privee-de-la-cote-nord-et-est-a-kauai\/#breadcrumb\"},\"inLanguage\":\"fr-FR\",\"potentialAction\":[{\"@type\":\"ReadAction\",\"target\":[\"https:\/\/tourtravelandmore.com\/fr\/tours\/etats-unis-fr\/hawaii-fr\/kauai-fr\/visite-privee-de-la-cote-nord-et-est-a-kauai\/\"]}]},{\"@type\":\"ImageObject\",\"inLanguage\":\"fr-FR\",\"@id\":\"https:\/\/tourtravelandmore.com\/fr\/tours\/etats-unis-fr\/hawaii-fr\/kauai-fr\/visite-privee-de-la-cote-nord-et-est-a-kauai\/#primaryimage\",\"url\":\"https:\/\/tourtravelandmore.com\/wp-content\/uploads\/2020\/11\/Kauai-3-scaled.jpg\",\"contentUrl\":\"https:\/\/tourtravelandmore.com\/wp-content\/uploads\/2020\/11\/Kauai-3-scaled.jpg\",\"width\":2560,\"height\":1920},{\"@type\":\"BreadcrumbList\",\"@id\":\"https:\/\/tourtravelandmore.com\/fr\/tours\/etats-unis-fr\/hawaii-fr\/kauai-fr\/visite-privee-de-la-cote-nord-et-est-a-kauai\/#breadcrumb\",\"itemListElement\":[{\"@type\":\"ListItem\",\"position\":1,\"name\":\"Home\",\"item\":\"https:\/\/tourtravelandmore.com\/fr\/\"},{\"@type\":\"ListItem\",\"position\":2,\"name\":\"Tours\",\"item\":\"https:\/\/tourtravelandmore.com\/fr\/tours\/\"},{\"@type\":\"ListItem\",\"position\":3,\"name\":\"Visite priv\u00e9e de la c\u00f4te nord et est \u00e0 Kauai\"}]},{\"@type\":\"WebSite\",\"@id\":\"https:\/\/tourtravelandmore.com\/fr\/#website\",\"url\":\"https:\/\/tourtravelandmore.com\/fr\/\",\"name\":\"Tour Travel And More\",\"description\":\"Private sightseeing tours and luxury transfers in Spain\",\"publisher\":{\"@id\":\"https:\/\/tourtravelandmore.com\/fr\/#organization\"},\"potentialAction\":[{\"@type\":\"SearchAction\",\"target\":{\"@type\":\"EntryPoint\",\"urlTemplate\":\"https:\/\/tourtravelandmore.com\/fr\/?s={search_term_string}\"},\"query-input\":{\"@type\":\"PropertyValueSpecification\",\"valueRequired\":true,\"valueName\":\"search_term_string\"}}],\"inLanguage\":\"fr-FR\"},{\"@type\":\"Organization\",\"@id\":\"https:\/\/tourtravelandmore.com\/fr\/#organization\",\"name\":\"Tour Travel And More\",\"url\":\"https:\/\/tourtravelandmore.com\/fr\/\",\"logo\":{\"@type\":\"ImageObject\",\"inLanguage\":\"fr-FR\",\"@id\":\"https:\/\/tourtravelandmore.com\/fr\/#\/schema\/logo\/image\/\",\"url\":\"https:\/\/tourtravelandmore.com\/wp-content\/uploads\/2022\/12\/cropped-logo-cabecera-new.png\",\"contentUrl\":\"https:\/\/tourtravelandmore.com\/wp-content\/uploads\/2022\/12\/cropped-logo-cabecera-new.png\",\"width\":430,\"height\":61,\"caption\":\"Tour Travel And More\"},\"image\":{\"@id\":\"https:\/\/tourtravelandmore.com\/fr\/#\/schema\/logo\/image\/\"},\"sameAs\":[\"https:\/\/www.facebook.com\/tourtravelandmore\/\",\"https:\/\/x.com\/TourTravel_More\"]}]}<\/script>\n<!-- \/ Yoast SEO Premium plugin. -->","yoast_head_json":{"title":"Visite priv\u00e9e de la c\u00f4te nord et est \u00e0 Kauai avec un v\u00e9hicule priv\u00e9 et un guide","description":"Rejoignez-nous lors de cette visite priv\u00e9e de la c\u00f4te nord et est \u00e0 Kauai et courez la chance de profiter de cette meilleure partie de Kauai. Une exp\u00e9rience priv\u00e9e vraiment incroyable.","robots":{"index":"index","follow":"follow","max-snippet":"max-snippet:-1","max-image-preview":"max-image-preview:large","max-video-preview":"max-video-preview:-1"},"canonical":"https:\/\/tourtravelandmore.com\/fr\/tours\/etats-unis-fr\/hawaii-fr\/kauai-fr\/visite-privee-de-la-cote-nord-et-est-a-kauai\/","og_locale":"fr_FR","og_type":"article","og_title":"Visite priv\u00e9e de la c\u00f4te nord et est \u00e0 Kauai","og_description":"Rejoignez-nous lors de cette visite priv\u00e9e de la c\u00f4te nord et est \u00e0 Kauai et courez la chance de profiter de cette meilleure partie de Kauai. Une exp\u00e9rience priv\u00e9e vraiment incroyable.","og_url":"https:\/\/tourtravelandmore.com\/fr\/tours\/etats-unis-fr\/hawaii-fr\/kauai-fr\/visite-privee-de-la-cote-nord-et-est-a-kauai\/","og_site_name":"Tour Travel And More","article_publisher":"https:\/\/www.facebook.com\/tourtravelandmore\/","article_modified_time":"2021-03-18T10:37:47+00:00","og_image":[{"width":2560,"height":1920,"url":"https:\/\/tourtravelandmore.com\/wp-content\/uploads\/2020\/11\/Kauai-3-scaled.jpg","type":"image\/jpeg"}],"twitter_card":"summary_large_image","twitter_site":"@TourTravel_More","twitter_misc":{"Dur\u00e9e de lecture estim\u00e9e":"2 minutes"},"schema":{"@context":"https:\/\/schema.org","@graph":[{"@type":"WebPage","@id":"https:\/\/tourtravelandmore.com\/fr\/tours\/etats-unis-fr\/hawaii-fr\/kauai-fr\/visite-privee-de-la-cote-nord-et-est-a-kauai\/","url":"https:\/\/tourtravelandmore.com\/fr\/tours\/etats-unis-fr\/hawaii-fr\/kauai-fr\/visite-privee-de-la-cote-nord-et-est-a-kauai\/","name":"Visite priv\u00e9e de la c\u00f4te nord et est \u00e0 Kauai avec un v\u00e9hicule priv\u00e9 et un guide","isPartOf":{"@id":"https:\/\/tourtravelandmore.com\/fr\/#website"},"primaryImageOfPage":{"@id":"https:\/\/tourtravelandmore.com\/fr\/tours\/etats-unis-fr\/hawaii-fr\/kauai-fr\/visite-privee-de-la-cote-nord-et-est-a-kauai\/#primaryimage"},"image":{"@id":"https:\/\/tourtravelandmore.com\/fr\/tours\/etats-unis-fr\/hawaii-fr\/kauai-fr\/visite-privee-de-la-cote-nord-et-est-a-kauai\/#primaryimage"},"thumbnailUrl":"https:\/\/tourtravelandmore.com\/wp-content\/uploads\/2020\/11\/Kauai-3-scaled.jpg","datePublished":"2020-11-05T12:15:25+00:00","dateModified":"2021-03-18T10:37:47+00:00","description":"Rejoignez-nous lors de cette visite priv\u00e9e de la c\u00f4te nord et est \u00e0 Kauai et courez la chance de profiter de cette meilleure partie de Kauai. Une exp\u00e9rience priv\u00e9e vraiment incroyable.","breadcrumb":{"@id":"https:\/\/tourtravelandmore.com\/fr\/tours\/etats-unis-fr\/hawaii-fr\/kauai-fr\/visite-privee-de-la-cote-nord-et-est-a-kauai\/#breadcrumb"},"inLanguage":"fr-FR","potentialAction":[{"@type":"ReadAction","target":["https:\/\/tourtravelandmore.com\/fr\/tours\/etats-unis-fr\/hawaii-fr\/kauai-fr\/visite-privee-de-la-cote-nord-et-est-a-kauai\/"]}]},{"@type":"ImageObject","inLanguage":"fr-FR","@id":"https:\/\/tourtravelandmore.com\/fr\/tours\/etats-unis-fr\/hawaii-fr\/kauai-fr\/visite-privee-de-la-cote-nord-et-est-a-kauai\/#primaryimage","url":"https:\/\/tourtravelandmore.com\/wp-content\/uploads\/2020\/11\/Kauai-3-scaled.jpg","contentUrl":"https:\/\/tourtravelandmore.com\/wp-content\/uploads\/2020\/11\/Kauai-3-scaled.jpg","width":2560,"height":1920},{"@type":"BreadcrumbList","@id":"https:\/\/tourtravelandmore.com\/fr\/tours\/etats-unis-fr\/hawaii-fr\/kauai-fr\/visite-privee-de-la-cote-nord-et-est-a-kauai\/#breadcrumb","itemListElement":[{"@type":"ListItem","position":1,"name":"Home","item":"https:\/\/tourtravelandmore.com\/fr\/"},{"@type":"ListItem","position":2,"name":"Tours","item":"https:\/\/tourtravelandmore.com\/fr\/tours\/"},{"@type":"ListItem","position":3,"name":"Visite priv\u00e9e de la c\u00f4te nord et est \u00e0 Kauai"}]},{"@type":"WebSite","@id":"https:\/\/tourtravelandmore.com\/fr\/#website","url":"https:\/\/tourtravelandmore.com\/fr\/","name":"Tour Travel And More","description":"Private sightseeing tours and luxury transfers in Spain","publisher":{"@id":"https:\/\/tourtravelandmore.com\/fr\/#organization"},"potentialAction":[{"@type":"SearchAction","target":{"@type":"EntryPoint","urlTemplate":"https:\/\/tourtravelandmore.com\/fr\/?s={search_term_string}"},"query-input":{"@type":"PropertyValueSpecification","valueRequired":true,"valueName":"search_term_string"}}],"inLanguage":"fr-FR"},{"@type":"Organization","@id":"https:\/\/tourtravelandmore.com\/fr\/#organization","name":"Tour Travel And More","url":"https:\/\/tourtravelandmore.com\/fr\/","logo":{"@type":"ImageObject","inLanguage":"fr-FR","@id":"https:\/\/tourtravelandmore.com\/fr\/#\/schema\/logo\/image\/","url":"https:\/\/tourtravelandmore.com\/wp-content\/uploads\/2022\/12\/cropped-logo-cabecera-new.png","contentUrl":"https:\/\/tourtravelandmore.com\/wp-content\/uploads\/2022\/12\/cropped-logo-cabecera-new.png","width":430,"height":61,"caption":"Tour Travel And More"},"image":{"@id":"https:\/\/tourtravelandmore.com\/fr\/#\/schema\/logo\/image\/"},"sameAs":["https:\/\/www.facebook.com\/tourtravelandmore\/","https:\/\/x.com\/TourTravel_More"]}]}},"_links":{"self":[{"href":"https:\/\/tourtravelandmore.com\/fr\/wp-json\/wp\/v2\/product\/104113","targetHints":{"allow":["GET"]}}],"collection":[{"href":"https:\/\/tourtravelandmore.com\/fr\/wp-json\/wp\/v2\/product"}],"about":[{"href":"https:\/\/tourtravelandmore.com\/fr\/wp-json\/wp\/v2\/types\/product"}],"replies":[{"embeddable":true,"href":"https:\/\/tourtravelandmore.com\/fr\/wp-json\/wp\/v2\/comments?post=104113"}],"wp:featuredmedia":[{"embeddable":true,"href":"https:\/\/tourtravelandmore.com\/fr\/wp-json\/wp\/v2\/media\/86266"}],"wp:attachment":[{"href":"https:\/\/tourtravelandmore.com\/fr\/wp-json\/wp\/v2\/media?parent=104113"}],"wp:term":[{"taxonomy":"product_brand","embeddable":true,"href":"https:\/\/tourtravelandmore.com\/fr\/wp-json\/wp\/v2\/product_brand?post=104113"},{"taxonomy":"product_cat","embeddable":true,"href":"https:\/\/tourtravelandmore.com\/fr\/wp-json\/wp\/v2\/product_cat?post=104113"},{"taxonomy":"product_tag","embeddable":true,"href":"https:\/\/tourtravelandmore.com\/fr\/wp-json\/wp\/v2\/product_tag?post=104113"}],"curies":[{"name":"wp","href":"https:\/\/api.w.org\/{rel}","templated":true}]}}