{"id":104104,"date":"2020-11-09T09:32:46","date_gmt":"2020-11-09T08:32:46","guid":{"rendered":"https:\/\/tourtravelandmore.com\/tours\/non%20class\u00e9\/visite-privee-de-lile-dhawai\/"},"modified":"2021-03-18T11:28:42","modified_gmt":"2021-03-18T10:28:42","slug":"visite-privee-de-lile-dhawai","status":"publish","type":"product","link":"https:\/\/tourtravelandmore.com\/fr\/tours\/etats-unis-fr\/hawaii-fr\/island-of-hawaii-fr\/visite-privee-de-lile-dhawai\/","title":{"rendered":"Visite priv\u00e9e de l&#8217;\u00eele d&#8217;Hawa\u00ef"},"content":{"rendered":"<h2>Description<\/h2>\n<p>Cette visite priv\u00e9e de l&#8217;\u00eele d&#8217;Hawa\u00ef vous attend pour explorer le meilleur de toute l&#8217;\u00eele.<\/p>\n<p>Cela comprendra la visite de Kona, South Kona, Puna, Kau, Hilo, Hamakua, Kohala et des endroits incroyables.<\/p>\n<p>Cette visite priv\u00e9e commencera \u00e0 partir de votre h\u00f4tel ou lieu de votre choix sur l&#8217;\u00eele d&#8217;Hawa\u00ef.<\/p>\n<p>Nous vous emm\u00e8nerons sur tous les sites embl\u00e9matiques de l&#8217;\u00e9tonnante \u00eele d&#8217;Hawa\u00ef.<\/p>\n<p>Notre chauffeur priv\u00e9 sera \u00e0 votre disposition pendant toute l&#8217;exp\u00e9rience.<\/p>\n<h2>Sites d&#8217;int\u00e9r\u00eat et monuments<\/h2>\n<p>Notre visite priv\u00e9e de l&#8217;\u00eele d&#8217;Hawa\u00ef est vraiment une exp\u00e9rience unique!<\/p>\n<p>Nous profiterons du meilleur de Kona. Kona a un littoral incroyable. Nous passerons par le village de Kailua. Cet ancien village de p\u00eacheurs est une ville baln\u00e9aire unique.<\/p>\n<p>Profitez de superbes sites historiques comme Ahuena Heiau et Hulihee Palace.<\/p>\n<p>Nous nous dirigerons \u00e9galement vers South Kona et nous nous dirigerons vers Nelha.<\/p>\n<p>Puuhonua o Honaunau est le lieu de refuge. C&#8217;est l&#8217;un des parcs nationaux des \u00eeles.<\/p>\n<p>Entre Hilo et le parc national des volcans, retrouvez la campagne de Puna. Retrouvez ici les charmes incroyables. Nous appr\u00e9cierons \u00e9galement la ville de Pahoa.<\/p>\n<p>Passez et profitez d&#8217;un arr\u00eat rapide au monument d&#8217;\u00c9tat de Lava Tree.<\/p>\n<p>Apr\u00e8s cela, nous nous dirigerons vers Kau et nous nous arr\u00eaterons \u00e0 la place Mark Twain et au parc Manuka State Wayside. Nous nous dirigerons \u00e9galement vers Panuluu.<\/p>\n<h3>Qu&#8217;est-ce que nous appr\u00e9cierons d&#8217;autre &#8230;<\/h3>\n<p>Apr\u00e8s cela, nous nous dirigerons vers Hilo. Ici vous pouvez trouver les verts \u00e0 gogo. Les \u00eeles hawa\u00efennes offrent des cascades incroyables. L&#8217;\u00eele d&#8217;Hawa\u00ef n&#8217;est pas diff\u00e9rente. Profitez des magnifiques chutes d&#8217;eau du parc national d&#8217;Akaka Falls. Trouvez ici le premier arr\u00eat qui est les chutes de Kahuna et profitez \u00e9galement d&#8217;un arr\u00eat aux chutes d&#8217;Akaka.<\/p>\n<p>Apr\u00e8s cela, nous finirons au centre-ville de Hilo.<\/p>\n<p>En fonction du temps restant, nous organiserons un bref aper\u00e7u de Hamakua. Admirez la statue de Kamehameha.<\/p>\n<p>Cette visite priv\u00e9e se terminera \u00e0 l&#8217;endroit de votre choix sur l&#8217;\u00eele.<\/p>\n<p>Pour l&#8217;\u00eele d&#8217;Hawa\u00ef, nous pouvons vous offrir tout type d&#8217;exp\u00e9rience, visiter les chutes, les volcans ou tout ce que vous voulez.<\/p>\n<p>Jetez un \u0153il \u00e0 nos autres circuits priv\u00e9s que nous vous proposons sur l&#8217;une des \u00eeles.<\/p>\n","protected":false},"excerpt":{"rendered":"<p>Rejoignez-nous lors de cette visite priv\u00e9e de l&#8217;\u00eele d&#8217;Hawa\u00ef et courez la chance de profiter de cette meilleure partie de la grande \u00eele d&#8217;Hawa\u00ef. Nous pouvons personnaliser n&#8217;importe quelle exp\u00e9rience pour vous<\/p>\n","protected":false},"featured_media":86461,"comment_status":"open","ping_status":"closed","template":"","meta":{"_acf_changed":false},"product_brand":[],"product_cat":[3547,3799,3800],"product_tag":[],"class_list":{"0":"post-104104","1":"product","2":"type-product","3":"status-publish","4":"has-post-thumbnail","6":"product_cat-etats-unis-fr","7":"product_cat-hawaii-fr","8":"product_cat-island-of-hawaii-fr","10":"first","11":"instock","12":"shipping-taxable","13":"purchasable","14":"product-type-simple"},"acf":[],"yoast_head":"<!-- This site is optimized with the Yoast SEO Premium plugin v25.3.1 (Yoast SEO v25.3.1) - https:\/\/yoast.com\/wordpress\/plugins\/seo\/ -->\n<title>Visite priv\u00e9e de l&#039;\u00eele d&#039;Hawa\u00ef avec un v\u00e9hicule priv\u00e9 et un guide<\/title>\n<meta name=\"description\" content=\"Rejoignez-nous lors de cette visite priv\u00e9e de l&#039;\u00eele d&#039;Hawa\u00ef et courez la chance de profiter de cette meilleure partie de la grande \u00eele d&#039;Hawa\u00ef. Nous pouvons personnaliser n&#039;importe quelle exp\u00e9rience pour vous\" \/>\n<meta name=\"robots\" content=\"index, follow, max-snippet:-1, max-image-preview:large, max-video-preview:-1\" \/>\n<link rel=\"canonical\" href=\"https:\/\/tourtravelandmore.com\/fr\/tours\/etats-unis-fr\/hawaii-fr\/island-of-hawaii-fr\/visite-privee-de-lile-dhawai\/\" \/>\n<meta property=\"og:locale\" content=\"fr_FR\" \/>\n<meta property=\"og:type\" content=\"article\" \/>\n<meta property=\"og:title\" content=\"Visite priv\u00e9e de l&#039;\u00eele d&#039;Hawa\u00ef\" \/>\n<meta property=\"og:description\" content=\"Rejoignez-nous lors de cette visite priv\u00e9e de l&#039;\u00eele d&#039;Hawa\u00ef et courez la chance de profiter de cette meilleure partie de la grande \u00eele d&#039;Hawa\u00ef. Nous pouvons personnaliser n&#039;importe quelle exp\u00e9rience pour vous\" \/>\n<meta property=\"og:url\" content=\"https:\/\/tourtravelandmore.com\/fr\/tours\/etats-unis-fr\/hawaii-fr\/island-of-hawaii-fr\/visite-privee-de-lile-dhawai\/\" \/>\n<meta property=\"og:site_name\" content=\"Tour Travel And More\" \/>\n<meta property=\"article:publisher\" content=\"https:\/\/www.facebook.com\/tourtravelandmore\/\" \/>\n<meta property=\"article:modified_time\" content=\"2021-03-18T10:28:42+00:00\" \/>\n<meta property=\"og:image\" content=\"https:\/\/tourtravelandmore.com\/wp-content\/uploads\/2020\/11\/Big-island-4-scaled.jpg\" \/>\n\t<meta property=\"og:image:width\" content=\"2560\" \/>\n\t<meta property=\"og:image:height\" content=\"1707\" \/>\n\t<meta property=\"og:image:type\" content=\"image\/jpeg\" \/>\n<meta name=\"twitter:card\" content=\"summary_large_image\" \/>\n<meta name=\"twitter:site\" content=\"@TourTravel_More\" \/>\n<meta name=\"twitter:label1\" content=\"Dur\u00e9e de lecture estim\u00e9e\" \/>\n\t<meta name=\"twitter:data1\" content=\"2 minutes\" \/>\n<script type=\"application\/ld+json\" class=\"yoast-schema-graph\">{\"@context\":\"https:\/\/schema.org\",\"@graph\":[{\"@type\":\"WebPage\",\"@id\":\"https:\/\/tourtravelandmore.com\/fr\/tours\/etats-unis-fr\/hawaii-fr\/island-of-hawaii-fr\/visite-privee-de-lile-dhawai\/\",\"url\":\"https:\/\/tourtravelandmore.com\/fr\/tours\/etats-unis-fr\/hawaii-fr\/island-of-hawaii-fr\/visite-privee-de-lile-dhawai\/\",\"name\":\"Visite priv\u00e9e de l'\u00eele d'Hawa\u00ef avec un v\u00e9hicule priv\u00e9 et un guide\",\"isPartOf\":{\"@id\":\"https:\/\/tourtravelandmore.com\/fr\/#website\"},\"primaryImageOfPage\":{\"@id\":\"https:\/\/tourtravelandmore.com\/fr\/tours\/etats-unis-fr\/hawaii-fr\/island-of-hawaii-fr\/visite-privee-de-lile-dhawai\/#primaryimage\"},\"image\":{\"@id\":\"https:\/\/tourtravelandmore.com\/fr\/tours\/etats-unis-fr\/hawaii-fr\/island-of-hawaii-fr\/visite-privee-de-lile-dhawai\/#primaryimage\"},\"thumbnailUrl\":\"https:\/\/tourtravelandmore.com\/wp-content\/uploads\/2020\/11\/Big-island-4-scaled.jpg\",\"datePublished\":\"2020-11-09T08:32:46+00:00\",\"dateModified\":\"2021-03-18T10:28:42+00:00\",\"description\":\"Rejoignez-nous lors de cette visite priv\u00e9e de l'\u00eele d'Hawa\u00ef et courez la chance de profiter de cette meilleure partie de la grande \u00eele d'Hawa\u00ef. Nous pouvons personnaliser n'importe quelle exp\u00e9rience pour vous\",\"breadcrumb\":{\"@id\":\"https:\/\/tourtravelandmore.com\/fr\/tours\/etats-unis-fr\/hawaii-fr\/island-of-hawaii-fr\/visite-privee-de-lile-dhawai\/#breadcrumb\"},\"inLanguage\":\"fr-FR\",\"potentialAction\":[{\"@type\":\"ReadAction\",\"target\":[\"https:\/\/tourtravelandmore.com\/fr\/tours\/etats-unis-fr\/hawaii-fr\/island-of-hawaii-fr\/visite-privee-de-lile-dhawai\/\"]}]},{\"@type\":\"ImageObject\",\"inLanguage\":\"fr-FR\",\"@id\":\"https:\/\/tourtravelandmore.com\/fr\/tours\/etats-unis-fr\/hawaii-fr\/island-of-hawaii-fr\/visite-privee-de-lile-dhawai\/#primaryimage\",\"url\":\"https:\/\/tourtravelandmore.com\/wp-content\/uploads\/2020\/11\/Big-island-4-scaled.jpg\",\"contentUrl\":\"https:\/\/tourtravelandmore.com\/wp-content\/uploads\/2020\/11\/Big-island-4-scaled.jpg\",\"width\":2560,\"height\":1707},{\"@type\":\"BreadcrumbList\",\"@id\":\"https:\/\/tourtravelandmore.com\/fr\/tours\/etats-unis-fr\/hawaii-fr\/island-of-hawaii-fr\/visite-privee-de-lile-dhawai\/#breadcrumb\",\"itemListElement\":[{\"@type\":\"ListItem\",\"position\":1,\"name\":\"Home\",\"item\":\"https:\/\/tourtravelandmore.com\/fr\/\"},{\"@type\":\"ListItem\",\"position\":2,\"name\":\"Tours\",\"item\":\"https:\/\/tourtravelandmore.com\/fr\/tours\/\"},{\"@type\":\"ListItem\",\"position\":3,\"name\":\"Visite priv\u00e9e de l&rsquo;\u00eele d&rsquo;Hawa\u00ef\"}]},{\"@type\":\"WebSite\",\"@id\":\"https:\/\/tourtravelandmore.com\/fr\/#website\",\"url\":\"https:\/\/tourtravelandmore.com\/fr\/\",\"name\":\"Tour Travel And More\",\"description\":\"Private sightseeing tours and luxury transfers in Spain\",\"publisher\":{\"@id\":\"https:\/\/tourtravelandmore.com\/fr\/#organization\"},\"potentialAction\":[{\"@type\":\"SearchAction\",\"target\":{\"@type\":\"EntryPoint\",\"urlTemplate\":\"https:\/\/tourtravelandmore.com\/fr\/?s={search_term_string}\"},\"query-input\":{\"@type\":\"PropertyValueSpecification\",\"valueRequired\":true,\"valueName\":\"search_term_string\"}}],\"inLanguage\":\"fr-FR\"},{\"@type\":\"Organization\",\"@id\":\"https:\/\/tourtravelandmore.com\/fr\/#organization\",\"name\":\"Tour Travel And More\",\"url\":\"https:\/\/tourtravelandmore.com\/fr\/\",\"logo\":{\"@type\":\"ImageObject\",\"inLanguage\":\"fr-FR\",\"@id\":\"https:\/\/tourtravelandmore.com\/fr\/#\/schema\/logo\/image\/\",\"url\":\"https:\/\/tourtravelandmore.com\/wp-content\/uploads\/2022\/12\/cropped-logo-cabecera-new.png\",\"contentUrl\":\"https:\/\/tourtravelandmore.com\/wp-content\/uploads\/2022\/12\/cropped-logo-cabecera-new.png\",\"width\":430,\"height\":61,\"caption\":\"Tour Travel And More\"},\"image\":{\"@id\":\"https:\/\/tourtravelandmore.com\/fr\/#\/schema\/logo\/image\/\"},\"sameAs\":[\"https:\/\/www.facebook.com\/tourtravelandmore\/\",\"https:\/\/x.com\/TourTravel_More\"]}]}<\/script>\n<!-- \/ Yoast SEO Premium plugin. -->","yoast_head_json":{"title":"Visite priv\u00e9e de l'\u00eele d'Hawa\u00ef avec un v\u00e9hicule priv\u00e9 et un guide","description":"Rejoignez-nous lors de cette visite priv\u00e9e de l'\u00eele d'Hawa\u00ef et courez la chance de profiter de cette meilleure partie de la grande \u00eele d'Hawa\u00ef. Nous pouvons personnaliser n'importe quelle exp\u00e9rience pour vous","robots":{"index":"index","follow":"follow","max-snippet":"max-snippet:-1","max-image-preview":"max-image-preview:large","max-video-preview":"max-video-preview:-1"},"canonical":"https:\/\/tourtravelandmore.com\/fr\/tours\/etats-unis-fr\/hawaii-fr\/island-of-hawaii-fr\/visite-privee-de-lile-dhawai\/","og_locale":"fr_FR","og_type":"article","og_title":"Visite priv\u00e9e de l'\u00eele d'Hawa\u00ef","og_description":"Rejoignez-nous lors de cette visite priv\u00e9e de l'\u00eele d'Hawa\u00ef et courez la chance de profiter de cette meilleure partie de la grande \u00eele d'Hawa\u00ef. Nous pouvons personnaliser n'importe quelle exp\u00e9rience pour vous","og_url":"https:\/\/tourtravelandmore.com\/fr\/tours\/etats-unis-fr\/hawaii-fr\/island-of-hawaii-fr\/visite-privee-de-lile-dhawai\/","og_site_name":"Tour Travel And More","article_publisher":"https:\/\/www.facebook.com\/tourtravelandmore\/","article_modified_time":"2021-03-18T10:28:42+00:00","og_image":[{"width":2560,"height":1707,"url":"https:\/\/tourtravelandmore.com\/wp-content\/uploads\/2020\/11\/Big-island-4-scaled.jpg","type":"image\/jpeg"}],"twitter_card":"summary_large_image","twitter_site":"@TourTravel_More","twitter_misc":{"Dur\u00e9e de lecture estim\u00e9e":"2 minutes"},"schema":{"@context":"https:\/\/schema.org","@graph":[{"@type":"WebPage","@id":"https:\/\/tourtravelandmore.com\/fr\/tours\/etats-unis-fr\/hawaii-fr\/island-of-hawaii-fr\/visite-privee-de-lile-dhawai\/","url":"https:\/\/tourtravelandmore.com\/fr\/tours\/etats-unis-fr\/hawaii-fr\/island-of-hawaii-fr\/visite-privee-de-lile-dhawai\/","name":"Visite priv\u00e9e de l'\u00eele d'Hawa\u00ef avec un v\u00e9hicule priv\u00e9 et un guide","isPartOf":{"@id":"https:\/\/tourtravelandmore.com\/fr\/#website"},"primaryImageOfPage":{"@id":"https:\/\/tourtravelandmore.com\/fr\/tours\/etats-unis-fr\/hawaii-fr\/island-of-hawaii-fr\/visite-privee-de-lile-dhawai\/#primaryimage"},"image":{"@id":"https:\/\/tourtravelandmore.com\/fr\/tours\/etats-unis-fr\/hawaii-fr\/island-of-hawaii-fr\/visite-privee-de-lile-dhawai\/#primaryimage"},"thumbnailUrl":"https:\/\/tourtravelandmore.com\/wp-content\/uploads\/2020\/11\/Big-island-4-scaled.jpg","datePublished":"2020-11-09T08:32:46+00:00","dateModified":"2021-03-18T10:28:42+00:00","description":"Rejoignez-nous lors de cette visite priv\u00e9e de l'\u00eele d'Hawa\u00ef et courez la chance de profiter de cette meilleure partie de la grande \u00eele d'Hawa\u00ef. Nous pouvons personnaliser n'importe quelle exp\u00e9rience pour vous","breadcrumb":{"@id":"https:\/\/tourtravelandmore.com\/fr\/tours\/etats-unis-fr\/hawaii-fr\/island-of-hawaii-fr\/visite-privee-de-lile-dhawai\/#breadcrumb"},"inLanguage":"fr-FR","potentialAction":[{"@type":"ReadAction","target":["https:\/\/tourtravelandmore.com\/fr\/tours\/etats-unis-fr\/hawaii-fr\/island-of-hawaii-fr\/visite-privee-de-lile-dhawai\/"]}]},{"@type":"ImageObject","inLanguage":"fr-FR","@id":"https:\/\/tourtravelandmore.com\/fr\/tours\/etats-unis-fr\/hawaii-fr\/island-of-hawaii-fr\/visite-privee-de-lile-dhawai\/#primaryimage","url":"https:\/\/tourtravelandmore.com\/wp-content\/uploads\/2020\/11\/Big-island-4-scaled.jpg","contentUrl":"https:\/\/tourtravelandmore.com\/wp-content\/uploads\/2020\/11\/Big-island-4-scaled.jpg","width":2560,"height":1707},{"@type":"BreadcrumbList","@id":"https:\/\/tourtravelandmore.com\/fr\/tours\/etats-unis-fr\/hawaii-fr\/island-of-hawaii-fr\/visite-privee-de-lile-dhawai\/#breadcrumb","itemListElement":[{"@type":"ListItem","position":1,"name":"Home","item":"https:\/\/tourtravelandmore.com\/fr\/"},{"@type":"ListItem","position":2,"name":"Tours","item":"https:\/\/tourtravelandmore.com\/fr\/tours\/"},{"@type":"ListItem","position":3,"name":"Visite priv\u00e9e de l&rsquo;\u00eele d&rsquo;Hawa\u00ef"}]},{"@type":"WebSite","@id":"https:\/\/tourtravelandmore.com\/fr\/#website","url":"https:\/\/tourtravelandmore.com\/fr\/","name":"Tour Travel And More","description":"Private sightseeing tours and luxury transfers in Spain","publisher":{"@id":"https:\/\/tourtravelandmore.com\/fr\/#organization"},"potentialAction":[{"@type":"SearchAction","target":{"@type":"EntryPoint","urlTemplate":"https:\/\/tourtravelandmore.com\/fr\/?s={search_term_string}"},"query-input":{"@type":"PropertyValueSpecification","valueRequired":true,"valueName":"search_term_string"}}],"inLanguage":"fr-FR"},{"@type":"Organization","@id":"https:\/\/tourtravelandmore.com\/fr\/#organization","name":"Tour Travel And More","url":"https:\/\/tourtravelandmore.com\/fr\/","logo":{"@type":"ImageObject","inLanguage":"fr-FR","@id":"https:\/\/tourtravelandmore.com\/fr\/#\/schema\/logo\/image\/","url":"https:\/\/tourtravelandmore.com\/wp-content\/uploads\/2022\/12\/cropped-logo-cabecera-new.png","contentUrl":"https:\/\/tourtravelandmore.com\/wp-content\/uploads\/2022\/12\/cropped-logo-cabecera-new.png","width":430,"height":61,"caption":"Tour Travel And More"},"image":{"@id":"https:\/\/tourtravelandmore.com\/fr\/#\/schema\/logo\/image\/"},"sameAs":["https:\/\/www.facebook.com\/tourtravelandmore\/","https:\/\/x.com\/TourTravel_More"]}]}},"_links":{"self":[{"href":"https:\/\/tourtravelandmore.com\/fr\/wp-json\/wp\/v2\/product\/104104","targetHints":{"allow":["GET"]}}],"collection":[{"href":"https:\/\/tourtravelandmore.com\/fr\/wp-json\/wp\/v2\/product"}],"about":[{"href":"https:\/\/tourtravelandmore.com\/fr\/wp-json\/wp\/v2\/types\/product"}],"replies":[{"embeddable":true,"href":"https:\/\/tourtravelandmore.com\/fr\/wp-json\/wp\/v2\/comments?post=104104"}],"wp:featuredmedia":[{"embeddable":true,"href":"https:\/\/tourtravelandmore.com\/fr\/wp-json\/wp\/v2\/media\/86461"}],"wp:attachment":[{"href":"https:\/\/tourtravelandmore.com\/fr\/wp-json\/wp\/v2\/media?parent=104104"}],"wp:term":[{"taxonomy":"product_brand","embeddable":true,"href":"https:\/\/tourtravelandmore.com\/fr\/wp-json\/wp\/v2\/product_brand?post=104104"},{"taxonomy":"product_cat","embeddable":true,"href":"https:\/\/tourtravelandmore.com\/fr\/wp-json\/wp\/v2\/product_cat?post=104104"},{"taxonomy":"product_tag","embeddable":true,"href":"https:\/\/tourtravelandmore.com\/fr\/wp-json\/wp\/v2\/product_tag?post=104104"}],"curies":[{"name":"wp","href":"https:\/\/api.w.org\/{rel}","templated":true}]}}