{"id":104094,"date":"2020-11-02T12:19:01","date_gmt":"2020-11-02T11:19:01","guid":{"rendered":"https:\/\/tourtravelandmore.com\/tours\/non%20class\u00e9\/visite-privee-de-louest-de-maui\/"},"modified":"2021-03-18T11:24:40","modified_gmt":"2021-03-18T10:24:40","slug":"visite-privee-de-louest-de-maui","status":"publish","type":"product","link":"https:\/\/tourtravelandmore.com\/fr\/tours\/etats-unis-fr\/hawaii-fr\/maui-fr\/visite-privee-de-louest-de-maui\/","title":{"rendered":"Visite priv\u00e9e de l&#8217;ouest de Maui"},"content":{"rendered":"<h2>Description<\/h2>\n<p>Notre visite priv\u00e9e de l&#8217;ouest de Maui est un excellent moyen de d\u00e9couvrir cette partie de l&#8217;\u00eele. Cette zone vous \u00e9tonnera vraiment!<\/p>\n<p>Comme toutes nos visites, cette visite priv\u00e9e de l&#8217;ouest de Maui est enti\u00e8rement personnalis\u00e9e. Il y a beaucoup \u00e0 faire et \u00e0 voir \u00e0 Maui, c&#8217;est pourquoi nous pouvons personnaliser et personnaliser votre exp\u00e9rience pour cette visite priv\u00e9e de l&#8217;ouest de Maui.<\/p>\n<p>Pour cette visite priv\u00e9e, nous pouvons avoir une visite guid\u00e9e incroyable, aller visiter la vall\u00e9e d&#8217;Iao et une exp\u00e9rience plus de randonn\u00e9e. C&#8217;est pourquoi nous pouvons personnaliser la visite pour vous. Nous pouvons nous concentrer sur l&#8217;histoire et la culture que vous pouvez trouver \u00e0 Maui. Alors dites-nous ce que vous pr\u00e9f\u00e9rez; une visite plus historique et touristique ou une exp\u00e9rience de randonn\u00e9e plus aventureuse.<\/p>\n<p>Ces deux options peuvent \u00eatre effectu\u00e9es au cours de cette visite priv\u00e9e de 8 heures de Maui.<\/p>\n<h2>Sites d&#8217;int\u00e9r\u00eat et monuments<\/h2>\n<p>Apr\u00e8s une prise en charge confortable, nous commencerons cette visite priv\u00e9e sur mesure pour vous. Nos experts en voyages vous aideront \u00e0 organiser une incroyable visite priv\u00e9e pour vous!<\/p>\n<p>Dans le pass\u00e9, cette partie de Maui \u00e9tait m\u00eame consid\u00e9r\u00e9e comme la capitale du royaume hawa\u00efen. C&#8217;est l\u00e0 que vous pourriez trouver la royaut\u00e9 hawa\u00efenne. Aujourd&#8217;hui, laissez-nous vous emmener dans cette exp\u00e9rience et profiter du meilleur des stations baln\u00e9aires, de l&#8217;histoire, du shopping, des restaurants et des super activit\u00e9s!<\/p>\n<p>Voici quelques faits saillants que vous pouvez appr\u00e9cier lors de notre visite priv\u00e9e de l&#8217;ouest de Maui:<\/p>\n<ul>\n<li>Ville historique de Lahaina<\/li>\n<li>Belv\u00e9d\u00e8re de Pali<\/li>\n<li>Arbre de lahaina banian<\/li>\n<li>Kapalua<\/li>\n<li>Plage de Kaanapali<\/li>\n<li>Nakalele Blowhole<\/li>\n<li>Sentier de la zone de guerre acide<\/li>\n<li>Cliff House<\/li>\n<li>Baie d&#8217;Honolua<\/li>\n<li>Olivine Pools, bassins de mar\u00e9e<\/li>\n<li>Sentier Ohai Loop<\/li>\n<li>Village de Kahakuloa<\/li>\n<\/ul>\n<p>Terminez cette visite priv\u00e9e par un d\u00e9p\u00f4t priv\u00e9 \u00e0 votre h\u00f4tel ou lieu de votre choix \u00e0 Maui. Nos experts en voyages chez Tour Travel &amp; More sont l\u00e0 pour vous faire passer une journ\u00e9e m\u00e9morable!<\/p>\n<p>Ne manquez pas ce que nous avons \u00e0 offrir sur les \u00eeles d&#8217;Hawa\u00ef!<\/p>\n","protected":false},"excerpt":{"rendered":"<p>Rejoignez-nous pour cette visite priv\u00e9e de l&#8217;ouest de Maui et obtenez la chance de profiter du meilleur de la r\u00e9gion de West Maui. Une exp\u00e9rience priv\u00e9e vraiment incroyable.<\/p>\n","protected":false},"featured_media":85785,"comment_status":"open","ping_status":"closed","template":"","meta":{"_acf_changed":false},"product_brand":[],"product_cat":[3547,3799,3801],"product_tag":[],"class_list":{"0":"post-104094","1":"product","2":"type-product","3":"status-publish","4":"has-post-thumbnail","6":"product_cat-etats-unis-fr","7":"product_cat-hawaii-fr","8":"product_cat-maui-fr","10":"first","11":"instock","12":"shipping-taxable","13":"purchasable","14":"product-type-simple"},"acf":[],"yoast_head":"<!-- This site is optimized with the Yoast SEO Premium plugin v25.3.1 (Yoast SEO v25.3.1) - https:\/\/yoast.com\/wordpress\/plugins\/seo\/ -->\n<title>Visite priv\u00e9e de l&#039;ouest de Maui avec un v\u00e9hicule priv\u00e9 et un guide priv\u00e9<\/title>\n<meta name=\"description\" content=\"Rejoignez-nous pour cette visite priv\u00e9e de l&#039;ouest de Maui et obtenez la chance de profiter du meilleur de la r\u00e9gion de West Maui. Une exp\u00e9rience priv\u00e9e vraiment incroyable.\" \/>\n<meta name=\"robots\" content=\"index, follow, max-snippet:-1, max-image-preview:large, max-video-preview:-1\" \/>\n<link rel=\"canonical\" href=\"https:\/\/tourtravelandmore.com\/fr\/tours\/etats-unis-fr\/hawaii-fr\/maui-fr\/visite-privee-de-louest-de-maui\/\" \/>\n<meta property=\"og:locale\" content=\"fr_FR\" \/>\n<meta property=\"og:type\" content=\"article\" \/>\n<meta property=\"og:title\" content=\"Visite priv\u00e9e de l&#039;ouest de Maui\" \/>\n<meta property=\"og:description\" content=\"Rejoignez-nous pour cette visite priv\u00e9e de l&#039;ouest de Maui et obtenez la chance de profiter du meilleur de la r\u00e9gion de West Maui. Une exp\u00e9rience priv\u00e9e vraiment incroyable.\" \/>\n<meta property=\"og:url\" content=\"https:\/\/tourtravelandmore.com\/fr\/tours\/etats-unis-fr\/hawaii-fr\/maui-fr\/visite-privee-de-louest-de-maui\/\" \/>\n<meta property=\"og:site_name\" content=\"Tour Travel And More\" \/>\n<meta property=\"article:publisher\" content=\"https:\/\/www.facebook.com\/tourtravelandmore\/\" \/>\n<meta property=\"article:modified_time\" content=\"2021-03-18T10:24:40+00:00\" \/>\n<meta property=\"og:image\" content=\"https:\/\/tourtravelandmore.com\/wp-content\/uploads\/2020\/11\/West-maui-3-scaled.jpg\" \/>\n\t<meta property=\"og:image:width\" content=\"2560\" \/>\n\t<meta property=\"og:image:height\" content=\"1707\" \/>\n\t<meta property=\"og:image:type\" content=\"image\/jpeg\" \/>\n<meta name=\"twitter:card\" content=\"summary_large_image\" \/>\n<meta name=\"twitter:site\" content=\"@TourTravel_More\" \/>\n<meta name=\"twitter:label1\" content=\"Dur\u00e9e de lecture estim\u00e9e\" \/>\n\t<meta name=\"twitter:data1\" content=\"2 minutes\" \/>\n<script type=\"application\/ld+json\" class=\"yoast-schema-graph\">{\"@context\":\"https:\/\/schema.org\",\"@graph\":[{\"@type\":\"WebPage\",\"@id\":\"https:\/\/tourtravelandmore.com\/fr\/tours\/etats-unis-fr\/hawaii-fr\/maui-fr\/visite-privee-de-louest-de-maui\/\",\"url\":\"https:\/\/tourtravelandmore.com\/fr\/tours\/etats-unis-fr\/hawaii-fr\/maui-fr\/visite-privee-de-louest-de-maui\/\",\"name\":\"Visite priv\u00e9e de l'ouest de Maui avec un v\u00e9hicule priv\u00e9 et un guide priv\u00e9\",\"isPartOf\":{\"@id\":\"https:\/\/tourtravelandmore.com\/fr\/#website\"},\"primaryImageOfPage\":{\"@id\":\"https:\/\/tourtravelandmore.com\/fr\/tours\/etats-unis-fr\/hawaii-fr\/maui-fr\/visite-privee-de-louest-de-maui\/#primaryimage\"},\"image\":{\"@id\":\"https:\/\/tourtravelandmore.com\/fr\/tours\/etats-unis-fr\/hawaii-fr\/maui-fr\/visite-privee-de-louest-de-maui\/#primaryimage\"},\"thumbnailUrl\":\"https:\/\/tourtravelandmore.com\/wp-content\/uploads\/2020\/11\/West-maui-3-scaled.jpg\",\"datePublished\":\"2020-11-02T11:19:01+00:00\",\"dateModified\":\"2021-03-18T10:24:40+00:00\",\"description\":\"Rejoignez-nous pour cette visite priv\u00e9e de l'ouest de Maui et obtenez la chance de profiter du meilleur de la r\u00e9gion de West Maui. Une exp\u00e9rience priv\u00e9e vraiment incroyable.\",\"breadcrumb\":{\"@id\":\"https:\/\/tourtravelandmore.com\/fr\/tours\/etats-unis-fr\/hawaii-fr\/maui-fr\/visite-privee-de-louest-de-maui\/#breadcrumb\"},\"inLanguage\":\"fr-FR\",\"potentialAction\":[{\"@type\":\"ReadAction\",\"target\":[\"https:\/\/tourtravelandmore.com\/fr\/tours\/etats-unis-fr\/hawaii-fr\/maui-fr\/visite-privee-de-louest-de-maui\/\"]}]},{\"@type\":\"ImageObject\",\"inLanguage\":\"fr-FR\",\"@id\":\"https:\/\/tourtravelandmore.com\/fr\/tours\/etats-unis-fr\/hawaii-fr\/maui-fr\/visite-privee-de-louest-de-maui\/#primaryimage\",\"url\":\"https:\/\/tourtravelandmore.com\/wp-content\/uploads\/2020\/11\/West-maui-3-scaled.jpg\",\"contentUrl\":\"https:\/\/tourtravelandmore.com\/wp-content\/uploads\/2020\/11\/West-maui-3-scaled.jpg\",\"width\":2560,\"height\":1707},{\"@type\":\"BreadcrumbList\",\"@id\":\"https:\/\/tourtravelandmore.com\/fr\/tours\/etats-unis-fr\/hawaii-fr\/maui-fr\/visite-privee-de-louest-de-maui\/#breadcrumb\",\"itemListElement\":[{\"@type\":\"ListItem\",\"position\":1,\"name\":\"Home\",\"item\":\"https:\/\/tourtravelandmore.com\/fr\/\"},{\"@type\":\"ListItem\",\"position\":2,\"name\":\"Tours\",\"item\":\"https:\/\/tourtravelandmore.com\/fr\/tours\/\"},{\"@type\":\"ListItem\",\"position\":3,\"name\":\"Visite priv\u00e9e de l&rsquo;ouest de Maui\"}]},{\"@type\":\"WebSite\",\"@id\":\"https:\/\/tourtravelandmore.com\/fr\/#website\",\"url\":\"https:\/\/tourtravelandmore.com\/fr\/\",\"name\":\"Tour Travel And More\",\"description\":\"Private sightseeing tours and luxury transfers in Spain\",\"publisher\":{\"@id\":\"https:\/\/tourtravelandmore.com\/fr\/#organization\"},\"potentialAction\":[{\"@type\":\"SearchAction\",\"target\":{\"@type\":\"EntryPoint\",\"urlTemplate\":\"https:\/\/tourtravelandmore.com\/fr\/?s={search_term_string}\"},\"query-input\":{\"@type\":\"PropertyValueSpecification\",\"valueRequired\":true,\"valueName\":\"search_term_string\"}}],\"inLanguage\":\"fr-FR\"},{\"@type\":\"Organization\",\"@id\":\"https:\/\/tourtravelandmore.com\/fr\/#organization\",\"name\":\"Tour Travel And More\",\"url\":\"https:\/\/tourtravelandmore.com\/fr\/\",\"logo\":{\"@type\":\"ImageObject\",\"inLanguage\":\"fr-FR\",\"@id\":\"https:\/\/tourtravelandmore.com\/fr\/#\/schema\/logo\/image\/\",\"url\":\"https:\/\/tourtravelandmore.com\/wp-content\/uploads\/2022\/12\/cropped-logo-cabecera-new.png\",\"contentUrl\":\"https:\/\/tourtravelandmore.com\/wp-content\/uploads\/2022\/12\/cropped-logo-cabecera-new.png\",\"width\":430,\"height\":61,\"caption\":\"Tour Travel And More\"},\"image\":{\"@id\":\"https:\/\/tourtravelandmore.com\/fr\/#\/schema\/logo\/image\/\"},\"sameAs\":[\"https:\/\/www.facebook.com\/tourtravelandmore\/\",\"https:\/\/x.com\/TourTravel_More\"]}]}<\/script>\n<!-- \/ Yoast SEO Premium plugin. -->","yoast_head_json":{"title":"Visite priv\u00e9e de l'ouest de Maui avec un v\u00e9hicule priv\u00e9 et un guide priv\u00e9","description":"Rejoignez-nous pour cette visite priv\u00e9e de l'ouest de Maui et obtenez la chance de profiter du meilleur de la r\u00e9gion de West Maui. Une exp\u00e9rience priv\u00e9e vraiment incroyable.","robots":{"index":"index","follow":"follow","max-snippet":"max-snippet:-1","max-image-preview":"max-image-preview:large","max-video-preview":"max-video-preview:-1"},"canonical":"https:\/\/tourtravelandmore.com\/fr\/tours\/etats-unis-fr\/hawaii-fr\/maui-fr\/visite-privee-de-louest-de-maui\/","og_locale":"fr_FR","og_type":"article","og_title":"Visite priv\u00e9e de l'ouest de Maui","og_description":"Rejoignez-nous pour cette visite priv\u00e9e de l'ouest de Maui et obtenez la chance de profiter du meilleur de la r\u00e9gion de West Maui. Une exp\u00e9rience priv\u00e9e vraiment incroyable.","og_url":"https:\/\/tourtravelandmore.com\/fr\/tours\/etats-unis-fr\/hawaii-fr\/maui-fr\/visite-privee-de-louest-de-maui\/","og_site_name":"Tour Travel And More","article_publisher":"https:\/\/www.facebook.com\/tourtravelandmore\/","article_modified_time":"2021-03-18T10:24:40+00:00","og_image":[{"width":2560,"height":1707,"url":"https:\/\/tourtravelandmore.com\/wp-content\/uploads\/2020\/11\/West-maui-3-scaled.jpg","type":"image\/jpeg"}],"twitter_card":"summary_large_image","twitter_site":"@TourTravel_More","twitter_misc":{"Dur\u00e9e de lecture estim\u00e9e":"2 minutes"},"schema":{"@context":"https:\/\/schema.org","@graph":[{"@type":"WebPage","@id":"https:\/\/tourtravelandmore.com\/fr\/tours\/etats-unis-fr\/hawaii-fr\/maui-fr\/visite-privee-de-louest-de-maui\/","url":"https:\/\/tourtravelandmore.com\/fr\/tours\/etats-unis-fr\/hawaii-fr\/maui-fr\/visite-privee-de-louest-de-maui\/","name":"Visite priv\u00e9e de l'ouest de Maui avec un v\u00e9hicule priv\u00e9 et un guide priv\u00e9","isPartOf":{"@id":"https:\/\/tourtravelandmore.com\/fr\/#website"},"primaryImageOfPage":{"@id":"https:\/\/tourtravelandmore.com\/fr\/tours\/etats-unis-fr\/hawaii-fr\/maui-fr\/visite-privee-de-louest-de-maui\/#primaryimage"},"image":{"@id":"https:\/\/tourtravelandmore.com\/fr\/tours\/etats-unis-fr\/hawaii-fr\/maui-fr\/visite-privee-de-louest-de-maui\/#primaryimage"},"thumbnailUrl":"https:\/\/tourtravelandmore.com\/wp-content\/uploads\/2020\/11\/West-maui-3-scaled.jpg","datePublished":"2020-11-02T11:19:01+00:00","dateModified":"2021-03-18T10:24:40+00:00","description":"Rejoignez-nous pour cette visite priv\u00e9e de l'ouest de Maui et obtenez la chance de profiter du meilleur de la r\u00e9gion de West Maui. Une exp\u00e9rience priv\u00e9e vraiment incroyable.","breadcrumb":{"@id":"https:\/\/tourtravelandmore.com\/fr\/tours\/etats-unis-fr\/hawaii-fr\/maui-fr\/visite-privee-de-louest-de-maui\/#breadcrumb"},"inLanguage":"fr-FR","potentialAction":[{"@type":"ReadAction","target":["https:\/\/tourtravelandmore.com\/fr\/tours\/etats-unis-fr\/hawaii-fr\/maui-fr\/visite-privee-de-louest-de-maui\/"]}]},{"@type":"ImageObject","inLanguage":"fr-FR","@id":"https:\/\/tourtravelandmore.com\/fr\/tours\/etats-unis-fr\/hawaii-fr\/maui-fr\/visite-privee-de-louest-de-maui\/#primaryimage","url":"https:\/\/tourtravelandmore.com\/wp-content\/uploads\/2020\/11\/West-maui-3-scaled.jpg","contentUrl":"https:\/\/tourtravelandmore.com\/wp-content\/uploads\/2020\/11\/West-maui-3-scaled.jpg","width":2560,"height":1707},{"@type":"BreadcrumbList","@id":"https:\/\/tourtravelandmore.com\/fr\/tours\/etats-unis-fr\/hawaii-fr\/maui-fr\/visite-privee-de-louest-de-maui\/#breadcrumb","itemListElement":[{"@type":"ListItem","position":1,"name":"Home","item":"https:\/\/tourtravelandmore.com\/fr\/"},{"@type":"ListItem","position":2,"name":"Tours","item":"https:\/\/tourtravelandmore.com\/fr\/tours\/"},{"@type":"ListItem","position":3,"name":"Visite priv\u00e9e de l&rsquo;ouest de Maui"}]},{"@type":"WebSite","@id":"https:\/\/tourtravelandmore.com\/fr\/#website","url":"https:\/\/tourtravelandmore.com\/fr\/","name":"Tour Travel And More","description":"Private sightseeing tours and luxury transfers in Spain","publisher":{"@id":"https:\/\/tourtravelandmore.com\/fr\/#organization"},"potentialAction":[{"@type":"SearchAction","target":{"@type":"EntryPoint","urlTemplate":"https:\/\/tourtravelandmore.com\/fr\/?s={search_term_string}"},"query-input":{"@type":"PropertyValueSpecification","valueRequired":true,"valueName":"search_term_string"}}],"inLanguage":"fr-FR"},{"@type":"Organization","@id":"https:\/\/tourtravelandmore.com\/fr\/#organization","name":"Tour Travel And More","url":"https:\/\/tourtravelandmore.com\/fr\/","logo":{"@type":"ImageObject","inLanguage":"fr-FR","@id":"https:\/\/tourtravelandmore.com\/fr\/#\/schema\/logo\/image\/","url":"https:\/\/tourtravelandmore.com\/wp-content\/uploads\/2022\/12\/cropped-logo-cabecera-new.png","contentUrl":"https:\/\/tourtravelandmore.com\/wp-content\/uploads\/2022\/12\/cropped-logo-cabecera-new.png","width":430,"height":61,"caption":"Tour Travel And More"},"image":{"@id":"https:\/\/tourtravelandmore.com\/fr\/#\/schema\/logo\/image\/"},"sameAs":["https:\/\/www.facebook.com\/tourtravelandmore\/","https:\/\/x.com\/TourTravel_More"]}]}},"_links":{"self":[{"href":"https:\/\/tourtravelandmore.com\/fr\/wp-json\/wp\/v2\/product\/104094","targetHints":{"allow":["GET"]}}],"collection":[{"href":"https:\/\/tourtravelandmore.com\/fr\/wp-json\/wp\/v2\/product"}],"about":[{"href":"https:\/\/tourtravelandmore.com\/fr\/wp-json\/wp\/v2\/types\/product"}],"replies":[{"embeddable":true,"href":"https:\/\/tourtravelandmore.com\/fr\/wp-json\/wp\/v2\/comments?post=104094"}],"wp:featuredmedia":[{"embeddable":true,"href":"https:\/\/tourtravelandmore.com\/fr\/wp-json\/wp\/v2\/media\/85785"}],"wp:attachment":[{"href":"https:\/\/tourtravelandmore.com\/fr\/wp-json\/wp\/v2\/media?parent=104094"}],"wp:term":[{"taxonomy":"product_brand","embeddable":true,"href":"https:\/\/tourtravelandmore.com\/fr\/wp-json\/wp\/v2\/product_brand?post=104094"},{"taxonomy":"product_cat","embeddable":true,"href":"https:\/\/tourtravelandmore.com\/fr\/wp-json\/wp\/v2\/product_cat?post=104094"},{"taxonomy":"product_tag","embeddable":true,"href":"https:\/\/tourtravelandmore.com\/fr\/wp-json\/wp\/v2\/product_tag?post=104094"}],"curies":[{"name":"wp","href":"https:\/\/api.w.org\/{rel}","templated":true}]}}