{"id":104087,"date":"2020-11-02T12:03:13","date_gmt":"2020-11-02T11:03:13","guid":{"rendered":"https:\/\/tourtravelandmore.com\/tours\/non%20class\u00e9\/visite-privee-de-haleakala-et-de-la-vallee-diao\/"},"modified":"2021-03-18T11:23:13","modified_gmt":"2021-03-18T10:23:13","slug":"visite-privee-de-haleakala-et-de-la-vallee-diao","status":"publish","type":"product","link":"https:\/\/tourtravelandmore.com\/fr\/tours\/etats-unis-fr\/hawaii-fr\/maui-fr\/visite-privee-de-haleakala-et-de-la-vallee-diao\/","title":{"rendered":"Visite priv\u00e9e de Haleakala et de la vall\u00e9e d&#8217;Iao"},"content":{"rendered":"<h2>Description<\/h2>\n<p>Notre visite priv\u00e9e de Haleakala et de la vall\u00e9e d&#8217;Iao pour une exp\u00e9rience incroyable avec des vues incroyables.<\/p>\n<p>Nous vous emm\u00e8nerons au parc national de Haleakala pour une visite vraiment unique. Profitez d&#8217;une vue imprenable sur l&#8217;\u00eele de Maui.<\/p>\n<p>Maui a bien plus que de superbes plages. Ces vues de Haleakala ainsi que de la vall\u00e9e d&#8217;Iao sont vraiment une exp\u00e9rience qui vous attend!<\/p>\n<p>Tout d&#8217;abord, nous organiserons une prise en charge confortable depuis votre h\u00f4tel \u00e0 Maui. Selon l&#8217;endroit o\u00f9 se trouve votre h\u00f4tel, il peut y avoir un suppl\u00e9ment.<\/p>\n<p>Nous nous dirigerons ensuite vers les endroits incroyables de Haleakala ainsi que de la vall\u00e9e d&#8217;Iao!<\/p>\n<p>Vous aurez \u00e9galement le temps de manger un morceau. Nous pouvons personnaliser cette visite en fonction de vos propres besoins. Cela peut inclure des arr\u00eats de magasinage, des arr\u00eats de restauration ou tout ce que vous souhaitez.<\/p>\n<h2>Sites d&#8217;int\u00e9r\u00eat et monuments<\/h2>\n<p>Apr\u00e8s votre prise en charge, nous commencerons cette visite priv\u00e9e de Haleakala et de la vall\u00e9e d&#8217;Iao \u00e0 Maui. Notre guide est un expert de cette \u00eele incroyable et est l\u00e0 pour rendre votre exp\u00e9rience m\u00e9morable.<\/p>\n<p>Voici quelques arr\u00eats et destinations dont vous pouvez profiter:<\/p>\n<ul>\n<li>Vues dans le crat\u00e8re du parc national de Haleakala.<\/li>\n<li>Point d&#8217;observation de Red Hill<\/li>\n<li>Plantes end\u00e9miques Silversword<\/li>\n<li>Pa Ka&#8217;oao. Ceci est \u00e9galement connu sous le nom de sentier White Hill<\/li>\n<li>Centres d&#8217;accueil du parc national<\/li>\n<li>Vue sur Kalahaku<\/li>\n<li>Hosmer&#8217;s Grove Nature Trail, oiseaux end\u00e9miques<\/li>\n<li>Parc d&#8217;\u00c9tat de la vall\u00e9e d&#8217;Iao<\/li>\n<li>Beaucoup plus!<\/li>\n<\/ul>\n<p>Jetez un \u0153il \u00e0 nos visites priv\u00e9es \u00e0 Hawa\u00ef. Nous proposons des visites priv\u00e9es dans l&#8217;une des 6 \u00eeles hawa\u00efennes. Chez Tour Travel &amp; More, nous proposons \u00e9galement des exp\u00e9riences priv\u00e9es \u00e0 travers le monde. Ne manquez pas nos visites priv\u00e9es ici!<\/p>\n","protected":false},"excerpt":{"rendered":"<p>Rejoignez-nous pour cette visite priv\u00e9e de Haleakala et de la vall\u00e9e d&#8217;Iao et profitez du meilleur de l&#8217;\u00eele de Maui. Visite priv\u00e9e.<\/p>\n","protected":false},"featured_media":85743,"comment_status":"open","ping_status":"closed","template":"","meta":{"_acf_changed":false},"product_brand":[],"product_cat":[3547,3799,3801],"product_tag":[],"class_list":{"0":"post-104087","1":"product","2":"type-product","3":"status-publish","4":"has-post-thumbnail","6":"product_cat-etats-unis-fr","7":"product_cat-hawaii-fr","8":"product_cat-maui-fr","10":"first","11":"instock","12":"shipping-taxable","13":"purchasable","14":"product-type-simple"},"acf":[],"yoast_head":"<!-- This site is optimized with the Yoast SEO Premium plugin v25.3.1 (Yoast SEO v25.3.1) - https:\/\/yoast.com\/wordpress\/plugins\/seo\/ -->\n<title>Visite priv\u00e9e de Haleakala et de la vall\u00e9e d&#039;Iao avec guide priv\u00e9<\/title>\n<meta name=\"description\" content=\"Rejoignez-nous pour cette visite priv\u00e9e de Haleakala et de la vall\u00e9e d&#039;Iao et profitez du meilleur de l&#039;\u00eele de Maui. Visite priv\u00e9e.\" \/>\n<meta name=\"robots\" content=\"index, follow, max-snippet:-1, max-image-preview:large, max-video-preview:-1\" \/>\n<link rel=\"canonical\" href=\"https:\/\/tourtravelandmore.com\/fr\/tours\/etats-unis-fr\/hawaii-fr\/maui-fr\/visite-privee-de-haleakala-et-de-la-vallee-diao\/\" \/>\n<meta property=\"og:locale\" content=\"fr_FR\" \/>\n<meta property=\"og:type\" content=\"article\" \/>\n<meta property=\"og:title\" content=\"Visite priv\u00e9e de Haleakala et de la vall\u00e9e d&#039;Iao\" \/>\n<meta property=\"og:description\" content=\"Rejoignez-nous pour cette visite priv\u00e9e de Haleakala et de la vall\u00e9e d&#039;Iao et profitez du meilleur de l&#039;\u00eele de Maui. Visite priv\u00e9e.\" \/>\n<meta property=\"og:url\" content=\"https:\/\/tourtravelandmore.com\/fr\/tours\/etats-unis-fr\/hawaii-fr\/maui-fr\/visite-privee-de-haleakala-et-de-la-vallee-diao\/\" \/>\n<meta property=\"og:site_name\" content=\"Tour Travel And More\" \/>\n<meta property=\"article:publisher\" content=\"https:\/\/www.facebook.com\/tourtravelandmore\/\" \/>\n<meta property=\"article:modified_time\" content=\"2021-03-18T10:23:13+00:00\" \/>\n<meta property=\"og:image\" content=\"https:\/\/tourtravelandmore.com\/wp-content\/uploads\/2020\/11\/Maui-1-scaled.jpg\" \/>\n\t<meta property=\"og:image:width\" content=\"2560\" \/>\n\t<meta property=\"og:image:height\" content=\"1920\" \/>\n\t<meta property=\"og:image:type\" content=\"image\/jpeg\" \/>\n<meta name=\"twitter:card\" content=\"summary_large_image\" \/>\n<meta name=\"twitter:site\" content=\"@TourTravel_More\" \/>\n<meta name=\"twitter:label1\" content=\"Dur\u00e9e de lecture estim\u00e9e\" \/>\n\t<meta name=\"twitter:data1\" content=\"2 minutes\" \/>\n<script type=\"application\/ld+json\" class=\"yoast-schema-graph\">{\"@context\":\"https:\/\/schema.org\",\"@graph\":[{\"@type\":\"WebPage\",\"@id\":\"https:\/\/tourtravelandmore.com\/fr\/tours\/etats-unis-fr\/hawaii-fr\/maui-fr\/visite-privee-de-haleakala-et-de-la-vallee-diao\/\",\"url\":\"https:\/\/tourtravelandmore.com\/fr\/tours\/etats-unis-fr\/hawaii-fr\/maui-fr\/visite-privee-de-haleakala-et-de-la-vallee-diao\/\",\"name\":\"Visite priv\u00e9e de Haleakala et de la vall\u00e9e d'Iao avec guide priv\u00e9\",\"isPartOf\":{\"@id\":\"https:\/\/tourtravelandmore.com\/fr\/#website\"},\"primaryImageOfPage\":{\"@id\":\"https:\/\/tourtravelandmore.com\/fr\/tours\/etats-unis-fr\/hawaii-fr\/maui-fr\/visite-privee-de-haleakala-et-de-la-vallee-diao\/#primaryimage\"},\"image\":{\"@id\":\"https:\/\/tourtravelandmore.com\/fr\/tours\/etats-unis-fr\/hawaii-fr\/maui-fr\/visite-privee-de-haleakala-et-de-la-vallee-diao\/#primaryimage\"},\"thumbnailUrl\":\"https:\/\/tourtravelandmore.com\/wp-content\/uploads\/2020\/11\/Maui-1-scaled.jpg\",\"datePublished\":\"2020-11-02T11:03:13+00:00\",\"dateModified\":\"2021-03-18T10:23:13+00:00\",\"description\":\"Rejoignez-nous pour cette visite priv\u00e9e de Haleakala et de la vall\u00e9e d'Iao et profitez du meilleur de l'\u00eele de Maui. Visite priv\u00e9e.\",\"breadcrumb\":{\"@id\":\"https:\/\/tourtravelandmore.com\/fr\/tours\/etats-unis-fr\/hawaii-fr\/maui-fr\/visite-privee-de-haleakala-et-de-la-vallee-diao\/#breadcrumb\"},\"inLanguage\":\"fr-FR\",\"potentialAction\":[{\"@type\":\"ReadAction\",\"target\":[\"https:\/\/tourtravelandmore.com\/fr\/tours\/etats-unis-fr\/hawaii-fr\/maui-fr\/visite-privee-de-haleakala-et-de-la-vallee-diao\/\"]}]},{\"@type\":\"ImageObject\",\"inLanguage\":\"fr-FR\",\"@id\":\"https:\/\/tourtravelandmore.com\/fr\/tours\/etats-unis-fr\/hawaii-fr\/maui-fr\/visite-privee-de-haleakala-et-de-la-vallee-diao\/#primaryimage\",\"url\":\"https:\/\/tourtravelandmore.com\/wp-content\/uploads\/2020\/11\/Maui-1-scaled.jpg\",\"contentUrl\":\"https:\/\/tourtravelandmore.com\/wp-content\/uploads\/2020\/11\/Maui-1-scaled.jpg\",\"width\":2560,\"height\":1920},{\"@type\":\"BreadcrumbList\",\"@id\":\"https:\/\/tourtravelandmore.com\/fr\/tours\/etats-unis-fr\/hawaii-fr\/maui-fr\/visite-privee-de-haleakala-et-de-la-vallee-diao\/#breadcrumb\",\"itemListElement\":[{\"@type\":\"ListItem\",\"position\":1,\"name\":\"Home\",\"item\":\"https:\/\/tourtravelandmore.com\/fr\/\"},{\"@type\":\"ListItem\",\"position\":2,\"name\":\"Tours\",\"item\":\"https:\/\/tourtravelandmore.com\/fr\/tours\/\"},{\"@type\":\"ListItem\",\"position\":3,\"name\":\"Visite priv\u00e9e de Haleakala et de la vall\u00e9e d&rsquo;Iao\"}]},{\"@type\":\"WebSite\",\"@id\":\"https:\/\/tourtravelandmore.com\/fr\/#website\",\"url\":\"https:\/\/tourtravelandmore.com\/fr\/\",\"name\":\"Tour Travel And More\",\"description\":\"Private sightseeing tours and luxury transfers in Spain\",\"publisher\":{\"@id\":\"https:\/\/tourtravelandmore.com\/fr\/#organization\"},\"potentialAction\":[{\"@type\":\"SearchAction\",\"target\":{\"@type\":\"EntryPoint\",\"urlTemplate\":\"https:\/\/tourtravelandmore.com\/fr\/?s={search_term_string}\"},\"query-input\":{\"@type\":\"PropertyValueSpecification\",\"valueRequired\":true,\"valueName\":\"search_term_string\"}}],\"inLanguage\":\"fr-FR\"},{\"@type\":\"Organization\",\"@id\":\"https:\/\/tourtravelandmore.com\/fr\/#organization\",\"name\":\"Tour Travel And More\",\"url\":\"https:\/\/tourtravelandmore.com\/fr\/\",\"logo\":{\"@type\":\"ImageObject\",\"inLanguage\":\"fr-FR\",\"@id\":\"https:\/\/tourtravelandmore.com\/fr\/#\/schema\/logo\/image\/\",\"url\":\"https:\/\/tourtravelandmore.com\/wp-content\/uploads\/2022\/12\/cropped-logo-cabecera-new.png\",\"contentUrl\":\"https:\/\/tourtravelandmore.com\/wp-content\/uploads\/2022\/12\/cropped-logo-cabecera-new.png\",\"width\":430,\"height\":61,\"caption\":\"Tour Travel And More\"},\"image\":{\"@id\":\"https:\/\/tourtravelandmore.com\/fr\/#\/schema\/logo\/image\/\"},\"sameAs\":[\"https:\/\/www.facebook.com\/tourtravelandmore\/\",\"https:\/\/x.com\/TourTravel_More\"]}]}<\/script>\n<!-- \/ Yoast SEO Premium plugin. -->","yoast_head_json":{"title":"Visite priv\u00e9e de Haleakala et de la vall\u00e9e d'Iao avec guide priv\u00e9","description":"Rejoignez-nous pour cette visite priv\u00e9e de Haleakala et de la vall\u00e9e d'Iao et profitez du meilleur de l'\u00eele de Maui. Visite priv\u00e9e.","robots":{"index":"index","follow":"follow","max-snippet":"max-snippet:-1","max-image-preview":"max-image-preview:large","max-video-preview":"max-video-preview:-1"},"canonical":"https:\/\/tourtravelandmore.com\/fr\/tours\/etats-unis-fr\/hawaii-fr\/maui-fr\/visite-privee-de-haleakala-et-de-la-vallee-diao\/","og_locale":"fr_FR","og_type":"article","og_title":"Visite priv\u00e9e de Haleakala et de la vall\u00e9e d'Iao","og_description":"Rejoignez-nous pour cette visite priv\u00e9e de Haleakala et de la vall\u00e9e d'Iao et profitez du meilleur de l'\u00eele de Maui. Visite priv\u00e9e.","og_url":"https:\/\/tourtravelandmore.com\/fr\/tours\/etats-unis-fr\/hawaii-fr\/maui-fr\/visite-privee-de-haleakala-et-de-la-vallee-diao\/","og_site_name":"Tour Travel And More","article_publisher":"https:\/\/www.facebook.com\/tourtravelandmore\/","article_modified_time":"2021-03-18T10:23:13+00:00","og_image":[{"width":2560,"height":1920,"url":"https:\/\/tourtravelandmore.com\/wp-content\/uploads\/2020\/11\/Maui-1-scaled.jpg","type":"image\/jpeg"}],"twitter_card":"summary_large_image","twitter_site":"@TourTravel_More","twitter_misc":{"Dur\u00e9e de lecture estim\u00e9e":"2 minutes"},"schema":{"@context":"https:\/\/schema.org","@graph":[{"@type":"WebPage","@id":"https:\/\/tourtravelandmore.com\/fr\/tours\/etats-unis-fr\/hawaii-fr\/maui-fr\/visite-privee-de-haleakala-et-de-la-vallee-diao\/","url":"https:\/\/tourtravelandmore.com\/fr\/tours\/etats-unis-fr\/hawaii-fr\/maui-fr\/visite-privee-de-haleakala-et-de-la-vallee-diao\/","name":"Visite priv\u00e9e de Haleakala et de la vall\u00e9e d'Iao avec guide priv\u00e9","isPartOf":{"@id":"https:\/\/tourtravelandmore.com\/fr\/#website"},"primaryImageOfPage":{"@id":"https:\/\/tourtravelandmore.com\/fr\/tours\/etats-unis-fr\/hawaii-fr\/maui-fr\/visite-privee-de-haleakala-et-de-la-vallee-diao\/#primaryimage"},"image":{"@id":"https:\/\/tourtravelandmore.com\/fr\/tours\/etats-unis-fr\/hawaii-fr\/maui-fr\/visite-privee-de-haleakala-et-de-la-vallee-diao\/#primaryimage"},"thumbnailUrl":"https:\/\/tourtravelandmore.com\/wp-content\/uploads\/2020\/11\/Maui-1-scaled.jpg","datePublished":"2020-11-02T11:03:13+00:00","dateModified":"2021-03-18T10:23:13+00:00","description":"Rejoignez-nous pour cette visite priv\u00e9e de Haleakala et de la vall\u00e9e d'Iao et profitez du meilleur de l'\u00eele de Maui. Visite priv\u00e9e.","breadcrumb":{"@id":"https:\/\/tourtravelandmore.com\/fr\/tours\/etats-unis-fr\/hawaii-fr\/maui-fr\/visite-privee-de-haleakala-et-de-la-vallee-diao\/#breadcrumb"},"inLanguage":"fr-FR","potentialAction":[{"@type":"ReadAction","target":["https:\/\/tourtravelandmore.com\/fr\/tours\/etats-unis-fr\/hawaii-fr\/maui-fr\/visite-privee-de-haleakala-et-de-la-vallee-diao\/"]}]},{"@type":"ImageObject","inLanguage":"fr-FR","@id":"https:\/\/tourtravelandmore.com\/fr\/tours\/etats-unis-fr\/hawaii-fr\/maui-fr\/visite-privee-de-haleakala-et-de-la-vallee-diao\/#primaryimage","url":"https:\/\/tourtravelandmore.com\/wp-content\/uploads\/2020\/11\/Maui-1-scaled.jpg","contentUrl":"https:\/\/tourtravelandmore.com\/wp-content\/uploads\/2020\/11\/Maui-1-scaled.jpg","width":2560,"height":1920},{"@type":"BreadcrumbList","@id":"https:\/\/tourtravelandmore.com\/fr\/tours\/etats-unis-fr\/hawaii-fr\/maui-fr\/visite-privee-de-haleakala-et-de-la-vallee-diao\/#breadcrumb","itemListElement":[{"@type":"ListItem","position":1,"name":"Home","item":"https:\/\/tourtravelandmore.com\/fr\/"},{"@type":"ListItem","position":2,"name":"Tours","item":"https:\/\/tourtravelandmore.com\/fr\/tours\/"},{"@type":"ListItem","position":3,"name":"Visite priv\u00e9e de Haleakala et de la vall\u00e9e d&rsquo;Iao"}]},{"@type":"WebSite","@id":"https:\/\/tourtravelandmore.com\/fr\/#website","url":"https:\/\/tourtravelandmore.com\/fr\/","name":"Tour Travel And More","description":"Private sightseeing tours and luxury transfers in Spain","publisher":{"@id":"https:\/\/tourtravelandmore.com\/fr\/#organization"},"potentialAction":[{"@type":"SearchAction","target":{"@type":"EntryPoint","urlTemplate":"https:\/\/tourtravelandmore.com\/fr\/?s={search_term_string}"},"query-input":{"@type":"PropertyValueSpecification","valueRequired":true,"valueName":"search_term_string"}}],"inLanguage":"fr-FR"},{"@type":"Organization","@id":"https:\/\/tourtravelandmore.com\/fr\/#organization","name":"Tour Travel And More","url":"https:\/\/tourtravelandmore.com\/fr\/","logo":{"@type":"ImageObject","inLanguage":"fr-FR","@id":"https:\/\/tourtravelandmore.com\/fr\/#\/schema\/logo\/image\/","url":"https:\/\/tourtravelandmore.com\/wp-content\/uploads\/2022\/12\/cropped-logo-cabecera-new.png","contentUrl":"https:\/\/tourtravelandmore.com\/wp-content\/uploads\/2022\/12\/cropped-logo-cabecera-new.png","width":430,"height":61,"caption":"Tour Travel And More"},"image":{"@id":"https:\/\/tourtravelandmore.com\/fr\/#\/schema\/logo\/image\/"},"sameAs":["https:\/\/www.facebook.com\/tourtravelandmore\/","https:\/\/x.com\/TourTravel_More"]}]}},"_links":{"self":[{"href":"https:\/\/tourtravelandmore.com\/fr\/wp-json\/wp\/v2\/product\/104087","targetHints":{"allow":["GET"]}}],"collection":[{"href":"https:\/\/tourtravelandmore.com\/fr\/wp-json\/wp\/v2\/product"}],"about":[{"href":"https:\/\/tourtravelandmore.com\/fr\/wp-json\/wp\/v2\/types\/product"}],"replies":[{"embeddable":true,"href":"https:\/\/tourtravelandmore.com\/fr\/wp-json\/wp\/v2\/comments?post=104087"}],"wp:featuredmedia":[{"embeddable":true,"href":"https:\/\/tourtravelandmore.com\/fr\/wp-json\/wp\/v2\/media\/85743"}],"wp:attachment":[{"href":"https:\/\/tourtravelandmore.com\/fr\/wp-json\/wp\/v2\/media?parent=104087"}],"wp:term":[{"taxonomy":"product_brand","embeddable":true,"href":"https:\/\/tourtravelandmore.com\/fr\/wp-json\/wp\/v2\/product_brand?post=104087"},{"taxonomy":"product_cat","embeddable":true,"href":"https:\/\/tourtravelandmore.com\/fr\/wp-json\/wp\/v2\/product_cat?post=104087"},{"taxonomy":"product_tag","embeddable":true,"href":"https:\/\/tourtravelandmore.com\/fr\/wp-json\/wp\/v2\/product_tag?post=104087"}],"curies":[{"name":"wp","href":"https:\/\/api.w.org\/{rel}","templated":true}]}}