{"id":104081,"date":"2020-11-02T10:44:06","date_gmt":"2020-11-02T09:44:06","guid":{"rendered":"https:\/\/tourtravelandmore.com\/tours\/non%20class\u00e9\/route-a-mi-chemin-privee-vers-hana\/"},"modified":"2021-03-18T11:19:15","modified_gmt":"2021-03-18T10:19:15","slug":"route-a-mi-chemin-privee-vers-hana","status":"publish","type":"product","link":"https:\/\/tourtravelandmore.com\/fr\/tours\/etats-unis-fr\/hawaii-fr\/maui-fr\/route-a-mi-chemin-privee-vers-hana\/","title":{"rendered":"Route \u00e0 mi-chemin priv\u00e9e vers Hana"},"content":{"rendered":"<h2>Description<\/h2>\n<p>Notre route priv\u00e9e \u00e0 mi-chemin vers Hana est une exp\u00e9rience formidable pour d\u00e9couvrir la c\u00e9l\u00e8bre route de Hana, m\u00eame si vous ne voulez pas vivre une journ\u00e9e compl\u00e8te.<\/p>\n<p>Tout d&#8217;abord, nous organiserons la prise en charge \u00e0 l&#8217;endroit de votre choix \u00e0 Maui. Apr\u00e8s cela, nous commencerons cette visite priv\u00e9e.<\/p>\n<p>Profitez d&#8217;un go\u00fbt merveilleux de l&#8217;incroyable for\u00eat tropicale et des cascades que vous pouvez voir sur la route de Hana. D\u00e9couvrez ce qu&#8217;il a \u00e0 offrir. Lors de cette demi-visite, vous aurez moins de conduite.<\/p>\n<p>Nous recommandons cette excursion aux familles avec de jeunes enfants ou si vous ne voulez pas passer toute la journ\u00e9e dans le v\u00e9hicule. Cette visite peut se terminer plus t\u00f4t si vous pr\u00e9f\u00e9rez car il s&#8217;agit d&#8217;une visite priv\u00e9e et organis\u00e9e juste pour vous!<\/p>\n<h2>Sites d&#8217;int\u00e9r\u00eat et monuments<\/h2>\n<p>Tout d&#8217;abord, comme toutes nos visites priv\u00e9es, nous commencerons la prise en charge \u00e0 votre h\u00f4tel \u00e0 Maui. Cela peut \u00e9galement provenir de n&#8217;importe quel endroit de Maui que vous souhaitez.<\/p>\n<p>Profitez d&#8217;une vue imprenable sur les incroyables cascades et les meilleurs sites de la route de Hana.<\/p>\n<p>Une fois que nous sommes venus vous chercher, nous commencerons cette visite priv\u00e9e. Ce sera notre route priv\u00e9e \u00e0 mi-chemin vers Hana.<\/p>\n<p>Apr\u00e8s la prise en charge confortable, nous nous dirigerons vers ces arr\u00eats. La commande peut varier selon l&#8217;endroit o\u00f9 nous venons vous chercher \u00e0 la maison.<\/p>\n<ul>\n<li>Surplombent la for\u00eat de bambous. Bref arr\u00eat ici.<\/li>\n<li>Chutes de Waikamoi<\/li>\n<li>Point de vue de Kaumahina Wayside<\/li>\n<li>Baie d&#8217;Honomanu<\/li>\n<li>P\u00e9ninsule de Ke&#8217;anae<\/li>\n<li>Point panoramique de Wailua<\/li>\n<li>Waikani Falls, alias trois ours<\/li>\n<li>Chutes de Pua&#8217;a Ka&#8217;a<\/li>\n<\/ul>\n<p>Jetez un \u0153il \u00e0 nos visites priv\u00e9es dans tout Hawa\u00ef et aux \u00c9tats-Unis! Chez Tour Travel &amp; More, nous proposons de belles exp\u00e9riences. Nous proposons des circuits priv\u00e9s dans le monde entier.<\/p>\n","protected":false},"excerpt":{"rendered":"<p>Laissez-nous vous emmener sur cette route priv\u00e9e \u00e0 mi-chemin vers Hana et profitez du meilleur de la tourn\u00e9e Road to Hana \u00e0 Maui. Visite priv\u00e9e.<\/p>\n","protected":false},"featured_media":85582,"comment_status":"open","ping_status":"closed","template":"","meta":{"_acf_changed":false},"product_brand":[],"product_cat":[3547,3799,3801],"product_tag":[],"class_list":{"0":"post-104081","1":"product","2":"type-product","3":"status-publish","4":"has-post-thumbnail","6":"product_cat-etats-unis-fr","7":"product_cat-hawaii-fr","8":"product_cat-maui-fr","10":"first","11":"instock","12":"shipping-taxable","13":"purchasable","14":"product-type-simple"},"acf":[],"yoast_head":"<!-- This site is optimized with the Yoast SEO Premium plugin v25.3.1 (Yoast SEO v25.3.1) - https:\/\/yoast.com\/wordpress\/plugins\/seo\/ -->\n<title>Route priv\u00e9e \u00e0 mi-chemin vers Hana dans un v\u00e9hicule de luxe et guide priv\u00e9<\/title>\n<meta name=\"description\" content=\"Rejoignez-nous sur cette route priv\u00e9e \u00e0 mi-chemin vers Hana et profitez du meilleur de la tourn\u00e9e Road to Hana \u00e0 Maui. Visite priv\u00e9e.\" \/>\n<meta name=\"robots\" content=\"index, follow, max-snippet:-1, max-image-preview:large, max-video-preview:-1\" \/>\n<link rel=\"canonical\" href=\"https:\/\/tourtravelandmore.com\/fr\/tours\/etats-unis-fr\/hawaii-fr\/maui-fr\/route-a-mi-chemin-privee-vers-hana\/\" \/>\n<meta property=\"og:locale\" content=\"fr_FR\" \/>\n<meta property=\"og:type\" content=\"article\" \/>\n<meta property=\"og:title\" content=\"Route \u00e0 mi-chemin priv\u00e9e vers Hana\" \/>\n<meta property=\"og:description\" content=\"Rejoignez-nous sur cette route priv\u00e9e \u00e0 mi-chemin vers Hana et profitez du meilleur de la tourn\u00e9e Road to Hana \u00e0 Maui. Visite priv\u00e9e.\" \/>\n<meta property=\"og:url\" content=\"https:\/\/tourtravelandmore.com\/fr\/tours\/etats-unis-fr\/hawaii-fr\/maui-fr\/route-a-mi-chemin-privee-vers-hana\/\" \/>\n<meta property=\"og:site_name\" content=\"Tour Travel And More\" \/>\n<meta property=\"article:publisher\" content=\"https:\/\/www.facebook.com\/tourtravelandmore\/\" \/>\n<meta property=\"article:modified_time\" content=\"2021-03-18T10:19:15+00:00\" \/>\n<meta property=\"og:image\" content=\"https:\/\/tourtravelandmore.com\/wp-content\/uploads\/2020\/10\/Hana-4-scaled.jpg\" \/>\n\t<meta property=\"og:image:width\" content=\"2560\" \/>\n\t<meta property=\"og:image:height\" content=\"1696\" \/>\n\t<meta property=\"og:image:type\" content=\"image\/jpeg\" \/>\n<meta name=\"twitter:card\" content=\"summary_large_image\" \/>\n<meta name=\"twitter:site\" content=\"@TourTravel_More\" \/>\n<meta name=\"twitter:label1\" content=\"Dur\u00e9e de lecture estim\u00e9e\" \/>\n\t<meta name=\"twitter:data1\" content=\"2 minutes\" \/>\n<script type=\"application\/ld+json\" class=\"yoast-schema-graph\">{\"@context\":\"https:\/\/schema.org\",\"@graph\":[{\"@type\":\"WebPage\",\"@id\":\"https:\/\/tourtravelandmore.com\/fr\/tours\/etats-unis-fr\/hawaii-fr\/maui-fr\/route-a-mi-chemin-privee-vers-hana\/\",\"url\":\"https:\/\/tourtravelandmore.com\/fr\/tours\/etats-unis-fr\/hawaii-fr\/maui-fr\/route-a-mi-chemin-privee-vers-hana\/\",\"name\":\"Route priv\u00e9e \u00e0 mi-chemin vers Hana dans un v\u00e9hicule de luxe et guide priv\u00e9\",\"isPartOf\":{\"@id\":\"https:\/\/tourtravelandmore.com\/fr\/#website\"},\"primaryImageOfPage\":{\"@id\":\"https:\/\/tourtravelandmore.com\/fr\/tours\/etats-unis-fr\/hawaii-fr\/maui-fr\/route-a-mi-chemin-privee-vers-hana\/#primaryimage\"},\"image\":{\"@id\":\"https:\/\/tourtravelandmore.com\/fr\/tours\/etats-unis-fr\/hawaii-fr\/maui-fr\/route-a-mi-chemin-privee-vers-hana\/#primaryimage\"},\"thumbnailUrl\":\"https:\/\/tourtravelandmore.com\/wp-content\/uploads\/2020\/10\/Hana-4-scaled.jpg\",\"datePublished\":\"2020-11-02T09:44:06+00:00\",\"dateModified\":\"2021-03-18T10:19:15+00:00\",\"description\":\"Rejoignez-nous sur cette route priv\u00e9e \u00e0 mi-chemin vers Hana et profitez du meilleur de la tourn\u00e9e Road to Hana \u00e0 Maui. Visite priv\u00e9e.\",\"breadcrumb\":{\"@id\":\"https:\/\/tourtravelandmore.com\/fr\/tours\/etats-unis-fr\/hawaii-fr\/maui-fr\/route-a-mi-chemin-privee-vers-hana\/#breadcrumb\"},\"inLanguage\":\"fr-FR\",\"potentialAction\":[{\"@type\":\"ReadAction\",\"target\":[\"https:\/\/tourtravelandmore.com\/fr\/tours\/etats-unis-fr\/hawaii-fr\/maui-fr\/route-a-mi-chemin-privee-vers-hana\/\"]}]},{\"@type\":\"ImageObject\",\"inLanguage\":\"fr-FR\",\"@id\":\"https:\/\/tourtravelandmore.com\/fr\/tours\/etats-unis-fr\/hawaii-fr\/maui-fr\/route-a-mi-chemin-privee-vers-hana\/#primaryimage\",\"url\":\"https:\/\/tourtravelandmore.com\/wp-content\/uploads\/2020\/10\/Hana-4-scaled.jpg\",\"contentUrl\":\"https:\/\/tourtravelandmore.com\/wp-content\/uploads\/2020\/10\/Hana-4-scaled.jpg\",\"width\":2560,\"height\":1696},{\"@type\":\"BreadcrumbList\",\"@id\":\"https:\/\/tourtravelandmore.com\/fr\/tours\/etats-unis-fr\/hawaii-fr\/maui-fr\/route-a-mi-chemin-privee-vers-hana\/#breadcrumb\",\"itemListElement\":[{\"@type\":\"ListItem\",\"position\":1,\"name\":\"Home\",\"item\":\"https:\/\/tourtravelandmore.com\/fr\/\"},{\"@type\":\"ListItem\",\"position\":2,\"name\":\"Tours\",\"item\":\"https:\/\/tourtravelandmore.com\/fr\/tours\/\"},{\"@type\":\"ListItem\",\"position\":3,\"name\":\"Route \u00e0 mi-chemin priv\u00e9e vers Hana\"}]},{\"@type\":\"WebSite\",\"@id\":\"https:\/\/tourtravelandmore.com\/fr\/#website\",\"url\":\"https:\/\/tourtravelandmore.com\/fr\/\",\"name\":\"Tour Travel And More\",\"description\":\"Private sightseeing tours and luxury transfers in Spain\",\"publisher\":{\"@id\":\"https:\/\/tourtravelandmore.com\/fr\/#organization\"},\"potentialAction\":[{\"@type\":\"SearchAction\",\"target\":{\"@type\":\"EntryPoint\",\"urlTemplate\":\"https:\/\/tourtravelandmore.com\/fr\/?s={search_term_string}\"},\"query-input\":{\"@type\":\"PropertyValueSpecification\",\"valueRequired\":true,\"valueName\":\"search_term_string\"}}],\"inLanguage\":\"fr-FR\"},{\"@type\":\"Organization\",\"@id\":\"https:\/\/tourtravelandmore.com\/fr\/#organization\",\"name\":\"Tour Travel And More\",\"url\":\"https:\/\/tourtravelandmore.com\/fr\/\",\"logo\":{\"@type\":\"ImageObject\",\"inLanguage\":\"fr-FR\",\"@id\":\"https:\/\/tourtravelandmore.com\/fr\/#\/schema\/logo\/image\/\",\"url\":\"https:\/\/tourtravelandmore.com\/wp-content\/uploads\/2022\/12\/cropped-logo-cabecera-new.png\",\"contentUrl\":\"https:\/\/tourtravelandmore.com\/wp-content\/uploads\/2022\/12\/cropped-logo-cabecera-new.png\",\"width\":430,\"height\":61,\"caption\":\"Tour Travel And More\"},\"image\":{\"@id\":\"https:\/\/tourtravelandmore.com\/fr\/#\/schema\/logo\/image\/\"},\"sameAs\":[\"https:\/\/www.facebook.com\/tourtravelandmore\/\",\"https:\/\/x.com\/TourTravel_More\"]}]}<\/script>\n<!-- \/ Yoast SEO Premium plugin. -->","yoast_head_json":{"title":"Route priv\u00e9e \u00e0 mi-chemin vers Hana dans un v\u00e9hicule de luxe et guide priv\u00e9","description":"Rejoignez-nous sur cette route priv\u00e9e \u00e0 mi-chemin vers Hana et profitez du meilleur de la tourn\u00e9e Road to Hana \u00e0 Maui. Visite priv\u00e9e.","robots":{"index":"index","follow":"follow","max-snippet":"max-snippet:-1","max-image-preview":"max-image-preview:large","max-video-preview":"max-video-preview:-1"},"canonical":"https:\/\/tourtravelandmore.com\/fr\/tours\/etats-unis-fr\/hawaii-fr\/maui-fr\/route-a-mi-chemin-privee-vers-hana\/","og_locale":"fr_FR","og_type":"article","og_title":"Route \u00e0 mi-chemin priv\u00e9e vers Hana","og_description":"Rejoignez-nous sur cette route priv\u00e9e \u00e0 mi-chemin vers Hana et profitez du meilleur de la tourn\u00e9e Road to Hana \u00e0 Maui. Visite priv\u00e9e.","og_url":"https:\/\/tourtravelandmore.com\/fr\/tours\/etats-unis-fr\/hawaii-fr\/maui-fr\/route-a-mi-chemin-privee-vers-hana\/","og_site_name":"Tour Travel And More","article_publisher":"https:\/\/www.facebook.com\/tourtravelandmore\/","article_modified_time":"2021-03-18T10:19:15+00:00","og_image":[{"width":2560,"height":1696,"url":"https:\/\/tourtravelandmore.com\/wp-content\/uploads\/2020\/10\/Hana-4-scaled.jpg","type":"image\/jpeg"}],"twitter_card":"summary_large_image","twitter_site":"@TourTravel_More","twitter_misc":{"Dur\u00e9e de lecture estim\u00e9e":"2 minutes"},"schema":{"@context":"https:\/\/schema.org","@graph":[{"@type":"WebPage","@id":"https:\/\/tourtravelandmore.com\/fr\/tours\/etats-unis-fr\/hawaii-fr\/maui-fr\/route-a-mi-chemin-privee-vers-hana\/","url":"https:\/\/tourtravelandmore.com\/fr\/tours\/etats-unis-fr\/hawaii-fr\/maui-fr\/route-a-mi-chemin-privee-vers-hana\/","name":"Route priv\u00e9e \u00e0 mi-chemin vers Hana dans un v\u00e9hicule de luxe et guide priv\u00e9","isPartOf":{"@id":"https:\/\/tourtravelandmore.com\/fr\/#website"},"primaryImageOfPage":{"@id":"https:\/\/tourtravelandmore.com\/fr\/tours\/etats-unis-fr\/hawaii-fr\/maui-fr\/route-a-mi-chemin-privee-vers-hana\/#primaryimage"},"image":{"@id":"https:\/\/tourtravelandmore.com\/fr\/tours\/etats-unis-fr\/hawaii-fr\/maui-fr\/route-a-mi-chemin-privee-vers-hana\/#primaryimage"},"thumbnailUrl":"https:\/\/tourtravelandmore.com\/wp-content\/uploads\/2020\/10\/Hana-4-scaled.jpg","datePublished":"2020-11-02T09:44:06+00:00","dateModified":"2021-03-18T10:19:15+00:00","description":"Rejoignez-nous sur cette route priv\u00e9e \u00e0 mi-chemin vers Hana et profitez du meilleur de la tourn\u00e9e Road to Hana \u00e0 Maui. Visite priv\u00e9e.","breadcrumb":{"@id":"https:\/\/tourtravelandmore.com\/fr\/tours\/etats-unis-fr\/hawaii-fr\/maui-fr\/route-a-mi-chemin-privee-vers-hana\/#breadcrumb"},"inLanguage":"fr-FR","potentialAction":[{"@type":"ReadAction","target":["https:\/\/tourtravelandmore.com\/fr\/tours\/etats-unis-fr\/hawaii-fr\/maui-fr\/route-a-mi-chemin-privee-vers-hana\/"]}]},{"@type":"ImageObject","inLanguage":"fr-FR","@id":"https:\/\/tourtravelandmore.com\/fr\/tours\/etats-unis-fr\/hawaii-fr\/maui-fr\/route-a-mi-chemin-privee-vers-hana\/#primaryimage","url":"https:\/\/tourtravelandmore.com\/wp-content\/uploads\/2020\/10\/Hana-4-scaled.jpg","contentUrl":"https:\/\/tourtravelandmore.com\/wp-content\/uploads\/2020\/10\/Hana-4-scaled.jpg","width":2560,"height":1696},{"@type":"BreadcrumbList","@id":"https:\/\/tourtravelandmore.com\/fr\/tours\/etats-unis-fr\/hawaii-fr\/maui-fr\/route-a-mi-chemin-privee-vers-hana\/#breadcrumb","itemListElement":[{"@type":"ListItem","position":1,"name":"Home","item":"https:\/\/tourtravelandmore.com\/fr\/"},{"@type":"ListItem","position":2,"name":"Tours","item":"https:\/\/tourtravelandmore.com\/fr\/tours\/"},{"@type":"ListItem","position":3,"name":"Route \u00e0 mi-chemin priv\u00e9e vers Hana"}]},{"@type":"WebSite","@id":"https:\/\/tourtravelandmore.com\/fr\/#website","url":"https:\/\/tourtravelandmore.com\/fr\/","name":"Tour Travel And More","description":"Private sightseeing tours and luxury transfers in Spain","publisher":{"@id":"https:\/\/tourtravelandmore.com\/fr\/#organization"},"potentialAction":[{"@type":"SearchAction","target":{"@type":"EntryPoint","urlTemplate":"https:\/\/tourtravelandmore.com\/fr\/?s={search_term_string}"},"query-input":{"@type":"PropertyValueSpecification","valueRequired":true,"valueName":"search_term_string"}}],"inLanguage":"fr-FR"},{"@type":"Organization","@id":"https:\/\/tourtravelandmore.com\/fr\/#organization","name":"Tour Travel And More","url":"https:\/\/tourtravelandmore.com\/fr\/","logo":{"@type":"ImageObject","inLanguage":"fr-FR","@id":"https:\/\/tourtravelandmore.com\/fr\/#\/schema\/logo\/image\/","url":"https:\/\/tourtravelandmore.com\/wp-content\/uploads\/2022\/12\/cropped-logo-cabecera-new.png","contentUrl":"https:\/\/tourtravelandmore.com\/wp-content\/uploads\/2022\/12\/cropped-logo-cabecera-new.png","width":430,"height":61,"caption":"Tour Travel And More"},"image":{"@id":"https:\/\/tourtravelandmore.com\/fr\/#\/schema\/logo\/image\/"},"sameAs":["https:\/\/www.facebook.com\/tourtravelandmore\/","https:\/\/x.com\/TourTravel_More"]}]}},"_links":{"self":[{"href":"https:\/\/tourtravelandmore.com\/fr\/wp-json\/wp\/v2\/product\/104081","targetHints":{"allow":["GET"]}}],"collection":[{"href":"https:\/\/tourtravelandmore.com\/fr\/wp-json\/wp\/v2\/product"}],"about":[{"href":"https:\/\/tourtravelandmore.com\/fr\/wp-json\/wp\/v2\/types\/product"}],"replies":[{"embeddable":true,"href":"https:\/\/tourtravelandmore.com\/fr\/wp-json\/wp\/v2\/comments?post=104081"}],"wp:featuredmedia":[{"embeddable":true,"href":"https:\/\/tourtravelandmore.com\/fr\/wp-json\/wp\/v2\/media\/85582"}],"wp:attachment":[{"href":"https:\/\/tourtravelandmore.com\/fr\/wp-json\/wp\/v2\/media?parent=104081"}],"wp:term":[{"taxonomy":"product_brand","embeddable":true,"href":"https:\/\/tourtravelandmore.com\/fr\/wp-json\/wp\/v2\/product_brand?post=104081"},{"taxonomy":"product_cat","embeddable":true,"href":"https:\/\/tourtravelandmore.com\/fr\/wp-json\/wp\/v2\/product_cat?post=104081"},{"taxonomy":"product_tag","embeddable":true,"href":"https:\/\/tourtravelandmore.com\/fr\/wp-json\/wp\/v2\/product_tag?post=104081"}],"curies":[{"name":"wp","href":"https:\/\/api.w.org\/{rel}","templated":true}]}}