{"id":104075,"date":"2020-11-02T11:02:24","date_gmt":"2020-11-02T10:02:24","guid":{"rendered":"https:\/\/tourtravelandmore.com\/tours\/non%20class\u00e9\/visite-privee-des-7-piscines-sacrees-et-de-la-foret-de-bambous\/"},"modified":"2021-03-18T11:21:27","modified_gmt":"2021-03-18T10:21:27","slug":"visite-privee-des-7-piscines-sacrees-et-de-la-foret-de-bambous","status":"publish","type":"product","link":"https:\/\/tourtravelandmore.com\/fr\/tours\/etats-unis-fr\/hawaii-fr\/maui-fr\/visite-privee-des-7-piscines-sacrees-et-de-la-foret-de-bambous\/","title":{"rendered":"Visite priv\u00e9e des 7 piscines sacr\u00e9es et de la for\u00eat de bambous"},"content":{"rendered":"<h2>Description<\/h2>\n<p>Notre visite priv\u00e9e des 7 piscines sacr\u00e9es et de la for\u00eat de bambous est une excellente exp\u00e9rience d&#8217;une journ\u00e9e compl\u00e8te pour vous!<\/p>\n<p>C&#8217;est un circuit parfait pour les aventuriers et m\u00eame les randonneurs! Explorez les meilleures vues et prenez des photos impressionnantes. Il s&#8217;agit d&#8217;une exp\u00e9rience d&#8217;une journ\u00e9e compl\u00e8te de 10 heures. Profitez du meilleur des cascades, de la for\u00eat de bambous, des plages de sable noir et bien plus encore !!!<\/p>\n<p>Tout d&#8217;abord, nous organiserons une prise en charge priv\u00e9e depuis votre h\u00f4tel \u00e0 Maui. Nous commencerons ensuite cette incroyable visite des 7 piscines sacr\u00e9es et de la for\u00eat de bambous!<\/p>\n<p>Visiter les 7 piscines sacr\u00e9es est une exp\u00e9rience formidable! Veuillez noter que les piscines peuvent ne pas \u00eatre ouvertes \u00e0 la baignade.<\/p>\n<p>Pour cette visite priv\u00e9e, nous organiserons la prise en charge le matin. C&#8217;est une longue journ\u00e9e, nous vous recommandons donc de commencer cette visite priv\u00e9e t\u00f4t.<\/p>\n<p>Profitez de sites incroyables comme Haleakala et l&#8217;arri\u00e8re-pays de Maui. Nous allons \u00e9galement profiter du quartier du parc national de Haleakala et profiter de vues incroyables et uniques.<\/p>\n<p>Profitez du &#8220; Oheo Gulch &#8221;, connu dans le monde sous le nom de 7 piscines sacr\u00e9es!<\/p>\n<p>Nous vous recommanderons o\u00f9 d\u00e9jeuner, mais pas avant de profiter d&#8217;une randonn\u00e9e dans la vall\u00e9e sur le sentier Pipiwai. Profitez d&#8217;une incroyable photo prise \u00e0 la cascade de Waimoku!<\/p>\n<p>Notre visite priv\u00e9e est unique et nous pouvons organiser toute modification pour vous! C&#8217;est un circuit parfait pour les couples en lune de miel, les randonneurs, les groupes d&#8217;amis et les familles avec enfants ou adolescents actifs! C&#8217;est vraiment une belle activit\u00e9 \u00e0 faire!<\/p>\n<h2>Sites d&#8217;int\u00e9r\u00eat et monuments<\/h2>\n<p>Apr\u00e8s une prise en charge confortable, nous commencerons notre visite priv\u00e9e des 7 piscines sacr\u00e9es et de la for\u00eat de bambous.<\/p>\n<p>Voici quelques exemples de ce que vous pouvez appr\u00e9cier pendant la visite:<\/p>\n<ul>\n<li>Vues de l&#8217;arri\u00e8re-pays. Cela comprendra: La Perouse Bay, Kaho&#8217;olawe et Molokini<\/li>\n<li>Vues c\u00f4ti\u00e8res de la r\u00e9gion de Kahikinui<\/li>\n<li>Parc national de Haleakala<\/li>\n<li>District de Kipahulu<\/li>\n<li>Sentier Pipiwai<\/li>\n<li>Chutes de Waimoku<\/li>\n<li>Oheo Gulch. Voici les 7 piscines sacr\u00e9es<\/li>\n<li>Chutes de Wailua<\/li>\n<li>\u00cele d&#8217;Alau et plage de Koki (sable rouge)<\/li>\n<li>Parc d&#8217;\u00c9tat de Waianapanapa. C&#8217;est la plage de sable noir<\/li>\n<li>Tellement plus!<\/li>\n<\/ul>\n<p>Ne manquez pas nos visites priv\u00e9es dans l&#8217;une des 6 \u00eeles d&#8217;Hawa\u00ef et dans tous les \u00c9tats-Unis! Jetez un \u0153il \u00e0 nos visites priv\u00e9es chez Tour Travel &amp; More et \u00e0 toutes les options priv\u00e9es dans le monde.<\/p>\n","protected":false},"excerpt":{"rendered":"<p>Rejoignez-nous pour cette visite priv\u00e9e! Nous sommes l\u00e0 pour rendre votre exp\u00e9rience m\u00e9morable \u00e0 Maui!<\/p>\n","protected":false},"featured_media":85717,"comment_status":"open","ping_status":"closed","template":"","meta":{"_acf_changed":false},"product_brand":[],"product_cat":[3547,3799,3801],"product_tag":[],"class_list":{"0":"post-104075","1":"product","2":"type-product","3":"status-publish","4":"has-post-thumbnail","6":"product_cat-etats-unis-fr","7":"product_cat-hawaii-fr","8":"product_cat-maui-fr","10":"first","11":"instock","12":"shipping-taxable","13":"purchasable","14":"product-type-simple"},"acf":[],"yoast_head":"<!-- This site is optimized with the Yoast SEO Premium plugin v25.3.1 (Yoast SEO v25.3.1) - https:\/\/yoast.com\/wordpress\/plugins\/seo\/ -->\n<title>Visite priv\u00e9e des 7 piscines sacr\u00e9es et de la for\u00eat de bambous avec guide priv\u00e9<\/title>\n<meta name=\"description\" content=\"Rejoignez-nous lors de cette randonn\u00e9e priv\u00e9e des 7 piscines sacr\u00e9es et de la for\u00eat de bambous et profitez du meilleur de la tourn\u00e9e Road to Hana \u00e0 Maui. Visite priv\u00e9e.\" \/>\n<meta name=\"robots\" content=\"index, follow, max-snippet:-1, max-image-preview:large, max-video-preview:-1\" \/>\n<link rel=\"canonical\" href=\"https:\/\/tourtravelandmore.com\/fr\/tours\/etats-unis-fr\/hawaii-fr\/maui-fr\/visite-privee-des-7-piscines-sacrees-et-de-la-foret-de-bambous\/\" \/>\n<meta property=\"og:locale\" content=\"fr_FR\" \/>\n<meta property=\"og:type\" content=\"article\" \/>\n<meta property=\"og:title\" content=\"Visite priv\u00e9e des 7 piscines sacr\u00e9es et de la for\u00eat de bambous\" \/>\n<meta property=\"og:description\" content=\"Rejoignez-nous lors de cette randonn\u00e9e priv\u00e9e des 7 piscines sacr\u00e9es et de la for\u00eat de bambous et profitez du meilleur de la tourn\u00e9e Road to Hana \u00e0 Maui. Visite priv\u00e9e.\" \/>\n<meta property=\"og:url\" content=\"https:\/\/tourtravelandmore.com\/fr\/tours\/etats-unis-fr\/hawaii-fr\/maui-fr\/visite-privee-des-7-piscines-sacrees-et-de-la-foret-de-bambous\/\" \/>\n<meta property=\"og:site_name\" content=\"Tour Travel And More\" \/>\n<meta property=\"article:publisher\" content=\"https:\/\/www.facebook.com\/tourtravelandmore\/\" \/>\n<meta property=\"article:modified_time\" content=\"2021-03-18T10:21:27+00:00\" \/>\n<meta property=\"og:image\" content=\"https:\/\/tourtravelandmore.com\/wp-content\/uploads\/2020\/11\/tim-foster-CEoJe2ppaoo-unsplash-scaled.jpg\" \/>\n\t<meta property=\"og:image:width\" content=\"2560\" \/>\n\t<meta property=\"og:image:height\" content=\"1707\" \/>\n\t<meta property=\"og:image:type\" content=\"image\/jpeg\" \/>\n<meta name=\"twitter:card\" content=\"summary_large_image\" \/>\n<meta name=\"twitter:site\" content=\"@TourTravel_More\" \/>\n<meta name=\"twitter:label1\" content=\"Dur\u00e9e de lecture estim\u00e9e\" \/>\n\t<meta name=\"twitter:data1\" content=\"2 minutes\" \/>\n<script type=\"application\/ld+json\" class=\"yoast-schema-graph\">{\"@context\":\"https:\/\/schema.org\",\"@graph\":[{\"@type\":\"WebPage\",\"@id\":\"https:\/\/tourtravelandmore.com\/fr\/tours\/etats-unis-fr\/hawaii-fr\/maui-fr\/visite-privee-des-7-piscines-sacrees-et-de-la-foret-de-bambous\/\",\"url\":\"https:\/\/tourtravelandmore.com\/fr\/tours\/etats-unis-fr\/hawaii-fr\/maui-fr\/visite-privee-des-7-piscines-sacrees-et-de-la-foret-de-bambous\/\",\"name\":\"Visite priv\u00e9e des 7 piscines sacr\u00e9es et de la for\u00eat de bambous avec guide priv\u00e9\",\"isPartOf\":{\"@id\":\"https:\/\/tourtravelandmore.com\/fr\/#website\"},\"primaryImageOfPage\":{\"@id\":\"https:\/\/tourtravelandmore.com\/fr\/tours\/etats-unis-fr\/hawaii-fr\/maui-fr\/visite-privee-des-7-piscines-sacrees-et-de-la-foret-de-bambous\/#primaryimage\"},\"image\":{\"@id\":\"https:\/\/tourtravelandmore.com\/fr\/tours\/etats-unis-fr\/hawaii-fr\/maui-fr\/visite-privee-des-7-piscines-sacrees-et-de-la-foret-de-bambous\/#primaryimage\"},\"thumbnailUrl\":\"https:\/\/tourtravelandmore.com\/wp-content\/uploads\/2020\/11\/tim-foster-CEoJe2ppaoo-unsplash-scaled.jpg\",\"datePublished\":\"2020-11-02T10:02:24+00:00\",\"dateModified\":\"2021-03-18T10:21:27+00:00\",\"description\":\"Rejoignez-nous lors de cette randonn\u00e9e priv\u00e9e des 7 piscines sacr\u00e9es et de la for\u00eat de bambous et profitez du meilleur de la tourn\u00e9e Road to Hana \u00e0 Maui. Visite priv\u00e9e.\",\"breadcrumb\":{\"@id\":\"https:\/\/tourtravelandmore.com\/fr\/tours\/etats-unis-fr\/hawaii-fr\/maui-fr\/visite-privee-des-7-piscines-sacrees-et-de-la-foret-de-bambous\/#breadcrumb\"},\"inLanguage\":\"fr-FR\",\"potentialAction\":[{\"@type\":\"ReadAction\",\"target\":[\"https:\/\/tourtravelandmore.com\/fr\/tours\/etats-unis-fr\/hawaii-fr\/maui-fr\/visite-privee-des-7-piscines-sacrees-et-de-la-foret-de-bambous\/\"]}]},{\"@type\":\"ImageObject\",\"inLanguage\":\"fr-FR\",\"@id\":\"https:\/\/tourtravelandmore.com\/fr\/tours\/etats-unis-fr\/hawaii-fr\/maui-fr\/visite-privee-des-7-piscines-sacrees-et-de-la-foret-de-bambous\/#primaryimage\",\"url\":\"https:\/\/tourtravelandmore.com\/wp-content\/uploads\/2020\/11\/tim-foster-CEoJe2ppaoo-unsplash-scaled.jpg\",\"contentUrl\":\"https:\/\/tourtravelandmore.com\/wp-content\/uploads\/2020\/11\/tim-foster-CEoJe2ppaoo-unsplash-scaled.jpg\",\"width\":2560,\"height\":1707},{\"@type\":\"BreadcrumbList\",\"@id\":\"https:\/\/tourtravelandmore.com\/fr\/tours\/etats-unis-fr\/hawaii-fr\/maui-fr\/visite-privee-des-7-piscines-sacrees-et-de-la-foret-de-bambous\/#breadcrumb\",\"itemListElement\":[{\"@type\":\"ListItem\",\"position\":1,\"name\":\"Home\",\"item\":\"https:\/\/tourtravelandmore.com\/fr\/\"},{\"@type\":\"ListItem\",\"position\":2,\"name\":\"Tours\",\"item\":\"https:\/\/tourtravelandmore.com\/fr\/tours\/\"},{\"@type\":\"ListItem\",\"position\":3,\"name\":\"Visite priv\u00e9e des 7 piscines sacr\u00e9es et de la for\u00eat de bambous\"}]},{\"@type\":\"WebSite\",\"@id\":\"https:\/\/tourtravelandmore.com\/fr\/#website\",\"url\":\"https:\/\/tourtravelandmore.com\/fr\/\",\"name\":\"Tour Travel And More\",\"description\":\"Private sightseeing tours and luxury transfers in Spain\",\"publisher\":{\"@id\":\"https:\/\/tourtravelandmore.com\/fr\/#organization\"},\"potentialAction\":[{\"@type\":\"SearchAction\",\"target\":{\"@type\":\"EntryPoint\",\"urlTemplate\":\"https:\/\/tourtravelandmore.com\/fr\/?s={search_term_string}\"},\"query-input\":{\"@type\":\"PropertyValueSpecification\",\"valueRequired\":true,\"valueName\":\"search_term_string\"}}],\"inLanguage\":\"fr-FR\"},{\"@type\":\"Organization\",\"@id\":\"https:\/\/tourtravelandmore.com\/fr\/#organization\",\"name\":\"Tour Travel And More\",\"url\":\"https:\/\/tourtravelandmore.com\/fr\/\",\"logo\":{\"@type\":\"ImageObject\",\"inLanguage\":\"fr-FR\",\"@id\":\"https:\/\/tourtravelandmore.com\/fr\/#\/schema\/logo\/image\/\",\"url\":\"https:\/\/tourtravelandmore.com\/wp-content\/uploads\/2022\/12\/cropped-logo-cabecera-new.png\",\"contentUrl\":\"https:\/\/tourtravelandmore.com\/wp-content\/uploads\/2022\/12\/cropped-logo-cabecera-new.png\",\"width\":430,\"height\":61,\"caption\":\"Tour Travel And More\"},\"image\":{\"@id\":\"https:\/\/tourtravelandmore.com\/fr\/#\/schema\/logo\/image\/\"},\"sameAs\":[\"https:\/\/www.facebook.com\/tourtravelandmore\/\",\"https:\/\/x.com\/TourTravel_More\"]}]}<\/script>\n<!-- \/ Yoast SEO Premium plugin. -->","yoast_head_json":{"title":"Visite priv\u00e9e des 7 piscines sacr\u00e9es et de la for\u00eat de bambous avec guide priv\u00e9","description":"Rejoignez-nous lors de cette randonn\u00e9e priv\u00e9e des 7 piscines sacr\u00e9es et de la for\u00eat de bambous et profitez du meilleur de la tourn\u00e9e Road to Hana \u00e0 Maui. Visite priv\u00e9e.","robots":{"index":"index","follow":"follow","max-snippet":"max-snippet:-1","max-image-preview":"max-image-preview:large","max-video-preview":"max-video-preview:-1"},"canonical":"https:\/\/tourtravelandmore.com\/fr\/tours\/etats-unis-fr\/hawaii-fr\/maui-fr\/visite-privee-des-7-piscines-sacrees-et-de-la-foret-de-bambous\/","og_locale":"fr_FR","og_type":"article","og_title":"Visite priv\u00e9e des 7 piscines sacr\u00e9es et de la for\u00eat de bambous","og_description":"Rejoignez-nous lors de cette randonn\u00e9e priv\u00e9e des 7 piscines sacr\u00e9es et de la for\u00eat de bambous et profitez du meilleur de la tourn\u00e9e Road to Hana \u00e0 Maui. Visite priv\u00e9e.","og_url":"https:\/\/tourtravelandmore.com\/fr\/tours\/etats-unis-fr\/hawaii-fr\/maui-fr\/visite-privee-des-7-piscines-sacrees-et-de-la-foret-de-bambous\/","og_site_name":"Tour Travel And More","article_publisher":"https:\/\/www.facebook.com\/tourtravelandmore\/","article_modified_time":"2021-03-18T10:21:27+00:00","og_image":[{"width":2560,"height":1707,"url":"https:\/\/tourtravelandmore.com\/wp-content\/uploads\/2020\/11\/tim-foster-CEoJe2ppaoo-unsplash-scaled.jpg","type":"image\/jpeg"}],"twitter_card":"summary_large_image","twitter_site":"@TourTravel_More","twitter_misc":{"Dur\u00e9e de lecture estim\u00e9e":"2 minutes"},"schema":{"@context":"https:\/\/schema.org","@graph":[{"@type":"WebPage","@id":"https:\/\/tourtravelandmore.com\/fr\/tours\/etats-unis-fr\/hawaii-fr\/maui-fr\/visite-privee-des-7-piscines-sacrees-et-de-la-foret-de-bambous\/","url":"https:\/\/tourtravelandmore.com\/fr\/tours\/etats-unis-fr\/hawaii-fr\/maui-fr\/visite-privee-des-7-piscines-sacrees-et-de-la-foret-de-bambous\/","name":"Visite priv\u00e9e des 7 piscines sacr\u00e9es et de la for\u00eat de bambous avec guide priv\u00e9","isPartOf":{"@id":"https:\/\/tourtravelandmore.com\/fr\/#website"},"primaryImageOfPage":{"@id":"https:\/\/tourtravelandmore.com\/fr\/tours\/etats-unis-fr\/hawaii-fr\/maui-fr\/visite-privee-des-7-piscines-sacrees-et-de-la-foret-de-bambous\/#primaryimage"},"image":{"@id":"https:\/\/tourtravelandmore.com\/fr\/tours\/etats-unis-fr\/hawaii-fr\/maui-fr\/visite-privee-des-7-piscines-sacrees-et-de-la-foret-de-bambous\/#primaryimage"},"thumbnailUrl":"https:\/\/tourtravelandmore.com\/wp-content\/uploads\/2020\/11\/tim-foster-CEoJe2ppaoo-unsplash-scaled.jpg","datePublished":"2020-11-02T10:02:24+00:00","dateModified":"2021-03-18T10:21:27+00:00","description":"Rejoignez-nous lors de cette randonn\u00e9e priv\u00e9e des 7 piscines sacr\u00e9es et de la for\u00eat de bambous et profitez du meilleur de la tourn\u00e9e Road to Hana \u00e0 Maui. Visite priv\u00e9e.","breadcrumb":{"@id":"https:\/\/tourtravelandmore.com\/fr\/tours\/etats-unis-fr\/hawaii-fr\/maui-fr\/visite-privee-des-7-piscines-sacrees-et-de-la-foret-de-bambous\/#breadcrumb"},"inLanguage":"fr-FR","potentialAction":[{"@type":"ReadAction","target":["https:\/\/tourtravelandmore.com\/fr\/tours\/etats-unis-fr\/hawaii-fr\/maui-fr\/visite-privee-des-7-piscines-sacrees-et-de-la-foret-de-bambous\/"]}]},{"@type":"ImageObject","inLanguage":"fr-FR","@id":"https:\/\/tourtravelandmore.com\/fr\/tours\/etats-unis-fr\/hawaii-fr\/maui-fr\/visite-privee-des-7-piscines-sacrees-et-de-la-foret-de-bambous\/#primaryimage","url":"https:\/\/tourtravelandmore.com\/wp-content\/uploads\/2020\/11\/tim-foster-CEoJe2ppaoo-unsplash-scaled.jpg","contentUrl":"https:\/\/tourtravelandmore.com\/wp-content\/uploads\/2020\/11\/tim-foster-CEoJe2ppaoo-unsplash-scaled.jpg","width":2560,"height":1707},{"@type":"BreadcrumbList","@id":"https:\/\/tourtravelandmore.com\/fr\/tours\/etats-unis-fr\/hawaii-fr\/maui-fr\/visite-privee-des-7-piscines-sacrees-et-de-la-foret-de-bambous\/#breadcrumb","itemListElement":[{"@type":"ListItem","position":1,"name":"Home","item":"https:\/\/tourtravelandmore.com\/fr\/"},{"@type":"ListItem","position":2,"name":"Tours","item":"https:\/\/tourtravelandmore.com\/fr\/tours\/"},{"@type":"ListItem","position":3,"name":"Visite priv\u00e9e des 7 piscines sacr\u00e9es et de la for\u00eat de bambous"}]},{"@type":"WebSite","@id":"https:\/\/tourtravelandmore.com\/fr\/#website","url":"https:\/\/tourtravelandmore.com\/fr\/","name":"Tour Travel And More","description":"Private sightseeing tours and luxury transfers in Spain","publisher":{"@id":"https:\/\/tourtravelandmore.com\/fr\/#organization"},"potentialAction":[{"@type":"SearchAction","target":{"@type":"EntryPoint","urlTemplate":"https:\/\/tourtravelandmore.com\/fr\/?s={search_term_string}"},"query-input":{"@type":"PropertyValueSpecification","valueRequired":true,"valueName":"search_term_string"}}],"inLanguage":"fr-FR"},{"@type":"Organization","@id":"https:\/\/tourtravelandmore.com\/fr\/#organization","name":"Tour Travel And More","url":"https:\/\/tourtravelandmore.com\/fr\/","logo":{"@type":"ImageObject","inLanguage":"fr-FR","@id":"https:\/\/tourtravelandmore.com\/fr\/#\/schema\/logo\/image\/","url":"https:\/\/tourtravelandmore.com\/wp-content\/uploads\/2022\/12\/cropped-logo-cabecera-new.png","contentUrl":"https:\/\/tourtravelandmore.com\/wp-content\/uploads\/2022\/12\/cropped-logo-cabecera-new.png","width":430,"height":61,"caption":"Tour Travel And More"},"image":{"@id":"https:\/\/tourtravelandmore.com\/fr\/#\/schema\/logo\/image\/"},"sameAs":["https:\/\/www.facebook.com\/tourtravelandmore\/","https:\/\/x.com\/TourTravel_More"]}]}},"_links":{"self":[{"href":"https:\/\/tourtravelandmore.com\/fr\/wp-json\/wp\/v2\/product\/104075","targetHints":{"allow":["GET"]}}],"collection":[{"href":"https:\/\/tourtravelandmore.com\/fr\/wp-json\/wp\/v2\/product"}],"about":[{"href":"https:\/\/tourtravelandmore.com\/fr\/wp-json\/wp\/v2\/types\/product"}],"replies":[{"embeddable":true,"href":"https:\/\/tourtravelandmore.com\/fr\/wp-json\/wp\/v2\/comments?post=104075"}],"wp:featuredmedia":[{"embeddable":true,"href":"https:\/\/tourtravelandmore.com\/fr\/wp-json\/wp\/v2\/media\/85717"}],"wp:attachment":[{"href":"https:\/\/tourtravelandmore.com\/fr\/wp-json\/wp\/v2\/media?parent=104075"}],"wp:term":[{"taxonomy":"product_brand","embeddable":true,"href":"https:\/\/tourtravelandmore.com\/fr\/wp-json\/wp\/v2\/product_brand?post=104075"},{"taxonomy":"product_cat","embeddable":true,"href":"https:\/\/tourtravelandmore.com\/fr\/wp-json\/wp\/v2\/product_cat?post=104075"},{"taxonomy":"product_tag","embeddable":true,"href":"https:\/\/tourtravelandmore.com\/fr\/wp-json\/wp\/v2\/product_tag?post=104075"}],"curies":[{"name":"wp","href":"https:\/\/api.w.org\/{rel}","templated":true}]}}