{"id":104069,"date":"2020-10-30T12:43:07","date_gmt":"2020-10-30T11:43:07","guid":{"rendered":"https:\/\/tourtravelandmore.com\/tours\/non%20class\u00e9\/route-privee-vers-hana-tour\/"},"modified":"2021-03-18T11:17:02","modified_gmt":"2021-03-18T10:17:02","slug":"route-privee-vers-hana-tour","status":"publish","type":"product","link":"https:\/\/tourtravelandmore.com\/fr\/tours\/etats-unis-fr\/hawaii-fr\/maui-fr\/route-privee-vers-hana-tour\/","title":{"rendered":"Route priv\u00e9e vers Hana Tour"},"content":{"rendered":"<h2>Description<\/h2>\n<p>Notre circuit priv\u00e9 vers Hana est vraiment une exp\u00e9rience unique pour conna\u00eetre la tristement c\u00e9l\u00e8bre route de Hana. Laissez-nous organiser une prise en charge confortable pour vous depuis votre h\u00f4tel ou lieu de votre choix \u00e0 Maui.<\/p>\n<p>Faites-nous savoir o\u00f9 vous serez situ\u00e9 et nous commencerons cette visite priv\u00e9e de Hana. Road to Hana est une exp\u00e9rience formidable et un trajet en voiture qui vous emm\u00e8ne dans une r\u00e9gion incroyable de Maui. C&#8217;est aussi un excellent endroit pour prendre des photos. Revenez \u00e0 l&#8217;histoire et aux moments l\u00e9gendaires qui ont fa\u00e7onn\u00e9 les \u00eeles! Ces histoires incluent des endroits o\u00f9 les dieux ont laiss\u00e9 leur marque.<\/p>\n<p>Admirez les incroyables cascades, les merveilles nationales incroyables et la for\u00eat tropicale.<\/p>\n<p>Sur la route de Hana, vous pouvez trouver plus de 60 miles. Soixante miles d&#8217;autoroute, situ\u00e9s dans les falaises des incroyables for\u00eats tropicales d&#8217;Hawa\u00ef et du monde entier. La c\u00f4te du Pacifique est incroyable et les paysages incroyables ne peuvent pas \u00eatre manqu\u00e9s.<\/p>\n<h2>Sites d&#8217;int\u00e9r\u00eat et monuments<\/h2>\n<p>Tout d&#8217;abord, pour cette visite priv\u00e9e, demandez \u00e0 votre chauffeur priv\u00e9 de venir vous chercher \u00e0 l&#8217;endroit de votre choix \u00e0 Maui.<\/p>\n<p>Nous nous dirigerons ensuite vers cette attraction touristique si populaire que l&#8217;on peut trouver \u00e0 Maui. Cette autoroute situ\u00e9e sur le c\u00f4t\u00e9 est de Maui est vraiment une exp\u00e9rience d&#8217;une journ\u00e9e incroyable.<\/p>\n<p>Admirez les cascades et les attractions qui peuvent \u00eatre trouv\u00e9es au cours de cette exp\u00e9rience d&#8217;une journ\u00e9e et de la route priv\u00e9e vers Hana Tour.<\/p>\n<p>Voici quelques exemples dont vous pouvez vous attendre \u00e0 profiter lors de cette visite priv\u00e9e.<\/p>\n<p>Apr\u00e8s la prise en charge confortable, nous nous dirigerons vers ces arr\u00eats. La commande peut varier selon l&#8217;endroit o\u00f9 nous venons vous chercher \u00e0 la maison.<\/p>\n<ul>\n<li>Ville de Praia. Selon l&#8217;endroit o\u00f9 nous commencerons, nous pouvons organiser un arr\u00eat dans la ville de Paia. Ayez une vue m\u00eame au c\u00e9l\u00e8bre magasin Mana Foods. Nous pouvons organiser un arr\u00eat ici pour prendre des collations pour votre excursion d&#8217;une journ\u00e9e.<\/li>\n<li>Twin Falls. C&#8217;est l&#8217;une des plus petites cascades \u00e0 visiter. La randonn\u00e9e est facile et vous pouvez prendre de superbes photos.<\/li>\n<li>Jardin d&#8217;Eden Arboretum. Beau terrain entretenu et vue impressionnante sur l&#8217;oc\u00e9an. C&#8217;est une \u00e9tape botanique impressionnante.<\/li>\n<li>Parc d&#8217;\u00e9tat de Pua&#8217;a Kaa. Profitez d&#8217;une randonn\u00e9e rapide vers une cascade et une piscine d&#8217;eau douce. Une belle aire de pique-nique est l\u00e0 pour se d\u00e9tendre un peu!<\/li>\n<li>March\u00e9 de Nahiku. Bel arr\u00eat pour le d\u00e9jeuner. C&#8217;est aussi un joli march\u00e9 en bordure de route. C&#8217;est un endroit agr\u00e9able pour recevoir quelques cadeaux.<\/li>\n<li>Tube de lave. Vous pouvez organiser un petit arr\u00eat dans les grottes. Ceci est facultatif.<\/li>\n<li>Parc d\u2019\u00c9tat de Wai\u2019anapanapa. L&#8217;un des arr\u00eats les plus populaires.<\/li>\n<li>Ville de Hanna. Cela inclurait par exemple Hana Beach Park, Hale Piilani et plus encore!<\/li>\n<li>Wailua Falls. L&#8217;une des chutes d&#8217;eau les plus c\u00e9l\u00e8bres et c&#8217;est vraiment \u00e0 voir!<\/li>\n<li>Plage de Hamoa. L&#8217;une des plus belles plages du monde.<\/li>\n<li>Sept piscines sacr\u00e9es. Des merveilles naturelles \u00e9tonnantes qui se trouvent dans le parc national de Haleakala. Une courte randonn\u00e9e vous m\u00e8nera aux piscines d&#8217;eau douce.<\/li>\n<\/ul>\n<p>Notre chauffeur priv\u00e9 sera \u00e0 votre disposition pendant cette exp\u00e9rience d&#8217;une journ\u00e9e.<\/p>\n<p>Enfin, nous vous d\u00e9poserons \u00e0 l&#8217;endroit de votre choix \u00e0 Maui.<\/p>\n<p>Ne manquez pas nos autres circuits priv\u00e9s que nous proposons \u00e0 Hawa\u00ef et aux \u00c9tats-Unis! D\u00e9couvrez nos circuits sur les 6 \u00eeles les plus importantes d&#8217;Hawa\u00ef. Nous sommes ici pour offrir des circuits priv\u00e9s dans le monde entier.<\/p>\n","protected":false},"excerpt":{"rendered":"<p>Rejoignez-nous sur cette route priv\u00e9e vers Hana Tour et obtenez la chance de profiter du meilleur du Road to Hana Tour \u00e0 Maui. Visite priv\u00e9e avec chauffeur-guide pour une exp\u00e9rience unique.<\/p>\n","protected":false},"featured_media":85579,"comment_status":"open","ping_status":"closed","template":"","meta":{"_acf_changed":false},"product_brand":[],"product_cat":[3547,3799,3801],"product_tag":[],"class_list":{"0":"post-104069","1":"product","2":"type-product","3":"status-publish","4":"has-post-thumbnail","6":"product_cat-etats-unis-fr","7":"product_cat-hawaii-fr","8":"product_cat-maui-fr","10":"first","11":"instock","12":"shipping-taxable","13":"purchasable","14":"product-type-simple"},"acf":[],"yoast_head":"<!-- This site is optimized with the Yoast SEO Premium plugin v25.3.1 (Yoast SEO v25.3.1) - https:\/\/yoast.com\/wordpress\/plugins\/seo\/ -->\n<title>Route priv\u00e9e vers Hana Tour dans un v\u00e9hicule de luxe et guide priv\u00e9<\/title>\n<meta name=\"description\" content=\"Rejoignez-nous sur cette route priv\u00e9e vers Hana Tour et obtenez la chance de profiter du meilleur du Road to Hana Tour \u00e0 Maui. Visite priv\u00e9e.\" \/>\n<meta name=\"robots\" content=\"index, follow, max-snippet:-1, max-image-preview:large, max-video-preview:-1\" \/>\n<link rel=\"canonical\" href=\"https:\/\/tourtravelandmore.com\/fr\/tours\/etats-unis-fr\/hawaii-fr\/maui-fr\/route-privee-vers-hana-tour\/\" \/>\n<meta property=\"og:locale\" content=\"fr_FR\" \/>\n<meta property=\"og:type\" content=\"article\" \/>\n<meta property=\"og:title\" content=\"Route priv\u00e9e vers Hana Tour\" \/>\n<meta property=\"og:description\" content=\"Rejoignez-nous sur cette route priv\u00e9e vers Hana Tour et obtenez la chance de profiter du meilleur du Road to Hana Tour \u00e0 Maui. Visite priv\u00e9e.\" \/>\n<meta property=\"og:url\" content=\"https:\/\/tourtravelandmore.com\/fr\/tours\/etats-unis-fr\/hawaii-fr\/maui-fr\/route-privee-vers-hana-tour\/\" \/>\n<meta property=\"og:site_name\" content=\"Tour Travel And More\" \/>\n<meta property=\"article:publisher\" content=\"https:\/\/www.facebook.com\/tourtravelandmore\/\" \/>\n<meta property=\"article:modified_time\" content=\"2021-03-18T10:17:02+00:00\" \/>\n<meta property=\"og:image\" content=\"https:\/\/tourtravelandmore.com\/wp-content\/uploads\/2020\/10\/Hana-3-scaled.jpg\" \/>\n\t<meta property=\"og:image:width\" content=\"2560\" \/>\n\t<meta property=\"og:image:height\" content=\"1696\" \/>\n\t<meta property=\"og:image:type\" content=\"image\/jpeg\" \/>\n<meta name=\"twitter:card\" content=\"summary_large_image\" \/>\n<meta name=\"twitter:site\" content=\"@TourTravel_More\" \/>\n<meta name=\"twitter:label1\" content=\"Dur\u00e9e de lecture estim\u00e9e\" \/>\n\t<meta name=\"twitter:data1\" content=\"3 minutes\" \/>\n<script type=\"application\/ld+json\" class=\"yoast-schema-graph\">{\"@context\":\"https:\/\/schema.org\",\"@graph\":[{\"@type\":\"WebPage\",\"@id\":\"https:\/\/tourtravelandmore.com\/fr\/tours\/etats-unis-fr\/hawaii-fr\/maui-fr\/route-privee-vers-hana-tour\/\",\"url\":\"https:\/\/tourtravelandmore.com\/fr\/tours\/etats-unis-fr\/hawaii-fr\/maui-fr\/route-privee-vers-hana-tour\/\",\"name\":\"Route priv\u00e9e vers Hana Tour dans un v\u00e9hicule de luxe et guide priv\u00e9\",\"isPartOf\":{\"@id\":\"https:\/\/tourtravelandmore.com\/fr\/#website\"},\"primaryImageOfPage\":{\"@id\":\"https:\/\/tourtravelandmore.com\/fr\/tours\/etats-unis-fr\/hawaii-fr\/maui-fr\/route-privee-vers-hana-tour\/#primaryimage\"},\"image\":{\"@id\":\"https:\/\/tourtravelandmore.com\/fr\/tours\/etats-unis-fr\/hawaii-fr\/maui-fr\/route-privee-vers-hana-tour\/#primaryimage\"},\"thumbnailUrl\":\"https:\/\/tourtravelandmore.com\/wp-content\/uploads\/2020\/10\/Hana-3-scaled.jpg\",\"datePublished\":\"2020-10-30T11:43:07+00:00\",\"dateModified\":\"2021-03-18T10:17:02+00:00\",\"description\":\"Rejoignez-nous sur cette route priv\u00e9e vers Hana Tour et obtenez la chance de profiter du meilleur du Road to Hana Tour \u00e0 Maui. Visite priv\u00e9e.\",\"breadcrumb\":{\"@id\":\"https:\/\/tourtravelandmore.com\/fr\/tours\/etats-unis-fr\/hawaii-fr\/maui-fr\/route-privee-vers-hana-tour\/#breadcrumb\"},\"inLanguage\":\"fr-FR\",\"potentialAction\":[{\"@type\":\"ReadAction\",\"target\":[\"https:\/\/tourtravelandmore.com\/fr\/tours\/etats-unis-fr\/hawaii-fr\/maui-fr\/route-privee-vers-hana-tour\/\"]}]},{\"@type\":\"ImageObject\",\"inLanguage\":\"fr-FR\",\"@id\":\"https:\/\/tourtravelandmore.com\/fr\/tours\/etats-unis-fr\/hawaii-fr\/maui-fr\/route-privee-vers-hana-tour\/#primaryimage\",\"url\":\"https:\/\/tourtravelandmore.com\/wp-content\/uploads\/2020\/10\/Hana-3-scaled.jpg\",\"contentUrl\":\"https:\/\/tourtravelandmore.com\/wp-content\/uploads\/2020\/10\/Hana-3-scaled.jpg\",\"width\":2560,\"height\":1696},{\"@type\":\"BreadcrumbList\",\"@id\":\"https:\/\/tourtravelandmore.com\/fr\/tours\/etats-unis-fr\/hawaii-fr\/maui-fr\/route-privee-vers-hana-tour\/#breadcrumb\",\"itemListElement\":[{\"@type\":\"ListItem\",\"position\":1,\"name\":\"Home\",\"item\":\"https:\/\/tourtravelandmore.com\/fr\/\"},{\"@type\":\"ListItem\",\"position\":2,\"name\":\"Tours\",\"item\":\"https:\/\/tourtravelandmore.com\/fr\/tours\/\"},{\"@type\":\"ListItem\",\"position\":3,\"name\":\"Route priv\u00e9e vers Hana Tour\"}]},{\"@type\":\"WebSite\",\"@id\":\"https:\/\/tourtravelandmore.com\/fr\/#website\",\"url\":\"https:\/\/tourtravelandmore.com\/fr\/\",\"name\":\"Tour Travel And More\",\"description\":\"Private sightseeing tours and luxury transfers in Spain\",\"publisher\":{\"@id\":\"https:\/\/tourtravelandmore.com\/fr\/#organization\"},\"potentialAction\":[{\"@type\":\"SearchAction\",\"target\":{\"@type\":\"EntryPoint\",\"urlTemplate\":\"https:\/\/tourtravelandmore.com\/fr\/?s={search_term_string}\"},\"query-input\":{\"@type\":\"PropertyValueSpecification\",\"valueRequired\":true,\"valueName\":\"search_term_string\"}}],\"inLanguage\":\"fr-FR\"},{\"@type\":\"Organization\",\"@id\":\"https:\/\/tourtravelandmore.com\/fr\/#organization\",\"name\":\"Tour Travel And More\",\"url\":\"https:\/\/tourtravelandmore.com\/fr\/\",\"logo\":{\"@type\":\"ImageObject\",\"inLanguage\":\"fr-FR\",\"@id\":\"https:\/\/tourtravelandmore.com\/fr\/#\/schema\/logo\/image\/\",\"url\":\"https:\/\/tourtravelandmore.com\/wp-content\/uploads\/2022\/12\/cropped-logo-cabecera-new.png\",\"contentUrl\":\"https:\/\/tourtravelandmore.com\/wp-content\/uploads\/2022\/12\/cropped-logo-cabecera-new.png\",\"width\":430,\"height\":61,\"caption\":\"Tour Travel And More\"},\"image\":{\"@id\":\"https:\/\/tourtravelandmore.com\/fr\/#\/schema\/logo\/image\/\"},\"sameAs\":[\"https:\/\/www.facebook.com\/tourtravelandmore\/\",\"https:\/\/x.com\/TourTravel_More\"]}]}<\/script>\n<!-- \/ Yoast SEO Premium plugin. -->","yoast_head_json":{"title":"Route priv\u00e9e vers Hana Tour dans un v\u00e9hicule de luxe et guide priv\u00e9","description":"Rejoignez-nous sur cette route priv\u00e9e vers Hana Tour et obtenez la chance de profiter du meilleur du Road to Hana Tour \u00e0 Maui. Visite priv\u00e9e.","robots":{"index":"index","follow":"follow","max-snippet":"max-snippet:-1","max-image-preview":"max-image-preview:large","max-video-preview":"max-video-preview:-1"},"canonical":"https:\/\/tourtravelandmore.com\/fr\/tours\/etats-unis-fr\/hawaii-fr\/maui-fr\/route-privee-vers-hana-tour\/","og_locale":"fr_FR","og_type":"article","og_title":"Route priv\u00e9e vers Hana Tour","og_description":"Rejoignez-nous sur cette route priv\u00e9e vers Hana Tour et obtenez la chance de profiter du meilleur du Road to Hana Tour \u00e0 Maui. Visite priv\u00e9e.","og_url":"https:\/\/tourtravelandmore.com\/fr\/tours\/etats-unis-fr\/hawaii-fr\/maui-fr\/route-privee-vers-hana-tour\/","og_site_name":"Tour Travel And More","article_publisher":"https:\/\/www.facebook.com\/tourtravelandmore\/","article_modified_time":"2021-03-18T10:17:02+00:00","og_image":[{"width":2560,"height":1696,"url":"https:\/\/tourtravelandmore.com\/wp-content\/uploads\/2020\/10\/Hana-3-scaled.jpg","type":"image\/jpeg"}],"twitter_card":"summary_large_image","twitter_site":"@TourTravel_More","twitter_misc":{"Dur\u00e9e de lecture estim\u00e9e":"3 minutes"},"schema":{"@context":"https:\/\/schema.org","@graph":[{"@type":"WebPage","@id":"https:\/\/tourtravelandmore.com\/fr\/tours\/etats-unis-fr\/hawaii-fr\/maui-fr\/route-privee-vers-hana-tour\/","url":"https:\/\/tourtravelandmore.com\/fr\/tours\/etats-unis-fr\/hawaii-fr\/maui-fr\/route-privee-vers-hana-tour\/","name":"Route priv\u00e9e vers Hana Tour dans un v\u00e9hicule de luxe et guide priv\u00e9","isPartOf":{"@id":"https:\/\/tourtravelandmore.com\/fr\/#website"},"primaryImageOfPage":{"@id":"https:\/\/tourtravelandmore.com\/fr\/tours\/etats-unis-fr\/hawaii-fr\/maui-fr\/route-privee-vers-hana-tour\/#primaryimage"},"image":{"@id":"https:\/\/tourtravelandmore.com\/fr\/tours\/etats-unis-fr\/hawaii-fr\/maui-fr\/route-privee-vers-hana-tour\/#primaryimage"},"thumbnailUrl":"https:\/\/tourtravelandmore.com\/wp-content\/uploads\/2020\/10\/Hana-3-scaled.jpg","datePublished":"2020-10-30T11:43:07+00:00","dateModified":"2021-03-18T10:17:02+00:00","description":"Rejoignez-nous sur cette route priv\u00e9e vers Hana Tour et obtenez la chance de profiter du meilleur du Road to Hana Tour \u00e0 Maui. Visite priv\u00e9e.","breadcrumb":{"@id":"https:\/\/tourtravelandmore.com\/fr\/tours\/etats-unis-fr\/hawaii-fr\/maui-fr\/route-privee-vers-hana-tour\/#breadcrumb"},"inLanguage":"fr-FR","potentialAction":[{"@type":"ReadAction","target":["https:\/\/tourtravelandmore.com\/fr\/tours\/etats-unis-fr\/hawaii-fr\/maui-fr\/route-privee-vers-hana-tour\/"]}]},{"@type":"ImageObject","inLanguage":"fr-FR","@id":"https:\/\/tourtravelandmore.com\/fr\/tours\/etats-unis-fr\/hawaii-fr\/maui-fr\/route-privee-vers-hana-tour\/#primaryimage","url":"https:\/\/tourtravelandmore.com\/wp-content\/uploads\/2020\/10\/Hana-3-scaled.jpg","contentUrl":"https:\/\/tourtravelandmore.com\/wp-content\/uploads\/2020\/10\/Hana-3-scaled.jpg","width":2560,"height":1696},{"@type":"BreadcrumbList","@id":"https:\/\/tourtravelandmore.com\/fr\/tours\/etats-unis-fr\/hawaii-fr\/maui-fr\/route-privee-vers-hana-tour\/#breadcrumb","itemListElement":[{"@type":"ListItem","position":1,"name":"Home","item":"https:\/\/tourtravelandmore.com\/fr\/"},{"@type":"ListItem","position":2,"name":"Tours","item":"https:\/\/tourtravelandmore.com\/fr\/tours\/"},{"@type":"ListItem","position":3,"name":"Route priv\u00e9e vers Hana Tour"}]},{"@type":"WebSite","@id":"https:\/\/tourtravelandmore.com\/fr\/#website","url":"https:\/\/tourtravelandmore.com\/fr\/","name":"Tour Travel And More","description":"Private sightseeing tours and luxury transfers in Spain","publisher":{"@id":"https:\/\/tourtravelandmore.com\/fr\/#organization"},"potentialAction":[{"@type":"SearchAction","target":{"@type":"EntryPoint","urlTemplate":"https:\/\/tourtravelandmore.com\/fr\/?s={search_term_string}"},"query-input":{"@type":"PropertyValueSpecification","valueRequired":true,"valueName":"search_term_string"}}],"inLanguage":"fr-FR"},{"@type":"Organization","@id":"https:\/\/tourtravelandmore.com\/fr\/#organization","name":"Tour Travel And More","url":"https:\/\/tourtravelandmore.com\/fr\/","logo":{"@type":"ImageObject","inLanguage":"fr-FR","@id":"https:\/\/tourtravelandmore.com\/fr\/#\/schema\/logo\/image\/","url":"https:\/\/tourtravelandmore.com\/wp-content\/uploads\/2022\/12\/cropped-logo-cabecera-new.png","contentUrl":"https:\/\/tourtravelandmore.com\/wp-content\/uploads\/2022\/12\/cropped-logo-cabecera-new.png","width":430,"height":61,"caption":"Tour Travel And More"},"image":{"@id":"https:\/\/tourtravelandmore.com\/fr\/#\/schema\/logo\/image\/"},"sameAs":["https:\/\/www.facebook.com\/tourtravelandmore\/","https:\/\/x.com\/TourTravel_More"]}]}},"_links":{"self":[{"href":"https:\/\/tourtravelandmore.com\/fr\/wp-json\/wp\/v2\/product\/104069","targetHints":{"allow":["GET"]}}],"collection":[{"href":"https:\/\/tourtravelandmore.com\/fr\/wp-json\/wp\/v2\/product"}],"about":[{"href":"https:\/\/tourtravelandmore.com\/fr\/wp-json\/wp\/v2\/types\/product"}],"replies":[{"embeddable":true,"href":"https:\/\/tourtravelandmore.com\/fr\/wp-json\/wp\/v2\/comments?post=104069"}],"wp:featuredmedia":[{"embeddable":true,"href":"https:\/\/tourtravelandmore.com\/fr\/wp-json\/wp\/v2\/media\/85579"}],"wp:attachment":[{"href":"https:\/\/tourtravelandmore.com\/fr\/wp-json\/wp\/v2\/media?parent=104069"}],"wp:term":[{"taxonomy":"product_brand","embeddable":true,"href":"https:\/\/tourtravelandmore.com\/fr\/wp-json\/wp\/v2\/product_brand?post=104069"},{"taxonomy":"product_cat","embeddable":true,"href":"https:\/\/tourtravelandmore.com\/fr\/wp-json\/wp\/v2\/product_cat?post=104069"},{"taxonomy":"product_tag","embeddable":true,"href":"https:\/\/tourtravelandmore.com\/fr\/wp-json\/wp\/v2\/product_tag?post=104069"}],"curies":[{"name":"wp","href":"https:\/\/api.w.org\/{rel}","templated":true}]}}