{"id":104054,"date":"2020-11-02T11:35:38","date_gmt":"2020-11-02T10:35:38","guid":{"rendered":"https:\/\/tourtravelandmore.com\/tours\/non%20class\u00e9\/visite-privee-de-la-vallee-de-la-mort\/"},"modified":"2021-03-17T22:13:38","modified_gmt":"2021-03-17T21:13:38","slug":"visite-privee-de-la-vallee-de-la-mort","status":"publish","type":"product","link":"https:\/\/tourtravelandmore.com\/fr\/tours\/etats-unis-fr\/las-vegas-fr\/visite-privee-de-la-vallee-de-la-mort\/","title":{"rendered":"Visite priv\u00e9e de la vall\u00e9e de la mort"},"content":{"rendered":"<h2>Description<\/h2>\n<p>Ne manquez pas cette chance d&#8217;explorer le Nevada avec cette visite priv\u00e9e de la vall\u00e9e de la mort au d\u00e9part de Las Vegas. Au cours de cette visite personnalis\u00e9e, vous visiterez la vall\u00e9e et profiterez d&#8217;une halte dans le centre de voyage Area 51 Alien.<\/p>\n<p>Ce bassin sous le niveau de la mer, une s\u00e9cheresse constante et une chaleur estivale record font de Death Valley une terre d&#8217;extr\u00eames. Malgr\u00e9 son nom morbide, une grande diversit\u00e9 de vie survit dans la Vall\u00e9e de la Mort. Offrez-vous la chance de visiter ce site spectaculaire aux c\u00f4t\u00e9s d&#8217;un expert local.<\/p>\n<p>Tout d&#8217;abord, votre chauffeur \/ guide priv\u00e9 viendra vous chercher \u00e0 l&#8217;endroit de votre choix \u00e0 Las Vegas. Apr\u00e8s cela, vous vous dirigerez vers la vall\u00e9e (avec un arr\u00eat pr\u00e9c\u00e9dent dans le centre de voyage Area 51 Alien).<\/p>\n<p>Contactez-nous et l&#8217;un de nos experts en voyages vous aidera \u00e0 organiser une exp\u00e9rience personnalis\u00e9e. Une autre excursion d&#8217;une journ\u00e9e compl\u00e8te au d\u00e9part de Las Vegas est notre visite priv\u00e9e du grand canyon, jetez-y un \u0153il!<\/p>\n<h2>Sites d&#8217;int\u00e9r\u00eat et points de rep\u00e8re<\/h2>\n<p>La vall\u00e9e de la mort est l&#8217;un des endroits les plus spectaculaires des \u00c9tats-Unis. D\u00e9couvrez et explorez ce site merveilleux avec notre visite priv\u00e9e de la vall\u00e9e de la mort au d\u00e9part de Las Vegas. Sur le chemin de la vall\u00e9e de la mort, vous ferez une halte dans le centre de voyage Area 51. L\u00e0, vous pouvez acheter un souvenir extraterrestre!<\/p>\n<p>Malgr\u00e9 son nom, le parc national de la Vall\u00e9e de la mort abrite un paysage remarquable vivant d&#8217;une beaut\u00e9 in\u00e9gal\u00e9e. La vall\u00e9e se caract\u00e9rise par des kilom\u00e8tres de dunes de sable profondes, des roches et des canyons technicolores, une faune rare et end\u00e9mique, des \u00e9l\u00e9ments de sel \u00e9vaporatifs uniques en leur genre et des sommets \u00e0 couper le souffle qui s&#8217;\u00e9l\u00e8vent \u00e0 11000 pieds au-dessus des vall\u00e9es voisines.<\/p>\n<p>La vall\u00e9e est le plus grand parc national du Lower 48, couvrant 3,4 millions d&#8217;acres de terrain pour la plupart inhabit\u00e9 rempli de balayures de d\u00e9sert.<\/p>\n<p>Explorez et d\u00e9couvrez ce magnifique site naturel aux c\u00f4t\u00e9s d&#8217;un expert local. Vous profiterez d&#8217;une visite priv\u00e9e de 10 heures avec prise en charge et retour \u00e0 Las Vegas. Les frais d&#8217;entr\u00e9e au parc national sont inclus dans le prix de la visite.<\/p>\n","protected":false},"excerpt":{"rendered":"<p>\u00catre \u00e0 Las Vegas vous donne la chance de d\u00e9couvrir les superbes parcs nationaux des \u00c9tats-Unis. Profitez de cette visite priv\u00e9e \u00e0 l&#8217;aise dans votre v\u00e9hicule. Offrez-vous la chance d&#8217;admirer cet endroit magnifique \u00e0 c\u00f4t\u00e9 d&#8217;un expert local.<\/p>\n","protected":false},"featured_media":98558,"comment_status":"open","ping_status":"closed","template":"","meta":{"_acf_changed":false},"product_brand":[],"product_cat":[3547,3773],"product_tag":[],"class_list":{"0":"post-104054","1":"product","2":"type-product","3":"status-publish","4":"has-post-thumbnail","6":"product_cat-etats-unis-fr","7":"product_cat-las-vegas-fr","9":"first","10":"instock","11":"shipping-taxable","12":"purchasable","13":"product-type-simple"},"acf":[],"yoast_head":"<!-- This site is optimized with the Yoast SEO Premium plugin v25.3.1 (Yoast SEO v25.3.1) - https:\/\/yoast.com\/wordpress\/plugins\/seo\/ -->\n<title>Visite priv\u00e9e de la vall\u00e9e de la mort au d\u00e9part de Las Vegas avec chauffeur \/ guide agr\u00e9\u00e9<\/title>\n<meta name=\"description\" content=\"Profitez de cette visite priv\u00e9e priv\u00e9e de la vall\u00e9e de la mort au d\u00e9part de Las Vegas confortablement dans votre v\u00e9hicule de luxe priv\u00e9 avec chauffeur. Explorez ce magnifique parc national\" \/>\n<meta name=\"robots\" content=\"index, follow, max-snippet:-1, max-image-preview:large, max-video-preview:-1\" \/>\n<link rel=\"canonical\" href=\"https:\/\/tourtravelandmore.com\/fr\/tours\/etats-unis-fr\/las-vegas-fr\/visite-privee-de-la-vallee-de-la-mort\/\" \/>\n<meta property=\"og:locale\" content=\"fr_FR\" \/>\n<meta property=\"og:type\" content=\"article\" \/>\n<meta property=\"og:title\" content=\"Visite priv\u00e9e de la vall\u00e9e de la mort\" \/>\n<meta property=\"og:description\" content=\"Profitez de cette visite priv\u00e9e priv\u00e9e de la vall\u00e9e de la mort au d\u00e9part de Las Vegas confortablement dans votre v\u00e9hicule de luxe priv\u00e9 avec chauffeur. Explorez ce magnifique parc national\" \/>\n<meta property=\"og:url\" content=\"https:\/\/tourtravelandmore.com\/fr\/tours\/etats-unis-fr\/las-vegas-fr\/visite-privee-de-la-vallee-de-la-mort\/\" \/>\n<meta property=\"og:site_name\" content=\"Tour Travel And More\" \/>\n<meta property=\"article:publisher\" content=\"https:\/\/www.facebook.com\/tourtravelandmore\/\" \/>\n<meta property=\"article:modified_time\" content=\"2021-03-17T21:13:38+00:00\" \/>\n<meta property=\"og:image\" content=\"https:\/\/tourtravelandmore.com\/wp-content\/uploads\/2020\/11\/Death-Valley-6.jpeg\" \/>\n\t<meta property=\"og:image:width\" content=\"1349\" \/>\n\t<meta property=\"og:image:height\" content=\"901\" \/>\n\t<meta property=\"og:image:type\" content=\"image\/jpeg\" \/>\n<meta name=\"twitter:card\" content=\"summary_large_image\" \/>\n<meta name=\"twitter:site\" content=\"@TourTravel_More\" \/>\n<meta name=\"twitter:label1\" content=\"Dur\u00e9e de lecture estim\u00e9e\" \/>\n\t<meta name=\"twitter:data1\" content=\"2 minutes\" \/>\n<script type=\"application\/ld+json\" class=\"yoast-schema-graph\">{\"@context\":\"https:\/\/schema.org\",\"@graph\":[{\"@type\":\"WebPage\",\"@id\":\"https:\/\/tourtravelandmore.com\/fr\/tours\/etats-unis-fr\/las-vegas-fr\/visite-privee-de-la-vallee-de-la-mort\/\",\"url\":\"https:\/\/tourtravelandmore.com\/fr\/tours\/etats-unis-fr\/las-vegas-fr\/visite-privee-de-la-vallee-de-la-mort\/\",\"name\":\"Visite priv\u00e9e de la vall\u00e9e de la mort au d\u00e9part de Las Vegas avec chauffeur \/ guide agr\u00e9\u00e9\",\"isPartOf\":{\"@id\":\"https:\/\/tourtravelandmore.com\/fr\/#website\"},\"primaryImageOfPage\":{\"@id\":\"https:\/\/tourtravelandmore.com\/fr\/tours\/etats-unis-fr\/las-vegas-fr\/visite-privee-de-la-vallee-de-la-mort\/#primaryimage\"},\"image\":{\"@id\":\"https:\/\/tourtravelandmore.com\/fr\/tours\/etats-unis-fr\/las-vegas-fr\/visite-privee-de-la-vallee-de-la-mort\/#primaryimage\"},\"thumbnailUrl\":\"https:\/\/tourtravelandmore.com\/wp-content\/uploads\/2020\/11\/Death-Valley-6.jpeg\",\"datePublished\":\"2020-11-02T10:35:38+00:00\",\"dateModified\":\"2021-03-17T21:13:38+00:00\",\"description\":\"Profitez de cette visite priv\u00e9e priv\u00e9e de la vall\u00e9e de la mort au d\u00e9part de Las Vegas confortablement dans votre v\u00e9hicule de luxe priv\u00e9 avec chauffeur. Explorez ce magnifique parc national\",\"breadcrumb\":{\"@id\":\"https:\/\/tourtravelandmore.com\/fr\/tours\/etats-unis-fr\/las-vegas-fr\/visite-privee-de-la-vallee-de-la-mort\/#breadcrumb\"},\"inLanguage\":\"fr-FR\",\"potentialAction\":[{\"@type\":\"ReadAction\",\"target\":[\"https:\/\/tourtravelandmore.com\/fr\/tours\/etats-unis-fr\/las-vegas-fr\/visite-privee-de-la-vallee-de-la-mort\/\"]}]},{\"@type\":\"ImageObject\",\"inLanguage\":\"fr-FR\",\"@id\":\"https:\/\/tourtravelandmore.com\/fr\/tours\/etats-unis-fr\/las-vegas-fr\/visite-privee-de-la-vallee-de-la-mort\/#primaryimage\",\"url\":\"https:\/\/tourtravelandmore.com\/wp-content\/uploads\/2020\/11\/Death-Valley-6.jpeg\",\"contentUrl\":\"https:\/\/tourtravelandmore.com\/wp-content\/uploads\/2020\/11\/Death-Valley-6.jpeg\",\"width\":1349,\"height\":901},{\"@type\":\"BreadcrumbList\",\"@id\":\"https:\/\/tourtravelandmore.com\/fr\/tours\/etats-unis-fr\/las-vegas-fr\/visite-privee-de-la-vallee-de-la-mort\/#breadcrumb\",\"itemListElement\":[{\"@type\":\"ListItem\",\"position\":1,\"name\":\"Home\",\"item\":\"https:\/\/tourtravelandmore.com\/fr\/\"},{\"@type\":\"ListItem\",\"position\":2,\"name\":\"Tours\",\"item\":\"https:\/\/tourtravelandmore.com\/fr\/tours\/\"},{\"@type\":\"ListItem\",\"position\":3,\"name\":\"Visite priv\u00e9e de la vall\u00e9e de la mort\"}]},{\"@type\":\"WebSite\",\"@id\":\"https:\/\/tourtravelandmore.com\/fr\/#website\",\"url\":\"https:\/\/tourtravelandmore.com\/fr\/\",\"name\":\"Tour Travel And More\",\"description\":\"Private sightseeing tours and luxury transfers in Spain\",\"publisher\":{\"@id\":\"https:\/\/tourtravelandmore.com\/fr\/#organization\"},\"potentialAction\":[{\"@type\":\"SearchAction\",\"target\":{\"@type\":\"EntryPoint\",\"urlTemplate\":\"https:\/\/tourtravelandmore.com\/fr\/?s={search_term_string}\"},\"query-input\":{\"@type\":\"PropertyValueSpecification\",\"valueRequired\":true,\"valueName\":\"search_term_string\"}}],\"inLanguage\":\"fr-FR\"},{\"@type\":\"Organization\",\"@id\":\"https:\/\/tourtravelandmore.com\/fr\/#organization\",\"name\":\"Tour Travel And More\",\"url\":\"https:\/\/tourtravelandmore.com\/fr\/\",\"logo\":{\"@type\":\"ImageObject\",\"inLanguage\":\"fr-FR\",\"@id\":\"https:\/\/tourtravelandmore.com\/fr\/#\/schema\/logo\/image\/\",\"url\":\"https:\/\/tourtravelandmore.com\/wp-content\/uploads\/2022\/12\/cropped-logo-cabecera-new.png\",\"contentUrl\":\"https:\/\/tourtravelandmore.com\/wp-content\/uploads\/2022\/12\/cropped-logo-cabecera-new.png\",\"width\":430,\"height\":61,\"caption\":\"Tour Travel And More\"},\"image\":{\"@id\":\"https:\/\/tourtravelandmore.com\/fr\/#\/schema\/logo\/image\/\"},\"sameAs\":[\"https:\/\/www.facebook.com\/tourtravelandmore\/\",\"https:\/\/x.com\/TourTravel_More\"]}]}<\/script>\n<!-- \/ Yoast SEO Premium plugin. -->","yoast_head_json":{"title":"Visite priv\u00e9e de la vall\u00e9e de la mort au d\u00e9part de Las Vegas avec chauffeur \/ guide agr\u00e9\u00e9","description":"Profitez de cette visite priv\u00e9e priv\u00e9e de la vall\u00e9e de la mort au d\u00e9part de Las Vegas confortablement dans votre v\u00e9hicule de luxe priv\u00e9 avec chauffeur. Explorez ce magnifique parc national","robots":{"index":"index","follow":"follow","max-snippet":"max-snippet:-1","max-image-preview":"max-image-preview:large","max-video-preview":"max-video-preview:-1"},"canonical":"https:\/\/tourtravelandmore.com\/fr\/tours\/etats-unis-fr\/las-vegas-fr\/visite-privee-de-la-vallee-de-la-mort\/","og_locale":"fr_FR","og_type":"article","og_title":"Visite priv\u00e9e de la vall\u00e9e de la mort","og_description":"Profitez de cette visite priv\u00e9e priv\u00e9e de la vall\u00e9e de la mort au d\u00e9part de Las Vegas confortablement dans votre v\u00e9hicule de luxe priv\u00e9 avec chauffeur. Explorez ce magnifique parc national","og_url":"https:\/\/tourtravelandmore.com\/fr\/tours\/etats-unis-fr\/las-vegas-fr\/visite-privee-de-la-vallee-de-la-mort\/","og_site_name":"Tour Travel And More","article_publisher":"https:\/\/www.facebook.com\/tourtravelandmore\/","article_modified_time":"2021-03-17T21:13:38+00:00","og_image":[{"width":1349,"height":901,"url":"https:\/\/tourtravelandmore.com\/wp-content\/uploads\/2020\/11\/Death-Valley-6.jpeg","type":"image\/jpeg"}],"twitter_card":"summary_large_image","twitter_site":"@TourTravel_More","twitter_misc":{"Dur\u00e9e de lecture estim\u00e9e":"2 minutes"},"schema":{"@context":"https:\/\/schema.org","@graph":[{"@type":"WebPage","@id":"https:\/\/tourtravelandmore.com\/fr\/tours\/etats-unis-fr\/las-vegas-fr\/visite-privee-de-la-vallee-de-la-mort\/","url":"https:\/\/tourtravelandmore.com\/fr\/tours\/etats-unis-fr\/las-vegas-fr\/visite-privee-de-la-vallee-de-la-mort\/","name":"Visite priv\u00e9e de la vall\u00e9e de la mort au d\u00e9part de Las Vegas avec chauffeur \/ guide agr\u00e9\u00e9","isPartOf":{"@id":"https:\/\/tourtravelandmore.com\/fr\/#website"},"primaryImageOfPage":{"@id":"https:\/\/tourtravelandmore.com\/fr\/tours\/etats-unis-fr\/las-vegas-fr\/visite-privee-de-la-vallee-de-la-mort\/#primaryimage"},"image":{"@id":"https:\/\/tourtravelandmore.com\/fr\/tours\/etats-unis-fr\/las-vegas-fr\/visite-privee-de-la-vallee-de-la-mort\/#primaryimage"},"thumbnailUrl":"https:\/\/tourtravelandmore.com\/wp-content\/uploads\/2020\/11\/Death-Valley-6.jpeg","datePublished":"2020-11-02T10:35:38+00:00","dateModified":"2021-03-17T21:13:38+00:00","description":"Profitez de cette visite priv\u00e9e priv\u00e9e de la vall\u00e9e de la mort au d\u00e9part de Las Vegas confortablement dans votre v\u00e9hicule de luxe priv\u00e9 avec chauffeur. Explorez ce magnifique parc national","breadcrumb":{"@id":"https:\/\/tourtravelandmore.com\/fr\/tours\/etats-unis-fr\/las-vegas-fr\/visite-privee-de-la-vallee-de-la-mort\/#breadcrumb"},"inLanguage":"fr-FR","potentialAction":[{"@type":"ReadAction","target":["https:\/\/tourtravelandmore.com\/fr\/tours\/etats-unis-fr\/las-vegas-fr\/visite-privee-de-la-vallee-de-la-mort\/"]}]},{"@type":"ImageObject","inLanguage":"fr-FR","@id":"https:\/\/tourtravelandmore.com\/fr\/tours\/etats-unis-fr\/las-vegas-fr\/visite-privee-de-la-vallee-de-la-mort\/#primaryimage","url":"https:\/\/tourtravelandmore.com\/wp-content\/uploads\/2020\/11\/Death-Valley-6.jpeg","contentUrl":"https:\/\/tourtravelandmore.com\/wp-content\/uploads\/2020\/11\/Death-Valley-6.jpeg","width":1349,"height":901},{"@type":"BreadcrumbList","@id":"https:\/\/tourtravelandmore.com\/fr\/tours\/etats-unis-fr\/las-vegas-fr\/visite-privee-de-la-vallee-de-la-mort\/#breadcrumb","itemListElement":[{"@type":"ListItem","position":1,"name":"Home","item":"https:\/\/tourtravelandmore.com\/fr\/"},{"@type":"ListItem","position":2,"name":"Tours","item":"https:\/\/tourtravelandmore.com\/fr\/tours\/"},{"@type":"ListItem","position":3,"name":"Visite priv\u00e9e de la vall\u00e9e de la mort"}]},{"@type":"WebSite","@id":"https:\/\/tourtravelandmore.com\/fr\/#website","url":"https:\/\/tourtravelandmore.com\/fr\/","name":"Tour Travel And More","description":"Private sightseeing tours and luxury transfers in Spain","publisher":{"@id":"https:\/\/tourtravelandmore.com\/fr\/#organization"},"potentialAction":[{"@type":"SearchAction","target":{"@type":"EntryPoint","urlTemplate":"https:\/\/tourtravelandmore.com\/fr\/?s={search_term_string}"},"query-input":{"@type":"PropertyValueSpecification","valueRequired":true,"valueName":"search_term_string"}}],"inLanguage":"fr-FR"},{"@type":"Organization","@id":"https:\/\/tourtravelandmore.com\/fr\/#organization","name":"Tour Travel And More","url":"https:\/\/tourtravelandmore.com\/fr\/","logo":{"@type":"ImageObject","inLanguage":"fr-FR","@id":"https:\/\/tourtravelandmore.com\/fr\/#\/schema\/logo\/image\/","url":"https:\/\/tourtravelandmore.com\/wp-content\/uploads\/2022\/12\/cropped-logo-cabecera-new.png","contentUrl":"https:\/\/tourtravelandmore.com\/wp-content\/uploads\/2022\/12\/cropped-logo-cabecera-new.png","width":430,"height":61,"caption":"Tour Travel And More"},"image":{"@id":"https:\/\/tourtravelandmore.com\/fr\/#\/schema\/logo\/image\/"},"sameAs":["https:\/\/www.facebook.com\/tourtravelandmore\/","https:\/\/x.com\/TourTravel_More"]}]}},"_links":{"self":[{"href":"https:\/\/tourtravelandmore.com\/fr\/wp-json\/wp\/v2\/product\/104054","targetHints":{"allow":["GET"]}}],"collection":[{"href":"https:\/\/tourtravelandmore.com\/fr\/wp-json\/wp\/v2\/product"}],"about":[{"href":"https:\/\/tourtravelandmore.com\/fr\/wp-json\/wp\/v2\/types\/product"}],"replies":[{"embeddable":true,"href":"https:\/\/tourtravelandmore.com\/fr\/wp-json\/wp\/v2\/comments?post=104054"}],"wp:featuredmedia":[{"embeddable":true,"href":"https:\/\/tourtravelandmore.com\/fr\/wp-json\/wp\/v2\/media\/98558"}],"wp:attachment":[{"href":"https:\/\/tourtravelandmore.com\/fr\/wp-json\/wp\/v2\/media?parent=104054"}],"wp:term":[{"taxonomy":"product_brand","embeddable":true,"href":"https:\/\/tourtravelandmore.com\/fr\/wp-json\/wp\/v2\/product_brand?post=104054"},{"taxonomy":"product_cat","embeddable":true,"href":"https:\/\/tourtravelandmore.com\/fr\/wp-json\/wp\/v2\/product_cat?post=104054"},{"taxonomy":"product_tag","embeddable":true,"href":"https:\/\/tourtravelandmore.com\/fr\/wp-json\/wp\/v2\/product_tag?post=104054"}],"curies":[{"name":"wp","href":"https:\/\/api.w.org\/{rel}","templated":true}]}}