{"id":104047,"date":"2020-11-02T10:41:41","date_gmt":"2020-11-02T09:41:41","guid":{"rendered":"https:\/\/tourtravelandmore.com\/tours\/non%20class\u00e9\/visite-privee-du-parc-detat-dincendie\/"},"modified":"2021-03-17T22:12:49","modified_gmt":"2021-03-17T21:12:49","slug":"visite-privee-du-parc-detat-dincendie","status":"publish","type":"product","link":"https:\/\/tourtravelandmore.com\/fr\/tours\/etats-unis-fr\/las-vegas-fr\/visite-privee-du-parc-detat-dincendie\/","title":{"rendered":"Visite priv\u00e9e du parc d&#8217;\u00c9tat d&#8217;incendie"},"content":{"rendered":"<h2>Description<\/h2>\n<p>Il y a beaucoup plus \u00e0 voir \u00e0 Las Vegas que le Strip. Ne manquez pas cette chance d&#8217;explorer le Nevada avec cette visite priv\u00e9e du Fire State Park au d\u00e9part de Las Vegas.<\/p>\n<p>La magnifique vall\u00e9e de Fire State Park contient d&#8217;anciens arbres p\u00e9trifi\u00e9s et des p\u00e9troglyphes datant de plus de 2000 ans. Vous d\u00e9couvrirez et explorerez ce site merveilleux aux c\u00f4t\u00e9s d&#8217;un expert local.<\/p>\n<p>Tout d&#8217;abord, votre chauffeur \/ guide priv\u00e9 viendra vous chercher \u00e0 l&#8217;endroit de votre choix \u00e0 Las Vegas. Apr\u00e8s cela, vous vous dirigerez vers la vall\u00e9e, situ\u00e9e \u00e0 50 minutes de la ville.<\/p>\n<p>Contactez-nous et l&#8217;un de nos experts en voyages vous aidera \u00e0 organiser une exp\u00e9rience personnalis\u00e9e. Une autre excursion d&#8217;une journ\u00e9e compl\u00e8te au d\u00e9part de Las Vegas est notre visite priv\u00e9e du grand canyon, jetez-y un \u0153il!<\/p>\n<h2>Sites d&#8217;int\u00e9r\u00eat et points de rep\u00e8re<\/h2>\n<p>La Valley of Fire est l&#8217;un des plus beaux sites du Nevada. D\u00e9couvrez et explorez ce site merveilleux avec notre visite priv\u00e9e du Fire State Park au d\u00e9part de Las Vegas.<\/p>\n<p>R\u00e9put\u00e9e dans le monde entier pour ses 40000 acres d&#8217;affleurements de gr\u00e8s azt\u00e8que rouge vif, la vall\u00e9e contient d&#8217;anciens arbres p\u00e9trifi\u00e9s et des p\u00e9troglyphes qui remontent \u00e0 plus de 2000 ans. Une fois que vous entrez dans le parc national, vous suivrez la route principale qui relie les entr\u00e9es est et ouest du parc. La route est \u00e9galement appel\u00e9e la route panoramique Valley of Fire et est un peu moins de 11 miles.<\/p>\n<p>En 1931, l&#8217;\u00c9tat du Nevada a commenc\u00e9 la cr\u00e9ation de Valley of Fire State Park. Le parc a ouvert ses portes en 1934 et a \u00e9t\u00e9 officiellement d\u00e9sign\u00e9 parc d\u2019\u00c9tat de Valley of Fire en 1935. Il est devenu le premier parc d\u2019\u00c9tat du Nevada.<\/p>\n<p>Explorez et d\u00e9couvrez ce magnifique site naturel aux c\u00f4t\u00e9s d&#8217;un expert local. Vous profiterez d&#8217;une visite priv\u00e9e de 5 heures avec prise en charge et retour \u00e0 Las Vegas. Les frais d&#8217;entr\u00e9e au parc national sont inclus dans le prix de la visite.<\/p>\n","protected":false},"excerpt":{"rendered":"<p>\u00catre \u00e0 Las Vegas vous donne la chance de d\u00e9couvrir les superbes parcs nationaux du Nevada. Profitez de cette visite priv\u00e9e tout confort dans votre v\u00e9hicule de luxe avec chauffeur. Donnez-vous la chance d&#8217;admirer le magnifique parc national de Fire State.<\/p>\n","protected":false},"featured_media":98550,"comment_status":"open","ping_status":"closed","template":"","meta":{"_acf_changed":false},"product_brand":[],"product_cat":[3547,3773],"product_tag":[],"class_list":{"0":"post-104047","1":"product","2":"type-product","3":"status-publish","4":"has-post-thumbnail","6":"product_cat-etats-unis-fr","7":"product_cat-las-vegas-fr","9":"first","10":"instock","11":"shipping-taxable","12":"purchasable","13":"product-type-simple"},"acf":[],"yoast_head":"<!-- This site is optimized with the Yoast SEO Premium plugin v25.3.1 (Yoast SEO v25.3.1) - https:\/\/yoast.com\/wordpress\/plugins\/seo\/ -->\n<title>Visite priv\u00e9e du parc d&#039;\u00e9tat de feu au d\u00e9part de Las Vegas avec chauffeur \/ guide agr\u00e9\u00e9<\/title>\n<meta name=\"description\" content=\"Profitez de cette visite priv\u00e9e du Fire State Park au d\u00e9part de Las Vegas confortablement dans votre v\u00e9hicule de luxe priv\u00e9 avec chauffeur. Explorez ce magnifique parc national\" \/>\n<meta name=\"robots\" content=\"index, follow, max-snippet:-1, max-image-preview:large, max-video-preview:-1\" \/>\n<link rel=\"canonical\" href=\"https:\/\/tourtravelandmore.com\/fr\/tours\/etats-unis-fr\/las-vegas-fr\/visite-privee-du-parc-detat-dincendie\/\" \/>\n<meta property=\"og:locale\" content=\"fr_FR\" \/>\n<meta property=\"og:type\" content=\"article\" \/>\n<meta property=\"og:title\" content=\"Visite priv\u00e9e du parc d&#039;\u00c9tat d&#039;incendie\" \/>\n<meta property=\"og:description\" content=\"Profitez de cette visite priv\u00e9e du Fire State Park au d\u00e9part de Las Vegas confortablement dans votre v\u00e9hicule de luxe priv\u00e9 avec chauffeur. Explorez ce magnifique parc national\" \/>\n<meta property=\"og:url\" content=\"https:\/\/tourtravelandmore.com\/fr\/tours\/etats-unis-fr\/las-vegas-fr\/visite-privee-du-parc-detat-dincendie\/\" \/>\n<meta property=\"og:site_name\" content=\"Tour Travel And More\" \/>\n<meta property=\"article:publisher\" content=\"https:\/\/www.facebook.com\/tourtravelandmore\/\" \/>\n<meta property=\"article:modified_time\" content=\"2021-03-17T21:12:49+00:00\" \/>\n<meta property=\"og:image\" content=\"https:\/\/tourtravelandmore.com\/wp-content\/uploads\/2020\/11\/Valley-of-fire-state-park-3.jpeg\" \/>\n\t<meta property=\"og:image:width\" content=\"1350\" \/>\n\t<meta property=\"og:image:height\" content=\"900\" \/>\n\t<meta property=\"og:image:type\" content=\"image\/jpeg\" \/>\n<meta name=\"twitter:card\" content=\"summary_large_image\" \/>\n<meta name=\"twitter:site\" content=\"@TourTravel_More\" \/>\n<meta name=\"twitter:label1\" content=\"Dur\u00e9e de lecture estim\u00e9e\" \/>\n\t<meta name=\"twitter:data1\" content=\"2 minutes\" \/>\n<script type=\"application\/ld+json\" class=\"yoast-schema-graph\">{\"@context\":\"https:\/\/schema.org\",\"@graph\":[{\"@type\":\"WebPage\",\"@id\":\"https:\/\/tourtravelandmore.com\/fr\/tours\/etats-unis-fr\/las-vegas-fr\/visite-privee-du-parc-detat-dincendie\/\",\"url\":\"https:\/\/tourtravelandmore.com\/fr\/tours\/etats-unis-fr\/las-vegas-fr\/visite-privee-du-parc-detat-dincendie\/\",\"name\":\"Visite priv\u00e9e du parc d'\u00e9tat de feu au d\u00e9part de Las Vegas avec chauffeur \/ guide agr\u00e9\u00e9\",\"isPartOf\":{\"@id\":\"https:\/\/tourtravelandmore.com\/fr\/#website\"},\"primaryImageOfPage\":{\"@id\":\"https:\/\/tourtravelandmore.com\/fr\/tours\/etats-unis-fr\/las-vegas-fr\/visite-privee-du-parc-detat-dincendie\/#primaryimage\"},\"image\":{\"@id\":\"https:\/\/tourtravelandmore.com\/fr\/tours\/etats-unis-fr\/las-vegas-fr\/visite-privee-du-parc-detat-dincendie\/#primaryimage\"},\"thumbnailUrl\":\"https:\/\/tourtravelandmore.com\/wp-content\/uploads\/2020\/11\/Valley-of-fire-state-park-3.jpeg\",\"datePublished\":\"2020-11-02T09:41:41+00:00\",\"dateModified\":\"2021-03-17T21:12:49+00:00\",\"description\":\"Profitez de cette visite priv\u00e9e du Fire State Park au d\u00e9part de Las Vegas confortablement dans votre v\u00e9hicule de luxe priv\u00e9 avec chauffeur. Explorez ce magnifique parc national\",\"breadcrumb\":{\"@id\":\"https:\/\/tourtravelandmore.com\/fr\/tours\/etats-unis-fr\/las-vegas-fr\/visite-privee-du-parc-detat-dincendie\/#breadcrumb\"},\"inLanguage\":\"fr-FR\",\"potentialAction\":[{\"@type\":\"ReadAction\",\"target\":[\"https:\/\/tourtravelandmore.com\/fr\/tours\/etats-unis-fr\/las-vegas-fr\/visite-privee-du-parc-detat-dincendie\/\"]}]},{\"@type\":\"ImageObject\",\"inLanguage\":\"fr-FR\",\"@id\":\"https:\/\/tourtravelandmore.com\/fr\/tours\/etats-unis-fr\/las-vegas-fr\/visite-privee-du-parc-detat-dincendie\/#primaryimage\",\"url\":\"https:\/\/tourtravelandmore.com\/wp-content\/uploads\/2020\/11\/Valley-of-fire-state-park-3.jpeg\",\"contentUrl\":\"https:\/\/tourtravelandmore.com\/wp-content\/uploads\/2020\/11\/Valley-of-fire-state-park-3.jpeg\",\"width\":1350,\"height\":900},{\"@type\":\"BreadcrumbList\",\"@id\":\"https:\/\/tourtravelandmore.com\/fr\/tours\/etats-unis-fr\/las-vegas-fr\/visite-privee-du-parc-detat-dincendie\/#breadcrumb\",\"itemListElement\":[{\"@type\":\"ListItem\",\"position\":1,\"name\":\"Home\",\"item\":\"https:\/\/tourtravelandmore.com\/fr\/\"},{\"@type\":\"ListItem\",\"position\":2,\"name\":\"Tours\",\"item\":\"https:\/\/tourtravelandmore.com\/fr\/tours\/\"},{\"@type\":\"ListItem\",\"position\":3,\"name\":\"Visite priv\u00e9e du parc d&rsquo;\u00c9tat d&rsquo;incendie\"}]},{\"@type\":\"WebSite\",\"@id\":\"https:\/\/tourtravelandmore.com\/fr\/#website\",\"url\":\"https:\/\/tourtravelandmore.com\/fr\/\",\"name\":\"Tour Travel And More\",\"description\":\"Private sightseeing tours and luxury transfers in Spain\",\"publisher\":{\"@id\":\"https:\/\/tourtravelandmore.com\/fr\/#organization\"},\"potentialAction\":[{\"@type\":\"SearchAction\",\"target\":{\"@type\":\"EntryPoint\",\"urlTemplate\":\"https:\/\/tourtravelandmore.com\/fr\/?s={search_term_string}\"},\"query-input\":{\"@type\":\"PropertyValueSpecification\",\"valueRequired\":true,\"valueName\":\"search_term_string\"}}],\"inLanguage\":\"fr-FR\"},{\"@type\":\"Organization\",\"@id\":\"https:\/\/tourtravelandmore.com\/fr\/#organization\",\"name\":\"Tour Travel And More\",\"url\":\"https:\/\/tourtravelandmore.com\/fr\/\",\"logo\":{\"@type\":\"ImageObject\",\"inLanguage\":\"fr-FR\",\"@id\":\"https:\/\/tourtravelandmore.com\/fr\/#\/schema\/logo\/image\/\",\"url\":\"https:\/\/tourtravelandmore.com\/wp-content\/uploads\/2022\/12\/cropped-logo-cabecera-new.png\",\"contentUrl\":\"https:\/\/tourtravelandmore.com\/wp-content\/uploads\/2022\/12\/cropped-logo-cabecera-new.png\",\"width\":430,\"height\":61,\"caption\":\"Tour Travel And More\"},\"image\":{\"@id\":\"https:\/\/tourtravelandmore.com\/fr\/#\/schema\/logo\/image\/\"},\"sameAs\":[\"https:\/\/www.facebook.com\/tourtravelandmore\/\",\"https:\/\/x.com\/TourTravel_More\"]}]}<\/script>\n<!-- \/ Yoast SEO Premium plugin. -->","yoast_head_json":{"title":"Visite priv\u00e9e du parc d'\u00e9tat de feu au d\u00e9part de Las Vegas avec chauffeur \/ guide agr\u00e9\u00e9","description":"Profitez de cette visite priv\u00e9e du Fire State Park au d\u00e9part de Las Vegas confortablement dans votre v\u00e9hicule de luxe priv\u00e9 avec chauffeur. Explorez ce magnifique parc national","robots":{"index":"index","follow":"follow","max-snippet":"max-snippet:-1","max-image-preview":"max-image-preview:large","max-video-preview":"max-video-preview:-1"},"canonical":"https:\/\/tourtravelandmore.com\/fr\/tours\/etats-unis-fr\/las-vegas-fr\/visite-privee-du-parc-detat-dincendie\/","og_locale":"fr_FR","og_type":"article","og_title":"Visite priv\u00e9e du parc d'\u00c9tat d'incendie","og_description":"Profitez de cette visite priv\u00e9e du Fire State Park au d\u00e9part de Las Vegas confortablement dans votre v\u00e9hicule de luxe priv\u00e9 avec chauffeur. Explorez ce magnifique parc national","og_url":"https:\/\/tourtravelandmore.com\/fr\/tours\/etats-unis-fr\/las-vegas-fr\/visite-privee-du-parc-detat-dincendie\/","og_site_name":"Tour Travel And More","article_publisher":"https:\/\/www.facebook.com\/tourtravelandmore\/","article_modified_time":"2021-03-17T21:12:49+00:00","og_image":[{"width":1350,"height":900,"url":"https:\/\/tourtravelandmore.com\/wp-content\/uploads\/2020\/11\/Valley-of-fire-state-park-3.jpeg","type":"image\/jpeg"}],"twitter_card":"summary_large_image","twitter_site":"@TourTravel_More","twitter_misc":{"Dur\u00e9e de lecture estim\u00e9e":"2 minutes"},"schema":{"@context":"https:\/\/schema.org","@graph":[{"@type":"WebPage","@id":"https:\/\/tourtravelandmore.com\/fr\/tours\/etats-unis-fr\/las-vegas-fr\/visite-privee-du-parc-detat-dincendie\/","url":"https:\/\/tourtravelandmore.com\/fr\/tours\/etats-unis-fr\/las-vegas-fr\/visite-privee-du-parc-detat-dincendie\/","name":"Visite priv\u00e9e du parc d'\u00e9tat de feu au d\u00e9part de Las Vegas avec chauffeur \/ guide agr\u00e9\u00e9","isPartOf":{"@id":"https:\/\/tourtravelandmore.com\/fr\/#website"},"primaryImageOfPage":{"@id":"https:\/\/tourtravelandmore.com\/fr\/tours\/etats-unis-fr\/las-vegas-fr\/visite-privee-du-parc-detat-dincendie\/#primaryimage"},"image":{"@id":"https:\/\/tourtravelandmore.com\/fr\/tours\/etats-unis-fr\/las-vegas-fr\/visite-privee-du-parc-detat-dincendie\/#primaryimage"},"thumbnailUrl":"https:\/\/tourtravelandmore.com\/wp-content\/uploads\/2020\/11\/Valley-of-fire-state-park-3.jpeg","datePublished":"2020-11-02T09:41:41+00:00","dateModified":"2021-03-17T21:12:49+00:00","description":"Profitez de cette visite priv\u00e9e du Fire State Park au d\u00e9part de Las Vegas confortablement dans votre v\u00e9hicule de luxe priv\u00e9 avec chauffeur. Explorez ce magnifique parc national","breadcrumb":{"@id":"https:\/\/tourtravelandmore.com\/fr\/tours\/etats-unis-fr\/las-vegas-fr\/visite-privee-du-parc-detat-dincendie\/#breadcrumb"},"inLanguage":"fr-FR","potentialAction":[{"@type":"ReadAction","target":["https:\/\/tourtravelandmore.com\/fr\/tours\/etats-unis-fr\/las-vegas-fr\/visite-privee-du-parc-detat-dincendie\/"]}]},{"@type":"ImageObject","inLanguage":"fr-FR","@id":"https:\/\/tourtravelandmore.com\/fr\/tours\/etats-unis-fr\/las-vegas-fr\/visite-privee-du-parc-detat-dincendie\/#primaryimage","url":"https:\/\/tourtravelandmore.com\/wp-content\/uploads\/2020\/11\/Valley-of-fire-state-park-3.jpeg","contentUrl":"https:\/\/tourtravelandmore.com\/wp-content\/uploads\/2020\/11\/Valley-of-fire-state-park-3.jpeg","width":1350,"height":900},{"@type":"BreadcrumbList","@id":"https:\/\/tourtravelandmore.com\/fr\/tours\/etats-unis-fr\/las-vegas-fr\/visite-privee-du-parc-detat-dincendie\/#breadcrumb","itemListElement":[{"@type":"ListItem","position":1,"name":"Home","item":"https:\/\/tourtravelandmore.com\/fr\/"},{"@type":"ListItem","position":2,"name":"Tours","item":"https:\/\/tourtravelandmore.com\/fr\/tours\/"},{"@type":"ListItem","position":3,"name":"Visite priv\u00e9e du parc d&rsquo;\u00c9tat d&rsquo;incendie"}]},{"@type":"WebSite","@id":"https:\/\/tourtravelandmore.com\/fr\/#website","url":"https:\/\/tourtravelandmore.com\/fr\/","name":"Tour Travel And More","description":"Private sightseeing tours and luxury transfers in Spain","publisher":{"@id":"https:\/\/tourtravelandmore.com\/fr\/#organization"},"potentialAction":[{"@type":"SearchAction","target":{"@type":"EntryPoint","urlTemplate":"https:\/\/tourtravelandmore.com\/fr\/?s={search_term_string}"},"query-input":{"@type":"PropertyValueSpecification","valueRequired":true,"valueName":"search_term_string"}}],"inLanguage":"fr-FR"},{"@type":"Organization","@id":"https:\/\/tourtravelandmore.com\/fr\/#organization","name":"Tour Travel And More","url":"https:\/\/tourtravelandmore.com\/fr\/","logo":{"@type":"ImageObject","inLanguage":"fr-FR","@id":"https:\/\/tourtravelandmore.com\/fr\/#\/schema\/logo\/image\/","url":"https:\/\/tourtravelandmore.com\/wp-content\/uploads\/2022\/12\/cropped-logo-cabecera-new.png","contentUrl":"https:\/\/tourtravelandmore.com\/wp-content\/uploads\/2022\/12\/cropped-logo-cabecera-new.png","width":430,"height":61,"caption":"Tour Travel And More"},"image":{"@id":"https:\/\/tourtravelandmore.com\/fr\/#\/schema\/logo\/image\/"},"sameAs":["https:\/\/www.facebook.com\/tourtravelandmore\/","https:\/\/x.com\/TourTravel_More"]}]}},"_links":{"self":[{"href":"https:\/\/tourtravelandmore.com\/fr\/wp-json\/wp\/v2\/product\/104047","targetHints":{"allow":["GET"]}}],"collection":[{"href":"https:\/\/tourtravelandmore.com\/fr\/wp-json\/wp\/v2\/product"}],"about":[{"href":"https:\/\/tourtravelandmore.com\/fr\/wp-json\/wp\/v2\/types\/product"}],"replies":[{"embeddable":true,"href":"https:\/\/tourtravelandmore.com\/fr\/wp-json\/wp\/v2\/comments?post=104047"}],"wp:featuredmedia":[{"embeddable":true,"href":"https:\/\/tourtravelandmore.com\/fr\/wp-json\/wp\/v2\/media\/98550"}],"wp:attachment":[{"href":"https:\/\/tourtravelandmore.com\/fr\/wp-json\/wp\/v2\/media?parent=104047"}],"wp:term":[{"taxonomy":"product_brand","embeddable":true,"href":"https:\/\/tourtravelandmore.com\/fr\/wp-json\/wp\/v2\/product_brand?post=104047"},{"taxonomy":"product_cat","embeddable":true,"href":"https:\/\/tourtravelandmore.com\/fr\/wp-json\/wp\/v2\/product_cat?post=104047"},{"taxonomy":"product_tag","embeddable":true,"href":"https:\/\/tourtravelandmore.com\/fr\/wp-json\/wp\/v2\/product_tag?post=104047"}],"curies":[{"name":"wp","href":"https:\/\/api.w.org\/{rel}","templated":true}]}}