{"id":104042,"date":"2020-10-31T11:28:53","date_gmt":"2020-10-31T10:28:53","guid":{"rendered":"https:\/\/tourtravelandmore.com\/tours\/non%20class\u00e9\/transfert-prive-a-las-vegas\/"},"modified":"2022-12-01T18:38:39","modified_gmt":"2022-12-01T17:38:39","slug":"transfert-prive-a-las-vegas","status":"publish","type":"product","link":"https:\/\/tourtravelandmore.com\/fr\/tours\/etats-unis-fr\/las-vegas-fr\/transfert-prive-a-las-vegas\/","title":{"rendered":"Transfert priv\u00e9 \u00e0 Las Vegas"},"content":{"rendered":"<h2>Description<\/h2>\n<p>Profitez d&#8217;une exp\u00e9rience sans souci avec notre transfert priv\u00e9 de l&#8217;a\u00e9roport de Las Vegas. Laissez-nous organiser votre transport dans le Nevada et profitez du moyen le plus confortable pour vous rendre \u00e0 votre destination finale.<\/p>\n<p>Nos chauffeurs professionnels viendront vous chercher \u00e0 l&#8217;emplacement de votre choix. A\u00e9roport, h\u00f4tel, autre ville ou lieu de votre choix. En cas de transfert \u00e0 l&#8217;arriv\u00e9e, notre chauffeur vous attendra avec une pancarte avec votre nom. Nous surveillons toujours l&#8217;arriv\u00e9e exacte du vol, vous n&#8217;aurez pas \u00e0 vous inqui\u00e9ter en cas de retard de vol.<\/p>\n<p>Nous ne limitons pas le nombre de bagages. Mais veuillez inclure ces informations, car nous pourrions avoir besoin de changer de v\u00e9hicule pour accueillir tous vos bagages. Si un si\u00e8ge enfant est n\u00e9cessaire, veuillez nous en informer.<\/p>\n<h2>Sites d&#8217;int\u00e9r\u00eat et monuments<\/h2>\n<p>Las Vegas est la plus grande ville de l&#8217;\u00e9tat du Nevada. Et c&#8217;est l&#8217;une des principales destinations touristiques des USA. Las Vegas est mondialement connue pour ses casinos, ses h\u00f4tels et ses divertissements. Vous y trouverez les meilleurs restaurants, h\u00f4tels et terrains de golf du monde. Rejoignez les plus de 38 millions de personnes qui visitent la ville chaque ann\u00e9e et d\u00e9couvrez le plaisir de Las Vegas!<\/p>\n<p>Tous nos transferts priv\u00e9s \u00e0 l&#8217;a\u00e9roport de Las Vegas se font dans des v\u00e9hicules de luxe.<\/p>\n<p>Nous proposons des transferts pour les groupes priv\u00e9s et m\u00eame des incentives et grands groupes et nous proposons un service personnalis\u00e9. Tous nos v\u00e9hicules sont autoris\u00e9s \u00e0 circuler dans l&#8217;ensemble des \u00c9tats-Unis et nos chauffeurs sont professionnels et exp\u00e9riment\u00e9s.<\/p>\n<p>Nous ne limitons pas le nombre de bagages. Mais nous vous demandons d\u2019indiquer le nombre de bagages avec lesquels vous voyagerez uniquement pour des raisons logistiques. Parfois, un v\u00e9hicule plus gros peut \u00eatre n\u00e9cessaire et des frais suppl\u00e9mentaires peuvent s&#8217;appliquer.<\/p>\n<p>Si vous avez besoin d&#8217;un si\u00e8ge b\u00e9b\u00e9 ou d&#8217;un si\u00e8ge enfant, veuillez nous en informer au pr\u00e9alable. Nous proposons des transports priv\u00e9s dans tout l&#8217;\u00e9tat de Californie. Nous assurons des transferts a\u00e9roport, port de croisi\u00e8re et interurbains dans toute la r\u00e9gion.<\/p>\n","protected":false},"excerpt":{"rendered":"<p>Rendez-vous confortablement \u00e0 votre destination finale \u00e0 Las Vegas. Vous disposerez de votre propre v\u00e9hicule de luxe priv\u00e9 avec chauffeur pour vous conduire rapidement et confortablement \u00e0 l&#8217;emplacement de votre choix.<\/p>\n","protected":false},"featured_media":95809,"comment_status":"open","ping_status":"closed","template":"","meta":{"_acf_changed":false},"product_brand":[],"product_cat":[3547,3773],"product_tag":[],"class_list":{"0":"post-104042","1":"product","2":"type-product","3":"status-publish","4":"has-post-thumbnail","6":"product_cat-etats-unis-fr","7":"product_cat-las-vegas-fr","9":"first","10":"instock","11":"shipping-taxable","12":"purchasable","13":"product-type-simple"},"acf":[],"yoast_head":"<!-- This site is optimized with the Yoast SEO Premium plugin v25.3.1 (Yoast SEO v25.3.1) - https:\/\/yoast.com\/wordpress\/plugins\/seo\/ -->\n<title>Transfert priv\u00e9 de l&#039;a\u00e9roport de Las Vegas avec des chauffeurs professionnels<\/title>\n<meta name=\"description\" content=\"Rejoignez confortablement votre destination finale \u00e0 Las Vegas dans notre v\u00e9hicule de luxe priv\u00e9 avec notre transfert priv\u00e9 \u00e0 l&#039;a\u00e9roport de Las Vegas.\" \/>\n<meta name=\"robots\" content=\"index, follow, max-snippet:-1, max-image-preview:large, max-video-preview:-1\" \/>\n<link rel=\"canonical\" href=\"https:\/\/tourtravelandmore.com\/fr\/tours\/etats-unis-fr\/las-vegas-fr\/transfert-prive-a-las-vegas\/\" \/>\n<meta property=\"og:locale\" content=\"fr_FR\" \/>\n<meta property=\"og:type\" content=\"article\" \/>\n<meta property=\"og:title\" content=\"Transfert priv\u00e9 \u00e0 Las Vegas\" \/>\n<meta property=\"og:description\" content=\"Rejoignez confortablement votre destination finale \u00e0 Las Vegas dans notre v\u00e9hicule de luxe priv\u00e9 avec notre transfert priv\u00e9 \u00e0 l&#039;a\u00e9roport de Las Vegas.\" \/>\n<meta property=\"og:url\" content=\"https:\/\/tourtravelandmore.com\/fr\/tours\/etats-unis-fr\/las-vegas-fr\/transfert-prive-a-las-vegas\/\" \/>\n<meta property=\"og:site_name\" content=\"Tour Travel And More\" \/>\n<meta property=\"article:publisher\" content=\"https:\/\/www.facebook.com\/tourtravelandmore\/\" \/>\n<meta property=\"article:modified_time\" content=\"2022-12-01T17:38:39+00:00\" \/>\n<meta property=\"og:image\" content=\"https:\/\/tourtravelandmore.com\/wp-content\/uploads\/2016\/11\/TrasladoAlicante-1.png\" \/>\n\t<meta property=\"og:image:width\" content=\"640\" \/>\n\t<meta property=\"og:image:height\" content=\"425\" \/>\n\t<meta property=\"og:image:type\" content=\"image\/png\" \/>\n<meta name=\"twitter:card\" content=\"summary_large_image\" \/>\n<meta name=\"twitter:site\" content=\"@TourTravel_More\" \/>\n<meta name=\"twitter:label1\" content=\"Dur\u00e9e de lecture estim\u00e9e\" \/>\n\t<meta name=\"twitter:data1\" content=\"2 minutes\" \/>\n<script type=\"application\/ld+json\" class=\"yoast-schema-graph\">{\"@context\":\"https:\/\/schema.org\",\"@graph\":[{\"@type\":\"WebPage\",\"@id\":\"https:\/\/tourtravelandmore.com\/fr\/tours\/etats-unis-fr\/las-vegas-fr\/transfert-prive-a-las-vegas\/\",\"url\":\"https:\/\/tourtravelandmore.com\/fr\/tours\/etats-unis-fr\/las-vegas-fr\/transfert-prive-a-las-vegas\/\",\"name\":\"Transfert priv\u00e9 de l'a\u00e9roport de Las Vegas avec des chauffeurs professionnels\",\"isPartOf\":{\"@id\":\"https:\/\/tourtravelandmore.com\/fr\/#website\"},\"primaryImageOfPage\":{\"@id\":\"https:\/\/tourtravelandmore.com\/fr\/tours\/etats-unis-fr\/las-vegas-fr\/transfert-prive-a-las-vegas\/#primaryimage\"},\"image\":{\"@id\":\"https:\/\/tourtravelandmore.com\/fr\/tours\/etats-unis-fr\/las-vegas-fr\/transfert-prive-a-las-vegas\/#primaryimage\"},\"thumbnailUrl\":\"https:\/\/tourtravelandmore.com\/wp-content\/uploads\/2016\/11\/TrasladoAlicante-1.png\",\"datePublished\":\"2020-10-31T10:28:53+00:00\",\"dateModified\":\"2022-12-01T17:38:39+00:00\",\"description\":\"Rejoignez confortablement votre destination finale \u00e0 Las Vegas dans notre v\u00e9hicule de luxe priv\u00e9 avec notre transfert priv\u00e9 \u00e0 l'a\u00e9roport de Las Vegas.\",\"breadcrumb\":{\"@id\":\"https:\/\/tourtravelandmore.com\/fr\/tours\/etats-unis-fr\/las-vegas-fr\/transfert-prive-a-las-vegas\/#breadcrumb\"},\"inLanguage\":\"fr-FR\",\"potentialAction\":[{\"@type\":\"ReadAction\",\"target\":[\"https:\/\/tourtravelandmore.com\/fr\/tours\/etats-unis-fr\/las-vegas-fr\/transfert-prive-a-las-vegas\/\"]}]},{\"@type\":\"ImageObject\",\"inLanguage\":\"fr-FR\",\"@id\":\"https:\/\/tourtravelandmore.com\/fr\/tours\/etats-unis-fr\/las-vegas-fr\/transfert-prive-a-las-vegas\/#primaryimage\",\"url\":\"https:\/\/tourtravelandmore.com\/wp-content\/uploads\/2016\/11\/TrasladoAlicante-1.png\",\"contentUrl\":\"https:\/\/tourtravelandmore.com\/wp-content\/uploads\/2016\/11\/TrasladoAlicante-1.png\",\"width\":640,\"height\":425},{\"@type\":\"BreadcrumbList\",\"@id\":\"https:\/\/tourtravelandmore.com\/fr\/tours\/etats-unis-fr\/las-vegas-fr\/transfert-prive-a-las-vegas\/#breadcrumb\",\"itemListElement\":[{\"@type\":\"ListItem\",\"position\":1,\"name\":\"Home\",\"item\":\"https:\/\/tourtravelandmore.com\/fr\/\"},{\"@type\":\"ListItem\",\"position\":2,\"name\":\"Tours\",\"item\":\"https:\/\/tourtravelandmore.com\/fr\/tours\/\"},{\"@type\":\"ListItem\",\"position\":3,\"name\":\"Transfert priv\u00e9 \u00e0 Las Vegas\"}]},{\"@type\":\"WebSite\",\"@id\":\"https:\/\/tourtravelandmore.com\/fr\/#website\",\"url\":\"https:\/\/tourtravelandmore.com\/fr\/\",\"name\":\"Tour Travel And More\",\"description\":\"Private sightseeing tours and luxury transfers in Spain\",\"publisher\":{\"@id\":\"https:\/\/tourtravelandmore.com\/fr\/#organization\"},\"potentialAction\":[{\"@type\":\"SearchAction\",\"target\":{\"@type\":\"EntryPoint\",\"urlTemplate\":\"https:\/\/tourtravelandmore.com\/fr\/?s={search_term_string}\"},\"query-input\":{\"@type\":\"PropertyValueSpecification\",\"valueRequired\":true,\"valueName\":\"search_term_string\"}}],\"inLanguage\":\"fr-FR\"},{\"@type\":\"Organization\",\"@id\":\"https:\/\/tourtravelandmore.com\/fr\/#organization\",\"name\":\"Tour Travel And More\",\"url\":\"https:\/\/tourtravelandmore.com\/fr\/\",\"logo\":{\"@type\":\"ImageObject\",\"inLanguage\":\"fr-FR\",\"@id\":\"https:\/\/tourtravelandmore.com\/fr\/#\/schema\/logo\/image\/\",\"url\":\"https:\/\/tourtravelandmore.com\/wp-content\/uploads\/2022\/12\/cropped-logo-cabecera-new.png\",\"contentUrl\":\"https:\/\/tourtravelandmore.com\/wp-content\/uploads\/2022\/12\/cropped-logo-cabecera-new.png\",\"width\":430,\"height\":61,\"caption\":\"Tour Travel And More\"},\"image\":{\"@id\":\"https:\/\/tourtravelandmore.com\/fr\/#\/schema\/logo\/image\/\"},\"sameAs\":[\"https:\/\/www.facebook.com\/tourtravelandmore\/\",\"https:\/\/x.com\/TourTravel_More\"]}]}<\/script>\n<!-- \/ Yoast SEO Premium plugin. -->","yoast_head_json":{"title":"Transfert priv\u00e9 de l'a\u00e9roport de Las Vegas avec des chauffeurs professionnels","description":"Rejoignez confortablement votre destination finale \u00e0 Las Vegas dans notre v\u00e9hicule de luxe priv\u00e9 avec notre transfert priv\u00e9 \u00e0 l'a\u00e9roport de Las Vegas.","robots":{"index":"index","follow":"follow","max-snippet":"max-snippet:-1","max-image-preview":"max-image-preview:large","max-video-preview":"max-video-preview:-1"},"canonical":"https:\/\/tourtravelandmore.com\/fr\/tours\/etats-unis-fr\/las-vegas-fr\/transfert-prive-a-las-vegas\/","og_locale":"fr_FR","og_type":"article","og_title":"Transfert priv\u00e9 \u00e0 Las Vegas","og_description":"Rejoignez confortablement votre destination finale \u00e0 Las Vegas dans notre v\u00e9hicule de luxe priv\u00e9 avec notre transfert priv\u00e9 \u00e0 l'a\u00e9roport de Las Vegas.","og_url":"https:\/\/tourtravelandmore.com\/fr\/tours\/etats-unis-fr\/las-vegas-fr\/transfert-prive-a-las-vegas\/","og_site_name":"Tour Travel And More","article_publisher":"https:\/\/www.facebook.com\/tourtravelandmore\/","article_modified_time":"2022-12-01T17:38:39+00:00","og_image":[{"width":640,"height":425,"url":"https:\/\/tourtravelandmore.com\/wp-content\/uploads\/2016\/11\/TrasladoAlicante-1.png","type":"image\/png"}],"twitter_card":"summary_large_image","twitter_site":"@TourTravel_More","twitter_misc":{"Dur\u00e9e de lecture estim\u00e9e":"2 minutes"},"schema":{"@context":"https:\/\/schema.org","@graph":[{"@type":"WebPage","@id":"https:\/\/tourtravelandmore.com\/fr\/tours\/etats-unis-fr\/las-vegas-fr\/transfert-prive-a-las-vegas\/","url":"https:\/\/tourtravelandmore.com\/fr\/tours\/etats-unis-fr\/las-vegas-fr\/transfert-prive-a-las-vegas\/","name":"Transfert priv\u00e9 de l'a\u00e9roport de Las Vegas avec des chauffeurs professionnels","isPartOf":{"@id":"https:\/\/tourtravelandmore.com\/fr\/#website"},"primaryImageOfPage":{"@id":"https:\/\/tourtravelandmore.com\/fr\/tours\/etats-unis-fr\/las-vegas-fr\/transfert-prive-a-las-vegas\/#primaryimage"},"image":{"@id":"https:\/\/tourtravelandmore.com\/fr\/tours\/etats-unis-fr\/las-vegas-fr\/transfert-prive-a-las-vegas\/#primaryimage"},"thumbnailUrl":"https:\/\/tourtravelandmore.com\/wp-content\/uploads\/2016\/11\/TrasladoAlicante-1.png","datePublished":"2020-10-31T10:28:53+00:00","dateModified":"2022-12-01T17:38:39+00:00","description":"Rejoignez confortablement votre destination finale \u00e0 Las Vegas dans notre v\u00e9hicule de luxe priv\u00e9 avec notre transfert priv\u00e9 \u00e0 l'a\u00e9roport de Las Vegas.","breadcrumb":{"@id":"https:\/\/tourtravelandmore.com\/fr\/tours\/etats-unis-fr\/las-vegas-fr\/transfert-prive-a-las-vegas\/#breadcrumb"},"inLanguage":"fr-FR","potentialAction":[{"@type":"ReadAction","target":["https:\/\/tourtravelandmore.com\/fr\/tours\/etats-unis-fr\/las-vegas-fr\/transfert-prive-a-las-vegas\/"]}]},{"@type":"ImageObject","inLanguage":"fr-FR","@id":"https:\/\/tourtravelandmore.com\/fr\/tours\/etats-unis-fr\/las-vegas-fr\/transfert-prive-a-las-vegas\/#primaryimage","url":"https:\/\/tourtravelandmore.com\/wp-content\/uploads\/2016\/11\/TrasladoAlicante-1.png","contentUrl":"https:\/\/tourtravelandmore.com\/wp-content\/uploads\/2016\/11\/TrasladoAlicante-1.png","width":640,"height":425},{"@type":"BreadcrumbList","@id":"https:\/\/tourtravelandmore.com\/fr\/tours\/etats-unis-fr\/las-vegas-fr\/transfert-prive-a-las-vegas\/#breadcrumb","itemListElement":[{"@type":"ListItem","position":1,"name":"Home","item":"https:\/\/tourtravelandmore.com\/fr\/"},{"@type":"ListItem","position":2,"name":"Tours","item":"https:\/\/tourtravelandmore.com\/fr\/tours\/"},{"@type":"ListItem","position":3,"name":"Transfert priv\u00e9 \u00e0 Las Vegas"}]},{"@type":"WebSite","@id":"https:\/\/tourtravelandmore.com\/fr\/#website","url":"https:\/\/tourtravelandmore.com\/fr\/","name":"Tour Travel And More","description":"Private sightseeing tours and luxury transfers in Spain","publisher":{"@id":"https:\/\/tourtravelandmore.com\/fr\/#organization"},"potentialAction":[{"@type":"SearchAction","target":{"@type":"EntryPoint","urlTemplate":"https:\/\/tourtravelandmore.com\/fr\/?s={search_term_string}"},"query-input":{"@type":"PropertyValueSpecification","valueRequired":true,"valueName":"search_term_string"}}],"inLanguage":"fr-FR"},{"@type":"Organization","@id":"https:\/\/tourtravelandmore.com\/fr\/#organization","name":"Tour Travel And More","url":"https:\/\/tourtravelandmore.com\/fr\/","logo":{"@type":"ImageObject","inLanguage":"fr-FR","@id":"https:\/\/tourtravelandmore.com\/fr\/#\/schema\/logo\/image\/","url":"https:\/\/tourtravelandmore.com\/wp-content\/uploads\/2022\/12\/cropped-logo-cabecera-new.png","contentUrl":"https:\/\/tourtravelandmore.com\/wp-content\/uploads\/2022\/12\/cropped-logo-cabecera-new.png","width":430,"height":61,"caption":"Tour Travel And More"},"image":{"@id":"https:\/\/tourtravelandmore.com\/fr\/#\/schema\/logo\/image\/"},"sameAs":["https:\/\/www.facebook.com\/tourtravelandmore\/","https:\/\/x.com\/TourTravel_More"]}]}},"_links":{"self":[{"href":"https:\/\/tourtravelandmore.com\/fr\/wp-json\/wp\/v2\/product\/104042","targetHints":{"allow":["GET"]}}],"collection":[{"href":"https:\/\/tourtravelandmore.com\/fr\/wp-json\/wp\/v2\/product"}],"about":[{"href":"https:\/\/tourtravelandmore.com\/fr\/wp-json\/wp\/v2\/types\/product"}],"replies":[{"embeddable":true,"href":"https:\/\/tourtravelandmore.com\/fr\/wp-json\/wp\/v2\/comments?post=104042"}],"wp:featuredmedia":[{"embeddable":true,"href":"https:\/\/tourtravelandmore.com\/fr\/wp-json\/wp\/v2\/media\/95809"}],"wp:attachment":[{"href":"https:\/\/tourtravelandmore.com\/fr\/wp-json\/wp\/v2\/media?parent=104042"}],"wp:term":[{"taxonomy":"product_brand","embeddable":true,"href":"https:\/\/tourtravelandmore.com\/fr\/wp-json\/wp\/v2\/product_brand?post=104042"},{"taxonomy":"product_cat","embeddable":true,"href":"https:\/\/tourtravelandmore.com\/fr\/wp-json\/wp\/v2\/product_cat?post=104042"},{"taxonomy":"product_tag","embeddable":true,"href":"https:\/\/tourtravelandmore.com\/fr\/wp-json\/wp\/v2\/product_tag?post=104042"}],"curies":[{"name":"wp","href":"https:\/\/api.w.org\/{rel}","templated":true}]}}