{"id":104032,"date":"2020-09-21T12:59:12","date_gmt":"2020-09-21T10:59:12","guid":{"rendered":"https:\/\/tourtravelandmore.com\/tours\/non%20class\u00e9\/visite-du-grand-canyon-au-depart-de-las-vegas\/"},"modified":"2021-03-17T22:06:40","modified_gmt":"2021-03-17T21:06:40","slug":"visite-du-grand-canyon-au-depart-de-las-vegas","status":"publish","type":"product","link":"https:\/\/tourtravelandmore.com\/fr\/tours\/etats-unis-fr\/las-vegas-fr\/visite-du-grand-canyon-au-depart-de-las-vegas\/","title":{"rendered":"Visite du Grand Canyon au d\u00e9part de Las Vegas"},"content":{"rendered":"<h2>Description<\/h2>\n<p>Une exp\u00e9rience incontournable \u00e0 Las Vegas est de visiter le Grand Canyon. Ne manquez pas cette chance avec cette visite priv\u00e9e du Grand Canyon au d\u00e9part de Las Vegas.<\/p>\n<p>C&#8217;est l&#8217;un de nos circuits les plus vendus pour d\u00e9couvrir cette formation naturelle.<\/p>\n<p>Tout d&#8217;abord, nous organiserons une prise en charge priv\u00e9e depuis votre h\u00f4tel \u00e0 Las Vegas.<\/p>\n<p>D\u00e9couvrez les meilleures parties du c\u00e9l\u00e8bre Grand Canyon et profitez m\u00eame d&#8217;un arr\u00eat au barrage Hoover. Toutes nos visites sont des visites priv\u00e9es et c&#8217;est une exp\u00e9rience de luxe qui cr\u00e9era des souvenirs \u00e0 vie.<\/p>\n<p>Vous aurez du temps libre pour profiter de votre voyage avec votre famille \/ groupe avant de retourner vers Las Vegas.<\/p>\n<p>Contactez l&#8217;un de nos experts en voyages pour une exp\u00e9rience plus personnalis\u00e9e. Une autre excursion d&#8217;une journ\u00e9e compl\u00e8te possible au d\u00e9part de Las Vegas est notre visite priv\u00e9e \u00e0 Los Angeles et \u00e0 Hollywood, jetez un coup d&#8217;\u0153il !.<\/p>\n<h2>Sites d&#8217;int\u00e9r\u00eat et points de rep\u00e8re<\/h2>\n<p>Le Grand Canyon en Arizona est un site connu dans le monde entier. Faites cette excursion d&#8217;une journ\u00e9e pour d\u00e9couvrir cette merveille naturelle unique de Las Vegas. Ses vues sont impressionnantes et ne peuvent \u00eatre d\u00e9crites avec des mots!<\/p>\n<p>Apr\u00e8s une prise en charge confortable, nous nous dirigerons vers le Grand Canyon. Le trajet durera environ 2,5 heures dans chaque sens.<\/p>\n<p>Le premier arr\u00eat sera au barrage Hoover. Ce sera une partie plus historique de la tourn\u00e9e. Bien s\u00fbr, les prises de vue seront un must ici. Vous profiterez de superbes vues sur le lac Mead.<\/p>\n<p>Nous nous dirigerons ensuite vers le Skywalk du Grand Canyon. C&#8217;est un point c\u00e9l\u00e8bre o\u00f9 encore une fois, les photos ne peuvent pas \u00eatre manqu\u00e9es. Promenez-vous dans la passerelle en verre. Un endroit vraiment unique au-dessus de la rivi\u00e8re du Colorado.<\/p>\n<p>Avant de retourner vers Las Vegas, nous ferons un dernier arr\u00eat au Grand Canyon West.<\/p>\n<p>Profitez d&#8217;un peu de temps libre pour d\u00e9couvrir cette merveille naturelle et nous vous ram\u00e8nerons ensuite vers Las Vegas.<\/p>\n<p>Votre chauffeur priv\u00e9 vous ram\u00e8nera vers votre h\u00f4tel dans la ville de Las Vegas.<\/p>\n<p>Si vous recherchez une exp\u00e9rience extr\u00eame, nous avons \u00e9galement la possibilit\u00e9 de visiter le Grand Canyon en h\u00e9licopt\u00e8re priv\u00e9. Contactez-nous directement pour plus d&#8217;informations et des visites personnalis\u00e9es.<\/p>\n","protected":false},"excerpt":{"rendered":"<p>\u00catre \u00e0 Las Vegas vous donne la chance de visiter l&#8217;un des endroits les plus visit\u00e9s des \u00c9tats-Unis. Profitez de cette visite priv\u00e9e tout confort dans votre v\u00e9hicule de luxe avec chauffeur. Offrez-vous la chance d&#8217;admirer l&#8217;immensit\u00e9 du Grand Canyon.<\/p>\n","protected":false},"featured_media":87307,"comment_status":"open","ping_status":"closed","template":"","meta":{"_acf_changed":false},"product_brand":[],"product_cat":[3547,3773],"product_tag":[],"class_list":{"0":"post-104032","1":"product","2":"type-product","3":"status-publish","4":"has-post-thumbnail","6":"product_cat-etats-unis-fr","7":"product_cat-las-vegas-fr","9":"first","10":"instock","11":"shipping-taxable","12":"purchasable","13":"product-type-simple"},"acf":[],"yoast_head":"<!-- This site is optimized with the Yoast SEO Premium plugin v25.3.1 (Yoast SEO v25.3.1) - https:\/\/yoast.com\/wordpress\/plugins\/seo\/ -->\n<title>Visite priv\u00e9e du Grand Canyon au d\u00e9part de Las Vegas en v\u00e9hicule priv\u00e9<\/title>\n<meta name=\"description\" content=\"Profitez de cette visite priv\u00e9e du Grand Canyon au d\u00e9part de Las Vegas confortablement dans votre v\u00e9hicule priv\u00e9 avec chauffeur. Admirez ce magnifique parc national\" \/>\n<meta name=\"robots\" content=\"index, follow, max-snippet:-1, max-image-preview:large, max-video-preview:-1\" \/>\n<link rel=\"canonical\" href=\"https:\/\/tourtravelandmore.com\/fr\/tours\/etats-unis-fr\/las-vegas-fr\/visite-du-grand-canyon-au-depart-de-las-vegas\/\" \/>\n<meta property=\"og:locale\" content=\"fr_FR\" \/>\n<meta property=\"og:type\" content=\"article\" \/>\n<meta property=\"og:title\" content=\"Visite du Grand Canyon au d\u00e9part de Las Vegas\" \/>\n<meta property=\"og:description\" content=\"Profitez de cette visite priv\u00e9e du Grand Canyon au d\u00e9part de Las Vegas confortablement dans votre v\u00e9hicule priv\u00e9 avec chauffeur. Admirez ce magnifique parc national\" \/>\n<meta property=\"og:url\" content=\"https:\/\/tourtravelandmore.com\/fr\/tours\/etats-unis-fr\/las-vegas-fr\/visite-du-grand-canyon-au-depart-de-las-vegas\/\" \/>\n<meta property=\"og:site_name\" content=\"Tour Travel And More\" \/>\n<meta property=\"article:publisher\" content=\"https:\/\/www.facebook.com\/tourtravelandmore\/\" \/>\n<meta property=\"article:modified_time\" content=\"2021-03-17T21:06:40+00:00\" \/>\n<meta property=\"og:image\" content=\"https:\/\/tourtravelandmore.com\/wp-content\/uploads\/2020\/09\/Grand-Canyon-2.jpeg\" \/>\n\t<meta property=\"og:image:width\" content=\"1350\" \/>\n\t<meta property=\"og:image:height\" content=\"900\" \/>\n\t<meta property=\"og:image:type\" content=\"image\/jpeg\" \/>\n<meta name=\"twitter:card\" content=\"summary_large_image\" \/>\n<meta name=\"twitter:site\" content=\"@TourTravel_More\" \/>\n<meta name=\"twitter:label1\" content=\"Dur\u00e9e de lecture estim\u00e9e\" \/>\n\t<meta name=\"twitter:data1\" content=\"2 minutes\" \/>\n<script type=\"application\/ld+json\" class=\"yoast-schema-graph\">{\"@context\":\"https:\/\/schema.org\",\"@graph\":[{\"@type\":\"WebPage\",\"@id\":\"https:\/\/tourtravelandmore.com\/fr\/tours\/etats-unis-fr\/las-vegas-fr\/visite-du-grand-canyon-au-depart-de-las-vegas\/\",\"url\":\"https:\/\/tourtravelandmore.com\/fr\/tours\/etats-unis-fr\/las-vegas-fr\/visite-du-grand-canyon-au-depart-de-las-vegas\/\",\"name\":\"Visite priv\u00e9e du Grand Canyon au d\u00e9part de Las Vegas en v\u00e9hicule priv\u00e9\",\"isPartOf\":{\"@id\":\"https:\/\/tourtravelandmore.com\/fr\/#website\"},\"primaryImageOfPage\":{\"@id\":\"https:\/\/tourtravelandmore.com\/fr\/tours\/etats-unis-fr\/las-vegas-fr\/visite-du-grand-canyon-au-depart-de-las-vegas\/#primaryimage\"},\"image\":{\"@id\":\"https:\/\/tourtravelandmore.com\/fr\/tours\/etats-unis-fr\/las-vegas-fr\/visite-du-grand-canyon-au-depart-de-las-vegas\/#primaryimage\"},\"thumbnailUrl\":\"https:\/\/tourtravelandmore.com\/wp-content\/uploads\/2020\/09\/Grand-Canyon-2.jpeg\",\"datePublished\":\"2020-09-21T10:59:12+00:00\",\"dateModified\":\"2021-03-17T21:06:40+00:00\",\"description\":\"Profitez de cette visite priv\u00e9e du Grand Canyon au d\u00e9part de Las Vegas confortablement dans votre v\u00e9hicule priv\u00e9 avec chauffeur. Admirez ce magnifique parc national\",\"breadcrumb\":{\"@id\":\"https:\/\/tourtravelandmore.com\/fr\/tours\/etats-unis-fr\/las-vegas-fr\/visite-du-grand-canyon-au-depart-de-las-vegas\/#breadcrumb\"},\"inLanguage\":\"fr-FR\",\"potentialAction\":[{\"@type\":\"ReadAction\",\"target\":[\"https:\/\/tourtravelandmore.com\/fr\/tours\/etats-unis-fr\/las-vegas-fr\/visite-du-grand-canyon-au-depart-de-las-vegas\/\"]}]},{\"@type\":\"ImageObject\",\"inLanguage\":\"fr-FR\",\"@id\":\"https:\/\/tourtravelandmore.com\/fr\/tours\/etats-unis-fr\/las-vegas-fr\/visite-du-grand-canyon-au-depart-de-las-vegas\/#primaryimage\",\"url\":\"https:\/\/tourtravelandmore.com\/wp-content\/uploads\/2020\/09\/Grand-Canyon-2.jpeg\",\"contentUrl\":\"https:\/\/tourtravelandmore.com\/wp-content\/uploads\/2020\/09\/Grand-Canyon-2.jpeg\",\"width\":1350,\"height\":900,\"caption\":\"Grand Canyon 2\"},{\"@type\":\"BreadcrumbList\",\"@id\":\"https:\/\/tourtravelandmore.com\/fr\/tours\/etats-unis-fr\/las-vegas-fr\/visite-du-grand-canyon-au-depart-de-las-vegas\/#breadcrumb\",\"itemListElement\":[{\"@type\":\"ListItem\",\"position\":1,\"name\":\"Home\",\"item\":\"https:\/\/tourtravelandmore.com\/fr\/\"},{\"@type\":\"ListItem\",\"position\":2,\"name\":\"Tours\",\"item\":\"https:\/\/tourtravelandmore.com\/fr\/tours\/\"},{\"@type\":\"ListItem\",\"position\":3,\"name\":\"Visite du Grand Canyon au d\u00e9part de Las Vegas\"}]},{\"@type\":\"WebSite\",\"@id\":\"https:\/\/tourtravelandmore.com\/fr\/#website\",\"url\":\"https:\/\/tourtravelandmore.com\/fr\/\",\"name\":\"Tour Travel And More\",\"description\":\"Private sightseeing tours and luxury transfers in Spain\",\"publisher\":{\"@id\":\"https:\/\/tourtravelandmore.com\/fr\/#organization\"},\"potentialAction\":[{\"@type\":\"SearchAction\",\"target\":{\"@type\":\"EntryPoint\",\"urlTemplate\":\"https:\/\/tourtravelandmore.com\/fr\/?s={search_term_string}\"},\"query-input\":{\"@type\":\"PropertyValueSpecification\",\"valueRequired\":true,\"valueName\":\"search_term_string\"}}],\"inLanguage\":\"fr-FR\"},{\"@type\":\"Organization\",\"@id\":\"https:\/\/tourtravelandmore.com\/fr\/#organization\",\"name\":\"Tour Travel And More\",\"url\":\"https:\/\/tourtravelandmore.com\/fr\/\",\"logo\":{\"@type\":\"ImageObject\",\"inLanguage\":\"fr-FR\",\"@id\":\"https:\/\/tourtravelandmore.com\/fr\/#\/schema\/logo\/image\/\",\"url\":\"https:\/\/tourtravelandmore.com\/wp-content\/uploads\/2022\/12\/cropped-logo-cabecera-new.png\",\"contentUrl\":\"https:\/\/tourtravelandmore.com\/wp-content\/uploads\/2022\/12\/cropped-logo-cabecera-new.png\",\"width\":430,\"height\":61,\"caption\":\"Tour Travel And More\"},\"image\":{\"@id\":\"https:\/\/tourtravelandmore.com\/fr\/#\/schema\/logo\/image\/\"},\"sameAs\":[\"https:\/\/www.facebook.com\/tourtravelandmore\/\",\"https:\/\/x.com\/TourTravel_More\"]}]}<\/script>\n<!-- \/ Yoast SEO Premium plugin. -->","yoast_head_json":{"title":"Visite priv\u00e9e du Grand Canyon au d\u00e9part de Las Vegas en v\u00e9hicule priv\u00e9","description":"Profitez de cette visite priv\u00e9e du Grand Canyon au d\u00e9part de Las Vegas confortablement dans votre v\u00e9hicule priv\u00e9 avec chauffeur. Admirez ce magnifique parc national","robots":{"index":"index","follow":"follow","max-snippet":"max-snippet:-1","max-image-preview":"max-image-preview:large","max-video-preview":"max-video-preview:-1"},"canonical":"https:\/\/tourtravelandmore.com\/fr\/tours\/etats-unis-fr\/las-vegas-fr\/visite-du-grand-canyon-au-depart-de-las-vegas\/","og_locale":"fr_FR","og_type":"article","og_title":"Visite du Grand Canyon au d\u00e9part de Las Vegas","og_description":"Profitez de cette visite priv\u00e9e du Grand Canyon au d\u00e9part de Las Vegas confortablement dans votre v\u00e9hicule priv\u00e9 avec chauffeur. Admirez ce magnifique parc national","og_url":"https:\/\/tourtravelandmore.com\/fr\/tours\/etats-unis-fr\/las-vegas-fr\/visite-du-grand-canyon-au-depart-de-las-vegas\/","og_site_name":"Tour Travel And More","article_publisher":"https:\/\/www.facebook.com\/tourtravelandmore\/","article_modified_time":"2021-03-17T21:06:40+00:00","og_image":[{"width":1350,"height":900,"url":"https:\/\/tourtravelandmore.com\/wp-content\/uploads\/2020\/09\/Grand-Canyon-2.jpeg","type":"image\/jpeg"}],"twitter_card":"summary_large_image","twitter_site":"@TourTravel_More","twitter_misc":{"Dur\u00e9e de lecture estim\u00e9e":"2 minutes"},"schema":{"@context":"https:\/\/schema.org","@graph":[{"@type":"WebPage","@id":"https:\/\/tourtravelandmore.com\/fr\/tours\/etats-unis-fr\/las-vegas-fr\/visite-du-grand-canyon-au-depart-de-las-vegas\/","url":"https:\/\/tourtravelandmore.com\/fr\/tours\/etats-unis-fr\/las-vegas-fr\/visite-du-grand-canyon-au-depart-de-las-vegas\/","name":"Visite priv\u00e9e du Grand Canyon au d\u00e9part de Las Vegas en v\u00e9hicule priv\u00e9","isPartOf":{"@id":"https:\/\/tourtravelandmore.com\/fr\/#website"},"primaryImageOfPage":{"@id":"https:\/\/tourtravelandmore.com\/fr\/tours\/etats-unis-fr\/las-vegas-fr\/visite-du-grand-canyon-au-depart-de-las-vegas\/#primaryimage"},"image":{"@id":"https:\/\/tourtravelandmore.com\/fr\/tours\/etats-unis-fr\/las-vegas-fr\/visite-du-grand-canyon-au-depart-de-las-vegas\/#primaryimage"},"thumbnailUrl":"https:\/\/tourtravelandmore.com\/wp-content\/uploads\/2020\/09\/Grand-Canyon-2.jpeg","datePublished":"2020-09-21T10:59:12+00:00","dateModified":"2021-03-17T21:06:40+00:00","description":"Profitez de cette visite priv\u00e9e du Grand Canyon au d\u00e9part de Las Vegas confortablement dans votre v\u00e9hicule priv\u00e9 avec chauffeur. Admirez ce magnifique parc national","breadcrumb":{"@id":"https:\/\/tourtravelandmore.com\/fr\/tours\/etats-unis-fr\/las-vegas-fr\/visite-du-grand-canyon-au-depart-de-las-vegas\/#breadcrumb"},"inLanguage":"fr-FR","potentialAction":[{"@type":"ReadAction","target":["https:\/\/tourtravelandmore.com\/fr\/tours\/etats-unis-fr\/las-vegas-fr\/visite-du-grand-canyon-au-depart-de-las-vegas\/"]}]},{"@type":"ImageObject","inLanguage":"fr-FR","@id":"https:\/\/tourtravelandmore.com\/fr\/tours\/etats-unis-fr\/las-vegas-fr\/visite-du-grand-canyon-au-depart-de-las-vegas\/#primaryimage","url":"https:\/\/tourtravelandmore.com\/wp-content\/uploads\/2020\/09\/Grand-Canyon-2.jpeg","contentUrl":"https:\/\/tourtravelandmore.com\/wp-content\/uploads\/2020\/09\/Grand-Canyon-2.jpeg","width":1350,"height":900,"caption":"Grand Canyon 2"},{"@type":"BreadcrumbList","@id":"https:\/\/tourtravelandmore.com\/fr\/tours\/etats-unis-fr\/las-vegas-fr\/visite-du-grand-canyon-au-depart-de-las-vegas\/#breadcrumb","itemListElement":[{"@type":"ListItem","position":1,"name":"Home","item":"https:\/\/tourtravelandmore.com\/fr\/"},{"@type":"ListItem","position":2,"name":"Tours","item":"https:\/\/tourtravelandmore.com\/fr\/tours\/"},{"@type":"ListItem","position":3,"name":"Visite du Grand Canyon au d\u00e9part de Las Vegas"}]},{"@type":"WebSite","@id":"https:\/\/tourtravelandmore.com\/fr\/#website","url":"https:\/\/tourtravelandmore.com\/fr\/","name":"Tour Travel And More","description":"Private sightseeing tours and luxury transfers in Spain","publisher":{"@id":"https:\/\/tourtravelandmore.com\/fr\/#organization"},"potentialAction":[{"@type":"SearchAction","target":{"@type":"EntryPoint","urlTemplate":"https:\/\/tourtravelandmore.com\/fr\/?s={search_term_string}"},"query-input":{"@type":"PropertyValueSpecification","valueRequired":true,"valueName":"search_term_string"}}],"inLanguage":"fr-FR"},{"@type":"Organization","@id":"https:\/\/tourtravelandmore.com\/fr\/#organization","name":"Tour Travel And More","url":"https:\/\/tourtravelandmore.com\/fr\/","logo":{"@type":"ImageObject","inLanguage":"fr-FR","@id":"https:\/\/tourtravelandmore.com\/fr\/#\/schema\/logo\/image\/","url":"https:\/\/tourtravelandmore.com\/wp-content\/uploads\/2022\/12\/cropped-logo-cabecera-new.png","contentUrl":"https:\/\/tourtravelandmore.com\/wp-content\/uploads\/2022\/12\/cropped-logo-cabecera-new.png","width":430,"height":61,"caption":"Tour Travel And More"},"image":{"@id":"https:\/\/tourtravelandmore.com\/fr\/#\/schema\/logo\/image\/"},"sameAs":["https:\/\/www.facebook.com\/tourtravelandmore\/","https:\/\/x.com\/TourTravel_More"]}]}},"_links":{"self":[{"href":"https:\/\/tourtravelandmore.com\/fr\/wp-json\/wp\/v2\/product\/104032","targetHints":{"allow":["GET"]}}],"collection":[{"href":"https:\/\/tourtravelandmore.com\/fr\/wp-json\/wp\/v2\/product"}],"about":[{"href":"https:\/\/tourtravelandmore.com\/fr\/wp-json\/wp\/v2\/types\/product"}],"replies":[{"embeddable":true,"href":"https:\/\/tourtravelandmore.com\/fr\/wp-json\/wp\/v2\/comments?post=104032"}],"wp:featuredmedia":[{"embeddable":true,"href":"https:\/\/tourtravelandmore.com\/fr\/wp-json\/wp\/v2\/media\/87307"}],"wp:attachment":[{"href":"https:\/\/tourtravelandmore.com\/fr\/wp-json\/wp\/v2\/media?parent=104032"}],"wp:term":[{"taxonomy":"product_brand","embeddable":true,"href":"https:\/\/tourtravelandmore.com\/fr\/wp-json\/wp\/v2\/product_brand?post=104032"},{"taxonomy":"product_cat","embeddable":true,"href":"https:\/\/tourtravelandmore.com\/fr\/wp-json\/wp\/v2\/product_cat?post=104032"},{"taxonomy":"product_tag","embeddable":true,"href":"https:\/\/tourtravelandmore.com\/fr\/wp-json\/wp\/v2\/product_tag?post=104032"}],"curies":[{"name":"wp","href":"https:\/\/api.w.org\/{rel}","templated":true}]}}