{"id":104027,"date":"2020-09-21T12:26:21","date_gmt":"2020-09-21T10:26:21","guid":{"rendered":"https:\/\/tourtravelandmore.com\/tours\/non%20class\u00e9\/visite-privee-de-los-angeles-et-hollywood-au-depart-de-las-vegas\/"},"modified":"2021-03-17T22:05:25","modified_gmt":"2021-03-17T21:05:25","slug":"visite-privee-de-los-angeles-et-hollywood-au-depart-de-las-vegas","status":"publish","type":"product","link":"https:\/\/tourtravelandmore.com\/fr\/tours\/etats-unis-fr\/las-vegas-fr\/visite-privee-de-los-angeles-et-hollywood-au-depart-de-las-vegas\/","title":{"rendered":"Visite priv\u00e9e de Los Angeles et Hollywood au d\u00e9part de Las Vegas"},"content":{"rendered":"<h2>Description<\/h2>\n<p>Il y a tellement de choses \u00e0 voir et \u00e0 faire \u00e0 Las Vegas qu&#8217;il est difficile de prendre une journ\u00e9e pour visiter Los Angeles. Ne manquez pas ce changement pour profiter de cette visite priv\u00e9e de Los Angeles au d\u00e9part de Las Vegas.<\/p>\n<p>Cette visite priv\u00e9e commencera \u00e0 partir de votre h\u00f4tel \u00e0 Las Vegas. Votre chauffeur priv\u00e9 viendra vous chercher et vous conduira vers Las Vegas.<\/p>\n<p>Une fois \u00e0 Los Angeles, vous rencontrerez votre guide priv\u00e9. \u00c0 Los Angeles, vous profiterez d&#8217;une visite guid\u00e9e de 4 heures des sites les plus importants de Los Angeles et aurez une vue sur Hollywood.<\/p>\n<p>C&#8217;est vraiment une exp\u00e9rience unique de conna\u00eetre Los Angeles lors de cette excursion priv\u00e9e d&#8217;une journ\u00e9e.<\/p>\n<p>Profitez de cette visite priv\u00e9e de Los Angeles au d\u00e9part de Las Vegas pour une exp\u00e9rience unique. Obtenez des arr\u00eats photo et d\u00e9couvrez des sites comme le panneau Hollywood, le Walk of Fame, Rodeo Drive et bien plus encore! Contactez nos experts en voyages pour une assistance suppl\u00e9mentaire.<\/p>\n<h2>Sites d&#8217;int\u00e9r\u00eat et monuments<\/h2>\n<p>Profitez de cette visite enti\u00e8rement priv\u00e9e de Los Angeles au d\u00e9part de Las Vegas.<\/p>\n<p>Tout d&#8217;abord, nous organiserons une prise en charge priv\u00e9e depuis Las Vegas. Nous nous dirigerons ensuite confortablement vers Los Angeles.<\/p>\n<p>Deuxi\u00e8mement, une fois sur place, vous rencontrerez votre guide.<\/p>\n<p>Votre guide vous fera visiter Los Angeles et Hollywood et vous apprendrez pourquoi la ville est si c\u00e9l\u00e8bre. Vous profiterez bien s\u00fbr de superbes arr\u00eats photo uniques pour ramener des souvenirs uniques \u00e0 la maison!<\/p>\n<p>De plus, voici quelques sites que vous appr\u00e9cierez:<\/p>\n<ul>\n<li>Le signe d&#8217;Hollywood<\/li>\n<li>Une vue de Griffith Park<\/li>\n<li>Venise et canaux de Venise<\/li>\n<li>Le Walk of Fame d&#8217;Hollywood<\/li>\n<li>Th\u00e9\u00e2tre chinois de Garuman<\/li>\n<li>Rodeo Drive<\/li>\n<li>Beverly Hills<\/li>\n<\/ul>\n<p>Profitez du meilleur de Los Angeles avec votre guide. Avoir du temps libre pour le d\u00e9jeuner.<\/p>\n<p>Enfin, notre chauffeur vous ram\u00e8nera \u00e0 votre h\u00f4tel \u00e0 Las Vegas.<\/p>\n<p>D\u00e9couvrez toutes nos visites priv\u00e9es dont vous pouvez profiter depuis Las Vegas et m\u00eame depuis Los Angeles.<\/p>\n<p>Contactez-nous pour des exp\u00e9riences personnalis\u00e9es rien que pour vous, nous pouvons organiser tout type de visite priv\u00e9e.<\/p>\n","protected":false},"excerpt":{"rendered":"<p>Profitez d&#8217;une excursion d&#8217;une journ\u00e9e \u00e0 Los Angeles au d\u00e9part de Las Vegas. Explorez Hollywood et les principaux sites de Los Angeles \u00e0 c\u00f4t\u00e9 d&#8217;un expert local. Prise en charge et retour \u00e0 Las Vegas.<\/p>\n","protected":false},"featured_media":98339,"comment_status":"open","ping_status":"closed","template":"","meta":{"_acf_changed":false},"product_brand":[],"product_cat":[3547,3773],"product_tag":[],"class_list":{"0":"post-104027","1":"product","2":"type-product","3":"status-publish","4":"has-post-thumbnail","6":"product_cat-etats-unis-fr","7":"product_cat-las-vegas-fr","9":"first","10":"instock","11":"shipping-taxable","12":"purchasable","13":"product-type-simple"},"acf":[],"yoast_head":"<!-- This site is optimized with the Yoast SEO Premium plugin v25.3.1 (Yoast SEO v25.3.1) - https:\/\/yoast.com\/wordpress\/plugins\/seo\/ -->\n<title>Visite priv\u00e9e de Los Angeles au d\u00e9part de Las Vegas - V\u00e9hicule priv\u00e9 pour vous<\/title>\n<meta name=\"description\" content=\"Visite priv\u00e9e de Los Angeles et Hollywood au d\u00e9part de Las Vegas. V\u00e9hicule priv\u00e9 avec chauffeur pour l&#039;exp\u00e9rience et guide officiel \u00e0 Los Angeles pour une visite priv\u00e9e.\" \/>\n<meta name=\"robots\" content=\"index, follow, max-snippet:-1, max-image-preview:large, max-video-preview:-1\" \/>\n<link rel=\"canonical\" href=\"https:\/\/tourtravelandmore.com\/fr\/tours\/etats-unis-fr\/las-vegas-fr\/visite-privee-de-los-angeles-et-hollywood-au-depart-de-las-vegas\/\" \/>\n<meta property=\"og:locale\" content=\"fr_FR\" \/>\n<meta property=\"og:type\" content=\"article\" \/>\n<meta property=\"og:title\" content=\"Visite priv\u00e9e de Los Angeles et Hollywood au d\u00e9part de Las Vegas\" \/>\n<meta property=\"og:description\" content=\"Visite priv\u00e9e de Los Angeles et Hollywood au d\u00e9part de Las Vegas. V\u00e9hicule priv\u00e9 avec chauffeur pour l&#039;exp\u00e9rience et guide officiel \u00e0 Los Angeles pour une visite priv\u00e9e.\" \/>\n<meta property=\"og:url\" content=\"https:\/\/tourtravelandmore.com\/fr\/tours\/etats-unis-fr\/las-vegas-fr\/visite-privee-de-los-angeles-et-hollywood-au-depart-de-las-vegas\/\" \/>\n<meta property=\"og:site_name\" content=\"Tour Travel And More\" \/>\n<meta property=\"article:publisher\" content=\"https:\/\/www.facebook.com\/tourtravelandmore\/\" \/>\n<meta property=\"article:modified_time\" content=\"2021-03-17T21:05:25+00:00\" \/>\n<meta property=\"og:image\" content=\"https:\/\/tourtravelandmore.com\/wp-content\/uploads\/2020\/09\/los-angeles-2-1.jpg\" \/>\n\t<meta property=\"og:image:width\" content=\"1280\" \/>\n\t<meta property=\"og:image:height\" content=\"853\" \/>\n\t<meta property=\"og:image:type\" content=\"image\/jpeg\" \/>\n<meta name=\"twitter:card\" content=\"summary_large_image\" \/>\n<meta name=\"twitter:site\" content=\"@TourTravel_More\" \/>\n<meta name=\"twitter:label1\" content=\"Dur\u00e9e de lecture estim\u00e9e\" \/>\n\t<meta name=\"twitter:data1\" content=\"2 minutes\" \/>\n<script type=\"application\/ld+json\" class=\"yoast-schema-graph\">{\"@context\":\"https:\/\/schema.org\",\"@graph\":[{\"@type\":\"WebPage\",\"@id\":\"https:\/\/tourtravelandmore.com\/fr\/tours\/etats-unis-fr\/las-vegas-fr\/visite-privee-de-los-angeles-et-hollywood-au-depart-de-las-vegas\/\",\"url\":\"https:\/\/tourtravelandmore.com\/fr\/tours\/etats-unis-fr\/las-vegas-fr\/visite-privee-de-los-angeles-et-hollywood-au-depart-de-las-vegas\/\",\"name\":\"Visite priv\u00e9e de Los Angeles au d\u00e9part de Las Vegas - V\u00e9hicule priv\u00e9 pour vous\",\"isPartOf\":{\"@id\":\"https:\/\/tourtravelandmore.com\/fr\/#website\"},\"primaryImageOfPage\":{\"@id\":\"https:\/\/tourtravelandmore.com\/fr\/tours\/etats-unis-fr\/las-vegas-fr\/visite-privee-de-los-angeles-et-hollywood-au-depart-de-las-vegas\/#primaryimage\"},\"image\":{\"@id\":\"https:\/\/tourtravelandmore.com\/fr\/tours\/etats-unis-fr\/las-vegas-fr\/visite-privee-de-los-angeles-et-hollywood-au-depart-de-las-vegas\/#primaryimage\"},\"thumbnailUrl\":\"https:\/\/tourtravelandmore.com\/wp-content\/uploads\/2020\/09\/los-angeles-2-1.jpg\",\"datePublished\":\"2020-09-21T10:26:21+00:00\",\"dateModified\":\"2021-03-17T21:05:25+00:00\",\"description\":\"Visite priv\u00e9e de Los Angeles et Hollywood au d\u00e9part de Las Vegas. V\u00e9hicule priv\u00e9 avec chauffeur pour l'exp\u00e9rience et guide officiel \u00e0 Los Angeles pour une visite priv\u00e9e.\",\"breadcrumb\":{\"@id\":\"https:\/\/tourtravelandmore.com\/fr\/tours\/etats-unis-fr\/las-vegas-fr\/visite-privee-de-los-angeles-et-hollywood-au-depart-de-las-vegas\/#breadcrumb\"},\"inLanguage\":\"fr-FR\",\"potentialAction\":[{\"@type\":\"ReadAction\",\"target\":[\"https:\/\/tourtravelandmore.com\/fr\/tours\/etats-unis-fr\/las-vegas-fr\/visite-privee-de-los-angeles-et-hollywood-au-depart-de-las-vegas\/\"]}]},{\"@type\":\"ImageObject\",\"inLanguage\":\"fr-FR\",\"@id\":\"https:\/\/tourtravelandmore.com\/fr\/tours\/etats-unis-fr\/las-vegas-fr\/visite-privee-de-los-angeles-et-hollywood-au-depart-de-las-vegas\/#primaryimage\",\"url\":\"https:\/\/tourtravelandmore.com\/wp-content\/uploads\/2020\/09\/los-angeles-2-1.jpg\",\"contentUrl\":\"https:\/\/tourtravelandmore.com\/wp-content\/uploads\/2020\/09\/los-angeles-2-1.jpg\",\"width\":1280,\"height\":853},{\"@type\":\"BreadcrumbList\",\"@id\":\"https:\/\/tourtravelandmore.com\/fr\/tours\/etats-unis-fr\/las-vegas-fr\/visite-privee-de-los-angeles-et-hollywood-au-depart-de-las-vegas\/#breadcrumb\",\"itemListElement\":[{\"@type\":\"ListItem\",\"position\":1,\"name\":\"Home\",\"item\":\"https:\/\/tourtravelandmore.com\/fr\/\"},{\"@type\":\"ListItem\",\"position\":2,\"name\":\"Tours\",\"item\":\"https:\/\/tourtravelandmore.com\/fr\/tours\/\"},{\"@type\":\"ListItem\",\"position\":3,\"name\":\"Visite priv\u00e9e de Los Angeles et Hollywood au d\u00e9part de Las Vegas\"}]},{\"@type\":\"WebSite\",\"@id\":\"https:\/\/tourtravelandmore.com\/fr\/#website\",\"url\":\"https:\/\/tourtravelandmore.com\/fr\/\",\"name\":\"Tour Travel And More\",\"description\":\"Private sightseeing tours and luxury transfers in Spain\",\"publisher\":{\"@id\":\"https:\/\/tourtravelandmore.com\/fr\/#organization\"},\"potentialAction\":[{\"@type\":\"SearchAction\",\"target\":{\"@type\":\"EntryPoint\",\"urlTemplate\":\"https:\/\/tourtravelandmore.com\/fr\/?s={search_term_string}\"},\"query-input\":{\"@type\":\"PropertyValueSpecification\",\"valueRequired\":true,\"valueName\":\"search_term_string\"}}],\"inLanguage\":\"fr-FR\"},{\"@type\":\"Organization\",\"@id\":\"https:\/\/tourtravelandmore.com\/fr\/#organization\",\"name\":\"Tour Travel And More\",\"url\":\"https:\/\/tourtravelandmore.com\/fr\/\",\"logo\":{\"@type\":\"ImageObject\",\"inLanguage\":\"fr-FR\",\"@id\":\"https:\/\/tourtravelandmore.com\/fr\/#\/schema\/logo\/image\/\",\"url\":\"https:\/\/tourtravelandmore.com\/wp-content\/uploads\/2022\/12\/cropped-logo-cabecera-new.png\",\"contentUrl\":\"https:\/\/tourtravelandmore.com\/wp-content\/uploads\/2022\/12\/cropped-logo-cabecera-new.png\",\"width\":430,\"height\":61,\"caption\":\"Tour Travel And More\"},\"image\":{\"@id\":\"https:\/\/tourtravelandmore.com\/fr\/#\/schema\/logo\/image\/\"},\"sameAs\":[\"https:\/\/www.facebook.com\/tourtravelandmore\/\",\"https:\/\/x.com\/TourTravel_More\"]}]}<\/script>\n<!-- \/ Yoast SEO Premium plugin. -->","yoast_head_json":{"title":"Visite priv\u00e9e de Los Angeles au d\u00e9part de Las Vegas - V\u00e9hicule priv\u00e9 pour vous","description":"Visite priv\u00e9e de Los Angeles et Hollywood au d\u00e9part de Las Vegas. V\u00e9hicule priv\u00e9 avec chauffeur pour l'exp\u00e9rience et guide officiel \u00e0 Los Angeles pour une visite priv\u00e9e.","robots":{"index":"index","follow":"follow","max-snippet":"max-snippet:-1","max-image-preview":"max-image-preview:large","max-video-preview":"max-video-preview:-1"},"canonical":"https:\/\/tourtravelandmore.com\/fr\/tours\/etats-unis-fr\/las-vegas-fr\/visite-privee-de-los-angeles-et-hollywood-au-depart-de-las-vegas\/","og_locale":"fr_FR","og_type":"article","og_title":"Visite priv\u00e9e de Los Angeles et Hollywood au d\u00e9part de Las Vegas","og_description":"Visite priv\u00e9e de Los Angeles et Hollywood au d\u00e9part de Las Vegas. V\u00e9hicule priv\u00e9 avec chauffeur pour l'exp\u00e9rience et guide officiel \u00e0 Los Angeles pour une visite priv\u00e9e.","og_url":"https:\/\/tourtravelandmore.com\/fr\/tours\/etats-unis-fr\/las-vegas-fr\/visite-privee-de-los-angeles-et-hollywood-au-depart-de-las-vegas\/","og_site_name":"Tour Travel And More","article_publisher":"https:\/\/www.facebook.com\/tourtravelandmore\/","article_modified_time":"2021-03-17T21:05:25+00:00","og_image":[{"width":1280,"height":853,"url":"https:\/\/tourtravelandmore.com\/wp-content\/uploads\/2020\/09\/los-angeles-2-1.jpg","type":"image\/jpeg"}],"twitter_card":"summary_large_image","twitter_site":"@TourTravel_More","twitter_misc":{"Dur\u00e9e de lecture estim\u00e9e":"2 minutes"},"schema":{"@context":"https:\/\/schema.org","@graph":[{"@type":"WebPage","@id":"https:\/\/tourtravelandmore.com\/fr\/tours\/etats-unis-fr\/las-vegas-fr\/visite-privee-de-los-angeles-et-hollywood-au-depart-de-las-vegas\/","url":"https:\/\/tourtravelandmore.com\/fr\/tours\/etats-unis-fr\/las-vegas-fr\/visite-privee-de-los-angeles-et-hollywood-au-depart-de-las-vegas\/","name":"Visite priv\u00e9e de Los Angeles au d\u00e9part de Las Vegas - V\u00e9hicule priv\u00e9 pour vous","isPartOf":{"@id":"https:\/\/tourtravelandmore.com\/fr\/#website"},"primaryImageOfPage":{"@id":"https:\/\/tourtravelandmore.com\/fr\/tours\/etats-unis-fr\/las-vegas-fr\/visite-privee-de-los-angeles-et-hollywood-au-depart-de-las-vegas\/#primaryimage"},"image":{"@id":"https:\/\/tourtravelandmore.com\/fr\/tours\/etats-unis-fr\/las-vegas-fr\/visite-privee-de-los-angeles-et-hollywood-au-depart-de-las-vegas\/#primaryimage"},"thumbnailUrl":"https:\/\/tourtravelandmore.com\/wp-content\/uploads\/2020\/09\/los-angeles-2-1.jpg","datePublished":"2020-09-21T10:26:21+00:00","dateModified":"2021-03-17T21:05:25+00:00","description":"Visite priv\u00e9e de Los Angeles et Hollywood au d\u00e9part de Las Vegas. V\u00e9hicule priv\u00e9 avec chauffeur pour l'exp\u00e9rience et guide officiel \u00e0 Los Angeles pour une visite priv\u00e9e.","breadcrumb":{"@id":"https:\/\/tourtravelandmore.com\/fr\/tours\/etats-unis-fr\/las-vegas-fr\/visite-privee-de-los-angeles-et-hollywood-au-depart-de-las-vegas\/#breadcrumb"},"inLanguage":"fr-FR","potentialAction":[{"@type":"ReadAction","target":["https:\/\/tourtravelandmore.com\/fr\/tours\/etats-unis-fr\/las-vegas-fr\/visite-privee-de-los-angeles-et-hollywood-au-depart-de-las-vegas\/"]}]},{"@type":"ImageObject","inLanguage":"fr-FR","@id":"https:\/\/tourtravelandmore.com\/fr\/tours\/etats-unis-fr\/las-vegas-fr\/visite-privee-de-los-angeles-et-hollywood-au-depart-de-las-vegas\/#primaryimage","url":"https:\/\/tourtravelandmore.com\/wp-content\/uploads\/2020\/09\/los-angeles-2-1.jpg","contentUrl":"https:\/\/tourtravelandmore.com\/wp-content\/uploads\/2020\/09\/los-angeles-2-1.jpg","width":1280,"height":853},{"@type":"BreadcrumbList","@id":"https:\/\/tourtravelandmore.com\/fr\/tours\/etats-unis-fr\/las-vegas-fr\/visite-privee-de-los-angeles-et-hollywood-au-depart-de-las-vegas\/#breadcrumb","itemListElement":[{"@type":"ListItem","position":1,"name":"Home","item":"https:\/\/tourtravelandmore.com\/fr\/"},{"@type":"ListItem","position":2,"name":"Tours","item":"https:\/\/tourtravelandmore.com\/fr\/tours\/"},{"@type":"ListItem","position":3,"name":"Visite priv\u00e9e de Los Angeles et Hollywood au d\u00e9part de Las Vegas"}]},{"@type":"WebSite","@id":"https:\/\/tourtravelandmore.com\/fr\/#website","url":"https:\/\/tourtravelandmore.com\/fr\/","name":"Tour Travel And More","description":"Private sightseeing tours and luxury transfers in Spain","publisher":{"@id":"https:\/\/tourtravelandmore.com\/fr\/#organization"},"potentialAction":[{"@type":"SearchAction","target":{"@type":"EntryPoint","urlTemplate":"https:\/\/tourtravelandmore.com\/fr\/?s={search_term_string}"},"query-input":{"@type":"PropertyValueSpecification","valueRequired":true,"valueName":"search_term_string"}}],"inLanguage":"fr-FR"},{"@type":"Organization","@id":"https:\/\/tourtravelandmore.com\/fr\/#organization","name":"Tour Travel And More","url":"https:\/\/tourtravelandmore.com\/fr\/","logo":{"@type":"ImageObject","inLanguage":"fr-FR","@id":"https:\/\/tourtravelandmore.com\/fr\/#\/schema\/logo\/image\/","url":"https:\/\/tourtravelandmore.com\/wp-content\/uploads\/2022\/12\/cropped-logo-cabecera-new.png","contentUrl":"https:\/\/tourtravelandmore.com\/wp-content\/uploads\/2022\/12\/cropped-logo-cabecera-new.png","width":430,"height":61,"caption":"Tour Travel And More"},"image":{"@id":"https:\/\/tourtravelandmore.com\/fr\/#\/schema\/logo\/image\/"},"sameAs":["https:\/\/www.facebook.com\/tourtravelandmore\/","https:\/\/x.com\/TourTravel_More"]}]}},"_links":{"self":[{"href":"https:\/\/tourtravelandmore.com\/fr\/wp-json\/wp\/v2\/product\/104027","targetHints":{"allow":["GET"]}}],"collection":[{"href":"https:\/\/tourtravelandmore.com\/fr\/wp-json\/wp\/v2\/product"}],"about":[{"href":"https:\/\/tourtravelandmore.com\/fr\/wp-json\/wp\/v2\/types\/product"}],"replies":[{"embeddable":true,"href":"https:\/\/tourtravelandmore.com\/fr\/wp-json\/wp\/v2\/comments?post=104027"}],"wp:featuredmedia":[{"embeddable":true,"href":"https:\/\/tourtravelandmore.com\/fr\/wp-json\/wp\/v2\/media\/98339"}],"wp:attachment":[{"href":"https:\/\/tourtravelandmore.com\/fr\/wp-json\/wp\/v2\/media?parent=104027"}],"wp:term":[{"taxonomy":"product_brand","embeddable":true,"href":"https:\/\/tourtravelandmore.com\/fr\/wp-json\/wp\/v2\/product_brand?post=104027"},{"taxonomy":"product_cat","embeddable":true,"href":"https:\/\/tourtravelandmore.com\/fr\/wp-json\/wp\/v2\/product_cat?post=104027"},{"taxonomy":"product_tag","embeddable":true,"href":"https:\/\/tourtravelandmore.com\/fr\/wp-json\/wp\/v2\/product_tag?post=104027"}],"curies":[{"name":"wp","href":"https:\/\/api.w.org\/{rel}","templated":true}]}}