{"id":104022,"date":"2020-09-21T11:54:23","date_gmt":"2020-09-21T09:54:23","guid":{"rendered":"https:\/\/tourtravelandmore.com\/tours\/non%20class\u00e9\/visite-privee-a-pied-de-las-vegas\/"},"modified":"2021-03-17T22:04:13","modified_gmt":"2021-03-17T21:04:13","slug":"visite-privee-a-pied-de-las-vegas","status":"publish","type":"product","link":"https:\/\/tourtravelandmore.com\/fr\/tours\/etats-unis-fr\/las-vegas-fr\/visite-privee-a-pied-de-las-vegas\/","title":{"rendered":"Visite priv\u00e9e \u00e0 pied de Las Vegas"},"content":{"rendered":"<h2>Description<\/h2>\n<p>Il est difficile de penser \u00e0 Las Vegas pour plus que des casinos et de bonnes soir\u00e9es. Profitez de nos experts professionnels pour vous emmener dans cette visite priv\u00e9e \u00e0 pied de Vegas.<\/p>\n<p>Cette visite priv\u00e9e comprendra une prise en charge depuis votre h\u00f4tel situ\u00e9 au centre. Nous vous emm\u00e8nerons au centre-ville de Las Vegas. Si votre h\u00f4tel est situ\u00e9 sur le Strip, nous pouvons toujours organiser une prise en charge \u00e0 pied. Nous vous emm\u00e8nerons ensuite vers le centre-ville avec un v\u00e9hicule priv\u00e9.<\/p>\n<p>Il s&#8217;agit d&#8217;une visite priv\u00e9e \u00e0 pied de Vegas et elle peut \u00eatre personnalis\u00e9e pour r\u00e9pondre \u00e0 vos besoins. Cela signifie que nous pouvons passer plus de temps \u00e0 Vegas Strip ou que nous pouvons passer plus de temps au centre-ville et sur Fremont Street. Il vous suffit de contacter nos experts en voyages.<\/p>\n<h2>Sites d&#8217;int\u00e9r\u00eat et points de rep\u00e8re<\/h2>\n<p>Cette visite priv\u00e9e commencera par votre rencontre avec votre guide priv\u00e9. Vous profiterez du meilleur de Las Vegas avec cette visite priv\u00e9e.<\/p>\n<p>Tout d&#8217;abord, profitez d&#8217;une prise en charge priv\u00e9e pour commencer votre visite.<\/p>\n<p>Nous commencerons ensuite la visite et vous d\u00e9couvrirez les sites les plus importants de Las Vegas.<\/p>\n<p>Bien qu&#8217;il y ait une assez grande distance entre le Strip de Vegas et le centre-ville, nous organiserons un v\u00e9hicule si n\u00e9cessaire pour y arriver.<\/p>\n<p>Entre autres, vous appr\u00e9cierez;<\/p>\n<p>Rue Fremont<\/p>\n<ul>\n<li>Centre-ville de Vegas<\/li>\n<li>Centre-ville<\/li>\n<li>Vegas Strip: 4,2 miles incroyables<\/li>\n<li>Bienvenue au Fabulous Las Vegas Sign: un v\u00e9ritable arr\u00eat photo.<\/li>\n<li>Le Linq<\/li>\n<\/ul>\n<p>Nous pouvons commencer par nommer les h\u00f4tels amusants que vous pouvez visiter \u00e0 Vegas, mais il n&#8217;y a pas moyen de s&#8217;arr\u00eater. Amusez-vous \u00e0 vous imaginer en Italie avec Venetian, voyagez \u00e0 Paris ou m\u00eame \u00e0 New York.<\/p>\n<p>Les lumi\u00e8res incroyables de Vegas et la ville au n\u00e9on en font une merveilleuse exp\u00e9rience de visite priv\u00e9e. Laissez notre guide priv\u00e9 vous emmener pour une exp\u00e9rience unique.<\/p>\n<p>Jetez un \u0153il \u00e0 toutes nos visites priv\u00e9es ici. Nous pouvons organiser des visites priv\u00e9es dans n&#8217;importe quelle ville et lieu de votre choix!<\/p>\n","protected":false},"excerpt":{"rendered":"<p>Tout le monde aime Las Vegas, c&#8217;est pourquoi nous organisons cette visite priv\u00e9e sp\u00e9ciale \u00e0 pied de Las Vegas avec un guide professionnel local qui sera \u00e0 votre enti\u00e8re disposition. Profitez de cette occasion pour admirer une ville unique au monde. Vous pourrez visiter le centre-ville de Vegas, le centre-ville et bien plus encore !.<\/p>\n","protected":false},"featured_media":98305,"comment_status":"open","ping_status":"closed","template":"","meta":{"_acf_changed":false},"product_brand":[],"product_cat":[3547,3773],"product_tag":[],"class_list":{"0":"post-104022","1":"product","2":"type-product","3":"status-publish","4":"has-post-thumbnail","6":"product_cat-etats-unis-fr","7":"product_cat-las-vegas-fr","9":"first","10":"instock","11":"shipping-taxable","12":"purchasable","13":"product-type-simple"},"acf":[],"yoast_head":"<!-- This site is optimized with the Yoast SEO Premium plugin v25.3.1 (Yoast SEO v25.3.1) - https:\/\/yoast.com\/wordpress\/plugins\/seo\/ -->\n<title>Visite priv\u00e9e \u00e0 pied de Las Vegas avec un guide priv\u00e9 local<\/title>\n<meta name=\"description\" content=\"Profitez de l&#039;occasion pour vous promener dans cette ville unique avec notre visite priv\u00e9e \u00e0 pied de Las Vegas avec un guide priv\u00e9 local.\" \/>\n<meta name=\"robots\" content=\"index, follow, max-snippet:-1, max-image-preview:large, max-video-preview:-1\" \/>\n<link rel=\"canonical\" href=\"https:\/\/tourtravelandmore.com\/fr\/tours\/etats-unis-fr\/las-vegas-fr\/visite-privee-a-pied-de-las-vegas\/\" \/>\n<meta property=\"og:locale\" content=\"fr_FR\" \/>\n<meta property=\"og:type\" content=\"article\" \/>\n<meta property=\"og:title\" content=\"Visite priv\u00e9e \u00e0 pied de Las Vegas\" \/>\n<meta property=\"og:description\" content=\"Profitez de l&#039;occasion pour vous promener dans cette ville unique avec notre visite priv\u00e9e \u00e0 pied de Las Vegas avec un guide priv\u00e9 local.\" \/>\n<meta property=\"og:url\" content=\"https:\/\/tourtravelandmore.com\/fr\/tours\/etats-unis-fr\/las-vegas-fr\/visite-privee-a-pied-de-las-vegas\/\" \/>\n<meta property=\"og:site_name\" content=\"Tour Travel And More\" \/>\n<meta property=\"article:publisher\" content=\"https:\/\/www.facebook.com\/tourtravelandmore\/\" \/>\n<meta property=\"article:modified_time\" content=\"2021-03-17T21:04:13+00:00\" \/>\n<meta property=\"og:image\" content=\"https:\/\/tourtravelandmore.com\/wp-content\/uploads\/2020\/09\/las-vegas.jpg\" \/>\n\t<meta property=\"og:image:width\" content=\"1280\" \/>\n\t<meta property=\"og:image:height\" content=\"960\" \/>\n\t<meta property=\"og:image:type\" content=\"image\/jpeg\" \/>\n<meta name=\"twitter:card\" content=\"summary_large_image\" \/>\n<meta name=\"twitter:site\" content=\"@TourTravel_More\" \/>\n<meta name=\"twitter:label1\" content=\"Dur\u00e9e de lecture estim\u00e9e\" \/>\n\t<meta name=\"twitter:data1\" content=\"2 minutes\" \/>\n<script type=\"application\/ld+json\" class=\"yoast-schema-graph\">{\"@context\":\"https:\/\/schema.org\",\"@graph\":[{\"@type\":\"WebPage\",\"@id\":\"https:\/\/tourtravelandmore.com\/fr\/tours\/etats-unis-fr\/las-vegas-fr\/visite-privee-a-pied-de-las-vegas\/\",\"url\":\"https:\/\/tourtravelandmore.com\/fr\/tours\/etats-unis-fr\/las-vegas-fr\/visite-privee-a-pied-de-las-vegas\/\",\"name\":\"Visite priv\u00e9e \u00e0 pied de Las Vegas avec un guide priv\u00e9 local\",\"isPartOf\":{\"@id\":\"https:\/\/tourtravelandmore.com\/fr\/#website\"},\"primaryImageOfPage\":{\"@id\":\"https:\/\/tourtravelandmore.com\/fr\/tours\/etats-unis-fr\/las-vegas-fr\/visite-privee-a-pied-de-las-vegas\/#primaryimage\"},\"image\":{\"@id\":\"https:\/\/tourtravelandmore.com\/fr\/tours\/etats-unis-fr\/las-vegas-fr\/visite-privee-a-pied-de-las-vegas\/#primaryimage\"},\"thumbnailUrl\":\"https:\/\/tourtravelandmore.com\/wp-content\/uploads\/2020\/09\/las-vegas.jpg\",\"datePublished\":\"2020-09-21T09:54:23+00:00\",\"dateModified\":\"2021-03-17T21:04:13+00:00\",\"description\":\"Profitez de l'occasion pour vous promener dans cette ville unique avec notre visite priv\u00e9e \u00e0 pied de Las Vegas avec un guide priv\u00e9 local.\",\"breadcrumb\":{\"@id\":\"https:\/\/tourtravelandmore.com\/fr\/tours\/etats-unis-fr\/las-vegas-fr\/visite-privee-a-pied-de-las-vegas\/#breadcrumb\"},\"inLanguage\":\"fr-FR\",\"potentialAction\":[{\"@type\":\"ReadAction\",\"target\":[\"https:\/\/tourtravelandmore.com\/fr\/tours\/etats-unis-fr\/las-vegas-fr\/visite-privee-a-pied-de-las-vegas\/\"]}]},{\"@type\":\"ImageObject\",\"inLanguage\":\"fr-FR\",\"@id\":\"https:\/\/tourtravelandmore.com\/fr\/tours\/etats-unis-fr\/las-vegas-fr\/visite-privee-a-pied-de-las-vegas\/#primaryimage\",\"url\":\"https:\/\/tourtravelandmore.com\/wp-content\/uploads\/2020\/09\/las-vegas.jpg\",\"contentUrl\":\"https:\/\/tourtravelandmore.com\/wp-content\/uploads\/2020\/09\/las-vegas.jpg\",\"width\":1280,\"height\":960},{\"@type\":\"BreadcrumbList\",\"@id\":\"https:\/\/tourtravelandmore.com\/fr\/tours\/etats-unis-fr\/las-vegas-fr\/visite-privee-a-pied-de-las-vegas\/#breadcrumb\",\"itemListElement\":[{\"@type\":\"ListItem\",\"position\":1,\"name\":\"Home\",\"item\":\"https:\/\/tourtravelandmore.com\/fr\/\"},{\"@type\":\"ListItem\",\"position\":2,\"name\":\"Tours\",\"item\":\"https:\/\/tourtravelandmore.com\/fr\/tours\/\"},{\"@type\":\"ListItem\",\"position\":3,\"name\":\"Visite priv\u00e9e \u00e0 pied de Las Vegas\"}]},{\"@type\":\"WebSite\",\"@id\":\"https:\/\/tourtravelandmore.com\/fr\/#website\",\"url\":\"https:\/\/tourtravelandmore.com\/fr\/\",\"name\":\"Tour Travel And More\",\"description\":\"Private sightseeing tours and luxury transfers in Spain\",\"publisher\":{\"@id\":\"https:\/\/tourtravelandmore.com\/fr\/#organization\"},\"potentialAction\":[{\"@type\":\"SearchAction\",\"target\":{\"@type\":\"EntryPoint\",\"urlTemplate\":\"https:\/\/tourtravelandmore.com\/fr\/?s={search_term_string}\"},\"query-input\":{\"@type\":\"PropertyValueSpecification\",\"valueRequired\":true,\"valueName\":\"search_term_string\"}}],\"inLanguage\":\"fr-FR\"},{\"@type\":\"Organization\",\"@id\":\"https:\/\/tourtravelandmore.com\/fr\/#organization\",\"name\":\"Tour Travel And More\",\"url\":\"https:\/\/tourtravelandmore.com\/fr\/\",\"logo\":{\"@type\":\"ImageObject\",\"inLanguage\":\"fr-FR\",\"@id\":\"https:\/\/tourtravelandmore.com\/fr\/#\/schema\/logo\/image\/\",\"url\":\"https:\/\/tourtravelandmore.com\/wp-content\/uploads\/2022\/12\/cropped-logo-cabecera-new.png\",\"contentUrl\":\"https:\/\/tourtravelandmore.com\/wp-content\/uploads\/2022\/12\/cropped-logo-cabecera-new.png\",\"width\":430,\"height\":61,\"caption\":\"Tour Travel And More\"},\"image\":{\"@id\":\"https:\/\/tourtravelandmore.com\/fr\/#\/schema\/logo\/image\/\"},\"sameAs\":[\"https:\/\/www.facebook.com\/tourtravelandmore\/\",\"https:\/\/x.com\/TourTravel_More\"]}]}<\/script>\n<!-- \/ Yoast SEO Premium plugin. -->","yoast_head_json":{"title":"Visite priv\u00e9e \u00e0 pied de Las Vegas avec un guide priv\u00e9 local","description":"Profitez de l'occasion pour vous promener dans cette ville unique avec notre visite priv\u00e9e \u00e0 pied de Las Vegas avec un guide priv\u00e9 local.","robots":{"index":"index","follow":"follow","max-snippet":"max-snippet:-1","max-image-preview":"max-image-preview:large","max-video-preview":"max-video-preview:-1"},"canonical":"https:\/\/tourtravelandmore.com\/fr\/tours\/etats-unis-fr\/las-vegas-fr\/visite-privee-a-pied-de-las-vegas\/","og_locale":"fr_FR","og_type":"article","og_title":"Visite priv\u00e9e \u00e0 pied de Las Vegas","og_description":"Profitez de l'occasion pour vous promener dans cette ville unique avec notre visite priv\u00e9e \u00e0 pied de Las Vegas avec un guide priv\u00e9 local.","og_url":"https:\/\/tourtravelandmore.com\/fr\/tours\/etats-unis-fr\/las-vegas-fr\/visite-privee-a-pied-de-las-vegas\/","og_site_name":"Tour Travel And More","article_publisher":"https:\/\/www.facebook.com\/tourtravelandmore\/","article_modified_time":"2021-03-17T21:04:13+00:00","og_image":[{"width":1280,"height":960,"url":"https:\/\/tourtravelandmore.com\/wp-content\/uploads\/2020\/09\/las-vegas.jpg","type":"image\/jpeg"}],"twitter_card":"summary_large_image","twitter_site":"@TourTravel_More","twitter_misc":{"Dur\u00e9e de lecture estim\u00e9e":"2 minutes"},"schema":{"@context":"https:\/\/schema.org","@graph":[{"@type":"WebPage","@id":"https:\/\/tourtravelandmore.com\/fr\/tours\/etats-unis-fr\/las-vegas-fr\/visite-privee-a-pied-de-las-vegas\/","url":"https:\/\/tourtravelandmore.com\/fr\/tours\/etats-unis-fr\/las-vegas-fr\/visite-privee-a-pied-de-las-vegas\/","name":"Visite priv\u00e9e \u00e0 pied de Las Vegas avec un guide priv\u00e9 local","isPartOf":{"@id":"https:\/\/tourtravelandmore.com\/fr\/#website"},"primaryImageOfPage":{"@id":"https:\/\/tourtravelandmore.com\/fr\/tours\/etats-unis-fr\/las-vegas-fr\/visite-privee-a-pied-de-las-vegas\/#primaryimage"},"image":{"@id":"https:\/\/tourtravelandmore.com\/fr\/tours\/etats-unis-fr\/las-vegas-fr\/visite-privee-a-pied-de-las-vegas\/#primaryimage"},"thumbnailUrl":"https:\/\/tourtravelandmore.com\/wp-content\/uploads\/2020\/09\/las-vegas.jpg","datePublished":"2020-09-21T09:54:23+00:00","dateModified":"2021-03-17T21:04:13+00:00","description":"Profitez de l'occasion pour vous promener dans cette ville unique avec notre visite priv\u00e9e \u00e0 pied de Las Vegas avec un guide priv\u00e9 local.","breadcrumb":{"@id":"https:\/\/tourtravelandmore.com\/fr\/tours\/etats-unis-fr\/las-vegas-fr\/visite-privee-a-pied-de-las-vegas\/#breadcrumb"},"inLanguage":"fr-FR","potentialAction":[{"@type":"ReadAction","target":["https:\/\/tourtravelandmore.com\/fr\/tours\/etats-unis-fr\/las-vegas-fr\/visite-privee-a-pied-de-las-vegas\/"]}]},{"@type":"ImageObject","inLanguage":"fr-FR","@id":"https:\/\/tourtravelandmore.com\/fr\/tours\/etats-unis-fr\/las-vegas-fr\/visite-privee-a-pied-de-las-vegas\/#primaryimage","url":"https:\/\/tourtravelandmore.com\/wp-content\/uploads\/2020\/09\/las-vegas.jpg","contentUrl":"https:\/\/tourtravelandmore.com\/wp-content\/uploads\/2020\/09\/las-vegas.jpg","width":1280,"height":960},{"@type":"BreadcrumbList","@id":"https:\/\/tourtravelandmore.com\/fr\/tours\/etats-unis-fr\/las-vegas-fr\/visite-privee-a-pied-de-las-vegas\/#breadcrumb","itemListElement":[{"@type":"ListItem","position":1,"name":"Home","item":"https:\/\/tourtravelandmore.com\/fr\/"},{"@type":"ListItem","position":2,"name":"Tours","item":"https:\/\/tourtravelandmore.com\/fr\/tours\/"},{"@type":"ListItem","position":3,"name":"Visite priv\u00e9e \u00e0 pied de Las Vegas"}]},{"@type":"WebSite","@id":"https:\/\/tourtravelandmore.com\/fr\/#website","url":"https:\/\/tourtravelandmore.com\/fr\/","name":"Tour Travel And More","description":"Private sightseeing tours and luxury transfers in Spain","publisher":{"@id":"https:\/\/tourtravelandmore.com\/fr\/#organization"},"potentialAction":[{"@type":"SearchAction","target":{"@type":"EntryPoint","urlTemplate":"https:\/\/tourtravelandmore.com\/fr\/?s={search_term_string}"},"query-input":{"@type":"PropertyValueSpecification","valueRequired":true,"valueName":"search_term_string"}}],"inLanguage":"fr-FR"},{"@type":"Organization","@id":"https:\/\/tourtravelandmore.com\/fr\/#organization","name":"Tour Travel And More","url":"https:\/\/tourtravelandmore.com\/fr\/","logo":{"@type":"ImageObject","inLanguage":"fr-FR","@id":"https:\/\/tourtravelandmore.com\/fr\/#\/schema\/logo\/image\/","url":"https:\/\/tourtravelandmore.com\/wp-content\/uploads\/2022\/12\/cropped-logo-cabecera-new.png","contentUrl":"https:\/\/tourtravelandmore.com\/wp-content\/uploads\/2022\/12\/cropped-logo-cabecera-new.png","width":430,"height":61,"caption":"Tour Travel And More"},"image":{"@id":"https:\/\/tourtravelandmore.com\/fr\/#\/schema\/logo\/image\/"},"sameAs":["https:\/\/www.facebook.com\/tourtravelandmore\/","https:\/\/x.com\/TourTravel_More"]}]}},"_links":{"self":[{"href":"https:\/\/tourtravelandmore.com\/fr\/wp-json\/wp\/v2\/product\/104022","targetHints":{"allow":["GET"]}}],"collection":[{"href":"https:\/\/tourtravelandmore.com\/fr\/wp-json\/wp\/v2\/product"}],"about":[{"href":"https:\/\/tourtravelandmore.com\/fr\/wp-json\/wp\/v2\/types\/product"}],"replies":[{"embeddable":true,"href":"https:\/\/tourtravelandmore.com\/fr\/wp-json\/wp\/v2\/comments?post=104022"}],"wp:featuredmedia":[{"embeddable":true,"href":"https:\/\/tourtravelandmore.com\/fr\/wp-json\/wp\/v2\/media\/98305"}],"wp:attachment":[{"href":"https:\/\/tourtravelandmore.com\/fr\/wp-json\/wp\/v2\/media?parent=104022"}],"wp:term":[{"taxonomy":"product_brand","embeddable":true,"href":"https:\/\/tourtravelandmore.com\/fr\/wp-json\/wp\/v2\/product_brand?post=104022"},{"taxonomy":"product_cat","embeddable":true,"href":"https:\/\/tourtravelandmore.com\/fr\/wp-json\/wp\/v2\/product_cat?post=104022"},{"taxonomy":"product_tag","embeddable":true,"href":"https:\/\/tourtravelandmore.com\/fr\/wp-json\/wp\/v2\/product_tag?post=104022"}],"curies":[{"name":"wp","href":"https:\/\/api.w.org\/{rel}","templated":true}]}}