{"id":104016,"date":"2020-11-16T12:38:22","date_gmt":"2020-11-16T11:38:22","guid":{"rendered":"https:\/\/tourtravelandmore.com\/tours\/non%20class\u00e9\/tour-privado-de-toronto\/"},"modified":"2024-08-30T16:35:26","modified_gmt":"2024-08-30T14:35:26","slug":"visite-privee-de-toronto","status":"publish","type":"product","link":"https:\/\/tourtravelandmore.com\/fr\/tours\/canada-fr\/toronto-fr\/private-sightseeing-tours-fr-18\/visite-privee-de-toronto\/","title":{"rendered":"Visite priv\u00e9e de Toronto"},"content":{"rendered":"<h2>Description<\/h2>\n<p>Notre <b><strong>visite priv\u00e9e de Toronto<\/strong><\/b> est un excellent moyen de d\u00e9couvrir la ville de Toronto ! C&#8217;est une excellente fa\u00e7on de d\u00e9couvrir les secrets que rec\u00e8le Toronto. Notre guide priv\u00e9 sera \u00e0 votre disposition pour vous faire vivre une exp\u00e9rience unique. Toronto est la ville la plus peupl\u00e9e du Canada et la capitale de la province canadienne de l&#8217;Ontario.<\/p>\n<p>Tout d&#8217;abord, nous organiserons une prise en charge priv\u00e9e depuis votre h\u00f4tel ou le lieu de votre choix \u00e0 <a href=\"https:\/\/es.wikipedia.org\/wiki\/Toronto\">Toronto<\/a>.<\/p>\n<p>Notre visite priv\u00e9e de Toronto commencera \u00e0 partir de l\u00e0. Profitez des meilleurs endroits de la ville de Toronto. Toronto est une ville immense. Comme le Canada, Toronto n&#8217;est pas diff\u00e9rente, vous y trouverez une ville multiculturelle incroyable.<\/p>\n<p>Toronto est divis\u00e9e en 6 quartiers diff\u00e9rents. Notre chauffeur et notre guide touristique seront \u00e0 votre disposition pendant les 4 heures de la visite. Nous pouvons organiser une visite plus longue si vous le souhaitez. Ne manquez pas de voir nos autres visites priv\u00e9es dans la ville de Toronto.<\/p>\n<h2>Points d&#8217;int\u00e9r\u00eat et monuments<\/h2>\n<p>Apr\u00e8s une prise en charge confortable, commen\u00e7ons cette visite priv\u00e9e. Nous vous emm\u00e8nerons dans les sites les plus embl\u00e9matiques de la ville !<\/p>\n<p>Voici quelques exemples de ce que vous visiterez :<\/p>\n<ul>\n<li><b><strong>Tour CN.<\/strong><\/b> <b><strong>Prenez le temps d&#8217;admirer Toronto d&#8217;en haut.<\/strong><\/b> <b><strong>Si vous l&#8217;osez, faites une halte \u00e0 l&#8217;Edge walk !<\/strong><\/b> <b><strong>Ne vous inqui\u00e9tez pas, vous serez bien fatigu\u00e9 avec un harnais !<\/strong><\/b><\/li>\n<li><b><strong>Mus\u00e9e royal de l&#8217;Ontario.<\/strong><\/b> <b><strong>Remontez le cours de l&#8217;histoire !<\/strong><\/b><\/li>\n<li><b><strong>March\u00e9 de Kensington<\/strong><\/b><\/li>\n<li><b><strong>Casa Loma.<\/strong><\/b> <b><strong>Il s&#8217;agit d&#8217;un magnifique ch\u00e2teau n\u00e9o-gothique.<\/strong><\/b><\/li>\n<li><b><strong>Temple de la renomm\u00e9e du hockey<\/strong><\/b><\/li>\n<li><b><strong>Distillery District<\/strong><\/b><\/li>\n<li><b><strong>High Park<\/strong><\/b><\/li>\n<li><b><strong>Rogers Center<\/strong><\/b><\/li>\n<\/ul>\n<p>Cette visite priv\u00e9e se terminera \u00e0 votre h\u00f4tel ou au lieu de votre choix \u00e0 Toronto !<\/p>\n<p>Nos experts en voyage sont \u00e0 votre disposition pour une exp\u00e9rience unique ! <a href=\"https:\/\/tourtravelandmore.com\/fr\/city\/canada-fr\/toronto-en\/\">Jetez un coup d&#8217;\u0153il \u00e0 nos autres visites priv\u00e9es que nous proposons \u00e0 Toronto.<\/a><\/p>\n<p><button style=\"width: auto; height: auto; background-image: url('data:image\/png;base64,iVBORw0KGgoAAAANSUhEUgAAADAAAAAwCAYAAABXAvmHAAABS2lUWHRYTUw6Y29tLmFkb2JlLnhtcAAAAAAAPD94cGFja2V0IGJlZ2luPSLvu78iIGlkPSJXNU0wTXBDZWhpSHpyZVN6TlRjemtjOWQiPz4KPHg6eG1wbWV0YSB4bWxuczp4PSJhZG9iZTpuczptZXRhLyIgeDp4bXB0az0iQWRvYmUgWE1QIENvcmUgNS42LWMxMzggNzkuMTU5ODI0LCAyMDE2LzA5LzE0LTAxOjA5OjAxICAgICAgICAiPgogPHJkZjpSREYgeG1sbnM6cmRmPSJodHRwOi8vd3d3LnczLm9yZy8xOTk5LzAyLzIyLXJkZi1zeW50YXgtbnMjIj4KICA8cmRmOkRlc2NyaXB0aW9uIHJkZjphYm91dD0iIi8+CiA8L3JkZjpSREY+CjwveDp4bXBtZXRhPgo8P3hwYWNrZXQgZW5kPSJyIj8+IEmuOgAAAx5JREFUaIHtmj1L81wYx39JI75AbYtgBTFTRdQGXV2cxMlPICjiakHE0cVJB5FO4uLgN1AnZ\/0EgoLQtd6tL6hJIwia9DzDg6Wxpcb7hMTe+INCz+t1\/TnJuU7OOYoQ4g8Qpz2xFSGEiNoLGVTAjtoJCWw1ag9k0eoTQgg2NzcplUp0dHRE5VNTHMdB0zTy+TydnZ21fI8Ay7K4vr4ml8uRSqVCd7IVQgjW19cpFAoYhlHLbxiBTCbD9PR06A76YXx8HNd1PXmed0BRFBzHwTTNUB3zy\/v7O7FYzJPX9i\/xr4Co0b6u0prj42Pu7u5a1unp6UHXdSYmJkgmk7ImPUgLWFlZoVQq+aqbSCSYn59ne3ubRCIhaxoI4BHSdd13Xcuy2N\/fxzCML0fNL9IjoChK7f\/p6Smjo6MNdWzb5vz8nI2NDUzTpFgsMjMzw+Xlpax5eQH1TE5OMjAw0LQsm80yNzdHNpvFtm2urq44PDxkaWlJymags9D9\/X3Lcl3X2dnZqaX39vakbYY+jS4uLtLV1QXAxcUFlUpFqr\/QBXR3d9Pf3w\/8v8J8fn6W6i90Aa7r8vT0BEAsFpOeTkMXcHJywsvLCwAjIyPSgS1QAb29vS3LHx4eyOVytfTy8rK0zUAFPD4+8vb25vm9vr5SLBY5ODjAMAzK5TIAQ0NDrK6uStsMNA7Mzs42rNfrn\/kP0uk0Z2dnaJq8+UAFfHb0M6qqsrCwwO7uLn19fYHYDFTA2tpa00isaRqDg4NMTU19a+3kh0AFbG1t1YJUWAT6EhcKhSC780Xbf5H9CoiaXwFRIy2gPng5jiPb3beRjgPDw8NYlgUQegyAAAQcHR3xccgTxNrmu0hbjMJpj32ZxkIITNOkWq16tlf8tlVVlWQy+e229UgLKJfLuK77VwI+PikjE6CqKmNjYzJdSPPvxQFVVT2HaD8JVVX5fKzdcEZWLpe5vb39cYd8ADc3Nw1nZB4B8XicdDpNPp+PJCi1wnEcUqkUmUzGk68IISp8uitRqVSoVqth+ueLJntIdtNZ6Kv9nZ9E21\/20IASbXzd5j\/MIQu2KoJrJwAAAABJRU5ErkJggg=='); background-size: 14px 14px; background-color: #000000; position: absolute; opacity: 1; z-index: 86753099; display: none; cursor: pointer; border: none; border-top-left-radius: 3px; border-top-right-radius: 3px; border-bottom-right-radius: 3px; border-bottom-left-radius: 3px; text-indent: 20px; padding: 0px 4px 0px 0px; text-align: center; font-style: normal; font-variant-caps: normal; font-weight: bold; font-stretch: normal; font-size: 11px; line-height: 20px; font-family: 'Helvetica Neue', Helvetica, sans-serif; color: #ffffff; text-transform: capitalize; -webkit-font-smoothing: antialiased; top: 1397px; left: 563px; background-position: 3px 50%; background-repeat: no-repeat no-repeat;\">plan it<\/button><\/p>\n","protected":false},"excerpt":{"rendered":"<p>Participez \u00e0 cette visite priv\u00e9e de Toronto et courez la chance de profiter du meilleur de la ville de Toronto! C&#8217;est une excellente visite priv\u00e9e!<\/p>\n","protected":false},"featured_media":177653,"comment_status":"open","ping_status":"closed","template":"","meta":{"_acf_changed":false},"product_brand":[],"product_cat":[3751,3775,4243,3547],"product_tag":[],"class_list":{"0":"post-104016","1":"product","2":"type-product","3":"status-publish","4":"has-post-thumbnail","6":"product_cat-canada-fr","7":"product_cat-toronto-fr","8":"product_cat-private-sightseeing-tours-fr-18","9":"product_cat-etats-unis-fr","11":"first","12":"instock","13":"shipping-taxable","14":"purchasable","15":"product-type-simple"},"acf":[],"yoast_head":"<!-- This site is optimized with the Yoast SEO Premium plugin v25.3.1 (Yoast SEO v25.3.1) - https:\/\/yoast.com\/wordpress\/plugins\/seo\/ -->\n<title>Visite priv\u00e9e de Toronto avec un chauffeur et un guide. Visite priv\u00e9e<\/title>\n<meta name=\"description\" content=\"Participez \u00e0 cette visite priv\u00e9e de Toronto et courez la chance de profiter du meilleur de la ville de Toronto! C&#039;est une excellente visite priv\u00e9e!\" \/>\n<meta name=\"robots\" content=\"index, follow, max-snippet:-1, max-image-preview:large, max-video-preview:-1\" \/>\n<link rel=\"canonical\" href=\"https:\/\/tourtravelandmore.com\/fr\/tours\/canada-fr\/toronto-fr\/private-sightseeing-tours-fr-18\/visite-privee-de-toronto\/\" \/>\n<meta property=\"og:locale\" content=\"fr_FR\" \/>\n<meta property=\"og:type\" content=\"article\" \/>\n<meta property=\"og:title\" content=\"Visite priv\u00e9e de Toronto\" \/>\n<meta property=\"og:description\" content=\"Participez \u00e0 cette visite priv\u00e9e de Toronto et courez la chance de profiter du meilleur de la ville de Toronto! C&#039;est une excellente visite priv\u00e9e!\" \/>\n<meta property=\"og:url\" content=\"https:\/\/tourtravelandmore.com\/fr\/tours\/canada-fr\/toronto-fr\/private-sightseeing-tours-fr-18\/visite-privee-de-toronto\/\" \/>\n<meta property=\"og:site_name\" content=\"Tour Travel And More\" \/>\n<meta property=\"article:publisher\" content=\"https:\/\/www.facebook.com\/tourtravelandmore\/\" \/>\n<meta property=\"article:modified_time\" content=\"2024-08-30T14:35:26+00:00\" \/>\n<meta property=\"og:image\" content=\"https:\/\/tourtravelandmore.com\/wp-content\/uploads\/2020\/11\/pexels-sahil-1868676.jpg\" \/>\n\t<meta property=\"og:image:width\" content=\"1280\" \/>\n\t<meta property=\"og:image:height\" content=\"849\" \/>\n\t<meta property=\"og:image:type\" content=\"image\/jpeg\" \/>\n<meta name=\"twitter:card\" content=\"summary_large_image\" \/>\n<meta name=\"twitter:site\" content=\"@TourTravel_More\" \/>\n<meta name=\"twitter:label1\" content=\"Dur\u00e9e de lecture estim\u00e9e\" \/>\n\t<meta name=\"twitter:data1\" content=\"2 minutes\" \/>\n<script type=\"application\/ld+json\" class=\"yoast-schema-graph\">{\"@context\":\"https:\/\/schema.org\",\"@graph\":[{\"@type\":\"WebPage\",\"@id\":\"https:\/\/tourtravelandmore.com\/fr\/tours\/canada-fr\/toronto-fr\/private-sightseeing-tours-fr-18\/visite-privee-de-toronto\/\",\"url\":\"https:\/\/tourtravelandmore.com\/fr\/tours\/canada-fr\/toronto-fr\/private-sightseeing-tours-fr-18\/visite-privee-de-toronto\/\",\"name\":\"Visite priv\u00e9e de Toronto avec un chauffeur et un guide. Visite priv\u00e9e\",\"isPartOf\":{\"@id\":\"https:\/\/tourtravelandmore.com\/fr\/#website\"},\"primaryImageOfPage\":{\"@id\":\"https:\/\/tourtravelandmore.com\/fr\/tours\/canada-fr\/toronto-fr\/private-sightseeing-tours-fr-18\/visite-privee-de-toronto\/#primaryimage\"},\"image\":{\"@id\":\"https:\/\/tourtravelandmore.com\/fr\/tours\/canada-fr\/toronto-fr\/private-sightseeing-tours-fr-18\/visite-privee-de-toronto\/#primaryimage\"},\"thumbnailUrl\":\"https:\/\/tourtravelandmore.com\/wp-content\/uploads\/2020\/11\/pexels-sahil-1868676.jpg\",\"datePublished\":\"2020-11-16T11:38:22+00:00\",\"dateModified\":\"2024-08-30T14:35:26+00:00\",\"description\":\"Participez \u00e0 cette visite priv\u00e9e de Toronto et courez la chance de profiter du meilleur de la ville de Toronto! C'est une excellente visite priv\u00e9e!\",\"breadcrumb\":{\"@id\":\"https:\/\/tourtravelandmore.com\/fr\/tours\/canada-fr\/toronto-fr\/private-sightseeing-tours-fr-18\/visite-privee-de-toronto\/#breadcrumb\"},\"inLanguage\":\"fr-FR\",\"potentialAction\":[{\"@type\":\"ReadAction\",\"target\":[\"https:\/\/tourtravelandmore.com\/fr\/tours\/canada-fr\/toronto-fr\/private-sightseeing-tours-fr-18\/visite-privee-de-toronto\/\"]}]},{\"@type\":\"ImageObject\",\"inLanguage\":\"fr-FR\",\"@id\":\"https:\/\/tourtravelandmore.com\/fr\/tours\/canada-fr\/toronto-fr\/private-sightseeing-tours-fr-18\/visite-privee-de-toronto\/#primaryimage\",\"url\":\"https:\/\/tourtravelandmore.com\/wp-content\/uploads\/2020\/11\/pexels-sahil-1868676.jpg\",\"contentUrl\":\"https:\/\/tourtravelandmore.com\/wp-content\/uploads\/2020\/11\/pexels-sahil-1868676.jpg\",\"width\":1280,\"height\":849},{\"@type\":\"BreadcrumbList\",\"@id\":\"https:\/\/tourtravelandmore.com\/fr\/tours\/canada-fr\/toronto-fr\/private-sightseeing-tours-fr-18\/visite-privee-de-toronto\/#breadcrumb\",\"itemListElement\":[{\"@type\":\"ListItem\",\"position\":1,\"name\":\"Home\",\"item\":\"https:\/\/tourtravelandmore.com\/fr\/\"},{\"@type\":\"ListItem\",\"position\":2,\"name\":\"Tours\",\"item\":\"https:\/\/tourtravelandmore.com\/fr\/tours\/\"},{\"@type\":\"ListItem\",\"position\":3,\"name\":\"Visite priv\u00e9e de Toronto\"}]},{\"@type\":\"WebSite\",\"@id\":\"https:\/\/tourtravelandmore.com\/fr\/#website\",\"url\":\"https:\/\/tourtravelandmore.com\/fr\/\",\"name\":\"Tour Travel And More\",\"description\":\"Private sightseeing tours and luxury transfers in Spain\",\"publisher\":{\"@id\":\"https:\/\/tourtravelandmore.com\/fr\/#organization\"},\"potentialAction\":[{\"@type\":\"SearchAction\",\"target\":{\"@type\":\"EntryPoint\",\"urlTemplate\":\"https:\/\/tourtravelandmore.com\/fr\/?s={search_term_string}\"},\"query-input\":{\"@type\":\"PropertyValueSpecification\",\"valueRequired\":true,\"valueName\":\"search_term_string\"}}],\"inLanguage\":\"fr-FR\"},{\"@type\":\"Organization\",\"@id\":\"https:\/\/tourtravelandmore.com\/fr\/#organization\",\"name\":\"Tour Travel And More\",\"url\":\"https:\/\/tourtravelandmore.com\/fr\/\",\"logo\":{\"@type\":\"ImageObject\",\"inLanguage\":\"fr-FR\",\"@id\":\"https:\/\/tourtravelandmore.com\/fr\/#\/schema\/logo\/image\/\",\"url\":\"https:\/\/tourtravelandmore.com\/wp-content\/uploads\/2022\/12\/cropped-logo-cabecera-new.png\",\"contentUrl\":\"https:\/\/tourtravelandmore.com\/wp-content\/uploads\/2022\/12\/cropped-logo-cabecera-new.png\",\"width\":430,\"height\":61,\"caption\":\"Tour Travel And More\"},\"image\":{\"@id\":\"https:\/\/tourtravelandmore.com\/fr\/#\/schema\/logo\/image\/\"},\"sameAs\":[\"https:\/\/www.facebook.com\/tourtravelandmore\/\",\"https:\/\/x.com\/TourTravel_More\"]}]}<\/script>\n<!-- \/ Yoast SEO Premium plugin. -->","yoast_head_json":{"title":"Visite priv\u00e9e de Toronto avec un chauffeur et un guide. Visite priv\u00e9e","description":"Participez \u00e0 cette visite priv\u00e9e de Toronto et courez la chance de profiter du meilleur de la ville de Toronto! C'est une excellente visite priv\u00e9e!","robots":{"index":"index","follow":"follow","max-snippet":"max-snippet:-1","max-image-preview":"max-image-preview:large","max-video-preview":"max-video-preview:-1"},"canonical":"https:\/\/tourtravelandmore.com\/fr\/tours\/canada-fr\/toronto-fr\/private-sightseeing-tours-fr-18\/visite-privee-de-toronto\/","og_locale":"fr_FR","og_type":"article","og_title":"Visite priv\u00e9e de Toronto","og_description":"Participez \u00e0 cette visite priv\u00e9e de Toronto et courez la chance de profiter du meilleur de la ville de Toronto! C'est une excellente visite priv\u00e9e!","og_url":"https:\/\/tourtravelandmore.com\/fr\/tours\/canada-fr\/toronto-fr\/private-sightseeing-tours-fr-18\/visite-privee-de-toronto\/","og_site_name":"Tour Travel And More","article_publisher":"https:\/\/www.facebook.com\/tourtravelandmore\/","article_modified_time":"2024-08-30T14:35:26+00:00","og_image":[{"width":1280,"height":849,"url":"https:\/\/tourtravelandmore.com\/wp-content\/uploads\/2020\/11\/pexels-sahil-1868676.jpg","type":"image\/jpeg"}],"twitter_card":"summary_large_image","twitter_site":"@TourTravel_More","twitter_misc":{"Dur\u00e9e de lecture estim\u00e9e":"2 minutes"},"schema":{"@context":"https:\/\/schema.org","@graph":[{"@type":"WebPage","@id":"https:\/\/tourtravelandmore.com\/fr\/tours\/canada-fr\/toronto-fr\/private-sightseeing-tours-fr-18\/visite-privee-de-toronto\/","url":"https:\/\/tourtravelandmore.com\/fr\/tours\/canada-fr\/toronto-fr\/private-sightseeing-tours-fr-18\/visite-privee-de-toronto\/","name":"Visite priv\u00e9e de Toronto avec un chauffeur et un guide. Visite priv\u00e9e","isPartOf":{"@id":"https:\/\/tourtravelandmore.com\/fr\/#website"},"primaryImageOfPage":{"@id":"https:\/\/tourtravelandmore.com\/fr\/tours\/canada-fr\/toronto-fr\/private-sightseeing-tours-fr-18\/visite-privee-de-toronto\/#primaryimage"},"image":{"@id":"https:\/\/tourtravelandmore.com\/fr\/tours\/canada-fr\/toronto-fr\/private-sightseeing-tours-fr-18\/visite-privee-de-toronto\/#primaryimage"},"thumbnailUrl":"https:\/\/tourtravelandmore.com\/wp-content\/uploads\/2020\/11\/pexels-sahil-1868676.jpg","datePublished":"2020-11-16T11:38:22+00:00","dateModified":"2024-08-30T14:35:26+00:00","description":"Participez \u00e0 cette visite priv\u00e9e de Toronto et courez la chance de profiter du meilleur de la ville de Toronto! C'est une excellente visite priv\u00e9e!","breadcrumb":{"@id":"https:\/\/tourtravelandmore.com\/fr\/tours\/canada-fr\/toronto-fr\/private-sightseeing-tours-fr-18\/visite-privee-de-toronto\/#breadcrumb"},"inLanguage":"fr-FR","potentialAction":[{"@type":"ReadAction","target":["https:\/\/tourtravelandmore.com\/fr\/tours\/canada-fr\/toronto-fr\/private-sightseeing-tours-fr-18\/visite-privee-de-toronto\/"]}]},{"@type":"ImageObject","inLanguage":"fr-FR","@id":"https:\/\/tourtravelandmore.com\/fr\/tours\/canada-fr\/toronto-fr\/private-sightseeing-tours-fr-18\/visite-privee-de-toronto\/#primaryimage","url":"https:\/\/tourtravelandmore.com\/wp-content\/uploads\/2020\/11\/pexels-sahil-1868676.jpg","contentUrl":"https:\/\/tourtravelandmore.com\/wp-content\/uploads\/2020\/11\/pexels-sahil-1868676.jpg","width":1280,"height":849},{"@type":"BreadcrumbList","@id":"https:\/\/tourtravelandmore.com\/fr\/tours\/canada-fr\/toronto-fr\/private-sightseeing-tours-fr-18\/visite-privee-de-toronto\/#breadcrumb","itemListElement":[{"@type":"ListItem","position":1,"name":"Home","item":"https:\/\/tourtravelandmore.com\/fr\/"},{"@type":"ListItem","position":2,"name":"Tours","item":"https:\/\/tourtravelandmore.com\/fr\/tours\/"},{"@type":"ListItem","position":3,"name":"Visite priv\u00e9e de Toronto"}]},{"@type":"WebSite","@id":"https:\/\/tourtravelandmore.com\/fr\/#website","url":"https:\/\/tourtravelandmore.com\/fr\/","name":"Tour Travel And More","description":"Private sightseeing tours and luxury transfers in Spain","publisher":{"@id":"https:\/\/tourtravelandmore.com\/fr\/#organization"},"potentialAction":[{"@type":"SearchAction","target":{"@type":"EntryPoint","urlTemplate":"https:\/\/tourtravelandmore.com\/fr\/?s={search_term_string}"},"query-input":{"@type":"PropertyValueSpecification","valueRequired":true,"valueName":"search_term_string"}}],"inLanguage":"fr-FR"},{"@type":"Organization","@id":"https:\/\/tourtravelandmore.com\/fr\/#organization","name":"Tour Travel And More","url":"https:\/\/tourtravelandmore.com\/fr\/","logo":{"@type":"ImageObject","inLanguage":"fr-FR","@id":"https:\/\/tourtravelandmore.com\/fr\/#\/schema\/logo\/image\/","url":"https:\/\/tourtravelandmore.com\/wp-content\/uploads\/2022\/12\/cropped-logo-cabecera-new.png","contentUrl":"https:\/\/tourtravelandmore.com\/wp-content\/uploads\/2022\/12\/cropped-logo-cabecera-new.png","width":430,"height":61,"caption":"Tour Travel And More"},"image":{"@id":"https:\/\/tourtravelandmore.com\/fr\/#\/schema\/logo\/image\/"},"sameAs":["https:\/\/www.facebook.com\/tourtravelandmore\/","https:\/\/x.com\/TourTravel_More"]}]}},"_links":{"self":[{"href":"https:\/\/tourtravelandmore.com\/fr\/wp-json\/wp\/v2\/product\/104016","targetHints":{"allow":["GET"]}}],"collection":[{"href":"https:\/\/tourtravelandmore.com\/fr\/wp-json\/wp\/v2\/product"}],"about":[{"href":"https:\/\/tourtravelandmore.com\/fr\/wp-json\/wp\/v2\/types\/product"}],"replies":[{"embeddable":true,"href":"https:\/\/tourtravelandmore.com\/fr\/wp-json\/wp\/v2\/comments?post=104016"}],"wp:featuredmedia":[{"embeddable":true,"href":"https:\/\/tourtravelandmore.com\/fr\/wp-json\/wp\/v2\/media\/177653"}],"wp:attachment":[{"href":"https:\/\/tourtravelandmore.com\/fr\/wp-json\/wp\/v2\/media?parent=104016"}],"wp:term":[{"taxonomy":"product_brand","embeddable":true,"href":"https:\/\/tourtravelandmore.com\/fr\/wp-json\/wp\/v2\/product_brand?post=104016"},{"taxonomy":"product_cat","embeddable":true,"href":"https:\/\/tourtravelandmore.com\/fr\/wp-json\/wp\/v2\/product_cat?post=104016"},{"taxonomy":"product_tag","embeddable":true,"href":"https:\/\/tourtravelandmore.com\/fr\/wp-json\/wp\/v2\/product_tag?post=104016"}],"curies":[{"name":"wp","href":"https:\/\/api.w.org\/{rel}","templated":true}]}}