{"id":104007,"date":"2019-09-03T17:37:45","date_gmt":"2019-09-03T15:37:45","guid":{"rendered":"https:\/\/tourtravelandmore.com\/tours\/non%20class\u00e9\/transfert-prive-a-dublin\/"},"modified":"2024-03-04T15:47:56","modified_gmt":"2024-03-04T14:47:56","slug":"transfert-prive-a-dublin","status":"publish","type":"product","link":"https:\/\/tourtravelandmore.com\/fr\/tours\/irlande-fr\/dublin-fr\/transfert-prive-a-dublin\/","title":{"rendered":"Transfert priv\u00e9 \u00e0 Dublin"},"content":{"rendered":"<h2>Description:<\/h2>\n<p>Ne pensez-vous pas que le moyen le plus simple d&#8217;arriver \u00e0 votre destination finale soit avec un transfert priv\u00e9 \u00e0 Dublin.<\/p>\n<p>Rencontrez l&#8217;un de nos chauffeurs priv\u00e9s \u00e0 votre premier arr\u00eat. Cela peut \u00eatre par exemple l&#8217;a\u00e9roport. \u00c0 l&#8217;arriv\u00e9e de votre vol, allez r\u00e9cup\u00e9rer vos bagages et rendez-vous dans le hall d&#8217;arriv\u00e9e avec l&#8217;un de nos chauffeurs. C&#8217;est un moment totalement sans tracas! Votre chauffeur vous attendra avec une pancarte avec votre nom dessus. Vous partirez ensuite vers la ville de Dublin et votre h\u00f4tel ou lieu de votre choix.<\/p>\n<p>Nous avons des si\u00e8ges enfants disponibles pour vous si vous en avez besoin pour votre transfert priv\u00e9 \u00e0 Dublin. Nous avons \u00e9galement des berlines Mercedes Classe E. Il y a aussi Viano ou V Class si vous \u00eates plus de 3 personnes. Nous avons \u00e9galement des minibus Mercedes ou des minibus similaires pour votre commodit\u00e9.<\/p>\n<h2>Sites d&#8217;int\u00e9r\u00eat et monuments<\/h2>\n<p>Dublin est la capitale de la R\u00e9publique d&#8217;Irlande et la ville la plus peupl\u00e9e de l&#8217;\u00eele. Situ\u00e9 pr\u00e8s du centre de la c\u00f4te est au-dessus de la mer d&#8217;Irlande, \u00e0 l&#8217;embouchure de la rivi\u00e8re Liffey. Il a \u00e9t\u00e9 fond\u00e9 par les Vikings vers 841 en tant que base militaire et centre de traite des esclaves. Fait int\u00e9ressant, la ville est la capitale du pays depuis le Moyen \u00c2ge.<\/p>\n<p>Il y a tant \u00e0 faire \u00e0 Dublin. D\u00e9couvrez nos visites priv\u00e9es et ce que nous proposons dans la ville de Dublin. Nous avons \u00e9galement de superbes excursions \u00e0 votre disposition! Contactez l&#8217;un de nos experts en voyages chez Tour Travel &amp; More. Nous sommes l\u00e0 pour faire un d\u00e9part unique \u00e0 votre voyage!<\/p>\n","protected":false},"excerpt":{"rendered":"<p>Profitez de cette occasion pour profiter de ce moyen confortable pour vous rendre \u00e0 votre destination finale \u00e0 Dublin. Vous disposerez de votre propre v\u00e9hicule de luxe priv\u00e9 avec chauffeur pour vous conduire rapidement et confortablement \u00e0 l&#8217;emplacement de votre choix. La prise en charge peut se faire \u00e0 l&#8217;h\u00f4tel, \u00e0 l&#8217;a\u00e9roport, \u00e0 la gare ou au lieu de votre choix.<\/p>\n","protected":false},"featured_media":93577,"comment_status":"open","ping_status":"closed","template":"","meta":{"_acf_changed":false},"product_brand":[],"product_cat":[5121,5124,3732,3809],"product_tag":[],"class_list":{"0":"post-104007","1":"product","2":"type-product","3":"status-publish","4":"has-post-thumbnail","6":"product_cat-all-private-tours-activities-fr-26","7":"product_cat-private-transfers-fr-12","8":"product_cat-irlande-fr","9":"product_cat-dublin-fr","11":"first","12":"instock","13":"shipping-taxable","14":"purchasable","15":"product-type-simple"},"acf":[],"yoast_head":"<!-- This site is optimized with the Yoast SEO Premium plugin v25.3.1 (Yoast SEO v25.3.1) - https:\/\/yoast.com\/wordpress\/plugins\/seo\/ -->\n<title>Transfert priv\u00e9 de l&#039;a\u00e9roport de Dublin - Transfert priv\u00e9 de Dublin<\/title>\n<meta name=\"description\" content=\"Nous vous proposons le moyen le plus rapide et le plus simple d&#039;atteindre votre destination finale \u00e0 Dublin. Profitez d&#039;une exp\u00e9rience relaxante dans l&#039;un de nos transferts priv\u00e9s \u00e0 Dublin.\" \/>\n<meta name=\"robots\" content=\"index, follow, max-snippet:-1, max-image-preview:large, max-video-preview:-1\" \/>\n<link rel=\"canonical\" href=\"https:\/\/tourtravelandmore.com\/fr\/tours\/irlande-fr\/dublin-fr\/transfert-prive-a-dublin\/\" \/>\n<meta property=\"og:locale\" content=\"fr_FR\" \/>\n<meta property=\"og:type\" content=\"article\" \/>\n<meta property=\"og:title\" content=\"Transfert priv\u00e9 \u00e0 Dublin\" \/>\n<meta property=\"og:description\" content=\"Nous vous proposons le moyen le plus rapide et le plus simple d&#039;atteindre votre destination finale \u00e0 Dublin. Profitez d&#039;une exp\u00e9rience relaxante dans l&#039;un de nos transferts priv\u00e9s \u00e0 Dublin.\" \/>\n<meta property=\"og:url\" content=\"https:\/\/tourtravelandmore.com\/fr\/tours\/irlande-fr\/dublin-fr\/transfert-prive-a-dublin\/\" \/>\n<meta property=\"og:site_name\" content=\"Tour Travel And More\" \/>\n<meta property=\"article:publisher\" content=\"https:\/\/www.facebook.com\/tourtravelandmore\/\" \/>\n<meta property=\"article:modified_time\" content=\"2024-03-04T14:47:56+00:00\" \/>\n<meta property=\"og:image\" content=\"https:\/\/tourtravelandmore.com\/wp-content\/uploads\/2016\/10\/barcelona-wedding-transfer-3.jpg\" \/>\n\t<meta property=\"og:image:width\" content=\"1920\" \/>\n\t<meta property=\"og:image:height\" content=\"891\" \/>\n\t<meta property=\"og:image:type\" content=\"image\/jpeg\" \/>\n<meta name=\"twitter:card\" content=\"summary_large_image\" \/>\n<meta name=\"twitter:site\" content=\"@TourTravel_More\" \/>\n<meta name=\"twitter:label1\" content=\"Dur\u00e9e de lecture estim\u00e9e\" \/>\n\t<meta name=\"twitter:data1\" content=\"1 minute\" \/>\n<script type=\"application\/ld+json\" class=\"yoast-schema-graph\">{\"@context\":\"https:\/\/schema.org\",\"@graph\":[{\"@type\":\"WebPage\",\"@id\":\"https:\/\/tourtravelandmore.com\/fr\/tours\/irlande-fr\/dublin-fr\/transfert-prive-a-dublin\/\",\"url\":\"https:\/\/tourtravelandmore.com\/fr\/tours\/irlande-fr\/dublin-fr\/transfert-prive-a-dublin\/\",\"name\":\"Transfert priv\u00e9 de l'a\u00e9roport de Dublin - Transfert priv\u00e9 de Dublin\",\"isPartOf\":{\"@id\":\"https:\/\/tourtravelandmore.com\/fr\/#website\"},\"primaryImageOfPage\":{\"@id\":\"https:\/\/tourtravelandmore.com\/fr\/tours\/irlande-fr\/dublin-fr\/transfert-prive-a-dublin\/#primaryimage\"},\"image\":{\"@id\":\"https:\/\/tourtravelandmore.com\/fr\/tours\/irlande-fr\/dublin-fr\/transfert-prive-a-dublin\/#primaryimage\"},\"thumbnailUrl\":\"https:\/\/tourtravelandmore.com\/wp-content\/uploads\/2016\/10\/barcelona-wedding-transfer-3.jpg\",\"datePublished\":\"2019-09-03T15:37:45+00:00\",\"dateModified\":\"2024-03-04T14:47:56+00:00\",\"description\":\"Nous vous proposons le moyen le plus rapide et le plus simple d'atteindre votre destination finale \u00e0 Dublin. Profitez d'une exp\u00e9rience relaxante dans l'un de nos transferts priv\u00e9s \u00e0 Dublin.\",\"breadcrumb\":{\"@id\":\"https:\/\/tourtravelandmore.com\/fr\/tours\/irlande-fr\/dublin-fr\/transfert-prive-a-dublin\/#breadcrumb\"},\"inLanguage\":\"fr-FR\",\"potentialAction\":[{\"@type\":\"ReadAction\",\"target\":[\"https:\/\/tourtravelandmore.com\/fr\/tours\/irlande-fr\/dublin-fr\/transfert-prive-a-dublin\/\"]}]},{\"@type\":\"ImageObject\",\"inLanguage\":\"fr-FR\",\"@id\":\"https:\/\/tourtravelandmore.com\/fr\/tours\/irlande-fr\/dublin-fr\/transfert-prive-a-dublin\/#primaryimage\",\"url\":\"https:\/\/tourtravelandmore.com\/wp-content\/uploads\/2016\/10\/barcelona-wedding-transfer-3.jpg\",\"contentUrl\":\"https:\/\/tourtravelandmore.com\/wp-content\/uploads\/2016\/10\/barcelona-wedding-transfer-3.jpg\",\"width\":1920,\"height\":891,\"caption\":\"BRABUS Upgrades - Mercedes AMG S-Class\"},{\"@type\":\"BreadcrumbList\",\"@id\":\"https:\/\/tourtravelandmore.com\/fr\/tours\/irlande-fr\/dublin-fr\/transfert-prive-a-dublin\/#breadcrumb\",\"itemListElement\":[{\"@type\":\"ListItem\",\"position\":1,\"name\":\"Home\",\"item\":\"https:\/\/tourtravelandmore.com\/fr\/\"},{\"@type\":\"ListItem\",\"position\":2,\"name\":\"Tours\",\"item\":\"https:\/\/tourtravelandmore.com\/fr\/tours\/\"},{\"@type\":\"ListItem\",\"position\":3,\"name\":\"Transfert priv\u00e9 \u00e0 Dublin\"}]},{\"@type\":\"WebSite\",\"@id\":\"https:\/\/tourtravelandmore.com\/fr\/#website\",\"url\":\"https:\/\/tourtravelandmore.com\/fr\/\",\"name\":\"Tour Travel And More\",\"description\":\"Private sightseeing tours and luxury transfers in Spain\",\"publisher\":{\"@id\":\"https:\/\/tourtravelandmore.com\/fr\/#organization\"},\"potentialAction\":[{\"@type\":\"SearchAction\",\"target\":{\"@type\":\"EntryPoint\",\"urlTemplate\":\"https:\/\/tourtravelandmore.com\/fr\/?s={search_term_string}\"},\"query-input\":{\"@type\":\"PropertyValueSpecification\",\"valueRequired\":true,\"valueName\":\"search_term_string\"}}],\"inLanguage\":\"fr-FR\"},{\"@type\":\"Organization\",\"@id\":\"https:\/\/tourtravelandmore.com\/fr\/#organization\",\"name\":\"Tour Travel And More\",\"url\":\"https:\/\/tourtravelandmore.com\/fr\/\",\"logo\":{\"@type\":\"ImageObject\",\"inLanguage\":\"fr-FR\",\"@id\":\"https:\/\/tourtravelandmore.com\/fr\/#\/schema\/logo\/image\/\",\"url\":\"https:\/\/tourtravelandmore.com\/wp-content\/uploads\/2022\/12\/cropped-logo-cabecera-new.png\",\"contentUrl\":\"https:\/\/tourtravelandmore.com\/wp-content\/uploads\/2022\/12\/cropped-logo-cabecera-new.png\",\"width\":430,\"height\":61,\"caption\":\"Tour Travel And More\"},\"image\":{\"@id\":\"https:\/\/tourtravelandmore.com\/fr\/#\/schema\/logo\/image\/\"},\"sameAs\":[\"https:\/\/www.facebook.com\/tourtravelandmore\/\",\"https:\/\/x.com\/TourTravel_More\"]}]}<\/script>\n<!-- \/ Yoast SEO Premium plugin. -->","yoast_head_json":{"title":"Transfert priv\u00e9 de l'a\u00e9roport de Dublin - Transfert priv\u00e9 de Dublin","description":"Nous vous proposons le moyen le plus rapide et le plus simple d'atteindre votre destination finale \u00e0 Dublin. Profitez d'une exp\u00e9rience relaxante dans l'un de nos transferts priv\u00e9s \u00e0 Dublin.","robots":{"index":"index","follow":"follow","max-snippet":"max-snippet:-1","max-image-preview":"max-image-preview:large","max-video-preview":"max-video-preview:-1"},"canonical":"https:\/\/tourtravelandmore.com\/fr\/tours\/irlande-fr\/dublin-fr\/transfert-prive-a-dublin\/","og_locale":"fr_FR","og_type":"article","og_title":"Transfert priv\u00e9 \u00e0 Dublin","og_description":"Nous vous proposons le moyen le plus rapide et le plus simple d'atteindre votre destination finale \u00e0 Dublin. Profitez d'une exp\u00e9rience relaxante dans l'un de nos transferts priv\u00e9s \u00e0 Dublin.","og_url":"https:\/\/tourtravelandmore.com\/fr\/tours\/irlande-fr\/dublin-fr\/transfert-prive-a-dublin\/","og_site_name":"Tour Travel And More","article_publisher":"https:\/\/www.facebook.com\/tourtravelandmore\/","article_modified_time":"2024-03-04T14:47:56+00:00","og_image":[{"width":1920,"height":891,"url":"https:\/\/tourtravelandmore.com\/wp-content\/uploads\/2016\/10\/barcelona-wedding-transfer-3.jpg","type":"image\/jpeg"}],"twitter_card":"summary_large_image","twitter_site":"@TourTravel_More","twitter_misc":{"Dur\u00e9e de lecture estim\u00e9e":"1 minute"},"schema":{"@context":"https:\/\/schema.org","@graph":[{"@type":"WebPage","@id":"https:\/\/tourtravelandmore.com\/fr\/tours\/irlande-fr\/dublin-fr\/transfert-prive-a-dublin\/","url":"https:\/\/tourtravelandmore.com\/fr\/tours\/irlande-fr\/dublin-fr\/transfert-prive-a-dublin\/","name":"Transfert priv\u00e9 de l'a\u00e9roport de Dublin - Transfert priv\u00e9 de Dublin","isPartOf":{"@id":"https:\/\/tourtravelandmore.com\/fr\/#website"},"primaryImageOfPage":{"@id":"https:\/\/tourtravelandmore.com\/fr\/tours\/irlande-fr\/dublin-fr\/transfert-prive-a-dublin\/#primaryimage"},"image":{"@id":"https:\/\/tourtravelandmore.com\/fr\/tours\/irlande-fr\/dublin-fr\/transfert-prive-a-dublin\/#primaryimage"},"thumbnailUrl":"https:\/\/tourtravelandmore.com\/wp-content\/uploads\/2016\/10\/barcelona-wedding-transfer-3.jpg","datePublished":"2019-09-03T15:37:45+00:00","dateModified":"2024-03-04T14:47:56+00:00","description":"Nous vous proposons le moyen le plus rapide et le plus simple d'atteindre votre destination finale \u00e0 Dublin. Profitez d'une exp\u00e9rience relaxante dans l'un de nos transferts priv\u00e9s \u00e0 Dublin.","breadcrumb":{"@id":"https:\/\/tourtravelandmore.com\/fr\/tours\/irlande-fr\/dublin-fr\/transfert-prive-a-dublin\/#breadcrumb"},"inLanguage":"fr-FR","potentialAction":[{"@type":"ReadAction","target":["https:\/\/tourtravelandmore.com\/fr\/tours\/irlande-fr\/dublin-fr\/transfert-prive-a-dublin\/"]}]},{"@type":"ImageObject","inLanguage":"fr-FR","@id":"https:\/\/tourtravelandmore.com\/fr\/tours\/irlande-fr\/dublin-fr\/transfert-prive-a-dublin\/#primaryimage","url":"https:\/\/tourtravelandmore.com\/wp-content\/uploads\/2016\/10\/barcelona-wedding-transfer-3.jpg","contentUrl":"https:\/\/tourtravelandmore.com\/wp-content\/uploads\/2016\/10\/barcelona-wedding-transfer-3.jpg","width":1920,"height":891,"caption":"BRABUS Upgrades - Mercedes AMG S-Class"},{"@type":"BreadcrumbList","@id":"https:\/\/tourtravelandmore.com\/fr\/tours\/irlande-fr\/dublin-fr\/transfert-prive-a-dublin\/#breadcrumb","itemListElement":[{"@type":"ListItem","position":1,"name":"Home","item":"https:\/\/tourtravelandmore.com\/fr\/"},{"@type":"ListItem","position":2,"name":"Tours","item":"https:\/\/tourtravelandmore.com\/fr\/tours\/"},{"@type":"ListItem","position":3,"name":"Transfert priv\u00e9 \u00e0 Dublin"}]},{"@type":"WebSite","@id":"https:\/\/tourtravelandmore.com\/fr\/#website","url":"https:\/\/tourtravelandmore.com\/fr\/","name":"Tour Travel And More","description":"Private sightseeing tours and luxury transfers in Spain","publisher":{"@id":"https:\/\/tourtravelandmore.com\/fr\/#organization"},"potentialAction":[{"@type":"SearchAction","target":{"@type":"EntryPoint","urlTemplate":"https:\/\/tourtravelandmore.com\/fr\/?s={search_term_string}"},"query-input":{"@type":"PropertyValueSpecification","valueRequired":true,"valueName":"search_term_string"}}],"inLanguage":"fr-FR"},{"@type":"Organization","@id":"https:\/\/tourtravelandmore.com\/fr\/#organization","name":"Tour Travel And More","url":"https:\/\/tourtravelandmore.com\/fr\/","logo":{"@type":"ImageObject","inLanguage":"fr-FR","@id":"https:\/\/tourtravelandmore.com\/fr\/#\/schema\/logo\/image\/","url":"https:\/\/tourtravelandmore.com\/wp-content\/uploads\/2022\/12\/cropped-logo-cabecera-new.png","contentUrl":"https:\/\/tourtravelandmore.com\/wp-content\/uploads\/2022\/12\/cropped-logo-cabecera-new.png","width":430,"height":61,"caption":"Tour Travel And More"},"image":{"@id":"https:\/\/tourtravelandmore.com\/fr\/#\/schema\/logo\/image\/"},"sameAs":["https:\/\/www.facebook.com\/tourtravelandmore\/","https:\/\/x.com\/TourTravel_More"]}]}},"_links":{"self":[{"href":"https:\/\/tourtravelandmore.com\/fr\/wp-json\/wp\/v2\/product\/104007","targetHints":{"allow":["GET"]}}],"collection":[{"href":"https:\/\/tourtravelandmore.com\/fr\/wp-json\/wp\/v2\/product"}],"about":[{"href":"https:\/\/tourtravelandmore.com\/fr\/wp-json\/wp\/v2\/types\/product"}],"replies":[{"embeddable":true,"href":"https:\/\/tourtravelandmore.com\/fr\/wp-json\/wp\/v2\/comments?post=104007"}],"wp:featuredmedia":[{"embeddable":true,"href":"https:\/\/tourtravelandmore.com\/fr\/wp-json\/wp\/v2\/media\/93577"}],"wp:attachment":[{"href":"https:\/\/tourtravelandmore.com\/fr\/wp-json\/wp\/v2\/media?parent=104007"}],"wp:term":[{"taxonomy":"product_brand","embeddable":true,"href":"https:\/\/tourtravelandmore.com\/fr\/wp-json\/wp\/v2\/product_brand?post=104007"},{"taxonomy":"product_cat","embeddable":true,"href":"https:\/\/tourtravelandmore.com\/fr\/wp-json\/wp\/v2\/product_cat?post=104007"},{"taxonomy":"product_tag","embeddable":true,"href":"https:\/\/tourtravelandmore.com\/fr\/wp-json\/wp\/v2\/product_tag?post=104007"}],"curies":[{"name":"wp","href":"https:\/\/api.w.org\/{rel}","templated":true}]}}