{"id":103995,"date":"2019-08-23T14:16:38","date_gmt":"2019-08-23T12:16:38","guid":{"rendered":"https:\/\/tourtravelandmore.com\/tours\/non%20class\u00e9\/visite-privee-de-dublin\/"},"modified":"2024-03-04T15:18:41","modified_gmt":"2024-03-04T14:18:41","slug":"visite-privee-de-dublin","status":"publish","type":"product","link":"https:\/\/tourtravelandmore.com\/fr\/tours\/irlande-fr\/dublin-fr\/visite-privee-de-dublin\/","title":{"rendered":"Visite priv\u00e9e de Dublin"},"content":{"rendered":"<h2>Description:<\/h2>\n<p><strong><a href=\"https:\/\/es.wikipedia.org\/wiki\/Dubl%C3%ADn\">Dublin<\/a> <\/strong>est la capitale de la <strong>R\u00e9publique d&#8217;Irlande<\/strong>, situ\u00e9e sur la c\u00f4te est de <strong>l&#8217;Irlande<\/strong>, \u00e0 l&#8217;embouchure de la <strong>rivi\u00e8re Liffey<\/strong>. Ses b\u00e2timents historiques comprennent le ch\u00e2teau de <strong>Dublin<\/strong>, qui date du 13e si\u00e8cle, et l&#8217;imposante cath\u00e9drale<strong> St Patrick<\/strong>, construite en <strong>1191<\/strong>. Les parcs paysagers attrayants de la ville comprennent le parc St Stephen&#8217;s Green et l&#8217;immense parc Phoenix, qui abrite le zoo de Dublin. La meilleure fa\u00e7on de d\u00e9couvrir la ville de <strong>Dublin<\/strong> est de faire un tour dans ses belles rues. Notre guide officiel priv\u00e9 vous emm\u00e8nera pour cette<strong> visite priv\u00e9e exclusive de Dublin.<\/strong><\/p>\n<p>Cette visite commencera \u00e0 partir d&#8217;un point de rencontre dans le centre ville. Si votre h\u00f4tel est situ\u00e9 dans le centre, nous pouvons commencer \u00e0 partir de l\u00e0. Sinon, nous pouvons organiser un ramassage priv\u00e9 \u00e0 partir d&#8217;un point de rencontre situ\u00e9 au centre.<\/p>\n<p>Cette visite est enti\u00e8rement personnalisable. Vous pouvez adapter toutes nos visites de Dublin \u00e0 vos propres int\u00e9r\u00eats en nous contactant simplement, c&#8217;est pourquoi cette visite priv\u00e9e de Dublin est parfaite pour vous !<\/p>\n<h2>Sites d&#8217;int\u00e9r\u00eat et monuments<\/h2>\n<p>Nous commencerons cette visite par un ramassage \u00e0 votre h\u00f4tel ou \u00e0 un point de ramassage personnel et nous vous emm\u00e8nerons visiter les sites les plus embl\u00e9matiques de la ville.<\/p>\n<p>Nous verrons entre autres la c\u00e9l\u00e8bre <strong>O&#8217;Connell Street<\/strong> connue pour ses nombreux magasins, et nous arriverons au <strong>Trinity College<\/strong> o\u00f9 notre guide nous racontera l&#8217;histoire de <strong>Molly Malone.<\/strong><\/p>\n<p>Ensuite, nous verrons la <strong>cath\u00e9drale Saint-Patrick<\/strong> c\u00e9l\u00e8bre pour ses fa\u00e7ades impressionnantes et le <strong>ch\u00e2teau de Dublin<\/strong> contr\u00f4l\u00e9 par les Britanniques jusqu&#8217;\u00e0 la signature du trait\u00e9 anglo-irlandais en <strong>1921<\/strong>. Un autre arr\u00eat \u00e0 ne pas manquer est le c\u00e9l\u00e8bre quartier de musique live appel\u00e9 Temple Pub.<\/p>\n<p>Ensuite, nous nous dirigerons vers<strong> le pont Liffey<\/strong> o\u00f9 vous verrez et apprendrez les lieux les plus importants de l&#8217;histoire de <strong>l&#8217;Irlande<\/strong>. Continuez vers la <strong>cath\u00e9drale Christ Church<\/strong> et en marchant vers le sud le long de <strong>Nicholas Street<\/strong>, vous trouverez la <strong>cath\u00e9drale St. Patrick<\/strong>, les \u00e9glises les plus importantes de <strong>Dublin<\/strong>.<\/p>\n<p>Pour finir, nous visiterons <strong>Phoenix Park<\/strong>, connu pour \u00eatre le plus grand parc d&#8217;Europe et pour ses nombreux cerfs.<\/p>\n<p>Parmi les nombreux autres lieux \u00e0 visiter, vous pourrez voir :<\/p>\n<ul>\n<li><strong>O&#8217;Connell Street<\/strong><\/li>\n<li><strong>Temple Bar<\/strong><\/li>\n<li><strong>La cath\u00e9drale St. Patrick<\/strong><\/li>\n<li><strong>Parc Phoenix<\/strong><\/li>\n<li><strong>Trinity College<\/strong><\/li>\n<li><strong>Maisons temp\u00e9r\u00e9es<\/strong><\/li>\n<li><strong>et bien plus encore !<\/strong><\/li>\n<\/ul>\n<p>Si vous le souhaitez, nous pouvons inclure les droits d&#8217;entr\u00e9e aux monuments ou mus\u00e9es que vous souhaitez visiter.<\/p>\n<p><a href=\"https:\/\/tourtravelandmore.com\/fr\/city\/irlande-fr\/dublin-fr\/\">Jetez un coup d&#8217;\u0153il \u00e0 nos visites priv\u00e9es \u00e0 Dublin et au d\u00e9part de Dublin.<\/a><\/p>\n","protected":false},"excerpt":{"rendered":"<p>Admirez la ville de <strong>Dublin<\/strong> avec notre <strong>visite priv\u00e9e de la ville avec un chauffeur priv\u00e9 et un guide officiel<\/strong>. Au cours de cette visite, votre guide priv\u00e9 vous emm\u00e8nera \u00e0 travers des endroits incroyables tels que l&#8217;usine <strong>Phoenix Park, O&#8217;Connell Street, Trinity College, le Parlement et bien plus encore.<\/strong> Personnalisez votre propre visite simplement en nous contactant.<\/p>\n","protected":false},"featured_media":91173,"comment_status":"open","ping_status":"closed","template":"","meta":{"_acf_changed":false},"product_brand":[],"product_cat":[5121,5122,3809],"product_tag":[],"class_list":{"0":"post-103995","1":"product","2":"type-product","3":"status-publish","4":"has-post-thumbnail","6":"product_cat-all-private-tours-activities-fr-26","7":"product_cat-private-sightseeing-tours-fr-30","8":"product_cat-dublin-fr","10":"first","11":"instock","12":"shipping-taxable","13":"purchasable","14":"product-type-simple"},"acf":[],"yoast_head":"<!-- This site is optimized with the Yoast SEO Premium plugin v25.3.1 (Yoast SEO v25.3.1) - https:\/\/yoast.com\/wordpress\/plugins\/seo\/ -->\n<title>Visite priv\u00e9e d&#039;une demi-journ\u00e9e de Dublin avec guide priv\u00e9 | Tour Travel &amp; More<\/title>\n<meta name=\"description\" content=\"Visite priv\u00e9e de Dublin. Explorez ses rues et ses paysages avec cette visite priv\u00e9e d&#039;une journ\u00e9e compl\u00e8te avec un guide et un v\u00e9hicule priv\u00e9 avec chauffeur.\" \/>\n<meta name=\"robots\" content=\"index, follow, max-snippet:-1, max-image-preview:large, max-video-preview:-1\" \/>\n<link rel=\"canonical\" href=\"https:\/\/tourtravelandmore.com\/fr\/tours\/irlande-fr\/dublin-fr\/visite-privee-de-dublin\/\" \/>\n<meta property=\"og:locale\" content=\"fr_FR\" \/>\n<meta property=\"og:type\" content=\"article\" \/>\n<meta property=\"og:title\" content=\"Visite priv\u00e9e de Dublin\" \/>\n<meta property=\"og:description\" content=\"Visite priv\u00e9e de Dublin. Explorez ses rues et ses paysages avec cette visite priv\u00e9e d&#039;une journ\u00e9e compl\u00e8te avec un guide et un v\u00e9hicule priv\u00e9 avec chauffeur.\" \/>\n<meta property=\"og:url\" content=\"https:\/\/tourtravelandmore.com\/fr\/tours\/irlande-fr\/dublin-fr\/visite-privee-de-dublin\/\" \/>\n<meta property=\"og:site_name\" content=\"Tour Travel And More\" \/>\n<meta property=\"article:publisher\" content=\"https:\/\/www.facebook.com\/tourtravelandmore\/\" \/>\n<meta property=\"article:modified_time\" content=\"2024-03-04T14:18:41+00:00\" \/>\n<meta property=\"og:image\" content=\"https:\/\/tourtravelandmore.com\/wp-content\/uploads\/2019\/08\/dublin-2.jpg\" \/>\n\t<meta property=\"og:image:width\" content=\"640\" \/>\n\t<meta property=\"og:image:height\" content=\"427\" \/>\n\t<meta property=\"og:image:type\" content=\"image\/jpeg\" \/>\n<meta name=\"twitter:card\" content=\"summary_large_image\" \/>\n<meta name=\"twitter:site\" content=\"@TourTravel_More\" \/>\n<meta name=\"twitter:label1\" content=\"Dur\u00e9e de lecture estim\u00e9e\" \/>\n\t<meta name=\"twitter:data1\" content=\"2 minutes\" \/>\n<script type=\"application\/ld+json\" class=\"yoast-schema-graph\">{\"@context\":\"https:\/\/schema.org\",\"@graph\":[{\"@type\":\"WebPage\",\"@id\":\"https:\/\/tourtravelandmore.com\/fr\/tours\/irlande-fr\/dublin-fr\/visite-privee-de-dublin\/\",\"url\":\"https:\/\/tourtravelandmore.com\/fr\/tours\/irlande-fr\/dublin-fr\/visite-privee-de-dublin\/\",\"name\":\"Visite priv\u00e9e d'une demi-journ\u00e9e de Dublin avec guide priv\u00e9 | Tour Travel & More\",\"isPartOf\":{\"@id\":\"https:\/\/tourtravelandmore.com\/fr\/#website\"},\"primaryImageOfPage\":{\"@id\":\"https:\/\/tourtravelandmore.com\/fr\/tours\/irlande-fr\/dublin-fr\/visite-privee-de-dublin\/#primaryimage\"},\"image\":{\"@id\":\"https:\/\/tourtravelandmore.com\/fr\/tours\/irlande-fr\/dublin-fr\/visite-privee-de-dublin\/#primaryimage\"},\"thumbnailUrl\":\"https:\/\/tourtravelandmore.com\/wp-content\/uploads\/2019\/08\/dublin-2.jpg\",\"datePublished\":\"2019-08-23T12:16:38+00:00\",\"dateModified\":\"2024-03-04T14:18:41+00:00\",\"description\":\"Visite priv\u00e9e de Dublin. Explorez ses rues et ses paysages avec cette visite priv\u00e9e d'une journ\u00e9e compl\u00e8te avec un guide et un v\u00e9hicule priv\u00e9 avec chauffeur.\",\"breadcrumb\":{\"@id\":\"https:\/\/tourtravelandmore.com\/fr\/tours\/irlande-fr\/dublin-fr\/visite-privee-de-dublin\/#breadcrumb\"},\"inLanguage\":\"fr-FR\",\"potentialAction\":[{\"@type\":\"ReadAction\",\"target\":[\"https:\/\/tourtravelandmore.com\/fr\/tours\/irlande-fr\/dublin-fr\/visite-privee-de-dublin\/\"]}]},{\"@type\":\"ImageObject\",\"inLanguage\":\"fr-FR\",\"@id\":\"https:\/\/tourtravelandmore.com\/fr\/tours\/irlande-fr\/dublin-fr\/visite-privee-de-dublin\/#primaryimage\",\"url\":\"https:\/\/tourtravelandmore.com\/wp-content\/uploads\/2019\/08\/dublin-2.jpg\",\"contentUrl\":\"https:\/\/tourtravelandmore.com\/wp-content\/uploads\/2019\/08\/dublin-2.jpg\",\"width\":640,\"height\":427},{\"@type\":\"BreadcrumbList\",\"@id\":\"https:\/\/tourtravelandmore.com\/fr\/tours\/irlande-fr\/dublin-fr\/visite-privee-de-dublin\/#breadcrumb\",\"itemListElement\":[{\"@type\":\"ListItem\",\"position\":1,\"name\":\"Home\",\"item\":\"https:\/\/tourtravelandmore.com\/fr\/\"},{\"@type\":\"ListItem\",\"position\":2,\"name\":\"Tours\",\"item\":\"https:\/\/tourtravelandmore.com\/fr\/tours\/\"},{\"@type\":\"ListItem\",\"position\":3,\"name\":\"Visite priv\u00e9e de Dublin\"}]},{\"@type\":\"WebSite\",\"@id\":\"https:\/\/tourtravelandmore.com\/fr\/#website\",\"url\":\"https:\/\/tourtravelandmore.com\/fr\/\",\"name\":\"Tour Travel And More\",\"description\":\"Private sightseeing tours and luxury transfers in Spain\",\"publisher\":{\"@id\":\"https:\/\/tourtravelandmore.com\/fr\/#organization\"},\"potentialAction\":[{\"@type\":\"SearchAction\",\"target\":{\"@type\":\"EntryPoint\",\"urlTemplate\":\"https:\/\/tourtravelandmore.com\/fr\/?s={search_term_string}\"},\"query-input\":{\"@type\":\"PropertyValueSpecification\",\"valueRequired\":true,\"valueName\":\"search_term_string\"}}],\"inLanguage\":\"fr-FR\"},{\"@type\":\"Organization\",\"@id\":\"https:\/\/tourtravelandmore.com\/fr\/#organization\",\"name\":\"Tour Travel And More\",\"url\":\"https:\/\/tourtravelandmore.com\/fr\/\",\"logo\":{\"@type\":\"ImageObject\",\"inLanguage\":\"fr-FR\",\"@id\":\"https:\/\/tourtravelandmore.com\/fr\/#\/schema\/logo\/image\/\",\"url\":\"https:\/\/tourtravelandmore.com\/wp-content\/uploads\/2022\/12\/cropped-logo-cabecera-new.png\",\"contentUrl\":\"https:\/\/tourtravelandmore.com\/wp-content\/uploads\/2022\/12\/cropped-logo-cabecera-new.png\",\"width\":430,\"height\":61,\"caption\":\"Tour Travel And More\"},\"image\":{\"@id\":\"https:\/\/tourtravelandmore.com\/fr\/#\/schema\/logo\/image\/\"},\"sameAs\":[\"https:\/\/www.facebook.com\/tourtravelandmore\/\",\"https:\/\/x.com\/TourTravel_More\"]}]}<\/script>\n<!-- \/ Yoast SEO Premium plugin. -->","yoast_head_json":{"title":"Visite priv\u00e9e d'une demi-journ\u00e9e de Dublin avec guide priv\u00e9 | Tour Travel & More","description":"Visite priv\u00e9e de Dublin. Explorez ses rues et ses paysages avec cette visite priv\u00e9e d'une journ\u00e9e compl\u00e8te avec un guide et un v\u00e9hicule priv\u00e9 avec chauffeur.","robots":{"index":"index","follow":"follow","max-snippet":"max-snippet:-1","max-image-preview":"max-image-preview:large","max-video-preview":"max-video-preview:-1"},"canonical":"https:\/\/tourtravelandmore.com\/fr\/tours\/irlande-fr\/dublin-fr\/visite-privee-de-dublin\/","og_locale":"fr_FR","og_type":"article","og_title":"Visite priv\u00e9e de Dublin","og_description":"Visite priv\u00e9e de Dublin. Explorez ses rues et ses paysages avec cette visite priv\u00e9e d'une journ\u00e9e compl\u00e8te avec un guide et un v\u00e9hicule priv\u00e9 avec chauffeur.","og_url":"https:\/\/tourtravelandmore.com\/fr\/tours\/irlande-fr\/dublin-fr\/visite-privee-de-dublin\/","og_site_name":"Tour Travel And More","article_publisher":"https:\/\/www.facebook.com\/tourtravelandmore\/","article_modified_time":"2024-03-04T14:18:41+00:00","og_image":[{"width":640,"height":427,"url":"https:\/\/tourtravelandmore.com\/wp-content\/uploads\/2019\/08\/dublin-2.jpg","type":"image\/jpeg"}],"twitter_card":"summary_large_image","twitter_site":"@TourTravel_More","twitter_misc":{"Dur\u00e9e de lecture estim\u00e9e":"2 minutes"},"schema":{"@context":"https:\/\/schema.org","@graph":[{"@type":"WebPage","@id":"https:\/\/tourtravelandmore.com\/fr\/tours\/irlande-fr\/dublin-fr\/visite-privee-de-dublin\/","url":"https:\/\/tourtravelandmore.com\/fr\/tours\/irlande-fr\/dublin-fr\/visite-privee-de-dublin\/","name":"Visite priv\u00e9e d'une demi-journ\u00e9e de Dublin avec guide priv\u00e9 | Tour Travel & More","isPartOf":{"@id":"https:\/\/tourtravelandmore.com\/fr\/#website"},"primaryImageOfPage":{"@id":"https:\/\/tourtravelandmore.com\/fr\/tours\/irlande-fr\/dublin-fr\/visite-privee-de-dublin\/#primaryimage"},"image":{"@id":"https:\/\/tourtravelandmore.com\/fr\/tours\/irlande-fr\/dublin-fr\/visite-privee-de-dublin\/#primaryimage"},"thumbnailUrl":"https:\/\/tourtravelandmore.com\/wp-content\/uploads\/2019\/08\/dublin-2.jpg","datePublished":"2019-08-23T12:16:38+00:00","dateModified":"2024-03-04T14:18:41+00:00","description":"Visite priv\u00e9e de Dublin. Explorez ses rues et ses paysages avec cette visite priv\u00e9e d'une journ\u00e9e compl\u00e8te avec un guide et un v\u00e9hicule priv\u00e9 avec chauffeur.","breadcrumb":{"@id":"https:\/\/tourtravelandmore.com\/fr\/tours\/irlande-fr\/dublin-fr\/visite-privee-de-dublin\/#breadcrumb"},"inLanguage":"fr-FR","potentialAction":[{"@type":"ReadAction","target":["https:\/\/tourtravelandmore.com\/fr\/tours\/irlande-fr\/dublin-fr\/visite-privee-de-dublin\/"]}]},{"@type":"ImageObject","inLanguage":"fr-FR","@id":"https:\/\/tourtravelandmore.com\/fr\/tours\/irlande-fr\/dublin-fr\/visite-privee-de-dublin\/#primaryimage","url":"https:\/\/tourtravelandmore.com\/wp-content\/uploads\/2019\/08\/dublin-2.jpg","contentUrl":"https:\/\/tourtravelandmore.com\/wp-content\/uploads\/2019\/08\/dublin-2.jpg","width":640,"height":427},{"@type":"BreadcrumbList","@id":"https:\/\/tourtravelandmore.com\/fr\/tours\/irlande-fr\/dublin-fr\/visite-privee-de-dublin\/#breadcrumb","itemListElement":[{"@type":"ListItem","position":1,"name":"Home","item":"https:\/\/tourtravelandmore.com\/fr\/"},{"@type":"ListItem","position":2,"name":"Tours","item":"https:\/\/tourtravelandmore.com\/fr\/tours\/"},{"@type":"ListItem","position":3,"name":"Visite priv\u00e9e de Dublin"}]},{"@type":"WebSite","@id":"https:\/\/tourtravelandmore.com\/fr\/#website","url":"https:\/\/tourtravelandmore.com\/fr\/","name":"Tour Travel And More","description":"Private sightseeing tours and luxury transfers in Spain","publisher":{"@id":"https:\/\/tourtravelandmore.com\/fr\/#organization"},"potentialAction":[{"@type":"SearchAction","target":{"@type":"EntryPoint","urlTemplate":"https:\/\/tourtravelandmore.com\/fr\/?s={search_term_string}"},"query-input":{"@type":"PropertyValueSpecification","valueRequired":true,"valueName":"search_term_string"}}],"inLanguage":"fr-FR"},{"@type":"Organization","@id":"https:\/\/tourtravelandmore.com\/fr\/#organization","name":"Tour Travel And More","url":"https:\/\/tourtravelandmore.com\/fr\/","logo":{"@type":"ImageObject","inLanguage":"fr-FR","@id":"https:\/\/tourtravelandmore.com\/fr\/#\/schema\/logo\/image\/","url":"https:\/\/tourtravelandmore.com\/wp-content\/uploads\/2022\/12\/cropped-logo-cabecera-new.png","contentUrl":"https:\/\/tourtravelandmore.com\/wp-content\/uploads\/2022\/12\/cropped-logo-cabecera-new.png","width":430,"height":61,"caption":"Tour Travel And More"},"image":{"@id":"https:\/\/tourtravelandmore.com\/fr\/#\/schema\/logo\/image\/"},"sameAs":["https:\/\/www.facebook.com\/tourtravelandmore\/","https:\/\/x.com\/TourTravel_More"]}]}},"_links":{"self":[{"href":"https:\/\/tourtravelandmore.com\/fr\/wp-json\/wp\/v2\/product\/103995","targetHints":{"allow":["GET"]}}],"collection":[{"href":"https:\/\/tourtravelandmore.com\/fr\/wp-json\/wp\/v2\/product"}],"about":[{"href":"https:\/\/tourtravelandmore.com\/fr\/wp-json\/wp\/v2\/types\/product"}],"replies":[{"embeddable":true,"href":"https:\/\/tourtravelandmore.com\/fr\/wp-json\/wp\/v2\/comments?post=103995"}],"wp:featuredmedia":[{"embeddable":true,"href":"https:\/\/tourtravelandmore.com\/fr\/wp-json\/wp\/v2\/media\/91173"}],"wp:attachment":[{"href":"https:\/\/tourtravelandmore.com\/fr\/wp-json\/wp\/v2\/media?parent=103995"}],"wp:term":[{"taxonomy":"product_brand","embeddable":true,"href":"https:\/\/tourtravelandmore.com\/fr\/wp-json\/wp\/v2\/product_brand?post=103995"},{"taxonomy":"product_cat","embeddable":true,"href":"https:\/\/tourtravelandmore.com\/fr\/wp-json\/wp\/v2\/product_cat?post=103995"},{"taxonomy":"product_tag","embeddable":true,"href":"https:\/\/tourtravelandmore.com\/fr\/wp-json\/wp\/v2\/product_tag?post=103995"}],"curies":[{"name":"wp","href":"https:\/\/api.w.org\/{rel}","templated":true}]}}