{"id":103989,"date":"2019-08-23T10:52:04","date_gmt":"2019-08-23T08:52:04","guid":{"rendered":"https:\/\/tourtravelandmore.com\/tours\/non%20class\u00e9\/visite-privee-de-glendalough-et-wicklow\/"},"modified":"2024-03-04T15:47:27","modified_gmt":"2024-03-04T14:47:27","slug":"visite-privee-de-glendalough-et-wicklow-au-depart-de-dublin","status":"publish","type":"product","link":"https:\/\/tourtravelandmore.com\/fr\/tours\/irlande-fr\/dublin-fr\/visite-privee-de-glendalough-et-wicklow-au-depart-de-dublin\/","title":{"rendered":"Visite priv\u00e9e de Glendalough et Wicklow au d\u00e9part de Dublin"},"content":{"rendered":"<h2>Description:<\/h2>\n<p>Prenez une journ\u00e9e loin du bruit de la ville. Dublin a beaucoup \u00e0 offrir, mais cette <strong>visite priv\u00e9e de Glendalough et Wicklow au d\u00e9part de Dublin<\/strong> sera une exp\u00e9rience formidable pour vous. Comme tous nos circuits, cette visite est absolument personnalisable.<\/p>\n<p>Retrouvez notre chauffeur priv\u00e9 et notre guide touristique ind\u00e9pendant \u00e0 votre h\u00f4tel ou au lieu de votre choix \u00e0 <a href=\"https:\/\/es.wikipedia.org\/wiki\/Dubl%C3%ADn\"><strong>Dublin<\/strong><\/a>. Ensuite, nous commencerons par cette <strong>visite priv\u00e9e \u00e0 Glendalough et Wicklow.<\/strong><\/p>\n<p>Il s&#8217;agit d&#8217;une visite de 8 heures, mais si vous le souhaitez, nous pouvons ajouter des heures suppl\u00e9mentaires \u00e0 votre exp\u00e9rience. N&#8217;oubliez pas que nos circuits sont faits sur mesure, alors si vous avez quelque chose en t\u00eate, faites-le nous savoir. Notre \u00e9quipe Tour Travel &amp; More est experte en visites et exp\u00e9riences priv\u00e9es.<\/p>\n<p>Au cours de cette excursion, vous appr\u00e9cierez la nature <strong>irlandaise<\/strong> dans sa forme la plus pure. Nous commencerons par une vue panoramique de la <strong>ville<\/strong> <strong>de Dublin<\/strong> jusqu&#8217;\u00e0 ce que nous atteignions le <strong>comt\u00e9 de Wicklow<\/strong>, connu comme le jardin de <strong>l&#8217;Irlande<\/strong>.<\/p>\n<h2>Sites d&#8217;int\u00e9r\u00eat et monuments<\/h2>\n<p>Tout d&#8217;abord, nous organisons un ramassage pratique \u00e0 votre h\u00f4tel ou \u00e0 l&#8217;endroit de votre choix \u00e0 <strong>Dublin<\/strong>. Comme il s&#8217;agit d&#8217;une demi-journ\u00e9e, vous pourrez choisir l&#8217;heure de d\u00e9but de votre exp\u00e9rience.<\/p>\n<p>Au cours du voyage, nous appr\u00e9cierons les for\u00eats et les paysages verts remplis de ruisseaux et de lacs, en passant par des lieux embl\u00e9matiques o\u00f9 ont \u00e9t\u00e9 tourn\u00e9s <strong>des films c\u00e9l\u00e8bres tels que P.S. I Love You et Braveheart.<\/strong><\/p>\n<p>Nous continuerons ce voyage \u00e0 travers les <strong>montagnes de<\/strong> <strong>Wicklow<\/strong> et finirons par voir la vall\u00e9e des deux lacs. Enfin, nous verrons les ruines du <strong>monast\u00e8re de St. Kevin<\/strong> et retournerons \u00e0 <strong>Dublin<\/strong>.<\/p>\n<p>Parmi les nombreux autres lieux \u00e0 visiter, vous appr\u00e9cierez :<\/p>\n<ul>\n<li><strong>Comt\u00e9 de Wicklow<\/strong><\/li>\n<li><strong>Monast\u00e8re de St. Kevin<\/strong><\/li>\n<li><strong>Vall\u00e9e des deux lacs<\/strong><\/li>\n<li><strong>Beaucoup plus \u00e0 voir !<\/strong><\/li>\n<\/ul>\n<p>Pour terminer cette visite, nous vous d\u00e9poserons \u00e0 votre h\u00f4tel ou au lieu de votre choix \u00e0 <strong>Dublin<\/strong>.<\/p>\n<p>Ne manquez pas toutes les <strong><a href=\"https:\/\/tourtravelandmore.com\/fr\/city\/irlande-fr\/dublin-fr\/\">visites priv\u00e9es que nous proposons \u00e0 Dublin.<\/a><\/strong><\/p>\n<p>Nous vous proposons de grandes exp\u00e9riences ! Ceci n&#8217;est qu&#8217;un exemple de notre <strong>visite priv\u00e9e \u00e0 Glendalough et Wicklow.<\/strong><\/p>\n","protected":false},"excerpt":{"rendered":"<p>Venez avec nous dans cette <strong>visite priv\u00e9e des falaises de Glendalough et de Wicklow<\/strong> \u00e0 travers des zones naturelles pleines de for\u00eats et de montagnes. Au cours de cette visite, votre guide priv\u00e9 vous emm\u00e8nera \u00e0 travers des endroits incroyables pleins de lacs et de ruisseaux de la ville de <strong>Dublin<\/strong>.<\/p>\n<p>&nbsp;<\/p>\n","protected":false},"featured_media":96133,"comment_status":"open","ping_status":"closed","template":"","meta":{"_acf_changed":false},"product_brand":[],"product_cat":[5121,5122,3732,3809],"product_tag":[],"class_list":{"0":"post-103989","1":"product","2":"type-product","3":"status-publish","4":"has-post-thumbnail","6":"product_cat-all-private-tours-activities-fr-26","7":"product_cat-private-sightseeing-tours-fr-30","8":"product_cat-irlande-fr","9":"product_cat-dublin-fr","11":"first","12":"instock","13":"shipping-taxable","14":"purchasable","15":"product-type-simple"},"acf":[],"yoast_head":"<!-- This site is optimized with the Yoast SEO Premium plugin v25.3.1 (Yoast SEO v25.3.1) - https:\/\/yoast.com\/wordpress\/plugins\/seo\/ -->\n<title>Visite priv\u00e9e de Glendalough et Wicklow avec guide officiel | TTM<\/title>\n<meta name=\"description\" content=\"Visite priv\u00e9e de Glendalough et Wicklow. Explorez les paysages avec cette visite priv\u00e9e d&#039;une journ\u00e9e avec un guide et un v\u00e9hicule priv\u00e9 avec chauffeur.\" \/>\n<meta name=\"robots\" content=\"index, follow, max-snippet:-1, max-image-preview:large, max-video-preview:-1\" \/>\n<link rel=\"canonical\" href=\"https:\/\/tourtravelandmore.com\/fr\/tours\/irlande-fr\/dublin-fr\/visite-privee-de-glendalough-et-wicklow-au-depart-de-dublin\/\" \/>\n<meta property=\"og:locale\" content=\"fr_FR\" \/>\n<meta property=\"og:type\" content=\"article\" \/>\n<meta property=\"og:title\" content=\"Visite priv\u00e9e de Glendalough et Wicklow au d\u00e9part de Dublin\" \/>\n<meta property=\"og:description\" content=\"Visite priv\u00e9e de Glendalough et Wicklow. Explorez les paysages avec cette visite priv\u00e9e d&#039;une journ\u00e9e avec un guide et un v\u00e9hicule priv\u00e9 avec chauffeur.\" \/>\n<meta property=\"og:url\" content=\"https:\/\/tourtravelandmore.com\/fr\/tours\/irlande-fr\/dublin-fr\/visite-privee-de-glendalough-et-wicklow-au-depart-de-dublin\/\" \/>\n<meta property=\"og:site_name\" content=\"Tour Travel And More\" \/>\n<meta property=\"article:publisher\" content=\"https:\/\/www.facebook.com\/tourtravelandmore\/\" \/>\n<meta property=\"article:modified_time\" content=\"2024-03-04T14:47:27+00:00\" \/>\n<meta property=\"og:image\" content=\"https:\/\/tourtravelandmore.com\/wp-content\/uploads\/2019\/08\/glendalough.jpg\" \/>\n\t<meta property=\"og:image:width\" content=\"1024\" \/>\n\t<meta property=\"og:image:height\" content=\"683\" \/>\n\t<meta property=\"og:image:type\" content=\"image\/jpeg\" \/>\n<meta name=\"twitter:card\" content=\"summary_large_image\" \/>\n<meta name=\"twitter:site\" content=\"@TourTravel_More\" \/>\n<meta name=\"twitter:label1\" content=\"Dur\u00e9e de lecture estim\u00e9e\" \/>\n\t<meta name=\"twitter:data1\" content=\"2 minutes\" \/>\n<script type=\"application\/ld+json\" class=\"yoast-schema-graph\">{\"@context\":\"https:\/\/schema.org\",\"@graph\":[{\"@type\":\"WebPage\",\"@id\":\"https:\/\/tourtravelandmore.com\/fr\/tours\/irlande-fr\/dublin-fr\/visite-privee-de-glendalough-et-wicklow-au-depart-de-dublin\/\",\"url\":\"https:\/\/tourtravelandmore.com\/fr\/tours\/irlande-fr\/dublin-fr\/visite-privee-de-glendalough-et-wicklow-au-depart-de-dublin\/\",\"name\":\"Visite priv\u00e9e de Glendalough et Wicklow avec guide officiel | TTM\",\"isPartOf\":{\"@id\":\"https:\/\/tourtravelandmore.com\/fr\/#website\"},\"primaryImageOfPage\":{\"@id\":\"https:\/\/tourtravelandmore.com\/fr\/tours\/irlande-fr\/dublin-fr\/visite-privee-de-glendalough-et-wicklow-au-depart-de-dublin\/#primaryimage\"},\"image\":{\"@id\":\"https:\/\/tourtravelandmore.com\/fr\/tours\/irlande-fr\/dublin-fr\/visite-privee-de-glendalough-et-wicklow-au-depart-de-dublin\/#primaryimage\"},\"thumbnailUrl\":\"https:\/\/tourtravelandmore.com\/wp-content\/uploads\/2019\/08\/glendalough.jpg\",\"datePublished\":\"2019-08-23T08:52:04+00:00\",\"dateModified\":\"2024-03-04T14:47:27+00:00\",\"description\":\"Visite priv\u00e9e de Glendalough et Wicklow. Explorez les paysages avec cette visite priv\u00e9e d'une journ\u00e9e avec un guide et un v\u00e9hicule priv\u00e9 avec chauffeur.\",\"breadcrumb\":{\"@id\":\"https:\/\/tourtravelandmore.com\/fr\/tours\/irlande-fr\/dublin-fr\/visite-privee-de-glendalough-et-wicklow-au-depart-de-dublin\/#breadcrumb\"},\"inLanguage\":\"fr-FR\",\"potentialAction\":[{\"@type\":\"ReadAction\",\"target\":[\"https:\/\/tourtravelandmore.com\/fr\/tours\/irlande-fr\/dublin-fr\/visite-privee-de-glendalough-et-wicklow-au-depart-de-dublin\/\"]}]},{\"@type\":\"ImageObject\",\"inLanguage\":\"fr-FR\",\"@id\":\"https:\/\/tourtravelandmore.com\/fr\/tours\/irlande-fr\/dublin-fr\/visite-privee-de-glendalough-et-wicklow-au-depart-de-dublin\/#primaryimage\",\"url\":\"https:\/\/tourtravelandmore.com\/wp-content\/uploads\/2019\/08\/glendalough.jpg\",\"contentUrl\":\"https:\/\/tourtravelandmore.com\/wp-content\/uploads\/2019\/08\/glendalough.jpg\",\"width\":1024,\"height\":683},{\"@type\":\"BreadcrumbList\",\"@id\":\"https:\/\/tourtravelandmore.com\/fr\/tours\/irlande-fr\/dublin-fr\/visite-privee-de-glendalough-et-wicklow-au-depart-de-dublin\/#breadcrumb\",\"itemListElement\":[{\"@type\":\"ListItem\",\"position\":1,\"name\":\"Home\",\"item\":\"https:\/\/tourtravelandmore.com\/fr\/\"},{\"@type\":\"ListItem\",\"position\":2,\"name\":\"Tours\",\"item\":\"https:\/\/tourtravelandmore.com\/fr\/tours\/\"},{\"@type\":\"ListItem\",\"position\":3,\"name\":\"Visite priv\u00e9e de Glendalough et Wicklow au d\u00e9part de Dublin\"}]},{\"@type\":\"WebSite\",\"@id\":\"https:\/\/tourtravelandmore.com\/fr\/#website\",\"url\":\"https:\/\/tourtravelandmore.com\/fr\/\",\"name\":\"Tour Travel And More\",\"description\":\"Private sightseeing tours and luxury transfers in Spain\",\"publisher\":{\"@id\":\"https:\/\/tourtravelandmore.com\/fr\/#organization\"},\"potentialAction\":[{\"@type\":\"SearchAction\",\"target\":{\"@type\":\"EntryPoint\",\"urlTemplate\":\"https:\/\/tourtravelandmore.com\/fr\/?s={search_term_string}\"},\"query-input\":{\"@type\":\"PropertyValueSpecification\",\"valueRequired\":true,\"valueName\":\"search_term_string\"}}],\"inLanguage\":\"fr-FR\"},{\"@type\":\"Organization\",\"@id\":\"https:\/\/tourtravelandmore.com\/fr\/#organization\",\"name\":\"Tour Travel And More\",\"url\":\"https:\/\/tourtravelandmore.com\/fr\/\",\"logo\":{\"@type\":\"ImageObject\",\"inLanguage\":\"fr-FR\",\"@id\":\"https:\/\/tourtravelandmore.com\/fr\/#\/schema\/logo\/image\/\",\"url\":\"https:\/\/tourtravelandmore.com\/wp-content\/uploads\/2022\/12\/cropped-logo-cabecera-new.png\",\"contentUrl\":\"https:\/\/tourtravelandmore.com\/wp-content\/uploads\/2022\/12\/cropped-logo-cabecera-new.png\",\"width\":430,\"height\":61,\"caption\":\"Tour Travel And More\"},\"image\":{\"@id\":\"https:\/\/tourtravelandmore.com\/fr\/#\/schema\/logo\/image\/\"},\"sameAs\":[\"https:\/\/www.facebook.com\/tourtravelandmore\/\",\"https:\/\/x.com\/TourTravel_More\"]}]}<\/script>\n<!-- \/ Yoast SEO Premium plugin. -->","yoast_head_json":{"title":"Visite priv\u00e9e de Glendalough et Wicklow avec guide officiel | TTM","description":"Visite priv\u00e9e de Glendalough et Wicklow. Explorez les paysages avec cette visite priv\u00e9e d'une journ\u00e9e avec un guide et un v\u00e9hicule priv\u00e9 avec chauffeur.","robots":{"index":"index","follow":"follow","max-snippet":"max-snippet:-1","max-image-preview":"max-image-preview:large","max-video-preview":"max-video-preview:-1"},"canonical":"https:\/\/tourtravelandmore.com\/fr\/tours\/irlande-fr\/dublin-fr\/visite-privee-de-glendalough-et-wicklow-au-depart-de-dublin\/","og_locale":"fr_FR","og_type":"article","og_title":"Visite priv\u00e9e de Glendalough et Wicklow au d\u00e9part de Dublin","og_description":"Visite priv\u00e9e de Glendalough et Wicklow. Explorez les paysages avec cette visite priv\u00e9e d'une journ\u00e9e avec un guide et un v\u00e9hicule priv\u00e9 avec chauffeur.","og_url":"https:\/\/tourtravelandmore.com\/fr\/tours\/irlande-fr\/dublin-fr\/visite-privee-de-glendalough-et-wicklow-au-depart-de-dublin\/","og_site_name":"Tour Travel And More","article_publisher":"https:\/\/www.facebook.com\/tourtravelandmore\/","article_modified_time":"2024-03-04T14:47:27+00:00","og_image":[{"width":1024,"height":683,"url":"https:\/\/tourtravelandmore.com\/wp-content\/uploads\/2019\/08\/glendalough.jpg","type":"image\/jpeg"}],"twitter_card":"summary_large_image","twitter_site":"@TourTravel_More","twitter_misc":{"Dur\u00e9e de lecture estim\u00e9e":"2 minutes"},"schema":{"@context":"https:\/\/schema.org","@graph":[{"@type":"WebPage","@id":"https:\/\/tourtravelandmore.com\/fr\/tours\/irlande-fr\/dublin-fr\/visite-privee-de-glendalough-et-wicklow-au-depart-de-dublin\/","url":"https:\/\/tourtravelandmore.com\/fr\/tours\/irlande-fr\/dublin-fr\/visite-privee-de-glendalough-et-wicklow-au-depart-de-dublin\/","name":"Visite priv\u00e9e de Glendalough et Wicklow avec guide officiel | TTM","isPartOf":{"@id":"https:\/\/tourtravelandmore.com\/fr\/#website"},"primaryImageOfPage":{"@id":"https:\/\/tourtravelandmore.com\/fr\/tours\/irlande-fr\/dublin-fr\/visite-privee-de-glendalough-et-wicklow-au-depart-de-dublin\/#primaryimage"},"image":{"@id":"https:\/\/tourtravelandmore.com\/fr\/tours\/irlande-fr\/dublin-fr\/visite-privee-de-glendalough-et-wicklow-au-depart-de-dublin\/#primaryimage"},"thumbnailUrl":"https:\/\/tourtravelandmore.com\/wp-content\/uploads\/2019\/08\/glendalough.jpg","datePublished":"2019-08-23T08:52:04+00:00","dateModified":"2024-03-04T14:47:27+00:00","description":"Visite priv\u00e9e de Glendalough et Wicklow. Explorez les paysages avec cette visite priv\u00e9e d'une journ\u00e9e avec un guide et un v\u00e9hicule priv\u00e9 avec chauffeur.","breadcrumb":{"@id":"https:\/\/tourtravelandmore.com\/fr\/tours\/irlande-fr\/dublin-fr\/visite-privee-de-glendalough-et-wicklow-au-depart-de-dublin\/#breadcrumb"},"inLanguage":"fr-FR","potentialAction":[{"@type":"ReadAction","target":["https:\/\/tourtravelandmore.com\/fr\/tours\/irlande-fr\/dublin-fr\/visite-privee-de-glendalough-et-wicklow-au-depart-de-dublin\/"]}]},{"@type":"ImageObject","inLanguage":"fr-FR","@id":"https:\/\/tourtravelandmore.com\/fr\/tours\/irlande-fr\/dublin-fr\/visite-privee-de-glendalough-et-wicklow-au-depart-de-dublin\/#primaryimage","url":"https:\/\/tourtravelandmore.com\/wp-content\/uploads\/2019\/08\/glendalough.jpg","contentUrl":"https:\/\/tourtravelandmore.com\/wp-content\/uploads\/2019\/08\/glendalough.jpg","width":1024,"height":683},{"@type":"BreadcrumbList","@id":"https:\/\/tourtravelandmore.com\/fr\/tours\/irlande-fr\/dublin-fr\/visite-privee-de-glendalough-et-wicklow-au-depart-de-dublin\/#breadcrumb","itemListElement":[{"@type":"ListItem","position":1,"name":"Home","item":"https:\/\/tourtravelandmore.com\/fr\/"},{"@type":"ListItem","position":2,"name":"Tours","item":"https:\/\/tourtravelandmore.com\/fr\/tours\/"},{"@type":"ListItem","position":3,"name":"Visite priv\u00e9e de Glendalough et Wicklow au d\u00e9part de Dublin"}]},{"@type":"WebSite","@id":"https:\/\/tourtravelandmore.com\/fr\/#website","url":"https:\/\/tourtravelandmore.com\/fr\/","name":"Tour Travel And More","description":"Private sightseeing tours and luxury transfers in Spain","publisher":{"@id":"https:\/\/tourtravelandmore.com\/fr\/#organization"},"potentialAction":[{"@type":"SearchAction","target":{"@type":"EntryPoint","urlTemplate":"https:\/\/tourtravelandmore.com\/fr\/?s={search_term_string}"},"query-input":{"@type":"PropertyValueSpecification","valueRequired":true,"valueName":"search_term_string"}}],"inLanguage":"fr-FR"},{"@type":"Organization","@id":"https:\/\/tourtravelandmore.com\/fr\/#organization","name":"Tour Travel And More","url":"https:\/\/tourtravelandmore.com\/fr\/","logo":{"@type":"ImageObject","inLanguage":"fr-FR","@id":"https:\/\/tourtravelandmore.com\/fr\/#\/schema\/logo\/image\/","url":"https:\/\/tourtravelandmore.com\/wp-content\/uploads\/2022\/12\/cropped-logo-cabecera-new.png","contentUrl":"https:\/\/tourtravelandmore.com\/wp-content\/uploads\/2022\/12\/cropped-logo-cabecera-new.png","width":430,"height":61,"caption":"Tour Travel And More"},"image":{"@id":"https:\/\/tourtravelandmore.com\/fr\/#\/schema\/logo\/image\/"},"sameAs":["https:\/\/www.facebook.com\/tourtravelandmore\/","https:\/\/x.com\/TourTravel_More"]}]}},"_links":{"self":[{"href":"https:\/\/tourtravelandmore.com\/fr\/wp-json\/wp\/v2\/product\/103989","targetHints":{"allow":["GET"]}}],"collection":[{"href":"https:\/\/tourtravelandmore.com\/fr\/wp-json\/wp\/v2\/product"}],"about":[{"href":"https:\/\/tourtravelandmore.com\/fr\/wp-json\/wp\/v2\/types\/product"}],"replies":[{"embeddable":true,"href":"https:\/\/tourtravelandmore.com\/fr\/wp-json\/wp\/v2\/comments?post=103989"}],"wp:featuredmedia":[{"embeddable":true,"href":"https:\/\/tourtravelandmore.com\/fr\/wp-json\/wp\/v2\/media\/96133"}],"wp:attachment":[{"href":"https:\/\/tourtravelandmore.com\/fr\/wp-json\/wp\/v2\/media?parent=103989"}],"wp:term":[{"taxonomy":"product_brand","embeddable":true,"href":"https:\/\/tourtravelandmore.com\/fr\/wp-json\/wp\/v2\/product_brand?post=103989"},{"taxonomy":"product_cat","embeddable":true,"href":"https:\/\/tourtravelandmore.com\/fr\/wp-json\/wp\/v2\/product_cat?post=103989"},{"taxonomy":"product_tag","embeddable":true,"href":"https:\/\/tourtravelandmore.com\/fr\/wp-json\/wp\/v2\/product_tag?post=103989"}],"curies":[{"name":"wp","href":"https:\/\/api.w.org\/{rel}","templated":true}]}}