{"id":103983,"date":"2019-08-23T10:28:05","date_gmt":"2019-08-23T08:28:05","guid":{"rendered":"https:\/\/tourtravelandmore.com\/tours\/non%20class\u00e9\/visite-privee-de-la-chaussee-des-geants\/"},"modified":"2024-03-04T15:42:29","modified_gmt":"2024-03-04T14:42:29","slug":"visite-privee-de-la-chaussee-des-geants","status":"publish","type":"product","link":"https:\/\/tourtravelandmore.com\/fr\/tours\/irlande-fr\/dublin-fr\/visite-privee-de-la-chaussee-des-geants\/","title":{"rendered":"Visite priv\u00e9e de la Chauss\u00e9e des G\u00e9ants"},"content":{"rendered":"<h2>Description:<\/h2>\n<p>Profitez de cette superbe <strong>visite priv\u00e9e de la Chauss\u00e9e des G\u00e9ants au d\u00e9part de Dublin<\/strong>. Tout au long de la visite, vous serez assist\u00e9 par un chauffeur priv\u00e9 et un guide local officiel. En outre, vous profiterez d&#8217;une exp\u00e9rience confortable dans un v\u00e9hicule de luxe priv\u00e9.<\/p>\n<p>D\u00e9couvrez les profondeurs de <strong>l&#8217;Irlande<\/strong>, class\u00e9e au <strong>patrimoine mondial de l&#8217;UNESCO<\/strong>, avec cette visite de la <strong>Chauss\u00e9e des G\u00e9ants.<\/strong> En cours de route, vous verrez les c\u00e9l\u00e8bres paysages verts qui rendent ce pays si particulier.<\/p>\n<p>Comme toutes nos visites priv\u00e9es, cette visite peut \u00eatre personnalis\u00e9e pour r\u00e9pondre \u00e0 vos propres besoins. Si vous avez quelque chose en t\u00eate, contactez-nous et nous organiserons tout pour vous.<\/p>\n<p><strong><a href=\"https:\/\/es.wikipedia.org\/wiki\/Dubl%C3%ADn\">Dublin<\/a><\/strong>, capitale de la <strong>R\u00e9publique d&#8217;Irlande<\/strong>, est situ\u00e9e sur la c\u00f4te est de <strong>l&#8217;Irlande<\/strong>, \u00e0 l&#8217;embouchure de la <strong>rivi\u00e8re Liffey<\/strong>. Ses b\u00e2timents historiques comprennent le <strong>ch\u00e2teau de Dublin<\/strong>, qui date du 13e si\u00e8cle, et l&#8217;imposante <strong>cath\u00e9drale St. Patrick<\/strong>, construite en <strong>1191<\/strong>. Les parcs paysagers attrayants de la ville comprennent le <strong>St Stephen&#8217;s Green Park<\/strong> et l&#8217;immense <strong>Phoenix<\/strong> <strong>Park<\/strong>, qui abrite le zoo de Dublin.<\/p>\n<h2>Sites d&#8217;int\u00e9r\u00eat et monuments<\/h2>\n<p>La premi\u00e8re \u00e9tape sera le pont suspendu de <strong>Carrick-a-Rede<\/strong>, qui enjambe <strong>l&#8217;Atlantique<\/strong> de 30 m\u00e8tres et relie les<strong> falaises c\u00f4ti\u00e8res d&#8217;Irlande du Nord<\/strong> \u00e0 l&#8217;\u00eele de Carrick-a-Rede. Vous pouvez vous amuser \u00e0 le traverser et voir l&#8217;incroyable littoral <strong>d&#8217;Antrim<\/strong>.<\/p>\n<p>Nous continuerons ensuite vers <strong>le ch\u00e2teau de Dunluce<\/strong>, o\u00f9 plusieurs sc\u00e8nes de la c\u00e9l\u00e8bre s\u00e9rie \u00e0 succ\u00e8s <strong>Game of Thrones<\/strong> ont \u00e9t\u00e9 tourn\u00e9es, notamment la maison Grejoy. Nous terminerons la visite par l&#8217;arriv\u00e9e \u00e0 la Chauss\u00e9e des G\u00e9ants o\u00f9 vous pourrez profiter d&#8217;un peu de temps libre pour prendre des photos fantastiques dans ce lieu vieux de plus de 50 ans. Vous pourrez \u00e9galement admirer les colonnes de basalte et les formations rocheuses.<\/p>\n<p>Apr\u00e8s une prise en charge confortable, nous nous dirigerons et commencerons cette visite priv\u00e9e de la Chauss\u00e9e des G\u00e9ants. Notre chauffeur et notre guide s\u00e9par\u00e9 seront \u00e0 votre disposition pendant toute la journ\u00e9e. Parmi de nombreux autres endroits \u00e0 visiter, vous pourrez profiter:<\/p>\n<ul>\n<li><strong>Pont de corde de Carrick-a-Rede<\/strong><\/li>\n<li><strong>Ch\u00e2teau de Dunluce<\/strong><\/li>\n<li><strong>Route c\u00f4ti\u00e8re d&#8217;Antrim<\/strong><\/li>\n<li><strong>Tout cela et bien plus encore dans notre Dublin priv\u00e9<\/strong><\/li>\n<\/ul>\n<p>Comme toutes nos visites priv\u00e9es, cette visite priv\u00e9e peut \u00eatre personnalis\u00e9e pour r\u00e9pondre \u00e0 vos propres besoins. Nous terminerons cette visite priv\u00e9e en vous d\u00e9posant \u00e0 votre h\u00f4tel ou lieu de votre choix \u00e0 Dublin.<\/p>\n<p>Jetez un \u0153il \u00e0 nos visites priv\u00e9es \u00e0 Dublin et aux excursions d&#8217;une journ\u00e9e que nous proposons \u00e0 Tour Travel &amp; More.<\/p>\n","protected":false},"excerpt":{"rendered":"<p>Aventurez-vous lors de cette <strong>visite priv\u00e9e de la Chauss\u00e9e des G\u00e9ants<\/strong> \u00e0 travers des zones naturelles pleines de for\u00eats et de montagnes. Au cours de cette visite, votre guide priv\u00e9 vous emm\u00e8nera \u00e0 travers les endroits les plus incroyables <strong>d&#8217;Irlande<\/strong> <strong>du Nord<\/strong>, d\u00e9clar\u00e9s site du <strong>patrimoine mondial par l&#8217;UNESCO.<\/strong><\/p>\n","protected":false},"featured_media":96130,"comment_status":"open","ping_status":"closed","template":"","meta":{"_acf_changed":false},"product_brand":[],"product_cat":[5121,5122,3732,3809],"product_tag":[],"class_list":{"0":"post-103983","1":"product","2":"type-product","3":"status-publish","4":"has-post-thumbnail","6":"product_cat-all-private-tours-activities-fr-26","7":"product_cat-private-sightseeing-tours-fr-30","8":"product_cat-irlande-fr","9":"product_cat-dublin-fr","11":"first","12":"instock","13":"shipping-taxable","14":"purchasable","15":"product-type-simple"},"acf":[],"yoast_head":"<!-- This site is optimized with the Yoast SEO Premium plugin v25.3.1 (Yoast SEO v25.3.1) - https:\/\/yoast.com\/wordpress\/plugins\/seo\/ -->\n<title>Visite priv\u00e9e de la Chauss\u00e9e des G\u00e9ants avec guide et chauffeur priv\u00e9<\/title>\n<meta name=\"description\" content=\"Visite priv\u00e9e de la Chauss\u00e9e des G\u00e9ants. Explorez les paysages avec cette visite priv\u00e9e d&#039;une journ\u00e9e avec un guide et un v\u00e9hicule priv\u00e9 avec chauffeur.\" \/>\n<meta name=\"robots\" content=\"index, follow, max-snippet:-1, max-image-preview:large, max-video-preview:-1\" \/>\n<link rel=\"canonical\" href=\"https:\/\/tourtravelandmore.com\/fr\/tours\/irlande-fr\/dublin-fr\/visite-privee-de-la-chaussee-des-geants\/\" \/>\n<meta property=\"og:locale\" content=\"fr_FR\" \/>\n<meta property=\"og:type\" content=\"article\" \/>\n<meta property=\"og:title\" content=\"Visite priv\u00e9e de la Chauss\u00e9e des G\u00e9ants\" \/>\n<meta property=\"og:description\" content=\"Visite priv\u00e9e de la Chauss\u00e9e des G\u00e9ants. Explorez les paysages avec cette visite priv\u00e9e d&#039;une journ\u00e9e avec un guide et un v\u00e9hicule priv\u00e9 avec chauffeur.\" \/>\n<meta property=\"og:url\" content=\"https:\/\/tourtravelandmore.com\/fr\/tours\/irlande-fr\/dublin-fr\/visite-privee-de-la-chaussee-des-geants\/\" \/>\n<meta property=\"og:site_name\" content=\"Tour Travel And More\" \/>\n<meta property=\"article:publisher\" content=\"https:\/\/www.facebook.com\/tourtravelandmore\/\" \/>\n<meta property=\"article:modified_time\" content=\"2024-03-04T14:42:29+00:00\" \/>\n<meta property=\"og:image\" content=\"https:\/\/tourtravelandmore.com\/wp-content\/uploads\/2019\/08\/13903225995_8a812ee123_k.jpg\" \/>\n\t<meta property=\"og:image:width\" content=\"2048\" \/>\n\t<meta property=\"og:image:height\" content=\"1357\" \/>\n\t<meta property=\"og:image:type\" content=\"image\/jpeg\" \/>\n<meta name=\"twitter:card\" content=\"summary_large_image\" \/>\n<meta name=\"twitter:site\" content=\"@TourTravel_More\" \/>\n<meta name=\"twitter:label1\" content=\"Dur\u00e9e de lecture estim\u00e9e\" \/>\n\t<meta name=\"twitter:data1\" content=\"2 minutes\" \/>\n<script type=\"application\/ld+json\" class=\"yoast-schema-graph\">{\"@context\":\"https:\/\/schema.org\",\"@graph\":[{\"@type\":\"WebPage\",\"@id\":\"https:\/\/tourtravelandmore.com\/fr\/tours\/irlande-fr\/dublin-fr\/visite-privee-de-la-chaussee-des-geants\/\",\"url\":\"https:\/\/tourtravelandmore.com\/fr\/tours\/irlande-fr\/dublin-fr\/visite-privee-de-la-chaussee-des-geants\/\",\"name\":\"Visite priv\u00e9e de la Chauss\u00e9e des G\u00e9ants avec guide et chauffeur priv\u00e9\",\"isPartOf\":{\"@id\":\"https:\/\/tourtravelandmore.com\/fr\/#website\"},\"primaryImageOfPage\":{\"@id\":\"https:\/\/tourtravelandmore.com\/fr\/tours\/irlande-fr\/dublin-fr\/visite-privee-de-la-chaussee-des-geants\/#primaryimage\"},\"image\":{\"@id\":\"https:\/\/tourtravelandmore.com\/fr\/tours\/irlande-fr\/dublin-fr\/visite-privee-de-la-chaussee-des-geants\/#primaryimage\"},\"thumbnailUrl\":\"https:\/\/tourtravelandmore.com\/wp-content\/uploads\/2019\/08\/13903225995_8a812ee123_k.jpg\",\"datePublished\":\"2019-08-23T08:28:05+00:00\",\"dateModified\":\"2024-03-04T14:42:29+00:00\",\"description\":\"Visite priv\u00e9e de la Chauss\u00e9e des G\u00e9ants. Explorez les paysages avec cette visite priv\u00e9e d'une journ\u00e9e avec un guide et un v\u00e9hicule priv\u00e9 avec chauffeur.\",\"breadcrumb\":{\"@id\":\"https:\/\/tourtravelandmore.com\/fr\/tours\/irlande-fr\/dublin-fr\/visite-privee-de-la-chaussee-des-geants\/#breadcrumb\"},\"inLanguage\":\"fr-FR\",\"potentialAction\":[{\"@type\":\"ReadAction\",\"target\":[\"https:\/\/tourtravelandmore.com\/fr\/tours\/irlande-fr\/dublin-fr\/visite-privee-de-la-chaussee-des-geants\/\"]}]},{\"@type\":\"ImageObject\",\"inLanguage\":\"fr-FR\",\"@id\":\"https:\/\/tourtravelandmore.com\/fr\/tours\/irlande-fr\/dublin-fr\/visite-privee-de-la-chaussee-des-geants\/#primaryimage\",\"url\":\"https:\/\/tourtravelandmore.com\/wp-content\/uploads\/2019\/08\/13903225995_8a812ee123_k.jpg\",\"contentUrl\":\"https:\/\/tourtravelandmore.com\/wp-content\/uploads\/2019\/08\/13903225995_8a812ee123_k.jpg\",\"width\":2048,\"height\":1357},{\"@type\":\"BreadcrumbList\",\"@id\":\"https:\/\/tourtravelandmore.com\/fr\/tours\/irlande-fr\/dublin-fr\/visite-privee-de-la-chaussee-des-geants\/#breadcrumb\",\"itemListElement\":[{\"@type\":\"ListItem\",\"position\":1,\"name\":\"Home\",\"item\":\"https:\/\/tourtravelandmore.com\/fr\/\"},{\"@type\":\"ListItem\",\"position\":2,\"name\":\"Tours\",\"item\":\"https:\/\/tourtravelandmore.com\/fr\/tours\/\"},{\"@type\":\"ListItem\",\"position\":3,\"name\":\"Visite priv\u00e9e de la Chauss\u00e9e des G\u00e9ants\"}]},{\"@type\":\"WebSite\",\"@id\":\"https:\/\/tourtravelandmore.com\/fr\/#website\",\"url\":\"https:\/\/tourtravelandmore.com\/fr\/\",\"name\":\"Tour Travel And More\",\"description\":\"Private sightseeing tours and luxury transfers in Spain\",\"publisher\":{\"@id\":\"https:\/\/tourtravelandmore.com\/fr\/#organization\"},\"potentialAction\":[{\"@type\":\"SearchAction\",\"target\":{\"@type\":\"EntryPoint\",\"urlTemplate\":\"https:\/\/tourtravelandmore.com\/fr\/?s={search_term_string}\"},\"query-input\":{\"@type\":\"PropertyValueSpecification\",\"valueRequired\":true,\"valueName\":\"search_term_string\"}}],\"inLanguage\":\"fr-FR\"},{\"@type\":\"Organization\",\"@id\":\"https:\/\/tourtravelandmore.com\/fr\/#organization\",\"name\":\"Tour Travel And More\",\"url\":\"https:\/\/tourtravelandmore.com\/fr\/\",\"logo\":{\"@type\":\"ImageObject\",\"inLanguage\":\"fr-FR\",\"@id\":\"https:\/\/tourtravelandmore.com\/fr\/#\/schema\/logo\/image\/\",\"url\":\"https:\/\/tourtravelandmore.com\/wp-content\/uploads\/2022\/12\/cropped-logo-cabecera-new.png\",\"contentUrl\":\"https:\/\/tourtravelandmore.com\/wp-content\/uploads\/2022\/12\/cropped-logo-cabecera-new.png\",\"width\":430,\"height\":61,\"caption\":\"Tour Travel And More\"},\"image\":{\"@id\":\"https:\/\/tourtravelandmore.com\/fr\/#\/schema\/logo\/image\/\"},\"sameAs\":[\"https:\/\/www.facebook.com\/tourtravelandmore\/\",\"https:\/\/x.com\/TourTravel_More\"]}]}<\/script>\n<!-- \/ Yoast SEO Premium plugin. -->","yoast_head_json":{"title":"Visite priv\u00e9e de la Chauss\u00e9e des G\u00e9ants avec guide et chauffeur priv\u00e9","description":"Visite priv\u00e9e de la Chauss\u00e9e des G\u00e9ants. Explorez les paysages avec cette visite priv\u00e9e d'une journ\u00e9e avec un guide et un v\u00e9hicule priv\u00e9 avec chauffeur.","robots":{"index":"index","follow":"follow","max-snippet":"max-snippet:-1","max-image-preview":"max-image-preview:large","max-video-preview":"max-video-preview:-1"},"canonical":"https:\/\/tourtravelandmore.com\/fr\/tours\/irlande-fr\/dublin-fr\/visite-privee-de-la-chaussee-des-geants\/","og_locale":"fr_FR","og_type":"article","og_title":"Visite priv\u00e9e de la Chauss\u00e9e des G\u00e9ants","og_description":"Visite priv\u00e9e de la Chauss\u00e9e des G\u00e9ants. Explorez les paysages avec cette visite priv\u00e9e d'une journ\u00e9e avec un guide et un v\u00e9hicule priv\u00e9 avec chauffeur.","og_url":"https:\/\/tourtravelandmore.com\/fr\/tours\/irlande-fr\/dublin-fr\/visite-privee-de-la-chaussee-des-geants\/","og_site_name":"Tour Travel And More","article_publisher":"https:\/\/www.facebook.com\/tourtravelandmore\/","article_modified_time":"2024-03-04T14:42:29+00:00","og_image":[{"width":2048,"height":1357,"url":"https:\/\/tourtravelandmore.com\/wp-content\/uploads\/2019\/08\/13903225995_8a812ee123_k.jpg","type":"image\/jpeg"}],"twitter_card":"summary_large_image","twitter_site":"@TourTravel_More","twitter_misc":{"Dur\u00e9e de lecture estim\u00e9e":"2 minutes"},"schema":{"@context":"https:\/\/schema.org","@graph":[{"@type":"WebPage","@id":"https:\/\/tourtravelandmore.com\/fr\/tours\/irlande-fr\/dublin-fr\/visite-privee-de-la-chaussee-des-geants\/","url":"https:\/\/tourtravelandmore.com\/fr\/tours\/irlande-fr\/dublin-fr\/visite-privee-de-la-chaussee-des-geants\/","name":"Visite priv\u00e9e de la Chauss\u00e9e des G\u00e9ants avec guide et chauffeur priv\u00e9","isPartOf":{"@id":"https:\/\/tourtravelandmore.com\/fr\/#website"},"primaryImageOfPage":{"@id":"https:\/\/tourtravelandmore.com\/fr\/tours\/irlande-fr\/dublin-fr\/visite-privee-de-la-chaussee-des-geants\/#primaryimage"},"image":{"@id":"https:\/\/tourtravelandmore.com\/fr\/tours\/irlande-fr\/dublin-fr\/visite-privee-de-la-chaussee-des-geants\/#primaryimage"},"thumbnailUrl":"https:\/\/tourtravelandmore.com\/wp-content\/uploads\/2019\/08\/13903225995_8a812ee123_k.jpg","datePublished":"2019-08-23T08:28:05+00:00","dateModified":"2024-03-04T14:42:29+00:00","description":"Visite priv\u00e9e de la Chauss\u00e9e des G\u00e9ants. Explorez les paysages avec cette visite priv\u00e9e d'une journ\u00e9e avec un guide et un v\u00e9hicule priv\u00e9 avec chauffeur.","breadcrumb":{"@id":"https:\/\/tourtravelandmore.com\/fr\/tours\/irlande-fr\/dublin-fr\/visite-privee-de-la-chaussee-des-geants\/#breadcrumb"},"inLanguage":"fr-FR","potentialAction":[{"@type":"ReadAction","target":["https:\/\/tourtravelandmore.com\/fr\/tours\/irlande-fr\/dublin-fr\/visite-privee-de-la-chaussee-des-geants\/"]}]},{"@type":"ImageObject","inLanguage":"fr-FR","@id":"https:\/\/tourtravelandmore.com\/fr\/tours\/irlande-fr\/dublin-fr\/visite-privee-de-la-chaussee-des-geants\/#primaryimage","url":"https:\/\/tourtravelandmore.com\/wp-content\/uploads\/2019\/08\/13903225995_8a812ee123_k.jpg","contentUrl":"https:\/\/tourtravelandmore.com\/wp-content\/uploads\/2019\/08\/13903225995_8a812ee123_k.jpg","width":2048,"height":1357},{"@type":"BreadcrumbList","@id":"https:\/\/tourtravelandmore.com\/fr\/tours\/irlande-fr\/dublin-fr\/visite-privee-de-la-chaussee-des-geants\/#breadcrumb","itemListElement":[{"@type":"ListItem","position":1,"name":"Home","item":"https:\/\/tourtravelandmore.com\/fr\/"},{"@type":"ListItem","position":2,"name":"Tours","item":"https:\/\/tourtravelandmore.com\/fr\/tours\/"},{"@type":"ListItem","position":3,"name":"Visite priv\u00e9e de la Chauss\u00e9e des G\u00e9ants"}]},{"@type":"WebSite","@id":"https:\/\/tourtravelandmore.com\/fr\/#website","url":"https:\/\/tourtravelandmore.com\/fr\/","name":"Tour Travel And More","description":"Private sightseeing tours and luxury transfers in Spain","publisher":{"@id":"https:\/\/tourtravelandmore.com\/fr\/#organization"},"potentialAction":[{"@type":"SearchAction","target":{"@type":"EntryPoint","urlTemplate":"https:\/\/tourtravelandmore.com\/fr\/?s={search_term_string}"},"query-input":{"@type":"PropertyValueSpecification","valueRequired":true,"valueName":"search_term_string"}}],"inLanguage":"fr-FR"},{"@type":"Organization","@id":"https:\/\/tourtravelandmore.com\/fr\/#organization","name":"Tour Travel And More","url":"https:\/\/tourtravelandmore.com\/fr\/","logo":{"@type":"ImageObject","inLanguage":"fr-FR","@id":"https:\/\/tourtravelandmore.com\/fr\/#\/schema\/logo\/image\/","url":"https:\/\/tourtravelandmore.com\/wp-content\/uploads\/2022\/12\/cropped-logo-cabecera-new.png","contentUrl":"https:\/\/tourtravelandmore.com\/wp-content\/uploads\/2022\/12\/cropped-logo-cabecera-new.png","width":430,"height":61,"caption":"Tour Travel And More"},"image":{"@id":"https:\/\/tourtravelandmore.com\/fr\/#\/schema\/logo\/image\/"},"sameAs":["https:\/\/www.facebook.com\/tourtravelandmore\/","https:\/\/x.com\/TourTravel_More"]}]}},"_links":{"self":[{"href":"https:\/\/tourtravelandmore.com\/fr\/wp-json\/wp\/v2\/product\/103983","targetHints":{"allow":["GET"]}}],"collection":[{"href":"https:\/\/tourtravelandmore.com\/fr\/wp-json\/wp\/v2\/product"}],"about":[{"href":"https:\/\/tourtravelandmore.com\/fr\/wp-json\/wp\/v2\/types\/product"}],"replies":[{"embeddable":true,"href":"https:\/\/tourtravelandmore.com\/fr\/wp-json\/wp\/v2\/comments?post=103983"}],"wp:featuredmedia":[{"embeddable":true,"href":"https:\/\/tourtravelandmore.com\/fr\/wp-json\/wp\/v2\/media\/96130"}],"wp:attachment":[{"href":"https:\/\/tourtravelandmore.com\/fr\/wp-json\/wp\/v2\/media?parent=103983"}],"wp:term":[{"taxonomy":"product_brand","embeddable":true,"href":"https:\/\/tourtravelandmore.com\/fr\/wp-json\/wp\/v2\/product_brand?post=103983"},{"taxonomy":"product_cat","embeddable":true,"href":"https:\/\/tourtravelandmore.com\/fr\/wp-json\/wp\/v2\/product_cat?post=103983"},{"taxonomy":"product_tag","embeddable":true,"href":"https:\/\/tourtravelandmore.com\/fr\/wp-json\/wp\/v2\/product_tag?post=103983"}],"curies":[{"name":"wp","href":"https:\/\/api.w.org\/{rel}","templated":true}]}}