{"id":103977,"date":"2019-08-23T03:22:56","date_gmt":"2019-08-23T01:22:56","guid":{"rendered":"https:\/\/tourtravelandmore.com\/tours\/non%20class\u00e9\/visite-privee-des-falaises-de-moher-et-de-galway\/"},"modified":"2024-03-04T15:41:05","modified_gmt":"2024-03-04T14:41:05","slug":"visite-privee-des-falaises-de-moher-et-de-galway","status":"publish","type":"product","link":"https:\/\/tourtravelandmore.com\/fr\/tours\/irlande-fr\/dublin-fr\/visite-privee-des-falaises-de-moher-et-de-galway\/","title":{"rendered":"Visite priv\u00e9e des falaises de Moher et de Galway"},"content":{"rendered":"<h2>Description:<\/h2>\n<p>Cette fois, profitez de notre <strong>excursion priv\u00e9e \u00e0 Galway et aux falaises de Moher depuis Dublin.<\/strong><\/p>\n<p>\u00c9chappez \u00e0 l&#8217;agitation de la ville de Dublin pour d\u00e9couvrir la nature irlandaise la plus pure, comme ces falaises. Pendant le voyage, vous appr\u00e9cierez les magnifiques paysages verts, caract\u00e9ristiques de l&#8217;Irlande. En arrivant aux c\u00e9l\u00e8bres falaises, vous vous prom\u00e8nerez le long des bords et profiterez des vues magnifiques et des vagues de l&#8217;Atlantique.<\/p>\n<p>Ce circuit est enti\u00e8rement personnalisable. Vous pouvez adapter toutes nos visites de Dublin \u00e0 vos propres int\u00e9r\u00eats en nous contactant simplement.<\/p>\n<p>Cette visite priv\u00e9e commencera \u00e0 partir de votre h\u00f4tel ou du lieu de votre choix \u00e0 <strong>Dublin<\/strong>.<\/p>\n<h2>Sites d&#8217;int\u00e9r\u00eat et monuments<\/h2>\n<p>Nous viendrons vous chercher \u00e0 votre h\u00f4tel ou au lieu de votre choix \u00e0 Dublin. Notre chauffeur et notre guide officiel seront \u00e0 votre disposition.<\/p>\n<p>Vous pouvez voir les lieux o\u00f9 se d\u00e9roulent des sc\u00e8nes de films c\u00e9l\u00e8bres, comme Harry Potter. Nous nous dirigerons vers le village de Doolin pour un petit d\u00e9jeuner, connu pour ses jeunes gens qui veulent se marier. Nous traverserons les collines de Burren, une r\u00e9gion connue pour sa flore et sa faune. Nous nous dirigerons vers la ville boh\u00e8me de Galway, connue pour ses nombreux pubs avec musique live.<\/p>\n<p>Au cours de cette visite, nous nous prom\u00e8nerons dans les ruelles pleines d&#8217;artistes de rue. Parmi de nombreux autres monuments, nous verrons l&#8217;Arc espagnol et la cath\u00e9drale Saint-Nicolas.<\/p>\n<p>Parmi les nombreux autres lieux \u00e0 visiter, vous pourrez voir, au cours de cette visite priv\u00e9e de Galway et des falaises de Moher :<\/p>\n<ul>\n<li><strong>Falaises de Moher<\/strong><\/li>\n<li><strong>Arche espagnole<\/strong><\/li>\n<li><strong>Cath\u00e9drale Saint-Nicolas<\/strong><\/li>\n<li><strong>Ch\u00e2teau de Lynch<\/strong><\/li>\n<li><strong>Doolin Village<\/strong><\/li>\n<li><strong>et bien plus encore !<\/strong><\/li>\n<\/ul>\n<p>A la fin, votre chauffeur priv\u00e9 vous ram\u00e8nera \u00e0 votre h\u00f4tel \u00e0 Dublin.<br \/>\nIl s&#8217;agit d&#8217;une excellente visite priv\u00e9e de Galway et des falaises de Moher, \u00e0 ne pas manquer. D\u00e9couvrez toutes nos visites priv\u00e9es \u00e0 Dublin et au Royaume-Uni. Chez Tour Travel &amp; More, nous proposons des visites priv\u00e9es dans le monde entier !<\/p>\n","protected":false},"excerpt":{"rendered":"<p>Profitez de cette visite priv\u00e9e des falaises de Moher et de la ville de Galway \u00e0 travers les lieux les plus importants du patrimoine. La ville de Galway, en Irlande, est connue pour son riche patrimoine culturel et ses nombreux espaces verts.<\/p>\n<p>&nbsp;<\/p>\n<p>&nbsp;<\/p>\n","protected":false},"featured_media":96122,"comment_status":"open","ping_status":"closed","template":"","meta":{"_acf_changed":false},"product_brand":[],"product_cat":[5121,5122,3732,3809],"product_tag":[],"class_list":{"0":"post-103977","1":"product","2":"type-product","3":"status-publish","4":"has-post-thumbnail","6":"product_cat-all-private-tours-activities-fr-26","7":"product_cat-private-sightseeing-tours-fr-30","8":"product_cat-irlande-fr","9":"product_cat-dublin-fr","11":"first","12":"instock","13":"shipping-taxable","14":"purchasable","15":"product-type-simple"},"acf":[],"yoast_head":"<!-- This site is optimized with the Yoast SEO Premium plugin v25.3.1 (Yoast SEO v25.3.1) - https:\/\/yoast.com\/wordpress\/plugins\/seo\/ -->\n<title>Visite priv\u00e9e des falaises de Moher et de Galway avec guide officiel<\/title>\n<meta name=\"description\" content=\"Visite priv\u00e9e des falaises de Moher et de Galway. Explorez les paysages avec cette visite priv\u00e9e d&#039;une journ\u00e9e avec un guide et un v\u00e9hicule priv\u00e9 avec chauffeur.\" \/>\n<meta name=\"robots\" content=\"index, follow, max-snippet:-1, max-image-preview:large, max-video-preview:-1\" \/>\n<link rel=\"canonical\" href=\"https:\/\/tourtravelandmore.com\/fr\/tours\/irlande-fr\/dublin-fr\/visite-privee-des-falaises-de-moher-et-de-galway\/\" \/>\n<meta property=\"og:locale\" content=\"fr_FR\" \/>\n<meta property=\"og:type\" content=\"article\" \/>\n<meta property=\"og:title\" content=\"Visite priv\u00e9e des falaises de Moher et de Galway\" \/>\n<meta property=\"og:description\" content=\"Visite priv\u00e9e des falaises de Moher et de Galway. Explorez les paysages avec cette visite priv\u00e9e d&#039;une journ\u00e9e avec un guide et un v\u00e9hicule priv\u00e9 avec chauffeur.\" \/>\n<meta property=\"og:url\" content=\"https:\/\/tourtravelandmore.com\/fr\/tours\/irlande-fr\/dublin-fr\/visite-privee-des-falaises-de-moher-et-de-galway\/\" \/>\n<meta property=\"og:site_name\" content=\"Tour Travel And More\" \/>\n<meta property=\"article:publisher\" content=\"https:\/\/www.facebook.com\/tourtravelandmore\/\" \/>\n<meta property=\"article:modified_time\" content=\"2024-03-04T14:41:05+00:00\" \/>\n<meta property=\"og:image\" content=\"https:\/\/tourtravelandmore.com\/wp-content\/uploads\/2019\/08\/moher.jpg\" \/>\n\t<meta property=\"og:image:width\" content=\"1024\" \/>\n\t<meta property=\"og:image:height\" content=\"683\" \/>\n\t<meta property=\"og:image:type\" content=\"image\/jpeg\" \/>\n<meta name=\"twitter:card\" content=\"summary_large_image\" \/>\n<meta name=\"twitter:site\" content=\"@TourTravel_More\" \/>\n<meta name=\"twitter:label1\" content=\"Dur\u00e9e de lecture estim\u00e9e\" \/>\n\t<meta name=\"twitter:data1\" content=\"2 minutes\" \/>\n<script type=\"application\/ld+json\" class=\"yoast-schema-graph\">{\"@context\":\"https:\/\/schema.org\",\"@graph\":[{\"@type\":\"WebPage\",\"@id\":\"https:\/\/tourtravelandmore.com\/fr\/tours\/irlande-fr\/dublin-fr\/visite-privee-des-falaises-de-moher-et-de-galway\/\",\"url\":\"https:\/\/tourtravelandmore.com\/fr\/tours\/irlande-fr\/dublin-fr\/visite-privee-des-falaises-de-moher-et-de-galway\/\",\"name\":\"Visite priv\u00e9e des falaises de Moher et de Galway avec guide officiel\",\"isPartOf\":{\"@id\":\"https:\/\/tourtravelandmore.com\/fr\/#website\"},\"primaryImageOfPage\":{\"@id\":\"https:\/\/tourtravelandmore.com\/fr\/tours\/irlande-fr\/dublin-fr\/visite-privee-des-falaises-de-moher-et-de-galway\/#primaryimage\"},\"image\":{\"@id\":\"https:\/\/tourtravelandmore.com\/fr\/tours\/irlande-fr\/dublin-fr\/visite-privee-des-falaises-de-moher-et-de-galway\/#primaryimage\"},\"thumbnailUrl\":\"https:\/\/tourtravelandmore.com\/wp-content\/uploads\/2019\/08\/moher.jpg\",\"datePublished\":\"2019-08-23T01:22:56+00:00\",\"dateModified\":\"2024-03-04T14:41:05+00:00\",\"description\":\"Visite priv\u00e9e des falaises de Moher et de Galway. Explorez les paysages avec cette visite priv\u00e9e d'une journ\u00e9e avec un guide et un v\u00e9hicule priv\u00e9 avec chauffeur.\",\"breadcrumb\":{\"@id\":\"https:\/\/tourtravelandmore.com\/fr\/tours\/irlande-fr\/dublin-fr\/visite-privee-des-falaises-de-moher-et-de-galway\/#breadcrumb\"},\"inLanguage\":\"fr-FR\",\"potentialAction\":[{\"@type\":\"ReadAction\",\"target\":[\"https:\/\/tourtravelandmore.com\/fr\/tours\/irlande-fr\/dublin-fr\/visite-privee-des-falaises-de-moher-et-de-galway\/\"]}]},{\"@type\":\"ImageObject\",\"inLanguage\":\"fr-FR\",\"@id\":\"https:\/\/tourtravelandmore.com\/fr\/tours\/irlande-fr\/dublin-fr\/visite-privee-des-falaises-de-moher-et-de-galway\/#primaryimage\",\"url\":\"https:\/\/tourtravelandmore.com\/wp-content\/uploads\/2019\/08\/moher.jpg\",\"contentUrl\":\"https:\/\/tourtravelandmore.com\/wp-content\/uploads\/2019\/08\/moher.jpg\",\"width\":1024,\"height\":683,\"caption\":\"This is a free picture released under Creative Commons Attribution 2.0 Generic. Feel free to use and share this picture but please give me credit linking my website or my Flickr account. More info about me on www.pixael.com\"},{\"@type\":\"BreadcrumbList\",\"@id\":\"https:\/\/tourtravelandmore.com\/fr\/tours\/irlande-fr\/dublin-fr\/visite-privee-des-falaises-de-moher-et-de-galway\/#breadcrumb\",\"itemListElement\":[{\"@type\":\"ListItem\",\"position\":1,\"name\":\"Home\",\"item\":\"https:\/\/tourtravelandmore.com\/fr\/\"},{\"@type\":\"ListItem\",\"position\":2,\"name\":\"Tours\",\"item\":\"https:\/\/tourtravelandmore.com\/fr\/tours\/\"},{\"@type\":\"ListItem\",\"position\":3,\"name\":\"Visite priv\u00e9e des falaises de Moher et de Galway\"}]},{\"@type\":\"WebSite\",\"@id\":\"https:\/\/tourtravelandmore.com\/fr\/#website\",\"url\":\"https:\/\/tourtravelandmore.com\/fr\/\",\"name\":\"Tour Travel And More\",\"description\":\"Private sightseeing tours and luxury transfers in Spain\",\"publisher\":{\"@id\":\"https:\/\/tourtravelandmore.com\/fr\/#organization\"},\"potentialAction\":[{\"@type\":\"SearchAction\",\"target\":{\"@type\":\"EntryPoint\",\"urlTemplate\":\"https:\/\/tourtravelandmore.com\/fr\/?s={search_term_string}\"},\"query-input\":{\"@type\":\"PropertyValueSpecification\",\"valueRequired\":true,\"valueName\":\"search_term_string\"}}],\"inLanguage\":\"fr-FR\"},{\"@type\":\"Organization\",\"@id\":\"https:\/\/tourtravelandmore.com\/fr\/#organization\",\"name\":\"Tour Travel And More\",\"url\":\"https:\/\/tourtravelandmore.com\/fr\/\",\"logo\":{\"@type\":\"ImageObject\",\"inLanguage\":\"fr-FR\",\"@id\":\"https:\/\/tourtravelandmore.com\/fr\/#\/schema\/logo\/image\/\",\"url\":\"https:\/\/tourtravelandmore.com\/wp-content\/uploads\/2022\/12\/cropped-logo-cabecera-new.png\",\"contentUrl\":\"https:\/\/tourtravelandmore.com\/wp-content\/uploads\/2022\/12\/cropped-logo-cabecera-new.png\",\"width\":430,\"height\":61,\"caption\":\"Tour Travel And More\"},\"image\":{\"@id\":\"https:\/\/tourtravelandmore.com\/fr\/#\/schema\/logo\/image\/\"},\"sameAs\":[\"https:\/\/www.facebook.com\/tourtravelandmore\/\",\"https:\/\/x.com\/TourTravel_More\"]}]}<\/script>\n<!-- \/ Yoast SEO Premium plugin. -->","yoast_head_json":{"title":"Visite priv\u00e9e des falaises de Moher et de Galway avec guide officiel","description":"Visite priv\u00e9e des falaises de Moher et de Galway. Explorez les paysages avec cette visite priv\u00e9e d'une journ\u00e9e avec un guide et un v\u00e9hicule priv\u00e9 avec chauffeur.","robots":{"index":"index","follow":"follow","max-snippet":"max-snippet:-1","max-image-preview":"max-image-preview:large","max-video-preview":"max-video-preview:-1"},"canonical":"https:\/\/tourtravelandmore.com\/fr\/tours\/irlande-fr\/dublin-fr\/visite-privee-des-falaises-de-moher-et-de-galway\/","og_locale":"fr_FR","og_type":"article","og_title":"Visite priv\u00e9e des falaises de Moher et de Galway","og_description":"Visite priv\u00e9e des falaises de Moher et de Galway. Explorez les paysages avec cette visite priv\u00e9e d'une journ\u00e9e avec un guide et un v\u00e9hicule priv\u00e9 avec chauffeur.","og_url":"https:\/\/tourtravelandmore.com\/fr\/tours\/irlande-fr\/dublin-fr\/visite-privee-des-falaises-de-moher-et-de-galway\/","og_site_name":"Tour Travel And More","article_publisher":"https:\/\/www.facebook.com\/tourtravelandmore\/","article_modified_time":"2024-03-04T14:41:05+00:00","og_image":[{"width":1024,"height":683,"url":"https:\/\/tourtravelandmore.com\/wp-content\/uploads\/2019\/08\/moher.jpg","type":"image\/jpeg"}],"twitter_card":"summary_large_image","twitter_site":"@TourTravel_More","twitter_misc":{"Dur\u00e9e de lecture estim\u00e9e":"2 minutes"},"schema":{"@context":"https:\/\/schema.org","@graph":[{"@type":"WebPage","@id":"https:\/\/tourtravelandmore.com\/fr\/tours\/irlande-fr\/dublin-fr\/visite-privee-des-falaises-de-moher-et-de-galway\/","url":"https:\/\/tourtravelandmore.com\/fr\/tours\/irlande-fr\/dublin-fr\/visite-privee-des-falaises-de-moher-et-de-galway\/","name":"Visite priv\u00e9e des falaises de Moher et de Galway avec guide officiel","isPartOf":{"@id":"https:\/\/tourtravelandmore.com\/fr\/#website"},"primaryImageOfPage":{"@id":"https:\/\/tourtravelandmore.com\/fr\/tours\/irlande-fr\/dublin-fr\/visite-privee-des-falaises-de-moher-et-de-galway\/#primaryimage"},"image":{"@id":"https:\/\/tourtravelandmore.com\/fr\/tours\/irlande-fr\/dublin-fr\/visite-privee-des-falaises-de-moher-et-de-galway\/#primaryimage"},"thumbnailUrl":"https:\/\/tourtravelandmore.com\/wp-content\/uploads\/2019\/08\/moher.jpg","datePublished":"2019-08-23T01:22:56+00:00","dateModified":"2024-03-04T14:41:05+00:00","description":"Visite priv\u00e9e des falaises de Moher et de Galway. Explorez les paysages avec cette visite priv\u00e9e d'une journ\u00e9e avec un guide et un v\u00e9hicule priv\u00e9 avec chauffeur.","breadcrumb":{"@id":"https:\/\/tourtravelandmore.com\/fr\/tours\/irlande-fr\/dublin-fr\/visite-privee-des-falaises-de-moher-et-de-galway\/#breadcrumb"},"inLanguage":"fr-FR","potentialAction":[{"@type":"ReadAction","target":["https:\/\/tourtravelandmore.com\/fr\/tours\/irlande-fr\/dublin-fr\/visite-privee-des-falaises-de-moher-et-de-galway\/"]}]},{"@type":"ImageObject","inLanguage":"fr-FR","@id":"https:\/\/tourtravelandmore.com\/fr\/tours\/irlande-fr\/dublin-fr\/visite-privee-des-falaises-de-moher-et-de-galway\/#primaryimage","url":"https:\/\/tourtravelandmore.com\/wp-content\/uploads\/2019\/08\/moher.jpg","contentUrl":"https:\/\/tourtravelandmore.com\/wp-content\/uploads\/2019\/08\/moher.jpg","width":1024,"height":683,"caption":"This is a free picture released under Creative Commons Attribution 2.0 Generic. Feel free to use and share this picture but please give me credit linking my website or my Flickr account. More info about me on www.pixael.com"},{"@type":"BreadcrumbList","@id":"https:\/\/tourtravelandmore.com\/fr\/tours\/irlande-fr\/dublin-fr\/visite-privee-des-falaises-de-moher-et-de-galway\/#breadcrumb","itemListElement":[{"@type":"ListItem","position":1,"name":"Home","item":"https:\/\/tourtravelandmore.com\/fr\/"},{"@type":"ListItem","position":2,"name":"Tours","item":"https:\/\/tourtravelandmore.com\/fr\/tours\/"},{"@type":"ListItem","position":3,"name":"Visite priv\u00e9e des falaises de Moher et de Galway"}]},{"@type":"WebSite","@id":"https:\/\/tourtravelandmore.com\/fr\/#website","url":"https:\/\/tourtravelandmore.com\/fr\/","name":"Tour Travel And More","description":"Private sightseeing tours and luxury transfers in Spain","publisher":{"@id":"https:\/\/tourtravelandmore.com\/fr\/#organization"},"potentialAction":[{"@type":"SearchAction","target":{"@type":"EntryPoint","urlTemplate":"https:\/\/tourtravelandmore.com\/fr\/?s={search_term_string}"},"query-input":{"@type":"PropertyValueSpecification","valueRequired":true,"valueName":"search_term_string"}}],"inLanguage":"fr-FR"},{"@type":"Organization","@id":"https:\/\/tourtravelandmore.com\/fr\/#organization","name":"Tour Travel And More","url":"https:\/\/tourtravelandmore.com\/fr\/","logo":{"@type":"ImageObject","inLanguage":"fr-FR","@id":"https:\/\/tourtravelandmore.com\/fr\/#\/schema\/logo\/image\/","url":"https:\/\/tourtravelandmore.com\/wp-content\/uploads\/2022\/12\/cropped-logo-cabecera-new.png","contentUrl":"https:\/\/tourtravelandmore.com\/wp-content\/uploads\/2022\/12\/cropped-logo-cabecera-new.png","width":430,"height":61,"caption":"Tour Travel And More"},"image":{"@id":"https:\/\/tourtravelandmore.com\/fr\/#\/schema\/logo\/image\/"},"sameAs":["https:\/\/www.facebook.com\/tourtravelandmore\/","https:\/\/x.com\/TourTravel_More"]}]}},"_links":{"self":[{"href":"https:\/\/tourtravelandmore.com\/fr\/wp-json\/wp\/v2\/product\/103977","targetHints":{"allow":["GET"]}}],"collection":[{"href":"https:\/\/tourtravelandmore.com\/fr\/wp-json\/wp\/v2\/product"}],"about":[{"href":"https:\/\/tourtravelandmore.com\/fr\/wp-json\/wp\/v2\/types\/product"}],"replies":[{"embeddable":true,"href":"https:\/\/tourtravelandmore.com\/fr\/wp-json\/wp\/v2\/comments?post=103977"}],"wp:featuredmedia":[{"embeddable":true,"href":"https:\/\/tourtravelandmore.com\/fr\/wp-json\/wp\/v2\/media\/96122"}],"wp:attachment":[{"href":"https:\/\/tourtravelandmore.com\/fr\/wp-json\/wp\/v2\/media?parent=103977"}],"wp:term":[{"taxonomy":"product_brand","embeddable":true,"href":"https:\/\/tourtravelandmore.com\/fr\/wp-json\/wp\/v2\/product_brand?post=103977"},{"taxonomy":"product_cat","embeddable":true,"href":"https:\/\/tourtravelandmore.com\/fr\/wp-json\/wp\/v2\/product_cat?post=103977"},{"taxonomy":"product_tag","embeddable":true,"href":"https:\/\/tourtravelandmore.com\/fr\/wp-json\/wp\/v2\/product_tag?post=103977"}],"curies":[{"name":"wp","href":"https:\/\/api.w.org\/{rel}","templated":true}]}}