{"id":103935,"date":"2019-10-10T13:11:43","date_gmt":"2019-10-10T11:11:43","guid":{"rendered":"https:\/\/tourtravelandmore.com\/tours\/non%20class\u00e9\/visite-privee-des-aurores-boreales-a-tromso\/"},"modified":"2021-03-17T20:03:41","modified_gmt":"2021-03-17T19:03:41","slug":"visite-privee-des-aurores-boreales-a-tromso","status":"publish","type":"product","link":"https:\/\/tourtravelandmore.com\/fr\/tours\/norvege-fr\/tromso-fr\/visite-privee-des-aurores-boreales-a-tromso\/","title":{"rendered":"Visite priv\u00e9e des aurores bor\u00e9ales \u00e0 Tromso"},"content":{"rendered":"<h2>Description<\/h2>\n<p>Profitez de cette visite priv\u00e9e des aurores bor\u00e9ales de Tromso aux c\u00f4t\u00e9s de votre guide officiel priv\u00e9 et d\u00e9couvrez le meilleur de ce que Tromso a \u00e0 offrir lors de cette visite priv\u00e9e. Notre visite priv\u00e9e des aurores bor\u00e9ales \u00e0 Tromso vous offrira une exp\u00e9rience unique.<\/p>\n<p>Nous nous rencontrerons \u00e0 un point central \u00e0 Tromso ou \u00e0 l&#8217;endroit de votre choix. Au cours de cette visite, nous visiterons les monuments et sites les plus c\u00e9l\u00e8bres de la ville. Ce circuit vise \u00e0 explorer la nature arctique pendant que nous recherchons les aurores bor\u00e9ales. Vous serez pris en charge par votre chauffeur priv\u00e9 dans le centre-ville, votre h\u00f4tel ou lieu de votre choix et commencerez la visite en vous dirigeant vers de magnifiques montagnes, fjords et vall\u00e9es.<\/p>\n<p>Il existe de nombreux autres endroits o\u00f9 votre guide priv\u00e9 peut vous aider \u00e0 explorer, m\u00eame les endroits les plus embl\u00e9matiques et les plus impressionnants de Tromso, o\u00f9 vous pouvez prendre les meilleures photos quand et o\u00f9 vous le souhaitez lors de votre visite priv\u00e9e. Les sites et le point de rencontre de cette visite sont enti\u00e8rement personnalisables. Veuillez nous contacter pour organiser la visite en fonction de vos besoins personnels.<\/p>\n<h2>Sites d&#8217;int\u00e9r\u00eat et monuments<\/h2>\n<p>Lors de votre visite priv\u00e9e, vous d\u00e9couvrirez \u00e9galement certains des endroits les plus reconnus de la ville. Vous serez t\u00e9moin de la beaut\u00e9 unique des sc\u00e9narios arctiques de Tromso.<\/p>\n<p>Tout au long de la visite, nous ferons de nombreux arr\u00eats sur le chemin pour prendre les meilleures photos des sc\u00e9narios d&#8217;art uniques tout en recherchant les lumi\u00e8res. Nos destinations d\u00e9pendront des conditions m\u00e9t\u00e9orologiques pour trouver le bon endroit o\u00f9 les lumi\u00e8res apparaissent \u00e9galement.<\/p>\n<p>Nous nous efforcerons de vous plaire de toutes les mani\u00e8res possibles pendant le programme de la tourn\u00e9e. Notre guide priv\u00e9 ne manquera pas une chance de vous emmener les meilleures photos o\u00f9 vous le souhaitez. Comme nous l&#8217;avons d\u00e9j\u00e0 dit, la destination de la visite d\u00e9pendra des conditions m\u00e9t\u00e9orologiques afin de toujours trouver le meilleur endroit pour admirer les aurores bor\u00e9ales. Nous vous fournirons tout ce dont vous avez besoin pour vous isoler et vous garder \u00e0 l&#8217;aise et au chaud pendant cette visite.<\/p>\n<p>Cette visite est enti\u00e8rement personnalisable. Chez Tour Travel &amp; More, nous pouvons bien s\u00fbr personnaliser un circuit pour vous. Veuillez nous contacter pour rendre votre exp\u00e9rience unique et vous aider \u00e0 organiser votre visite priv\u00e9e. Jetez un \u0153il \u00e0 d&#8217;autres visites priv\u00e9es \u00e0 Tromso!<\/p>\n","protected":false},"excerpt":{"rendered":"<p>Aventurez-vous lors de cette visite priv\u00e9e enti\u00e8rement personnalis\u00e9e de 7 heures des paysages et des vall\u00e9es de Tromso, o\u00f9 vous pourrez admirer la beaut\u00e9 des aurores bor\u00e9ales et des fjords de Tromso.<\/p>\n","protected":false},"featured_media":96478,"comment_status":"open","ping_status":"closed","template":"","meta":{"_acf_changed":false},"product_brand":[],"product_cat":[3725,3821],"product_tag":[],"class_list":{"0":"post-103935","1":"product","2":"type-product","3":"status-publish","4":"has-post-thumbnail","6":"product_cat-norvege-fr","7":"product_cat-tromso-fr","9":"first","10":"instock","11":"shipping-taxable","12":"purchasable","13":"product-type-simple"},"acf":[],"yoast_head":"<!-- This site is optimized with the Yoast SEO Premium plugin v25.3.1 (Yoast SEO v25.3.1) - https:\/\/yoast.com\/wordpress\/plugins\/seo\/ -->\n<title>Aurores bor\u00e9ales priv\u00e9es de Tromso - Visite priv\u00e9e des aurores bor\u00e9ales \u00e0 Tromso<\/title>\n<meta name=\"description\" content=\"Explorez et profitez de Tromso et de ses aurores bor\u00e9ales avec Private Northern Lights Tour Tromso avec un guide local et profitez de ses magnifiques sites.\" \/>\n<meta name=\"robots\" content=\"index, follow, max-snippet:-1, max-image-preview:large, max-video-preview:-1\" \/>\n<link rel=\"canonical\" href=\"https:\/\/tourtravelandmore.com\/fr\/tours\/norvege-fr\/tromso-fr\/visite-privee-des-aurores-boreales-a-tromso\/\" \/>\n<meta property=\"og:locale\" content=\"fr_FR\" \/>\n<meta property=\"og:type\" content=\"article\" \/>\n<meta property=\"og:title\" content=\"Visite priv\u00e9e des aurores bor\u00e9ales \u00e0 Tromso\" \/>\n<meta property=\"og:description\" content=\"Explorez et profitez de Tromso et de ses aurores bor\u00e9ales avec Private Northern Lights Tour Tromso avec un guide local et profitez de ses magnifiques sites.\" \/>\n<meta property=\"og:url\" content=\"https:\/\/tourtravelandmore.com\/fr\/tours\/norvege-fr\/tromso-fr\/visite-privee-des-aurores-boreales-a-tromso\/\" \/>\n<meta property=\"og:site_name\" content=\"Tour Travel And More\" \/>\n<meta property=\"article:publisher\" content=\"https:\/\/www.facebook.com\/tourtravelandmore\/\" \/>\n<meta property=\"article:modified_time\" content=\"2021-03-17T19:03:41+00:00\" \/>\n<meta property=\"og:image\" content=\"https:\/\/tourtravelandmore.com\/wp-content\/uploads\/2019\/10\/tromso_northern_lights.jpg\" \/>\n\t<meta property=\"og:image:width\" content=\"1024\" \/>\n\t<meta property=\"og:image:height\" content=\"768\" \/>\n\t<meta property=\"og:image:type\" content=\"image\/jpeg\" \/>\n<meta name=\"twitter:card\" content=\"summary_large_image\" \/>\n<meta name=\"twitter:site\" content=\"@TourTravel_More\" \/>\n<meta name=\"twitter:label1\" content=\"Dur\u00e9e de lecture estim\u00e9e\" \/>\n\t<meta name=\"twitter:data1\" content=\"2 minutes\" \/>\n<script type=\"application\/ld+json\" class=\"yoast-schema-graph\">{\"@context\":\"https:\/\/schema.org\",\"@graph\":[{\"@type\":\"WebPage\",\"@id\":\"https:\/\/tourtravelandmore.com\/fr\/tours\/norvege-fr\/tromso-fr\/visite-privee-des-aurores-boreales-a-tromso\/\",\"url\":\"https:\/\/tourtravelandmore.com\/fr\/tours\/norvege-fr\/tromso-fr\/visite-privee-des-aurores-boreales-a-tromso\/\",\"name\":\"Aurores bor\u00e9ales priv\u00e9es de Tromso - Visite priv\u00e9e des aurores bor\u00e9ales \u00e0 Tromso\",\"isPartOf\":{\"@id\":\"https:\/\/tourtravelandmore.com\/fr\/#website\"},\"primaryImageOfPage\":{\"@id\":\"https:\/\/tourtravelandmore.com\/fr\/tours\/norvege-fr\/tromso-fr\/visite-privee-des-aurores-boreales-a-tromso\/#primaryimage\"},\"image\":{\"@id\":\"https:\/\/tourtravelandmore.com\/fr\/tours\/norvege-fr\/tromso-fr\/visite-privee-des-aurores-boreales-a-tromso\/#primaryimage\"},\"thumbnailUrl\":\"https:\/\/tourtravelandmore.com\/wp-content\/uploads\/2019\/10\/tromso_northern_lights.jpg\",\"datePublished\":\"2019-10-10T11:11:43+00:00\",\"dateModified\":\"2021-03-17T19:03:41+00:00\",\"description\":\"Explorez et profitez de Tromso et de ses aurores bor\u00e9ales avec Private Northern Lights Tour Tromso avec un guide local et profitez de ses magnifiques sites.\",\"breadcrumb\":{\"@id\":\"https:\/\/tourtravelandmore.com\/fr\/tours\/norvege-fr\/tromso-fr\/visite-privee-des-aurores-boreales-a-tromso\/#breadcrumb\"},\"inLanguage\":\"fr-FR\",\"potentialAction\":[{\"@type\":\"ReadAction\",\"target\":[\"https:\/\/tourtravelandmore.com\/fr\/tours\/norvege-fr\/tromso-fr\/visite-privee-des-aurores-boreales-a-tromso\/\"]}]},{\"@type\":\"ImageObject\",\"inLanguage\":\"fr-FR\",\"@id\":\"https:\/\/tourtravelandmore.com\/fr\/tours\/norvege-fr\/tromso-fr\/visite-privee-des-aurores-boreales-a-tromso\/#primaryimage\",\"url\":\"https:\/\/tourtravelandmore.com\/wp-content\/uploads\/2019\/10\/tromso_northern_lights.jpg\",\"contentUrl\":\"https:\/\/tourtravelandmore.com\/wp-content\/uploads\/2019\/10\/tromso_northern_lights.jpg\",\"width\":1024,\"height\":768,\"caption\":\"OLYMPUS DIGITAL CAMERA\"},{\"@type\":\"BreadcrumbList\",\"@id\":\"https:\/\/tourtravelandmore.com\/fr\/tours\/norvege-fr\/tromso-fr\/visite-privee-des-aurores-boreales-a-tromso\/#breadcrumb\",\"itemListElement\":[{\"@type\":\"ListItem\",\"position\":1,\"name\":\"Home\",\"item\":\"https:\/\/tourtravelandmore.com\/fr\/\"},{\"@type\":\"ListItem\",\"position\":2,\"name\":\"Tours\",\"item\":\"https:\/\/tourtravelandmore.com\/fr\/tours\/\"},{\"@type\":\"ListItem\",\"position\":3,\"name\":\"Visite priv\u00e9e des aurores bor\u00e9ales \u00e0 Tromso\"}]},{\"@type\":\"WebSite\",\"@id\":\"https:\/\/tourtravelandmore.com\/fr\/#website\",\"url\":\"https:\/\/tourtravelandmore.com\/fr\/\",\"name\":\"Tour Travel And More\",\"description\":\"Private sightseeing tours and luxury transfers in Spain\",\"publisher\":{\"@id\":\"https:\/\/tourtravelandmore.com\/fr\/#organization\"},\"potentialAction\":[{\"@type\":\"SearchAction\",\"target\":{\"@type\":\"EntryPoint\",\"urlTemplate\":\"https:\/\/tourtravelandmore.com\/fr\/?s={search_term_string}\"},\"query-input\":{\"@type\":\"PropertyValueSpecification\",\"valueRequired\":true,\"valueName\":\"search_term_string\"}}],\"inLanguage\":\"fr-FR\"},{\"@type\":\"Organization\",\"@id\":\"https:\/\/tourtravelandmore.com\/fr\/#organization\",\"name\":\"Tour Travel And More\",\"url\":\"https:\/\/tourtravelandmore.com\/fr\/\",\"logo\":{\"@type\":\"ImageObject\",\"inLanguage\":\"fr-FR\",\"@id\":\"https:\/\/tourtravelandmore.com\/fr\/#\/schema\/logo\/image\/\",\"url\":\"https:\/\/tourtravelandmore.com\/wp-content\/uploads\/2022\/12\/cropped-logo-cabecera-new.png\",\"contentUrl\":\"https:\/\/tourtravelandmore.com\/wp-content\/uploads\/2022\/12\/cropped-logo-cabecera-new.png\",\"width\":430,\"height\":61,\"caption\":\"Tour Travel And More\"},\"image\":{\"@id\":\"https:\/\/tourtravelandmore.com\/fr\/#\/schema\/logo\/image\/\"},\"sameAs\":[\"https:\/\/www.facebook.com\/tourtravelandmore\/\",\"https:\/\/x.com\/TourTravel_More\"]}]}<\/script>\n<!-- \/ Yoast SEO Premium plugin. -->","yoast_head_json":{"title":"Aurores bor\u00e9ales priv\u00e9es de Tromso - Visite priv\u00e9e des aurores bor\u00e9ales \u00e0 Tromso","description":"Explorez et profitez de Tromso et de ses aurores bor\u00e9ales avec Private Northern Lights Tour Tromso avec un guide local et profitez de ses magnifiques sites.","robots":{"index":"index","follow":"follow","max-snippet":"max-snippet:-1","max-image-preview":"max-image-preview:large","max-video-preview":"max-video-preview:-1"},"canonical":"https:\/\/tourtravelandmore.com\/fr\/tours\/norvege-fr\/tromso-fr\/visite-privee-des-aurores-boreales-a-tromso\/","og_locale":"fr_FR","og_type":"article","og_title":"Visite priv\u00e9e des aurores bor\u00e9ales \u00e0 Tromso","og_description":"Explorez et profitez de Tromso et de ses aurores bor\u00e9ales avec Private Northern Lights Tour Tromso avec un guide local et profitez de ses magnifiques sites.","og_url":"https:\/\/tourtravelandmore.com\/fr\/tours\/norvege-fr\/tromso-fr\/visite-privee-des-aurores-boreales-a-tromso\/","og_site_name":"Tour Travel And More","article_publisher":"https:\/\/www.facebook.com\/tourtravelandmore\/","article_modified_time":"2021-03-17T19:03:41+00:00","og_image":[{"width":1024,"height":768,"url":"https:\/\/tourtravelandmore.com\/wp-content\/uploads\/2019\/10\/tromso_northern_lights.jpg","type":"image\/jpeg"}],"twitter_card":"summary_large_image","twitter_site":"@TourTravel_More","twitter_misc":{"Dur\u00e9e de lecture estim\u00e9e":"2 minutes"},"schema":{"@context":"https:\/\/schema.org","@graph":[{"@type":"WebPage","@id":"https:\/\/tourtravelandmore.com\/fr\/tours\/norvege-fr\/tromso-fr\/visite-privee-des-aurores-boreales-a-tromso\/","url":"https:\/\/tourtravelandmore.com\/fr\/tours\/norvege-fr\/tromso-fr\/visite-privee-des-aurores-boreales-a-tromso\/","name":"Aurores bor\u00e9ales priv\u00e9es de Tromso - Visite priv\u00e9e des aurores bor\u00e9ales \u00e0 Tromso","isPartOf":{"@id":"https:\/\/tourtravelandmore.com\/fr\/#website"},"primaryImageOfPage":{"@id":"https:\/\/tourtravelandmore.com\/fr\/tours\/norvege-fr\/tromso-fr\/visite-privee-des-aurores-boreales-a-tromso\/#primaryimage"},"image":{"@id":"https:\/\/tourtravelandmore.com\/fr\/tours\/norvege-fr\/tromso-fr\/visite-privee-des-aurores-boreales-a-tromso\/#primaryimage"},"thumbnailUrl":"https:\/\/tourtravelandmore.com\/wp-content\/uploads\/2019\/10\/tromso_northern_lights.jpg","datePublished":"2019-10-10T11:11:43+00:00","dateModified":"2021-03-17T19:03:41+00:00","description":"Explorez et profitez de Tromso et de ses aurores bor\u00e9ales avec Private Northern Lights Tour Tromso avec un guide local et profitez de ses magnifiques sites.","breadcrumb":{"@id":"https:\/\/tourtravelandmore.com\/fr\/tours\/norvege-fr\/tromso-fr\/visite-privee-des-aurores-boreales-a-tromso\/#breadcrumb"},"inLanguage":"fr-FR","potentialAction":[{"@type":"ReadAction","target":["https:\/\/tourtravelandmore.com\/fr\/tours\/norvege-fr\/tromso-fr\/visite-privee-des-aurores-boreales-a-tromso\/"]}]},{"@type":"ImageObject","inLanguage":"fr-FR","@id":"https:\/\/tourtravelandmore.com\/fr\/tours\/norvege-fr\/tromso-fr\/visite-privee-des-aurores-boreales-a-tromso\/#primaryimage","url":"https:\/\/tourtravelandmore.com\/wp-content\/uploads\/2019\/10\/tromso_northern_lights.jpg","contentUrl":"https:\/\/tourtravelandmore.com\/wp-content\/uploads\/2019\/10\/tromso_northern_lights.jpg","width":1024,"height":768,"caption":"OLYMPUS DIGITAL CAMERA"},{"@type":"BreadcrumbList","@id":"https:\/\/tourtravelandmore.com\/fr\/tours\/norvege-fr\/tromso-fr\/visite-privee-des-aurores-boreales-a-tromso\/#breadcrumb","itemListElement":[{"@type":"ListItem","position":1,"name":"Home","item":"https:\/\/tourtravelandmore.com\/fr\/"},{"@type":"ListItem","position":2,"name":"Tours","item":"https:\/\/tourtravelandmore.com\/fr\/tours\/"},{"@type":"ListItem","position":3,"name":"Visite priv\u00e9e des aurores bor\u00e9ales \u00e0 Tromso"}]},{"@type":"WebSite","@id":"https:\/\/tourtravelandmore.com\/fr\/#website","url":"https:\/\/tourtravelandmore.com\/fr\/","name":"Tour Travel And More","description":"Private sightseeing tours and luxury transfers in Spain","publisher":{"@id":"https:\/\/tourtravelandmore.com\/fr\/#organization"},"potentialAction":[{"@type":"SearchAction","target":{"@type":"EntryPoint","urlTemplate":"https:\/\/tourtravelandmore.com\/fr\/?s={search_term_string}"},"query-input":{"@type":"PropertyValueSpecification","valueRequired":true,"valueName":"search_term_string"}}],"inLanguage":"fr-FR"},{"@type":"Organization","@id":"https:\/\/tourtravelandmore.com\/fr\/#organization","name":"Tour Travel And More","url":"https:\/\/tourtravelandmore.com\/fr\/","logo":{"@type":"ImageObject","inLanguage":"fr-FR","@id":"https:\/\/tourtravelandmore.com\/fr\/#\/schema\/logo\/image\/","url":"https:\/\/tourtravelandmore.com\/wp-content\/uploads\/2022\/12\/cropped-logo-cabecera-new.png","contentUrl":"https:\/\/tourtravelandmore.com\/wp-content\/uploads\/2022\/12\/cropped-logo-cabecera-new.png","width":430,"height":61,"caption":"Tour Travel And More"},"image":{"@id":"https:\/\/tourtravelandmore.com\/fr\/#\/schema\/logo\/image\/"},"sameAs":["https:\/\/www.facebook.com\/tourtravelandmore\/","https:\/\/x.com\/TourTravel_More"]}]}},"_links":{"self":[{"href":"https:\/\/tourtravelandmore.com\/fr\/wp-json\/wp\/v2\/product\/103935","targetHints":{"allow":["GET"]}}],"collection":[{"href":"https:\/\/tourtravelandmore.com\/fr\/wp-json\/wp\/v2\/product"}],"about":[{"href":"https:\/\/tourtravelandmore.com\/fr\/wp-json\/wp\/v2\/types\/product"}],"replies":[{"embeddable":true,"href":"https:\/\/tourtravelandmore.com\/fr\/wp-json\/wp\/v2\/comments?post=103935"}],"wp:featuredmedia":[{"embeddable":true,"href":"https:\/\/tourtravelandmore.com\/fr\/wp-json\/wp\/v2\/media\/96478"}],"wp:attachment":[{"href":"https:\/\/tourtravelandmore.com\/fr\/wp-json\/wp\/v2\/media?parent=103935"}],"wp:term":[{"taxonomy":"product_brand","embeddable":true,"href":"https:\/\/tourtravelandmore.com\/fr\/wp-json\/wp\/v2\/product_brand?post=103935"},{"taxonomy":"product_cat","embeddable":true,"href":"https:\/\/tourtravelandmore.com\/fr\/wp-json\/wp\/v2\/product_cat?post=103935"},{"taxonomy":"product_tag","embeddable":true,"href":"https:\/\/tourtravelandmore.com\/fr\/wp-json\/wp\/v2\/product_tag?post=103935"}],"curies":[{"name":"wp","href":"https:\/\/api.w.org\/{rel}","templated":true}]}}