{"id":103929,"date":"2019-10-10T13:11:41","date_gmt":"2019-10-10T11:11:41","guid":{"rendered":"https:\/\/tourtravelandmore.com\/tours\/non%20class\u00e9\/visite-privee-de-sommaroy\/"},"modified":"2021-03-17T20:01:58","modified_gmt":"2021-03-17T19:01:58","slug":"visite-privee-de-sommaroy","status":"publish","type":"product","link":"https:\/\/tourtravelandmore.com\/fr\/tours\/norvege-fr\/tromso-fr\/visite-privee-de-sommaroy\/","title":{"rendered":"Visite priv\u00e9e de Sommar\u00f8y"},"content":{"rendered":"<h2>Description:<\/h2>\n<p>Venez avec nous et profitez de cette excursion priv\u00e9e \u00e0 terre vers les sites les plus embl\u00e9matiques de Sommar\u00f8y. Profitez de cette excursion priv\u00e9e de 8 heures \u00e0 Sommar\u00f8y depuis Troms\u00f8. Ne manquez pas notre visite priv\u00e9e de Sommar\u00f8y.<\/p>\n<p>Un v\u00e9hicule priv\u00e9 avec chauffeur viendra vous chercher \u00e0 votre h\u00f4tel ou lieu de votre choix \u00e0 Tromso. La prise en charge peut bien s\u00fbr \u00e9galement se faire au port de croisi\u00e8re. Votre chauffeur priv\u00e9 vous emm\u00e8nera dans cette visite priv\u00e9e pour d\u00e9couvrir le meilleur de Sommar\u00f8y.<\/p>\n<p>Il s&#8217;agit d&#8217;une visite enti\u00e8rement personnalis\u00e9e juste pour votre famille ou votre groupe. Vous pouvez personnaliser chaque visite en nous contactant simplement. Voici un exemple de certains des sites les plus importants pour vous donner une id\u00e9e, mais votre visite sera enti\u00e8rement personnalis\u00e9e pour r\u00e9pondre exactement \u00e0 vos besoins.<\/p>\n<p>Nous avons \u00e0 votre disposition des v\u00e9hicules priv\u00e9s avec chauffeur qui peuvent venir vous chercher o\u00f9 que vous soyez pour vous offrir une exp\u00e9rience inoubliable et unique. Bellow est une visite de 8 heures. Nous pouvons toujours vous proposer des circuits plus longs si vous le souhaitez. Le nombre exact d&#8217;heures est ajustable en fonction de nos besoins personnels. Nous sommes l\u00e0 pour rendre votre exp\u00e9rience unique et m\u00e9morable.<\/p>\n<h2>Sites d&#8217;int\u00e9r\u00eat et monuments<\/h2>\n<p>Apr\u00e8s une prise en charge confortable, nous commencerons cette visite priv\u00e9e de Sommar\u00f8y.<\/p>\n<p>L&#8217;\u00eele de Sommar\u00f8y, situ\u00e9e \u00e0 environ 36 km \u00e0 l&#8217;ouest de la ville de Troms\u00f8. Une fois arriv\u00e9s \u00e0 Sommar\u00f8y, votre guide priv\u00e9 vous fera une promenade guid\u00e9e \u00e0 travers le village de Sommar\u00f8y et appr\u00e9ciera ses paysages impressionnants. Apr\u00e8s cela, nous pourrons d\u00e9jeuner au Sommar\u00f8y Arctic Hotel et nous d\u00e9lecter d&#8217;un chocolat chaud ou d&#8217;un caf\u00e9. Nous traverserons une vall\u00e9e accident\u00e9e en suivant le chemin vers Kattfjord et la mer de Norv\u00e8ge. Ne manquez pas cette chance et apprenez \u00e0 conna\u00eetre les superbes paysages de fjord de Sommar\u00f8y, en marchant le long de ses plages enneig\u00e9es.<\/p>\n<p>Cette visite est enti\u00e8rement personnalisable. Si vous \u00eates curieux de visiter plus d&#8217;endroits, contactez-nous et nous ferons de votre visite une exp\u00e9rience unique. Nous mettons \u00e0 votre disposition des v\u00e9hicules priv\u00e9s pour le tour.<\/p>\n<p>D\u00e9couvrez nos circuits sur mesure en contactant l&#8217;un de nos experts en voyages. Jetez un \u0153il \u00e0 nos autres circuits ici \u00e0 Tromso!<\/p>\n","protected":false},"excerpt":{"rendered":"<p>Venez avec nous dans cette excursion priv\u00e9e \u00e0 terre de 8 heures \u00e0 Sommar\u00f8y depuis Troms\u00f8 et profitez de leurs monuments et sites les plus importants. Profitez de cette occasion pour d\u00e9couvrir la ville de Sommar\u00f8y lors de cette exp\u00e9rience avec votre propre guide officiel priv\u00e9.<\/p>\n","protected":false},"featured_media":96483,"comment_status":"open","ping_status":"closed","template":"","meta":{"_acf_changed":false},"product_brand":[],"product_cat":[3725,3821],"product_tag":[],"class_list":{"0":"post-103929","1":"product","2":"type-product","3":"status-publish","4":"has-post-thumbnail","6":"product_cat-norvege-fr","7":"product_cat-tromso-fr","9":"first","10":"instock","11":"shipping-taxable","12":"purchasable","13":"product-type-simple"},"acf":[],"yoast_head":"<!-- This site is optimized with the Yoast SEO Premium plugin v25.3.1 (Yoast SEO v25.3.1) - https:\/\/yoast.com\/wordpress\/plugins\/seo\/ -->\n<title>Excursion priv\u00e9e \u00e0 terre Sommaroy de Tromso - Visite priv\u00e9e de Sommar\u00f8y<\/title>\n<meta name=\"description\" content=\"Profitez de cette excursion: Visite priv\u00e9e de Sommar\u00f8y au d\u00e9part de Tromso et profitez de leurs monuments et sites les plus importants avec une \u00e9quipe locale.\" \/>\n<meta name=\"robots\" content=\"index, follow, max-snippet:-1, max-image-preview:large, max-video-preview:-1\" \/>\n<link rel=\"canonical\" href=\"https:\/\/tourtravelandmore.com\/fr\/tours\/norvege-fr\/tromso-fr\/visite-privee-de-sommaroy\/\" \/>\n<meta property=\"og:locale\" content=\"fr_FR\" \/>\n<meta property=\"og:type\" content=\"article\" \/>\n<meta property=\"og:title\" content=\"Visite priv\u00e9e de Sommar\u00f8y\" \/>\n<meta property=\"og:description\" content=\"Profitez de cette excursion: Visite priv\u00e9e de Sommar\u00f8y au d\u00e9part de Tromso et profitez de leurs monuments et sites les plus importants avec une \u00e9quipe locale.\" \/>\n<meta property=\"og:url\" content=\"https:\/\/tourtravelandmore.com\/fr\/tours\/norvege-fr\/tromso-fr\/visite-privee-de-sommaroy\/\" \/>\n<meta property=\"og:site_name\" content=\"Tour Travel And More\" \/>\n<meta property=\"article:publisher\" content=\"https:\/\/www.facebook.com\/tourtravelandmore\/\" \/>\n<meta property=\"article:modified_time\" content=\"2021-03-17T19:01:58+00:00\" \/>\n<meta property=\"og:image\" content=\"https:\/\/tourtravelandmore.com\/wp-content\/uploads\/2019\/10\/sommaroy_tromso-4.jpg\" \/>\n\t<meta property=\"og:image:width\" content=\"1024\" \/>\n\t<meta property=\"og:image:height\" content=\"683\" \/>\n\t<meta property=\"og:image:type\" content=\"image\/jpeg\" \/>\n<meta name=\"twitter:card\" content=\"summary_large_image\" \/>\n<meta name=\"twitter:site\" content=\"@TourTravel_More\" \/>\n<meta name=\"twitter:label1\" content=\"Dur\u00e9e de lecture estim\u00e9e\" \/>\n\t<meta name=\"twitter:data1\" content=\"2 minutes\" \/>\n<script type=\"application\/ld+json\" class=\"yoast-schema-graph\">{\"@context\":\"https:\/\/schema.org\",\"@graph\":[{\"@type\":\"WebPage\",\"@id\":\"https:\/\/tourtravelandmore.com\/fr\/tours\/norvege-fr\/tromso-fr\/visite-privee-de-sommaroy\/\",\"url\":\"https:\/\/tourtravelandmore.com\/fr\/tours\/norvege-fr\/tromso-fr\/visite-privee-de-sommaroy\/\",\"name\":\"Excursion priv\u00e9e \u00e0 terre Sommaroy de Tromso - Visite priv\u00e9e de Sommar\u00f8y\",\"isPartOf\":{\"@id\":\"https:\/\/tourtravelandmore.com\/fr\/#website\"},\"primaryImageOfPage\":{\"@id\":\"https:\/\/tourtravelandmore.com\/fr\/tours\/norvege-fr\/tromso-fr\/visite-privee-de-sommaroy\/#primaryimage\"},\"image\":{\"@id\":\"https:\/\/tourtravelandmore.com\/fr\/tours\/norvege-fr\/tromso-fr\/visite-privee-de-sommaroy\/#primaryimage\"},\"thumbnailUrl\":\"https:\/\/tourtravelandmore.com\/wp-content\/uploads\/2019\/10\/sommaroy_tromso-4.jpg\",\"datePublished\":\"2019-10-10T11:11:41+00:00\",\"dateModified\":\"2021-03-17T19:01:58+00:00\",\"description\":\"Profitez de cette excursion: Visite priv\u00e9e de Sommar\u00f8y au d\u00e9part de Tromso et profitez de leurs monuments et sites les plus importants avec une \u00e9quipe locale.\",\"breadcrumb\":{\"@id\":\"https:\/\/tourtravelandmore.com\/fr\/tours\/norvege-fr\/tromso-fr\/visite-privee-de-sommaroy\/#breadcrumb\"},\"inLanguage\":\"fr-FR\",\"potentialAction\":[{\"@type\":\"ReadAction\",\"target\":[\"https:\/\/tourtravelandmore.com\/fr\/tours\/norvege-fr\/tromso-fr\/visite-privee-de-sommaroy\/\"]}]},{\"@type\":\"ImageObject\",\"inLanguage\":\"fr-FR\",\"@id\":\"https:\/\/tourtravelandmore.com\/fr\/tours\/norvege-fr\/tromso-fr\/visite-privee-de-sommaroy\/#primaryimage\",\"url\":\"https:\/\/tourtravelandmore.com\/wp-content\/uploads\/2019\/10\/sommaroy_tromso-4.jpg\",\"contentUrl\":\"https:\/\/tourtravelandmore.com\/wp-content\/uploads\/2019\/10\/sommaroy_tromso-4.jpg\",\"width\":1024,\"height\":683,\"caption\":\"Shot at Sommaroy outside Tromso, Norway.\"},{\"@type\":\"BreadcrumbList\",\"@id\":\"https:\/\/tourtravelandmore.com\/fr\/tours\/norvege-fr\/tromso-fr\/visite-privee-de-sommaroy\/#breadcrumb\",\"itemListElement\":[{\"@type\":\"ListItem\",\"position\":1,\"name\":\"Home\",\"item\":\"https:\/\/tourtravelandmore.com\/fr\/\"},{\"@type\":\"ListItem\",\"position\":2,\"name\":\"Tours\",\"item\":\"https:\/\/tourtravelandmore.com\/fr\/tours\/\"},{\"@type\":\"ListItem\",\"position\":3,\"name\":\"Visite priv\u00e9e de Sommar\u00f8y\"}]},{\"@type\":\"WebSite\",\"@id\":\"https:\/\/tourtravelandmore.com\/fr\/#website\",\"url\":\"https:\/\/tourtravelandmore.com\/fr\/\",\"name\":\"Tour Travel And More\",\"description\":\"Private sightseeing tours and luxury transfers in Spain\",\"publisher\":{\"@id\":\"https:\/\/tourtravelandmore.com\/fr\/#organization\"},\"potentialAction\":[{\"@type\":\"SearchAction\",\"target\":{\"@type\":\"EntryPoint\",\"urlTemplate\":\"https:\/\/tourtravelandmore.com\/fr\/?s={search_term_string}\"},\"query-input\":{\"@type\":\"PropertyValueSpecification\",\"valueRequired\":true,\"valueName\":\"search_term_string\"}}],\"inLanguage\":\"fr-FR\"},{\"@type\":\"Organization\",\"@id\":\"https:\/\/tourtravelandmore.com\/fr\/#organization\",\"name\":\"Tour Travel And More\",\"url\":\"https:\/\/tourtravelandmore.com\/fr\/\",\"logo\":{\"@type\":\"ImageObject\",\"inLanguage\":\"fr-FR\",\"@id\":\"https:\/\/tourtravelandmore.com\/fr\/#\/schema\/logo\/image\/\",\"url\":\"https:\/\/tourtravelandmore.com\/wp-content\/uploads\/2022\/12\/cropped-logo-cabecera-new.png\",\"contentUrl\":\"https:\/\/tourtravelandmore.com\/wp-content\/uploads\/2022\/12\/cropped-logo-cabecera-new.png\",\"width\":430,\"height\":61,\"caption\":\"Tour Travel And More\"},\"image\":{\"@id\":\"https:\/\/tourtravelandmore.com\/fr\/#\/schema\/logo\/image\/\"},\"sameAs\":[\"https:\/\/www.facebook.com\/tourtravelandmore\/\",\"https:\/\/x.com\/TourTravel_More\"]}]}<\/script>\n<!-- \/ Yoast SEO Premium plugin. -->","yoast_head_json":{"title":"Excursion priv\u00e9e \u00e0 terre Sommaroy de Tromso - Visite priv\u00e9e de Sommar\u00f8y","description":"Profitez de cette excursion: Visite priv\u00e9e de Sommar\u00f8y au d\u00e9part de Tromso et profitez de leurs monuments et sites les plus importants avec une \u00e9quipe locale.","robots":{"index":"index","follow":"follow","max-snippet":"max-snippet:-1","max-image-preview":"max-image-preview:large","max-video-preview":"max-video-preview:-1"},"canonical":"https:\/\/tourtravelandmore.com\/fr\/tours\/norvege-fr\/tromso-fr\/visite-privee-de-sommaroy\/","og_locale":"fr_FR","og_type":"article","og_title":"Visite priv\u00e9e de Sommar\u00f8y","og_description":"Profitez de cette excursion: Visite priv\u00e9e de Sommar\u00f8y au d\u00e9part de Tromso et profitez de leurs monuments et sites les plus importants avec une \u00e9quipe locale.","og_url":"https:\/\/tourtravelandmore.com\/fr\/tours\/norvege-fr\/tromso-fr\/visite-privee-de-sommaroy\/","og_site_name":"Tour Travel And More","article_publisher":"https:\/\/www.facebook.com\/tourtravelandmore\/","article_modified_time":"2021-03-17T19:01:58+00:00","og_image":[{"width":1024,"height":683,"url":"https:\/\/tourtravelandmore.com\/wp-content\/uploads\/2019\/10\/sommaroy_tromso-4.jpg","type":"image\/jpeg"}],"twitter_card":"summary_large_image","twitter_site":"@TourTravel_More","twitter_misc":{"Dur\u00e9e de lecture estim\u00e9e":"2 minutes"},"schema":{"@context":"https:\/\/schema.org","@graph":[{"@type":"WebPage","@id":"https:\/\/tourtravelandmore.com\/fr\/tours\/norvege-fr\/tromso-fr\/visite-privee-de-sommaroy\/","url":"https:\/\/tourtravelandmore.com\/fr\/tours\/norvege-fr\/tromso-fr\/visite-privee-de-sommaroy\/","name":"Excursion priv\u00e9e \u00e0 terre Sommaroy de Tromso - Visite priv\u00e9e de Sommar\u00f8y","isPartOf":{"@id":"https:\/\/tourtravelandmore.com\/fr\/#website"},"primaryImageOfPage":{"@id":"https:\/\/tourtravelandmore.com\/fr\/tours\/norvege-fr\/tromso-fr\/visite-privee-de-sommaroy\/#primaryimage"},"image":{"@id":"https:\/\/tourtravelandmore.com\/fr\/tours\/norvege-fr\/tromso-fr\/visite-privee-de-sommaroy\/#primaryimage"},"thumbnailUrl":"https:\/\/tourtravelandmore.com\/wp-content\/uploads\/2019\/10\/sommaroy_tromso-4.jpg","datePublished":"2019-10-10T11:11:41+00:00","dateModified":"2021-03-17T19:01:58+00:00","description":"Profitez de cette excursion: Visite priv\u00e9e de Sommar\u00f8y au d\u00e9part de Tromso et profitez de leurs monuments et sites les plus importants avec une \u00e9quipe locale.","breadcrumb":{"@id":"https:\/\/tourtravelandmore.com\/fr\/tours\/norvege-fr\/tromso-fr\/visite-privee-de-sommaroy\/#breadcrumb"},"inLanguage":"fr-FR","potentialAction":[{"@type":"ReadAction","target":["https:\/\/tourtravelandmore.com\/fr\/tours\/norvege-fr\/tromso-fr\/visite-privee-de-sommaroy\/"]}]},{"@type":"ImageObject","inLanguage":"fr-FR","@id":"https:\/\/tourtravelandmore.com\/fr\/tours\/norvege-fr\/tromso-fr\/visite-privee-de-sommaroy\/#primaryimage","url":"https:\/\/tourtravelandmore.com\/wp-content\/uploads\/2019\/10\/sommaroy_tromso-4.jpg","contentUrl":"https:\/\/tourtravelandmore.com\/wp-content\/uploads\/2019\/10\/sommaroy_tromso-4.jpg","width":1024,"height":683,"caption":"Shot at Sommaroy outside Tromso, Norway."},{"@type":"BreadcrumbList","@id":"https:\/\/tourtravelandmore.com\/fr\/tours\/norvege-fr\/tromso-fr\/visite-privee-de-sommaroy\/#breadcrumb","itemListElement":[{"@type":"ListItem","position":1,"name":"Home","item":"https:\/\/tourtravelandmore.com\/fr\/"},{"@type":"ListItem","position":2,"name":"Tours","item":"https:\/\/tourtravelandmore.com\/fr\/tours\/"},{"@type":"ListItem","position":3,"name":"Visite priv\u00e9e de Sommar\u00f8y"}]},{"@type":"WebSite","@id":"https:\/\/tourtravelandmore.com\/fr\/#website","url":"https:\/\/tourtravelandmore.com\/fr\/","name":"Tour Travel And More","description":"Private sightseeing tours and luxury transfers in Spain","publisher":{"@id":"https:\/\/tourtravelandmore.com\/fr\/#organization"},"potentialAction":[{"@type":"SearchAction","target":{"@type":"EntryPoint","urlTemplate":"https:\/\/tourtravelandmore.com\/fr\/?s={search_term_string}"},"query-input":{"@type":"PropertyValueSpecification","valueRequired":true,"valueName":"search_term_string"}}],"inLanguage":"fr-FR"},{"@type":"Organization","@id":"https:\/\/tourtravelandmore.com\/fr\/#organization","name":"Tour Travel And More","url":"https:\/\/tourtravelandmore.com\/fr\/","logo":{"@type":"ImageObject","inLanguage":"fr-FR","@id":"https:\/\/tourtravelandmore.com\/fr\/#\/schema\/logo\/image\/","url":"https:\/\/tourtravelandmore.com\/wp-content\/uploads\/2022\/12\/cropped-logo-cabecera-new.png","contentUrl":"https:\/\/tourtravelandmore.com\/wp-content\/uploads\/2022\/12\/cropped-logo-cabecera-new.png","width":430,"height":61,"caption":"Tour Travel And More"},"image":{"@id":"https:\/\/tourtravelandmore.com\/fr\/#\/schema\/logo\/image\/"},"sameAs":["https:\/\/www.facebook.com\/tourtravelandmore\/","https:\/\/x.com\/TourTravel_More"]}]}},"_links":{"self":[{"href":"https:\/\/tourtravelandmore.com\/fr\/wp-json\/wp\/v2\/product\/103929","targetHints":{"allow":["GET"]}}],"collection":[{"href":"https:\/\/tourtravelandmore.com\/fr\/wp-json\/wp\/v2\/product"}],"about":[{"href":"https:\/\/tourtravelandmore.com\/fr\/wp-json\/wp\/v2\/types\/product"}],"replies":[{"embeddable":true,"href":"https:\/\/tourtravelandmore.com\/fr\/wp-json\/wp\/v2\/comments?post=103929"}],"wp:featuredmedia":[{"embeddable":true,"href":"https:\/\/tourtravelandmore.com\/fr\/wp-json\/wp\/v2\/media\/96483"}],"wp:attachment":[{"href":"https:\/\/tourtravelandmore.com\/fr\/wp-json\/wp\/v2\/media?parent=103929"}],"wp:term":[{"taxonomy":"product_brand","embeddable":true,"href":"https:\/\/tourtravelandmore.com\/fr\/wp-json\/wp\/v2\/product_brand?post=103929"},{"taxonomy":"product_cat","embeddable":true,"href":"https:\/\/tourtravelandmore.com\/fr\/wp-json\/wp\/v2\/product_cat?post=103929"},{"taxonomy":"product_tag","embeddable":true,"href":"https:\/\/tourtravelandmore.com\/fr\/wp-json\/wp\/v2\/product_tag?post=103929"}],"curies":[{"name":"wp","href":"https:\/\/api.w.org\/{rel}","templated":true}]}}