{"id":103910,"date":"2020-11-23T11:08:50","date_gmt":"2020-11-23T10:08:50","guid":{"rendered":"https:\/\/tourtravelandmore.com\/tours\/non%20class\u00e9\/excursion-privee-a-colorado-springs\/"},"modified":"2021-03-16T21:15:23","modified_gmt":"2021-03-16T20:15:23","slug":"excursion-privee-a-colorado-springs","status":"publish","type":"product","link":"https:\/\/tourtravelandmore.com\/fr\/tours\/etats-unis-fr\/denver-fr\/excursion-privee-a-colorado-springs\/","title":{"rendered":"Excursion priv\u00e9e \u00e0 Colorado Springs"},"content":{"rendered":"<h2>Description:<\/h2>\n<p>Denver est une ville entour\u00e9e de montagnes, de nature sauvage et de beaux paysages. Pour cette raison, vous devez visiter la ville ext\u00e9rieure et la meilleure fa\u00e7on de le faire est avec notre excursion priv\u00e9e \u00e0 Colorado Springs. Passez une journ\u00e9e pleine d&#8217;aventure avec un guide local et un chauffeur priv\u00e9.<\/p>\n<p>Nous viendrons vous chercher \u00e0 votre h\u00f4tel ou lieu de votre choix \u00e0 Denver dans un v\u00e9hicule de luxe priv\u00e9. Cette exp\u00e9rience priv\u00e9e a une dur\u00e9e totale de 9\/10 heures.<\/p>\n<p>Colorado Springs est une ville du Colorado, dans les contreforts est des montagnes Rocheuses. Il est situ\u00e9 pr\u00e8s de Pikes Glacier Peak. Cette ville accueille tout type de tourisme tout au long de l&#8217;ann\u00e9e. C&#8217;est un endroit qui vaut le d\u00e9tour.<\/p>\n<p>Au cours de cette visite priv\u00e9e, vous pourrez visiter les lieux les plus importants de la ville comme l&#8217;Air Force Academy, le Garden of the Gods et Pikes Peak.<\/p>\n<p>N&#8217;oubliez pas d&#8217;explorer notre liste de produits priv\u00e9s \u00e0 Denver et en provenance de Denver!.<\/p>\n<h2>Sites d&#8217;int\u00e9r\u00eat et monuments<\/h2>\n<p>Votre premier contact avec Tour Travel &amp; More se fera \u00e0 votre h\u00f4tel ou lieu de votre choix \u00e0 Denver. Une fois \u00e0 bord, vous commencerez votre excursion priv\u00e9e \u00e0 Colorado Springs.<\/p>\n<p>Tout d&#8217;abord, vous visiterez l&#8217;Air Force Academy. Ici, vous visiterez l&#8217;institution acad\u00e9mique pour la formation des officiers commissionn\u00e9s dans l&#8217;arm\u00e9e de l&#8217;air. Le billet d&#8217;entr\u00e9e est inclus dans le prix de la visite.<\/p>\n<p>Apr\u00e8s cela, vous continuerez vers le jardin des dieux o\u00f9 vous marcherez et traverserez le parc. Ce parc est l&#8217;un des plus visit\u00e9s puisqu&#8217;il offre de beaux paysages \u00e0 couper le souffle.<\/p>\n<p>Troisi\u00e8mement, vous roulerez jusqu&#8217;\u00e0 la montagne Pikes Peak. Un fait int\u00e9ressant, c&#8217;est que cette montagne est la deuxi\u00e8me montagne la plus escalad\u00e9e des \u00c9tats-Unis. Ici, vous admirerez la vue imprenable sur tous les Colorado Springs.<\/p>\n<p>Notre dernier arr\u00eat sera Manitou Springs, une petite ville situ\u00e9e dans le comt\u00e9 d&#8217;El Paso, dans l&#8217;\u00c9tat am\u00e9ricain du Colorado. Elle est consid\u00e9r\u00e9e comme une ville de montagne typique o\u00f9 vous pouvez prendre un caf\u00e9 ou acheter un souvenir de votre excursion d&#8217;une journ\u00e9e.<\/p>\n<p>Enfin, apr\u00e8s une journ\u00e9e pleine d&#8217;aventures, votre chauffeur priv\u00e9 et votre guide officiel vous ram\u00e8neront \u00e0 Denver.<\/p>\n<p><button style=\"width: auto; height: auto; background-image: url('data:image\/png;base64,iVBORw0KGgoAAAANSUhEUgAAADAAAAAwCAYAAABXAvmHAAABS2lUWHRYTUw6Y29tLmFkb2JlLnhtcAAAAAAAPD94cGFja2V0IGJlZ2luPSLvu78iIGlkPSJXNU0wTXBDZWhpSHpyZVN6TlRjemtjOWQiPz4KPHg6eG1wbWV0YSB4bWxuczp4PSJhZG9iZTpuczptZXRhLyIgeDp4bXB0az0iQWRvYmUgWE1QIENvcmUgNS42LWMxMzggNzkuMTU5ODI0LCAyMDE2LzA5LzE0LTAxOjA5OjAxICAgICAgICAiPgogPHJkZjpSREYgeG1sbnM6cmRmPSJodHRwOi8vd3d3LnczLm9yZy8xOTk5LzAyLzIyLXJkZi1zeW50YXgtbnMjIj4KICA8cmRmOkRlc2NyaXB0aW9uIHJkZjphYm91dD0iIi8+CiA8L3JkZjpSREY+CjwveDp4bXBtZXRhPgo8P3hwYWNrZXQgZW5kPSJyIj8+IEmuOgAAAx5JREFUaIHtmj1L81wYx39JI75AbYtgBTFTRdQGXV2cxMlPICjiakHE0cVJB5FO4uLgN1AnZ\/0EgoLQtd6tL6hJIwia9DzDg6Wxpcb7hMTe+INCz+t1\/TnJuU7OOYoQ4g8Qpz2xFSGEiNoLGVTAjtoJCWw1ag9k0eoTQgg2NzcplUp0dHRE5VNTHMdB0zTy+TydnZ21fI8Ay7K4vr4ml8uRSqVCd7IVQgjW19cpFAoYhlHLbxiBTCbD9PR06A76YXx8HNd1PXmed0BRFBzHwTTNUB3zy\/v7O7FYzJPX9i\/xr4Co0b6u0prj42Pu7u5a1unp6UHXdSYmJkgmk7ImPUgLWFlZoVQq+aqbSCSYn59ne3ubRCIhaxoI4BHSdd13Xcuy2N\/fxzCML0fNL9IjoChK7f\/p6Smjo6MNdWzb5vz8nI2NDUzTpFgsMjMzw+Xlpax5eQH1TE5OMjAw0LQsm80yNzdHNpvFtm2urq44PDxkaWlJymags9D9\/X3Lcl3X2dnZqaX39vakbYY+jS4uLtLV1QXAxcUFlUpFqr\/QBXR3d9Pf3w\/8v8J8fn6W6i90Aa7r8vT0BEAsFpOeTkMXcHJywsvLCwAjIyPSgS1QAb29vS3LHx4eyOVytfTy8rK0zUAFPD4+8vb25vm9vr5SLBY5ODjAMAzK5TIAQ0NDrK6uStsMNA7Mzs42rNfrn\/kP0uk0Z2dnaJq8+UAFfHb0M6qqsrCwwO7uLn19fYHYDFTA2tpa00isaRqDg4NMTU19a+3kh0AFbG1t1YJUWAT6EhcKhSC780Xbf5H9CoiaXwFRIy2gPng5jiPb3beRjgPDw8NYlgUQegyAAAQcHR3xccgTxNrmu0hbjMJpj32ZxkIITNOkWq16tlf8tlVVlWQy+e229UgLKJfLuK77VwI+PikjE6CqKmNjYzJdSPPvxQFVVT2HaD8JVVX5fKzdcEZWLpe5vb39cYd8ADc3Nw1nZB4B8XicdDpNPp+PJCi1wnEcUqkUmUzGk68IISp8uitRqVSoVqth+ueLJntIdtNZ6Kv9nZ9E21\/20IASbXzd5j\/MIQu2KoJrJwAAAABJRU5ErkJggg=='); background-size: 14px 14px; background-color: #000000; position: absolute; opacity: 1; z-index: 86753099; display: none; cursor: pointer; border: none; border-top-left-radius: 3px; border-top-right-radius: 3px; border-bottom-right-radius: 3px; border-bottom-left-radius: 3px; text-indent: 20px; padding: 0px 4px 0px 0px; text-align: center; font-style: normal; font-variant-caps: normal; font-weight: bold; font-stretch: normal; font-size: 11px; line-height: 20px; font-family: 'Helvetica Neue', Helvetica, sans-serif; color: #ffffff; text-transform: capitalize; -webkit-font-smoothing: antialiased; top: 1397px; left: 563px; background-position: 3px 50%; background-repeat: no-repeat no-repeat;\">plan it<\/button><\/p>\n","protected":false},"excerpt":{"rendered":"<p>Visitez la charmante ville de Colorado Springs et tout ce qui a \u00e0 offrir confortablement dans un v\u00e9hicule de luxe priv\u00e9 de Denver. Profitez de l&#8217;occasion pour visiter tous les lieux et monuments les plus importants de cette merveilleuse ville.<\/p>\n","protected":false},"featured_media":87650,"comment_status":"open","ping_status":"closed","template":"","meta":{"_acf_changed":false},"product_brand":[],"product_cat":[3547,3769],"product_tag":[],"class_list":{"0":"post-103910","1":"product","2":"type-product","3":"status-publish","4":"has-post-thumbnail","6":"product_cat-etats-unis-fr","7":"product_cat-denver-fr","9":"first","10":"instock","11":"shipping-taxable","12":"purchasable","13":"product-type-simple"},"acf":[],"yoast_head":"<!-- This site is optimized with the Yoast SEO Premium plugin v25.3.1 (Yoast SEO v25.3.1) - https:\/\/yoast.com\/wordpress\/plugins\/seo\/ -->\n<title>Excursion priv\u00e9e \u00e0 Colorado Springs depuis Denver City<\/title>\n<meta name=\"description\" content=\"Profitez de cette excursion priv\u00e9e \u00e0 Colorado Springs au d\u00e9part de Denver aux c\u00f4t\u00e9s de votre chauffeur priv\u00e9 et de votre guide officiel local.\" \/>\n<meta name=\"robots\" content=\"index, follow, max-snippet:-1, max-image-preview:large, max-video-preview:-1\" \/>\n<link rel=\"canonical\" href=\"https:\/\/tourtravelandmore.com\/fr\/tours\/etats-unis-fr\/denver-fr\/excursion-privee-a-colorado-springs\/\" \/>\n<meta property=\"og:locale\" content=\"fr_FR\" \/>\n<meta property=\"og:type\" content=\"article\" \/>\n<meta property=\"og:title\" content=\"Excursion priv\u00e9e \u00e0 Colorado Springs\" \/>\n<meta property=\"og:description\" content=\"Profitez de cette excursion priv\u00e9e \u00e0 Colorado Springs au d\u00e9part de Denver aux c\u00f4t\u00e9s de votre chauffeur priv\u00e9 et de votre guide officiel local.\" \/>\n<meta property=\"og:url\" content=\"https:\/\/tourtravelandmore.com\/fr\/tours\/etats-unis-fr\/denver-fr\/excursion-privee-a-colorado-springs\/\" \/>\n<meta property=\"og:site_name\" content=\"Tour Travel And More\" \/>\n<meta property=\"article:publisher\" content=\"https:\/\/www.facebook.com\/tourtravelandmore\/\" \/>\n<meta property=\"article:modified_time\" content=\"2021-03-16T20:15:23+00:00\" \/>\n<meta property=\"og:image\" content=\"https:\/\/tourtravelandmore.com\/wp-content\/uploads\/2020\/11\/colorado-7.jpg\" \/>\n\t<meta property=\"og:image:width\" content=\"1280\" \/>\n\t<meta property=\"og:image:height\" content=\"853\" \/>\n\t<meta property=\"og:image:type\" content=\"image\/jpeg\" \/>\n<meta name=\"twitter:card\" content=\"summary_large_image\" \/>\n<meta name=\"twitter:site\" content=\"@TourTravel_More\" \/>\n<meta name=\"twitter:label1\" content=\"Dur\u00e9e de lecture estim\u00e9e\" \/>\n\t<meta name=\"twitter:data1\" content=\"2 minutes\" \/>\n<script type=\"application\/ld+json\" class=\"yoast-schema-graph\">{\"@context\":\"https:\/\/schema.org\",\"@graph\":[{\"@type\":\"WebPage\",\"@id\":\"https:\/\/tourtravelandmore.com\/fr\/tours\/etats-unis-fr\/denver-fr\/excursion-privee-a-colorado-springs\/\",\"url\":\"https:\/\/tourtravelandmore.com\/fr\/tours\/etats-unis-fr\/denver-fr\/excursion-privee-a-colorado-springs\/\",\"name\":\"Excursion priv\u00e9e \u00e0 Colorado Springs depuis Denver City\",\"isPartOf\":{\"@id\":\"https:\/\/tourtravelandmore.com\/fr\/#website\"},\"primaryImageOfPage\":{\"@id\":\"https:\/\/tourtravelandmore.com\/fr\/tours\/etats-unis-fr\/denver-fr\/excursion-privee-a-colorado-springs\/#primaryimage\"},\"image\":{\"@id\":\"https:\/\/tourtravelandmore.com\/fr\/tours\/etats-unis-fr\/denver-fr\/excursion-privee-a-colorado-springs\/#primaryimage\"},\"thumbnailUrl\":\"https:\/\/tourtravelandmore.com\/wp-content\/uploads\/2020\/11\/colorado-7.jpg\",\"datePublished\":\"2020-11-23T10:08:50+00:00\",\"dateModified\":\"2021-03-16T20:15:23+00:00\",\"description\":\"Profitez de cette excursion priv\u00e9e \u00e0 Colorado Springs au d\u00e9part de Denver aux c\u00f4t\u00e9s de votre chauffeur priv\u00e9 et de votre guide officiel local.\",\"breadcrumb\":{\"@id\":\"https:\/\/tourtravelandmore.com\/fr\/tours\/etats-unis-fr\/denver-fr\/excursion-privee-a-colorado-springs\/#breadcrumb\"},\"inLanguage\":\"fr-FR\",\"potentialAction\":[{\"@type\":\"ReadAction\",\"target\":[\"https:\/\/tourtravelandmore.com\/fr\/tours\/etats-unis-fr\/denver-fr\/excursion-privee-a-colorado-springs\/\"]}]},{\"@type\":\"ImageObject\",\"inLanguage\":\"fr-FR\",\"@id\":\"https:\/\/tourtravelandmore.com\/fr\/tours\/etats-unis-fr\/denver-fr\/excursion-privee-a-colorado-springs\/#primaryimage\",\"url\":\"https:\/\/tourtravelandmore.com\/wp-content\/uploads\/2020\/11\/colorado-7.jpg\",\"contentUrl\":\"https:\/\/tourtravelandmore.com\/wp-content\/uploads\/2020\/11\/colorado-7.jpg\",\"width\":1280,\"height\":853},{\"@type\":\"BreadcrumbList\",\"@id\":\"https:\/\/tourtravelandmore.com\/fr\/tours\/etats-unis-fr\/denver-fr\/excursion-privee-a-colorado-springs\/#breadcrumb\",\"itemListElement\":[{\"@type\":\"ListItem\",\"position\":1,\"name\":\"Home\",\"item\":\"https:\/\/tourtravelandmore.com\/fr\/\"},{\"@type\":\"ListItem\",\"position\":2,\"name\":\"Tours\",\"item\":\"https:\/\/tourtravelandmore.com\/fr\/tours\/\"},{\"@type\":\"ListItem\",\"position\":3,\"name\":\"Excursion priv\u00e9e \u00e0 Colorado Springs\"}]},{\"@type\":\"WebSite\",\"@id\":\"https:\/\/tourtravelandmore.com\/fr\/#website\",\"url\":\"https:\/\/tourtravelandmore.com\/fr\/\",\"name\":\"Tour Travel And More\",\"description\":\"Private sightseeing tours and luxury transfers in Spain\",\"publisher\":{\"@id\":\"https:\/\/tourtravelandmore.com\/fr\/#organization\"},\"potentialAction\":[{\"@type\":\"SearchAction\",\"target\":{\"@type\":\"EntryPoint\",\"urlTemplate\":\"https:\/\/tourtravelandmore.com\/fr\/?s={search_term_string}\"},\"query-input\":{\"@type\":\"PropertyValueSpecification\",\"valueRequired\":true,\"valueName\":\"search_term_string\"}}],\"inLanguage\":\"fr-FR\"},{\"@type\":\"Organization\",\"@id\":\"https:\/\/tourtravelandmore.com\/fr\/#organization\",\"name\":\"Tour Travel And More\",\"url\":\"https:\/\/tourtravelandmore.com\/fr\/\",\"logo\":{\"@type\":\"ImageObject\",\"inLanguage\":\"fr-FR\",\"@id\":\"https:\/\/tourtravelandmore.com\/fr\/#\/schema\/logo\/image\/\",\"url\":\"https:\/\/tourtravelandmore.com\/wp-content\/uploads\/2022\/12\/cropped-logo-cabecera-new.png\",\"contentUrl\":\"https:\/\/tourtravelandmore.com\/wp-content\/uploads\/2022\/12\/cropped-logo-cabecera-new.png\",\"width\":430,\"height\":61,\"caption\":\"Tour Travel And More\"},\"image\":{\"@id\":\"https:\/\/tourtravelandmore.com\/fr\/#\/schema\/logo\/image\/\"},\"sameAs\":[\"https:\/\/www.facebook.com\/tourtravelandmore\/\",\"https:\/\/x.com\/TourTravel_More\"]}]}<\/script>\n<!-- \/ Yoast SEO Premium plugin. -->","yoast_head_json":{"title":"Excursion priv\u00e9e \u00e0 Colorado Springs depuis Denver City","description":"Profitez de cette excursion priv\u00e9e \u00e0 Colorado Springs au d\u00e9part de Denver aux c\u00f4t\u00e9s de votre chauffeur priv\u00e9 et de votre guide officiel local.","robots":{"index":"index","follow":"follow","max-snippet":"max-snippet:-1","max-image-preview":"max-image-preview:large","max-video-preview":"max-video-preview:-1"},"canonical":"https:\/\/tourtravelandmore.com\/fr\/tours\/etats-unis-fr\/denver-fr\/excursion-privee-a-colorado-springs\/","og_locale":"fr_FR","og_type":"article","og_title":"Excursion priv\u00e9e \u00e0 Colorado Springs","og_description":"Profitez de cette excursion priv\u00e9e \u00e0 Colorado Springs au d\u00e9part de Denver aux c\u00f4t\u00e9s de votre chauffeur priv\u00e9 et de votre guide officiel local.","og_url":"https:\/\/tourtravelandmore.com\/fr\/tours\/etats-unis-fr\/denver-fr\/excursion-privee-a-colorado-springs\/","og_site_name":"Tour Travel And More","article_publisher":"https:\/\/www.facebook.com\/tourtravelandmore\/","article_modified_time":"2021-03-16T20:15:23+00:00","og_image":[{"width":1280,"height":853,"url":"https:\/\/tourtravelandmore.com\/wp-content\/uploads\/2020\/11\/colorado-7.jpg","type":"image\/jpeg"}],"twitter_card":"summary_large_image","twitter_site":"@TourTravel_More","twitter_misc":{"Dur\u00e9e de lecture estim\u00e9e":"2 minutes"},"schema":{"@context":"https:\/\/schema.org","@graph":[{"@type":"WebPage","@id":"https:\/\/tourtravelandmore.com\/fr\/tours\/etats-unis-fr\/denver-fr\/excursion-privee-a-colorado-springs\/","url":"https:\/\/tourtravelandmore.com\/fr\/tours\/etats-unis-fr\/denver-fr\/excursion-privee-a-colorado-springs\/","name":"Excursion priv\u00e9e \u00e0 Colorado Springs depuis Denver City","isPartOf":{"@id":"https:\/\/tourtravelandmore.com\/fr\/#website"},"primaryImageOfPage":{"@id":"https:\/\/tourtravelandmore.com\/fr\/tours\/etats-unis-fr\/denver-fr\/excursion-privee-a-colorado-springs\/#primaryimage"},"image":{"@id":"https:\/\/tourtravelandmore.com\/fr\/tours\/etats-unis-fr\/denver-fr\/excursion-privee-a-colorado-springs\/#primaryimage"},"thumbnailUrl":"https:\/\/tourtravelandmore.com\/wp-content\/uploads\/2020\/11\/colorado-7.jpg","datePublished":"2020-11-23T10:08:50+00:00","dateModified":"2021-03-16T20:15:23+00:00","description":"Profitez de cette excursion priv\u00e9e \u00e0 Colorado Springs au d\u00e9part de Denver aux c\u00f4t\u00e9s de votre chauffeur priv\u00e9 et de votre guide officiel local.","breadcrumb":{"@id":"https:\/\/tourtravelandmore.com\/fr\/tours\/etats-unis-fr\/denver-fr\/excursion-privee-a-colorado-springs\/#breadcrumb"},"inLanguage":"fr-FR","potentialAction":[{"@type":"ReadAction","target":["https:\/\/tourtravelandmore.com\/fr\/tours\/etats-unis-fr\/denver-fr\/excursion-privee-a-colorado-springs\/"]}]},{"@type":"ImageObject","inLanguage":"fr-FR","@id":"https:\/\/tourtravelandmore.com\/fr\/tours\/etats-unis-fr\/denver-fr\/excursion-privee-a-colorado-springs\/#primaryimage","url":"https:\/\/tourtravelandmore.com\/wp-content\/uploads\/2020\/11\/colorado-7.jpg","contentUrl":"https:\/\/tourtravelandmore.com\/wp-content\/uploads\/2020\/11\/colorado-7.jpg","width":1280,"height":853},{"@type":"BreadcrumbList","@id":"https:\/\/tourtravelandmore.com\/fr\/tours\/etats-unis-fr\/denver-fr\/excursion-privee-a-colorado-springs\/#breadcrumb","itemListElement":[{"@type":"ListItem","position":1,"name":"Home","item":"https:\/\/tourtravelandmore.com\/fr\/"},{"@type":"ListItem","position":2,"name":"Tours","item":"https:\/\/tourtravelandmore.com\/fr\/tours\/"},{"@type":"ListItem","position":3,"name":"Excursion priv\u00e9e \u00e0 Colorado Springs"}]},{"@type":"WebSite","@id":"https:\/\/tourtravelandmore.com\/fr\/#website","url":"https:\/\/tourtravelandmore.com\/fr\/","name":"Tour Travel And More","description":"Private sightseeing tours and luxury transfers in Spain","publisher":{"@id":"https:\/\/tourtravelandmore.com\/fr\/#organization"},"potentialAction":[{"@type":"SearchAction","target":{"@type":"EntryPoint","urlTemplate":"https:\/\/tourtravelandmore.com\/fr\/?s={search_term_string}"},"query-input":{"@type":"PropertyValueSpecification","valueRequired":true,"valueName":"search_term_string"}}],"inLanguage":"fr-FR"},{"@type":"Organization","@id":"https:\/\/tourtravelandmore.com\/fr\/#organization","name":"Tour Travel And More","url":"https:\/\/tourtravelandmore.com\/fr\/","logo":{"@type":"ImageObject","inLanguage":"fr-FR","@id":"https:\/\/tourtravelandmore.com\/fr\/#\/schema\/logo\/image\/","url":"https:\/\/tourtravelandmore.com\/wp-content\/uploads\/2022\/12\/cropped-logo-cabecera-new.png","contentUrl":"https:\/\/tourtravelandmore.com\/wp-content\/uploads\/2022\/12\/cropped-logo-cabecera-new.png","width":430,"height":61,"caption":"Tour Travel And More"},"image":{"@id":"https:\/\/tourtravelandmore.com\/fr\/#\/schema\/logo\/image\/"},"sameAs":["https:\/\/www.facebook.com\/tourtravelandmore\/","https:\/\/x.com\/TourTravel_More"]}]}},"_links":{"self":[{"href":"https:\/\/tourtravelandmore.com\/fr\/wp-json\/wp\/v2\/product\/103910","targetHints":{"allow":["GET"]}}],"collection":[{"href":"https:\/\/tourtravelandmore.com\/fr\/wp-json\/wp\/v2\/product"}],"about":[{"href":"https:\/\/tourtravelandmore.com\/fr\/wp-json\/wp\/v2\/types\/product"}],"replies":[{"embeddable":true,"href":"https:\/\/tourtravelandmore.com\/fr\/wp-json\/wp\/v2\/comments?post=103910"}],"wp:featuredmedia":[{"embeddable":true,"href":"https:\/\/tourtravelandmore.com\/fr\/wp-json\/wp\/v2\/media\/87650"}],"wp:attachment":[{"href":"https:\/\/tourtravelandmore.com\/fr\/wp-json\/wp\/v2\/media?parent=103910"}],"wp:term":[{"taxonomy":"product_brand","embeddable":true,"href":"https:\/\/tourtravelandmore.com\/fr\/wp-json\/wp\/v2\/product_brand?post=103910"},{"taxonomy":"product_cat","embeddable":true,"href":"https:\/\/tourtravelandmore.com\/fr\/wp-json\/wp\/v2\/product_cat?post=103910"},{"taxonomy":"product_tag","embeddable":true,"href":"https:\/\/tourtravelandmore.com\/fr\/wp-json\/wp\/v2\/product_tag?post=103910"}],"curies":[{"name":"wp","href":"https:\/\/api.w.org\/{rel}","templated":true}]}}