{"id":103867,"date":"2020-09-21T12:21:29","date_gmt":"2020-09-21T10:21:29","guid":{"rendered":"https:\/\/tourtravelandmore.com\/tours\/non%20class\u00e9\/visite-privee-datlanta\/"},"modified":"2021-03-16T21:00:11","modified_gmt":"2021-03-16T20:00:11","slug":"visite-privee-datlanta","status":"publish","type":"product","link":"https:\/\/tourtravelandmore.com\/fr\/tours\/etats-unis-fr\/atlanta-fr\/visite-privee-datlanta\/","title":{"rendered":"Visite priv\u00e9e d&#8217;Atlanta"},"content":{"rendered":"<h2>Description:<\/h2>\n<p>L&#8217;une des meilleures fa\u00e7ons de conna\u00eetre une ville est de faire une visite priv\u00e9e. Notre visite priv\u00e9e \u00e0 Atlanta vous donnera la chance de conna\u00eetre de superbes endroits dans la capitale de la G\u00e9orgie!<\/p>\n<p>Cette ville historique qui a des histoires incroyables comme br\u00fbl\u00e9 pendant la guerre civile am\u00e9ricaine vous \u00e9merveillera gr\u00e2ce \u00e0 votre guide priv\u00e9. Atlanta \u00e9tait \u00e9galement le berceau des c\u00e9l\u00e8bres mouvements de d\u00e9fense des droits civiques, comme bien s\u00fbr le Dr Martin Luther King Jr.<\/p>\n<p>Cela dit, l&#8217;une des attractions touristiques les plus c\u00e9l\u00e8bres est le monde de Cocacola! Qui ne veut pas y jeter un coup d&#8217;\u0153il?<\/p>\n<p>Cette visite priv\u00e9e d\u00e9butera depuis votre h\u00f4tel ou lieu de votre choix dans la ville d&#8217;Atlanta. Notre guide priv\u00e9 vous attendra \u00e0 votre h\u00f4tel et notre v\u00e9hicule priv\u00e9 avec chauffeur vous attendra. Vous commencerez ensuite votre visite priv\u00e9e.<\/p>\n<p>Profitez d&#8217;une visite guid\u00e9e de 4 heures de l&#8217;une des villes les plus int\u00e9ressantes du sud des \u00c9tats-Unis. Explorez Atlanta lors de cette visite priv\u00e9e d&#8217;Atlanta avec votre propre \u00e9quipe professionnelle!<\/p>\n<p>Entre autres sites; avoir une vue sur le monde de Coca-Cola, le lieu de naissance de Martin Luther King, le c\u00e9l\u00e8bre aquarium et bien plus encore!<\/p>\n<p>Cette visite priv\u00e9e se terminera \u00e0 votre h\u00f4tel dans le centre-ville!<\/p>\n<h2>Sites d&#8217;int\u00e9r\u00eat et monuments<\/h2>\n<p>Apr\u00e8s une prise en charge confortable et facile, nous commencerons cette visite priv\u00e9e. Votre chauffeur et votre guide s\u00e9par\u00e9 sont \u00e0 votre disposition pour vous garantir une exp\u00e9rience unique.<\/p>\n<p>Explorez et d\u00e9couvrez le meilleur d&#8217;Atlanta!<\/p>\n<p>Jetez un \u0153il et apprenez \u00e0 conna\u00eetre les sites suivants;<\/p>\n<ul>\n<li>Parc historique national Martin Luther King Jr<\/li>\n<li>Maison de Martin Luther King Jr. O\u00f9 il est n\u00e9<\/li>\n<li>Monde de Coca-Cola. Apr\u00e8s tant d&#8217;ann\u00e9es, l&#8217;entreprise a son si\u00e8ge \u00e0 Atlanta<\/li>\n<li>Avoir une vue ext\u00e9rieure \u00e0 l&#8217;aquarium. L&#8217;un des plus grands que vous trouverez<\/li>\n<li>Vue du High Museum of Art<\/li>\n<li>Vue sur le jardin botanique d&#8217;Atlanta<\/li>\n<li>Centre national des droits civils et humains<\/li>\n<li>Parc du Pi\u00e9mont<\/li>\n<li>Parc olympique du centenaire<\/li>\n<li>Centre d&#8217;histoire d&#8217;Atlanta<\/li>\n<li>March\u00e9 de la ville de Ponce<\/li>\n<li>Le Fox Theatre<\/li>\n<li>Buckhead<\/li>\n<li>Capitole de l&#8217;\u00c9tat de G\u00e9orgie<\/li>\n<li>Vue du centre des studios CNN<\/li>\n<li>Petit cinq points<\/li>\n<li>Beaucoup plus!<\/li>\n<\/ul>\n<p>Apr\u00e8s avoir profit\u00e9 des meilleurs sites avec votre chauffeur et votre guide, nous vous d\u00e9poserons \u00e0 votre h\u00f4tel \u00e0 Atlanta.<\/p>\n<p>Ne manquez pas tous nos services priv\u00e9s \u00e0 Atlanta. Nous organisons des visites priv\u00e9es dans les principales villes du monde!<\/p>\n","protected":false},"excerpt":{"rendered":"<p>Visite priv\u00e9e d&#8217;Atlanta avec un guide officiel et un chauffeur priv\u00e9 avec v\u00e9hicule. Apprenez \u00e0 conna\u00eetre les meilleurs endroits d&#8217;Atlanta avec une \u00e9quipe professionnelle! Nous sommes \u00e0 votre \u00e9coute pour une exp\u00e9rience unique.<\/p>\n","protected":false},"featured_media":98332,"comment_status":"open","ping_status":"closed","template":"","meta":{"_acf_changed":false},"product_brand":[],"product_cat":[3547,3774],"product_tag":[],"class_list":{"0":"post-103867","1":"product","2":"type-product","3":"status-publish","4":"has-post-thumbnail","6":"product_cat-etats-unis-fr","7":"product_cat-atlanta-fr","9":"first","10":"instock","11":"shipping-taxable","12":"purchasable","13":"product-type-simple"},"acf":[],"yoast_head":"<!-- This site is optimized with the Yoast SEO Premium plugin v25.3.1 (Yoast SEO v25.3.1) - https:\/\/yoast.com\/wordpress\/plugins\/seo\/ -->\n<title>Visite priv\u00e9e d&#039;Atlanta - Guide touristique officiel priv\u00e9 et v\u00e9hicule priv\u00e9<\/title>\n<meta name=\"description\" content=\"Visite priv\u00e9e d&#039;Atlanta avec un guide officiel et un chauffeur priv\u00e9 avec v\u00e9hicule. D\u00e9couvrez les meilleurs spots d&#039;Atlanta avec une \u00e9quipe professionnelle!\" \/>\n<meta name=\"robots\" content=\"index, follow, max-snippet:-1, max-image-preview:large, max-video-preview:-1\" \/>\n<link rel=\"canonical\" href=\"https:\/\/tourtravelandmore.com\/fr\/tours\/etats-unis-fr\/atlanta-fr\/visite-privee-datlanta\/\" \/>\n<meta property=\"og:locale\" content=\"fr_FR\" \/>\n<meta property=\"og:type\" content=\"article\" \/>\n<meta property=\"og:title\" content=\"Visite priv\u00e9e d&#039;Atlanta\" \/>\n<meta property=\"og:description\" content=\"Visite priv\u00e9e d&#039;Atlanta avec un guide officiel et un chauffeur priv\u00e9 avec v\u00e9hicule. D\u00e9couvrez les meilleurs spots d&#039;Atlanta avec une \u00e9quipe professionnelle!\" \/>\n<meta property=\"og:url\" content=\"https:\/\/tourtravelandmore.com\/fr\/tours\/etats-unis-fr\/atlanta-fr\/visite-privee-datlanta\/\" \/>\n<meta property=\"og:site_name\" content=\"Tour Travel And More\" \/>\n<meta property=\"article:publisher\" content=\"https:\/\/www.facebook.com\/tourtravelandmore\/\" \/>\n<meta property=\"article:modified_time\" content=\"2021-03-16T20:00:11+00:00\" \/>\n<meta property=\"og:image\" content=\"https:\/\/tourtravelandmore.com\/wp-content\/uploads\/2020\/09\/altlanta-6-scaled.jpg\" \/>\n\t<meta property=\"og:image:width\" content=\"2560\" \/>\n\t<meta property=\"og:image:height\" content=\"1692\" \/>\n\t<meta property=\"og:image:type\" content=\"image\/jpeg\" \/>\n<meta name=\"twitter:card\" content=\"summary_large_image\" \/>\n<meta name=\"twitter:site\" content=\"@TourTravel_More\" \/>\n<meta name=\"twitter:label1\" content=\"Dur\u00e9e de lecture estim\u00e9e\" \/>\n\t<meta name=\"twitter:data1\" content=\"2 minutes\" \/>\n<script type=\"application\/ld+json\" class=\"yoast-schema-graph\">{\"@context\":\"https:\/\/schema.org\",\"@graph\":[{\"@type\":\"WebPage\",\"@id\":\"https:\/\/tourtravelandmore.com\/fr\/tours\/etats-unis-fr\/atlanta-fr\/visite-privee-datlanta\/\",\"url\":\"https:\/\/tourtravelandmore.com\/fr\/tours\/etats-unis-fr\/atlanta-fr\/visite-privee-datlanta\/\",\"name\":\"Visite priv\u00e9e d'Atlanta - Guide touristique officiel priv\u00e9 et v\u00e9hicule priv\u00e9\",\"isPartOf\":{\"@id\":\"https:\/\/tourtravelandmore.com\/fr\/#website\"},\"primaryImageOfPage\":{\"@id\":\"https:\/\/tourtravelandmore.com\/fr\/tours\/etats-unis-fr\/atlanta-fr\/visite-privee-datlanta\/#primaryimage\"},\"image\":{\"@id\":\"https:\/\/tourtravelandmore.com\/fr\/tours\/etats-unis-fr\/atlanta-fr\/visite-privee-datlanta\/#primaryimage\"},\"thumbnailUrl\":\"https:\/\/tourtravelandmore.com\/wp-content\/uploads\/2020\/09\/altlanta-6-scaled.jpg\",\"datePublished\":\"2020-09-21T10:21:29+00:00\",\"dateModified\":\"2021-03-16T20:00:11+00:00\",\"description\":\"Visite priv\u00e9e d'Atlanta avec un guide officiel et un chauffeur priv\u00e9 avec v\u00e9hicule. D\u00e9couvrez les meilleurs spots d'Atlanta avec une \u00e9quipe professionnelle!\",\"breadcrumb\":{\"@id\":\"https:\/\/tourtravelandmore.com\/fr\/tours\/etats-unis-fr\/atlanta-fr\/visite-privee-datlanta\/#breadcrumb\"},\"inLanguage\":\"fr-FR\",\"potentialAction\":[{\"@type\":\"ReadAction\",\"target\":[\"https:\/\/tourtravelandmore.com\/fr\/tours\/etats-unis-fr\/atlanta-fr\/visite-privee-datlanta\/\"]}]},{\"@type\":\"ImageObject\",\"inLanguage\":\"fr-FR\",\"@id\":\"https:\/\/tourtravelandmore.com\/fr\/tours\/etats-unis-fr\/atlanta-fr\/visite-privee-datlanta\/#primaryimage\",\"url\":\"https:\/\/tourtravelandmore.com\/wp-content\/uploads\/2020\/09\/altlanta-6-scaled.jpg\",\"contentUrl\":\"https:\/\/tourtravelandmore.com\/wp-content\/uploads\/2020\/09\/altlanta-6-scaled.jpg\",\"width\":2560,\"height\":1692},{\"@type\":\"BreadcrumbList\",\"@id\":\"https:\/\/tourtravelandmore.com\/fr\/tours\/etats-unis-fr\/atlanta-fr\/visite-privee-datlanta\/#breadcrumb\",\"itemListElement\":[{\"@type\":\"ListItem\",\"position\":1,\"name\":\"Home\",\"item\":\"https:\/\/tourtravelandmore.com\/fr\/\"},{\"@type\":\"ListItem\",\"position\":2,\"name\":\"Tours\",\"item\":\"https:\/\/tourtravelandmore.com\/fr\/tours\/\"},{\"@type\":\"ListItem\",\"position\":3,\"name\":\"Visite priv\u00e9e d&rsquo;Atlanta\"}]},{\"@type\":\"WebSite\",\"@id\":\"https:\/\/tourtravelandmore.com\/fr\/#website\",\"url\":\"https:\/\/tourtravelandmore.com\/fr\/\",\"name\":\"Tour Travel And More\",\"description\":\"Private sightseeing tours and luxury transfers in Spain\",\"publisher\":{\"@id\":\"https:\/\/tourtravelandmore.com\/fr\/#organization\"},\"potentialAction\":[{\"@type\":\"SearchAction\",\"target\":{\"@type\":\"EntryPoint\",\"urlTemplate\":\"https:\/\/tourtravelandmore.com\/fr\/?s={search_term_string}\"},\"query-input\":{\"@type\":\"PropertyValueSpecification\",\"valueRequired\":true,\"valueName\":\"search_term_string\"}}],\"inLanguage\":\"fr-FR\"},{\"@type\":\"Organization\",\"@id\":\"https:\/\/tourtravelandmore.com\/fr\/#organization\",\"name\":\"Tour Travel And More\",\"url\":\"https:\/\/tourtravelandmore.com\/fr\/\",\"logo\":{\"@type\":\"ImageObject\",\"inLanguage\":\"fr-FR\",\"@id\":\"https:\/\/tourtravelandmore.com\/fr\/#\/schema\/logo\/image\/\",\"url\":\"https:\/\/tourtravelandmore.com\/wp-content\/uploads\/2022\/12\/cropped-logo-cabecera-new.png\",\"contentUrl\":\"https:\/\/tourtravelandmore.com\/wp-content\/uploads\/2022\/12\/cropped-logo-cabecera-new.png\",\"width\":430,\"height\":61,\"caption\":\"Tour Travel And More\"},\"image\":{\"@id\":\"https:\/\/tourtravelandmore.com\/fr\/#\/schema\/logo\/image\/\"},\"sameAs\":[\"https:\/\/www.facebook.com\/tourtravelandmore\/\",\"https:\/\/x.com\/TourTravel_More\"]}]}<\/script>\n<!-- \/ Yoast SEO Premium plugin. -->","yoast_head_json":{"title":"Visite priv\u00e9e d'Atlanta - Guide touristique officiel priv\u00e9 et v\u00e9hicule priv\u00e9","description":"Visite priv\u00e9e d'Atlanta avec un guide officiel et un chauffeur priv\u00e9 avec v\u00e9hicule. D\u00e9couvrez les meilleurs spots d'Atlanta avec une \u00e9quipe professionnelle!","robots":{"index":"index","follow":"follow","max-snippet":"max-snippet:-1","max-image-preview":"max-image-preview:large","max-video-preview":"max-video-preview:-1"},"canonical":"https:\/\/tourtravelandmore.com\/fr\/tours\/etats-unis-fr\/atlanta-fr\/visite-privee-datlanta\/","og_locale":"fr_FR","og_type":"article","og_title":"Visite priv\u00e9e d'Atlanta","og_description":"Visite priv\u00e9e d'Atlanta avec un guide officiel et un chauffeur priv\u00e9 avec v\u00e9hicule. D\u00e9couvrez les meilleurs spots d'Atlanta avec une \u00e9quipe professionnelle!","og_url":"https:\/\/tourtravelandmore.com\/fr\/tours\/etats-unis-fr\/atlanta-fr\/visite-privee-datlanta\/","og_site_name":"Tour Travel And More","article_publisher":"https:\/\/www.facebook.com\/tourtravelandmore\/","article_modified_time":"2021-03-16T20:00:11+00:00","og_image":[{"width":2560,"height":1692,"url":"https:\/\/tourtravelandmore.com\/wp-content\/uploads\/2020\/09\/altlanta-6-scaled.jpg","type":"image\/jpeg"}],"twitter_card":"summary_large_image","twitter_site":"@TourTravel_More","twitter_misc":{"Dur\u00e9e de lecture estim\u00e9e":"2 minutes"},"schema":{"@context":"https:\/\/schema.org","@graph":[{"@type":"WebPage","@id":"https:\/\/tourtravelandmore.com\/fr\/tours\/etats-unis-fr\/atlanta-fr\/visite-privee-datlanta\/","url":"https:\/\/tourtravelandmore.com\/fr\/tours\/etats-unis-fr\/atlanta-fr\/visite-privee-datlanta\/","name":"Visite priv\u00e9e d'Atlanta - Guide touristique officiel priv\u00e9 et v\u00e9hicule priv\u00e9","isPartOf":{"@id":"https:\/\/tourtravelandmore.com\/fr\/#website"},"primaryImageOfPage":{"@id":"https:\/\/tourtravelandmore.com\/fr\/tours\/etats-unis-fr\/atlanta-fr\/visite-privee-datlanta\/#primaryimage"},"image":{"@id":"https:\/\/tourtravelandmore.com\/fr\/tours\/etats-unis-fr\/atlanta-fr\/visite-privee-datlanta\/#primaryimage"},"thumbnailUrl":"https:\/\/tourtravelandmore.com\/wp-content\/uploads\/2020\/09\/altlanta-6-scaled.jpg","datePublished":"2020-09-21T10:21:29+00:00","dateModified":"2021-03-16T20:00:11+00:00","description":"Visite priv\u00e9e d'Atlanta avec un guide officiel et un chauffeur priv\u00e9 avec v\u00e9hicule. D\u00e9couvrez les meilleurs spots d'Atlanta avec une \u00e9quipe professionnelle!","breadcrumb":{"@id":"https:\/\/tourtravelandmore.com\/fr\/tours\/etats-unis-fr\/atlanta-fr\/visite-privee-datlanta\/#breadcrumb"},"inLanguage":"fr-FR","potentialAction":[{"@type":"ReadAction","target":["https:\/\/tourtravelandmore.com\/fr\/tours\/etats-unis-fr\/atlanta-fr\/visite-privee-datlanta\/"]}]},{"@type":"ImageObject","inLanguage":"fr-FR","@id":"https:\/\/tourtravelandmore.com\/fr\/tours\/etats-unis-fr\/atlanta-fr\/visite-privee-datlanta\/#primaryimage","url":"https:\/\/tourtravelandmore.com\/wp-content\/uploads\/2020\/09\/altlanta-6-scaled.jpg","contentUrl":"https:\/\/tourtravelandmore.com\/wp-content\/uploads\/2020\/09\/altlanta-6-scaled.jpg","width":2560,"height":1692},{"@type":"BreadcrumbList","@id":"https:\/\/tourtravelandmore.com\/fr\/tours\/etats-unis-fr\/atlanta-fr\/visite-privee-datlanta\/#breadcrumb","itemListElement":[{"@type":"ListItem","position":1,"name":"Home","item":"https:\/\/tourtravelandmore.com\/fr\/"},{"@type":"ListItem","position":2,"name":"Tours","item":"https:\/\/tourtravelandmore.com\/fr\/tours\/"},{"@type":"ListItem","position":3,"name":"Visite priv\u00e9e d&rsquo;Atlanta"}]},{"@type":"WebSite","@id":"https:\/\/tourtravelandmore.com\/fr\/#website","url":"https:\/\/tourtravelandmore.com\/fr\/","name":"Tour Travel And More","description":"Private sightseeing tours and luxury transfers in Spain","publisher":{"@id":"https:\/\/tourtravelandmore.com\/fr\/#organization"},"potentialAction":[{"@type":"SearchAction","target":{"@type":"EntryPoint","urlTemplate":"https:\/\/tourtravelandmore.com\/fr\/?s={search_term_string}"},"query-input":{"@type":"PropertyValueSpecification","valueRequired":true,"valueName":"search_term_string"}}],"inLanguage":"fr-FR"},{"@type":"Organization","@id":"https:\/\/tourtravelandmore.com\/fr\/#organization","name":"Tour Travel And More","url":"https:\/\/tourtravelandmore.com\/fr\/","logo":{"@type":"ImageObject","inLanguage":"fr-FR","@id":"https:\/\/tourtravelandmore.com\/fr\/#\/schema\/logo\/image\/","url":"https:\/\/tourtravelandmore.com\/wp-content\/uploads\/2022\/12\/cropped-logo-cabecera-new.png","contentUrl":"https:\/\/tourtravelandmore.com\/wp-content\/uploads\/2022\/12\/cropped-logo-cabecera-new.png","width":430,"height":61,"caption":"Tour Travel And More"},"image":{"@id":"https:\/\/tourtravelandmore.com\/fr\/#\/schema\/logo\/image\/"},"sameAs":["https:\/\/www.facebook.com\/tourtravelandmore\/","https:\/\/x.com\/TourTravel_More"]}]}},"_links":{"self":[{"href":"https:\/\/tourtravelandmore.com\/fr\/wp-json\/wp\/v2\/product\/103867","targetHints":{"allow":["GET"]}}],"collection":[{"href":"https:\/\/tourtravelandmore.com\/fr\/wp-json\/wp\/v2\/product"}],"about":[{"href":"https:\/\/tourtravelandmore.com\/fr\/wp-json\/wp\/v2\/types\/product"}],"replies":[{"embeddable":true,"href":"https:\/\/tourtravelandmore.com\/fr\/wp-json\/wp\/v2\/comments?post=103867"}],"wp:featuredmedia":[{"embeddable":true,"href":"https:\/\/tourtravelandmore.com\/fr\/wp-json\/wp\/v2\/media\/98332"}],"wp:attachment":[{"href":"https:\/\/tourtravelandmore.com\/fr\/wp-json\/wp\/v2\/media?parent=103867"}],"wp:term":[{"taxonomy":"product_brand","embeddable":true,"href":"https:\/\/tourtravelandmore.com\/fr\/wp-json\/wp\/v2\/product_brand?post=103867"},{"taxonomy":"product_cat","embeddable":true,"href":"https:\/\/tourtravelandmore.com\/fr\/wp-json\/wp\/v2\/product_cat?post=103867"},{"taxonomy":"product_tag","embeddable":true,"href":"https:\/\/tourtravelandmore.com\/fr\/wp-json\/wp\/v2\/product_tag?post=103867"}],"curies":[{"name":"wp","href":"https:\/\/api.w.org\/{rel}","templated":true}]}}