{"id":103862,"date":"2020-09-21T11:59:40","date_gmt":"2020-09-21T09:59:40","guid":{"rendered":"https:\/\/tourtravelandmore.com\/tours\/non%20class\u00e9\/visite-privee-a-pied-datlanta\/"},"modified":"2021-03-16T20:58:15","modified_gmt":"2021-03-16T19:58:15","slug":"visite-privee-a-pied-datlanta","status":"publish","type":"product","link":"https:\/\/tourtravelandmore.com\/fr\/tours\/etats-unis-fr\/atlanta-fr\/visite-privee-a-pied-datlanta\/","title":{"rendered":"Visite priv\u00e9e \u00e0 pied d&#8217;Atlanta"},"content":{"rendered":"<h2>Description:<\/h2>\n<p>Apprendre \u00e0 conna\u00eetre une ville comme un local est parfait avec une visite priv\u00e9e \u00e0 pied. Cette visite priv\u00e9e \u00e0 pied d&#8217;Atlanta n&#8217;est pas diff\u00e9rente.<\/p>\n<p>Aux c\u00f4t\u00e9s de l&#8217;un de nos guides professionnels, d\u00e9couvrez l&#8217;histoire et les histoires d&#8217;Atlanta lors de cette visite guid\u00e9e \u00e0 pied de 3 heures. Il s&#8217;agit d&#8217;une visite enti\u00e8rement priv\u00e9e et nous pouvons la personnaliser pour votre propre produit.<\/p>\n<p>Cette visite priv\u00e9e \u00e0 pied d&#8217;Atlanta commencera dans un point de rencontre central. Si votre h\u00f4tel est situ\u00e9 \u00e0 proximit\u00e9, faites-le nous savoir et nous organiserons une prise en charge \u00e0 pied.<\/p>\n<p>Profitez de cette visite \u00e0 pied de 3 heures et explorez les merveilles d&#8217;Atlanta.<\/p>\n<h2>Sites d&#8217;int\u00e9r\u00eat et monuments<\/h2>\n<p>Tout d&#8217;abord, cette visite priv\u00e9e \u00e0 pied d&#8217;Atlanta commencera par une rencontre avec votre guide. Que le point de rendez-vous soit \u00e0 votre h\u00f4tel ou au point de rendez-vous central, cela commencera votre exp\u00e9rience.<\/p>\n<p>Commencez par d\u00e9couvrir l&#8217;histoire d&#8217;Atlanta et laissez votre guide vous livrer les secrets que rec\u00e8le la ville.<\/p>\n<p>Votre guide vous fera visiter les sites, s&#8217;arr\u00eatera si n\u00e9cessaire et vous permettra de prendre des photos uniques.<\/p>\n<p>Il y a beaucoup \u00e0 voir \u00e0 Atlanta. Au cours de cette visite \u00e0 pied, nous concentrerons notre attention sur les points suivants.<\/p>\n<ul>\n<li>Parc historique national Martin Luther King Jr<\/li>\n<li>\u00c9glise baptiste Ebenezer d&#8217;Atlanta<\/li>\n<li>Maison natale de Martin Luther King jr<\/li>\n<li>Prince Hall Grand Lodge<\/li>\n<li>Pont de la rue Jackson<\/li>\n<li>Auburn sucr\u00e9<\/li>\n<li>Le King Center<\/li>\n<li>Statue de Mohandas Gandhi<\/li>\n<li>Walk of Fame des droits civils internationaux<\/li>\n<li>Beaucoup plus!<\/li>\n<\/ul>\n<p>Si vous pr\u00e9f\u00e9rez une visite gastronomique autour du march\u00e9 de la ville de Ponce et une visite \u00e0 pied de cette r\u00e9gion, veuillez nous en informer. Nous pouvons organiser tout type d&#8217;exp\u00e9rience priv\u00e9e que vous souhaitez.<\/p>\n<p>Cette visite priv\u00e9e se terminera \u00e0 un point central proche de l&#8217;endroit o\u00f9 elle a commenc\u00e9. Faites-nous savoir si vous souhaitez changer quoi que ce soit.<\/p>\n<p>Jetez un \u0153il \u00e0 nos visites priv\u00e9es \u00e0 Atlanta. Ne manquez pas toutes nos visites priv\u00e9es aux \u00c9tats-Unis et dans le monde!<\/p>\n","protected":false},"excerpt":{"rendered":"<p>Visite priv\u00e9e \u00e0 pied d&#8217;Atlanta avec un guide officiel. Apprenez \u00e0 conna\u00eetre les meilleurs endroits d&#8217;Atlanta avec un guide professionnel \u00e0 votre disposition!<\/p>\n","protected":false},"featured_media":98328,"comment_status":"open","ping_status":"closed","template":"","meta":{"_acf_changed":false},"product_brand":[],"product_cat":[3547,3774],"product_tag":[],"class_list":{"0":"post-103862","1":"product","2":"type-product","3":"status-publish","4":"has-post-thumbnail","6":"product_cat-etats-unis-fr","7":"product_cat-atlanta-fr","9":"first","10":"instock","11":"shipping-taxable","12":"purchasable","13":"product-type-simple"},"acf":[],"yoast_head":"<!-- This site is optimized with the Yoast SEO Premium plugin v25.3.1 (Yoast SEO v25.3.1) - https:\/\/yoast.com\/wordpress\/plugins\/seo\/ -->\n<title>Visite priv\u00e9e \u00e0 pied d&#039;Atlanta - Guide officiel priv\u00e9 pour une visite \u00e0 pied<\/title>\n<meta name=\"description\" content=\"Visite priv\u00e9e \u00e0 pied d&#039;Atlanta avec un guide officiel. Apprenez \u00e0 conna\u00eetre les meilleurs endroits d&#039;Atlanta avec un guide professionnel \u00e0 votre disposition!\" \/>\n<meta name=\"robots\" content=\"index, follow, max-snippet:-1, max-image-preview:large, max-video-preview:-1\" \/>\n<link rel=\"canonical\" href=\"https:\/\/tourtravelandmore.com\/fr\/tours\/etats-unis-fr\/atlanta-fr\/visite-privee-a-pied-datlanta\/\" \/>\n<meta property=\"og:locale\" content=\"fr_FR\" \/>\n<meta property=\"og:type\" content=\"article\" \/>\n<meta property=\"og:title\" content=\"Visite priv\u00e9e \u00e0 pied d&#039;Atlanta\" \/>\n<meta property=\"og:description\" content=\"Visite priv\u00e9e \u00e0 pied d&#039;Atlanta avec un guide officiel. Apprenez \u00e0 conna\u00eetre les meilleurs endroits d&#039;Atlanta avec un guide professionnel \u00e0 votre disposition!\" \/>\n<meta property=\"og:url\" content=\"https:\/\/tourtravelandmore.com\/fr\/tours\/etats-unis-fr\/atlanta-fr\/visite-privee-a-pied-datlanta\/\" \/>\n<meta property=\"og:site_name\" content=\"Tour Travel And More\" \/>\n<meta property=\"article:publisher\" content=\"https:\/\/www.facebook.com\/tourtravelandmore\/\" \/>\n<meta property=\"article:modified_time\" content=\"2021-03-16T19:58:15+00:00\" \/>\n<meta property=\"og:image\" content=\"https:\/\/tourtravelandmore.com\/wp-content\/uploads\/2020\/09\/altlanta-2-scaled.jpg\" \/>\n\t<meta property=\"og:image:width\" content=\"2560\" \/>\n\t<meta property=\"og:image:height\" content=\"1920\" \/>\n\t<meta property=\"og:image:type\" content=\"image\/jpeg\" \/>\n<meta name=\"twitter:card\" content=\"summary_large_image\" \/>\n<meta name=\"twitter:site\" content=\"@TourTravel_More\" \/>\n<meta name=\"twitter:label1\" content=\"Dur\u00e9e de lecture estim\u00e9e\" \/>\n\t<meta name=\"twitter:data1\" content=\"2 minutes\" \/>\n<script type=\"application\/ld+json\" class=\"yoast-schema-graph\">{\"@context\":\"https:\/\/schema.org\",\"@graph\":[{\"@type\":\"WebPage\",\"@id\":\"https:\/\/tourtravelandmore.com\/fr\/tours\/etats-unis-fr\/atlanta-fr\/visite-privee-a-pied-datlanta\/\",\"url\":\"https:\/\/tourtravelandmore.com\/fr\/tours\/etats-unis-fr\/atlanta-fr\/visite-privee-a-pied-datlanta\/\",\"name\":\"Visite priv\u00e9e \u00e0 pied d'Atlanta - Guide officiel priv\u00e9 pour une visite \u00e0 pied\",\"isPartOf\":{\"@id\":\"https:\/\/tourtravelandmore.com\/fr\/#website\"},\"primaryImageOfPage\":{\"@id\":\"https:\/\/tourtravelandmore.com\/fr\/tours\/etats-unis-fr\/atlanta-fr\/visite-privee-a-pied-datlanta\/#primaryimage\"},\"image\":{\"@id\":\"https:\/\/tourtravelandmore.com\/fr\/tours\/etats-unis-fr\/atlanta-fr\/visite-privee-a-pied-datlanta\/#primaryimage\"},\"thumbnailUrl\":\"https:\/\/tourtravelandmore.com\/wp-content\/uploads\/2020\/09\/altlanta-2-scaled.jpg\",\"datePublished\":\"2020-09-21T09:59:40+00:00\",\"dateModified\":\"2021-03-16T19:58:15+00:00\",\"description\":\"Visite priv\u00e9e \u00e0 pied d'Atlanta avec un guide officiel. Apprenez \u00e0 conna\u00eetre les meilleurs endroits d'Atlanta avec un guide professionnel \u00e0 votre disposition!\",\"breadcrumb\":{\"@id\":\"https:\/\/tourtravelandmore.com\/fr\/tours\/etats-unis-fr\/atlanta-fr\/visite-privee-a-pied-datlanta\/#breadcrumb\"},\"inLanguage\":\"fr-FR\",\"potentialAction\":[{\"@type\":\"ReadAction\",\"target\":[\"https:\/\/tourtravelandmore.com\/fr\/tours\/etats-unis-fr\/atlanta-fr\/visite-privee-a-pied-datlanta\/\"]}]},{\"@type\":\"ImageObject\",\"inLanguage\":\"fr-FR\",\"@id\":\"https:\/\/tourtravelandmore.com\/fr\/tours\/etats-unis-fr\/atlanta-fr\/visite-privee-a-pied-datlanta\/#primaryimage\",\"url\":\"https:\/\/tourtravelandmore.com\/wp-content\/uploads\/2020\/09\/altlanta-2-scaled.jpg\",\"contentUrl\":\"https:\/\/tourtravelandmore.com\/wp-content\/uploads\/2020\/09\/altlanta-2-scaled.jpg\",\"width\":2560,\"height\":1920},{\"@type\":\"BreadcrumbList\",\"@id\":\"https:\/\/tourtravelandmore.com\/fr\/tours\/etats-unis-fr\/atlanta-fr\/visite-privee-a-pied-datlanta\/#breadcrumb\",\"itemListElement\":[{\"@type\":\"ListItem\",\"position\":1,\"name\":\"Home\",\"item\":\"https:\/\/tourtravelandmore.com\/fr\/\"},{\"@type\":\"ListItem\",\"position\":2,\"name\":\"Tours\",\"item\":\"https:\/\/tourtravelandmore.com\/fr\/tours\/\"},{\"@type\":\"ListItem\",\"position\":3,\"name\":\"Visite priv\u00e9e \u00e0 pied d&rsquo;Atlanta\"}]},{\"@type\":\"WebSite\",\"@id\":\"https:\/\/tourtravelandmore.com\/fr\/#website\",\"url\":\"https:\/\/tourtravelandmore.com\/fr\/\",\"name\":\"Tour Travel And More\",\"description\":\"Private sightseeing tours and luxury transfers in Spain\",\"publisher\":{\"@id\":\"https:\/\/tourtravelandmore.com\/fr\/#organization\"},\"potentialAction\":[{\"@type\":\"SearchAction\",\"target\":{\"@type\":\"EntryPoint\",\"urlTemplate\":\"https:\/\/tourtravelandmore.com\/fr\/?s={search_term_string}\"},\"query-input\":{\"@type\":\"PropertyValueSpecification\",\"valueRequired\":true,\"valueName\":\"search_term_string\"}}],\"inLanguage\":\"fr-FR\"},{\"@type\":\"Organization\",\"@id\":\"https:\/\/tourtravelandmore.com\/fr\/#organization\",\"name\":\"Tour Travel And More\",\"url\":\"https:\/\/tourtravelandmore.com\/fr\/\",\"logo\":{\"@type\":\"ImageObject\",\"inLanguage\":\"fr-FR\",\"@id\":\"https:\/\/tourtravelandmore.com\/fr\/#\/schema\/logo\/image\/\",\"url\":\"https:\/\/tourtravelandmore.com\/wp-content\/uploads\/2022\/12\/cropped-logo-cabecera-new.png\",\"contentUrl\":\"https:\/\/tourtravelandmore.com\/wp-content\/uploads\/2022\/12\/cropped-logo-cabecera-new.png\",\"width\":430,\"height\":61,\"caption\":\"Tour Travel And More\"},\"image\":{\"@id\":\"https:\/\/tourtravelandmore.com\/fr\/#\/schema\/logo\/image\/\"},\"sameAs\":[\"https:\/\/www.facebook.com\/tourtravelandmore\/\",\"https:\/\/x.com\/TourTravel_More\"]}]}<\/script>\n<!-- \/ Yoast SEO Premium plugin. -->","yoast_head_json":{"title":"Visite priv\u00e9e \u00e0 pied d'Atlanta - Guide officiel priv\u00e9 pour une visite \u00e0 pied","description":"Visite priv\u00e9e \u00e0 pied d'Atlanta avec un guide officiel. Apprenez \u00e0 conna\u00eetre les meilleurs endroits d'Atlanta avec un guide professionnel \u00e0 votre disposition!","robots":{"index":"index","follow":"follow","max-snippet":"max-snippet:-1","max-image-preview":"max-image-preview:large","max-video-preview":"max-video-preview:-1"},"canonical":"https:\/\/tourtravelandmore.com\/fr\/tours\/etats-unis-fr\/atlanta-fr\/visite-privee-a-pied-datlanta\/","og_locale":"fr_FR","og_type":"article","og_title":"Visite priv\u00e9e \u00e0 pied d'Atlanta","og_description":"Visite priv\u00e9e \u00e0 pied d'Atlanta avec un guide officiel. Apprenez \u00e0 conna\u00eetre les meilleurs endroits d'Atlanta avec un guide professionnel \u00e0 votre disposition!","og_url":"https:\/\/tourtravelandmore.com\/fr\/tours\/etats-unis-fr\/atlanta-fr\/visite-privee-a-pied-datlanta\/","og_site_name":"Tour Travel And More","article_publisher":"https:\/\/www.facebook.com\/tourtravelandmore\/","article_modified_time":"2021-03-16T19:58:15+00:00","og_image":[{"width":2560,"height":1920,"url":"https:\/\/tourtravelandmore.com\/wp-content\/uploads\/2020\/09\/altlanta-2-scaled.jpg","type":"image\/jpeg"}],"twitter_card":"summary_large_image","twitter_site":"@TourTravel_More","twitter_misc":{"Dur\u00e9e de lecture estim\u00e9e":"2 minutes"},"schema":{"@context":"https:\/\/schema.org","@graph":[{"@type":"WebPage","@id":"https:\/\/tourtravelandmore.com\/fr\/tours\/etats-unis-fr\/atlanta-fr\/visite-privee-a-pied-datlanta\/","url":"https:\/\/tourtravelandmore.com\/fr\/tours\/etats-unis-fr\/atlanta-fr\/visite-privee-a-pied-datlanta\/","name":"Visite priv\u00e9e \u00e0 pied d'Atlanta - Guide officiel priv\u00e9 pour une visite \u00e0 pied","isPartOf":{"@id":"https:\/\/tourtravelandmore.com\/fr\/#website"},"primaryImageOfPage":{"@id":"https:\/\/tourtravelandmore.com\/fr\/tours\/etats-unis-fr\/atlanta-fr\/visite-privee-a-pied-datlanta\/#primaryimage"},"image":{"@id":"https:\/\/tourtravelandmore.com\/fr\/tours\/etats-unis-fr\/atlanta-fr\/visite-privee-a-pied-datlanta\/#primaryimage"},"thumbnailUrl":"https:\/\/tourtravelandmore.com\/wp-content\/uploads\/2020\/09\/altlanta-2-scaled.jpg","datePublished":"2020-09-21T09:59:40+00:00","dateModified":"2021-03-16T19:58:15+00:00","description":"Visite priv\u00e9e \u00e0 pied d'Atlanta avec un guide officiel. Apprenez \u00e0 conna\u00eetre les meilleurs endroits d'Atlanta avec un guide professionnel \u00e0 votre disposition!","breadcrumb":{"@id":"https:\/\/tourtravelandmore.com\/fr\/tours\/etats-unis-fr\/atlanta-fr\/visite-privee-a-pied-datlanta\/#breadcrumb"},"inLanguage":"fr-FR","potentialAction":[{"@type":"ReadAction","target":["https:\/\/tourtravelandmore.com\/fr\/tours\/etats-unis-fr\/atlanta-fr\/visite-privee-a-pied-datlanta\/"]}]},{"@type":"ImageObject","inLanguage":"fr-FR","@id":"https:\/\/tourtravelandmore.com\/fr\/tours\/etats-unis-fr\/atlanta-fr\/visite-privee-a-pied-datlanta\/#primaryimage","url":"https:\/\/tourtravelandmore.com\/wp-content\/uploads\/2020\/09\/altlanta-2-scaled.jpg","contentUrl":"https:\/\/tourtravelandmore.com\/wp-content\/uploads\/2020\/09\/altlanta-2-scaled.jpg","width":2560,"height":1920},{"@type":"BreadcrumbList","@id":"https:\/\/tourtravelandmore.com\/fr\/tours\/etats-unis-fr\/atlanta-fr\/visite-privee-a-pied-datlanta\/#breadcrumb","itemListElement":[{"@type":"ListItem","position":1,"name":"Home","item":"https:\/\/tourtravelandmore.com\/fr\/"},{"@type":"ListItem","position":2,"name":"Tours","item":"https:\/\/tourtravelandmore.com\/fr\/tours\/"},{"@type":"ListItem","position":3,"name":"Visite priv\u00e9e \u00e0 pied d&rsquo;Atlanta"}]},{"@type":"WebSite","@id":"https:\/\/tourtravelandmore.com\/fr\/#website","url":"https:\/\/tourtravelandmore.com\/fr\/","name":"Tour Travel And More","description":"Private sightseeing tours and luxury transfers in Spain","publisher":{"@id":"https:\/\/tourtravelandmore.com\/fr\/#organization"},"potentialAction":[{"@type":"SearchAction","target":{"@type":"EntryPoint","urlTemplate":"https:\/\/tourtravelandmore.com\/fr\/?s={search_term_string}"},"query-input":{"@type":"PropertyValueSpecification","valueRequired":true,"valueName":"search_term_string"}}],"inLanguage":"fr-FR"},{"@type":"Organization","@id":"https:\/\/tourtravelandmore.com\/fr\/#organization","name":"Tour Travel And More","url":"https:\/\/tourtravelandmore.com\/fr\/","logo":{"@type":"ImageObject","inLanguage":"fr-FR","@id":"https:\/\/tourtravelandmore.com\/fr\/#\/schema\/logo\/image\/","url":"https:\/\/tourtravelandmore.com\/wp-content\/uploads\/2022\/12\/cropped-logo-cabecera-new.png","contentUrl":"https:\/\/tourtravelandmore.com\/wp-content\/uploads\/2022\/12\/cropped-logo-cabecera-new.png","width":430,"height":61,"caption":"Tour Travel And More"},"image":{"@id":"https:\/\/tourtravelandmore.com\/fr\/#\/schema\/logo\/image\/"},"sameAs":["https:\/\/www.facebook.com\/tourtravelandmore\/","https:\/\/x.com\/TourTravel_More"]}]}},"_links":{"self":[{"href":"https:\/\/tourtravelandmore.com\/fr\/wp-json\/wp\/v2\/product\/103862","targetHints":{"allow":["GET"]}}],"collection":[{"href":"https:\/\/tourtravelandmore.com\/fr\/wp-json\/wp\/v2\/product"}],"about":[{"href":"https:\/\/tourtravelandmore.com\/fr\/wp-json\/wp\/v2\/types\/product"}],"replies":[{"embeddable":true,"href":"https:\/\/tourtravelandmore.com\/fr\/wp-json\/wp\/v2\/comments?post=103862"}],"wp:featuredmedia":[{"embeddable":true,"href":"https:\/\/tourtravelandmore.com\/fr\/wp-json\/wp\/v2\/media\/98328"}],"wp:attachment":[{"href":"https:\/\/tourtravelandmore.com\/fr\/wp-json\/wp\/v2\/media?parent=103862"}],"wp:term":[{"taxonomy":"product_brand","embeddable":true,"href":"https:\/\/tourtravelandmore.com\/fr\/wp-json\/wp\/v2\/product_brand?post=103862"},{"taxonomy":"product_cat","embeddable":true,"href":"https:\/\/tourtravelandmore.com\/fr\/wp-json\/wp\/v2\/product_cat?post=103862"},{"taxonomy":"product_tag","embeddable":true,"href":"https:\/\/tourtravelandmore.com\/fr\/wp-json\/wp\/v2\/product_tag?post=103862"}],"curies":[{"name":"wp","href":"https:\/\/api.w.org\/{rel}","templated":true}]}}