{"id":103847,"date":"2020-12-15T11:54:25","date_gmt":"2020-12-15T10:54:25","guid":{"rendered":"https:\/\/tourtravelandmore.com\/tours\/non%20class\u00e9\/visite-privee-a-pied-daustin\/"},"modified":"2021-03-16T20:53:41","modified_gmt":"2021-03-16T19:53:41","slug":"visite-privee-a-pied-daustin","status":"publish","type":"product","link":"https:\/\/tourtravelandmore.com\/fr\/tours\/etats-unis-fr\/austin-fr\/visite-privee-a-pied-daustin\/","title":{"rendered":"Visite priv\u00e9e \u00e0 pied d&#8217;Austin"},"content":{"rendered":"<h2>Description:<\/h2>\n<p>Nous disons toujours qu&#8217;une visite \u00e0 pied vous offrira l&#8217;une des meilleures exp\u00e9riences d&#8217;une ville. Notre visite priv\u00e9e \u00e0 pied d&#8217;Austin n&#8217;est pas diff\u00e9rente. C&#8217;est pourquoi nous recommandons cette exp\u00e9rience non seulement aux d\u00e9butants, mais \u00e0 tous ceux qui souhaitent d\u00e9couvrir les joyaux cach\u00e9s de la ville.<\/p>\n<p>Pour cette visite priv\u00e9e \u00e0 pied d&#8217;Austin, nous organiserons une prise en charge depuis un point de rendez-vous situ\u00e9 au centre de la ville. Faites-nous savoir o\u00f9 se trouve votre h\u00f4tel et si nous le pouvons, nous organiserons une prise en charge \u00e0 pied. Sinon, ne vous inqui\u00e9tez pas, nous organiserons un point de rencontre parfait et facile o\u00f9 nous commencerons la visite.<\/p>\n<p>Nous vous emm\u00e8nerons sur les sites les plus embl\u00e9matiques et vous emm\u00e8nerons dans de superbes endroits avec notre balade autour d&#8217;Austin.<\/p>\n<p>Appr\u00e9cier de d\u00e9couvrir certains des sites les plus embl\u00e9matiques d&#8217;Austins, dont Jo\u2019s Coffee, et laissez notre guide vous apprendre tout sur ce que la ville a \u00e0 offrir!<\/p>\n<h2>Sites d&#8217;int\u00e9r\u00eat et monuments<\/h2>\n<p>Apr\u00e8s avoir rencontr\u00e9 notre guide, nous allons tester cette visite priv\u00e9e \u00e0 pied de 3 heures d&#8217;Austin.<\/p>\n<p>Voici un exemple de ce que vous pouvez voir et appr\u00e9cier lors de cette visite priv\u00e9e:<\/p>\n<ul>\n<li>Zone du Capitole<\/li>\n<li>Sites du centre-ville<\/li>\n<li>Avenue inf\u00e9rieure du congr\u00e8s<\/li>\n<li>Boulevard Willie Nelson<\/li>\n<li>C\u00f4t\u00e9 ouest du centre-ville<\/li>\n<\/ul>\n<p>Cette visite se terminera \u00e0 un point de rencontre central de la ville et du centre-ville.<\/p>\n<p>D\u00e9couvrez nos visites priv\u00e9es dans le reste d&#8217;Austin et partout aux \u00c9tats-Unis.<\/p>\n<p>Nous organisons bien s\u00fbr \u00e9galement des visites priv\u00e9es \u00e0 travers le monde. Tout ce que vous avez \u00e0 faire est de contacter nos experts en voyages pour une exp\u00e9rience unique.<\/p>\n<p><button style=\"width: auto; height: auto; background-image: url('data:image\/png;base64,iVBORw0KGgoAAAANSUhEUgAAADAAAAAwCAYAAABXAvmHAAABS2lUWHRYTUw6Y29tLmFkb2JlLnhtcAAAAAAAPD94cGFja2V0IGJlZ2luPSLvu78iIGlkPSJXNU0wTXBDZWhpSHpyZVN6TlRjemtjOWQiPz4KPHg6eG1wbWV0YSB4bWxuczp4PSJhZG9iZTpuczptZXRhLyIgeDp4bXB0az0iQWRvYmUgWE1QIENvcmUgNS42LWMxMzggNzkuMTU5ODI0LCAyMDE2LzA5LzE0LTAxOjA5OjAxICAgICAgICAiPgogPHJkZjpSREYgeG1sbnM6cmRmPSJodHRwOi8vd3d3LnczLm9yZy8xOTk5LzAyLzIyLXJkZi1zeW50YXgtbnMjIj4KICA8cmRmOkRlc2NyaXB0aW9uIHJkZjphYm91dD0iIi8+CiA8L3JkZjpSREY+CjwveDp4bXBtZXRhPgo8P3hwYWNrZXQgZW5kPSJyIj8+IEmuOgAAAx5JREFUaIHtmj1L81wYx39JI75AbYtgBTFTRdQGXV2cxMlPICjiakHE0cVJB5FO4uLgN1AnZ\/0EgoLQtd6tL6hJIwia9DzDg6Wxpcb7hMTe+INCz+t1\/TnJuU7OOYoQ4g8Qpz2xFSGEiNoLGVTAjtoJCWw1ag9k0eoTQgg2NzcplUp0dHRE5VNTHMdB0zTy+TydnZ21fI8Ay7K4vr4ml8uRSqVCd7IVQgjW19cpFAoYhlHLbxiBTCbD9PR06A76YXx8HNd1PXmed0BRFBzHwTTNUB3zy\/v7O7FYzJPX9i\/xr4Co0b6u0prj42Pu7u5a1unp6UHXdSYmJkgmk7ImPUgLWFlZoVQq+aqbSCSYn59ne3ubRCIhaxoI4BHSdd13Xcuy2N\/fxzCML0fNL9IjoChK7f\/p6Smjo6MNdWzb5vz8nI2NDUzTpFgsMjMzw+Xlpax5eQH1TE5OMjAw0LQsm80yNzdHNpvFtm2urq44PDxkaWlJymags9D9\/X3Lcl3X2dnZqaX39vakbYY+jS4uLtLV1QXAxcUFlUpFqr\/QBXR3d9Pf3w\/8v8J8fn6W6i90Aa7r8vT0BEAsFpOeTkMXcHJywsvLCwAjIyPSgS1QAb29vS3LHx4eyOVytfTy8rK0zUAFPD4+8vb25vm9vr5SLBY5ODjAMAzK5TIAQ0NDrK6uStsMNA7Mzs42rNfrn\/kP0uk0Z2dnaJq8+UAFfHb0M6qqsrCwwO7uLn19fYHYDFTA2tpa00isaRqDg4NMTU19a+3kh0AFbG1t1YJUWAT6EhcKhSC780Xbf5H9CoiaXwFRIy2gPng5jiPb3beRjgPDw8NYlgUQegyAAAQcHR3xccgTxNrmu0hbjMJpj32ZxkIITNOkWq16tlf8tlVVlWQy+e229UgLKJfLuK77VwI+PikjE6CqKmNjYzJdSPPvxQFVVT2HaD8JVVX5fKzdcEZWLpe5vb39cYd8ADc3Nw1nZB4B8XicdDpNPp+PJCi1wnEcUqkUmUzGk68IISp8uitRqVSoVqth+ueLJntIdtNZ6Kv9nZ9E21\/20IASbXzd5j\/MIQu2KoJrJwAAAABJRU5ErkJggg=='); background-size: 14px 14px; background-color: #000000; position: absolute; opacity: 1; z-index: 86753099; display: none; cursor: pointer; border: none; border-top-left-radius: 3px; border-top-right-radius: 3px; border-bottom-right-radius: 3px; border-bottom-left-radius: 3px; text-indent: 20px; padding: 0px 4px 0px 0px; text-align: center; font-style: normal; font-variant-caps: normal; font-weight: bold; font-stretch: normal; font-size: 11px; line-height: 20px; font-family: 'Helvetica Neue', Helvetica, sans-serif; color: #ffffff; text-transform: capitalize; -webkit-font-smoothing: antialiased; top: 1397px; left: 563px; background-position: 3px 50%; background-repeat: no-repeat no-repeat;\">plan it<\/button><\/p>\n","protected":false},"excerpt":{"rendered":"<p>Profitez de votre s\u00e9jour \u00e0 Austin au maximum et venez avec nous pour cette visite priv\u00e9e \u00e0 pied d&#8217;Austin!<\/p>\n","protected":false},"featured_media":89617,"comment_status":"open","ping_status":"closed","template":"","meta":{"_acf_changed":false},"product_brand":[],"product_cat":[3547,3777],"product_tag":[],"class_list":{"0":"post-103847","1":"product","2":"type-product","3":"status-publish","4":"has-post-thumbnail","6":"product_cat-etats-unis-fr","7":"product_cat-austin-fr","9":"first","10":"instock","11":"shipping-taxable","12":"purchasable","13":"product-type-simple"},"acf":[],"yoast_head":"<!-- This site is optimized with the Yoast SEO Premium plugin v25.3.1 (Yoast SEO v25.3.1) - https:\/\/yoast.com\/wordpress\/plugins\/seo\/ -->\n<title>Visite priv\u00e9e \u00e0 pied d&#039;Austin avec un guide officiel<\/title>\n<meta name=\"description\" content=\"Profitez de votre s\u00e9jour \u00e0 Austin au maximum et venez avec nous lors de cette visite priv\u00e9e \u00e0 pied d&#039;Austin. C&#039;est une exp\u00e9rience unique \u00e0 Austin.\" \/>\n<meta name=\"robots\" content=\"index, follow, max-snippet:-1, max-image-preview:large, max-video-preview:-1\" \/>\n<link rel=\"canonical\" href=\"https:\/\/tourtravelandmore.com\/fr\/tours\/etats-unis-fr\/austin-fr\/visite-privee-a-pied-daustin\/\" \/>\n<meta property=\"og:locale\" content=\"fr_FR\" \/>\n<meta property=\"og:type\" content=\"article\" \/>\n<meta property=\"og:title\" content=\"Visite priv\u00e9e \u00e0 pied d&#039;Austin\" \/>\n<meta property=\"og:description\" content=\"Profitez de votre s\u00e9jour \u00e0 Austin au maximum et venez avec nous lors de cette visite priv\u00e9e \u00e0 pied d&#039;Austin. C&#039;est une exp\u00e9rience unique \u00e0 Austin.\" \/>\n<meta property=\"og:url\" content=\"https:\/\/tourtravelandmore.com\/fr\/tours\/etats-unis-fr\/austin-fr\/visite-privee-a-pied-daustin\/\" \/>\n<meta property=\"og:site_name\" content=\"Tour Travel And More\" \/>\n<meta property=\"article:publisher\" content=\"https:\/\/www.facebook.com\/tourtravelandmore\/\" \/>\n<meta property=\"article:modified_time\" content=\"2021-03-16T19:53:41+00:00\" \/>\n<meta property=\"og:image\" content=\"https:\/\/tourtravelandmore.com\/wp-content\/uploads\/2020\/12\/Austin-5-scaled.jpg\" \/>\n\t<meta property=\"og:image:width\" content=\"1734\" \/>\n\t<meta property=\"og:image:height\" content=\"2560\" \/>\n\t<meta property=\"og:image:type\" content=\"image\/jpeg\" \/>\n<meta name=\"twitter:card\" content=\"summary_large_image\" \/>\n<meta name=\"twitter:site\" content=\"@TourTravel_More\" \/>\n<meta name=\"twitter:label1\" content=\"Dur\u00e9e de lecture estim\u00e9e\" \/>\n\t<meta name=\"twitter:data1\" content=\"1 minute\" \/>\n<script type=\"application\/ld+json\" class=\"yoast-schema-graph\">{\"@context\":\"https:\/\/schema.org\",\"@graph\":[{\"@type\":\"WebPage\",\"@id\":\"https:\/\/tourtravelandmore.com\/fr\/tours\/etats-unis-fr\/austin-fr\/visite-privee-a-pied-daustin\/\",\"url\":\"https:\/\/tourtravelandmore.com\/fr\/tours\/etats-unis-fr\/austin-fr\/visite-privee-a-pied-daustin\/\",\"name\":\"Visite priv\u00e9e \u00e0 pied d'Austin avec un guide officiel\",\"isPartOf\":{\"@id\":\"https:\/\/tourtravelandmore.com\/fr\/#website\"},\"primaryImageOfPage\":{\"@id\":\"https:\/\/tourtravelandmore.com\/fr\/tours\/etats-unis-fr\/austin-fr\/visite-privee-a-pied-daustin\/#primaryimage\"},\"image\":{\"@id\":\"https:\/\/tourtravelandmore.com\/fr\/tours\/etats-unis-fr\/austin-fr\/visite-privee-a-pied-daustin\/#primaryimage\"},\"thumbnailUrl\":\"https:\/\/tourtravelandmore.com\/wp-content\/uploads\/2020\/12\/Austin-5-scaled.jpg\",\"datePublished\":\"2020-12-15T10:54:25+00:00\",\"dateModified\":\"2021-03-16T19:53:41+00:00\",\"description\":\"Profitez de votre s\u00e9jour \u00e0 Austin au maximum et venez avec nous lors de cette visite priv\u00e9e \u00e0 pied d'Austin. C'est une exp\u00e9rience unique \u00e0 Austin.\",\"breadcrumb\":{\"@id\":\"https:\/\/tourtravelandmore.com\/fr\/tours\/etats-unis-fr\/austin-fr\/visite-privee-a-pied-daustin\/#breadcrumb\"},\"inLanguage\":\"fr-FR\",\"potentialAction\":[{\"@type\":\"ReadAction\",\"target\":[\"https:\/\/tourtravelandmore.com\/fr\/tours\/etats-unis-fr\/austin-fr\/visite-privee-a-pied-daustin\/\"]}]},{\"@type\":\"ImageObject\",\"inLanguage\":\"fr-FR\",\"@id\":\"https:\/\/tourtravelandmore.com\/fr\/tours\/etats-unis-fr\/austin-fr\/visite-privee-a-pied-daustin\/#primaryimage\",\"url\":\"https:\/\/tourtravelandmore.com\/wp-content\/uploads\/2020\/12\/Austin-5-scaled.jpg\",\"contentUrl\":\"https:\/\/tourtravelandmore.com\/wp-content\/uploads\/2020\/12\/Austin-5-scaled.jpg\",\"width\":1734,\"height\":2560},{\"@type\":\"BreadcrumbList\",\"@id\":\"https:\/\/tourtravelandmore.com\/fr\/tours\/etats-unis-fr\/austin-fr\/visite-privee-a-pied-daustin\/#breadcrumb\",\"itemListElement\":[{\"@type\":\"ListItem\",\"position\":1,\"name\":\"Home\",\"item\":\"https:\/\/tourtravelandmore.com\/fr\/\"},{\"@type\":\"ListItem\",\"position\":2,\"name\":\"Tours\",\"item\":\"https:\/\/tourtravelandmore.com\/fr\/tours\/\"},{\"@type\":\"ListItem\",\"position\":3,\"name\":\"Visite priv\u00e9e \u00e0 pied d&rsquo;Austin\"}]},{\"@type\":\"WebSite\",\"@id\":\"https:\/\/tourtravelandmore.com\/fr\/#website\",\"url\":\"https:\/\/tourtravelandmore.com\/fr\/\",\"name\":\"Tour Travel And More\",\"description\":\"Private sightseeing tours and luxury transfers in Spain\",\"publisher\":{\"@id\":\"https:\/\/tourtravelandmore.com\/fr\/#organization\"},\"potentialAction\":[{\"@type\":\"SearchAction\",\"target\":{\"@type\":\"EntryPoint\",\"urlTemplate\":\"https:\/\/tourtravelandmore.com\/fr\/?s={search_term_string}\"},\"query-input\":{\"@type\":\"PropertyValueSpecification\",\"valueRequired\":true,\"valueName\":\"search_term_string\"}}],\"inLanguage\":\"fr-FR\"},{\"@type\":\"Organization\",\"@id\":\"https:\/\/tourtravelandmore.com\/fr\/#organization\",\"name\":\"Tour Travel And More\",\"url\":\"https:\/\/tourtravelandmore.com\/fr\/\",\"logo\":{\"@type\":\"ImageObject\",\"inLanguage\":\"fr-FR\",\"@id\":\"https:\/\/tourtravelandmore.com\/fr\/#\/schema\/logo\/image\/\",\"url\":\"https:\/\/tourtravelandmore.com\/wp-content\/uploads\/2022\/12\/cropped-logo-cabecera-new.png\",\"contentUrl\":\"https:\/\/tourtravelandmore.com\/wp-content\/uploads\/2022\/12\/cropped-logo-cabecera-new.png\",\"width\":430,\"height\":61,\"caption\":\"Tour Travel And More\"},\"image\":{\"@id\":\"https:\/\/tourtravelandmore.com\/fr\/#\/schema\/logo\/image\/\"},\"sameAs\":[\"https:\/\/www.facebook.com\/tourtravelandmore\/\",\"https:\/\/x.com\/TourTravel_More\"]}]}<\/script>\n<!-- \/ Yoast SEO Premium plugin. -->","yoast_head_json":{"title":"Visite priv\u00e9e \u00e0 pied d'Austin avec un guide officiel","description":"Profitez de votre s\u00e9jour \u00e0 Austin au maximum et venez avec nous lors de cette visite priv\u00e9e \u00e0 pied d'Austin. C'est une exp\u00e9rience unique \u00e0 Austin.","robots":{"index":"index","follow":"follow","max-snippet":"max-snippet:-1","max-image-preview":"max-image-preview:large","max-video-preview":"max-video-preview:-1"},"canonical":"https:\/\/tourtravelandmore.com\/fr\/tours\/etats-unis-fr\/austin-fr\/visite-privee-a-pied-daustin\/","og_locale":"fr_FR","og_type":"article","og_title":"Visite priv\u00e9e \u00e0 pied d'Austin","og_description":"Profitez de votre s\u00e9jour \u00e0 Austin au maximum et venez avec nous lors de cette visite priv\u00e9e \u00e0 pied d'Austin. C'est une exp\u00e9rience unique \u00e0 Austin.","og_url":"https:\/\/tourtravelandmore.com\/fr\/tours\/etats-unis-fr\/austin-fr\/visite-privee-a-pied-daustin\/","og_site_name":"Tour Travel And More","article_publisher":"https:\/\/www.facebook.com\/tourtravelandmore\/","article_modified_time":"2021-03-16T19:53:41+00:00","og_image":[{"width":1734,"height":2560,"url":"https:\/\/tourtravelandmore.com\/wp-content\/uploads\/2020\/12\/Austin-5-scaled.jpg","type":"image\/jpeg"}],"twitter_card":"summary_large_image","twitter_site":"@TourTravel_More","twitter_misc":{"Dur\u00e9e de lecture estim\u00e9e":"1 minute"},"schema":{"@context":"https:\/\/schema.org","@graph":[{"@type":"WebPage","@id":"https:\/\/tourtravelandmore.com\/fr\/tours\/etats-unis-fr\/austin-fr\/visite-privee-a-pied-daustin\/","url":"https:\/\/tourtravelandmore.com\/fr\/tours\/etats-unis-fr\/austin-fr\/visite-privee-a-pied-daustin\/","name":"Visite priv\u00e9e \u00e0 pied d'Austin avec un guide officiel","isPartOf":{"@id":"https:\/\/tourtravelandmore.com\/fr\/#website"},"primaryImageOfPage":{"@id":"https:\/\/tourtravelandmore.com\/fr\/tours\/etats-unis-fr\/austin-fr\/visite-privee-a-pied-daustin\/#primaryimage"},"image":{"@id":"https:\/\/tourtravelandmore.com\/fr\/tours\/etats-unis-fr\/austin-fr\/visite-privee-a-pied-daustin\/#primaryimage"},"thumbnailUrl":"https:\/\/tourtravelandmore.com\/wp-content\/uploads\/2020\/12\/Austin-5-scaled.jpg","datePublished":"2020-12-15T10:54:25+00:00","dateModified":"2021-03-16T19:53:41+00:00","description":"Profitez de votre s\u00e9jour \u00e0 Austin au maximum et venez avec nous lors de cette visite priv\u00e9e \u00e0 pied d'Austin. C'est une exp\u00e9rience unique \u00e0 Austin.","breadcrumb":{"@id":"https:\/\/tourtravelandmore.com\/fr\/tours\/etats-unis-fr\/austin-fr\/visite-privee-a-pied-daustin\/#breadcrumb"},"inLanguage":"fr-FR","potentialAction":[{"@type":"ReadAction","target":["https:\/\/tourtravelandmore.com\/fr\/tours\/etats-unis-fr\/austin-fr\/visite-privee-a-pied-daustin\/"]}]},{"@type":"ImageObject","inLanguage":"fr-FR","@id":"https:\/\/tourtravelandmore.com\/fr\/tours\/etats-unis-fr\/austin-fr\/visite-privee-a-pied-daustin\/#primaryimage","url":"https:\/\/tourtravelandmore.com\/wp-content\/uploads\/2020\/12\/Austin-5-scaled.jpg","contentUrl":"https:\/\/tourtravelandmore.com\/wp-content\/uploads\/2020\/12\/Austin-5-scaled.jpg","width":1734,"height":2560},{"@type":"BreadcrumbList","@id":"https:\/\/tourtravelandmore.com\/fr\/tours\/etats-unis-fr\/austin-fr\/visite-privee-a-pied-daustin\/#breadcrumb","itemListElement":[{"@type":"ListItem","position":1,"name":"Home","item":"https:\/\/tourtravelandmore.com\/fr\/"},{"@type":"ListItem","position":2,"name":"Tours","item":"https:\/\/tourtravelandmore.com\/fr\/tours\/"},{"@type":"ListItem","position":3,"name":"Visite priv\u00e9e \u00e0 pied d&rsquo;Austin"}]},{"@type":"WebSite","@id":"https:\/\/tourtravelandmore.com\/fr\/#website","url":"https:\/\/tourtravelandmore.com\/fr\/","name":"Tour Travel And More","description":"Private sightseeing tours and luxury transfers in Spain","publisher":{"@id":"https:\/\/tourtravelandmore.com\/fr\/#organization"},"potentialAction":[{"@type":"SearchAction","target":{"@type":"EntryPoint","urlTemplate":"https:\/\/tourtravelandmore.com\/fr\/?s={search_term_string}"},"query-input":{"@type":"PropertyValueSpecification","valueRequired":true,"valueName":"search_term_string"}}],"inLanguage":"fr-FR"},{"@type":"Organization","@id":"https:\/\/tourtravelandmore.com\/fr\/#organization","name":"Tour Travel And More","url":"https:\/\/tourtravelandmore.com\/fr\/","logo":{"@type":"ImageObject","inLanguage":"fr-FR","@id":"https:\/\/tourtravelandmore.com\/fr\/#\/schema\/logo\/image\/","url":"https:\/\/tourtravelandmore.com\/wp-content\/uploads\/2022\/12\/cropped-logo-cabecera-new.png","contentUrl":"https:\/\/tourtravelandmore.com\/wp-content\/uploads\/2022\/12\/cropped-logo-cabecera-new.png","width":430,"height":61,"caption":"Tour Travel And More"},"image":{"@id":"https:\/\/tourtravelandmore.com\/fr\/#\/schema\/logo\/image\/"},"sameAs":["https:\/\/www.facebook.com\/tourtravelandmore\/","https:\/\/x.com\/TourTravel_More"]}]}},"_links":{"self":[{"href":"https:\/\/tourtravelandmore.com\/fr\/wp-json\/wp\/v2\/product\/103847","targetHints":{"allow":["GET"]}}],"collection":[{"href":"https:\/\/tourtravelandmore.com\/fr\/wp-json\/wp\/v2\/product"}],"about":[{"href":"https:\/\/tourtravelandmore.com\/fr\/wp-json\/wp\/v2\/types\/product"}],"replies":[{"embeddable":true,"href":"https:\/\/tourtravelandmore.com\/fr\/wp-json\/wp\/v2\/comments?post=103847"}],"wp:featuredmedia":[{"embeddable":true,"href":"https:\/\/tourtravelandmore.com\/fr\/wp-json\/wp\/v2\/media\/89617"}],"wp:attachment":[{"href":"https:\/\/tourtravelandmore.com\/fr\/wp-json\/wp\/v2\/media?parent=103847"}],"wp:term":[{"taxonomy":"product_brand","embeddable":true,"href":"https:\/\/tourtravelandmore.com\/fr\/wp-json\/wp\/v2\/product_brand?post=103847"},{"taxonomy":"product_cat","embeddable":true,"href":"https:\/\/tourtravelandmore.com\/fr\/wp-json\/wp\/v2\/product_cat?post=103847"},{"taxonomy":"product_tag","embeddable":true,"href":"https:\/\/tourtravelandmore.com\/fr\/wp-json\/wp\/v2\/product_tag?post=103847"}],"curies":[{"name":"wp","href":"https:\/\/api.w.org\/{rel}","templated":true}]}}