{"id":103819,"date":"2020-11-26T12:35:12","date_gmt":"2020-11-26T11:35:12","guid":{"rendered":"https:\/\/tourtravelandmore.com\/tours\/non%20class\u00e9\/visite-privee-du-caire-musee-egyptien-le-caire-islamique-et-copte\/"},"modified":"2023-08-22T12:16:37","modified_gmt":"2023-08-22T10:16:37","slug":"visite-privee-du-caire-musee-egyptien-le-caire-islamique-et-le-caire-copte","status":"publish","type":"product","link":"https:\/\/tourtravelandmore.com\/fr\/tours\/egypte-fr\/cairo-fr\/all-private-tours-and-activities-fr-2\/visite-privee-du-caire-musee-egyptien-le-caire-islamique-et-le-caire-copte\/","title":{"rendered":"Visite priv\u00e9e du Caire : Mus\u00e9e \u00e9gyptien, Le Caire islamique et Le Caire copte"},"content":{"rendered":"<h2>Description de la visite priv\u00e9e du Caire : Mus\u00e9e \u00e9gyptien, Le Caire islamique et Le Caire copte.<\/h2>\n<p>Visitez l&#8217;un des meilleurs mus\u00e9es du monde et le Caire antique avec un guide officiel, expert en <strong>histoire \u00e9gyptienne<\/strong>. Profitez de notre <strong>visite priv\u00e9e du Caire : Mus\u00e9e \u00e9gyptien, Le Caire islamique et Le Caire copte<\/strong> et explorez cette magnifique ville dans le cadre d&#8217;une exp\u00e9rience priv\u00e9e sur mesure.<\/p>\n<p>Votre chauffeur priv\u00e9 et votre guide viendront vous chercher \u00e0 l&#8217;heure souhait\u00e9e \u00e0 votre h\u00f4tel. Vous profiterez ensuite d&#8217;une visite guid\u00e9e personnalis\u00e9e du merveilleux <strong>mus\u00e9e \u00e9gyptien<\/strong> et des anciens quartiers de la ville :<strong> le Caire islamique et le Caire copte.<\/strong><\/p>\n<p>Le circuit est enti\u00e8rement adaptable \u00e0 vos souhaits et int\u00e9r\u00eats personnels. Nos guides et chauffeurs sont \u00e0 votre disposition. Nous coordonnerons \u00e0 l&#8217;avance les frais d&#8217;entr\u00e9e pour chaque site. Si vous visitez l&#8217;\u00c9gypte pendant plusieurs jours, vous pouvez consulter<strong><a href=\"https:\/\/tourtravelandmore.com\/fr\/city\/egypte-fr\/cairo-fr\/cairo-itineraries-en-fr-cairo-fr\/\"> nos itin\u00e9raires priv\u00e9s.<\/a><\/strong><\/p>\n<h2>Sites d&#8217;int\u00e9r\u00eat et monuments<\/h2>\n<p>La premi\u00e8re visite de votre tour <strong>priv\u00e9 du Caire : Mus\u00e9e \u00e9gyptien, Le Caire islamique et Le Caire<\/strong> copte sera l&#8217;embl\u00e9matique <strong>Mus\u00e9e \u00e9gyptien.<\/strong> Vous y verrez une impressionnante collection d&#8217;antiquit\u00e9s \u00e9gyptiennes qu&#8217;aucun autre mus\u00e9e au monde ne propose. Le mus\u00e9e est enti\u00e8rement consacr\u00e9 \u00e0 l&#8217;h\u00e9ritage des pharaons et propose plus de <strong>120 000 objets.<\/strong> Votre guide priv\u00e9, expert en histoire et culture \u00e9gyptienne, vous enseignera l&#8217;histoire et les l\u00e9gendes du mus\u00e9e et de sa collection.<\/p>\n<p>Vous visiterez ensuite le <strong>Caire islamique<\/strong>. Vous verrez les monuments <strong>islamiques<\/strong> m\u00e9di\u00e9vaux \u00e0 travers la rue <strong>El Darb Al Ahmar.<\/strong> Votre guide officiel vous fera d\u00e9couvrir <strong>l&#8217;histoire<\/strong> du <strong>Sabil<\/strong> <strong>islamique<\/strong>, de la <strong>Madrasa<\/strong>, de la <strong>Wekala<\/strong>, du <strong>Khan<\/strong>, des <strong>Bayts<\/strong> et d&#8217;autres monuments. Vous vous prom\u00e8nerez \u00e9galement le long de la rue El Moez, class\u00e9e au patrimoine mondial de <strong>l&#8217;UNESCO<\/strong>. Vous pourrez y visiter<strong> Al Hakem, Al Aqmar, Sabil Mohamed Ali et la mosqu\u00e9e Al Azhar,<\/strong> la principale mosqu\u00e9e du pays. Pendant votre visite du quartier islamique, vous aurez bien s\u00fbr du temps libre pour go\u00fbter \u00e0 la merveilleuse cuisine locale.<\/p>\n<p>Enfin, vous vous rendrez \u00e0 l&#8217;ancien <strong>Caire<\/strong> <strong>copte<\/strong>. Ce magnifique espace abrite l&#8217;une des <strong>plus anciennes collections catholiques du monde.<\/strong> Vous y apprendrez que non seulement les <strong>\u00c9gyptiens<\/strong> ont laiss\u00e9 leur empreinte sur cette terre, mais aussi les <strong>Coptes<\/strong>, les premiers chr\u00e9tiens apr\u00e8s la venue du <strong>Christ<\/strong>. Vous pourrez visiter le mus\u00e9e copte et les six \u00e9glises datant du d\u00e9but de l&#8217;\u00e8re chr\u00e9tienne. Les principales sont l&#8217;\u00e9glise suspendue, construite au 9\u00e8me si\u00e8cle, Saint Serge, du 5\u00e8me si\u00e8cle et la synagogue <strong>Ben<\/strong> Ezra, la plus ancienne synagogue du <strong>Caire<\/strong>.<\/p>\n<p>Apr\u00e8s une longue journ\u00e9e pass\u00e9e \u00e0 apprendre l&#8217;histoire, les l\u00e9gendes, la culture et les secrets de la ville, votre chauffeur et votre guide officiel vous conduiront \u00e0 votre h\u00f4tel ou au lieu de votre choix au <a href=\"https:\/\/es.wikipedia.org\/wiki\/El_Cairo\"><strong>Caire<\/strong><\/a>.<\/p>\n<p><button style=\"width: auto; height: auto; background-image: url('data:image\/png;base64,iVBORw0KGgoAAAANSUhEUgAAADAAAAAwCAYAAABXAvmHAAABS2lUWHRYTUw6Y29tLmFkb2JlLnhtcAAAAAAAPD94cGFja2V0IGJlZ2luPSLvu78iIGlkPSJXNU0wTXBDZWhpSHpyZVN6TlRjemtjOWQiPz4KPHg6eG1wbWV0YSB4bWxuczp4PSJhZG9iZTpuczptZXRhLyIgeDp4bXB0az0iQWRvYmUgWE1QIENvcmUgNS42LWMxMzggNzkuMTU5ODI0LCAyMDE2LzA5LzE0LTAxOjA5OjAxICAgICAgICAiPgogPHJkZjpSREYgeG1sbnM6cmRmPSJodHRwOi8vd3d3LnczLm9yZy8xOTk5LzAyLzIyLXJkZi1zeW50YXgtbnMjIj4KICA8cmRmOkRlc2NyaXB0aW9uIHJkZjphYm91dD0iIi8+CiA8L3JkZjpSREY+CjwveDp4bXBtZXRhPgo8P3hwYWNrZXQgZW5kPSJyIj8+IEmuOgAAAx5JREFUaIHtmj1L81wYx39JI75AbYtgBTFTRdQGXV2cxMlPICjiakHE0cVJB5FO4uLgN1AnZ\/0EgoLQtd6tL6hJIwia9DzDg6Wxpcb7hMTe+INCz+t1\/TnJuU7OOYoQ4g8Qpz2xFSGEiNoLGVTAjtoJCWw1ag9k0eoTQgg2NzcplUp0dHRE5VNTHMdB0zTy+TydnZ21fI8Ay7K4vr4ml8uRSqVCd7IVQgjW19cpFAoYhlHLbxiBTCbD9PR06A76YXx8HNd1PXmed0BRFBzHwTTNUB3zy\/v7O7FYzJPX9i\/xr4Co0b6u0prj42Pu7u5a1unp6UHXdSYmJkgmk7ImPUgLWFlZoVQq+aqbSCSYn59ne3ubRCIhaxoI4BHSdd13Xcuy2N\/fxzCML0fNL9IjoChK7f\/p6Smjo6MNdWzb5vz8nI2NDUzTpFgsMjMzw+Xlpax5eQH1TE5OMjAw0LQsm80yNzdHNpvFtm2urq44PDxkaWlJymags9D9\/X3Lcl3X2dnZqaX39vakbYY+jS4uLtLV1QXAxcUFlUpFqr\/QBXR3d9Pf3w\/8v8J8fn6W6i90Aa7r8vT0BEAsFpOeTkMXcHJywsvLCwAjIyPSgS1QAb29vS3LHx4eyOVytfTy8rK0zUAFPD4+8vb25vm9vr5SLBY5ODjAMAzK5TIAQ0NDrK6uStsMNA7Mzs42rNfrn\/kP0uk0Z2dnaJq8+UAFfHb0M6qqsrCwwO7uLn19fYHYDFTA2tpa00isaRqDg4NMTU19a+3kh0AFbG1t1YJUWAT6EhcKhSC780Xbf5H9CoiaXwFRIy2gPng5jiPb3beRjgPDw8NYlgUQegyAAAQcHR3xccgTxNrmu0hbjMJpj32ZxkIITNOkWq16tlf8tlVVlWQy+e229UgLKJfLuK77VwI+PikjE6CqKmNjYzJdSPPvxQFVVT2HaD8JVVX5fKzdcEZWLpe5vb39cYd8ADc3Nw1nZB4B8XicdDpNPp+PJCi1wnEcUqkUmUzGk68IISp8uitRqVSoVqth+ueLJntIdtNZ6Kv9nZ9E21\/20IASbXzd5j\/MIQu2KoJrJwAAAABJRU5ErkJggg=='); background-size: 14px 14px; background-color: #000000; position: absolute; opacity: 1; z-index: 86753099; display: none; cursor: pointer; border: none; border-top-left-radius: 3px; border-top-right-radius: 3px; border-bottom-right-radius: 3px; border-bottom-left-radius: 3px; text-indent: 20px; padding: 0px 4px 0px 0px; text-align: center; font-style: normal; font-variant-caps: normal; font-weight: bold; font-stretch: normal; font-size: 11px; line-height: 20px; font-family: 'Helvetica Neue', Helvetica, sans-serif; color: #ffffff; text-transform: capitalize; -webkit-font-smoothing: antialiased; top: 1397px; left: 563px; background-position: 3px 50%; background-repeat: no-repeat no-repeat;\">plan it<\/button><\/p>\n","protected":false},"excerpt":{"rendered":"<p>Profitez de notre <strong>visite priv\u00e9e du Caire : Mus\u00e9e \u00e9gyptien, Le Caire islamique et Le Caire<\/strong> copte et visitez le mus\u00e9e \u00e9gyptien, le Caire islamique et le Caire copte. Chauffeur priv\u00e9, guide \u00e9gyptologue agr\u00e9\u00e9 et droits d&#8217;entr\u00e9e sont inclus.<\/p>\n","protected":false},"featured_media":143796,"comment_status":"open","ping_status":"closed","template":"","meta":{"_acf_changed":false},"product_brand":[],"product_cat":[3747,3754,4222,4223],"product_tag":[],"class_list":{"0":"post-103819","1":"product","2":"type-product","3":"status-publish","4":"has-post-thumbnail","6":"product_cat-egypte-fr","7":"product_cat-cairo-fr","8":"product_cat-all-private-tours-and-activities-fr-2","9":"product_cat-private-sightseeing-tours-fr-12","11":"first","12":"instock","13":"shipping-taxable","14":"purchasable","15":"product-type-simple"},"acf":[],"yoast_head":"<!-- This site is optimized with the Yoast SEO Premium plugin v25.3.1 (Yoast SEO v25.3.1) - https:\/\/yoast.com\/wordpress\/plugins\/seo\/ -->\n<title>Visite priv\u00e9e du Mus\u00e9e \u00e9gyptien du Caire Le Caire islamique et Le Caire copte<\/title>\n<meta name=\"description\" content=\"Profitez de notre visite priv\u00e9e du Caire : Mus\u00e9e \u00e9gyptien, Le Caire islamique et Le Caire copte \u00e0 c\u00f4t\u00e9 d&#039;un guide local agr\u00e9\u00e9 et de votre v\u00e9hicule priv\u00e9. \u2705\" \/>\n<meta name=\"robots\" content=\"index, follow, max-snippet:-1, max-image-preview:large, max-video-preview:-1\" \/>\n<link rel=\"canonical\" href=\"https:\/\/tourtravelandmore.com\/fr\/tours\/egypte-fr\/cairo-fr\/all-private-tours-and-activities-fr-2\/visite-privee-du-caire-musee-egyptien-le-caire-islamique-et-le-caire-copte\/\" \/>\n<meta property=\"og:locale\" content=\"fr_FR\" \/>\n<meta property=\"og:type\" content=\"article\" \/>\n<meta property=\"og:title\" content=\"Visite priv\u00e9e du Caire : Mus\u00e9e \u00e9gyptien, Le Caire islamique et Le Caire copte\" \/>\n<meta property=\"og:description\" content=\"Profitez de notre visite priv\u00e9e du Caire : Mus\u00e9e \u00e9gyptien, Le Caire islamique et Le Caire copte \u00e0 c\u00f4t\u00e9 d&#039;un guide local agr\u00e9\u00e9 et de votre v\u00e9hicule priv\u00e9. \u2705\" \/>\n<meta property=\"og:url\" content=\"https:\/\/tourtravelandmore.com\/fr\/tours\/egypte-fr\/cairo-fr\/all-private-tours-and-activities-fr-2\/visite-privee-du-caire-musee-egyptien-le-caire-islamique-et-le-caire-copte\/\" \/>\n<meta property=\"og:site_name\" content=\"Tour Travel And More\" \/>\n<meta property=\"article:publisher\" content=\"https:\/\/www.facebook.com\/tourtravelandmore\/\" \/>\n<meta property=\"article:modified_time\" content=\"2023-08-22T10:16:37+00:00\" \/>\n<meta property=\"og:image\" content=\"https:\/\/tourtravelandmore.com\/wp-content\/uploads\/2020\/11\/pexels-spencer-davis-4353815-scaled.jpg\" \/>\n\t<meta property=\"og:image:width\" content=\"2560\" \/>\n\t<meta property=\"og:image:height\" content=\"1707\" \/>\n\t<meta property=\"og:image:type\" content=\"image\/jpeg\" \/>\n<meta name=\"twitter:card\" content=\"summary_large_image\" \/>\n<meta name=\"twitter:site\" content=\"@TourTravel_More\" \/>\n<meta name=\"twitter:label1\" content=\"Dur\u00e9e de lecture estim\u00e9e\" \/>\n\t<meta name=\"twitter:data1\" content=\"2 minutes\" \/>\n<script type=\"application\/ld+json\" class=\"yoast-schema-graph\">{\"@context\":\"https:\/\/schema.org\",\"@graph\":[{\"@type\":\"WebPage\",\"@id\":\"https:\/\/tourtravelandmore.com\/fr\/tours\/egypte-fr\/cairo-fr\/all-private-tours-and-activities-fr-2\/visite-privee-du-caire-musee-egyptien-le-caire-islamique-et-le-caire-copte\/\",\"url\":\"https:\/\/tourtravelandmore.com\/fr\/tours\/egypte-fr\/cairo-fr\/all-private-tours-and-activities-fr-2\/visite-privee-du-caire-musee-egyptien-le-caire-islamique-et-le-caire-copte\/\",\"name\":\"Visite priv\u00e9e du Mus\u00e9e \u00e9gyptien du Caire Le Caire islamique et Le Caire copte\",\"isPartOf\":{\"@id\":\"https:\/\/tourtravelandmore.com\/fr\/#website\"},\"primaryImageOfPage\":{\"@id\":\"https:\/\/tourtravelandmore.com\/fr\/tours\/egypte-fr\/cairo-fr\/all-private-tours-and-activities-fr-2\/visite-privee-du-caire-musee-egyptien-le-caire-islamique-et-le-caire-copte\/#primaryimage\"},\"image\":{\"@id\":\"https:\/\/tourtravelandmore.com\/fr\/tours\/egypte-fr\/cairo-fr\/all-private-tours-and-activities-fr-2\/visite-privee-du-caire-musee-egyptien-le-caire-islamique-et-le-caire-copte\/#primaryimage\"},\"thumbnailUrl\":\"https:\/\/tourtravelandmore.com\/wp-content\/uploads\/2020\/11\/pexels-spencer-davis-4353815-scaled.jpg\",\"datePublished\":\"2020-11-26T11:35:12+00:00\",\"dateModified\":\"2023-08-22T10:16:37+00:00\",\"description\":\"Profitez de notre visite priv\u00e9e du Caire : Mus\u00e9e \u00e9gyptien, Le Caire islamique et Le Caire copte \u00e0 c\u00f4t\u00e9 d'un guide local agr\u00e9\u00e9 et de votre v\u00e9hicule priv\u00e9. \u2705\",\"breadcrumb\":{\"@id\":\"https:\/\/tourtravelandmore.com\/fr\/tours\/egypte-fr\/cairo-fr\/all-private-tours-and-activities-fr-2\/visite-privee-du-caire-musee-egyptien-le-caire-islamique-et-le-caire-copte\/#breadcrumb\"},\"inLanguage\":\"fr-FR\",\"potentialAction\":[{\"@type\":\"ReadAction\",\"target\":[\"https:\/\/tourtravelandmore.com\/fr\/tours\/egypte-fr\/cairo-fr\/all-private-tours-and-activities-fr-2\/visite-privee-du-caire-musee-egyptien-le-caire-islamique-et-le-caire-copte\/\"]}]},{\"@type\":\"ImageObject\",\"inLanguage\":\"fr-FR\",\"@id\":\"https:\/\/tourtravelandmore.com\/fr\/tours\/egypte-fr\/cairo-fr\/all-private-tours-and-activities-fr-2\/visite-privee-du-caire-musee-egyptien-le-caire-islamique-et-le-caire-copte\/#primaryimage\",\"url\":\"https:\/\/tourtravelandmore.com\/wp-content\/uploads\/2020\/11\/pexels-spencer-davis-4353815-scaled.jpg\",\"contentUrl\":\"https:\/\/tourtravelandmore.com\/wp-content\/uploads\/2020\/11\/pexels-spencer-davis-4353815-scaled.jpg\",\"width\":2560,\"height\":1707},{\"@type\":\"BreadcrumbList\",\"@id\":\"https:\/\/tourtravelandmore.com\/fr\/tours\/egypte-fr\/cairo-fr\/all-private-tours-and-activities-fr-2\/visite-privee-du-caire-musee-egyptien-le-caire-islamique-et-le-caire-copte\/#breadcrumb\",\"itemListElement\":[{\"@type\":\"ListItem\",\"position\":1,\"name\":\"Home\",\"item\":\"https:\/\/tourtravelandmore.com\/fr\/\"},{\"@type\":\"ListItem\",\"position\":2,\"name\":\"Tours\",\"item\":\"https:\/\/tourtravelandmore.com\/fr\/tours\/\"},{\"@type\":\"ListItem\",\"position\":3,\"name\":\"Visite priv\u00e9e du Caire : Mus\u00e9e \u00e9gyptien, Le Caire islamique et Le Caire copte\"}]},{\"@type\":\"WebSite\",\"@id\":\"https:\/\/tourtravelandmore.com\/fr\/#website\",\"url\":\"https:\/\/tourtravelandmore.com\/fr\/\",\"name\":\"Tour Travel And More\",\"description\":\"Private sightseeing tours and luxury transfers in Spain\",\"publisher\":{\"@id\":\"https:\/\/tourtravelandmore.com\/fr\/#organization\"},\"potentialAction\":[{\"@type\":\"SearchAction\",\"target\":{\"@type\":\"EntryPoint\",\"urlTemplate\":\"https:\/\/tourtravelandmore.com\/fr\/?s={search_term_string}\"},\"query-input\":{\"@type\":\"PropertyValueSpecification\",\"valueRequired\":true,\"valueName\":\"search_term_string\"}}],\"inLanguage\":\"fr-FR\"},{\"@type\":\"Organization\",\"@id\":\"https:\/\/tourtravelandmore.com\/fr\/#organization\",\"name\":\"Tour Travel And More\",\"url\":\"https:\/\/tourtravelandmore.com\/fr\/\",\"logo\":{\"@type\":\"ImageObject\",\"inLanguage\":\"fr-FR\",\"@id\":\"https:\/\/tourtravelandmore.com\/fr\/#\/schema\/logo\/image\/\",\"url\":\"https:\/\/tourtravelandmore.com\/wp-content\/uploads\/2022\/12\/cropped-logo-cabecera-new.png\",\"contentUrl\":\"https:\/\/tourtravelandmore.com\/wp-content\/uploads\/2022\/12\/cropped-logo-cabecera-new.png\",\"width\":430,\"height\":61,\"caption\":\"Tour Travel And More\"},\"image\":{\"@id\":\"https:\/\/tourtravelandmore.com\/fr\/#\/schema\/logo\/image\/\"},\"sameAs\":[\"https:\/\/www.facebook.com\/tourtravelandmore\/\",\"https:\/\/x.com\/TourTravel_More\"]}]}<\/script>\n<!-- \/ Yoast SEO Premium plugin. -->","yoast_head_json":{"title":"Visite priv\u00e9e du Mus\u00e9e \u00e9gyptien du Caire Le Caire islamique et Le Caire copte","description":"Profitez de notre visite priv\u00e9e du Caire : Mus\u00e9e \u00e9gyptien, Le Caire islamique et Le Caire copte \u00e0 c\u00f4t\u00e9 d'un guide local agr\u00e9\u00e9 et de votre v\u00e9hicule priv\u00e9. \u2705","robots":{"index":"index","follow":"follow","max-snippet":"max-snippet:-1","max-image-preview":"max-image-preview:large","max-video-preview":"max-video-preview:-1"},"canonical":"https:\/\/tourtravelandmore.com\/fr\/tours\/egypte-fr\/cairo-fr\/all-private-tours-and-activities-fr-2\/visite-privee-du-caire-musee-egyptien-le-caire-islamique-et-le-caire-copte\/","og_locale":"fr_FR","og_type":"article","og_title":"Visite priv\u00e9e du Caire : Mus\u00e9e \u00e9gyptien, Le Caire islamique et Le Caire copte","og_description":"Profitez de notre visite priv\u00e9e du Caire : Mus\u00e9e \u00e9gyptien, Le Caire islamique et Le Caire copte \u00e0 c\u00f4t\u00e9 d'un guide local agr\u00e9\u00e9 et de votre v\u00e9hicule priv\u00e9. \u2705","og_url":"https:\/\/tourtravelandmore.com\/fr\/tours\/egypte-fr\/cairo-fr\/all-private-tours-and-activities-fr-2\/visite-privee-du-caire-musee-egyptien-le-caire-islamique-et-le-caire-copte\/","og_site_name":"Tour Travel And More","article_publisher":"https:\/\/www.facebook.com\/tourtravelandmore\/","article_modified_time":"2023-08-22T10:16:37+00:00","og_image":[{"width":2560,"height":1707,"url":"https:\/\/tourtravelandmore.com\/wp-content\/uploads\/2020\/11\/pexels-spencer-davis-4353815-scaled.jpg","type":"image\/jpeg"}],"twitter_card":"summary_large_image","twitter_site":"@TourTravel_More","twitter_misc":{"Dur\u00e9e de lecture estim\u00e9e":"2 minutes"},"schema":{"@context":"https:\/\/schema.org","@graph":[{"@type":"WebPage","@id":"https:\/\/tourtravelandmore.com\/fr\/tours\/egypte-fr\/cairo-fr\/all-private-tours-and-activities-fr-2\/visite-privee-du-caire-musee-egyptien-le-caire-islamique-et-le-caire-copte\/","url":"https:\/\/tourtravelandmore.com\/fr\/tours\/egypte-fr\/cairo-fr\/all-private-tours-and-activities-fr-2\/visite-privee-du-caire-musee-egyptien-le-caire-islamique-et-le-caire-copte\/","name":"Visite priv\u00e9e du Mus\u00e9e \u00e9gyptien du Caire Le Caire islamique et Le Caire copte","isPartOf":{"@id":"https:\/\/tourtravelandmore.com\/fr\/#website"},"primaryImageOfPage":{"@id":"https:\/\/tourtravelandmore.com\/fr\/tours\/egypte-fr\/cairo-fr\/all-private-tours-and-activities-fr-2\/visite-privee-du-caire-musee-egyptien-le-caire-islamique-et-le-caire-copte\/#primaryimage"},"image":{"@id":"https:\/\/tourtravelandmore.com\/fr\/tours\/egypte-fr\/cairo-fr\/all-private-tours-and-activities-fr-2\/visite-privee-du-caire-musee-egyptien-le-caire-islamique-et-le-caire-copte\/#primaryimage"},"thumbnailUrl":"https:\/\/tourtravelandmore.com\/wp-content\/uploads\/2020\/11\/pexels-spencer-davis-4353815-scaled.jpg","datePublished":"2020-11-26T11:35:12+00:00","dateModified":"2023-08-22T10:16:37+00:00","description":"Profitez de notre visite priv\u00e9e du Caire : Mus\u00e9e \u00e9gyptien, Le Caire islamique et Le Caire copte \u00e0 c\u00f4t\u00e9 d'un guide local agr\u00e9\u00e9 et de votre v\u00e9hicule priv\u00e9. \u2705","breadcrumb":{"@id":"https:\/\/tourtravelandmore.com\/fr\/tours\/egypte-fr\/cairo-fr\/all-private-tours-and-activities-fr-2\/visite-privee-du-caire-musee-egyptien-le-caire-islamique-et-le-caire-copte\/#breadcrumb"},"inLanguage":"fr-FR","potentialAction":[{"@type":"ReadAction","target":["https:\/\/tourtravelandmore.com\/fr\/tours\/egypte-fr\/cairo-fr\/all-private-tours-and-activities-fr-2\/visite-privee-du-caire-musee-egyptien-le-caire-islamique-et-le-caire-copte\/"]}]},{"@type":"ImageObject","inLanguage":"fr-FR","@id":"https:\/\/tourtravelandmore.com\/fr\/tours\/egypte-fr\/cairo-fr\/all-private-tours-and-activities-fr-2\/visite-privee-du-caire-musee-egyptien-le-caire-islamique-et-le-caire-copte\/#primaryimage","url":"https:\/\/tourtravelandmore.com\/wp-content\/uploads\/2020\/11\/pexels-spencer-davis-4353815-scaled.jpg","contentUrl":"https:\/\/tourtravelandmore.com\/wp-content\/uploads\/2020\/11\/pexels-spencer-davis-4353815-scaled.jpg","width":2560,"height":1707},{"@type":"BreadcrumbList","@id":"https:\/\/tourtravelandmore.com\/fr\/tours\/egypte-fr\/cairo-fr\/all-private-tours-and-activities-fr-2\/visite-privee-du-caire-musee-egyptien-le-caire-islamique-et-le-caire-copte\/#breadcrumb","itemListElement":[{"@type":"ListItem","position":1,"name":"Home","item":"https:\/\/tourtravelandmore.com\/fr\/"},{"@type":"ListItem","position":2,"name":"Tours","item":"https:\/\/tourtravelandmore.com\/fr\/tours\/"},{"@type":"ListItem","position":3,"name":"Visite priv\u00e9e du Caire : Mus\u00e9e \u00e9gyptien, Le Caire islamique et Le Caire copte"}]},{"@type":"WebSite","@id":"https:\/\/tourtravelandmore.com\/fr\/#website","url":"https:\/\/tourtravelandmore.com\/fr\/","name":"Tour Travel And More","description":"Private sightseeing tours and luxury transfers in Spain","publisher":{"@id":"https:\/\/tourtravelandmore.com\/fr\/#organization"},"potentialAction":[{"@type":"SearchAction","target":{"@type":"EntryPoint","urlTemplate":"https:\/\/tourtravelandmore.com\/fr\/?s={search_term_string}"},"query-input":{"@type":"PropertyValueSpecification","valueRequired":true,"valueName":"search_term_string"}}],"inLanguage":"fr-FR"},{"@type":"Organization","@id":"https:\/\/tourtravelandmore.com\/fr\/#organization","name":"Tour Travel And More","url":"https:\/\/tourtravelandmore.com\/fr\/","logo":{"@type":"ImageObject","inLanguage":"fr-FR","@id":"https:\/\/tourtravelandmore.com\/fr\/#\/schema\/logo\/image\/","url":"https:\/\/tourtravelandmore.com\/wp-content\/uploads\/2022\/12\/cropped-logo-cabecera-new.png","contentUrl":"https:\/\/tourtravelandmore.com\/wp-content\/uploads\/2022\/12\/cropped-logo-cabecera-new.png","width":430,"height":61,"caption":"Tour Travel And More"},"image":{"@id":"https:\/\/tourtravelandmore.com\/fr\/#\/schema\/logo\/image\/"},"sameAs":["https:\/\/www.facebook.com\/tourtravelandmore\/","https:\/\/x.com\/TourTravel_More"]}]}},"_links":{"self":[{"href":"https:\/\/tourtravelandmore.com\/fr\/wp-json\/wp\/v2\/product\/103819","targetHints":{"allow":["GET"]}}],"collection":[{"href":"https:\/\/tourtravelandmore.com\/fr\/wp-json\/wp\/v2\/product"}],"about":[{"href":"https:\/\/tourtravelandmore.com\/fr\/wp-json\/wp\/v2\/types\/product"}],"replies":[{"embeddable":true,"href":"https:\/\/tourtravelandmore.com\/fr\/wp-json\/wp\/v2\/comments?post=103819"}],"wp:featuredmedia":[{"embeddable":true,"href":"https:\/\/tourtravelandmore.com\/fr\/wp-json\/wp\/v2\/media\/143796"}],"wp:attachment":[{"href":"https:\/\/tourtravelandmore.com\/fr\/wp-json\/wp\/v2\/media?parent=103819"}],"wp:term":[{"taxonomy":"product_brand","embeddable":true,"href":"https:\/\/tourtravelandmore.com\/fr\/wp-json\/wp\/v2\/product_brand?post=103819"},{"taxonomy":"product_cat","embeddable":true,"href":"https:\/\/tourtravelandmore.com\/fr\/wp-json\/wp\/v2\/product_cat?post=103819"},{"taxonomy":"product_tag","embeddable":true,"href":"https:\/\/tourtravelandmore.com\/fr\/wp-json\/wp\/v2\/product_tag?post=103819"}],"curies":[{"name":"wp","href":"https:\/\/api.w.org\/{rel}","templated":true}]}}