{"id":103783,"date":"2020-11-05T11:27:00","date_gmt":"2020-11-05T10:27:00","guid":{"rendered":"https:\/\/tourtravelandmore.com\/tours\/non%20class\u00e9\/visite-privee-dottawa-au-depart-de-montreal\/"},"modified":"2021-03-16T20:31:16","modified_gmt":"2021-03-16T19:31:16","slug":"visite-privee-dottawa-au-depart-de-montreal","status":"publish","type":"product","link":"https:\/\/tourtravelandmore.com\/fr\/tours\/canada-fr\/ottawa-fr\/visite-privee-dottawa-au-depart-de-montreal\/","title":{"rendered":"Visite priv\u00e9e d&#8217;Ottawa au d\u00e9part de Montr\u00e9al"},"content":{"rendered":"<h2>Description:<\/h2>\n<p>Prenez une journ\u00e9e de cong\u00e9 lors de votre visite \u00e0 Montr\u00e9al pour visiter la capitale du Canada! Cette visite priv\u00e9e d&#8217;Ottawa au d\u00e9part de Montr\u00e9al vous emm\u00e8nera dans la capitale canadienne pour une excellente journ\u00e9e!<\/p>\n<p>Pour cette visite, nous organiserons une prise en charge priv\u00e9e de votre h\u00f4tel ou appartement \u00e0 Montr\u00e9al. Nous pouvons venir vous chercher \u00e0 n&#8217;importe quel endroit de la ville. Vous partirez de Montr\u00e9al avec votre chauffeur priv\u00e9. Une fois arriv\u00e9s \u00e0 Ottawa, vous rencontrerez votre guide priv\u00e9. Le trajet vers Ottawa depuis Montr\u00e9al dure environ 2 heures dans chaque sens.<\/p>\n<p>Laissez-nous vous emmener dans cette excursion d&#8217;une journ\u00e9e et d\u00e9couvrez la ville situ\u00e9e sur la rive de la rivi\u00e8re des Outaouais. Ottawa est une ville bilingue de l&#8217;Ontario qui parle fran\u00e7ais et anglais. Renseignez-vous sur les sites d&#8217;Ottawa ainsi que sur les diff\u00e9rentes cultures du monde entier.<\/p>\n<p>\u00c0 Ottawa, profitez des grandes attractions nationales. Faites cette excursion priv\u00e9e d&#8217;une journ\u00e9e pour d\u00e9couvrir le meilleur de la capitale canadienne.<\/p>\n<h2>Sites d&#8217;int\u00e9r\u00eat et monuments<\/h2>\n<p>Nous organiserons une prise en charge priv\u00e9e de votre h\u00f4tel \u00e0 Montr\u00e9al. Nous partirons ensuite vers Ottawa. Rencontrez votre guide une fois dans la capitale et profitez d&#8217;une visite de la ville des meilleurs sites.<\/p>\n<p>Entre autres, d\u00e9couvrez les sites suivants \u00e0 Ottawa:<\/p>\n<ul>\n<li>Pendant les mois d&#8217;hiver: on peut faire du patinage en plein air sur le canal Rideau. C&#8217;est le plus long du monde car il mesure pr\u00e8s de 8 kilom\u00e8tres. Cette patinoire est ouverte 24h \/ 24 et 7j \/ 7!<\/li>\n<li>Vue du Parlement sur la Colline du Parlement. \u00c0 Ottawa, le parlement est situ\u00e9 ou un \u00e9difice gothique au centre-ville. Cet emplacement surplombe la rivi\u00e8re des Outaouais. Nous pouvons \u00e9galement organiser une visite \u00e0 l&#8217;int\u00e9rieur si vous le souhaitez.<\/li>\n<li>March\u00e9 By. Il est situ\u00e9 au c\u0153ur du centre-ville d&#8217;Ottawa. C&#8217;est l&#8217;un des plus anciens march\u00e9s d&#8217;Ottawa.<\/li>\n<li>Fairmont Ch\u00e2teau Laurier<\/li>\n<li>Canal Rideau<\/li>\n<li>Parc Major&#8217;s Hill<\/li>\n<li>Basilique Cath\u00e9drale Notre Dame<\/li>\n<li>Vue de la Cour supr\u00eame du Canada<\/li>\n<li>Village de Westboro<\/li>\n<li>Beaucoup plus<\/li>\n<\/ul>\n<p>Vous devez essayer une queue de castor lors de votre visite \u00e0 Ottawa.<\/p>\n<p>Vous aurez du temps libre pour manger un morceau avant de retourner vers Montr\u00e9al. Votre chauffeur vous ram\u00e8nera \u00e0 Montr\u00e9al apr\u00e8s votre visite priv\u00e9e d&#8217;Ottawa au d\u00e9part de Montr\u00e9al.<\/p>\n<p>Ne manquez pas nos autres visites priv\u00e9es \u00e0 Montr\u00e9al et au Canada!<\/p>\n<p><button style=\"width: auto; height: auto; background-image: url('data:image\/png;base64,iVBORw0KGgoAAAANSUhEUgAAADAAAAAwCAYAAABXAvmHAAABS2lUWHRYTUw6Y29tLmFkb2JlLnhtcAAAAAAAPD94cGFja2V0IGJlZ2luPSLvu78iIGlkPSJXNU0wTXBDZWhpSHpyZVN6TlRjemtjOWQiPz4KPHg6eG1wbWV0YSB4bWxuczp4PSJhZG9iZTpuczptZXRhLyIgeDp4bXB0az0iQWRvYmUgWE1QIENvcmUgNS42LWMxMzggNzkuMTU5ODI0LCAyMDE2LzA5LzE0LTAxOjA5OjAxICAgICAgICAiPgogPHJkZjpSREYgeG1sbnM6cmRmPSJodHRwOi8vd3d3LnczLm9yZy8xOTk5LzAyLzIyLXJkZi1zeW50YXgtbnMjIj4KICA8cmRmOkRlc2NyaXB0aW9uIHJkZjphYm91dD0iIi8+CiA8L3JkZjpSREY+CjwveDp4bXBtZXRhPgo8P3hwYWNrZXQgZW5kPSJyIj8+IEmuOgAAAx5JREFUaIHtmj1L81wYx39JI75AbYtgBTFTRdQGXV2cxMlPICjiakHE0cVJB5FO4uLgN1AnZ\/0EgoLQtd6tL6hJIwia9DzDg6Wxpcb7hMTe+INCz+t1\/TnJuU7OOYoQ4g8Qpz2xFSGEiNoLGVTAjtoJCWw1ag9k0eoTQgg2NzcplUp0dHRE5VNTHMdB0zTy+TydnZ21fI8Ay7K4vr4ml8uRSqVCd7IVQgjW19cpFAoYhlHLbxiBTCbD9PR06A76YXx8HNd1PXmed0BRFBzHwTTNUB3zy\/v7O7FYzJPX9i\/xr4Co0b6u0prj42Pu7u5a1unp6UHXdSYmJkgmk7ImPUgLWFlZoVQq+aqbSCSYn59ne3ubRCIhaxoI4BHSdd13Xcuy2N\/fxzCML0fNL9IjoChK7f\/p6Smjo6MNdWzb5vz8nI2NDUzTpFgsMjMzw+Xlpax5eQH1TE5OMjAw0LQsm80yNzdHNpvFtm2urq44PDxkaWlJymags9D9\/X3Lcl3X2dnZqaX39vakbYY+jS4uLtLV1QXAxcUFlUpFqr\/QBXR3d9Pf3w\/8v8J8fn6W6i90Aa7r8vT0BEAsFpOeTkMXcHJywsvLCwAjIyPSgS1QAb29vS3LHx4eyOVytfTy8rK0zUAFPD4+8vb25vm9vr5SLBY5ODjAMAzK5TIAQ0NDrK6uStsMNA7Mzs42rNfrn\/kP0uk0Z2dnaJq8+UAFfHb0M6qqsrCwwO7uLn19fYHYDFTA2tpa00isaRqDg4NMTU19a+3kh0AFbG1t1YJUWAT6EhcKhSC780Xbf5H9CoiaXwFRIy2gPng5jiPb3beRjgPDw8NYlgUQegyAAAQcHR3xccgTxNrmu0hbjMJpj32ZxkIITNOkWq16tlf8tlVVlWQy+e229UgLKJfLuK77VwI+PikjE6CqKmNjYzJdSPPvxQFVVT2HaD8JVVX5fKzdcEZWLpe5vb39cYd8ADc3Nw1nZB4B8XicdDpNPp+PJCi1wnEcUqkUmUzGk68IISp8uitRqVSoVqth+ueLJntIdtNZ6Kv9nZ9E21\/20IASbXzd5j\/MIQu2KoJrJwAAAABJRU5ErkJggg=='); background-size: 14px 14px; background-color: #000000; position: absolute; opacity: 1; z-index: 86753099; display: none; cursor: pointer; border: none; border-top-left-radius: 3px; border-top-right-radius: 3px; border-bottom-right-radius: 3px; border-bottom-left-radius: 3px; text-indent: 20px; padding: 0px 4px 0px 0px; text-align: center; font-style: normal; font-variant-caps: normal; font-weight: bold; font-stretch: normal; font-size: 11px; line-height: 20px; font-family: 'Helvetica Neue', Helvetica, sans-serif; color: #ffffff; text-transform: capitalize; -webkit-font-smoothing: antialiased; top: 1397px; left: 563px; background-position: 3px 50%; background-repeat: no-repeat no-repeat;\">plan it<\/button><\/p>\n","protected":false},"excerpt":{"rendered":"<p>Faites notre incroyable visite priv\u00e9e d&#8217;Ottawa au d\u00e9part de Montr\u00e9al et courez la chance de profiter du meilleur d&#8217;Ottawa. C&#8217;est une excellente excursion d&#8217;une journ\u00e9e au d\u00e9part de Montr\u00e9al.<\/p>\n","protected":false},"featured_media":86231,"comment_status":"open","ping_status":"closed","template":"","meta":{"_acf_changed":false},"product_brand":[],"product_cat":[3751,3779,3780,3547],"product_tag":[],"class_list":{"0":"post-103783","1":"product","2":"type-product","3":"status-publish","4":"has-post-thumbnail","6":"product_cat-canada-fr","7":"product_cat-ottawa-fr","8":"product_cat-montreal-fr","9":"product_cat-etats-unis-fr","11":"first","12":"instock","13":"shipping-taxable","14":"purchasable","15":"product-type-simple"},"acf":[],"yoast_head":"<!-- This site is optimized with the Yoast SEO Premium plugin v25.3.1 (Yoast SEO v25.3.1) - https:\/\/yoast.com\/wordpress\/plugins\/seo\/ -->\n<title>Visite priv\u00e9e d&#039;Ottawa au d\u00e9part de Montr\u00e9al avec un v\u00e9hicule et un guide<\/title>\n<meta name=\"description\" content=\"Faites cette visite priv\u00e9e d&#039;Ottawa au d\u00e9part de Montr\u00e9al et courez la chance de profiter du meilleur d&#039;Ottawa. C&#039;est une excellente excursion d&#039;une journ\u00e9e au d\u00e9part de Montr\u00e9al.\" \/>\n<meta name=\"robots\" content=\"index, follow, max-snippet:-1, max-image-preview:large, max-video-preview:-1\" \/>\n<link rel=\"canonical\" href=\"https:\/\/tourtravelandmore.com\/fr\/tours\/canada-fr\/ottawa-fr\/visite-privee-dottawa-au-depart-de-montreal\/\" \/>\n<meta property=\"og:locale\" content=\"fr_FR\" \/>\n<meta property=\"og:type\" content=\"article\" \/>\n<meta property=\"og:title\" content=\"Visite priv\u00e9e d&#039;Ottawa au d\u00e9part de Montr\u00e9al\" \/>\n<meta property=\"og:description\" content=\"Faites cette visite priv\u00e9e d&#039;Ottawa au d\u00e9part de Montr\u00e9al et courez la chance de profiter du meilleur d&#039;Ottawa. C&#039;est une excellente excursion d&#039;une journ\u00e9e au d\u00e9part de Montr\u00e9al.\" \/>\n<meta property=\"og:url\" content=\"https:\/\/tourtravelandmore.com\/fr\/tours\/canada-fr\/ottawa-fr\/visite-privee-dottawa-au-depart-de-montreal\/\" \/>\n<meta property=\"og:site_name\" content=\"Tour Travel And More\" \/>\n<meta property=\"article:publisher\" content=\"https:\/\/www.facebook.com\/tourtravelandmore\/\" \/>\n<meta property=\"article:modified_time\" content=\"2021-03-16T19:31:16+00:00\" \/>\n<meta property=\"og:image\" content=\"https:\/\/tourtravelandmore.com\/wp-content\/uploads\/2020\/11\/Ottawa-5-scaled.jpg\" \/>\n\t<meta property=\"og:image:width\" content=\"2560\" \/>\n\t<meta property=\"og:image:height\" content=\"1709\" \/>\n\t<meta property=\"og:image:type\" content=\"image\/jpeg\" \/>\n<meta name=\"twitter:card\" content=\"summary_large_image\" \/>\n<meta name=\"twitter:site\" content=\"@TourTravel_More\" \/>\n<meta name=\"twitter:label1\" content=\"Dur\u00e9e de lecture estim\u00e9e\" \/>\n\t<meta name=\"twitter:data1\" content=\"2 minutes\" \/>\n<script type=\"application\/ld+json\" class=\"yoast-schema-graph\">{\"@context\":\"https:\/\/schema.org\",\"@graph\":[{\"@type\":\"WebPage\",\"@id\":\"https:\/\/tourtravelandmore.com\/fr\/tours\/canada-fr\/ottawa-fr\/visite-privee-dottawa-au-depart-de-montreal\/\",\"url\":\"https:\/\/tourtravelandmore.com\/fr\/tours\/canada-fr\/ottawa-fr\/visite-privee-dottawa-au-depart-de-montreal\/\",\"name\":\"Visite priv\u00e9e d'Ottawa au d\u00e9part de Montr\u00e9al avec un v\u00e9hicule et un guide\",\"isPartOf\":{\"@id\":\"https:\/\/tourtravelandmore.com\/fr\/#website\"},\"primaryImageOfPage\":{\"@id\":\"https:\/\/tourtravelandmore.com\/fr\/tours\/canada-fr\/ottawa-fr\/visite-privee-dottawa-au-depart-de-montreal\/#primaryimage\"},\"image\":{\"@id\":\"https:\/\/tourtravelandmore.com\/fr\/tours\/canada-fr\/ottawa-fr\/visite-privee-dottawa-au-depart-de-montreal\/#primaryimage\"},\"thumbnailUrl\":\"https:\/\/tourtravelandmore.com\/wp-content\/uploads\/2020\/11\/Ottawa-5-scaled.jpg\",\"datePublished\":\"2020-11-05T10:27:00+00:00\",\"dateModified\":\"2021-03-16T19:31:16+00:00\",\"description\":\"Faites cette visite priv\u00e9e d'Ottawa au d\u00e9part de Montr\u00e9al et courez la chance de profiter du meilleur d'Ottawa. C'est une excellente excursion d'une journ\u00e9e au d\u00e9part de Montr\u00e9al.\",\"breadcrumb\":{\"@id\":\"https:\/\/tourtravelandmore.com\/fr\/tours\/canada-fr\/ottawa-fr\/visite-privee-dottawa-au-depart-de-montreal\/#breadcrumb\"},\"inLanguage\":\"fr-FR\",\"potentialAction\":[{\"@type\":\"ReadAction\",\"target\":[\"https:\/\/tourtravelandmore.com\/fr\/tours\/canada-fr\/ottawa-fr\/visite-privee-dottawa-au-depart-de-montreal\/\"]}]},{\"@type\":\"ImageObject\",\"inLanguage\":\"fr-FR\",\"@id\":\"https:\/\/tourtravelandmore.com\/fr\/tours\/canada-fr\/ottawa-fr\/visite-privee-dottawa-au-depart-de-montreal\/#primaryimage\",\"url\":\"https:\/\/tourtravelandmore.com\/wp-content\/uploads\/2020\/11\/Ottawa-5-scaled.jpg\",\"contentUrl\":\"https:\/\/tourtravelandmore.com\/wp-content\/uploads\/2020\/11\/Ottawa-5-scaled.jpg\",\"width\":2560,\"height\":1709},{\"@type\":\"BreadcrumbList\",\"@id\":\"https:\/\/tourtravelandmore.com\/fr\/tours\/canada-fr\/ottawa-fr\/visite-privee-dottawa-au-depart-de-montreal\/#breadcrumb\",\"itemListElement\":[{\"@type\":\"ListItem\",\"position\":1,\"name\":\"Home\",\"item\":\"https:\/\/tourtravelandmore.com\/fr\/\"},{\"@type\":\"ListItem\",\"position\":2,\"name\":\"Tours\",\"item\":\"https:\/\/tourtravelandmore.com\/fr\/tours\/\"},{\"@type\":\"ListItem\",\"position\":3,\"name\":\"Visite priv\u00e9e d&rsquo;Ottawa au d\u00e9part de Montr\u00e9al\"}]},{\"@type\":\"WebSite\",\"@id\":\"https:\/\/tourtravelandmore.com\/fr\/#website\",\"url\":\"https:\/\/tourtravelandmore.com\/fr\/\",\"name\":\"Tour Travel And More\",\"description\":\"Private sightseeing tours and luxury transfers in Spain\",\"publisher\":{\"@id\":\"https:\/\/tourtravelandmore.com\/fr\/#organization\"},\"potentialAction\":[{\"@type\":\"SearchAction\",\"target\":{\"@type\":\"EntryPoint\",\"urlTemplate\":\"https:\/\/tourtravelandmore.com\/fr\/?s={search_term_string}\"},\"query-input\":{\"@type\":\"PropertyValueSpecification\",\"valueRequired\":true,\"valueName\":\"search_term_string\"}}],\"inLanguage\":\"fr-FR\"},{\"@type\":\"Organization\",\"@id\":\"https:\/\/tourtravelandmore.com\/fr\/#organization\",\"name\":\"Tour Travel And More\",\"url\":\"https:\/\/tourtravelandmore.com\/fr\/\",\"logo\":{\"@type\":\"ImageObject\",\"inLanguage\":\"fr-FR\",\"@id\":\"https:\/\/tourtravelandmore.com\/fr\/#\/schema\/logo\/image\/\",\"url\":\"https:\/\/tourtravelandmore.com\/wp-content\/uploads\/2022\/12\/cropped-logo-cabecera-new.png\",\"contentUrl\":\"https:\/\/tourtravelandmore.com\/wp-content\/uploads\/2022\/12\/cropped-logo-cabecera-new.png\",\"width\":430,\"height\":61,\"caption\":\"Tour Travel And More\"},\"image\":{\"@id\":\"https:\/\/tourtravelandmore.com\/fr\/#\/schema\/logo\/image\/\"},\"sameAs\":[\"https:\/\/www.facebook.com\/tourtravelandmore\/\",\"https:\/\/x.com\/TourTravel_More\"]}]}<\/script>\n<!-- \/ Yoast SEO Premium plugin. -->","yoast_head_json":{"title":"Visite priv\u00e9e d'Ottawa au d\u00e9part de Montr\u00e9al avec un v\u00e9hicule et un guide","description":"Faites cette visite priv\u00e9e d'Ottawa au d\u00e9part de Montr\u00e9al et courez la chance de profiter du meilleur d'Ottawa. C'est une excellente excursion d'une journ\u00e9e au d\u00e9part de Montr\u00e9al.","robots":{"index":"index","follow":"follow","max-snippet":"max-snippet:-1","max-image-preview":"max-image-preview:large","max-video-preview":"max-video-preview:-1"},"canonical":"https:\/\/tourtravelandmore.com\/fr\/tours\/canada-fr\/ottawa-fr\/visite-privee-dottawa-au-depart-de-montreal\/","og_locale":"fr_FR","og_type":"article","og_title":"Visite priv\u00e9e d'Ottawa au d\u00e9part de Montr\u00e9al","og_description":"Faites cette visite priv\u00e9e d'Ottawa au d\u00e9part de Montr\u00e9al et courez la chance de profiter du meilleur d'Ottawa. C'est une excellente excursion d'une journ\u00e9e au d\u00e9part de Montr\u00e9al.","og_url":"https:\/\/tourtravelandmore.com\/fr\/tours\/canada-fr\/ottawa-fr\/visite-privee-dottawa-au-depart-de-montreal\/","og_site_name":"Tour Travel And More","article_publisher":"https:\/\/www.facebook.com\/tourtravelandmore\/","article_modified_time":"2021-03-16T19:31:16+00:00","og_image":[{"width":2560,"height":1709,"url":"https:\/\/tourtravelandmore.com\/wp-content\/uploads\/2020\/11\/Ottawa-5-scaled.jpg","type":"image\/jpeg"}],"twitter_card":"summary_large_image","twitter_site":"@TourTravel_More","twitter_misc":{"Dur\u00e9e de lecture estim\u00e9e":"2 minutes"},"schema":{"@context":"https:\/\/schema.org","@graph":[{"@type":"WebPage","@id":"https:\/\/tourtravelandmore.com\/fr\/tours\/canada-fr\/ottawa-fr\/visite-privee-dottawa-au-depart-de-montreal\/","url":"https:\/\/tourtravelandmore.com\/fr\/tours\/canada-fr\/ottawa-fr\/visite-privee-dottawa-au-depart-de-montreal\/","name":"Visite priv\u00e9e d'Ottawa au d\u00e9part de Montr\u00e9al avec un v\u00e9hicule et un guide","isPartOf":{"@id":"https:\/\/tourtravelandmore.com\/fr\/#website"},"primaryImageOfPage":{"@id":"https:\/\/tourtravelandmore.com\/fr\/tours\/canada-fr\/ottawa-fr\/visite-privee-dottawa-au-depart-de-montreal\/#primaryimage"},"image":{"@id":"https:\/\/tourtravelandmore.com\/fr\/tours\/canada-fr\/ottawa-fr\/visite-privee-dottawa-au-depart-de-montreal\/#primaryimage"},"thumbnailUrl":"https:\/\/tourtravelandmore.com\/wp-content\/uploads\/2020\/11\/Ottawa-5-scaled.jpg","datePublished":"2020-11-05T10:27:00+00:00","dateModified":"2021-03-16T19:31:16+00:00","description":"Faites cette visite priv\u00e9e d'Ottawa au d\u00e9part de Montr\u00e9al et courez la chance de profiter du meilleur d'Ottawa. C'est une excellente excursion d'une journ\u00e9e au d\u00e9part de Montr\u00e9al.","breadcrumb":{"@id":"https:\/\/tourtravelandmore.com\/fr\/tours\/canada-fr\/ottawa-fr\/visite-privee-dottawa-au-depart-de-montreal\/#breadcrumb"},"inLanguage":"fr-FR","potentialAction":[{"@type":"ReadAction","target":["https:\/\/tourtravelandmore.com\/fr\/tours\/canada-fr\/ottawa-fr\/visite-privee-dottawa-au-depart-de-montreal\/"]}]},{"@type":"ImageObject","inLanguage":"fr-FR","@id":"https:\/\/tourtravelandmore.com\/fr\/tours\/canada-fr\/ottawa-fr\/visite-privee-dottawa-au-depart-de-montreal\/#primaryimage","url":"https:\/\/tourtravelandmore.com\/wp-content\/uploads\/2020\/11\/Ottawa-5-scaled.jpg","contentUrl":"https:\/\/tourtravelandmore.com\/wp-content\/uploads\/2020\/11\/Ottawa-5-scaled.jpg","width":2560,"height":1709},{"@type":"BreadcrumbList","@id":"https:\/\/tourtravelandmore.com\/fr\/tours\/canada-fr\/ottawa-fr\/visite-privee-dottawa-au-depart-de-montreal\/#breadcrumb","itemListElement":[{"@type":"ListItem","position":1,"name":"Home","item":"https:\/\/tourtravelandmore.com\/fr\/"},{"@type":"ListItem","position":2,"name":"Tours","item":"https:\/\/tourtravelandmore.com\/fr\/tours\/"},{"@type":"ListItem","position":3,"name":"Visite priv\u00e9e d&rsquo;Ottawa au d\u00e9part de Montr\u00e9al"}]},{"@type":"WebSite","@id":"https:\/\/tourtravelandmore.com\/fr\/#website","url":"https:\/\/tourtravelandmore.com\/fr\/","name":"Tour Travel And More","description":"Private sightseeing tours and luxury transfers in Spain","publisher":{"@id":"https:\/\/tourtravelandmore.com\/fr\/#organization"},"potentialAction":[{"@type":"SearchAction","target":{"@type":"EntryPoint","urlTemplate":"https:\/\/tourtravelandmore.com\/fr\/?s={search_term_string}"},"query-input":{"@type":"PropertyValueSpecification","valueRequired":true,"valueName":"search_term_string"}}],"inLanguage":"fr-FR"},{"@type":"Organization","@id":"https:\/\/tourtravelandmore.com\/fr\/#organization","name":"Tour Travel And More","url":"https:\/\/tourtravelandmore.com\/fr\/","logo":{"@type":"ImageObject","inLanguage":"fr-FR","@id":"https:\/\/tourtravelandmore.com\/fr\/#\/schema\/logo\/image\/","url":"https:\/\/tourtravelandmore.com\/wp-content\/uploads\/2022\/12\/cropped-logo-cabecera-new.png","contentUrl":"https:\/\/tourtravelandmore.com\/wp-content\/uploads\/2022\/12\/cropped-logo-cabecera-new.png","width":430,"height":61,"caption":"Tour Travel And More"},"image":{"@id":"https:\/\/tourtravelandmore.com\/fr\/#\/schema\/logo\/image\/"},"sameAs":["https:\/\/www.facebook.com\/tourtravelandmore\/","https:\/\/x.com\/TourTravel_More"]}]}},"_links":{"self":[{"href":"https:\/\/tourtravelandmore.com\/fr\/wp-json\/wp\/v2\/product\/103783","targetHints":{"allow":["GET"]}}],"collection":[{"href":"https:\/\/tourtravelandmore.com\/fr\/wp-json\/wp\/v2\/product"}],"about":[{"href":"https:\/\/tourtravelandmore.com\/fr\/wp-json\/wp\/v2\/types\/product"}],"replies":[{"embeddable":true,"href":"https:\/\/tourtravelandmore.com\/fr\/wp-json\/wp\/v2\/comments?post=103783"}],"wp:featuredmedia":[{"embeddable":true,"href":"https:\/\/tourtravelandmore.com\/fr\/wp-json\/wp\/v2\/media\/86231"}],"wp:attachment":[{"href":"https:\/\/tourtravelandmore.com\/fr\/wp-json\/wp\/v2\/media?parent=103783"}],"wp:term":[{"taxonomy":"product_brand","embeddable":true,"href":"https:\/\/tourtravelandmore.com\/fr\/wp-json\/wp\/v2\/product_brand?post=103783"},{"taxonomy":"product_cat","embeddable":true,"href":"https:\/\/tourtravelandmore.com\/fr\/wp-json\/wp\/v2\/product_cat?post=103783"},{"taxonomy":"product_tag","embeddable":true,"href":"https:\/\/tourtravelandmore.com\/fr\/wp-json\/wp\/v2\/product_tag?post=103783"}],"curies":[{"name":"wp","href":"https:\/\/api.w.org\/{rel}","templated":true}]}}