{"id":103770,"date":"2020-11-04T11:42:56","date_gmt":"2020-11-04T10:42:56","guid":{"rendered":"https:\/\/tourtravelandmore.com\/tours\/non%20class\u00e9\/visite-privee-de-montreal\/"},"modified":"2024-09-11T19:42:32","modified_gmt":"2024-09-11T17:42:32","slug":"visite-privee-de-montreal","status":"publish","type":"product","link":"https:\/\/tourtravelandmore.com\/fr\/tours\/canada-fr\/montreal-fr\/all-private-tours-and-activities-fr-5\/visite-privee-de-montreal\/","title":{"rendered":"Visite priv\u00e9e de Montr\u00e9al"},"content":{"rendered":"<h2>Description de la visite priv\u00e9e de Montr\u00e9al<\/h2>\n<p>Montr\u00e9al est une ville unique en Am\u00e9rique du Nord. Cette ville est \u00e9galement la capitale \u00e9conomique et culturelle du Qu\u00e9bec. <a href=\"https:\/\/es.wikipedia.org\/wiki\/Montreal\">Montr\u00e9al<\/a> est une ville qui a un grand charme europ\u00e9en. On a parfois l&#8217;impression d&#8217;\u00eatre en Europe mais en Am\u00e9rique du Nord. Profitez de cette <b><strong>visite priv\u00e9e de Montr\u00e9al<\/strong><\/b> pour d\u00e9couvrir le meilleur de cette ville.<\/p>\n<p>Des voyageurs nous ont dit que Montr\u00e9al \u00e9tait le Paris du Canada, et pendant cette visite priv\u00e9e, vous comprendrez pourquoi. Nous devons dire que Montr\u00e9al est l&#8217;une des villes les plus visit\u00e9es au Canada.<\/p>\n<p>Pour cette visite priv\u00e9e, nous organisons la prise en charge depuis n&#8217;importe quel endroit de Montr\u00e9al. Faites-nous savoir dans quel arrondissement vous vous trouvez ou o\u00f9 se trouve votre h\u00f4tel, et nous organiserons une prise en charge priv\u00e9e.<\/p>\n<p>Notre chauffeur priv\u00e9 et notre guide touristique s\u00e9par\u00e9 viendront vous chercher dans un v\u00e9hicule confortable et commenceront cette visite priv\u00e9e.<\/p>\n<p>Apr\u00e8s une prise en charge confortable, nous commencerons cette visite priv\u00e9e de Montr\u00e9al.<\/p>\n<h2>Points d&#8217;int\u00e9r\u00eat et monuments<\/h2>\n<p>Tout d&#8217;abord, nous organiserons une prise en charge \u00e0 votre h\u00f4tel !<\/p>\n<p>Montr\u00e9al a tant \u00e0 offrir que nous ferons de notre mieux pour vous aider \u00e0 explorer les meilleurs sites de la ville.<\/p>\n<p><b><strong>Voici quelques exemples de ce que vous pourrez appr\u00e9cier ;<\/strong><\/b><\/p>\n<ul>\n<li><b><strong>Mont-Royal<\/strong><\/b>: Montez \u00e0 pied jusqu&#8217;au sommet. Le Mont-Royal se trouve \u00e0 l&#8217;ouest du centre-ville de Montr\u00e9al. Le Mont-Royal est situ\u00e9 entre les Laurentides et les Appalaches. Le Mont-Royal fait partie du parc du Mont-Royal. Pouvez-vous croire que ce parc a \u00e9t\u00e9 con\u00e7u par le m\u00eame concepteur que le Central Park \u00e0 New York ? La vue sur la ville jusqu&#8217;au fleuve Saint-Laurent est unique !<\/li>\n<li><b><strong>Le Vieux-Montr\u00e9al.<\/strong><\/b> Il y a tellement de choses \u00e0 voir dans cette partie de la ville qu&#8217;il est difficile d&#8217;expliquer par o\u00f9 commencer ! Le Vieux-Montr\u00e9al, comme son nom l&#8217;indique, est la partie la plus ancienne de la ville. Cette zone et ce quartier remontent au 17e si\u00e8cle. Vous y trouverez tous les b\u00e2timents historiques. Entre autres, vous pouvez admirer le S\u00e9minaire Saint-Sulpice et la Place d&#8217;Armes. Vous pouvez \u00e9galement admirer la basilique Notre-Dame, de style n\u00e9o-gothique.<\/li>\n<li><b><strong>March\u00e9 Jean-Talon :<\/strong><\/b> ce march\u00e9 se trouve dans la Petite Italie de Montr\u00e9al. Il est ouvert tous les jours.<\/li>\n<li><b><strong>Vieux port de Montr\u00e9al :<\/strong><\/b> Vieux-Port de Montr\u00e9al. Il est situ\u00e9 sur le Vieux-Montr\u00e9al.<\/li>\n<li><b><strong>Sommet Place Ville Marie :<\/strong><\/b> montez au sommet pour profiter de la vue magnifique sur le Mont-Royal, le fleuve Saint-Laurent, le stade olympique et m\u00eame le centre-ville de Montr\u00e9al.<\/li>\n<li><b><strong>Promenez-vous dans le Mile End :<\/strong><\/b> profitez des boutiques, des restaurants et des caf\u00e9s en peluche, par exemple.<\/li>\n<li>Descendez dans les souterrains pour avoir un aper\u00e7u rapide de ce que Montr\u00e9al offre en hiver et les jours de pluie. Les passages relient 7 stations de m\u00e9tro ! Vous pouvez trouver des liens depuis la gare centrale, la Place des Arts, l&#8217;Universit\u00e9 McGill, la gare Windsor et la Bourse de Montr\u00e9al.<\/li>\n<\/ul>\n<p>Enfin, notre visite priv\u00e9e se terminera \u00e0 votre h\u00f4tel \u00e0 Montr\u00e9al.<\/p>\n<p><a href=\"https:\/\/tourtravelandmore.com\/fr\/city\/canada-fr\/\">Consultez nos visites priv\u00e9es \u00e0 pied et d&#8217;autres visites priv\u00e9es \u00e0 Montr\u00e9al !<\/a><\/p>\n<p><button style=\"width: auto; height: auto; background-image: url('data:image\/png;base64,iVBORw0KGgoAAAANSUhEUgAAADAAAAAwCAYAAABXAvmHAAABS2lUWHRYTUw6Y29tLmFkb2JlLnhtcAAAAAAAPD94cGFja2V0IGJlZ2luPSLvu78iIGlkPSJXNU0wTXBDZWhpSHpyZVN6TlRjemtjOWQiPz4KPHg6eG1wbWV0YSB4bWxuczp4PSJhZG9iZTpuczptZXRhLyIgeDp4bXB0az0iQWRvYmUgWE1QIENvcmUgNS42LWMxMzggNzkuMTU5ODI0LCAyMDE2LzA5LzE0LTAxOjA5OjAxICAgICAgICAiPgogPHJkZjpSREYgeG1sbnM6cmRmPSJodHRwOi8vd3d3LnczLm9yZy8xOTk5LzAyLzIyLXJkZi1zeW50YXgtbnMjIj4KICA8cmRmOkRlc2NyaXB0aW9uIHJkZjphYm91dD0iIi8+CiA8L3JkZjpSREY+CjwveDp4bXBtZXRhPgo8P3hwYWNrZXQgZW5kPSJyIj8+IEmuOgAAAx5JREFUaIHtmj1L81wYx39JI75AbYtgBTFTRdQGXV2cxMlPICjiakHE0cVJB5FO4uLgN1AnZ\/0EgoLQtd6tL6hJIwia9DzDg6Wxpcb7hMTe+INCz+t1\/TnJuU7OOYoQ4g8Qpz2xFSGEiNoLGVTAjtoJCWw1ag9k0eoTQgg2NzcplUp0dHRE5VNTHMdB0zTy+TydnZ21fI8Ay7K4vr4ml8uRSqVCd7IVQgjW19cpFAoYhlHLbxiBTCbD9PR06A76YXx8HNd1PXmed0BRFBzHwTTNUB3zy\/v7O7FYzJPX9i\/xr4Co0b6u0prj42Pu7u5a1unp6UHXdSYmJkgmk7ImPUgLWFlZoVQq+aqbSCSYn59ne3ubRCIhaxoI4BHSdd13Xcuy2N\/fxzCML0fNL9IjoChK7f\/p6Smjo6MNdWzb5vz8nI2NDUzTpFgsMjMzw+Xlpax5eQH1TE5OMjAw0LQsm80yNzdHNpvFtm2urq44PDxkaWlJymags9D9\/X3Lcl3X2dnZqaX39vakbYY+jS4uLtLV1QXAxcUFlUpFqr\/QBXR3d9Pf3w\/8v8J8fn6W6i90Aa7r8vT0BEAsFpOeTkMXcHJywsvLCwAjIyPSgS1QAb29vS3LHx4eyOVytfTy8rK0zUAFPD4+8vb25vm9vr5SLBY5ODjAMAzK5TIAQ0NDrK6uStsMNA7Mzs42rNfrn\/kP0uk0Z2dnaJq8+UAFfHb0M6qqsrCwwO7uLn19fYHYDFTA2tpa00isaRqDg4NMTU19a+3kh0AFbG1t1YJUWAT6EhcKhSC780Xbf5H9CoiaXwFRIy2gPng5jiPb3beRjgPDw8NYlgUQegyAAAQcHR3xccgTxNrmu0hbjMJpj32ZxkIITNOkWq16tlf8tlVVlWQy+e229UgLKJfLuK77VwI+PikjE6CqKmNjYzJdSPPvxQFVVT2HaD8JVVX5fKzdcEZWLpe5vb39cYd8ADc3Nw1nZB4B8XicdDpNPp+PJCi1wnEcUqkUmUzGk68IISp8uitRqVSoVqth+ueLJntIdtNZ6Kv9nZ9E21\/20IASbXzd5j\/MIQu2KoJrJwAAAABJRU5ErkJggg=='); background-size: 14px 14px; background-color: #000000; position: absolute; opacity: 1; z-index: 86753099; display: none; cursor: pointer; border: none; border-top-left-radius: 3px; border-top-right-radius: 3px; border-bottom-right-radius: 3px; border-bottom-left-radius: 3px; text-indent: 20px; padding: 0px 4px 0px 0px; text-align: center; font-style: normal; font-variant-caps: normal; font-weight: bold; font-stretch: normal; font-size: 11px; line-height: 20px; font-family: 'Helvetica Neue', Helvetica, sans-serif; color: #ffffff; text-transform: capitalize; -webkit-font-smoothing: antialiased; top: 1397px; left: 563px; background-position: 3px 50%; background-repeat: no-repeat no-repeat;\">plan it<\/button><\/p>\n","protected":false},"excerpt":{"rendered":"<p>Rejoignez-nous sur cette visite priv\u00e9e de Montr\u00e9al et courez la chance de profiter de la partie historique de Montr\u00e9al. Une exp\u00e9rience priv\u00e9e vraiment incroyable.<\/p>\n","protected":false},"featured_media":86102,"comment_status":"open","ping_status":"closed","template":"","meta":{"_acf_changed":false},"product_brand":[],"product_cat":[3751,3780,4241,4242,3547],"product_tag":[],"class_list":{"0":"post-103770","1":"product","2":"type-product","3":"status-publish","4":"has-post-thumbnail","6":"product_cat-canada-fr","7":"product_cat-montreal-fr","8":"product_cat-all-private-tours-and-activities-fr-5","9":"product_cat-private-sightseeing-tours-fr-17","10":"product_cat-etats-unis-fr","12":"first","13":"instock","14":"shipping-taxable","15":"purchasable","16":"product-type-simple"},"acf":[],"yoast_head":"<!-- This site is optimized with the Yoast SEO Premium plugin v25.3.1 (Yoast SEO v25.3.1) - https:\/\/yoast.com\/wordpress\/plugins\/seo\/ -->\n<title>Visite priv\u00e9e de Montr\u00e9al avec un v\u00e9hicule et un guide<\/title>\n<meta name=\"description\" content=\"Rejoignez-nous sur cette visite priv\u00e9e de Montr\u00e9al et courez la chance de profiter de la partie historique de Montr\u00e9al. Une exp\u00e9rience priv\u00e9e vraiment incroyable.\" \/>\n<meta name=\"robots\" content=\"index, follow, max-snippet:-1, max-image-preview:large, max-video-preview:-1\" \/>\n<link rel=\"canonical\" href=\"https:\/\/tourtravelandmore.com\/fr\/tours\/canada-fr\/montreal-fr\/all-private-tours-and-activities-fr-5\/visite-privee-de-montreal\/\" \/>\n<meta property=\"og:locale\" content=\"fr_FR\" \/>\n<meta property=\"og:type\" content=\"article\" \/>\n<meta property=\"og:title\" content=\"Visite priv\u00e9e de Montr\u00e9al\" \/>\n<meta property=\"og:description\" content=\"Rejoignez-nous sur cette visite priv\u00e9e de Montr\u00e9al et courez la chance de profiter de la partie historique de Montr\u00e9al. Une exp\u00e9rience priv\u00e9e vraiment incroyable.\" \/>\n<meta property=\"og:url\" content=\"https:\/\/tourtravelandmore.com\/fr\/tours\/canada-fr\/montreal-fr\/all-private-tours-and-activities-fr-5\/visite-privee-de-montreal\/\" \/>\n<meta property=\"og:site_name\" content=\"Tour Travel And More\" \/>\n<meta property=\"article:publisher\" content=\"https:\/\/www.facebook.com\/tourtravelandmore\/\" \/>\n<meta property=\"article:modified_time\" content=\"2024-09-11T17:42:32+00:00\" \/>\n<meta property=\"og:image\" content=\"https:\/\/tourtravelandmore.com\/wp-content\/uploads\/2020\/11\/Montreal-5-scaled.jpg\" \/>\n\t<meta property=\"og:image:width\" content=\"2560\" \/>\n\t<meta property=\"og:image:height\" content=\"1024\" \/>\n\t<meta property=\"og:image:type\" content=\"image\/jpeg\" \/>\n<meta name=\"twitter:card\" content=\"summary_large_image\" \/>\n<meta name=\"twitter:site\" content=\"@TourTravel_More\" \/>\n<meta name=\"twitter:label1\" content=\"Dur\u00e9e de lecture estim\u00e9e\" \/>\n\t<meta name=\"twitter:data1\" content=\"3 minutes\" \/>\n<script type=\"application\/ld+json\" class=\"yoast-schema-graph\">{\"@context\":\"https:\/\/schema.org\",\"@graph\":[{\"@type\":\"WebPage\",\"@id\":\"https:\/\/tourtravelandmore.com\/fr\/tours\/canada-fr\/montreal-fr\/all-private-tours-and-activities-fr-5\/visite-privee-de-montreal\/\",\"url\":\"https:\/\/tourtravelandmore.com\/fr\/tours\/canada-fr\/montreal-fr\/all-private-tours-and-activities-fr-5\/visite-privee-de-montreal\/\",\"name\":\"Visite priv\u00e9e de Montr\u00e9al avec un v\u00e9hicule et un guide\",\"isPartOf\":{\"@id\":\"https:\/\/tourtravelandmore.com\/fr\/#website\"},\"primaryImageOfPage\":{\"@id\":\"https:\/\/tourtravelandmore.com\/fr\/tours\/canada-fr\/montreal-fr\/all-private-tours-and-activities-fr-5\/visite-privee-de-montreal\/#primaryimage\"},\"image\":{\"@id\":\"https:\/\/tourtravelandmore.com\/fr\/tours\/canada-fr\/montreal-fr\/all-private-tours-and-activities-fr-5\/visite-privee-de-montreal\/#primaryimage\"},\"thumbnailUrl\":\"https:\/\/tourtravelandmore.com\/wp-content\/uploads\/2020\/11\/Montreal-5-scaled.jpg\",\"datePublished\":\"2020-11-04T10:42:56+00:00\",\"dateModified\":\"2024-09-11T17:42:32+00:00\",\"description\":\"Rejoignez-nous sur cette visite priv\u00e9e de Montr\u00e9al et courez la chance de profiter de la partie historique de Montr\u00e9al. Une exp\u00e9rience priv\u00e9e vraiment incroyable.\",\"breadcrumb\":{\"@id\":\"https:\/\/tourtravelandmore.com\/fr\/tours\/canada-fr\/montreal-fr\/all-private-tours-and-activities-fr-5\/visite-privee-de-montreal\/#breadcrumb\"},\"inLanguage\":\"fr-FR\",\"potentialAction\":[{\"@type\":\"ReadAction\",\"target\":[\"https:\/\/tourtravelandmore.com\/fr\/tours\/canada-fr\/montreal-fr\/all-private-tours-and-activities-fr-5\/visite-privee-de-montreal\/\"]}]},{\"@type\":\"ImageObject\",\"inLanguage\":\"fr-FR\",\"@id\":\"https:\/\/tourtravelandmore.com\/fr\/tours\/canada-fr\/montreal-fr\/all-private-tours-and-activities-fr-5\/visite-privee-de-montreal\/#primaryimage\",\"url\":\"https:\/\/tourtravelandmore.com\/wp-content\/uploads\/2020\/11\/Montreal-5-scaled.jpg\",\"contentUrl\":\"https:\/\/tourtravelandmore.com\/wp-content\/uploads\/2020\/11\/Montreal-5-scaled.jpg\",\"width\":2560,\"height\":1024},{\"@type\":\"BreadcrumbList\",\"@id\":\"https:\/\/tourtravelandmore.com\/fr\/tours\/canada-fr\/montreal-fr\/all-private-tours-and-activities-fr-5\/visite-privee-de-montreal\/#breadcrumb\",\"itemListElement\":[{\"@type\":\"ListItem\",\"position\":1,\"name\":\"Home\",\"item\":\"https:\/\/tourtravelandmore.com\/fr\/\"},{\"@type\":\"ListItem\",\"position\":2,\"name\":\"Tours\",\"item\":\"https:\/\/tourtravelandmore.com\/fr\/tours\/\"},{\"@type\":\"ListItem\",\"position\":3,\"name\":\"Visite priv\u00e9e de Montr\u00e9al\"}]},{\"@type\":\"WebSite\",\"@id\":\"https:\/\/tourtravelandmore.com\/fr\/#website\",\"url\":\"https:\/\/tourtravelandmore.com\/fr\/\",\"name\":\"Tour Travel And More\",\"description\":\"Private sightseeing tours and luxury transfers in Spain\",\"publisher\":{\"@id\":\"https:\/\/tourtravelandmore.com\/fr\/#organization\"},\"potentialAction\":[{\"@type\":\"SearchAction\",\"target\":{\"@type\":\"EntryPoint\",\"urlTemplate\":\"https:\/\/tourtravelandmore.com\/fr\/?s={search_term_string}\"},\"query-input\":{\"@type\":\"PropertyValueSpecification\",\"valueRequired\":true,\"valueName\":\"search_term_string\"}}],\"inLanguage\":\"fr-FR\"},{\"@type\":\"Organization\",\"@id\":\"https:\/\/tourtravelandmore.com\/fr\/#organization\",\"name\":\"Tour Travel And More\",\"url\":\"https:\/\/tourtravelandmore.com\/fr\/\",\"logo\":{\"@type\":\"ImageObject\",\"inLanguage\":\"fr-FR\",\"@id\":\"https:\/\/tourtravelandmore.com\/fr\/#\/schema\/logo\/image\/\",\"url\":\"https:\/\/tourtravelandmore.com\/wp-content\/uploads\/2022\/12\/cropped-logo-cabecera-new.png\",\"contentUrl\":\"https:\/\/tourtravelandmore.com\/wp-content\/uploads\/2022\/12\/cropped-logo-cabecera-new.png\",\"width\":430,\"height\":61,\"caption\":\"Tour Travel And More\"},\"image\":{\"@id\":\"https:\/\/tourtravelandmore.com\/fr\/#\/schema\/logo\/image\/\"},\"sameAs\":[\"https:\/\/www.facebook.com\/tourtravelandmore\/\",\"https:\/\/x.com\/TourTravel_More\"]}]}<\/script>\n<!-- \/ Yoast SEO Premium plugin. -->","yoast_head_json":{"title":"Visite priv\u00e9e de Montr\u00e9al avec un v\u00e9hicule et un guide","description":"Rejoignez-nous sur cette visite priv\u00e9e de Montr\u00e9al et courez la chance de profiter de la partie historique de Montr\u00e9al. Une exp\u00e9rience priv\u00e9e vraiment incroyable.","robots":{"index":"index","follow":"follow","max-snippet":"max-snippet:-1","max-image-preview":"max-image-preview:large","max-video-preview":"max-video-preview:-1"},"canonical":"https:\/\/tourtravelandmore.com\/fr\/tours\/canada-fr\/montreal-fr\/all-private-tours-and-activities-fr-5\/visite-privee-de-montreal\/","og_locale":"fr_FR","og_type":"article","og_title":"Visite priv\u00e9e de Montr\u00e9al","og_description":"Rejoignez-nous sur cette visite priv\u00e9e de Montr\u00e9al et courez la chance de profiter de la partie historique de Montr\u00e9al. Une exp\u00e9rience priv\u00e9e vraiment incroyable.","og_url":"https:\/\/tourtravelandmore.com\/fr\/tours\/canada-fr\/montreal-fr\/all-private-tours-and-activities-fr-5\/visite-privee-de-montreal\/","og_site_name":"Tour Travel And More","article_publisher":"https:\/\/www.facebook.com\/tourtravelandmore\/","article_modified_time":"2024-09-11T17:42:32+00:00","og_image":[{"width":2560,"height":1024,"url":"https:\/\/tourtravelandmore.com\/wp-content\/uploads\/2020\/11\/Montreal-5-scaled.jpg","type":"image\/jpeg"}],"twitter_card":"summary_large_image","twitter_site":"@TourTravel_More","twitter_misc":{"Dur\u00e9e de lecture estim\u00e9e":"3 minutes"},"schema":{"@context":"https:\/\/schema.org","@graph":[{"@type":"WebPage","@id":"https:\/\/tourtravelandmore.com\/fr\/tours\/canada-fr\/montreal-fr\/all-private-tours-and-activities-fr-5\/visite-privee-de-montreal\/","url":"https:\/\/tourtravelandmore.com\/fr\/tours\/canada-fr\/montreal-fr\/all-private-tours-and-activities-fr-5\/visite-privee-de-montreal\/","name":"Visite priv\u00e9e de Montr\u00e9al avec un v\u00e9hicule et un guide","isPartOf":{"@id":"https:\/\/tourtravelandmore.com\/fr\/#website"},"primaryImageOfPage":{"@id":"https:\/\/tourtravelandmore.com\/fr\/tours\/canada-fr\/montreal-fr\/all-private-tours-and-activities-fr-5\/visite-privee-de-montreal\/#primaryimage"},"image":{"@id":"https:\/\/tourtravelandmore.com\/fr\/tours\/canada-fr\/montreal-fr\/all-private-tours-and-activities-fr-5\/visite-privee-de-montreal\/#primaryimage"},"thumbnailUrl":"https:\/\/tourtravelandmore.com\/wp-content\/uploads\/2020\/11\/Montreal-5-scaled.jpg","datePublished":"2020-11-04T10:42:56+00:00","dateModified":"2024-09-11T17:42:32+00:00","description":"Rejoignez-nous sur cette visite priv\u00e9e de Montr\u00e9al et courez la chance de profiter de la partie historique de Montr\u00e9al. Une exp\u00e9rience priv\u00e9e vraiment incroyable.","breadcrumb":{"@id":"https:\/\/tourtravelandmore.com\/fr\/tours\/canada-fr\/montreal-fr\/all-private-tours-and-activities-fr-5\/visite-privee-de-montreal\/#breadcrumb"},"inLanguage":"fr-FR","potentialAction":[{"@type":"ReadAction","target":["https:\/\/tourtravelandmore.com\/fr\/tours\/canada-fr\/montreal-fr\/all-private-tours-and-activities-fr-5\/visite-privee-de-montreal\/"]}]},{"@type":"ImageObject","inLanguage":"fr-FR","@id":"https:\/\/tourtravelandmore.com\/fr\/tours\/canada-fr\/montreal-fr\/all-private-tours-and-activities-fr-5\/visite-privee-de-montreal\/#primaryimage","url":"https:\/\/tourtravelandmore.com\/wp-content\/uploads\/2020\/11\/Montreal-5-scaled.jpg","contentUrl":"https:\/\/tourtravelandmore.com\/wp-content\/uploads\/2020\/11\/Montreal-5-scaled.jpg","width":2560,"height":1024},{"@type":"BreadcrumbList","@id":"https:\/\/tourtravelandmore.com\/fr\/tours\/canada-fr\/montreal-fr\/all-private-tours-and-activities-fr-5\/visite-privee-de-montreal\/#breadcrumb","itemListElement":[{"@type":"ListItem","position":1,"name":"Home","item":"https:\/\/tourtravelandmore.com\/fr\/"},{"@type":"ListItem","position":2,"name":"Tours","item":"https:\/\/tourtravelandmore.com\/fr\/tours\/"},{"@type":"ListItem","position":3,"name":"Visite priv\u00e9e de Montr\u00e9al"}]},{"@type":"WebSite","@id":"https:\/\/tourtravelandmore.com\/fr\/#website","url":"https:\/\/tourtravelandmore.com\/fr\/","name":"Tour Travel And More","description":"Private sightseeing tours and luxury transfers in Spain","publisher":{"@id":"https:\/\/tourtravelandmore.com\/fr\/#organization"},"potentialAction":[{"@type":"SearchAction","target":{"@type":"EntryPoint","urlTemplate":"https:\/\/tourtravelandmore.com\/fr\/?s={search_term_string}"},"query-input":{"@type":"PropertyValueSpecification","valueRequired":true,"valueName":"search_term_string"}}],"inLanguage":"fr-FR"},{"@type":"Organization","@id":"https:\/\/tourtravelandmore.com\/fr\/#organization","name":"Tour Travel And More","url":"https:\/\/tourtravelandmore.com\/fr\/","logo":{"@type":"ImageObject","inLanguage":"fr-FR","@id":"https:\/\/tourtravelandmore.com\/fr\/#\/schema\/logo\/image\/","url":"https:\/\/tourtravelandmore.com\/wp-content\/uploads\/2022\/12\/cropped-logo-cabecera-new.png","contentUrl":"https:\/\/tourtravelandmore.com\/wp-content\/uploads\/2022\/12\/cropped-logo-cabecera-new.png","width":430,"height":61,"caption":"Tour Travel And More"},"image":{"@id":"https:\/\/tourtravelandmore.com\/fr\/#\/schema\/logo\/image\/"},"sameAs":["https:\/\/www.facebook.com\/tourtravelandmore\/","https:\/\/x.com\/TourTravel_More"]}]}},"_links":{"self":[{"href":"https:\/\/tourtravelandmore.com\/fr\/wp-json\/wp\/v2\/product\/103770","targetHints":{"allow":["GET"]}}],"collection":[{"href":"https:\/\/tourtravelandmore.com\/fr\/wp-json\/wp\/v2\/product"}],"about":[{"href":"https:\/\/tourtravelandmore.com\/fr\/wp-json\/wp\/v2\/types\/product"}],"replies":[{"embeddable":true,"href":"https:\/\/tourtravelandmore.com\/fr\/wp-json\/wp\/v2\/comments?post=103770"}],"wp:featuredmedia":[{"embeddable":true,"href":"https:\/\/tourtravelandmore.com\/fr\/wp-json\/wp\/v2\/media\/86102"}],"wp:attachment":[{"href":"https:\/\/tourtravelandmore.com\/fr\/wp-json\/wp\/v2\/media?parent=103770"}],"wp:term":[{"taxonomy":"product_brand","embeddable":true,"href":"https:\/\/tourtravelandmore.com\/fr\/wp-json\/wp\/v2\/product_brand?post=103770"},{"taxonomy":"product_cat","embeddable":true,"href":"https:\/\/tourtravelandmore.com\/fr\/wp-json\/wp\/v2\/product_cat?post=103770"},{"taxonomy":"product_tag","embeddable":true,"href":"https:\/\/tourtravelandmore.com\/fr\/wp-json\/wp\/v2\/product_tag?post=103770"}],"curies":[{"name":"wp","href":"https:\/\/api.w.org\/{rel}","templated":true}]}}