{"id":103760,"date":"2020-12-18T12:44:32","date_gmt":"2020-12-18T11:44:32","guid":{"rendered":"https:\/\/tourtravelandmore.com\/tours\/non%20class\u00e9\/visite-privee-de-la-ville-de-detroit\/"},"modified":"2021-03-16T20:08:58","modified_gmt":"2021-03-16T19:08:58","slug":"visite-privee-de-la-ville-de-detroit","status":"publish","type":"product","link":"https:\/\/tourtravelandmore.com\/fr\/tours\/etats-unis-fr\/detroit-fr\/visite-privee-de-la-ville-de-detroit\/","title":{"rendered":"Visite priv\u00e9e de la ville de Detroit"},"content":{"rendered":"<h2>Description:<\/h2>\n<p>Profitez au mieux de votre visite \u00e0 Motor City et rejoignez-nous pour cette visite priv\u00e9e de la ville de Detroit. D\u00e9couvrez et explorez l&#8217;histoire et les points embl\u00e9matiques de la ville aux c\u00f4t\u00e9s d&#8217;un expert local. Au cours de cette visite, vous pourrez visiter les endroits les plus merveilleux de cette ville historique.<\/p>\n<p>Tout d&#8217;abord, votre chauffeur et votre guide viendront vous chercher \u00e0 votre h\u00f4tel ou \u00e0 l&#8217;endroit souhait\u00e9 \u00e0 Detroit. Au cas o\u00f9 vous auriez besoin, nous pouvons \u00e9galement organiser la prise en charge \u00e0 l&#8217;a\u00e9roport ou \u00e0 tout autre endroit en dehors du centre. Il vous suffit de nous contacter et notre \u00e9quipe vous aidera \u00e0 organiser une exp\u00e9rience sur mesure.<\/p>\n<p>Profitez de cette merveilleuse opportunit\u00e9 et d\u00e9couvrez la ville avec notre visite priv\u00e9e de la ville de Detroit. Votre chauffeur priv\u00e9 et votre guide officiel seront \u00e0 votre enti\u00e8re disposition pendant toute l&#8217;exp\u00e9rience.<\/p>\n<h2>Sites d&#8217;int\u00e9r\u00eat et monuments<\/h2>\n<p>D\u00e9troit est situ\u00e9 au sud-est du Michigan, sur la rivi\u00e8re Detroit (reliant les lacs \u00c9ri\u00e9 et Sainte-Claire) en face de l&#8217;Ontario, au Canada. Il a \u00e9t\u00e9 fond\u00e9 en 1701 par un commer\u00e7ant fran\u00e7ais, qui a construit un fort sur la rivi\u00e8re et l&#8217;a nomm\u00e9 Fort Pontchartrain du D\u00e9troit en l&#8217;honneur de son patron.<\/p>\n<p>Comme vous le savez peut-\u00eatre, Detroit est une ville charg\u00e9e d&#8217;histoire et de nombreux sites historiques. Au cours de votre visite, vous pourrez visiter les sites les plus embl\u00e9matiques et apprendre l&#8217;histoire de la ville. Vous serez immerg\u00e9 dans l&#8217;histoire et les l\u00e9gendes de D\u00e9troit, son r\u00f4le dans l&#8217;industrie automobile et bien plus encore!<\/p>\n<p>Parmi les autres monuments et sites historiques de Detroit, vous pouvez visiter:<\/p>\n<ul>\n<li>Arr\u00eat photo dans les principaux monuments de Detroit: Motown, Tigre G\u00e9ant, Fontaine Scott<\/li>\n<li>Parc de Belle-\u00eele: D\u00e9velopp\u00e9 \u00e0 la fin du 19e si\u00e8cle, ce parc insulaire de 982 acres est l&#8217;un des plus beaux endroits de la ville<\/li>\n<li>Mus\u00e9e Henry Ford<\/li>\n<li>Gare centrale du Michigan<\/li>\n<li>peintures murales et march\u00e9s ext\u00e9rieurs dans le march\u00e9 oriental historique<\/li>\n<li>Centre-ville de Detroit: gardien, centre civique et bien plus encore!<\/li>\n<li>Explorez les quartiers historiques o\u00f9 existent les manoirs et les chalets de travailleurs, m\u00eame avant l&#8217;\u00e8re de l&#8217;automobile<\/li>\n<li>Beaucoup plus!<\/li>\n<\/ul>\n<p>Ceci est un itin\u00e9raire d&#8217;une visite de 4 heures, mais au cas o\u00f9 vous pr\u00e9f\u00e9rez, nous pouvons organiser une exp\u00e9rience plus longue. Nous pouvons \u00e9galement inclure des billets d&#8217;entr\u00e9e \u00e0 n&#8217;importe quel monument ou mus\u00e9e. Contactez-nous pour une proposition sur mesure.<\/p>\n<p>Enfin, votre chauffeur priv\u00e9 et votre guide officiel vous d\u00e9poseront \u00e0 votre point de d\u00e9part \u00e0 Detroit.<\/p>\n<p>Il y a d&#8217;autres circuits que nous proposons \u00e0 Detroit, jetez un \u0153il \u00e0 notre liste de produits priv\u00e9s dans et depuis Detroit.<\/p>\n","protected":false},"excerpt":{"rendered":"<p>Profitez de notre visite priv\u00e9e de la ville de Detroit avec un guide officiel et un chauffeur priv\u00e9. Apprenez \u00e0 conna\u00eetre les meilleurs endroits de la ville avec des experts locaux<\/p>\n","protected":false},"featured_media":90043,"comment_status":"open","ping_status":"closed","template":"","meta":{"_acf_changed":false},"product_brand":[],"product_cat":[3547,3772],"product_tag":[],"class_list":{"0":"post-103760","1":"product","2":"type-product","3":"status-publish","4":"has-post-thumbnail","6":"product_cat-etats-unis-fr","7":"product_cat-detroit-fr","9":"first","10":"instock","11":"shipping-taxable","12":"purchasable","13":"product-type-simple"},"acf":[],"yoast_head":"<!-- This site is optimized with the Yoast SEO Premium plugin v25.3.1 (Yoast SEO v25.3.1) - https:\/\/yoast.com\/wordpress\/plugins\/seo\/ -->\n<title>Visite priv\u00e9e de la ville de Detroit avec chauffeur et guide touristique agr\u00e9\u00e9<\/title>\n<meta name=\"description\" content=\"Profitez de notre visite priv\u00e9e de la ville de Detroit avec un guide officiel et un chauffeur priv\u00e9. Apprenez \u00e0 conna\u00eetre les meilleurs endroits de la ville avec des experts locaux\" \/>\n<meta name=\"robots\" content=\"index, follow, max-snippet:-1, max-image-preview:large, max-video-preview:-1\" \/>\n<link rel=\"canonical\" href=\"https:\/\/tourtravelandmore.com\/fr\/tours\/etats-unis-fr\/detroit-fr\/visite-privee-de-la-ville-de-detroit\/\" \/>\n<meta property=\"og:locale\" content=\"fr_FR\" \/>\n<meta property=\"og:type\" content=\"article\" \/>\n<meta property=\"og:title\" content=\"Visite priv\u00e9e de la ville de Detroit\" \/>\n<meta property=\"og:description\" content=\"Profitez de notre visite priv\u00e9e de la ville de Detroit avec un guide officiel et un chauffeur priv\u00e9. Apprenez \u00e0 conna\u00eetre les meilleurs endroits de la ville avec des experts locaux\" \/>\n<meta property=\"og:url\" content=\"https:\/\/tourtravelandmore.com\/fr\/tours\/etats-unis-fr\/detroit-fr\/visite-privee-de-la-ville-de-detroit\/\" \/>\n<meta property=\"og:site_name\" content=\"Tour Travel And More\" \/>\n<meta property=\"article:publisher\" content=\"https:\/\/www.facebook.com\/tourtravelandmore\/\" \/>\n<meta property=\"article:modified_time\" content=\"2021-03-16T19:08:58+00:00\" \/>\n<meta property=\"og:image\" content=\"https:\/\/tourtravelandmore.com\/wp-content\/uploads\/2020\/12\/Detroit-panorama.jpeg\" \/>\n\t<meta property=\"og:image:width\" content=\"1267\" \/>\n\t<meta property=\"og:image:height\" content=\"950\" \/>\n\t<meta property=\"og:image:type\" content=\"image\/jpeg\" \/>\n<meta name=\"twitter:card\" content=\"summary_large_image\" \/>\n<meta name=\"twitter:site\" content=\"@TourTravel_More\" \/>\n<meta name=\"twitter:label1\" content=\"Dur\u00e9e de lecture estim\u00e9e\" \/>\n\t<meta name=\"twitter:data1\" content=\"2 minutes\" \/>\n<script type=\"application\/ld+json\" class=\"yoast-schema-graph\">{\"@context\":\"https:\/\/schema.org\",\"@graph\":[{\"@type\":\"WebPage\",\"@id\":\"https:\/\/tourtravelandmore.com\/fr\/tours\/etats-unis-fr\/detroit-fr\/visite-privee-de-la-ville-de-detroit\/\",\"url\":\"https:\/\/tourtravelandmore.com\/fr\/tours\/etats-unis-fr\/detroit-fr\/visite-privee-de-la-ville-de-detroit\/\",\"name\":\"Visite priv\u00e9e de la ville de Detroit avec chauffeur et guide touristique agr\u00e9\u00e9\",\"isPartOf\":{\"@id\":\"https:\/\/tourtravelandmore.com\/fr\/#website\"},\"primaryImageOfPage\":{\"@id\":\"https:\/\/tourtravelandmore.com\/fr\/tours\/etats-unis-fr\/detroit-fr\/visite-privee-de-la-ville-de-detroit\/#primaryimage\"},\"image\":{\"@id\":\"https:\/\/tourtravelandmore.com\/fr\/tours\/etats-unis-fr\/detroit-fr\/visite-privee-de-la-ville-de-detroit\/#primaryimage\"},\"thumbnailUrl\":\"https:\/\/tourtravelandmore.com\/wp-content\/uploads\/2020\/12\/Detroit-panorama.jpeg\",\"datePublished\":\"2020-12-18T11:44:32+00:00\",\"dateModified\":\"2021-03-16T19:08:58+00:00\",\"description\":\"Profitez de notre visite priv\u00e9e de la ville de Detroit avec un guide officiel et un chauffeur priv\u00e9. Apprenez \u00e0 conna\u00eetre les meilleurs endroits de la ville avec des experts locaux\",\"breadcrumb\":{\"@id\":\"https:\/\/tourtravelandmore.com\/fr\/tours\/etats-unis-fr\/detroit-fr\/visite-privee-de-la-ville-de-detroit\/#breadcrumb\"},\"inLanguage\":\"fr-FR\",\"potentialAction\":[{\"@type\":\"ReadAction\",\"target\":[\"https:\/\/tourtravelandmore.com\/fr\/tours\/etats-unis-fr\/detroit-fr\/visite-privee-de-la-ville-de-detroit\/\"]}]},{\"@type\":\"ImageObject\",\"inLanguage\":\"fr-FR\",\"@id\":\"https:\/\/tourtravelandmore.com\/fr\/tours\/etats-unis-fr\/detroit-fr\/visite-privee-de-la-ville-de-detroit\/#primaryimage\",\"url\":\"https:\/\/tourtravelandmore.com\/wp-content\/uploads\/2020\/12\/Detroit-panorama.jpeg\",\"contentUrl\":\"https:\/\/tourtravelandmore.com\/wp-content\/uploads\/2020\/12\/Detroit-panorama.jpeg\",\"width\":1267,\"height\":950,\"caption\":\"detroit panorama 2\"},{\"@type\":\"BreadcrumbList\",\"@id\":\"https:\/\/tourtravelandmore.com\/fr\/tours\/etats-unis-fr\/detroit-fr\/visite-privee-de-la-ville-de-detroit\/#breadcrumb\",\"itemListElement\":[{\"@type\":\"ListItem\",\"position\":1,\"name\":\"Home\",\"item\":\"https:\/\/tourtravelandmore.com\/fr\/\"},{\"@type\":\"ListItem\",\"position\":2,\"name\":\"Tours\",\"item\":\"https:\/\/tourtravelandmore.com\/fr\/tours\/\"},{\"@type\":\"ListItem\",\"position\":3,\"name\":\"Visite priv\u00e9e de la ville de Detroit\"}]},{\"@type\":\"WebSite\",\"@id\":\"https:\/\/tourtravelandmore.com\/fr\/#website\",\"url\":\"https:\/\/tourtravelandmore.com\/fr\/\",\"name\":\"Tour Travel And More\",\"description\":\"Private sightseeing tours and luxury transfers in Spain\",\"publisher\":{\"@id\":\"https:\/\/tourtravelandmore.com\/fr\/#organization\"},\"potentialAction\":[{\"@type\":\"SearchAction\",\"target\":{\"@type\":\"EntryPoint\",\"urlTemplate\":\"https:\/\/tourtravelandmore.com\/fr\/?s={search_term_string}\"},\"query-input\":{\"@type\":\"PropertyValueSpecification\",\"valueRequired\":true,\"valueName\":\"search_term_string\"}}],\"inLanguage\":\"fr-FR\"},{\"@type\":\"Organization\",\"@id\":\"https:\/\/tourtravelandmore.com\/fr\/#organization\",\"name\":\"Tour Travel And More\",\"url\":\"https:\/\/tourtravelandmore.com\/fr\/\",\"logo\":{\"@type\":\"ImageObject\",\"inLanguage\":\"fr-FR\",\"@id\":\"https:\/\/tourtravelandmore.com\/fr\/#\/schema\/logo\/image\/\",\"url\":\"https:\/\/tourtravelandmore.com\/wp-content\/uploads\/2022\/12\/cropped-logo-cabecera-new.png\",\"contentUrl\":\"https:\/\/tourtravelandmore.com\/wp-content\/uploads\/2022\/12\/cropped-logo-cabecera-new.png\",\"width\":430,\"height\":61,\"caption\":\"Tour Travel And More\"},\"image\":{\"@id\":\"https:\/\/tourtravelandmore.com\/fr\/#\/schema\/logo\/image\/\"},\"sameAs\":[\"https:\/\/www.facebook.com\/tourtravelandmore\/\",\"https:\/\/x.com\/TourTravel_More\"]}]}<\/script>\n<!-- \/ Yoast SEO Premium plugin. -->","yoast_head_json":{"title":"Visite priv\u00e9e de la ville de Detroit avec chauffeur et guide touristique agr\u00e9\u00e9","description":"Profitez de notre visite priv\u00e9e de la ville de Detroit avec un guide officiel et un chauffeur priv\u00e9. Apprenez \u00e0 conna\u00eetre les meilleurs endroits de la ville avec des experts locaux","robots":{"index":"index","follow":"follow","max-snippet":"max-snippet:-1","max-image-preview":"max-image-preview:large","max-video-preview":"max-video-preview:-1"},"canonical":"https:\/\/tourtravelandmore.com\/fr\/tours\/etats-unis-fr\/detroit-fr\/visite-privee-de-la-ville-de-detroit\/","og_locale":"fr_FR","og_type":"article","og_title":"Visite priv\u00e9e de la ville de Detroit","og_description":"Profitez de notre visite priv\u00e9e de la ville de Detroit avec un guide officiel et un chauffeur priv\u00e9. Apprenez \u00e0 conna\u00eetre les meilleurs endroits de la ville avec des experts locaux","og_url":"https:\/\/tourtravelandmore.com\/fr\/tours\/etats-unis-fr\/detroit-fr\/visite-privee-de-la-ville-de-detroit\/","og_site_name":"Tour Travel And More","article_publisher":"https:\/\/www.facebook.com\/tourtravelandmore\/","article_modified_time":"2021-03-16T19:08:58+00:00","og_image":[{"width":1267,"height":950,"url":"https:\/\/tourtravelandmore.com\/wp-content\/uploads\/2020\/12\/Detroit-panorama.jpeg","type":"image\/jpeg"}],"twitter_card":"summary_large_image","twitter_site":"@TourTravel_More","twitter_misc":{"Dur\u00e9e de lecture estim\u00e9e":"2 minutes"},"schema":{"@context":"https:\/\/schema.org","@graph":[{"@type":"WebPage","@id":"https:\/\/tourtravelandmore.com\/fr\/tours\/etats-unis-fr\/detroit-fr\/visite-privee-de-la-ville-de-detroit\/","url":"https:\/\/tourtravelandmore.com\/fr\/tours\/etats-unis-fr\/detroit-fr\/visite-privee-de-la-ville-de-detroit\/","name":"Visite priv\u00e9e de la ville de Detroit avec chauffeur et guide touristique agr\u00e9\u00e9","isPartOf":{"@id":"https:\/\/tourtravelandmore.com\/fr\/#website"},"primaryImageOfPage":{"@id":"https:\/\/tourtravelandmore.com\/fr\/tours\/etats-unis-fr\/detroit-fr\/visite-privee-de-la-ville-de-detroit\/#primaryimage"},"image":{"@id":"https:\/\/tourtravelandmore.com\/fr\/tours\/etats-unis-fr\/detroit-fr\/visite-privee-de-la-ville-de-detroit\/#primaryimage"},"thumbnailUrl":"https:\/\/tourtravelandmore.com\/wp-content\/uploads\/2020\/12\/Detroit-panorama.jpeg","datePublished":"2020-12-18T11:44:32+00:00","dateModified":"2021-03-16T19:08:58+00:00","description":"Profitez de notre visite priv\u00e9e de la ville de Detroit avec un guide officiel et un chauffeur priv\u00e9. Apprenez \u00e0 conna\u00eetre les meilleurs endroits de la ville avec des experts locaux","breadcrumb":{"@id":"https:\/\/tourtravelandmore.com\/fr\/tours\/etats-unis-fr\/detroit-fr\/visite-privee-de-la-ville-de-detroit\/#breadcrumb"},"inLanguage":"fr-FR","potentialAction":[{"@type":"ReadAction","target":["https:\/\/tourtravelandmore.com\/fr\/tours\/etats-unis-fr\/detroit-fr\/visite-privee-de-la-ville-de-detroit\/"]}]},{"@type":"ImageObject","inLanguage":"fr-FR","@id":"https:\/\/tourtravelandmore.com\/fr\/tours\/etats-unis-fr\/detroit-fr\/visite-privee-de-la-ville-de-detroit\/#primaryimage","url":"https:\/\/tourtravelandmore.com\/wp-content\/uploads\/2020\/12\/Detroit-panorama.jpeg","contentUrl":"https:\/\/tourtravelandmore.com\/wp-content\/uploads\/2020\/12\/Detroit-panorama.jpeg","width":1267,"height":950,"caption":"detroit panorama 2"},{"@type":"BreadcrumbList","@id":"https:\/\/tourtravelandmore.com\/fr\/tours\/etats-unis-fr\/detroit-fr\/visite-privee-de-la-ville-de-detroit\/#breadcrumb","itemListElement":[{"@type":"ListItem","position":1,"name":"Home","item":"https:\/\/tourtravelandmore.com\/fr\/"},{"@type":"ListItem","position":2,"name":"Tours","item":"https:\/\/tourtravelandmore.com\/fr\/tours\/"},{"@type":"ListItem","position":3,"name":"Visite priv\u00e9e de la ville de Detroit"}]},{"@type":"WebSite","@id":"https:\/\/tourtravelandmore.com\/fr\/#website","url":"https:\/\/tourtravelandmore.com\/fr\/","name":"Tour Travel And More","description":"Private sightseeing tours and luxury transfers in Spain","publisher":{"@id":"https:\/\/tourtravelandmore.com\/fr\/#organization"},"potentialAction":[{"@type":"SearchAction","target":{"@type":"EntryPoint","urlTemplate":"https:\/\/tourtravelandmore.com\/fr\/?s={search_term_string}"},"query-input":{"@type":"PropertyValueSpecification","valueRequired":true,"valueName":"search_term_string"}}],"inLanguage":"fr-FR"},{"@type":"Organization","@id":"https:\/\/tourtravelandmore.com\/fr\/#organization","name":"Tour Travel And More","url":"https:\/\/tourtravelandmore.com\/fr\/","logo":{"@type":"ImageObject","inLanguage":"fr-FR","@id":"https:\/\/tourtravelandmore.com\/fr\/#\/schema\/logo\/image\/","url":"https:\/\/tourtravelandmore.com\/wp-content\/uploads\/2022\/12\/cropped-logo-cabecera-new.png","contentUrl":"https:\/\/tourtravelandmore.com\/wp-content\/uploads\/2022\/12\/cropped-logo-cabecera-new.png","width":430,"height":61,"caption":"Tour Travel And More"},"image":{"@id":"https:\/\/tourtravelandmore.com\/fr\/#\/schema\/logo\/image\/"},"sameAs":["https:\/\/www.facebook.com\/tourtravelandmore\/","https:\/\/x.com\/TourTravel_More"]}]}},"_links":{"self":[{"href":"https:\/\/tourtravelandmore.com\/fr\/wp-json\/wp\/v2\/product\/103760","targetHints":{"allow":["GET"]}}],"collection":[{"href":"https:\/\/tourtravelandmore.com\/fr\/wp-json\/wp\/v2\/product"}],"about":[{"href":"https:\/\/tourtravelandmore.com\/fr\/wp-json\/wp\/v2\/types\/product"}],"replies":[{"embeddable":true,"href":"https:\/\/tourtravelandmore.com\/fr\/wp-json\/wp\/v2\/comments?post=103760"}],"wp:featuredmedia":[{"embeddable":true,"href":"https:\/\/tourtravelandmore.com\/fr\/wp-json\/wp\/v2\/media\/90043"}],"wp:attachment":[{"href":"https:\/\/tourtravelandmore.com\/fr\/wp-json\/wp\/v2\/media?parent=103760"}],"wp:term":[{"taxonomy":"product_brand","embeddable":true,"href":"https:\/\/tourtravelandmore.com\/fr\/wp-json\/wp\/v2\/product_brand?post=103760"},{"taxonomy":"product_cat","embeddable":true,"href":"https:\/\/tourtravelandmore.com\/fr\/wp-json\/wp\/v2\/product_cat?post=103760"},{"taxonomy":"product_tag","embeddable":true,"href":"https:\/\/tourtravelandmore.com\/fr\/wp-json\/wp\/v2\/product_tag?post=103760"}],"curies":[{"name":"wp","href":"https:\/\/api.w.org\/{rel}","templated":true}]}}