{"id":103755,"date":"2020-12-18T09:51:21","date_gmt":"2020-12-18T08:51:21","guid":{"rendered":"https:\/\/tourtravelandmore.com\/tours\/non%20class\u00e9\/visite-privee-a-pied-sur-le-demenageur-de-personnes\/"},"modified":"2021-03-16T20:07:21","modified_gmt":"2021-03-16T19:07:21","slug":"visite-privee-a-pied-sur-le-demenageur-de-personnes","status":"publish","type":"product","link":"https:\/\/tourtravelandmore.com\/fr\/tours\/etats-unis-fr\/detroit-fr\/visite-privee-a-pied-sur-le-demenageur-de-personnes\/","title":{"rendered":"Visite priv\u00e9e \u00e0 pied sur le d\u00e9m\u00e9nageur de personnes"},"content":{"rendered":"<h2>Description:<\/h2>\n<p>La ville de Detroit est massive, couvrant environ 139 miles carr\u00e9s. Mais seuls 2 d&#8217;entre eux sont compt\u00e9s comme centre-ville, ce qui rend le centre id\u00e9al \u00e0 d\u00e9couvrir dans le people mover. Profitez de notre visite priv\u00e9e \u00e0 Detroit et d\u00e9couvrez le centre-ville avec un local.<\/p>\n<p>\u00c0 c\u00f4t\u00e9 de votre guide professionnel, vous d\u00e9couvrirez tout ce que le centre-ville de Detroit a \u00e0 offrir. La visite est enti\u00e8rement adaptable \u00e0 vos go\u00fbts et d\u00e9sirs personnels. Tous nos guides sont licenci\u00e9s et experts dans leur ville. Pour votre visite, vous utiliserez le Detroit People Mover, un syst\u00e8me de tramway automatis\u00e9 fonctionnant sur une voie sur\u00e9lev\u00e9e dans le quartier des affaires du centre-ville de Detroit.<\/p>\n<p>Cette visite priv\u00e9e de d\u00e9m\u00e9nageurs de personnes \u00e0 Detroit d\u00e9butera dans un point de rencontre central. Si votre h\u00f4tel est situ\u00e9 \u00e0 proximit\u00e9, faites-le nous savoir et nous organiserons une prise en charge \u00e0 pied.<\/p>\n<h2>Sites d&#8217;int\u00e9r\u00eat et monuments<\/h2>\n<p>Tout d&#8217;abord, vous rencontrerez votre guide local au c\u0153ur de la ville, ou dans votre h\u00f4tel s&#8217;il est situ\u00e9 au centre. Apr\u00e8s cela, vous lancerez votre exp\u00e9rience personnalis\u00e9e priv\u00e9e. Pour cette visite, vous utiliserez le d\u00e9m\u00e9nageur de personnes. Ce service circulaire de style navette dispose de 13 stations, vous pla\u00e7ant \u00e0 quelques pas des lieux de sport et de divertissement, des restaurants, des h\u00e9bergements et des sites d&#8217;int\u00e9r\u00eat.<\/p>\n<p>A c\u00f4t\u00e9 de votre guide local, vous visiterez les sites les plus embl\u00e9matiques du centre-ville de Detroit. En utilisant les gens pour vous d\u00e9placer, vous visiterez certains des points les plus embl\u00e9matiques de la ville. Vous vous arr\u00eaterez et explorerez la ville grecque. Cette zone fusionne le charme du vieux monde et des restaurants incontournables avec des jeux, une vie nocturne et des divertissements. Son \u00e9volution constante fait que les visiteurs et les locaux reviennent toujours pour v\u00e9rifier les nouveaux sites. Les autres arr\u00eats que vous appr\u00e9cierez sont le centre civique parsem\u00e9 de sculptures et le paradis des hot-dogs \u00e0 Lafayette Coney Island.<\/p>\n<p>Il existe de nombreux sites que vous pouvez visiter lors de votre visite priv\u00e9e \u00e0 D\u00e9troit. Certains d&#8217;entre eux sont:<\/p>\n<ul>\n<li>Foxtown<\/li>\n<li>Avenue Madison,<\/li>\n<li>Vall\u00e9e paradisiaque<\/li>\n<li>Th\u00e9\u00e2tre Fox<\/li>\n<li>Comerica Park, la maison des Tigers de Detroit<\/li>\n<li>Op\u00e9ra de Detroit.<\/li>\n<li>L&#8217;esprit de Detroit et les sculptures de Joe Louis Fist<\/li>\n<li>Centre Renaissance<\/li>\n<li>Si\u00e8ge social de General Motors<\/li>\n<li>Voir le Canada de l&#8217;autre c\u00f4t\u00e9 de la rivi\u00e8re Detroit<\/li>\n<li>Le b\u00e2timent du gardien de style Art d\u00e9co. Construit en 1928 et termin\u00e9 en 1929, le b\u00e2timent s&#8217;appelait \u00e0 l&#8217;origine Union Trust Building. Vous pouvez entrer et voir le hall remarquable et la salle des banques.<\/li>\n<li>le b\u00e2timent Penobscot de 47 \u00e9tages.<\/li>\n<\/ul>\n<p>Cette visite priv\u00e9e se terminera \u00e0 un point central proche de l&#8217;endroit o\u00f9 elle a commenc\u00e9. L&#8217;itin\u00e9raire et les sites \u00e0 visiter sont enti\u00e8rement modulables selon vos envies personnelles.<\/p>\n<p>Ne manquez pas toutes nos visites priv\u00e9es aux \u00c9tats-Unis et dans le monde!<\/p>\n","protected":false},"excerpt":{"rendered":"<p>Profitez de notre visite priv\u00e9e de d\u00e9m\u00e9nageur de personnes \u00e0 D\u00e9troit et explorez le centre-ville \u00e0 c\u00f4t\u00e9 d&#8217;un guide officiel tout en vous d\u00e9pla\u00e7ant avec le d\u00e9m\u00e9nageur de personnes embl\u00e9matique<\/p>\n","protected":false},"featured_media":90040,"comment_status":"open","ping_status":"closed","template":"","meta":{"_acf_changed":false},"product_brand":[],"product_cat":[3547,3772],"product_tag":[],"class_list":{"0":"post-103755","1":"product","2":"type-product","3":"status-publish","4":"has-post-thumbnail","6":"product_cat-etats-unis-fr","7":"product_cat-detroit-fr","9":"first","10":"instock","11":"shipping-taxable","12":"purchasable","13":"product-type-simple"},"acf":[],"yoast_head":"<!-- This site is optimized with the Yoast SEO Premium plugin v25.3.1 (Yoast SEO v25.3.1) - https:\/\/yoast.com\/wordpress\/plugins\/seo\/ -->\n<title>Visite priv\u00e9e de People Mover \u00e0 Detroit avec un guide local agr\u00e9\u00e9<\/title>\n<meta name=\"description\" content=\"Profitez de notre visite priv\u00e9e de d\u00e9m\u00e9nageur de personnes \u00e0 D\u00e9troit et explorez le centre-ville \u00e0 c\u00f4t\u00e9 d&#039;un guide officiel tout en vous d\u00e9pla\u00e7ant avec le d\u00e9m\u00e9nageur de personnes embl\u00e9matique\" \/>\n<meta name=\"robots\" content=\"index, follow, max-snippet:-1, max-image-preview:large, max-video-preview:-1\" \/>\n<link rel=\"canonical\" href=\"https:\/\/tourtravelandmore.com\/fr\/tours\/etats-unis-fr\/detroit-fr\/visite-privee-a-pied-sur-le-demenageur-de-personnes\/\" \/>\n<meta property=\"og:locale\" content=\"fr_FR\" \/>\n<meta property=\"og:type\" content=\"article\" \/>\n<meta property=\"og:title\" content=\"Visite priv\u00e9e \u00e0 pied sur le d\u00e9m\u00e9nageur de personnes\" \/>\n<meta property=\"og:description\" content=\"Profitez de notre visite priv\u00e9e de d\u00e9m\u00e9nageur de personnes \u00e0 D\u00e9troit et explorez le centre-ville \u00e0 c\u00f4t\u00e9 d&#039;un guide officiel tout en vous d\u00e9pla\u00e7ant avec le d\u00e9m\u00e9nageur de personnes embl\u00e9matique\" \/>\n<meta property=\"og:url\" content=\"https:\/\/tourtravelandmore.com\/fr\/tours\/etats-unis-fr\/detroit-fr\/visite-privee-a-pied-sur-le-demenageur-de-personnes\/\" \/>\n<meta property=\"og:site_name\" content=\"Tour Travel And More\" \/>\n<meta property=\"article:publisher\" content=\"https:\/\/www.facebook.com\/tourtravelandmore\/\" \/>\n<meta property=\"article:modified_time\" content=\"2021-03-16T19:07:21+00:00\" \/>\n<meta property=\"og:image\" content=\"https:\/\/tourtravelandmore.com\/wp-content\/uploads\/2020\/12\/Detroit-panorama-2.jpeg\" \/>\n\t<meta property=\"og:image:width\" content=\"1268\" \/>\n\t<meta property=\"og:image:height\" content=\"950\" \/>\n\t<meta property=\"og:image:type\" content=\"image\/jpeg\" \/>\n<meta name=\"twitter:card\" content=\"summary_large_image\" \/>\n<meta name=\"twitter:site\" content=\"@TourTravel_More\" \/>\n<meta name=\"twitter:label1\" content=\"Dur\u00e9e de lecture estim\u00e9e\" \/>\n\t<meta name=\"twitter:data1\" content=\"3 minutes\" \/>\n<script type=\"application\/ld+json\" class=\"yoast-schema-graph\">{\"@context\":\"https:\/\/schema.org\",\"@graph\":[{\"@type\":\"WebPage\",\"@id\":\"https:\/\/tourtravelandmore.com\/fr\/tours\/etats-unis-fr\/detroit-fr\/visite-privee-a-pied-sur-le-demenageur-de-personnes\/\",\"url\":\"https:\/\/tourtravelandmore.com\/fr\/tours\/etats-unis-fr\/detroit-fr\/visite-privee-a-pied-sur-le-demenageur-de-personnes\/\",\"name\":\"Visite priv\u00e9e de People Mover \u00e0 Detroit avec un guide local agr\u00e9\u00e9\",\"isPartOf\":{\"@id\":\"https:\/\/tourtravelandmore.com\/fr\/#website\"},\"primaryImageOfPage\":{\"@id\":\"https:\/\/tourtravelandmore.com\/fr\/tours\/etats-unis-fr\/detroit-fr\/visite-privee-a-pied-sur-le-demenageur-de-personnes\/#primaryimage\"},\"image\":{\"@id\":\"https:\/\/tourtravelandmore.com\/fr\/tours\/etats-unis-fr\/detroit-fr\/visite-privee-a-pied-sur-le-demenageur-de-personnes\/#primaryimage\"},\"thumbnailUrl\":\"https:\/\/tourtravelandmore.com\/wp-content\/uploads\/2020\/12\/Detroit-panorama-2.jpeg\",\"datePublished\":\"2020-12-18T08:51:21+00:00\",\"dateModified\":\"2021-03-16T19:07:21+00:00\",\"description\":\"Profitez de notre visite priv\u00e9e de d\u00e9m\u00e9nageur de personnes \u00e0 D\u00e9troit et explorez le centre-ville \u00e0 c\u00f4t\u00e9 d'un guide officiel tout en vous d\u00e9pla\u00e7ant avec le d\u00e9m\u00e9nageur de personnes embl\u00e9matique\",\"breadcrumb\":{\"@id\":\"https:\/\/tourtravelandmore.com\/fr\/tours\/etats-unis-fr\/detroit-fr\/visite-privee-a-pied-sur-le-demenageur-de-personnes\/#breadcrumb\"},\"inLanguage\":\"fr-FR\",\"potentialAction\":[{\"@type\":\"ReadAction\",\"target\":[\"https:\/\/tourtravelandmore.com\/fr\/tours\/etats-unis-fr\/detroit-fr\/visite-privee-a-pied-sur-le-demenageur-de-personnes\/\"]}]},{\"@type\":\"ImageObject\",\"inLanguage\":\"fr-FR\",\"@id\":\"https:\/\/tourtravelandmore.com\/fr\/tours\/etats-unis-fr\/detroit-fr\/visite-privee-a-pied-sur-le-demenageur-de-personnes\/#primaryimage\",\"url\":\"https:\/\/tourtravelandmore.com\/wp-content\/uploads\/2020\/12\/Detroit-panorama-2.jpeg\",\"contentUrl\":\"https:\/\/tourtravelandmore.com\/wp-content\/uploads\/2020\/12\/Detroit-panorama-2.jpeg\",\"width\":1268,\"height\":950,\"caption\":\"detroit lookout\"},{\"@type\":\"BreadcrumbList\",\"@id\":\"https:\/\/tourtravelandmore.com\/fr\/tours\/etats-unis-fr\/detroit-fr\/visite-privee-a-pied-sur-le-demenageur-de-personnes\/#breadcrumb\",\"itemListElement\":[{\"@type\":\"ListItem\",\"position\":1,\"name\":\"Home\",\"item\":\"https:\/\/tourtravelandmore.com\/fr\/\"},{\"@type\":\"ListItem\",\"position\":2,\"name\":\"Tours\",\"item\":\"https:\/\/tourtravelandmore.com\/fr\/tours\/\"},{\"@type\":\"ListItem\",\"position\":3,\"name\":\"Visite priv\u00e9e \u00e0 pied sur le d\u00e9m\u00e9nageur de personnes\"}]},{\"@type\":\"WebSite\",\"@id\":\"https:\/\/tourtravelandmore.com\/fr\/#website\",\"url\":\"https:\/\/tourtravelandmore.com\/fr\/\",\"name\":\"Tour Travel And More\",\"description\":\"Private sightseeing tours and luxury transfers in Spain\",\"publisher\":{\"@id\":\"https:\/\/tourtravelandmore.com\/fr\/#organization\"},\"potentialAction\":[{\"@type\":\"SearchAction\",\"target\":{\"@type\":\"EntryPoint\",\"urlTemplate\":\"https:\/\/tourtravelandmore.com\/fr\/?s={search_term_string}\"},\"query-input\":{\"@type\":\"PropertyValueSpecification\",\"valueRequired\":true,\"valueName\":\"search_term_string\"}}],\"inLanguage\":\"fr-FR\"},{\"@type\":\"Organization\",\"@id\":\"https:\/\/tourtravelandmore.com\/fr\/#organization\",\"name\":\"Tour Travel And More\",\"url\":\"https:\/\/tourtravelandmore.com\/fr\/\",\"logo\":{\"@type\":\"ImageObject\",\"inLanguage\":\"fr-FR\",\"@id\":\"https:\/\/tourtravelandmore.com\/fr\/#\/schema\/logo\/image\/\",\"url\":\"https:\/\/tourtravelandmore.com\/wp-content\/uploads\/2022\/12\/cropped-logo-cabecera-new.png\",\"contentUrl\":\"https:\/\/tourtravelandmore.com\/wp-content\/uploads\/2022\/12\/cropped-logo-cabecera-new.png\",\"width\":430,\"height\":61,\"caption\":\"Tour Travel And More\"},\"image\":{\"@id\":\"https:\/\/tourtravelandmore.com\/fr\/#\/schema\/logo\/image\/\"},\"sameAs\":[\"https:\/\/www.facebook.com\/tourtravelandmore\/\",\"https:\/\/x.com\/TourTravel_More\"]}]}<\/script>\n<!-- \/ Yoast SEO Premium plugin. -->","yoast_head_json":{"title":"Visite priv\u00e9e de People Mover \u00e0 Detroit avec un guide local agr\u00e9\u00e9","description":"Profitez de notre visite priv\u00e9e de d\u00e9m\u00e9nageur de personnes \u00e0 D\u00e9troit et explorez le centre-ville \u00e0 c\u00f4t\u00e9 d'un guide officiel tout en vous d\u00e9pla\u00e7ant avec le d\u00e9m\u00e9nageur de personnes embl\u00e9matique","robots":{"index":"index","follow":"follow","max-snippet":"max-snippet:-1","max-image-preview":"max-image-preview:large","max-video-preview":"max-video-preview:-1"},"canonical":"https:\/\/tourtravelandmore.com\/fr\/tours\/etats-unis-fr\/detroit-fr\/visite-privee-a-pied-sur-le-demenageur-de-personnes\/","og_locale":"fr_FR","og_type":"article","og_title":"Visite priv\u00e9e \u00e0 pied sur le d\u00e9m\u00e9nageur de personnes","og_description":"Profitez de notre visite priv\u00e9e de d\u00e9m\u00e9nageur de personnes \u00e0 D\u00e9troit et explorez le centre-ville \u00e0 c\u00f4t\u00e9 d'un guide officiel tout en vous d\u00e9pla\u00e7ant avec le d\u00e9m\u00e9nageur de personnes embl\u00e9matique","og_url":"https:\/\/tourtravelandmore.com\/fr\/tours\/etats-unis-fr\/detroit-fr\/visite-privee-a-pied-sur-le-demenageur-de-personnes\/","og_site_name":"Tour Travel And More","article_publisher":"https:\/\/www.facebook.com\/tourtravelandmore\/","article_modified_time":"2021-03-16T19:07:21+00:00","og_image":[{"width":1268,"height":950,"url":"https:\/\/tourtravelandmore.com\/wp-content\/uploads\/2020\/12\/Detroit-panorama-2.jpeg","type":"image\/jpeg"}],"twitter_card":"summary_large_image","twitter_site":"@TourTravel_More","twitter_misc":{"Dur\u00e9e de lecture estim\u00e9e":"3 minutes"},"schema":{"@context":"https:\/\/schema.org","@graph":[{"@type":"WebPage","@id":"https:\/\/tourtravelandmore.com\/fr\/tours\/etats-unis-fr\/detroit-fr\/visite-privee-a-pied-sur-le-demenageur-de-personnes\/","url":"https:\/\/tourtravelandmore.com\/fr\/tours\/etats-unis-fr\/detroit-fr\/visite-privee-a-pied-sur-le-demenageur-de-personnes\/","name":"Visite priv\u00e9e de People Mover \u00e0 Detroit avec un guide local agr\u00e9\u00e9","isPartOf":{"@id":"https:\/\/tourtravelandmore.com\/fr\/#website"},"primaryImageOfPage":{"@id":"https:\/\/tourtravelandmore.com\/fr\/tours\/etats-unis-fr\/detroit-fr\/visite-privee-a-pied-sur-le-demenageur-de-personnes\/#primaryimage"},"image":{"@id":"https:\/\/tourtravelandmore.com\/fr\/tours\/etats-unis-fr\/detroit-fr\/visite-privee-a-pied-sur-le-demenageur-de-personnes\/#primaryimage"},"thumbnailUrl":"https:\/\/tourtravelandmore.com\/wp-content\/uploads\/2020\/12\/Detroit-panorama-2.jpeg","datePublished":"2020-12-18T08:51:21+00:00","dateModified":"2021-03-16T19:07:21+00:00","description":"Profitez de notre visite priv\u00e9e de d\u00e9m\u00e9nageur de personnes \u00e0 D\u00e9troit et explorez le centre-ville \u00e0 c\u00f4t\u00e9 d'un guide officiel tout en vous d\u00e9pla\u00e7ant avec le d\u00e9m\u00e9nageur de personnes embl\u00e9matique","breadcrumb":{"@id":"https:\/\/tourtravelandmore.com\/fr\/tours\/etats-unis-fr\/detroit-fr\/visite-privee-a-pied-sur-le-demenageur-de-personnes\/#breadcrumb"},"inLanguage":"fr-FR","potentialAction":[{"@type":"ReadAction","target":["https:\/\/tourtravelandmore.com\/fr\/tours\/etats-unis-fr\/detroit-fr\/visite-privee-a-pied-sur-le-demenageur-de-personnes\/"]}]},{"@type":"ImageObject","inLanguage":"fr-FR","@id":"https:\/\/tourtravelandmore.com\/fr\/tours\/etats-unis-fr\/detroit-fr\/visite-privee-a-pied-sur-le-demenageur-de-personnes\/#primaryimage","url":"https:\/\/tourtravelandmore.com\/wp-content\/uploads\/2020\/12\/Detroit-panorama-2.jpeg","contentUrl":"https:\/\/tourtravelandmore.com\/wp-content\/uploads\/2020\/12\/Detroit-panorama-2.jpeg","width":1268,"height":950,"caption":"detroit lookout"},{"@type":"BreadcrumbList","@id":"https:\/\/tourtravelandmore.com\/fr\/tours\/etats-unis-fr\/detroit-fr\/visite-privee-a-pied-sur-le-demenageur-de-personnes\/#breadcrumb","itemListElement":[{"@type":"ListItem","position":1,"name":"Home","item":"https:\/\/tourtravelandmore.com\/fr\/"},{"@type":"ListItem","position":2,"name":"Tours","item":"https:\/\/tourtravelandmore.com\/fr\/tours\/"},{"@type":"ListItem","position":3,"name":"Visite priv\u00e9e \u00e0 pied sur le d\u00e9m\u00e9nageur de personnes"}]},{"@type":"WebSite","@id":"https:\/\/tourtravelandmore.com\/fr\/#website","url":"https:\/\/tourtravelandmore.com\/fr\/","name":"Tour Travel And More","description":"Private sightseeing tours and luxury transfers in Spain","publisher":{"@id":"https:\/\/tourtravelandmore.com\/fr\/#organization"},"potentialAction":[{"@type":"SearchAction","target":{"@type":"EntryPoint","urlTemplate":"https:\/\/tourtravelandmore.com\/fr\/?s={search_term_string}"},"query-input":{"@type":"PropertyValueSpecification","valueRequired":true,"valueName":"search_term_string"}}],"inLanguage":"fr-FR"},{"@type":"Organization","@id":"https:\/\/tourtravelandmore.com\/fr\/#organization","name":"Tour Travel And More","url":"https:\/\/tourtravelandmore.com\/fr\/","logo":{"@type":"ImageObject","inLanguage":"fr-FR","@id":"https:\/\/tourtravelandmore.com\/fr\/#\/schema\/logo\/image\/","url":"https:\/\/tourtravelandmore.com\/wp-content\/uploads\/2022\/12\/cropped-logo-cabecera-new.png","contentUrl":"https:\/\/tourtravelandmore.com\/wp-content\/uploads\/2022\/12\/cropped-logo-cabecera-new.png","width":430,"height":61,"caption":"Tour Travel And More"},"image":{"@id":"https:\/\/tourtravelandmore.com\/fr\/#\/schema\/logo\/image\/"},"sameAs":["https:\/\/www.facebook.com\/tourtravelandmore\/","https:\/\/x.com\/TourTravel_More"]}]}},"_links":{"self":[{"href":"https:\/\/tourtravelandmore.com\/fr\/wp-json\/wp\/v2\/product\/103755","targetHints":{"allow":["GET"]}}],"collection":[{"href":"https:\/\/tourtravelandmore.com\/fr\/wp-json\/wp\/v2\/product"}],"about":[{"href":"https:\/\/tourtravelandmore.com\/fr\/wp-json\/wp\/v2\/types\/product"}],"replies":[{"embeddable":true,"href":"https:\/\/tourtravelandmore.com\/fr\/wp-json\/wp\/v2\/comments?post=103755"}],"wp:featuredmedia":[{"embeddable":true,"href":"https:\/\/tourtravelandmore.com\/fr\/wp-json\/wp\/v2\/media\/90040"}],"wp:attachment":[{"href":"https:\/\/tourtravelandmore.com\/fr\/wp-json\/wp\/v2\/media?parent=103755"}],"wp:term":[{"taxonomy":"product_brand","embeddable":true,"href":"https:\/\/tourtravelandmore.com\/fr\/wp-json\/wp\/v2\/product_brand?post=103755"},{"taxonomy":"product_cat","embeddable":true,"href":"https:\/\/tourtravelandmore.com\/fr\/wp-json\/wp\/v2\/product_cat?post=103755"},{"taxonomy":"product_tag","embeddable":true,"href":"https:\/\/tourtravelandmore.com\/fr\/wp-json\/wp\/v2\/product_tag?post=103755"}],"curies":[{"name":"wp","href":"https:\/\/api.w.org\/{rel}","templated":true}]}}