{"id":103750,"date":"2020-12-17T11:18:57","date_gmt":"2020-12-17T10:18:57","guid":{"rendered":"https:\/\/tourtravelandmore.com\/tours\/non%20class\u00e9\/visite-privee-a-pied-du-centre-ville\/"},"modified":"2021-03-16T20:05:39","modified_gmt":"2021-03-16T19:05:39","slug":"visite-privee-a-pied-du-centre-ville","status":"publish","type":"product","link":"https:\/\/tourtravelandmore.com\/fr\/tours\/etats-unis-fr\/detroit-fr\/visite-privee-a-pied-du-centre-ville\/","title":{"rendered":"Visite priv\u00e9e \u00e0 pied du centre-ville"},"content":{"rendered":"<h2>Description<\/h2>\n<p>Explorez le centre historique de Detroit \u00e0 c\u00f4t\u00e9 de l&#8217;un de nos experts locaux. Cette visite priv\u00e9e \u00e0 pied de Detroit vous aidera \u00e0 d\u00e9couvrir et \u00e0 explorer l&#8217;histoire, les principaux sites et les l\u00e9gendes de la ville automobile.<\/p>\n<p>Aux c\u00f4t\u00e9s de l&#8217;un de nos guides professionnels, vous d\u00e9couvrirez tout ce que le centre-ville de Detroit a \u00e0 offrir au cours de cette visite de 3 heures. La visite est enti\u00e8rement adaptable \u00e0 vos go\u00fbts et d\u00e9sirs personnels. Tous nos guides sont licenci\u00e9s et experts dans leur ville.<\/p>\n<p>Cette visite priv\u00e9e \u00e0 pied de Detroit d\u00e9butera dans un point de rencontre central. Si votre h\u00f4tel est situ\u00e9 \u00e0 proximit\u00e9, faites-le nous savoir et nous organiserons une prise en charge \u00e0 pied.<\/p>\n<h2>Sites d&#8217;int\u00e9r\u00eat et monuments<\/h2>\n<p>Tout d&#8217;abord, vous rencontrerez votre guide local au c\u0153ur de la ville, ou dans votre h\u00f4tel s&#8217;il est situ\u00e9 au centre. Apr\u00e8s cela, vous lancerez votre exp\u00e9rience personnalis\u00e9e priv\u00e9e.<\/p>\n<p>Votre guide local vous fera d\u00e9couvrir certains des points les plus embl\u00e9matiques de la ville. Votre itin\u00e9raire commencera dans la r\u00e9gion qui comprend Foxtown, Madison Avenue et Paradise Valley. Vous continuerez ensuite vers le Fox Theatre, le Comerica Park, la maison des Tigers de Detroit et l&#8217;impressionnant Op\u00e9ra de Detroit.<\/p>\n<p>Apr\u00e8s cela, vous visiterez Greektown. Ce quartier du centre-ville fusionne le charme du vieux monde et des restaurants incontournables avec des jeux, une vie nocturne et des divertissements. L\u2019\u00e9volution constante du quartier incite les visiteurs et les habitants \u00e0 revenir constamment pour v\u00e9rifier les nouveaux sites.<\/p>\n<p>Votre prochain arr\u00eat sera le quartier du Civic Center. Cette zone regorge de points de rep\u00e8re \u00e0 ne pas manquer, dont certains sont:<\/p>\n<ul>\n<li>L&#8217;esprit de Detroit et les sculptures de Joe Louis Fist<\/li>\n<li>Centre Renaissance<\/li>\n<li>Si\u00e8ge social de General Motors<\/li>\n<li>Voir le Canada de l&#8217;autre c\u00f4t\u00e9 de la rivi\u00e8re Detroit<\/li>\n<\/ul>\n<p>Enfin, vous visiterez deux des monuments les plus embl\u00e9matiques de Detroit, le Guardian Building de style Art d\u00e9co et le Penobscot Building de 47 \u00e9tages. Guardian a \u00e9t\u00e9 construit en 1928 et termin\u00e9 en 1929, le b\u00e2timent s&#8217;appelait \u00e0 l&#8217;origine Union Trust Building. Vous pouvez entrer et voir le hall remarquable et la salle des banques.<\/p>\n<p>Cette visite priv\u00e9e se terminera \u00e0 un point central proche de l&#8217;endroit o\u00f9 elle a commenc\u00e9. L&#8217;itin\u00e9raire et les sites \u00e0 visiter sont enti\u00e8rement modulables selon vos envies personnelles.<\/p>\n<p>Ne manquez pas toutes nos visites priv\u00e9es aux \u00c9tats-Unis et dans le monde!<\/p>\n","protected":false},"excerpt":{"rendered":"<p>Profitez de notre visite priv\u00e9e \u00e0 pied de Detroit et explorez le centre-ville \u00e0 c\u00f4t\u00e9 d&#8217;un guide officiel. Apprenez \u00e0 conna\u00eetre les monuments de Detroit avec un local<\/p>\n","protected":false},"featured_media":90034,"comment_status":"open","ping_status":"closed","template":"","meta":{"_acf_changed":false},"product_brand":[],"product_cat":[3547,3772],"product_tag":[],"class_list":{"0":"post-103750","1":"product","2":"type-product","3":"status-publish","4":"has-post-thumbnail","6":"product_cat-etats-unis-fr","7":"product_cat-detroit-fr","9":"first","10":"instock","11":"shipping-taxable","12":"purchasable","13":"product-type-simple"},"acf":[],"yoast_head":"<!-- This site is optimized with the Yoast SEO Premium plugin v25.3.1 (Yoast SEO v25.3.1) - https:\/\/yoast.com\/wordpress\/plugins\/seo\/ -->\n<title>Visite priv\u00e9e \u00e0 pied de Detroit avec un guide local agr\u00e9\u00e9<\/title>\n<meta name=\"description\" content=\"Profitez de notre visite priv\u00e9e \u00e0 pied de Detroit et explorez le centre-ville \u00e0 c\u00f4t\u00e9 d&#039;un guide officiel. Apprenez \u00e0 conna\u00eetre les monuments de Detroit avec un local\" \/>\n<meta name=\"robots\" content=\"index, follow, max-snippet:-1, max-image-preview:large, max-video-preview:-1\" \/>\n<link rel=\"canonical\" href=\"https:\/\/tourtravelandmore.com\/fr\/tours\/etats-unis-fr\/detroit-fr\/visite-privee-a-pied-du-centre-ville\/\" \/>\n<meta property=\"og:locale\" content=\"fr_FR\" \/>\n<meta property=\"og:type\" content=\"article\" \/>\n<meta property=\"og:title\" content=\"Visite priv\u00e9e \u00e0 pied du centre-ville\" \/>\n<meta property=\"og:description\" content=\"Profitez de notre visite priv\u00e9e \u00e0 pied de Detroit et explorez le centre-ville \u00e0 c\u00f4t\u00e9 d&#039;un guide officiel. Apprenez \u00e0 conna\u00eetre les monuments de Detroit avec un local\" \/>\n<meta property=\"og:url\" content=\"https:\/\/tourtravelandmore.com\/fr\/tours\/etats-unis-fr\/detroit-fr\/visite-privee-a-pied-du-centre-ville\/\" \/>\n<meta property=\"og:site_name\" content=\"Tour Travel And More\" \/>\n<meta property=\"article:publisher\" content=\"https:\/\/www.facebook.com\/tourtravelandmore\/\" \/>\n<meta property=\"article:modified_time\" content=\"2021-03-16T19:05:39+00:00\" \/>\n<meta property=\"og:image\" content=\"https:\/\/tourtravelandmore.com\/wp-content\/uploads\/2020\/12\/detroit-downtown.jpeg\" \/>\n\t<meta property=\"og:image:width\" content=\"1489\" \/>\n\t<meta property=\"og:image:height\" content=\"838\" \/>\n\t<meta property=\"og:image:type\" content=\"image\/jpeg\" \/>\n<meta name=\"twitter:card\" content=\"summary_large_image\" \/>\n<meta name=\"twitter:site\" content=\"@TourTravel_More\" \/>\n<meta name=\"twitter:label1\" content=\"Dur\u00e9e de lecture estim\u00e9e\" \/>\n\t<meta name=\"twitter:data1\" content=\"2 minutes\" \/>\n<script type=\"application\/ld+json\" class=\"yoast-schema-graph\">{\"@context\":\"https:\/\/schema.org\",\"@graph\":[{\"@type\":\"WebPage\",\"@id\":\"https:\/\/tourtravelandmore.com\/fr\/tours\/etats-unis-fr\/detroit-fr\/visite-privee-a-pied-du-centre-ville\/\",\"url\":\"https:\/\/tourtravelandmore.com\/fr\/tours\/etats-unis-fr\/detroit-fr\/visite-privee-a-pied-du-centre-ville\/\",\"name\":\"Visite priv\u00e9e \u00e0 pied de Detroit avec un guide local agr\u00e9\u00e9\",\"isPartOf\":{\"@id\":\"https:\/\/tourtravelandmore.com\/fr\/#website\"},\"primaryImageOfPage\":{\"@id\":\"https:\/\/tourtravelandmore.com\/fr\/tours\/etats-unis-fr\/detroit-fr\/visite-privee-a-pied-du-centre-ville\/#primaryimage\"},\"image\":{\"@id\":\"https:\/\/tourtravelandmore.com\/fr\/tours\/etats-unis-fr\/detroit-fr\/visite-privee-a-pied-du-centre-ville\/#primaryimage\"},\"thumbnailUrl\":\"https:\/\/tourtravelandmore.com\/wp-content\/uploads\/2020\/12\/detroit-downtown.jpeg\",\"datePublished\":\"2020-12-17T10:18:57+00:00\",\"dateModified\":\"2021-03-16T19:05:39+00:00\",\"description\":\"Profitez de notre visite priv\u00e9e \u00e0 pied de Detroit et explorez le centre-ville \u00e0 c\u00f4t\u00e9 d'un guide officiel. Apprenez \u00e0 conna\u00eetre les monuments de Detroit avec un local\",\"breadcrumb\":{\"@id\":\"https:\/\/tourtravelandmore.com\/fr\/tours\/etats-unis-fr\/detroit-fr\/visite-privee-a-pied-du-centre-ville\/#breadcrumb\"},\"inLanguage\":\"fr-FR\",\"potentialAction\":[{\"@type\":\"ReadAction\",\"target\":[\"https:\/\/tourtravelandmore.com\/fr\/tours\/etats-unis-fr\/detroit-fr\/visite-privee-a-pied-du-centre-ville\/\"]}]},{\"@type\":\"ImageObject\",\"inLanguage\":\"fr-FR\",\"@id\":\"https:\/\/tourtravelandmore.com\/fr\/tours\/etats-unis-fr\/detroit-fr\/visite-privee-a-pied-du-centre-ville\/#primaryimage\",\"url\":\"https:\/\/tourtravelandmore.com\/wp-content\/uploads\/2020\/12\/detroit-downtown.jpeg\",\"contentUrl\":\"https:\/\/tourtravelandmore.com\/wp-content\/uploads\/2020\/12\/detroit-downtown.jpeg\",\"width\":1489,\"height\":838,\"caption\":\"Detroit\"},{\"@type\":\"BreadcrumbList\",\"@id\":\"https:\/\/tourtravelandmore.com\/fr\/tours\/etats-unis-fr\/detroit-fr\/visite-privee-a-pied-du-centre-ville\/#breadcrumb\",\"itemListElement\":[{\"@type\":\"ListItem\",\"position\":1,\"name\":\"Home\",\"item\":\"https:\/\/tourtravelandmore.com\/fr\/\"},{\"@type\":\"ListItem\",\"position\":2,\"name\":\"Tours\",\"item\":\"https:\/\/tourtravelandmore.com\/fr\/tours\/\"},{\"@type\":\"ListItem\",\"position\":3,\"name\":\"Visite priv\u00e9e \u00e0 pied du centre-ville\"}]},{\"@type\":\"WebSite\",\"@id\":\"https:\/\/tourtravelandmore.com\/fr\/#website\",\"url\":\"https:\/\/tourtravelandmore.com\/fr\/\",\"name\":\"Tour Travel And More\",\"description\":\"Private sightseeing tours and luxury transfers in Spain\",\"publisher\":{\"@id\":\"https:\/\/tourtravelandmore.com\/fr\/#organization\"},\"potentialAction\":[{\"@type\":\"SearchAction\",\"target\":{\"@type\":\"EntryPoint\",\"urlTemplate\":\"https:\/\/tourtravelandmore.com\/fr\/?s={search_term_string}\"},\"query-input\":{\"@type\":\"PropertyValueSpecification\",\"valueRequired\":true,\"valueName\":\"search_term_string\"}}],\"inLanguage\":\"fr-FR\"},{\"@type\":\"Organization\",\"@id\":\"https:\/\/tourtravelandmore.com\/fr\/#organization\",\"name\":\"Tour Travel And More\",\"url\":\"https:\/\/tourtravelandmore.com\/fr\/\",\"logo\":{\"@type\":\"ImageObject\",\"inLanguage\":\"fr-FR\",\"@id\":\"https:\/\/tourtravelandmore.com\/fr\/#\/schema\/logo\/image\/\",\"url\":\"https:\/\/tourtravelandmore.com\/wp-content\/uploads\/2022\/12\/cropped-logo-cabecera-new.png\",\"contentUrl\":\"https:\/\/tourtravelandmore.com\/wp-content\/uploads\/2022\/12\/cropped-logo-cabecera-new.png\",\"width\":430,\"height\":61,\"caption\":\"Tour Travel And More\"},\"image\":{\"@id\":\"https:\/\/tourtravelandmore.com\/fr\/#\/schema\/logo\/image\/\"},\"sameAs\":[\"https:\/\/www.facebook.com\/tourtravelandmore\/\",\"https:\/\/x.com\/TourTravel_More\"]}]}<\/script>\n<!-- \/ Yoast SEO Premium plugin. -->","yoast_head_json":{"title":"Visite priv\u00e9e \u00e0 pied de Detroit avec un guide local agr\u00e9\u00e9","description":"Profitez de notre visite priv\u00e9e \u00e0 pied de Detroit et explorez le centre-ville \u00e0 c\u00f4t\u00e9 d'un guide officiel. Apprenez \u00e0 conna\u00eetre les monuments de Detroit avec un local","robots":{"index":"index","follow":"follow","max-snippet":"max-snippet:-1","max-image-preview":"max-image-preview:large","max-video-preview":"max-video-preview:-1"},"canonical":"https:\/\/tourtravelandmore.com\/fr\/tours\/etats-unis-fr\/detroit-fr\/visite-privee-a-pied-du-centre-ville\/","og_locale":"fr_FR","og_type":"article","og_title":"Visite priv\u00e9e \u00e0 pied du centre-ville","og_description":"Profitez de notre visite priv\u00e9e \u00e0 pied de Detroit et explorez le centre-ville \u00e0 c\u00f4t\u00e9 d'un guide officiel. Apprenez \u00e0 conna\u00eetre les monuments de Detroit avec un local","og_url":"https:\/\/tourtravelandmore.com\/fr\/tours\/etats-unis-fr\/detroit-fr\/visite-privee-a-pied-du-centre-ville\/","og_site_name":"Tour Travel And More","article_publisher":"https:\/\/www.facebook.com\/tourtravelandmore\/","article_modified_time":"2021-03-16T19:05:39+00:00","og_image":[{"width":1489,"height":838,"url":"https:\/\/tourtravelandmore.com\/wp-content\/uploads\/2020\/12\/detroit-downtown.jpeg","type":"image\/jpeg"}],"twitter_card":"summary_large_image","twitter_site":"@TourTravel_More","twitter_misc":{"Dur\u00e9e de lecture estim\u00e9e":"2 minutes"},"schema":{"@context":"https:\/\/schema.org","@graph":[{"@type":"WebPage","@id":"https:\/\/tourtravelandmore.com\/fr\/tours\/etats-unis-fr\/detroit-fr\/visite-privee-a-pied-du-centre-ville\/","url":"https:\/\/tourtravelandmore.com\/fr\/tours\/etats-unis-fr\/detroit-fr\/visite-privee-a-pied-du-centre-ville\/","name":"Visite priv\u00e9e \u00e0 pied de Detroit avec un guide local agr\u00e9\u00e9","isPartOf":{"@id":"https:\/\/tourtravelandmore.com\/fr\/#website"},"primaryImageOfPage":{"@id":"https:\/\/tourtravelandmore.com\/fr\/tours\/etats-unis-fr\/detroit-fr\/visite-privee-a-pied-du-centre-ville\/#primaryimage"},"image":{"@id":"https:\/\/tourtravelandmore.com\/fr\/tours\/etats-unis-fr\/detroit-fr\/visite-privee-a-pied-du-centre-ville\/#primaryimage"},"thumbnailUrl":"https:\/\/tourtravelandmore.com\/wp-content\/uploads\/2020\/12\/detroit-downtown.jpeg","datePublished":"2020-12-17T10:18:57+00:00","dateModified":"2021-03-16T19:05:39+00:00","description":"Profitez de notre visite priv\u00e9e \u00e0 pied de Detroit et explorez le centre-ville \u00e0 c\u00f4t\u00e9 d'un guide officiel. Apprenez \u00e0 conna\u00eetre les monuments de Detroit avec un local","breadcrumb":{"@id":"https:\/\/tourtravelandmore.com\/fr\/tours\/etats-unis-fr\/detroit-fr\/visite-privee-a-pied-du-centre-ville\/#breadcrumb"},"inLanguage":"fr-FR","potentialAction":[{"@type":"ReadAction","target":["https:\/\/tourtravelandmore.com\/fr\/tours\/etats-unis-fr\/detroit-fr\/visite-privee-a-pied-du-centre-ville\/"]}]},{"@type":"ImageObject","inLanguage":"fr-FR","@id":"https:\/\/tourtravelandmore.com\/fr\/tours\/etats-unis-fr\/detroit-fr\/visite-privee-a-pied-du-centre-ville\/#primaryimage","url":"https:\/\/tourtravelandmore.com\/wp-content\/uploads\/2020\/12\/detroit-downtown.jpeg","contentUrl":"https:\/\/tourtravelandmore.com\/wp-content\/uploads\/2020\/12\/detroit-downtown.jpeg","width":1489,"height":838,"caption":"Detroit"},{"@type":"BreadcrumbList","@id":"https:\/\/tourtravelandmore.com\/fr\/tours\/etats-unis-fr\/detroit-fr\/visite-privee-a-pied-du-centre-ville\/#breadcrumb","itemListElement":[{"@type":"ListItem","position":1,"name":"Home","item":"https:\/\/tourtravelandmore.com\/fr\/"},{"@type":"ListItem","position":2,"name":"Tours","item":"https:\/\/tourtravelandmore.com\/fr\/tours\/"},{"@type":"ListItem","position":3,"name":"Visite priv\u00e9e \u00e0 pied du centre-ville"}]},{"@type":"WebSite","@id":"https:\/\/tourtravelandmore.com\/fr\/#website","url":"https:\/\/tourtravelandmore.com\/fr\/","name":"Tour Travel And More","description":"Private sightseeing tours and luxury transfers in Spain","publisher":{"@id":"https:\/\/tourtravelandmore.com\/fr\/#organization"},"potentialAction":[{"@type":"SearchAction","target":{"@type":"EntryPoint","urlTemplate":"https:\/\/tourtravelandmore.com\/fr\/?s={search_term_string}"},"query-input":{"@type":"PropertyValueSpecification","valueRequired":true,"valueName":"search_term_string"}}],"inLanguage":"fr-FR"},{"@type":"Organization","@id":"https:\/\/tourtravelandmore.com\/fr\/#organization","name":"Tour Travel And More","url":"https:\/\/tourtravelandmore.com\/fr\/","logo":{"@type":"ImageObject","inLanguage":"fr-FR","@id":"https:\/\/tourtravelandmore.com\/fr\/#\/schema\/logo\/image\/","url":"https:\/\/tourtravelandmore.com\/wp-content\/uploads\/2022\/12\/cropped-logo-cabecera-new.png","contentUrl":"https:\/\/tourtravelandmore.com\/wp-content\/uploads\/2022\/12\/cropped-logo-cabecera-new.png","width":430,"height":61,"caption":"Tour Travel And More"},"image":{"@id":"https:\/\/tourtravelandmore.com\/fr\/#\/schema\/logo\/image\/"},"sameAs":["https:\/\/www.facebook.com\/tourtravelandmore\/","https:\/\/x.com\/TourTravel_More"]}]}},"_links":{"self":[{"href":"https:\/\/tourtravelandmore.com\/fr\/wp-json\/wp\/v2\/product\/103750","targetHints":{"allow":["GET"]}}],"collection":[{"href":"https:\/\/tourtravelandmore.com\/fr\/wp-json\/wp\/v2\/product"}],"about":[{"href":"https:\/\/tourtravelandmore.com\/fr\/wp-json\/wp\/v2\/types\/product"}],"replies":[{"embeddable":true,"href":"https:\/\/tourtravelandmore.com\/fr\/wp-json\/wp\/v2\/comments?post=103750"}],"wp:featuredmedia":[{"embeddable":true,"href":"https:\/\/tourtravelandmore.com\/fr\/wp-json\/wp\/v2\/media\/90034"}],"wp:attachment":[{"href":"https:\/\/tourtravelandmore.com\/fr\/wp-json\/wp\/v2\/media?parent=103750"}],"wp:term":[{"taxonomy":"product_brand","embeddable":true,"href":"https:\/\/tourtravelandmore.com\/fr\/wp-json\/wp\/v2\/product_brand?post=103750"},{"taxonomy":"product_cat","embeddable":true,"href":"https:\/\/tourtravelandmore.com\/fr\/wp-json\/wp\/v2\/product_cat?post=103750"},{"taxonomy":"product_tag","embeddable":true,"href":"https:\/\/tourtravelandmore.com\/fr\/wp-json\/wp\/v2\/product_tag?post=103750"}],"curies":[{"name":"wp","href":"https:\/\/api.w.org\/{rel}","templated":true}]}}