{"id":103739,"date":"2020-08-17T18:36:27","date_gmt":"2020-08-17T16:36:27","guid":{"rendered":"https:\/\/tourtravelandmore.com\/tours\/non%20class\u00e9\/disposition-de-bateau-prive-de-dubrovnik\/"},"modified":"2024-12-17T18:05:51","modified_gmt":"2024-12-17T17:05:51","slug":"disposition-de-bateau-prive-de-dubrovnik","status":"publish","type":"product","link":"https:\/\/tourtravelandmore.com\/fr\/tours\/croacia-fr-fr\/dubrovnik-fr\/disposition-de-bateau-prive-de-dubrovnik\/","title":{"rendered":"Disposition de bateau priv\u00e9 de Dubrovnik"},"content":{"rendered":"<h2>Description<\/h2>\n<p>Si vous avez d\u00e9j\u00e0 tout vu \u00e0 Dubrovnik, vous ne pouvez pas manquer la chance de visiter les \u00eeles environnantes. Il n&#8217;y a pas de meilleure fa\u00e7on de d\u00e9couvrir l&#8217;archipel d&#8217;Elaphiti qu&#8217;avec un bateau priv\u00e9 avec \u00e9quipage professionnel. Contactez-nous et laissez-nous vous aider \u00e0 organiser votre disposition de bateau priv\u00e9 au d\u00e9part de Dubrovnik.<\/p>\n<p>Nous pouvons organiser des dispositions d&#8217;une demi-journ\u00e9e ou d&#8217;une journ\u00e9e compl\u00e8te au d\u00e9part de Dubrovnik. L&#8217;itin\u00e9raire final est totalement adaptable \u00e0 votre int\u00e9r\u00eat personnel. Contactez-nous et nous vous aiderons \u00e0 organiser un itin\u00e9raire personnalis\u00e9. Nous vous offrons \u00e9galement la possibilit\u00e9 d&#8217;inclure un guide officiel priv\u00e9 pour votre exp\u00e9rience au cas o\u00f9 vous voudriez conna\u00eetre des faits int\u00e9ressants sur les \u00eeles.<\/p>\n<p>Si vous souhaitez un autre type d&#8217;excursion priv\u00e9e \u00e0 ou au d\u00e9part de Dubrovnik, veuillez consulter notre liste de visites priv\u00e9es.<\/p>\n<h2>Sites d&#8217;int\u00e9r\u00eat et points de rep\u00e8re<\/h2>\n<p>La ville de Dubrovnik est situ\u00e9e \u00e0 l&#8217;extr\u00e9mit\u00e9 sud de la R\u00e9publique de Croatie. Cette belle ville est entour\u00e9e par les fronti\u00e8res de toutes les c\u00f4tes, le Mont\u00e9n\u00e9gro, la Bosnie-Herz\u00e9govine et l&#8217;Italie. Au Moyen \u00c2ge, Dubrovnik \u00e9tait connue sous le nom de Citadelle Adriatique, mais est aujourd&#8217;hui connue comme la Perle de l&#8217;Adriatique.<\/p>\n<p>Dubrovnik est l&#8217;une des plus belles villes de la M\u00e9diterran\u00e9e et le principal centre de congr\u00e8s de Croatie. Aujourd&#8217;hui, Port Gruz a re\u00e7u le prix du meilleur port de croisi\u00e8re m\u00e9diterran\u00e9en en 4 ann\u00e9es diff\u00e9rentes. Sans aucun doute, ce port est l&#8217;un des plus importants d&#8217;Europe.<\/p>\n<p>Les \u00eeles les plus visit\u00e9es de Dubrovnik sont, Lokrum, l&#8217;archipel d&#8217;Elaphiti, Lopud, Kolocep et Sipan.<\/p>\n<p>Au cours de notre disposition en bateau priv\u00e9 au d\u00e9part de Dubrovnik, vous pourrez visiter les sites et les \u00eeles que vous d\u00e9sirez. Vous aurez un skipper professionnel et un bateau priv\u00e9 \u00e0 votre enti\u00e8re disposition. La dur\u00e9e de la disposition est \u00e9galement modulable en fonction de votre int\u00e9r\u00eat personnel.<\/p>\n<p>Avec Tour Travel &amp; More, vous aurez l&#8217;opportunit\u00e9 de profiter d&#8217;une journ\u00e9e compl\u00e8te d&#8217;aventure. Vous explorerez les magnifiques \u00eeles de la Dalmatie, o\u00f9 vous pourrez nager dans la mer cristalline de l&#8217;Adriatique et peut-\u00eatre m\u00eame observer les dauphins. Au cas o\u00f9 vous auriez besoin, nous pouvons \u00e9galement organiser un pique-nique ou un d\u00e9jeuner complet dans votre bateau, afin que vous n&#8217;ayez \u00e0 vous soucier de rien.<\/p>\n<p>Nous pouvons organiser des bateaux rapides, des yachts ou le type de bateau que vous pr\u00e9f\u00e9rez. Contactez-nous pour une exp\u00e9rience personnalis\u00e9e!<\/p>\n","protected":false},"excerpt":{"rendered":"<p>Profitez d&#8217;une exp\u00e9rience de luxe priv\u00e9e lors de votre visite \u00e0 Dubrovnik. Contactez-nous et laissez-nous vous aider \u00e0 organiser une disposition de bateau priv\u00e9 de Dubrovnik \u00e0 n&#8217;importe quelle \u00eele autour. L&#8217;itin\u00e9raire est adaptable \u00e0 vos int\u00e9r\u00eats personnels. Saisissez l&#8217;opportunit\u00e9 de faire quelque chose de diff\u00e9rent pendant vos vacances en Croatie.<\/p>\n","protected":false},"featured_media":98091,"comment_status":"open","ping_status":"closed","template":"","meta":{"_acf_changed":false},"product_brand":[],"product_cat":[5451,3782],"product_tag":[],"class_list":{"0":"post-103739","1":"product","2":"type-product","3":"status-publish","4":"has-post-thumbnail","6":"product_cat-all-private-tours-activities-fr-35","7":"product_cat-dubrovnik-fr","9":"first","10":"instock","11":"shipping-taxable","12":"purchasable","13":"product-type-simple"},"acf":[],"yoast_head":"<!-- This site is optimized with the Yoast SEO Premium plugin v25.3.1 (Yoast SEO v25.3.1) - https:\/\/yoast.com\/wordpress\/plugins\/seo\/ -->\n<title>Disposition en bateau priv\u00e9 de Dubrovnik - Visitez les \u00eeles les plus \u00e9tonnantes<\/title>\n<meta name=\"description\" content=\"Profitez d&#039;une exp\u00e9rience de luxe lors de votre visite \u00e0 Dubrovnik. Visitez l&#039;archipel d&#039;Elaphiti avec votre disposition de bateau priv\u00e9 au d\u00e9part de Dubrovnik.\" \/>\n<meta name=\"robots\" content=\"index, follow, max-snippet:-1, max-image-preview:large, max-video-preview:-1\" \/>\n<link rel=\"canonical\" href=\"https:\/\/tourtravelandmore.com\/fr\/tours\/croacia-fr-fr\/dubrovnik-fr\/disposition-de-bateau-prive-de-dubrovnik\/\" \/>\n<meta property=\"og:locale\" content=\"fr_FR\" \/>\n<meta property=\"og:type\" content=\"article\" \/>\n<meta property=\"og:title\" content=\"Disposition de bateau priv\u00e9 de Dubrovnik\" \/>\n<meta property=\"og:description\" content=\"Profitez d&#039;une exp\u00e9rience de luxe lors de votre visite \u00e0 Dubrovnik. Visitez l&#039;archipel d&#039;Elaphiti avec votre disposition de bateau priv\u00e9 au d\u00e9part de Dubrovnik.\" \/>\n<meta property=\"og:url\" content=\"https:\/\/tourtravelandmore.com\/fr\/tours\/croacia-fr-fr\/dubrovnik-fr\/disposition-de-bateau-prive-de-dubrovnik\/\" \/>\n<meta property=\"og:site_name\" content=\"Tour Travel And More\" \/>\n<meta property=\"article:publisher\" content=\"https:\/\/www.facebook.com\/tourtravelandmore\/\" \/>\n<meta property=\"article:modified_time\" content=\"2024-12-17T17:05:51+00:00\" \/>\n<meta property=\"og:image\" content=\"https:\/\/tourtravelandmore.com\/wp-content\/uploads\/2020\/08\/isla-dub-3.jpg\" \/>\n\t<meta property=\"og:image:width\" content=\"1024\" \/>\n\t<meta property=\"og:image:height\" content=\"683\" \/>\n\t<meta property=\"og:image:type\" content=\"image\/jpeg\" \/>\n<meta name=\"twitter:card\" content=\"summary_large_image\" \/>\n<meta name=\"twitter:site\" content=\"@TourTravel_More\" \/>\n<meta name=\"twitter:label1\" content=\"Dur\u00e9e de lecture estim\u00e9e\" \/>\n\t<meta name=\"twitter:data1\" content=\"2 minutes\" \/>\n<script type=\"application\/ld+json\" class=\"yoast-schema-graph\">{\"@context\":\"https:\/\/schema.org\",\"@graph\":[{\"@type\":\"WebPage\",\"@id\":\"https:\/\/tourtravelandmore.com\/fr\/tours\/croacia-fr-fr\/dubrovnik-fr\/disposition-de-bateau-prive-de-dubrovnik\/\",\"url\":\"https:\/\/tourtravelandmore.com\/fr\/tours\/croacia-fr-fr\/dubrovnik-fr\/disposition-de-bateau-prive-de-dubrovnik\/\",\"name\":\"Disposition en bateau priv\u00e9 de Dubrovnik - Visitez les \u00eeles les plus \u00e9tonnantes\",\"isPartOf\":{\"@id\":\"https:\/\/tourtravelandmore.com\/fr\/#website\"},\"primaryImageOfPage\":{\"@id\":\"https:\/\/tourtravelandmore.com\/fr\/tours\/croacia-fr-fr\/dubrovnik-fr\/disposition-de-bateau-prive-de-dubrovnik\/#primaryimage\"},\"image\":{\"@id\":\"https:\/\/tourtravelandmore.com\/fr\/tours\/croacia-fr-fr\/dubrovnik-fr\/disposition-de-bateau-prive-de-dubrovnik\/#primaryimage\"},\"thumbnailUrl\":\"https:\/\/tourtravelandmore.com\/wp-content\/uploads\/2020\/08\/isla-dub-3.jpg\",\"datePublished\":\"2020-08-17T16:36:27+00:00\",\"dateModified\":\"2024-12-17T17:05:51+00:00\",\"description\":\"Profitez d'une exp\u00e9rience de luxe lors de votre visite \u00e0 Dubrovnik. Visitez l'archipel d'Elaphiti avec votre disposition de bateau priv\u00e9 au d\u00e9part de Dubrovnik.\",\"breadcrumb\":{\"@id\":\"https:\/\/tourtravelandmore.com\/fr\/tours\/croacia-fr-fr\/dubrovnik-fr\/disposition-de-bateau-prive-de-dubrovnik\/#breadcrumb\"},\"inLanguage\":\"fr-FR\",\"potentialAction\":[{\"@type\":\"ReadAction\",\"target\":[\"https:\/\/tourtravelandmore.com\/fr\/tours\/croacia-fr-fr\/dubrovnik-fr\/disposition-de-bateau-prive-de-dubrovnik\/\"]}]},{\"@type\":\"ImageObject\",\"inLanguage\":\"fr-FR\",\"@id\":\"https:\/\/tourtravelandmore.com\/fr\/tours\/croacia-fr-fr\/dubrovnik-fr\/disposition-de-bateau-prive-de-dubrovnik\/#primaryimage\",\"url\":\"https:\/\/tourtravelandmore.com\/wp-content\/uploads\/2020\/08\/isla-dub-3.jpg\",\"contentUrl\":\"https:\/\/tourtravelandmore.com\/wp-content\/uploads\/2020\/08\/isla-dub-3.jpg\",\"width\":1024,\"height\":683},{\"@type\":\"BreadcrumbList\",\"@id\":\"https:\/\/tourtravelandmore.com\/fr\/tours\/croacia-fr-fr\/dubrovnik-fr\/disposition-de-bateau-prive-de-dubrovnik\/#breadcrumb\",\"itemListElement\":[{\"@type\":\"ListItem\",\"position\":1,\"name\":\"Home\",\"item\":\"https:\/\/tourtravelandmore.com\/fr\/\"},{\"@type\":\"ListItem\",\"position\":2,\"name\":\"Tours\",\"item\":\"https:\/\/tourtravelandmore.com\/fr\/tours\/\"},{\"@type\":\"ListItem\",\"position\":3,\"name\":\"Disposition de bateau priv\u00e9 de Dubrovnik\"}]},{\"@type\":\"WebSite\",\"@id\":\"https:\/\/tourtravelandmore.com\/fr\/#website\",\"url\":\"https:\/\/tourtravelandmore.com\/fr\/\",\"name\":\"Tour Travel And More\",\"description\":\"Private sightseeing tours and luxury transfers in Spain\",\"publisher\":{\"@id\":\"https:\/\/tourtravelandmore.com\/fr\/#organization\"},\"potentialAction\":[{\"@type\":\"SearchAction\",\"target\":{\"@type\":\"EntryPoint\",\"urlTemplate\":\"https:\/\/tourtravelandmore.com\/fr\/?s={search_term_string}\"},\"query-input\":{\"@type\":\"PropertyValueSpecification\",\"valueRequired\":true,\"valueName\":\"search_term_string\"}}],\"inLanguage\":\"fr-FR\"},{\"@type\":\"Organization\",\"@id\":\"https:\/\/tourtravelandmore.com\/fr\/#organization\",\"name\":\"Tour Travel And More\",\"url\":\"https:\/\/tourtravelandmore.com\/fr\/\",\"logo\":{\"@type\":\"ImageObject\",\"inLanguage\":\"fr-FR\",\"@id\":\"https:\/\/tourtravelandmore.com\/fr\/#\/schema\/logo\/image\/\",\"url\":\"https:\/\/tourtravelandmore.com\/wp-content\/uploads\/2022\/12\/cropped-logo-cabecera-new.png\",\"contentUrl\":\"https:\/\/tourtravelandmore.com\/wp-content\/uploads\/2022\/12\/cropped-logo-cabecera-new.png\",\"width\":430,\"height\":61,\"caption\":\"Tour Travel And More\"},\"image\":{\"@id\":\"https:\/\/tourtravelandmore.com\/fr\/#\/schema\/logo\/image\/\"},\"sameAs\":[\"https:\/\/www.facebook.com\/tourtravelandmore\/\",\"https:\/\/x.com\/TourTravel_More\"]}]}<\/script>\n<!-- \/ Yoast SEO Premium plugin. -->","yoast_head_json":{"title":"Disposition en bateau priv\u00e9 de Dubrovnik - Visitez les \u00eeles les plus \u00e9tonnantes","description":"Profitez d'une exp\u00e9rience de luxe lors de votre visite \u00e0 Dubrovnik. Visitez l'archipel d'Elaphiti avec votre disposition de bateau priv\u00e9 au d\u00e9part de Dubrovnik.","robots":{"index":"index","follow":"follow","max-snippet":"max-snippet:-1","max-image-preview":"max-image-preview:large","max-video-preview":"max-video-preview:-1"},"canonical":"https:\/\/tourtravelandmore.com\/fr\/tours\/croacia-fr-fr\/dubrovnik-fr\/disposition-de-bateau-prive-de-dubrovnik\/","og_locale":"fr_FR","og_type":"article","og_title":"Disposition de bateau priv\u00e9 de Dubrovnik","og_description":"Profitez d'une exp\u00e9rience de luxe lors de votre visite \u00e0 Dubrovnik. Visitez l'archipel d'Elaphiti avec votre disposition de bateau priv\u00e9 au d\u00e9part de Dubrovnik.","og_url":"https:\/\/tourtravelandmore.com\/fr\/tours\/croacia-fr-fr\/dubrovnik-fr\/disposition-de-bateau-prive-de-dubrovnik\/","og_site_name":"Tour Travel And More","article_publisher":"https:\/\/www.facebook.com\/tourtravelandmore\/","article_modified_time":"2024-12-17T17:05:51+00:00","og_image":[{"width":1024,"height":683,"url":"https:\/\/tourtravelandmore.com\/wp-content\/uploads\/2020\/08\/isla-dub-3.jpg","type":"image\/jpeg"}],"twitter_card":"summary_large_image","twitter_site":"@TourTravel_More","twitter_misc":{"Dur\u00e9e de lecture estim\u00e9e":"2 minutes"},"schema":{"@context":"https:\/\/schema.org","@graph":[{"@type":"WebPage","@id":"https:\/\/tourtravelandmore.com\/fr\/tours\/croacia-fr-fr\/dubrovnik-fr\/disposition-de-bateau-prive-de-dubrovnik\/","url":"https:\/\/tourtravelandmore.com\/fr\/tours\/croacia-fr-fr\/dubrovnik-fr\/disposition-de-bateau-prive-de-dubrovnik\/","name":"Disposition en bateau priv\u00e9 de Dubrovnik - Visitez les \u00eeles les plus \u00e9tonnantes","isPartOf":{"@id":"https:\/\/tourtravelandmore.com\/fr\/#website"},"primaryImageOfPage":{"@id":"https:\/\/tourtravelandmore.com\/fr\/tours\/croacia-fr-fr\/dubrovnik-fr\/disposition-de-bateau-prive-de-dubrovnik\/#primaryimage"},"image":{"@id":"https:\/\/tourtravelandmore.com\/fr\/tours\/croacia-fr-fr\/dubrovnik-fr\/disposition-de-bateau-prive-de-dubrovnik\/#primaryimage"},"thumbnailUrl":"https:\/\/tourtravelandmore.com\/wp-content\/uploads\/2020\/08\/isla-dub-3.jpg","datePublished":"2020-08-17T16:36:27+00:00","dateModified":"2024-12-17T17:05:51+00:00","description":"Profitez d'une exp\u00e9rience de luxe lors de votre visite \u00e0 Dubrovnik. Visitez l'archipel d'Elaphiti avec votre disposition de bateau priv\u00e9 au d\u00e9part de Dubrovnik.","breadcrumb":{"@id":"https:\/\/tourtravelandmore.com\/fr\/tours\/croacia-fr-fr\/dubrovnik-fr\/disposition-de-bateau-prive-de-dubrovnik\/#breadcrumb"},"inLanguage":"fr-FR","potentialAction":[{"@type":"ReadAction","target":["https:\/\/tourtravelandmore.com\/fr\/tours\/croacia-fr-fr\/dubrovnik-fr\/disposition-de-bateau-prive-de-dubrovnik\/"]}]},{"@type":"ImageObject","inLanguage":"fr-FR","@id":"https:\/\/tourtravelandmore.com\/fr\/tours\/croacia-fr-fr\/dubrovnik-fr\/disposition-de-bateau-prive-de-dubrovnik\/#primaryimage","url":"https:\/\/tourtravelandmore.com\/wp-content\/uploads\/2020\/08\/isla-dub-3.jpg","contentUrl":"https:\/\/tourtravelandmore.com\/wp-content\/uploads\/2020\/08\/isla-dub-3.jpg","width":1024,"height":683},{"@type":"BreadcrumbList","@id":"https:\/\/tourtravelandmore.com\/fr\/tours\/croacia-fr-fr\/dubrovnik-fr\/disposition-de-bateau-prive-de-dubrovnik\/#breadcrumb","itemListElement":[{"@type":"ListItem","position":1,"name":"Home","item":"https:\/\/tourtravelandmore.com\/fr\/"},{"@type":"ListItem","position":2,"name":"Tours","item":"https:\/\/tourtravelandmore.com\/fr\/tours\/"},{"@type":"ListItem","position":3,"name":"Disposition de bateau priv\u00e9 de Dubrovnik"}]},{"@type":"WebSite","@id":"https:\/\/tourtravelandmore.com\/fr\/#website","url":"https:\/\/tourtravelandmore.com\/fr\/","name":"Tour Travel And More","description":"Private sightseeing tours and luxury transfers in Spain","publisher":{"@id":"https:\/\/tourtravelandmore.com\/fr\/#organization"},"potentialAction":[{"@type":"SearchAction","target":{"@type":"EntryPoint","urlTemplate":"https:\/\/tourtravelandmore.com\/fr\/?s={search_term_string}"},"query-input":{"@type":"PropertyValueSpecification","valueRequired":true,"valueName":"search_term_string"}}],"inLanguage":"fr-FR"},{"@type":"Organization","@id":"https:\/\/tourtravelandmore.com\/fr\/#organization","name":"Tour Travel And More","url":"https:\/\/tourtravelandmore.com\/fr\/","logo":{"@type":"ImageObject","inLanguage":"fr-FR","@id":"https:\/\/tourtravelandmore.com\/fr\/#\/schema\/logo\/image\/","url":"https:\/\/tourtravelandmore.com\/wp-content\/uploads\/2022\/12\/cropped-logo-cabecera-new.png","contentUrl":"https:\/\/tourtravelandmore.com\/wp-content\/uploads\/2022\/12\/cropped-logo-cabecera-new.png","width":430,"height":61,"caption":"Tour Travel And More"},"image":{"@id":"https:\/\/tourtravelandmore.com\/fr\/#\/schema\/logo\/image\/"},"sameAs":["https:\/\/www.facebook.com\/tourtravelandmore\/","https:\/\/x.com\/TourTravel_More"]}]}},"_links":{"self":[{"href":"https:\/\/tourtravelandmore.com\/fr\/wp-json\/wp\/v2\/product\/103739","targetHints":{"allow":["GET"]}}],"collection":[{"href":"https:\/\/tourtravelandmore.com\/fr\/wp-json\/wp\/v2\/product"}],"about":[{"href":"https:\/\/tourtravelandmore.com\/fr\/wp-json\/wp\/v2\/types\/product"}],"replies":[{"embeddable":true,"href":"https:\/\/tourtravelandmore.com\/fr\/wp-json\/wp\/v2\/comments?post=103739"}],"wp:featuredmedia":[{"embeddable":true,"href":"https:\/\/tourtravelandmore.com\/fr\/wp-json\/wp\/v2\/media\/98091"}],"wp:attachment":[{"href":"https:\/\/tourtravelandmore.com\/fr\/wp-json\/wp\/v2\/media?parent=103739"}],"wp:term":[{"taxonomy":"product_brand","embeddable":true,"href":"https:\/\/tourtravelandmore.com\/fr\/wp-json\/wp\/v2\/product_brand?post=103739"},{"taxonomy":"product_cat","embeddable":true,"href":"https:\/\/tourtravelandmore.com\/fr\/wp-json\/wp\/v2\/product_cat?post=103739"},{"taxonomy":"product_tag","embeddable":true,"href":"https:\/\/tourtravelandmore.com\/fr\/wp-json\/wp\/v2\/product_tag?post=103739"}],"curies":[{"name":"wp","href":"https:\/\/api.w.org\/{rel}","templated":true}]}}