{"id":103718,"date":"2020-03-04T14:00:44","date_gmt":"2020-03-04T13:00:44","guid":{"rendered":"https:\/\/tourtravelandmore.com\/tours\/non%20class\u00e9\/visite-privee-de-dubrovnik\/"},"modified":"2025-05-06T20:59:49","modified_gmt":"2025-05-06T18:59:49","slug":"visite-privee-de-dubrovnik","status":"publish","type":"product","link":"https:\/\/tourtravelandmore.com\/fr\/tours\/croacia-fr-fr\/dubrovnik-fr\/visite-privee-de-dubrovnik\/","title":{"rendered":"Visite priv\u00e9e \u00e0 pied de la vieille ville avec transferts au port de croisi\u00e8re"},"content":{"rendered":"<h2><b><strong>Visite priv\u00e9e \u00e0 pied de la vieille ville Description<\/strong><\/b><\/h2>\n<p>Explorez le charme et l&#8217;histoire de la vieille ville gr\u00e2ce \u00e0 cette visite priv\u00e9e \u00e0 pied de 3 heures, parfaitement adapt\u00e9e aux passagers d&#8217;une croisi\u00e8re. Commencez votre exp\u00e9rience par un transfert confortable du port de croisi\u00e8re au c\u0153ur de la ville, o\u00f9 votre guide local expert vous accompagnera \u00e0 travers les rues pittoresques, les sites embl\u00e9matiques et les joyaux cach\u00e9s qui d\u00e9finissent le caract\u00e8re unique de la vieille ville.<\/p>\n<p>Nous avons \u00e9galement d&#8217;autres options d&#8217;excursions d&#8217;une journ\u00e9e autour de Dubrovnik, veuillez jeter un coup d&#8217;\u0153il \u00e0 <a href=\"https:\/\/tourtravelandmore.com\/tours\/croatia-en\/dubrovnik-en-croacia-en-croacia-es-croacia-fr-fr\/full-day-private-tour-based-dubrovnik-to-montenegro\/\">notre excursion priv\u00e9e d&#8217;une journ\u00e9e au Mont\u00e9n\u00e9gro<\/a>.<\/p>\n<h2><b><strong>Visite priv\u00e9e \u00e0 pied de la vieille ville &#8211; Points d&#8217;int\u00e9r\u00eat et rep\u00e8res<\/strong><\/b><\/h2>\n<p>Cette visite \u00e0 pied tranquille vous plongera dans la richesse de l&#8217;histoire, de la culture et de l&#8217;architecture de la ville, tout en vous offrant des informations et des recommandations personnalis\u00e9es de la part de votre guide. \u00c0 la fin de l&#8217;excursion, d\u00e9tendez-vous pendant que nous vous ramenons au terminal de croisi\u00e8re, afin de vous garantir une exp\u00e9rience agr\u00e9able et sans tracas.<\/p>\n<ul>\n<li><b><strong>Visite priv\u00e9e \u00e0 pied de la vieille ville<\/strong><\/b>: Explorez les sites historiques, les rues charmantes et les sites culturels en compagnie d&#8217;un guide professionnel d\u00e9vou\u00e9.<\/li>\n<li><b><strong>Guide local expert<\/strong><\/b>: Profitez d&#8217;informations personnalis\u00e9es et d&#8217;anecdotes fascinantes sur l&#8217;histoire, l&#8217;architecture et la culture de la ville.<\/li>\n<li><b><strong>Transferts pratiques<\/strong><\/b>: Transport priv\u00e9 aller-retour entre le terminal de croisi\u00e8re et la vieille ville.<\/li>\n<li><b><strong>Exp\u00e9rience sur mesure<\/strong><\/b>: Une visite priv\u00e9e pour vous et votre groupe, permettant une certaine flexibilit\u00e9 et un rythme tranquille.<\/li>\n<li><b><strong>Parfait pour les croisi\u00e9ristes<\/strong><\/b>: L&#8217;option id\u00e9ale pour tirer le meilleur parti de votre temps limit\u00e9 dans le port.<\/li>\n<\/ul>\n<p>Laissez-nous transformer votre escale au port de la ville en une exp\u00e9rience m\u00e9morable remplie de culture, d&#8217;histoire et de confort.<\/p>\n<p>D\u00e9couvrez l&#8217;essence de la vieille ville \u00e0 votre rythme gr\u00e2ce \u00e0 l&#8217;engagement de Tour Travel &amp; More en faveur d&#8217;un service de qualit\u00e9 et d&#8217;une expertise locale.<\/p>\n","protected":false},"excerpt":{"rendered":"<p>Explorez le charme et l&#8217;histoire de la vieille ville gr\u00e2ce \u00e0 cette visite priv\u00e9e \u00e0 pied de 3 heures, parfaitement adapt\u00e9e aux passagers d&#8217;une croisi\u00e8re. Commencez votre exp\u00e9rience par un transfert confortable du port de croisi\u00e8re au c\u0153ur de la ville, o\u00f9 votre guide local expert vous accompagnera \u00e0 travers les rues pittoresques, les sites embl\u00e9matiques et les joyaux cach\u00e9s qui d\u00e9finissent le caract\u00e8re unique de la vieille ville.<\/p>\n","protected":false},"featured_media":97277,"comment_status":"open","ping_status":"closed","template":"","meta":{"_acf_changed":false},"product_brand":[],"product_cat":[5451,5452,5453,3782],"product_tag":[],"class_list":{"0":"post-103718","1":"product","2":"type-product","3":"status-publish","4":"has-post-thumbnail","6":"product_cat-all-private-tours-activities-fr-35","7":"product_cat-private-day-trips-fr-22","8":"product_cat-private-shore-excursions-fr-14","9":"product_cat-dubrovnik-fr","11":"first","12":"instock","13":"shipping-taxable","14":"purchasable","15":"product-type-simple"},"acf":[],"yoast_head":"<!-- This site is optimized with the Yoast SEO Premium plugin v25.3.1 (Yoast SEO v25.3.1) - https:\/\/yoast.com\/wordpress\/plugins\/seo\/ -->\n<title>Visite priv\u00e9e \u00e0 pied de la vieille ville<\/title>\n<meta name=\"description\" content=\"Profitez de cette visite priv\u00e9e de Dubrovnik \u00e0 l&#039;aise dans votre v\u00e9hicule de luxe priv\u00e9 avec chauffeur. Admirez tout ce que cette ville unique a \u00e0 offrir.\" \/>\n<meta name=\"robots\" content=\"index, follow, max-snippet:-1, max-image-preview:large, max-video-preview:-1\" \/>\n<link rel=\"canonical\" href=\"https:\/\/tourtravelandmore.com\/fr\/tours\/croacia-fr-fr\/dubrovnik-fr\/visite-privee-de-dubrovnik\/\" \/>\n<meta property=\"og:locale\" content=\"fr_FR\" \/>\n<meta property=\"og:type\" content=\"article\" \/>\n<meta property=\"og:title\" content=\"Visite priv\u00e9e \u00e0 pied de la vieille ville avec transferts au port de croisi\u00e8re\" \/>\n<meta property=\"og:description\" content=\"Profitez de cette visite priv\u00e9e de Dubrovnik \u00e0 l&#039;aise dans votre v\u00e9hicule de luxe priv\u00e9 avec chauffeur. Admirez tout ce que cette ville unique a \u00e0 offrir.\" \/>\n<meta property=\"og:url\" content=\"https:\/\/tourtravelandmore.com\/fr\/tours\/croacia-fr-fr\/dubrovnik-fr\/visite-privee-de-dubrovnik\/\" \/>\n<meta property=\"og:site_name\" content=\"Tour Travel And More\" \/>\n<meta property=\"article:publisher\" content=\"https:\/\/www.facebook.com\/tourtravelandmore\/\" \/>\n<meta property=\"article:modified_time\" content=\"2025-05-06T18:59:49+00:00\" \/>\n<meta property=\"og:image\" content=\"https:\/\/tourtravelandmore.com\/wp-content\/uploads\/2020\/03\/24516380305_e5c940dbb9_b.jpg\" \/>\n\t<meta property=\"og:image:width\" content=\"1024\" \/>\n\t<meta property=\"og:image:height\" content=\"683\" \/>\n\t<meta property=\"og:image:type\" content=\"image\/jpeg\" \/>\n<meta name=\"twitter:card\" content=\"summary_large_image\" \/>\n<meta name=\"twitter:site\" content=\"@TourTravel_More\" \/>\n<meta name=\"twitter:label1\" content=\"Dur\u00e9e de lecture estim\u00e9e\" \/>\n\t<meta name=\"twitter:data1\" content=\"2 minutes\" \/>\n<script type=\"application\/ld+json\" class=\"yoast-schema-graph\">{\"@context\":\"https:\/\/schema.org\",\"@graph\":[{\"@type\":\"WebPage\",\"@id\":\"https:\/\/tourtravelandmore.com\/fr\/tours\/croacia-fr-fr\/dubrovnik-fr\/visite-privee-de-dubrovnik\/\",\"url\":\"https:\/\/tourtravelandmore.com\/fr\/tours\/croacia-fr-fr\/dubrovnik-fr\/visite-privee-de-dubrovnik\/\",\"name\":\"Visite priv\u00e9e \u00e0 pied de la vieille ville\",\"isPartOf\":{\"@id\":\"https:\/\/tourtravelandmore.com\/fr\/#website\"},\"primaryImageOfPage\":{\"@id\":\"https:\/\/tourtravelandmore.com\/fr\/tours\/croacia-fr-fr\/dubrovnik-fr\/visite-privee-de-dubrovnik\/#primaryimage\"},\"image\":{\"@id\":\"https:\/\/tourtravelandmore.com\/fr\/tours\/croacia-fr-fr\/dubrovnik-fr\/visite-privee-de-dubrovnik\/#primaryimage\"},\"thumbnailUrl\":\"https:\/\/tourtravelandmore.com\/wp-content\/uploads\/2020\/03\/24516380305_e5c940dbb9_b.jpg\",\"datePublished\":\"2020-03-04T13:00:44+00:00\",\"dateModified\":\"2025-05-06T18:59:49+00:00\",\"description\":\"Profitez de cette visite priv\u00e9e de Dubrovnik \u00e0 l'aise dans votre v\u00e9hicule de luxe priv\u00e9 avec chauffeur. Admirez tout ce que cette ville unique a \u00e0 offrir.\",\"breadcrumb\":{\"@id\":\"https:\/\/tourtravelandmore.com\/fr\/tours\/croacia-fr-fr\/dubrovnik-fr\/visite-privee-de-dubrovnik\/#breadcrumb\"},\"inLanguage\":\"fr-FR\",\"potentialAction\":[{\"@type\":\"ReadAction\",\"target\":[\"https:\/\/tourtravelandmore.com\/fr\/tours\/croacia-fr-fr\/dubrovnik-fr\/visite-privee-de-dubrovnik\/\"]}]},{\"@type\":\"ImageObject\",\"inLanguage\":\"fr-FR\",\"@id\":\"https:\/\/tourtravelandmore.com\/fr\/tours\/croacia-fr-fr\/dubrovnik-fr\/visite-privee-de-dubrovnik\/#primaryimage\",\"url\":\"https:\/\/tourtravelandmore.com\/wp-content\/uploads\/2020\/03\/24516380305_e5c940dbb9_b.jpg\",\"contentUrl\":\"https:\/\/tourtravelandmore.com\/wp-content\/uploads\/2020\/03\/24516380305_e5c940dbb9_b.jpg\",\"width\":1024,\"height\":683},{\"@type\":\"BreadcrumbList\",\"@id\":\"https:\/\/tourtravelandmore.com\/fr\/tours\/croacia-fr-fr\/dubrovnik-fr\/visite-privee-de-dubrovnik\/#breadcrumb\",\"itemListElement\":[{\"@type\":\"ListItem\",\"position\":1,\"name\":\"Home\",\"item\":\"https:\/\/tourtravelandmore.com\/fr\/\"},{\"@type\":\"ListItem\",\"position\":2,\"name\":\"Tours\",\"item\":\"https:\/\/tourtravelandmore.com\/fr\/tours\/\"},{\"@type\":\"ListItem\",\"position\":3,\"name\":\"Visite priv\u00e9e \u00e0 pied de la vieille ville avec transferts au port de croisi\u00e8re\"}]},{\"@type\":\"WebSite\",\"@id\":\"https:\/\/tourtravelandmore.com\/fr\/#website\",\"url\":\"https:\/\/tourtravelandmore.com\/fr\/\",\"name\":\"Tour Travel And More\",\"description\":\"Private sightseeing tours and luxury transfers in Spain\",\"publisher\":{\"@id\":\"https:\/\/tourtravelandmore.com\/fr\/#organization\"},\"potentialAction\":[{\"@type\":\"SearchAction\",\"target\":{\"@type\":\"EntryPoint\",\"urlTemplate\":\"https:\/\/tourtravelandmore.com\/fr\/?s={search_term_string}\"},\"query-input\":{\"@type\":\"PropertyValueSpecification\",\"valueRequired\":true,\"valueName\":\"search_term_string\"}}],\"inLanguage\":\"fr-FR\"},{\"@type\":\"Organization\",\"@id\":\"https:\/\/tourtravelandmore.com\/fr\/#organization\",\"name\":\"Tour Travel And More\",\"url\":\"https:\/\/tourtravelandmore.com\/fr\/\",\"logo\":{\"@type\":\"ImageObject\",\"inLanguage\":\"fr-FR\",\"@id\":\"https:\/\/tourtravelandmore.com\/fr\/#\/schema\/logo\/image\/\",\"url\":\"https:\/\/tourtravelandmore.com\/wp-content\/uploads\/2022\/12\/cropped-logo-cabecera-new.png\",\"contentUrl\":\"https:\/\/tourtravelandmore.com\/wp-content\/uploads\/2022\/12\/cropped-logo-cabecera-new.png\",\"width\":430,\"height\":61,\"caption\":\"Tour Travel And More\"},\"image\":{\"@id\":\"https:\/\/tourtravelandmore.com\/fr\/#\/schema\/logo\/image\/\"},\"sameAs\":[\"https:\/\/www.facebook.com\/tourtravelandmore\/\",\"https:\/\/x.com\/TourTravel_More\"]}]}<\/script>\n<!-- \/ Yoast SEO Premium plugin. -->","yoast_head_json":{"title":"Visite priv\u00e9e \u00e0 pied de la vieille ville","description":"Profitez de cette visite priv\u00e9e de Dubrovnik \u00e0 l'aise dans votre v\u00e9hicule de luxe priv\u00e9 avec chauffeur. Admirez tout ce que cette ville unique a \u00e0 offrir.","robots":{"index":"index","follow":"follow","max-snippet":"max-snippet:-1","max-image-preview":"max-image-preview:large","max-video-preview":"max-video-preview:-1"},"canonical":"https:\/\/tourtravelandmore.com\/fr\/tours\/croacia-fr-fr\/dubrovnik-fr\/visite-privee-de-dubrovnik\/","og_locale":"fr_FR","og_type":"article","og_title":"Visite priv\u00e9e \u00e0 pied de la vieille ville avec transferts au port de croisi\u00e8re","og_description":"Profitez de cette visite priv\u00e9e de Dubrovnik \u00e0 l'aise dans votre v\u00e9hicule de luxe priv\u00e9 avec chauffeur. Admirez tout ce que cette ville unique a \u00e0 offrir.","og_url":"https:\/\/tourtravelandmore.com\/fr\/tours\/croacia-fr-fr\/dubrovnik-fr\/visite-privee-de-dubrovnik\/","og_site_name":"Tour Travel And More","article_publisher":"https:\/\/www.facebook.com\/tourtravelandmore\/","article_modified_time":"2025-05-06T18:59:49+00:00","og_image":[{"width":1024,"height":683,"url":"https:\/\/tourtravelandmore.com\/wp-content\/uploads\/2020\/03\/24516380305_e5c940dbb9_b.jpg","type":"image\/jpeg"}],"twitter_card":"summary_large_image","twitter_site":"@TourTravel_More","twitter_misc":{"Dur\u00e9e de lecture estim\u00e9e":"2 minutes"},"schema":{"@context":"https:\/\/schema.org","@graph":[{"@type":"WebPage","@id":"https:\/\/tourtravelandmore.com\/fr\/tours\/croacia-fr-fr\/dubrovnik-fr\/visite-privee-de-dubrovnik\/","url":"https:\/\/tourtravelandmore.com\/fr\/tours\/croacia-fr-fr\/dubrovnik-fr\/visite-privee-de-dubrovnik\/","name":"Visite priv\u00e9e \u00e0 pied de la vieille ville","isPartOf":{"@id":"https:\/\/tourtravelandmore.com\/fr\/#website"},"primaryImageOfPage":{"@id":"https:\/\/tourtravelandmore.com\/fr\/tours\/croacia-fr-fr\/dubrovnik-fr\/visite-privee-de-dubrovnik\/#primaryimage"},"image":{"@id":"https:\/\/tourtravelandmore.com\/fr\/tours\/croacia-fr-fr\/dubrovnik-fr\/visite-privee-de-dubrovnik\/#primaryimage"},"thumbnailUrl":"https:\/\/tourtravelandmore.com\/wp-content\/uploads\/2020\/03\/24516380305_e5c940dbb9_b.jpg","datePublished":"2020-03-04T13:00:44+00:00","dateModified":"2025-05-06T18:59:49+00:00","description":"Profitez de cette visite priv\u00e9e de Dubrovnik \u00e0 l'aise dans votre v\u00e9hicule de luxe priv\u00e9 avec chauffeur. Admirez tout ce que cette ville unique a \u00e0 offrir.","breadcrumb":{"@id":"https:\/\/tourtravelandmore.com\/fr\/tours\/croacia-fr-fr\/dubrovnik-fr\/visite-privee-de-dubrovnik\/#breadcrumb"},"inLanguage":"fr-FR","potentialAction":[{"@type":"ReadAction","target":["https:\/\/tourtravelandmore.com\/fr\/tours\/croacia-fr-fr\/dubrovnik-fr\/visite-privee-de-dubrovnik\/"]}]},{"@type":"ImageObject","inLanguage":"fr-FR","@id":"https:\/\/tourtravelandmore.com\/fr\/tours\/croacia-fr-fr\/dubrovnik-fr\/visite-privee-de-dubrovnik\/#primaryimage","url":"https:\/\/tourtravelandmore.com\/wp-content\/uploads\/2020\/03\/24516380305_e5c940dbb9_b.jpg","contentUrl":"https:\/\/tourtravelandmore.com\/wp-content\/uploads\/2020\/03\/24516380305_e5c940dbb9_b.jpg","width":1024,"height":683},{"@type":"BreadcrumbList","@id":"https:\/\/tourtravelandmore.com\/fr\/tours\/croacia-fr-fr\/dubrovnik-fr\/visite-privee-de-dubrovnik\/#breadcrumb","itemListElement":[{"@type":"ListItem","position":1,"name":"Home","item":"https:\/\/tourtravelandmore.com\/fr\/"},{"@type":"ListItem","position":2,"name":"Tours","item":"https:\/\/tourtravelandmore.com\/fr\/tours\/"},{"@type":"ListItem","position":3,"name":"Visite priv\u00e9e \u00e0 pied de la vieille ville avec transferts au port de croisi\u00e8re"}]},{"@type":"WebSite","@id":"https:\/\/tourtravelandmore.com\/fr\/#website","url":"https:\/\/tourtravelandmore.com\/fr\/","name":"Tour Travel And More","description":"Private sightseeing tours and luxury transfers in Spain","publisher":{"@id":"https:\/\/tourtravelandmore.com\/fr\/#organization"},"potentialAction":[{"@type":"SearchAction","target":{"@type":"EntryPoint","urlTemplate":"https:\/\/tourtravelandmore.com\/fr\/?s={search_term_string}"},"query-input":{"@type":"PropertyValueSpecification","valueRequired":true,"valueName":"search_term_string"}}],"inLanguage":"fr-FR"},{"@type":"Organization","@id":"https:\/\/tourtravelandmore.com\/fr\/#organization","name":"Tour Travel And More","url":"https:\/\/tourtravelandmore.com\/fr\/","logo":{"@type":"ImageObject","inLanguage":"fr-FR","@id":"https:\/\/tourtravelandmore.com\/fr\/#\/schema\/logo\/image\/","url":"https:\/\/tourtravelandmore.com\/wp-content\/uploads\/2022\/12\/cropped-logo-cabecera-new.png","contentUrl":"https:\/\/tourtravelandmore.com\/wp-content\/uploads\/2022\/12\/cropped-logo-cabecera-new.png","width":430,"height":61,"caption":"Tour Travel And More"},"image":{"@id":"https:\/\/tourtravelandmore.com\/fr\/#\/schema\/logo\/image\/"},"sameAs":["https:\/\/www.facebook.com\/tourtravelandmore\/","https:\/\/x.com\/TourTravel_More"]}]}},"_links":{"self":[{"href":"https:\/\/tourtravelandmore.com\/fr\/wp-json\/wp\/v2\/product\/103718","targetHints":{"allow":["GET"]}}],"collection":[{"href":"https:\/\/tourtravelandmore.com\/fr\/wp-json\/wp\/v2\/product"}],"about":[{"href":"https:\/\/tourtravelandmore.com\/fr\/wp-json\/wp\/v2\/types\/product"}],"replies":[{"embeddable":true,"href":"https:\/\/tourtravelandmore.com\/fr\/wp-json\/wp\/v2\/comments?post=103718"}],"wp:featuredmedia":[{"embeddable":true,"href":"https:\/\/tourtravelandmore.com\/fr\/wp-json\/wp\/v2\/media\/97277"}],"wp:attachment":[{"href":"https:\/\/tourtravelandmore.com\/fr\/wp-json\/wp\/v2\/media?parent=103718"}],"wp:term":[{"taxonomy":"product_brand","embeddable":true,"href":"https:\/\/tourtravelandmore.com\/fr\/wp-json\/wp\/v2\/product_brand?post=103718"},{"taxonomy":"product_cat","embeddable":true,"href":"https:\/\/tourtravelandmore.com\/fr\/wp-json\/wp\/v2\/product_cat?post=103718"},{"taxonomy":"product_tag","embeddable":true,"href":"https:\/\/tourtravelandmore.com\/fr\/wp-json\/wp\/v2\/product_tag?post=103718"}],"curies":[{"name":"wp","href":"https:\/\/api.w.org\/{rel}","templated":true}]}}