{"id":103706,"date":"2020-03-03T17:13:31","date_gmt":"2020-03-03T16:13:31","guid":{"rendered":"https:\/\/tourtravelandmore.com\/tours\/non%20class\u00e9\/visite-privee-de-dubrovnik-a-split\/"},"modified":"2025-05-06T21:08:45","modified_gmt":"2025-05-06T19:08:45","slug":"visite-privee-de-dubrovnik-a-split","status":"publish","type":"product","link":"https:\/\/tourtravelandmore.com\/fr\/tours\/croacia-fr-fr\/dubrovnik-fr\/visite-privee-de-dubrovnik-a-split\/","title":{"rendered":"Visite priv\u00e9e de Dubrovnik \u00e0 Split"},"content":{"rendered":"<h2><b><strong>Visite priv\u00e9e de Dubrovnik \u00e0 Split Description<\/strong><\/b><\/h2>\n<p>Dubrovnik jouit d&#8217;une situation strat\u00e9gique qui la relie \u00e0 de nombreux sites touristiques de la r\u00e9gion. Profitez de cette <b><strong>visite priv\u00e9e de Dubrovnik \u00e0 Split<\/strong><\/b> confortablement dans votre <b><strong>v\u00e9hicule priv\u00e9 de luxe<\/strong><\/b>.<\/p>\n<p><b><strong>Split<\/strong><\/b> se trouve \u00e0 environ 229 kilom\u00e8tres de Dubrovnik, entre les montagnes et la magnifique mer Adriatique. Split \u00e9tait une ville importante \u00e0 l&#8217;\u00e9poque de l&#8217;Empire romain et est aujourd&#8217;hui le pilier \u00e9conomique de la Dalmatie.<\/p>\n<p>Contrairement \u00e0 Dubrovnik, <b><strong>Split<\/strong><\/b> est une ville <b><strong>dynamique<\/strong><\/b>et moderne<b><strong>.<\/strong><\/b> Il y a plus d&#8217;endroits pour des activit\u00e9s sociales telles que des bars et des restaurants, sans pour autant mettre de c\u00f4t\u00e9 son important h\u00e9ritage historique romain. Si vous souhaitez d\u00e9couvrir le style de vie croate tel qu&#8217;il est, cette visite vous le permettra.<\/p>\n<p>Avec ce circuit priv\u00e9 de Dubrovnik \u00e0 Split, vous pourrez explorer l&#8217;une des plus belles villes de Croatie. Vous aurez \u00e0 votre enti\u00e8re disposition un <b><strong>chauffeur priv\u00e9 anglophone<\/strong><\/b> et un <b><strong>guide local<\/strong><\/b> pour une visite guid\u00e9e de 2 heures de Split.<\/p>\n<p>Cette excursion d&#8217;une journ\u00e9e unique est enti\u00e8rement priv\u00e9e pour vous et votre groupe. Vous pourrez choisir la destination de prise en charge et de restitution \u00e0 Dubrovnik, vous n&#8217;aurez qu&#8217;\u00e0 nous donner tous les d\u00e9tails.<\/p>\n<p>Nous avons plusieurs options d&#8217;excursions d&#8217;une journ\u00e9e au d\u00e9part de Dubrovnik, veuillez vous renseigner sur notre <a href=\"https:\/\/tourtravelandmore.com\/tours\/croatia-en\/dubrovnik-en-croacia-en-croacia-es-croacia-fr-fr\/full-day-private-tour-from-dubrovnik-to-the-kravice-falls-and-mostar\/\">excursion d&#8217;une journ\u00e9e aux chutes de Kravice et \u00e0 Mostar<\/a>.<\/p>\n<h2><b><strong>Excursion priv\u00e9e de Dubrovnik \u00e0 Split &#8211; Points d&#8217;int\u00e9r\u00eat et sites touristiques<\/strong><\/b><\/h2>\n<p>Votre chauffeur priv\u00e9 viendra vous chercher \u00e0 votre h\u00f4tel ou au lieu de votre choix \u00e0 Dubrovnik. Une fois dans le v\u00e9hicule, vous passerez les deux prochaines heures \u00e0 vous rendre \u00e0 la ville de Split. Pendant le trajet, votre chauffeur vous \u00e9clairera sur les faits importants de cette ville.<\/p>\n<p>Une fois \u00e0 Split, vous rencontrerez votre guide officiel local pour une visite guid\u00e9e de 2 heures. Notre guide est totalement professionnel et conna\u00eet parfaitement cette ville \u00e9tonnante.<\/p>\n<p>Tout d&#8217;abord, nous vous recommandons de commencer le voyage \u00e0 partir de <b><strong>Riva<\/strong><\/b>, qui sera donc le premier arr\u00eat. La promenade de Split, avec ses b\u00e2timents color\u00e9s et son contact direct avec la mer Adriatique, vous montrera une partie de la vie sociale caract\u00e9ristique de Split.<\/p>\n<p>Ensuite, en traversant le mur, vous trouverez le <a href=\"http:\/\/www.diocletianspalace.org\/Split-Access.html\">palais de Diocl\u00e9tien<\/a>, un <b><strong>site du patrimoine mondial de l&#8217;UNESCO.<\/strong><\/b> Ce palais a \u00e9t\u00e9 construit par l&#8217;empereur romain Diocl\u00e9tien en 305 apr\u00e8s J.-C. pour passer ses derni\u00e8res ann\u00e9es dans le luxe. Son histoire et ses structures sont pratiquement intactes.<\/p>\n<p>Un autre lieu historique tr\u00e8s important \u00e0 Split est la <b><strong>cath\u00e9drale St. Domnius<\/strong><\/b>, situ\u00e9e dans le palais de Diocl\u00e9tien. Vous verrez alors la <b><strong>plus ancienne cath\u00e9drale catholique<\/strong><\/b> <b><strong>du monde<\/strong><\/b>, construite au VIIe si\u00e8cle. N&#8217;oubliez pas de monter sur le <b><strong>clocher<\/strong><\/b> pour avoir une vue imprenable sur toute la ville de Split.<\/p>\n<p>De l\u00e0, il faut absolument visiter la<b><strong> vieille ville de Split<\/strong><\/b>, o\u00f9 se d\u00e9roule l&#8217;essentiel de la vie urbaine de la ville et o\u00f9 l&#8217;on peut passer des heures \u00e0 se promener. Il y a une vari\u00e9t\u00e9 de caf\u00e9s et de restaurants dans toute la zone, mais surtout autour de la <b><strong>Place du Peuple<\/strong><\/b>, mieux connue sous le nom de <b><strong>Pjaca<\/strong><\/b>, le principal point de r\u00e9f\u00e9rence de la vieille ville.<\/p>\n<p>Enfin, votre chauffeur priv\u00e9 vous ram\u00e8nera \u00e0 votre point de d\u00e9part \u00e0 Dubrovnik. Vous passerez une journ\u00e9e unique et riche en exp\u00e9riences.<\/p>\n","protected":false},"excerpt":{"rendered":"<p>Compte tenu de la grande distance entre Split et Dubrovnik, il est pr\u00e9f\u00e9rable de consacrer une journ\u00e9e enti\u00e8re \u00e0 cette visite priv\u00e9e de Dubrovnik \u00e0 Split. C&#8217;est pourquoi Travel &amp; Tour More propose des visites de cette ville uniquement pendant 10 heures. Nous souhaitons \u00e9galement vous informer que vous pouvez soit sugg\u00e9rer le programme \u00e0 suivre, soit, si vous le souhaitez, suivre l&#8217;un de nos mod\u00e8les de programme, comme celui-ci.<\/p>\n<p>&nbsp;<\/p>\n","protected":false},"featured_media":97295,"comment_status":"open","ping_status":"closed","template":"","meta":{"_acf_changed":false},"product_brand":[],"product_cat":[5451,5452,3782],"product_tag":[],"class_list":{"0":"post-103706","1":"product","2":"type-product","3":"status-publish","4":"has-post-thumbnail","6":"product_cat-all-private-tours-activities-fr-35","7":"product_cat-private-day-trips-fr-22","8":"product_cat-dubrovnik-fr","10":"first","11":"instock","12":"shipping-taxable","13":"purchasable","14":"product-type-simple"},"acf":[],"yoast_head":"<!-- This site is optimized with the Yoast SEO Premium plugin v25.3.1 (Yoast SEO v25.3.1) - https:\/\/yoast.com\/wordpress\/plugins\/seo\/ -->\n<title>Visite priv\u00e9e de Dubrovnik \u00e0 Split en v\u00e9hicule de luxe priv\u00e9<\/title>\n<meta name=\"description\" content=\"Explorez la ville unique de Split avec cette visite priv\u00e9e de Dubrovnik \u00e0 Split avec chauffeur priv\u00e9 et guide local. Admirez les lieux les plus importants.\" \/>\n<meta name=\"robots\" content=\"index, follow, max-snippet:-1, max-image-preview:large, max-video-preview:-1\" \/>\n<link rel=\"canonical\" href=\"https:\/\/tourtravelandmore.com\/fr\/tours\/croacia-fr-fr\/dubrovnik-fr\/visite-privee-de-dubrovnik-a-split\/\" \/>\n<meta property=\"og:locale\" content=\"fr_FR\" \/>\n<meta property=\"og:type\" content=\"article\" \/>\n<meta property=\"og:title\" content=\"Visite priv\u00e9e de Dubrovnik \u00e0 Split\" \/>\n<meta property=\"og:description\" content=\"Explorez la ville unique de Split avec cette visite priv\u00e9e de Dubrovnik \u00e0 Split avec chauffeur priv\u00e9 et guide local. Admirez les lieux les plus importants.\" \/>\n<meta property=\"og:url\" content=\"https:\/\/tourtravelandmore.com\/fr\/tours\/croacia-fr-fr\/dubrovnik-fr\/visite-privee-de-dubrovnik-a-split\/\" \/>\n<meta property=\"og:site_name\" content=\"Tour Travel And More\" \/>\n<meta property=\"article:publisher\" content=\"https:\/\/www.facebook.com\/tourtravelandmore\/\" \/>\n<meta property=\"article:modified_time\" content=\"2025-05-06T19:08:45+00:00\" \/>\n<meta property=\"og:image\" content=\"https:\/\/tourtravelandmore.com\/wp-content\/uploads\/2020\/03\/split-1272629_960_720.jpg\" \/>\n\t<meta property=\"og:image:width\" content=\"960\" \/>\n\t<meta property=\"og:image:height\" content=\"640\" \/>\n\t<meta property=\"og:image:type\" content=\"image\/jpeg\" \/>\n<meta name=\"twitter:card\" content=\"summary_large_image\" \/>\n<meta name=\"twitter:site\" content=\"@TourTravel_More\" \/>\n<meta name=\"twitter:label1\" content=\"Dur\u00e9e de lecture estim\u00e9e\" \/>\n\t<meta name=\"twitter:data1\" content=\"3 minutes\" \/>\n<script type=\"application\/ld+json\" class=\"yoast-schema-graph\">{\"@context\":\"https:\/\/schema.org\",\"@graph\":[{\"@type\":\"WebPage\",\"@id\":\"https:\/\/tourtravelandmore.com\/fr\/tours\/croacia-fr-fr\/dubrovnik-fr\/visite-privee-de-dubrovnik-a-split\/\",\"url\":\"https:\/\/tourtravelandmore.com\/fr\/tours\/croacia-fr-fr\/dubrovnik-fr\/visite-privee-de-dubrovnik-a-split\/\",\"name\":\"Visite priv\u00e9e de Dubrovnik \u00e0 Split en v\u00e9hicule de luxe priv\u00e9\",\"isPartOf\":{\"@id\":\"https:\/\/tourtravelandmore.com\/fr\/#website\"},\"primaryImageOfPage\":{\"@id\":\"https:\/\/tourtravelandmore.com\/fr\/tours\/croacia-fr-fr\/dubrovnik-fr\/visite-privee-de-dubrovnik-a-split\/#primaryimage\"},\"image\":{\"@id\":\"https:\/\/tourtravelandmore.com\/fr\/tours\/croacia-fr-fr\/dubrovnik-fr\/visite-privee-de-dubrovnik-a-split\/#primaryimage\"},\"thumbnailUrl\":\"https:\/\/tourtravelandmore.com\/wp-content\/uploads\/2020\/03\/split-1272629_960_720.jpg\",\"datePublished\":\"2020-03-03T16:13:31+00:00\",\"dateModified\":\"2025-05-06T19:08:45+00:00\",\"description\":\"Explorez la ville unique de Split avec cette visite priv\u00e9e de Dubrovnik \u00e0 Split avec chauffeur priv\u00e9 et guide local. Admirez les lieux les plus importants.\",\"breadcrumb\":{\"@id\":\"https:\/\/tourtravelandmore.com\/fr\/tours\/croacia-fr-fr\/dubrovnik-fr\/visite-privee-de-dubrovnik-a-split\/#breadcrumb\"},\"inLanguage\":\"fr-FR\",\"potentialAction\":[{\"@type\":\"ReadAction\",\"target\":[\"https:\/\/tourtravelandmore.com\/fr\/tours\/croacia-fr-fr\/dubrovnik-fr\/visite-privee-de-dubrovnik-a-split\/\"]}]},{\"@type\":\"ImageObject\",\"inLanguage\":\"fr-FR\",\"@id\":\"https:\/\/tourtravelandmore.com\/fr\/tours\/croacia-fr-fr\/dubrovnik-fr\/visite-privee-de-dubrovnik-a-split\/#primaryimage\",\"url\":\"https:\/\/tourtravelandmore.com\/wp-content\/uploads\/2020\/03\/split-1272629_960_720.jpg\",\"contentUrl\":\"https:\/\/tourtravelandmore.com\/wp-content\/uploads\/2020\/03\/split-1272629_960_720.jpg\",\"width\":960,\"height\":640},{\"@type\":\"BreadcrumbList\",\"@id\":\"https:\/\/tourtravelandmore.com\/fr\/tours\/croacia-fr-fr\/dubrovnik-fr\/visite-privee-de-dubrovnik-a-split\/#breadcrumb\",\"itemListElement\":[{\"@type\":\"ListItem\",\"position\":1,\"name\":\"Home\",\"item\":\"https:\/\/tourtravelandmore.com\/fr\/\"},{\"@type\":\"ListItem\",\"position\":2,\"name\":\"Tours\",\"item\":\"https:\/\/tourtravelandmore.com\/fr\/tours\/\"},{\"@type\":\"ListItem\",\"position\":3,\"name\":\"Visite priv\u00e9e de Dubrovnik \u00e0 Split\"}]},{\"@type\":\"WebSite\",\"@id\":\"https:\/\/tourtravelandmore.com\/fr\/#website\",\"url\":\"https:\/\/tourtravelandmore.com\/fr\/\",\"name\":\"Tour Travel And More\",\"description\":\"Private sightseeing tours and luxury transfers in Spain\",\"publisher\":{\"@id\":\"https:\/\/tourtravelandmore.com\/fr\/#organization\"},\"potentialAction\":[{\"@type\":\"SearchAction\",\"target\":{\"@type\":\"EntryPoint\",\"urlTemplate\":\"https:\/\/tourtravelandmore.com\/fr\/?s={search_term_string}\"},\"query-input\":{\"@type\":\"PropertyValueSpecification\",\"valueRequired\":true,\"valueName\":\"search_term_string\"}}],\"inLanguage\":\"fr-FR\"},{\"@type\":\"Organization\",\"@id\":\"https:\/\/tourtravelandmore.com\/fr\/#organization\",\"name\":\"Tour Travel And More\",\"url\":\"https:\/\/tourtravelandmore.com\/fr\/\",\"logo\":{\"@type\":\"ImageObject\",\"inLanguage\":\"fr-FR\",\"@id\":\"https:\/\/tourtravelandmore.com\/fr\/#\/schema\/logo\/image\/\",\"url\":\"https:\/\/tourtravelandmore.com\/wp-content\/uploads\/2022\/12\/cropped-logo-cabecera-new.png\",\"contentUrl\":\"https:\/\/tourtravelandmore.com\/wp-content\/uploads\/2022\/12\/cropped-logo-cabecera-new.png\",\"width\":430,\"height\":61,\"caption\":\"Tour Travel And More\"},\"image\":{\"@id\":\"https:\/\/tourtravelandmore.com\/fr\/#\/schema\/logo\/image\/\"},\"sameAs\":[\"https:\/\/www.facebook.com\/tourtravelandmore\/\",\"https:\/\/x.com\/TourTravel_More\"]}]}<\/script>\n<!-- \/ Yoast SEO Premium plugin. -->","yoast_head_json":{"title":"Visite priv\u00e9e de Dubrovnik \u00e0 Split en v\u00e9hicule de luxe priv\u00e9","description":"Explorez la ville unique de Split avec cette visite priv\u00e9e de Dubrovnik \u00e0 Split avec chauffeur priv\u00e9 et guide local. Admirez les lieux les plus importants.","robots":{"index":"index","follow":"follow","max-snippet":"max-snippet:-1","max-image-preview":"max-image-preview:large","max-video-preview":"max-video-preview:-1"},"canonical":"https:\/\/tourtravelandmore.com\/fr\/tours\/croacia-fr-fr\/dubrovnik-fr\/visite-privee-de-dubrovnik-a-split\/","og_locale":"fr_FR","og_type":"article","og_title":"Visite priv\u00e9e de Dubrovnik \u00e0 Split","og_description":"Explorez la ville unique de Split avec cette visite priv\u00e9e de Dubrovnik \u00e0 Split avec chauffeur priv\u00e9 et guide local. Admirez les lieux les plus importants.","og_url":"https:\/\/tourtravelandmore.com\/fr\/tours\/croacia-fr-fr\/dubrovnik-fr\/visite-privee-de-dubrovnik-a-split\/","og_site_name":"Tour Travel And More","article_publisher":"https:\/\/www.facebook.com\/tourtravelandmore\/","article_modified_time":"2025-05-06T19:08:45+00:00","og_image":[{"width":960,"height":640,"url":"https:\/\/tourtravelandmore.com\/wp-content\/uploads\/2020\/03\/split-1272629_960_720.jpg","type":"image\/jpeg"}],"twitter_card":"summary_large_image","twitter_site":"@TourTravel_More","twitter_misc":{"Dur\u00e9e de lecture estim\u00e9e":"3 minutes"},"schema":{"@context":"https:\/\/schema.org","@graph":[{"@type":"WebPage","@id":"https:\/\/tourtravelandmore.com\/fr\/tours\/croacia-fr-fr\/dubrovnik-fr\/visite-privee-de-dubrovnik-a-split\/","url":"https:\/\/tourtravelandmore.com\/fr\/tours\/croacia-fr-fr\/dubrovnik-fr\/visite-privee-de-dubrovnik-a-split\/","name":"Visite priv\u00e9e de Dubrovnik \u00e0 Split en v\u00e9hicule de luxe priv\u00e9","isPartOf":{"@id":"https:\/\/tourtravelandmore.com\/fr\/#website"},"primaryImageOfPage":{"@id":"https:\/\/tourtravelandmore.com\/fr\/tours\/croacia-fr-fr\/dubrovnik-fr\/visite-privee-de-dubrovnik-a-split\/#primaryimage"},"image":{"@id":"https:\/\/tourtravelandmore.com\/fr\/tours\/croacia-fr-fr\/dubrovnik-fr\/visite-privee-de-dubrovnik-a-split\/#primaryimage"},"thumbnailUrl":"https:\/\/tourtravelandmore.com\/wp-content\/uploads\/2020\/03\/split-1272629_960_720.jpg","datePublished":"2020-03-03T16:13:31+00:00","dateModified":"2025-05-06T19:08:45+00:00","description":"Explorez la ville unique de Split avec cette visite priv\u00e9e de Dubrovnik \u00e0 Split avec chauffeur priv\u00e9 et guide local. Admirez les lieux les plus importants.","breadcrumb":{"@id":"https:\/\/tourtravelandmore.com\/fr\/tours\/croacia-fr-fr\/dubrovnik-fr\/visite-privee-de-dubrovnik-a-split\/#breadcrumb"},"inLanguage":"fr-FR","potentialAction":[{"@type":"ReadAction","target":["https:\/\/tourtravelandmore.com\/fr\/tours\/croacia-fr-fr\/dubrovnik-fr\/visite-privee-de-dubrovnik-a-split\/"]}]},{"@type":"ImageObject","inLanguage":"fr-FR","@id":"https:\/\/tourtravelandmore.com\/fr\/tours\/croacia-fr-fr\/dubrovnik-fr\/visite-privee-de-dubrovnik-a-split\/#primaryimage","url":"https:\/\/tourtravelandmore.com\/wp-content\/uploads\/2020\/03\/split-1272629_960_720.jpg","contentUrl":"https:\/\/tourtravelandmore.com\/wp-content\/uploads\/2020\/03\/split-1272629_960_720.jpg","width":960,"height":640},{"@type":"BreadcrumbList","@id":"https:\/\/tourtravelandmore.com\/fr\/tours\/croacia-fr-fr\/dubrovnik-fr\/visite-privee-de-dubrovnik-a-split\/#breadcrumb","itemListElement":[{"@type":"ListItem","position":1,"name":"Home","item":"https:\/\/tourtravelandmore.com\/fr\/"},{"@type":"ListItem","position":2,"name":"Tours","item":"https:\/\/tourtravelandmore.com\/fr\/tours\/"},{"@type":"ListItem","position":3,"name":"Visite priv\u00e9e de Dubrovnik \u00e0 Split"}]},{"@type":"WebSite","@id":"https:\/\/tourtravelandmore.com\/fr\/#website","url":"https:\/\/tourtravelandmore.com\/fr\/","name":"Tour Travel And More","description":"Private sightseeing tours and luxury transfers in Spain","publisher":{"@id":"https:\/\/tourtravelandmore.com\/fr\/#organization"},"potentialAction":[{"@type":"SearchAction","target":{"@type":"EntryPoint","urlTemplate":"https:\/\/tourtravelandmore.com\/fr\/?s={search_term_string}"},"query-input":{"@type":"PropertyValueSpecification","valueRequired":true,"valueName":"search_term_string"}}],"inLanguage":"fr-FR"},{"@type":"Organization","@id":"https:\/\/tourtravelandmore.com\/fr\/#organization","name":"Tour Travel And More","url":"https:\/\/tourtravelandmore.com\/fr\/","logo":{"@type":"ImageObject","inLanguage":"fr-FR","@id":"https:\/\/tourtravelandmore.com\/fr\/#\/schema\/logo\/image\/","url":"https:\/\/tourtravelandmore.com\/wp-content\/uploads\/2022\/12\/cropped-logo-cabecera-new.png","contentUrl":"https:\/\/tourtravelandmore.com\/wp-content\/uploads\/2022\/12\/cropped-logo-cabecera-new.png","width":430,"height":61,"caption":"Tour Travel And More"},"image":{"@id":"https:\/\/tourtravelandmore.com\/fr\/#\/schema\/logo\/image\/"},"sameAs":["https:\/\/www.facebook.com\/tourtravelandmore\/","https:\/\/x.com\/TourTravel_More"]}]}},"_links":{"self":[{"href":"https:\/\/tourtravelandmore.com\/fr\/wp-json\/wp\/v2\/product\/103706","targetHints":{"allow":["GET"]}}],"collection":[{"href":"https:\/\/tourtravelandmore.com\/fr\/wp-json\/wp\/v2\/product"}],"about":[{"href":"https:\/\/tourtravelandmore.com\/fr\/wp-json\/wp\/v2\/types\/product"}],"replies":[{"embeddable":true,"href":"https:\/\/tourtravelandmore.com\/fr\/wp-json\/wp\/v2\/comments?post=103706"}],"wp:featuredmedia":[{"embeddable":true,"href":"https:\/\/tourtravelandmore.com\/fr\/wp-json\/wp\/v2\/media\/97295"}],"wp:attachment":[{"href":"https:\/\/tourtravelandmore.com\/fr\/wp-json\/wp\/v2\/media?parent=103706"}],"wp:term":[{"taxonomy":"product_brand","embeddable":true,"href":"https:\/\/tourtravelandmore.com\/fr\/wp-json\/wp\/v2\/product_brand?post=103706"},{"taxonomy":"product_cat","embeddable":true,"href":"https:\/\/tourtravelandmore.com\/fr\/wp-json\/wp\/v2\/product_cat?post=103706"},{"taxonomy":"product_tag","embeddable":true,"href":"https:\/\/tourtravelandmore.com\/fr\/wp-json\/wp\/v2\/product_tag?post=103706"}],"curies":[{"name":"wp","href":"https:\/\/api.w.org\/{rel}","templated":true}]}}