{"id":103701,"date":"2020-03-03T16:56:47","date_gmt":"2020-03-03T15:56:47","guid":{"rendered":"https:\/\/tourtravelandmore.com\/tours\/non%20class\u00e9\/visite-privee-des-chutes-de-kravice-et-de-mostar-au-depart-de-dubrovnik\/"},"modified":"2025-05-07T15:25:53","modified_gmt":"2025-05-07T13:25:53","slug":"visite-privee-des-chutes-de-kravice-et-de-mostar-au-depart-de-dubrovnik","status":"publish","type":"product","link":"https:\/\/tourtravelandmore.com\/fr\/tours\/croacia-fr-fr\/dubrovnik-fr\/visite-privee-des-chutes-de-kravice-et-de-mostar-au-depart-de-dubrovnik\/","title":{"rendered":"Visite priv\u00e9e des chutes de Kravice et de Mostar au d\u00e9part de Dubrovnik"},"content":{"rendered":"<h2><b><strong>Visite priv\u00e9e des chutes de Kravice et de Mostar au d\u00e9part de Dubrovnik Description<\/strong><\/b><\/h2>\n<p>Si vous avez d\u00e9j\u00e0 visit\u00e9 les plus beaux sites de Dubrovnik, ne manquez pas cette visite priv\u00e9e des chutes de Kravice et de Mostar au d\u00e9part de Dubrovnik. Passez une journ\u00e9e dans ce magnifique coin de Bosnie-Herz\u00e9govine en compagnie d&#8217;un guide officiel local.<\/p>\n<p>Sur les rives de la Neretva, au sud de la Bosnie-Herz\u00e9govine, se trouve la magnifique ville de Mostar. C&#8217;est un lieu multiethnique o\u00f9 cohabitent Bosniaques, Croates et Musulmans. Mostar est connue pour sa vieille ville, class\u00e9e au patrimoine mondial de l&#8217;UNESCO, et surtout pour son vieux pont.<\/p>\n<p>Le site s&#8217;\u00e9tend sur les eaux vert \u00e9meraude de la Neretva et relie l&#8217;est et l&#8217;ouest d&#8217;une ville aujourd&#8217;hui divis\u00e9e ethniquement entre Bosniaques et Croates.<\/p>\n<p>C&#8217;est la meilleure fa\u00e7on de se lancer dans un voyage aventureux et de garder des souvenirs inoubliables. D\u00e9couvrez une ville charg\u00e9e d&#8217;histoire lors de cette visite priv\u00e9e des chutes de Kravice et de Mostar.<\/p>\n<p>Votre chauffeur priv\u00e9 anglophone sera \u00e0 votre enti\u00e8re disposition pendant toute la dur\u00e9e de la visite. L&#8217;excursion dure 9 heures au total, \u00e0 compter du moment o\u00f9 vous serez pris en charge et d\u00e9pos\u00e9 \u00e0 bord de votre v\u00e9hicule de luxe priv\u00e9.<\/p>\n<h2><b><strong>Visite priv\u00e9e des chutes de Kravice et de Mostar au d\u00e9part de Dubrovnik | Points d&#8217;int\u00e9r\u00eat et sites touristiques<\/strong><\/b><\/h2>\n<p>Tout d&#8217;abord, vous rencontrerez votre chauffeur priv\u00e9 \u00e0 l&#8217;endroit de votre choix \u00e0 Dubrovnik, afin de commencer une journ\u00e9e pleine d&#8217;aventure.<\/p>\n<p>Apr\u00e8s avoir travers\u00e9 la fronti\u00e8re croate, vous rencontrerez votre guide officiel priv\u00e9 pour une visite guid\u00e9e de 90 minutes. Nos guides officiels sont des professionnels qui connaissent tr\u00e8s bien la ville et ses environs.<\/p>\n<p>Ensuite, vous vous arr\u00eaterez pour admirer la grandeur de ces cascades cristallines de 25 m\u00e8tres de haut form\u00e9es par la <b>rivi\u00e8re Trebi\u017eat<\/b>. Une fois sur place, vous serez fascin\u00e9 par les superbes nuances de vert et la nature intacte qui vous entourent.<\/p>\n<p>Sur le chemin de Mostar, vous d\u00e9couvrirez la <b>rivi\u00e8re Neretva<\/b>. Une fois \u00e0 Mostar, vous visiterez la <b>vieille ville<\/b>, o\u00f9 vous d\u00e9couvrirez une ville pleine de contrastes, riche en culture et divis\u00e9e par une rivi\u00e8re. Vous y trouverez le c\u00e9l\u00e8bre \u00ab <a href=\"https:\/\/whc.unesco.org\/en\/list\/946\/\">Stari Most<\/a> \u00bb, un pont m\u00e9di\u00e9val \u00e0 arche unique \u00e0 l&#8217;histoire impressionnante.<\/p>\n<p>Vous pourrez \u00e9galement visiter la <b>maison Biscevic \u00e0 Mostar<\/b>, une ancienne construction datant de la p\u00e9riode turque au XVIIe si\u00e8cle. C&#8217;est \u00e9galement le mus\u00e9e le plus visit\u00e9 de cette belle ville.<\/p>\n<p>Troisi\u00e8mement, ne manquez pas de vous promener dans les ruelles \u00e9troites regorgeant de boutiques et de restaurants. Ensuite, il vous suffira de monter quelques marches pour atteindre l&#8217;\u00e9tonnant minaret de Koski Mehmed-Pasha, qui offre une vue magnifique sur cette ville.<\/p>\n<p>Enfin, votre chauffeur priv\u00e9 anglophone vous ram\u00e8nera \u00e0 votre h\u00f4tel ou \u00e0 votre point de d\u00e9part \u00e0 Dubrovnik. Si vous pr\u00e9f\u00e9rez, nous proposons \u00e9galement des <a href=\"https:\/\/tourtravelandmore.com\/tours\/croatia-en\/dubrovnik-en-croacia-en-croacia-es-croacia-fr-fr\/private-full-day-tour-from-dubrovnik-to-split\/\">excursions priv\u00e9es d&#8217;une journ\u00e9e compl\u00e8te \u00e0 Split au d\u00e9part de Dubrovnik<\/a>, n&#8217;h\u00e9sitez pas \u00e0 les consulter.<\/p>\n","protected":false},"excerpt":{"rendered":"<p>Profitez de cette excursion priv\u00e9e d&#8217;une journ\u00e9e compl\u00e8te aux chutes de Kravice et \u00e0 Mostar au d\u00e9part de Dubrovnik \u00e0 l&#8217;aise dans un v\u00e9hicule de luxe priv\u00e9. Sachez que Tour Travel &amp; More vous permet de planifier, modifier et ajuster votre programme de visites. Cependant, le guide priv\u00e9 officiel aura toujours \u00e0 port\u00e9e de main un plan de voyage, si vous pr\u00e9f\u00e9rez. Vous pouvez effectuer cette visite avec un chauffeur \/ guide priv\u00e9 ou avec un chauffeur anglophone et un guide local s\u00e9par\u00e9 \u00e0 Mostar.<\/p>\n","protected":false},"featured_media":97288,"comment_status":"open","ping_status":"closed","template":"","meta":{"_acf_changed":false},"product_brand":[],"product_cat":[5451,5452,3782],"product_tag":[],"class_list":{"0":"post-103701","1":"product","2":"type-product","3":"status-publish","4":"has-post-thumbnail","6":"product_cat-all-private-tours-activities-fr-35","7":"product_cat-private-day-trips-fr-22","8":"product_cat-dubrovnik-fr","10":"first","11":"instock","12":"shipping-taxable","13":"purchasable","14":"product-type-simple"},"acf":[],"yoast_head":"<!-- This site is optimized with the Yoast SEO Premium plugin v25.3.1 (Yoast SEO v25.3.1) - https:\/\/yoast.com\/wordpress\/plugins\/seo\/ -->\n<title>Visite priv\u00e9e des chutes de Kravice et de Mostar au d\u00e9part de Dubrovnik<\/title>\n<meta name=\"description\" content=\"Profitez de cette visite priv\u00e9e aux chutes de Kravice et \u00e0 Mostar au d\u00e9part de Dubrovnik confortablement dans votre v\u00e9hicule de luxe priv\u00e9 avec chauffeur parlant anglais.\" \/>\n<meta name=\"robots\" content=\"index, follow, max-snippet:-1, max-image-preview:large, max-video-preview:-1\" \/>\n<link rel=\"canonical\" href=\"https:\/\/tourtravelandmore.com\/fr\/tours\/croacia-fr-fr\/dubrovnik-fr\/visite-privee-des-chutes-de-kravice-et-de-mostar-au-depart-de-dubrovnik\/\" \/>\n<meta property=\"og:locale\" content=\"fr_FR\" \/>\n<meta property=\"og:type\" content=\"article\" \/>\n<meta property=\"og:title\" content=\"Visite priv\u00e9e des chutes de Kravice et de Mostar au d\u00e9part de Dubrovnik\" \/>\n<meta property=\"og:description\" content=\"Profitez de cette visite priv\u00e9e aux chutes de Kravice et \u00e0 Mostar au d\u00e9part de Dubrovnik confortablement dans votre v\u00e9hicule de luxe priv\u00e9 avec chauffeur parlant anglais.\" \/>\n<meta property=\"og:url\" content=\"https:\/\/tourtravelandmore.com\/fr\/tours\/croacia-fr-fr\/dubrovnik-fr\/visite-privee-des-chutes-de-kravice-et-de-mostar-au-depart-de-dubrovnik\/\" \/>\n<meta property=\"og:site_name\" content=\"Tour Travel And More\" \/>\n<meta property=\"article:publisher\" content=\"https:\/\/www.facebook.com\/tourtravelandmore\/\" \/>\n<meta property=\"article:modified_time\" content=\"2025-05-07T13:25:53+00:00\" \/>\n<meta property=\"og:image\" content=\"https:\/\/tourtravelandmore.com\/wp-content\/uploads\/2020\/03\/bosnia-and-herzegovina-studenci-kravica-waterfall.jpg\" \/>\n\t<meta property=\"og:image:width\" content=\"910\" \/>\n\t<meta property=\"og:image:height\" content=\"683\" \/>\n\t<meta property=\"og:image:type\" content=\"image\/jpeg\" \/>\n<meta name=\"twitter:card\" content=\"summary_large_image\" \/>\n<meta name=\"twitter:site\" content=\"@TourTravel_More\" \/>\n<meta name=\"twitter:label1\" content=\"Dur\u00e9e de lecture estim\u00e9e\" \/>\n\t<meta name=\"twitter:data1\" content=\"3 minutes\" \/>\n<script type=\"application\/ld+json\" class=\"yoast-schema-graph\">{\"@context\":\"https:\/\/schema.org\",\"@graph\":[{\"@type\":\"WebPage\",\"@id\":\"https:\/\/tourtravelandmore.com\/fr\/tours\/croacia-fr-fr\/dubrovnik-fr\/visite-privee-des-chutes-de-kravice-et-de-mostar-au-depart-de-dubrovnik\/\",\"url\":\"https:\/\/tourtravelandmore.com\/fr\/tours\/croacia-fr-fr\/dubrovnik-fr\/visite-privee-des-chutes-de-kravice-et-de-mostar-au-depart-de-dubrovnik\/\",\"name\":\"Visite priv\u00e9e des chutes de Kravice et de Mostar au d\u00e9part de Dubrovnik\",\"isPartOf\":{\"@id\":\"https:\/\/tourtravelandmore.com\/fr\/#website\"},\"primaryImageOfPage\":{\"@id\":\"https:\/\/tourtravelandmore.com\/fr\/tours\/croacia-fr-fr\/dubrovnik-fr\/visite-privee-des-chutes-de-kravice-et-de-mostar-au-depart-de-dubrovnik\/#primaryimage\"},\"image\":{\"@id\":\"https:\/\/tourtravelandmore.com\/fr\/tours\/croacia-fr-fr\/dubrovnik-fr\/visite-privee-des-chutes-de-kravice-et-de-mostar-au-depart-de-dubrovnik\/#primaryimage\"},\"thumbnailUrl\":\"https:\/\/tourtravelandmore.com\/wp-content\/uploads\/2020\/03\/bosnia-and-herzegovina-studenci-kravica-waterfall.jpg\",\"datePublished\":\"2020-03-03T15:56:47+00:00\",\"dateModified\":\"2025-05-07T13:25:53+00:00\",\"description\":\"Profitez de cette visite priv\u00e9e aux chutes de Kravice et \u00e0 Mostar au d\u00e9part de Dubrovnik confortablement dans votre v\u00e9hicule de luxe priv\u00e9 avec chauffeur parlant anglais.\",\"breadcrumb\":{\"@id\":\"https:\/\/tourtravelandmore.com\/fr\/tours\/croacia-fr-fr\/dubrovnik-fr\/visite-privee-des-chutes-de-kravice-et-de-mostar-au-depart-de-dubrovnik\/#breadcrumb\"},\"inLanguage\":\"fr-FR\",\"potentialAction\":[{\"@type\":\"ReadAction\",\"target\":[\"https:\/\/tourtravelandmore.com\/fr\/tours\/croacia-fr-fr\/dubrovnik-fr\/visite-privee-des-chutes-de-kravice-et-de-mostar-au-depart-de-dubrovnik\/\"]}]},{\"@type\":\"ImageObject\",\"inLanguage\":\"fr-FR\",\"@id\":\"https:\/\/tourtravelandmore.com\/fr\/tours\/croacia-fr-fr\/dubrovnik-fr\/visite-privee-des-chutes-de-kravice-et-de-mostar-au-depart-de-dubrovnik\/#primaryimage\",\"url\":\"https:\/\/tourtravelandmore.com\/wp-content\/uploads\/2020\/03\/bosnia-and-herzegovina-studenci-kravica-waterfall.jpg\",\"contentUrl\":\"https:\/\/tourtravelandmore.com\/wp-content\/uploads\/2020\/03\/bosnia-and-herzegovina-studenci-kravica-waterfall.jpg\",\"width\":910,\"height\":683},{\"@type\":\"BreadcrumbList\",\"@id\":\"https:\/\/tourtravelandmore.com\/fr\/tours\/croacia-fr-fr\/dubrovnik-fr\/visite-privee-des-chutes-de-kravice-et-de-mostar-au-depart-de-dubrovnik\/#breadcrumb\",\"itemListElement\":[{\"@type\":\"ListItem\",\"position\":1,\"name\":\"Home\",\"item\":\"https:\/\/tourtravelandmore.com\/fr\/\"},{\"@type\":\"ListItem\",\"position\":2,\"name\":\"Tours\",\"item\":\"https:\/\/tourtravelandmore.com\/fr\/tours\/\"},{\"@type\":\"ListItem\",\"position\":3,\"name\":\"Visite priv\u00e9e des chutes de Kravice et de Mostar au d\u00e9part de Dubrovnik\"}]},{\"@type\":\"WebSite\",\"@id\":\"https:\/\/tourtravelandmore.com\/fr\/#website\",\"url\":\"https:\/\/tourtravelandmore.com\/fr\/\",\"name\":\"Tour Travel And More\",\"description\":\"Private sightseeing tours and luxury transfers in Spain\",\"publisher\":{\"@id\":\"https:\/\/tourtravelandmore.com\/fr\/#organization\"},\"potentialAction\":[{\"@type\":\"SearchAction\",\"target\":{\"@type\":\"EntryPoint\",\"urlTemplate\":\"https:\/\/tourtravelandmore.com\/fr\/?s={search_term_string}\"},\"query-input\":{\"@type\":\"PropertyValueSpecification\",\"valueRequired\":true,\"valueName\":\"search_term_string\"}}],\"inLanguage\":\"fr-FR\"},{\"@type\":\"Organization\",\"@id\":\"https:\/\/tourtravelandmore.com\/fr\/#organization\",\"name\":\"Tour Travel And More\",\"url\":\"https:\/\/tourtravelandmore.com\/fr\/\",\"logo\":{\"@type\":\"ImageObject\",\"inLanguage\":\"fr-FR\",\"@id\":\"https:\/\/tourtravelandmore.com\/fr\/#\/schema\/logo\/image\/\",\"url\":\"https:\/\/tourtravelandmore.com\/wp-content\/uploads\/2022\/12\/cropped-logo-cabecera-new.png\",\"contentUrl\":\"https:\/\/tourtravelandmore.com\/wp-content\/uploads\/2022\/12\/cropped-logo-cabecera-new.png\",\"width\":430,\"height\":61,\"caption\":\"Tour Travel And More\"},\"image\":{\"@id\":\"https:\/\/tourtravelandmore.com\/fr\/#\/schema\/logo\/image\/\"},\"sameAs\":[\"https:\/\/www.facebook.com\/tourtravelandmore\/\",\"https:\/\/x.com\/TourTravel_More\"]}]}<\/script>\n<!-- \/ Yoast SEO Premium plugin. -->","yoast_head_json":{"title":"Visite priv\u00e9e des chutes de Kravice et de Mostar au d\u00e9part de Dubrovnik","description":"Profitez de cette visite priv\u00e9e aux chutes de Kravice et \u00e0 Mostar au d\u00e9part de Dubrovnik confortablement dans votre v\u00e9hicule de luxe priv\u00e9 avec chauffeur parlant anglais.","robots":{"index":"index","follow":"follow","max-snippet":"max-snippet:-1","max-image-preview":"max-image-preview:large","max-video-preview":"max-video-preview:-1"},"canonical":"https:\/\/tourtravelandmore.com\/fr\/tours\/croacia-fr-fr\/dubrovnik-fr\/visite-privee-des-chutes-de-kravice-et-de-mostar-au-depart-de-dubrovnik\/","og_locale":"fr_FR","og_type":"article","og_title":"Visite priv\u00e9e des chutes de Kravice et de Mostar au d\u00e9part de Dubrovnik","og_description":"Profitez de cette visite priv\u00e9e aux chutes de Kravice et \u00e0 Mostar au d\u00e9part de Dubrovnik confortablement dans votre v\u00e9hicule de luxe priv\u00e9 avec chauffeur parlant anglais.","og_url":"https:\/\/tourtravelandmore.com\/fr\/tours\/croacia-fr-fr\/dubrovnik-fr\/visite-privee-des-chutes-de-kravice-et-de-mostar-au-depart-de-dubrovnik\/","og_site_name":"Tour Travel And More","article_publisher":"https:\/\/www.facebook.com\/tourtravelandmore\/","article_modified_time":"2025-05-07T13:25:53+00:00","og_image":[{"width":910,"height":683,"url":"https:\/\/tourtravelandmore.com\/wp-content\/uploads\/2020\/03\/bosnia-and-herzegovina-studenci-kravica-waterfall.jpg","type":"image\/jpeg"}],"twitter_card":"summary_large_image","twitter_site":"@TourTravel_More","twitter_misc":{"Dur\u00e9e de lecture estim\u00e9e":"3 minutes"},"schema":{"@context":"https:\/\/schema.org","@graph":[{"@type":"WebPage","@id":"https:\/\/tourtravelandmore.com\/fr\/tours\/croacia-fr-fr\/dubrovnik-fr\/visite-privee-des-chutes-de-kravice-et-de-mostar-au-depart-de-dubrovnik\/","url":"https:\/\/tourtravelandmore.com\/fr\/tours\/croacia-fr-fr\/dubrovnik-fr\/visite-privee-des-chutes-de-kravice-et-de-mostar-au-depart-de-dubrovnik\/","name":"Visite priv\u00e9e des chutes de Kravice et de Mostar au d\u00e9part de Dubrovnik","isPartOf":{"@id":"https:\/\/tourtravelandmore.com\/fr\/#website"},"primaryImageOfPage":{"@id":"https:\/\/tourtravelandmore.com\/fr\/tours\/croacia-fr-fr\/dubrovnik-fr\/visite-privee-des-chutes-de-kravice-et-de-mostar-au-depart-de-dubrovnik\/#primaryimage"},"image":{"@id":"https:\/\/tourtravelandmore.com\/fr\/tours\/croacia-fr-fr\/dubrovnik-fr\/visite-privee-des-chutes-de-kravice-et-de-mostar-au-depart-de-dubrovnik\/#primaryimage"},"thumbnailUrl":"https:\/\/tourtravelandmore.com\/wp-content\/uploads\/2020\/03\/bosnia-and-herzegovina-studenci-kravica-waterfall.jpg","datePublished":"2020-03-03T15:56:47+00:00","dateModified":"2025-05-07T13:25:53+00:00","description":"Profitez de cette visite priv\u00e9e aux chutes de Kravice et \u00e0 Mostar au d\u00e9part de Dubrovnik confortablement dans votre v\u00e9hicule de luxe priv\u00e9 avec chauffeur parlant anglais.","breadcrumb":{"@id":"https:\/\/tourtravelandmore.com\/fr\/tours\/croacia-fr-fr\/dubrovnik-fr\/visite-privee-des-chutes-de-kravice-et-de-mostar-au-depart-de-dubrovnik\/#breadcrumb"},"inLanguage":"fr-FR","potentialAction":[{"@type":"ReadAction","target":["https:\/\/tourtravelandmore.com\/fr\/tours\/croacia-fr-fr\/dubrovnik-fr\/visite-privee-des-chutes-de-kravice-et-de-mostar-au-depart-de-dubrovnik\/"]}]},{"@type":"ImageObject","inLanguage":"fr-FR","@id":"https:\/\/tourtravelandmore.com\/fr\/tours\/croacia-fr-fr\/dubrovnik-fr\/visite-privee-des-chutes-de-kravice-et-de-mostar-au-depart-de-dubrovnik\/#primaryimage","url":"https:\/\/tourtravelandmore.com\/wp-content\/uploads\/2020\/03\/bosnia-and-herzegovina-studenci-kravica-waterfall.jpg","contentUrl":"https:\/\/tourtravelandmore.com\/wp-content\/uploads\/2020\/03\/bosnia-and-herzegovina-studenci-kravica-waterfall.jpg","width":910,"height":683},{"@type":"BreadcrumbList","@id":"https:\/\/tourtravelandmore.com\/fr\/tours\/croacia-fr-fr\/dubrovnik-fr\/visite-privee-des-chutes-de-kravice-et-de-mostar-au-depart-de-dubrovnik\/#breadcrumb","itemListElement":[{"@type":"ListItem","position":1,"name":"Home","item":"https:\/\/tourtravelandmore.com\/fr\/"},{"@type":"ListItem","position":2,"name":"Tours","item":"https:\/\/tourtravelandmore.com\/fr\/tours\/"},{"@type":"ListItem","position":3,"name":"Visite priv\u00e9e des chutes de Kravice et de Mostar au d\u00e9part de Dubrovnik"}]},{"@type":"WebSite","@id":"https:\/\/tourtravelandmore.com\/fr\/#website","url":"https:\/\/tourtravelandmore.com\/fr\/","name":"Tour Travel And More","description":"Private sightseeing tours and luxury transfers in Spain","publisher":{"@id":"https:\/\/tourtravelandmore.com\/fr\/#organization"},"potentialAction":[{"@type":"SearchAction","target":{"@type":"EntryPoint","urlTemplate":"https:\/\/tourtravelandmore.com\/fr\/?s={search_term_string}"},"query-input":{"@type":"PropertyValueSpecification","valueRequired":true,"valueName":"search_term_string"}}],"inLanguage":"fr-FR"},{"@type":"Organization","@id":"https:\/\/tourtravelandmore.com\/fr\/#organization","name":"Tour Travel And More","url":"https:\/\/tourtravelandmore.com\/fr\/","logo":{"@type":"ImageObject","inLanguage":"fr-FR","@id":"https:\/\/tourtravelandmore.com\/fr\/#\/schema\/logo\/image\/","url":"https:\/\/tourtravelandmore.com\/wp-content\/uploads\/2022\/12\/cropped-logo-cabecera-new.png","contentUrl":"https:\/\/tourtravelandmore.com\/wp-content\/uploads\/2022\/12\/cropped-logo-cabecera-new.png","width":430,"height":61,"caption":"Tour Travel And More"},"image":{"@id":"https:\/\/tourtravelandmore.com\/fr\/#\/schema\/logo\/image\/"},"sameAs":["https:\/\/www.facebook.com\/tourtravelandmore\/","https:\/\/x.com\/TourTravel_More"]}]}},"_links":{"self":[{"href":"https:\/\/tourtravelandmore.com\/fr\/wp-json\/wp\/v2\/product\/103701","targetHints":{"allow":["GET"]}}],"collection":[{"href":"https:\/\/tourtravelandmore.com\/fr\/wp-json\/wp\/v2\/product"}],"about":[{"href":"https:\/\/tourtravelandmore.com\/fr\/wp-json\/wp\/v2\/types\/product"}],"replies":[{"embeddable":true,"href":"https:\/\/tourtravelandmore.com\/fr\/wp-json\/wp\/v2\/comments?post=103701"}],"wp:featuredmedia":[{"embeddable":true,"href":"https:\/\/tourtravelandmore.com\/fr\/wp-json\/wp\/v2\/media\/97288"}],"wp:attachment":[{"href":"https:\/\/tourtravelandmore.com\/fr\/wp-json\/wp\/v2\/media?parent=103701"}],"wp:term":[{"taxonomy":"product_brand","embeddable":true,"href":"https:\/\/tourtravelandmore.com\/fr\/wp-json\/wp\/v2\/product_brand?post=103701"},{"taxonomy":"product_cat","embeddable":true,"href":"https:\/\/tourtravelandmore.com\/fr\/wp-json\/wp\/v2\/product_cat?post=103701"},{"taxonomy":"product_tag","embeddable":true,"href":"https:\/\/tourtravelandmore.com\/fr\/wp-json\/wp\/v2\/product_tag?post=103701"}],"curies":[{"name":"wp","href":"https:\/\/api.w.org\/{rel}","templated":true}]}}