{"id":103696,"date":"2020-03-02T18:31:36","date_gmt":"2020-03-02T17:31:36","guid":{"rendered":"https:\/\/tourtravelandmore.com\/tours\/non%20class\u00e9\/visite-privee-du-montenegro-au-depart-de-dubrovnik\/"},"modified":"2026-02-11T16:22:02","modified_gmt":"2026-02-11T15:22:02","slug":"visite-privee-du-montenegro-au-depart-de-dubrovnik","status":"publish","type":"product","link":"https:\/\/tourtravelandmore.com\/fr\/tours\/croacia-fr-fr\/dubrovnik-fr\/visite-privee-du-montenegro-au-depart-de-dubrovnik\/","title":{"rendered":"Visite priv\u00e9e du Mont\u00e9n\u00e9gro au d\u00e9part de Dubrovnik"},"content":{"rendered":"<h2>Description<\/h2>\n<p>Si vous \u00eates \u00e0 la fronti\u00e8re croate sur la c\u00f4te sud de la Dalmatie, profitez de cette visite priv\u00e9e du Mont\u00e9n\u00e9gro au d\u00e9part de Dubrovnik. Vous ferez un voyage de la c\u00f4te croate au magnifique pays du Mont\u00e9n\u00e9gro dans un v\u00e9hicule de luxe priv\u00e9 avec chauffeur.<\/p>\n<p>Un guide officiel priv\u00e9 vous racontera l&#8217;histoire culturelle int\u00e9ressante et les secrets du Mont\u00e9n\u00e9gro dans ce voyage passionnant.<\/p>\n<p>Le Mont\u00e9n\u00e9gro est un petit pays avec une beaut\u00e9 naturelle exceptionnelle combin\u00e9e avec une histoire et une culture riches que beaucoup seraient ravis de conna\u00eetre. C&#8217;est un territoire des Balkans et la plus petite des anciennes r\u00e9publiques yougoslaves. Le nom lui-m\u00eame est Mont Nero, et il vient de ses superbes montagnes noires qui agissent comme des sentinelles.<\/p>\n<p>C&#8217;est un pays ind\u00e9pendant depuis 2006. Il a des fronti\u00e8res avec la mer Adriatique et dans le pays avec la Croatie, le Kosovo, la Bosnie-Herz\u00e9govine, la Serbie et l&#8217;Albanie.<\/p>\n<p>Tour Travel and More offre la possibilit\u00e9 de cr\u00e9er un programme personnalis\u00e9. Cependant, nous vous proposons ici un mod\u00e8le pour peindre une id\u00e9e des lieux que vous pouvez visiter en 12 heures de visite.<\/p>\n<h2>Sites d&#8217;int\u00e9r\u00eat et points de rep\u00e8re<\/h2>\n<p>Tout d&#8217;abord, vous rencontrerez votre chauffeur priv\u00e9 anglais dans votre h\u00f4tel ou lieu de votre choix \u00e0 Dubrovnik. Une fois dans la voiture, vous commencerez votre visite priv\u00e9e du Mont\u00e9n\u00e9gro au d\u00e9part de Dubrovnik.<\/p>\n<p>Pendant le voyage au Mont\u00e9n\u00e9gro, vous pourrez admirer le paysage unique qu&#8217;offre ce pays. Votre chauffeur priv\u00e9 sera \u00e0 votre enti\u00e8re disposition pendant toute la dur\u00e9e du circuit.<\/p>\n<p>Deuxi\u00e8mement, une fois \u00e0 la fronti\u00e8re avec le Mont\u00e9n\u00e9gro, vous rencontrerez votre guide officiel priv\u00e9 pour une visite guid\u00e9e de 6\/7 heures. Lors de cette visite priv\u00e9e, vous visiterez les villes suivantes:<\/p>\n<ul>\n<li>Perast: ville situ\u00e9e dans la baie de Kotor, au bord de la mer Adriatique.<\/li>\n<li>Risan: C&#8217;est la plus ancienne colonie de la Boka Kotorska.<\/li>\n<li>Kotor: l&#8217;une des villes les plus importantes du Mont\u00e9n\u00e9gro.<\/li>\n<li>Budva: ville sur les rives de la mer Adriatique, dont la c\u00f4te est c\u00e9l\u00e8bre pour ses plages de sable et sa vie nocturne.<\/li>\n<\/ul>\n<p>Troisi\u00e8mement, vous pouvez \u00e9galement visiter le mus\u00e9e maritime de Kotor et profiter d&#8217;un trajet en ferry public vers l&#8217;\u00eele Notre-Dame-des-Roches au d\u00e9part de Perast. Sur l&#8217;\u00eele, vous visiterez les sites les plus importants dont l&#8217;\u00e9glise principale de l&#8217;\u00eele.<\/p>\n<p>Bien s\u00fbr, vous aurez du temps libre pour d\u00e9guster les plats typiques du Mont\u00e9n\u00e9gro. Votre guide local peut vous recommander un bon restaurant dans la r\u00e9gion ou nous pouvons faire une r\u00e9servation pour vous.<\/p>\n<p>Enfin, votre chauffeur priv\u00e9 vous ram\u00e8nera au point de d\u00e9part \u00e0 Dubrovnik.<\/p>\n<p>Nous avons \u00e9galement d&#8217;autres options d&#8217;excursions d&#8217;une journ\u00e9e compl\u00e8te au d\u00e9part de Dubrovnik, veuillez consulter notre visite priv\u00e9e des chutes de Kravice et de Mostar.<\/p>\n","protected":false},"excerpt":{"rendered":"<p>Si vous \u00eates \u00e0 la fronti\u00e8re croate sur la c\u00f4te sud de la Dalmatie, Tour Travel and More offre une excellente chance de faire une excursion priv\u00e9e d&#8217;une journ\u00e9e compl\u00e8te de Dubrovnik au Mont\u00e9n\u00e9gro. Vous ferez un voyage de la c\u00f4te croate au petit et beau pays du Mont\u00e9n\u00e9gro dans un v\u00e9hicule de luxe priv\u00e9 avec chauffeur. Un guide officiel vous racontera l&#8217;histoire culturelle int\u00e9ressante, les secrets et les charmes du Mont\u00e9n\u00e9gro dans ce voyage passionnant plein d&#8217;aventures.<\/p>\n<p>&nbsp;<\/p>\n","protected":false},"featured_media":97286,"comment_status":"open","ping_status":"closed","template":"","meta":{"_acf_changed":false},"product_brand":[],"product_cat":[5451,5452,3782],"product_tag":[],"class_list":{"0":"post-103696","1":"product","2":"type-product","3":"status-publish","4":"has-post-thumbnail","6":"product_cat-all-private-tours-activities-fr-35","7":"product_cat-private-day-trips-fr-22","8":"product_cat-dubrovnik-fr","10":"first","11":"instock","12":"shipping-taxable","13":"purchasable","14":"product-type-simple"},"acf":[],"yoast_head":"<!-- This site is optimized with the Yoast SEO Premium plugin v25.3.1 (Yoast SEO v25.3.1) - https:\/\/yoast.com\/wordpress\/plugins\/seo\/ -->\n<title>Visite priv\u00e9e du Mont\u00e9n\u00e9gro au d\u00e9part de Dubrovnik en v\u00e9hicule de luxe<\/title>\n<meta name=\"description\" content=\"Visite priv\u00e9e pour explorer la ville anim\u00e9e du Mont\u00e9n\u00e9gro depuis Dubrovnik. Admirez ses monuments embl\u00e9matiques, ses parcs historiques et ses mus\u00e9es embl\u00e9matiques.\" \/>\n<meta name=\"robots\" content=\"index, follow, max-snippet:-1, max-image-preview:large, max-video-preview:-1\" \/>\n<link rel=\"canonical\" href=\"https:\/\/tourtravelandmore.com\/fr\/tours\/croacia-fr-fr\/dubrovnik-fr\/visite-privee-du-montenegro-au-depart-de-dubrovnik\/\" \/>\n<meta property=\"og:locale\" content=\"fr_FR\" \/>\n<meta property=\"og:type\" content=\"article\" \/>\n<meta property=\"og:title\" content=\"Visite priv\u00e9e du Mont\u00e9n\u00e9gro au d\u00e9part de Dubrovnik\" \/>\n<meta property=\"og:description\" content=\"Visite priv\u00e9e pour explorer la ville anim\u00e9e du Mont\u00e9n\u00e9gro depuis Dubrovnik. Admirez ses monuments embl\u00e9matiques, ses parcs historiques et ses mus\u00e9es embl\u00e9matiques.\" \/>\n<meta property=\"og:url\" content=\"https:\/\/tourtravelandmore.com\/fr\/tours\/croacia-fr-fr\/dubrovnik-fr\/visite-privee-du-montenegro-au-depart-de-dubrovnik\/\" \/>\n<meta property=\"og:site_name\" content=\"Tour Travel And More\" \/>\n<meta property=\"article:publisher\" content=\"https:\/\/www.facebook.com\/tourtravelandmore\/\" \/>\n<meta property=\"article:modified_time\" content=\"2026-02-11T15:22:02+00:00\" \/>\n<meta property=\"og:image\" content=\"https:\/\/tourtravelandmore.com\/wp-content\/uploads\/2020\/03\/montenegro-seashore-house.jpg\" \/>\n\t<meta property=\"og:image:width\" content=\"1280\" \/>\n\t<meta property=\"og:image:height\" content=\"853\" \/>\n\t<meta property=\"og:image:type\" content=\"image\/jpeg\" \/>\n<meta name=\"twitter:card\" content=\"summary_large_image\" \/>\n<meta name=\"twitter:site\" content=\"@TourTravel_More\" \/>\n<meta name=\"twitter:label1\" content=\"Dur\u00e9e de lecture estim\u00e9e\" \/>\n\t<meta name=\"twitter:data1\" content=\"3 minutes\" \/>\n<script type=\"application\/ld+json\" class=\"yoast-schema-graph\">{\"@context\":\"https:\/\/schema.org\",\"@graph\":[{\"@type\":\"WebPage\",\"@id\":\"https:\/\/tourtravelandmore.com\/fr\/tours\/croacia-fr-fr\/dubrovnik-fr\/visite-privee-du-montenegro-au-depart-de-dubrovnik\/\",\"url\":\"https:\/\/tourtravelandmore.com\/fr\/tours\/croacia-fr-fr\/dubrovnik-fr\/visite-privee-du-montenegro-au-depart-de-dubrovnik\/\",\"name\":\"Visite priv\u00e9e du Mont\u00e9n\u00e9gro au d\u00e9part de Dubrovnik en v\u00e9hicule de luxe\",\"isPartOf\":{\"@id\":\"https:\/\/tourtravelandmore.com\/fr\/#website\"},\"primaryImageOfPage\":{\"@id\":\"https:\/\/tourtravelandmore.com\/fr\/tours\/croacia-fr-fr\/dubrovnik-fr\/visite-privee-du-montenegro-au-depart-de-dubrovnik\/#primaryimage\"},\"image\":{\"@id\":\"https:\/\/tourtravelandmore.com\/fr\/tours\/croacia-fr-fr\/dubrovnik-fr\/visite-privee-du-montenegro-au-depart-de-dubrovnik\/#primaryimage\"},\"thumbnailUrl\":\"https:\/\/tourtravelandmore.com\/wp-content\/uploads\/2020\/03\/montenegro-seashore-house.jpg\",\"datePublished\":\"2020-03-02T17:31:36+00:00\",\"dateModified\":\"2026-02-11T15:22:02+00:00\",\"description\":\"Visite priv\u00e9e pour explorer la ville anim\u00e9e du Mont\u00e9n\u00e9gro depuis Dubrovnik. Admirez ses monuments embl\u00e9matiques, ses parcs historiques et ses mus\u00e9es embl\u00e9matiques.\",\"breadcrumb\":{\"@id\":\"https:\/\/tourtravelandmore.com\/fr\/tours\/croacia-fr-fr\/dubrovnik-fr\/visite-privee-du-montenegro-au-depart-de-dubrovnik\/#breadcrumb\"},\"inLanguage\":\"fr-FR\",\"potentialAction\":[{\"@type\":\"ReadAction\",\"target\":[\"https:\/\/tourtravelandmore.com\/fr\/tours\/croacia-fr-fr\/dubrovnik-fr\/visite-privee-du-montenegro-au-depart-de-dubrovnik\/\"]}]},{\"@type\":\"ImageObject\",\"inLanguage\":\"fr-FR\",\"@id\":\"https:\/\/tourtravelandmore.com\/fr\/tours\/croacia-fr-fr\/dubrovnik-fr\/visite-privee-du-montenegro-au-depart-de-dubrovnik\/#primaryimage\",\"url\":\"https:\/\/tourtravelandmore.com\/wp-content\/uploads\/2020\/03\/montenegro-seashore-house.jpg\",\"contentUrl\":\"https:\/\/tourtravelandmore.com\/wp-content\/uploads\/2020\/03\/montenegro-seashore-house.jpg\",\"width\":1280,\"height\":853},{\"@type\":\"BreadcrumbList\",\"@id\":\"https:\/\/tourtravelandmore.com\/fr\/tours\/croacia-fr-fr\/dubrovnik-fr\/visite-privee-du-montenegro-au-depart-de-dubrovnik\/#breadcrumb\",\"itemListElement\":[{\"@type\":\"ListItem\",\"position\":1,\"name\":\"Home\",\"item\":\"https:\/\/tourtravelandmore.com\/fr\/\"},{\"@type\":\"ListItem\",\"position\":2,\"name\":\"Tours\",\"item\":\"https:\/\/tourtravelandmore.com\/fr\/tours\/\"},{\"@type\":\"ListItem\",\"position\":3,\"name\":\"Visite priv\u00e9e du Mont\u00e9n\u00e9gro au d\u00e9part de Dubrovnik\"}]},{\"@type\":\"WebSite\",\"@id\":\"https:\/\/tourtravelandmore.com\/fr\/#website\",\"url\":\"https:\/\/tourtravelandmore.com\/fr\/\",\"name\":\"Tour Travel And More\",\"description\":\"Private sightseeing tours and luxury transfers in Spain\",\"publisher\":{\"@id\":\"https:\/\/tourtravelandmore.com\/fr\/#organization\"},\"potentialAction\":[{\"@type\":\"SearchAction\",\"target\":{\"@type\":\"EntryPoint\",\"urlTemplate\":\"https:\/\/tourtravelandmore.com\/fr\/?s={search_term_string}\"},\"query-input\":{\"@type\":\"PropertyValueSpecification\",\"valueRequired\":true,\"valueName\":\"search_term_string\"}}],\"inLanguage\":\"fr-FR\"},{\"@type\":\"Organization\",\"@id\":\"https:\/\/tourtravelandmore.com\/fr\/#organization\",\"name\":\"Tour Travel And More\",\"url\":\"https:\/\/tourtravelandmore.com\/fr\/\",\"logo\":{\"@type\":\"ImageObject\",\"inLanguage\":\"fr-FR\",\"@id\":\"https:\/\/tourtravelandmore.com\/fr\/#\/schema\/logo\/image\/\",\"url\":\"https:\/\/tourtravelandmore.com\/wp-content\/uploads\/2022\/12\/cropped-logo-cabecera-new.png\",\"contentUrl\":\"https:\/\/tourtravelandmore.com\/wp-content\/uploads\/2022\/12\/cropped-logo-cabecera-new.png\",\"width\":430,\"height\":61,\"caption\":\"Tour Travel And More\"},\"image\":{\"@id\":\"https:\/\/tourtravelandmore.com\/fr\/#\/schema\/logo\/image\/\"},\"sameAs\":[\"https:\/\/www.facebook.com\/tourtravelandmore\/\",\"https:\/\/x.com\/TourTravel_More\"]}]}<\/script>\n<!-- \/ Yoast SEO Premium plugin. -->","yoast_head_json":{"title":"Visite priv\u00e9e du Mont\u00e9n\u00e9gro au d\u00e9part de Dubrovnik en v\u00e9hicule de luxe","description":"Visite priv\u00e9e pour explorer la ville anim\u00e9e du Mont\u00e9n\u00e9gro depuis Dubrovnik. Admirez ses monuments embl\u00e9matiques, ses parcs historiques et ses mus\u00e9es embl\u00e9matiques.","robots":{"index":"index","follow":"follow","max-snippet":"max-snippet:-1","max-image-preview":"max-image-preview:large","max-video-preview":"max-video-preview:-1"},"canonical":"https:\/\/tourtravelandmore.com\/fr\/tours\/croacia-fr-fr\/dubrovnik-fr\/visite-privee-du-montenegro-au-depart-de-dubrovnik\/","og_locale":"fr_FR","og_type":"article","og_title":"Visite priv\u00e9e du Mont\u00e9n\u00e9gro au d\u00e9part de Dubrovnik","og_description":"Visite priv\u00e9e pour explorer la ville anim\u00e9e du Mont\u00e9n\u00e9gro depuis Dubrovnik. Admirez ses monuments embl\u00e9matiques, ses parcs historiques et ses mus\u00e9es embl\u00e9matiques.","og_url":"https:\/\/tourtravelandmore.com\/fr\/tours\/croacia-fr-fr\/dubrovnik-fr\/visite-privee-du-montenegro-au-depart-de-dubrovnik\/","og_site_name":"Tour Travel And More","article_publisher":"https:\/\/www.facebook.com\/tourtravelandmore\/","article_modified_time":"2026-02-11T15:22:02+00:00","og_image":[{"width":1280,"height":853,"url":"https:\/\/tourtravelandmore.com\/wp-content\/uploads\/2020\/03\/montenegro-seashore-house.jpg","type":"image\/jpeg"}],"twitter_card":"summary_large_image","twitter_site":"@TourTravel_More","twitter_misc":{"Dur\u00e9e de lecture estim\u00e9e":"3 minutes"},"schema":{"@context":"https:\/\/schema.org","@graph":[{"@type":"WebPage","@id":"https:\/\/tourtravelandmore.com\/fr\/tours\/croacia-fr-fr\/dubrovnik-fr\/visite-privee-du-montenegro-au-depart-de-dubrovnik\/","url":"https:\/\/tourtravelandmore.com\/fr\/tours\/croacia-fr-fr\/dubrovnik-fr\/visite-privee-du-montenegro-au-depart-de-dubrovnik\/","name":"Visite priv\u00e9e du Mont\u00e9n\u00e9gro au d\u00e9part de Dubrovnik en v\u00e9hicule de luxe","isPartOf":{"@id":"https:\/\/tourtravelandmore.com\/fr\/#website"},"primaryImageOfPage":{"@id":"https:\/\/tourtravelandmore.com\/fr\/tours\/croacia-fr-fr\/dubrovnik-fr\/visite-privee-du-montenegro-au-depart-de-dubrovnik\/#primaryimage"},"image":{"@id":"https:\/\/tourtravelandmore.com\/fr\/tours\/croacia-fr-fr\/dubrovnik-fr\/visite-privee-du-montenegro-au-depart-de-dubrovnik\/#primaryimage"},"thumbnailUrl":"https:\/\/tourtravelandmore.com\/wp-content\/uploads\/2020\/03\/montenegro-seashore-house.jpg","datePublished":"2020-03-02T17:31:36+00:00","dateModified":"2026-02-11T15:22:02+00:00","description":"Visite priv\u00e9e pour explorer la ville anim\u00e9e du Mont\u00e9n\u00e9gro depuis Dubrovnik. Admirez ses monuments embl\u00e9matiques, ses parcs historiques et ses mus\u00e9es embl\u00e9matiques.","breadcrumb":{"@id":"https:\/\/tourtravelandmore.com\/fr\/tours\/croacia-fr-fr\/dubrovnik-fr\/visite-privee-du-montenegro-au-depart-de-dubrovnik\/#breadcrumb"},"inLanguage":"fr-FR","potentialAction":[{"@type":"ReadAction","target":["https:\/\/tourtravelandmore.com\/fr\/tours\/croacia-fr-fr\/dubrovnik-fr\/visite-privee-du-montenegro-au-depart-de-dubrovnik\/"]}]},{"@type":"ImageObject","inLanguage":"fr-FR","@id":"https:\/\/tourtravelandmore.com\/fr\/tours\/croacia-fr-fr\/dubrovnik-fr\/visite-privee-du-montenegro-au-depart-de-dubrovnik\/#primaryimage","url":"https:\/\/tourtravelandmore.com\/wp-content\/uploads\/2020\/03\/montenegro-seashore-house.jpg","contentUrl":"https:\/\/tourtravelandmore.com\/wp-content\/uploads\/2020\/03\/montenegro-seashore-house.jpg","width":1280,"height":853},{"@type":"BreadcrumbList","@id":"https:\/\/tourtravelandmore.com\/fr\/tours\/croacia-fr-fr\/dubrovnik-fr\/visite-privee-du-montenegro-au-depart-de-dubrovnik\/#breadcrumb","itemListElement":[{"@type":"ListItem","position":1,"name":"Home","item":"https:\/\/tourtravelandmore.com\/fr\/"},{"@type":"ListItem","position":2,"name":"Tours","item":"https:\/\/tourtravelandmore.com\/fr\/tours\/"},{"@type":"ListItem","position":3,"name":"Visite priv\u00e9e du Mont\u00e9n\u00e9gro au d\u00e9part de Dubrovnik"}]},{"@type":"WebSite","@id":"https:\/\/tourtravelandmore.com\/fr\/#website","url":"https:\/\/tourtravelandmore.com\/fr\/","name":"Tour Travel And More","description":"Private sightseeing tours and luxury transfers in Spain","publisher":{"@id":"https:\/\/tourtravelandmore.com\/fr\/#organization"},"potentialAction":[{"@type":"SearchAction","target":{"@type":"EntryPoint","urlTemplate":"https:\/\/tourtravelandmore.com\/fr\/?s={search_term_string}"},"query-input":{"@type":"PropertyValueSpecification","valueRequired":true,"valueName":"search_term_string"}}],"inLanguage":"fr-FR"},{"@type":"Organization","@id":"https:\/\/tourtravelandmore.com\/fr\/#organization","name":"Tour Travel And More","url":"https:\/\/tourtravelandmore.com\/fr\/","logo":{"@type":"ImageObject","inLanguage":"fr-FR","@id":"https:\/\/tourtravelandmore.com\/fr\/#\/schema\/logo\/image\/","url":"https:\/\/tourtravelandmore.com\/wp-content\/uploads\/2022\/12\/cropped-logo-cabecera-new.png","contentUrl":"https:\/\/tourtravelandmore.com\/wp-content\/uploads\/2022\/12\/cropped-logo-cabecera-new.png","width":430,"height":61,"caption":"Tour Travel And More"},"image":{"@id":"https:\/\/tourtravelandmore.com\/fr\/#\/schema\/logo\/image\/"},"sameAs":["https:\/\/www.facebook.com\/tourtravelandmore\/","https:\/\/x.com\/TourTravel_More"]}]}},"_links":{"self":[{"href":"https:\/\/tourtravelandmore.com\/fr\/wp-json\/wp\/v2\/product\/103696","targetHints":{"allow":["GET"]}}],"collection":[{"href":"https:\/\/tourtravelandmore.com\/fr\/wp-json\/wp\/v2\/product"}],"about":[{"href":"https:\/\/tourtravelandmore.com\/fr\/wp-json\/wp\/v2\/types\/product"}],"replies":[{"embeddable":true,"href":"https:\/\/tourtravelandmore.com\/fr\/wp-json\/wp\/v2\/comments?post=103696"}],"wp:featuredmedia":[{"embeddable":true,"href":"https:\/\/tourtravelandmore.com\/fr\/wp-json\/wp\/v2\/media\/97286"}],"wp:attachment":[{"href":"https:\/\/tourtravelandmore.com\/fr\/wp-json\/wp\/v2\/media?parent=103696"}],"wp:term":[{"taxonomy":"product_brand","embeddable":true,"href":"https:\/\/tourtravelandmore.com\/fr\/wp-json\/wp\/v2\/product_brand?post=103696"},{"taxonomy":"product_cat","embeddable":true,"href":"https:\/\/tourtravelandmore.com\/fr\/wp-json\/wp\/v2\/product_cat?post=103696"},{"taxonomy":"product_tag","embeddable":true,"href":"https:\/\/tourtravelandmore.com\/fr\/wp-json\/wp\/v2\/product_tag?post=103696"}],"curies":[{"name":"wp","href":"https:\/\/api.w.org\/{rel}","templated":true}]}}