{"id":103681,"date":"2020-03-02T17:32:17","date_gmt":"2020-03-02T16:32:17","guid":{"rendered":"https:\/\/tourtravelandmore.com\/tours\/non%20class\u00e9\/visite-privee-a-pied-de-game-of-thrones\/"},"modified":"2024-12-10T17:55:08","modified_gmt":"2024-12-10T16:55:08","slug":"visite-privee-a-pied-de-game-of-thrones","status":"publish","type":"product","link":"https:\/\/tourtravelandmore.com\/fr\/tours\/croacia-fr-fr\/dubrovnik-fr\/visite-privee-a-pied-de-game-of-thrones\/","title":{"rendered":"Visite priv\u00e9e \u00e0 pied de Game of Thrones"},"content":{"rendered":"<h2>Description<\/h2>\n<p>La ville de Dubrovnik \u00e9tait le principal lieu de tournage en Croatie pour King&#8217;s Landing. Avec cette visite priv\u00e9e \u00e0 pied de Game of Thrones, vous d\u00e9couvrirez les secrets de cette incroyable s\u00e9rie.<\/p>\n<p>Tout au long de cette visite int\u00e9ressante, vous serez assist\u00e9 par un guide officiel priv\u00e9 hautement qualifi\u00e9. Vous d\u00e9couvrirez ces lieux de tournage des s\u00e9ries t\u00e9l\u00e9vis\u00e9es les plus acclam\u00e9es et vous vous souviendrez des sc\u00e8nes cl\u00e9s qui s&#8217;y sont d\u00e9roul\u00e9es.<\/p>\n<p>Vous pouvez \u00e9galement vous promener dans la vieille ville de Dubrovnik, d\u00e9clar\u00e9e par l&#8217;UNESCO comme site du patrimoine mondial. Ici, vous pouvez \u00e9galement entendre directement des populations locales quelle a \u00e9t\u00e9 leur exp\u00e9rience lors des enregistrements de la s\u00e9rie.<\/p>\n<p>La ville croate de Dubrovnik poss\u00e8de un port populaire sur la c\u00f4te de la mer Adriatique. Dubrovnik est caract\u00e9ris\u00e9e comme un centre urbain, commercial, culturel et \u00e9ducatif de la r\u00e9gion du sud de la Dalmatie<\/p>\n<p>Si vous \u00eates un fan total, la visite parfaite pour vous sera cette visite priv\u00e9e d&#8217;une journ\u00e9e compl\u00e8te de Game of Thrones, jetez un coup d&#8217;\u0153il !.<\/p>\n<h2>Sites d&#8217;int\u00e9r\u00eat et points de rep\u00e8re<\/h2>\n<p>Une fois que vous avez rencontr\u00e9 votre guide priv\u00e9 au point de rendez-vous, \u00e0 la porte Pile ou \u00e0 l&#8217;h\u00f4tel situ\u00e9 au centre, vous commencerez cette visite passionnante.<\/p>\n<p>Au cours de la visite, vous pourrez identifier la ville antique de Dubrovnik et ses murs qui apparaissent dans Game of Thrones, ainsi que plusieurs de ses attractions historiques.<\/p>\n<p>En vous promenant dans cette ville et ses environs, vous pourrez profiter d&#8217;une vue panoramique sur King&#8217;s Landing. Vous pouvez \u00e9galement rencontrer le donjon rouge et le fort rouge, la r\u00e9sidence du roi des Andals et des premiers hommes. D\u00e9couvrez o\u00f9 s&#8217;est d\u00e9roul\u00e9e la bataille de Blackwater et admirez la vue sur la ville magique de Qarth.<\/p>\n<p>Au cours de cette visite priv\u00e9e \u00e0 pied de Game of Thrones, vous pouvez non seulement voir et reconna\u00eetre les sc\u00e8nes de tournage, mais \u00e9galement conna\u00eetre la v\u00e9ritable histoire de ces lieux. Cette visite est un excellent moyen d&#8217;en apprendre davantage sur Dubrovnik d&#8217;une mani\u00e8re simple et unique. Vous explorerez des faits sur le pass\u00e9 et le pr\u00e9sent du lieu, combin\u00e9s avec des histoires de l&#8217;univers Game of Thrones.<\/p>\n<p>La visite a une dur\u00e9e totale de 3 heures, mais vous avez \u00e9galement la possibilit\u00e9 d&#8217;inclure plus d&#8217;heures au cas o\u00f9 vous voudriez visiter plus d&#8217;endroits.<\/p>\n<p>Nous connaissons bien les besoins de nos clients. Pour cette raison, dans Tour Travel and More, nous avons con\u00e7u de nombreux programmes et diff\u00e9rents circuits \u00e0 Dubrovnik. Il vous suffit de nous contacter et de nous informer de vos pr\u00e9f\u00e9rences et souhaits, nous ferons alors le reste !.<\/p>\n<div class=\"star-list\"><\/div>\n","protected":false},"excerpt":{"rendered":"<p>Au cours de cette courte visite priv\u00e9e \u00e0 pied bas\u00e9e sur Games of Thrones, vous pouvez non seulement voir et reconna\u00eetre les sc\u00e8nes de tournage, mais \u00e9galement conna\u00eetre la v\u00e9ritable histoire de ces lieux. Cette visite est un excellent moyen d&#8217;en apprendre davantage sur Dubrovnik d&#8217;une mani\u00e8re simple et unique, en explorant des faits sur le pass\u00e9 et le pr\u00e9sent du lieu, combin\u00e9s avec des histoires de l&#8217;univers Game of Thrones. Votre guide officiel sera \u00e0 votre enti\u00e8re disposition pour vous.<\/p>\n<p>&nbsp;<\/p>\n","protected":false},"featured_media":97280,"comment_status":"open","ping_status":"closed","template":"","meta":{"_acf_changed":false},"product_brand":[],"product_cat":[5451,5450,3782],"product_tag":[],"class_list":{"0":"post-103681","1":"product","2":"type-product","3":"status-publish","4":"has-post-thumbnail","6":"product_cat-all-private-tours-activities-fr-35","7":"product_cat-private-walking-tours-fr-22","8":"product_cat-dubrovnik-fr","10":"first","11":"instock","12":"shipping-taxable","13":"purchasable","14":"product-type-simple"},"acf":[],"yoast_head":"<!-- This site is optimized with the Yoast SEO Premium plugin v25.3.1 (Yoast SEO v25.3.1) - https:\/\/yoast.com\/wordpress\/plugins\/seo\/ -->\n<title>Visite priv\u00e9e \u00e0 pied de Game of Thrones avec guide officiel<\/title>\n<meta name=\"description\" content=\"Profitez de cette visite priv\u00e9e \u00e0 pied de Game of Thrones avec votre guide local qui vous montrera tous les secrets de cette s\u00e9rie unique et c\u00e9l\u00e8bre.\" \/>\n<meta name=\"robots\" content=\"index, follow, max-snippet:-1, max-image-preview:large, max-video-preview:-1\" \/>\n<link rel=\"canonical\" href=\"https:\/\/tourtravelandmore.com\/fr\/tours\/croacia-fr-fr\/dubrovnik-fr\/visite-privee-a-pied-de-game-of-thrones\/\" \/>\n<meta property=\"og:locale\" content=\"fr_FR\" \/>\n<meta property=\"og:type\" content=\"article\" \/>\n<meta property=\"og:title\" content=\"Visite priv\u00e9e \u00e0 pied de Game of Thrones\" \/>\n<meta property=\"og:description\" content=\"Profitez de cette visite priv\u00e9e \u00e0 pied de Game of Thrones avec votre guide local qui vous montrera tous les secrets de cette s\u00e9rie unique et c\u00e9l\u00e8bre.\" \/>\n<meta property=\"og:url\" content=\"https:\/\/tourtravelandmore.com\/fr\/tours\/croacia-fr-fr\/dubrovnik-fr\/visite-privee-a-pied-de-game-of-thrones\/\" \/>\n<meta property=\"og:site_name\" content=\"Tour Travel And More\" \/>\n<meta property=\"article:publisher\" content=\"https:\/\/www.facebook.com\/tourtravelandmore\/\" \/>\n<meta property=\"article:modified_time\" content=\"2024-12-10T16:55:08+00:00\" \/>\n<meta property=\"og:image\" content=\"https:\/\/tourtravelandmore.com\/wp-content\/uploads\/2020\/03\/34070287681_0cb9ae39a3_b.jpg\" \/>\n\t<meta property=\"og:image:width\" content=\"1024\" \/>\n\t<meta property=\"og:image:height\" content=\"576\" \/>\n\t<meta property=\"og:image:type\" content=\"image\/jpeg\" \/>\n<meta name=\"twitter:card\" content=\"summary_large_image\" \/>\n<meta name=\"twitter:site\" content=\"@TourTravel_More\" \/>\n<meta name=\"twitter:label1\" content=\"Dur\u00e9e de lecture estim\u00e9e\" \/>\n\t<meta name=\"twitter:data1\" content=\"2 minutes\" \/>\n<script type=\"application\/ld+json\" class=\"yoast-schema-graph\">{\"@context\":\"https:\/\/schema.org\",\"@graph\":[{\"@type\":\"WebPage\",\"@id\":\"https:\/\/tourtravelandmore.com\/fr\/tours\/croacia-fr-fr\/dubrovnik-fr\/visite-privee-a-pied-de-game-of-thrones\/\",\"url\":\"https:\/\/tourtravelandmore.com\/fr\/tours\/croacia-fr-fr\/dubrovnik-fr\/visite-privee-a-pied-de-game-of-thrones\/\",\"name\":\"Visite priv\u00e9e \u00e0 pied de Game of Thrones avec guide officiel\",\"isPartOf\":{\"@id\":\"https:\/\/tourtravelandmore.com\/fr\/#website\"},\"primaryImageOfPage\":{\"@id\":\"https:\/\/tourtravelandmore.com\/fr\/tours\/croacia-fr-fr\/dubrovnik-fr\/visite-privee-a-pied-de-game-of-thrones\/#primaryimage\"},\"image\":{\"@id\":\"https:\/\/tourtravelandmore.com\/fr\/tours\/croacia-fr-fr\/dubrovnik-fr\/visite-privee-a-pied-de-game-of-thrones\/#primaryimage\"},\"thumbnailUrl\":\"https:\/\/tourtravelandmore.com\/wp-content\/uploads\/2020\/03\/34070287681_0cb9ae39a3_b.jpg\",\"datePublished\":\"2020-03-02T16:32:17+00:00\",\"dateModified\":\"2024-12-10T16:55:08+00:00\",\"description\":\"Profitez de cette visite priv\u00e9e \u00e0 pied de Game of Thrones avec votre guide local qui vous montrera tous les secrets de cette s\u00e9rie unique et c\u00e9l\u00e8bre.\",\"breadcrumb\":{\"@id\":\"https:\/\/tourtravelandmore.com\/fr\/tours\/croacia-fr-fr\/dubrovnik-fr\/visite-privee-a-pied-de-game-of-thrones\/#breadcrumb\"},\"inLanguage\":\"fr-FR\",\"potentialAction\":[{\"@type\":\"ReadAction\",\"target\":[\"https:\/\/tourtravelandmore.com\/fr\/tours\/croacia-fr-fr\/dubrovnik-fr\/visite-privee-a-pied-de-game-of-thrones\/\"]}]},{\"@type\":\"ImageObject\",\"inLanguage\":\"fr-FR\",\"@id\":\"https:\/\/tourtravelandmore.com\/fr\/tours\/croacia-fr-fr\/dubrovnik-fr\/visite-privee-a-pied-de-game-of-thrones\/#primaryimage\",\"url\":\"https:\/\/tourtravelandmore.com\/wp-content\/uploads\/2020\/03\/34070287681_0cb9ae39a3_b.jpg\",\"contentUrl\":\"https:\/\/tourtravelandmore.com\/wp-content\/uploads\/2020\/03\/34070287681_0cb9ae39a3_b.jpg\",\"width\":1024,\"height\":576},{\"@type\":\"BreadcrumbList\",\"@id\":\"https:\/\/tourtravelandmore.com\/fr\/tours\/croacia-fr-fr\/dubrovnik-fr\/visite-privee-a-pied-de-game-of-thrones\/#breadcrumb\",\"itemListElement\":[{\"@type\":\"ListItem\",\"position\":1,\"name\":\"Home\",\"item\":\"https:\/\/tourtravelandmore.com\/fr\/\"},{\"@type\":\"ListItem\",\"position\":2,\"name\":\"Tours\",\"item\":\"https:\/\/tourtravelandmore.com\/fr\/tours\/\"},{\"@type\":\"ListItem\",\"position\":3,\"name\":\"Visite priv\u00e9e \u00e0 pied de Game of Thrones\"}]},{\"@type\":\"WebSite\",\"@id\":\"https:\/\/tourtravelandmore.com\/fr\/#website\",\"url\":\"https:\/\/tourtravelandmore.com\/fr\/\",\"name\":\"Tour Travel And More\",\"description\":\"Private sightseeing tours and luxury transfers in Spain\",\"publisher\":{\"@id\":\"https:\/\/tourtravelandmore.com\/fr\/#organization\"},\"potentialAction\":[{\"@type\":\"SearchAction\",\"target\":{\"@type\":\"EntryPoint\",\"urlTemplate\":\"https:\/\/tourtravelandmore.com\/fr\/?s={search_term_string}\"},\"query-input\":{\"@type\":\"PropertyValueSpecification\",\"valueRequired\":true,\"valueName\":\"search_term_string\"}}],\"inLanguage\":\"fr-FR\"},{\"@type\":\"Organization\",\"@id\":\"https:\/\/tourtravelandmore.com\/fr\/#organization\",\"name\":\"Tour Travel And More\",\"url\":\"https:\/\/tourtravelandmore.com\/fr\/\",\"logo\":{\"@type\":\"ImageObject\",\"inLanguage\":\"fr-FR\",\"@id\":\"https:\/\/tourtravelandmore.com\/fr\/#\/schema\/logo\/image\/\",\"url\":\"https:\/\/tourtravelandmore.com\/wp-content\/uploads\/2022\/12\/cropped-logo-cabecera-new.png\",\"contentUrl\":\"https:\/\/tourtravelandmore.com\/wp-content\/uploads\/2022\/12\/cropped-logo-cabecera-new.png\",\"width\":430,\"height\":61,\"caption\":\"Tour Travel And More\"},\"image\":{\"@id\":\"https:\/\/tourtravelandmore.com\/fr\/#\/schema\/logo\/image\/\"},\"sameAs\":[\"https:\/\/www.facebook.com\/tourtravelandmore\/\",\"https:\/\/x.com\/TourTravel_More\"]}]}<\/script>\n<!-- \/ Yoast SEO Premium plugin. -->","yoast_head_json":{"title":"Visite priv\u00e9e \u00e0 pied de Game of Thrones avec guide officiel","description":"Profitez de cette visite priv\u00e9e \u00e0 pied de Game of Thrones avec votre guide local qui vous montrera tous les secrets de cette s\u00e9rie unique et c\u00e9l\u00e8bre.","robots":{"index":"index","follow":"follow","max-snippet":"max-snippet:-1","max-image-preview":"max-image-preview:large","max-video-preview":"max-video-preview:-1"},"canonical":"https:\/\/tourtravelandmore.com\/fr\/tours\/croacia-fr-fr\/dubrovnik-fr\/visite-privee-a-pied-de-game-of-thrones\/","og_locale":"fr_FR","og_type":"article","og_title":"Visite priv\u00e9e \u00e0 pied de Game of Thrones","og_description":"Profitez de cette visite priv\u00e9e \u00e0 pied de Game of Thrones avec votre guide local qui vous montrera tous les secrets de cette s\u00e9rie unique et c\u00e9l\u00e8bre.","og_url":"https:\/\/tourtravelandmore.com\/fr\/tours\/croacia-fr-fr\/dubrovnik-fr\/visite-privee-a-pied-de-game-of-thrones\/","og_site_name":"Tour Travel And More","article_publisher":"https:\/\/www.facebook.com\/tourtravelandmore\/","article_modified_time":"2024-12-10T16:55:08+00:00","og_image":[{"width":1024,"height":576,"url":"https:\/\/tourtravelandmore.com\/wp-content\/uploads\/2020\/03\/34070287681_0cb9ae39a3_b.jpg","type":"image\/jpeg"}],"twitter_card":"summary_large_image","twitter_site":"@TourTravel_More","twitter_misc":{"Dur\u00e9e de lecture estim\u00e9e":"2 minutes"},"schema":{"@context":"https:\/\/schema.org","@graph":[{"@type":"WebPage","@id":"https:\/\/tourtravelandmore.com\/fr\/tours\/croacia-fr-fr\/dubrovnik-fr\/visite-privee-a-pied-de-game-of-thrones\/","url":"https:\/\/tourtravelandmore.com\/fr\/tours\/croacia-fr-fr\/dubrovnik-fr\/visite-privee-a-pied-de-game-of-thrones\/","name":"Visite priv\u00e9e \u00e0 pied de Game of Thrones avec guide officiel","isPartOf":{"@id":"https:\/\/tourtravelandmore.com\/fr\/#website"},"primaryImageOfPage":{"@id":"https:\/\/tourtravelandmore.com\/fr\/tours\/croacia-fr-fr\/dubrovnik-fr\/visite-privee-a-pied-de-game-of-thrones\/#primaryimage"},"image":{"@id":"https:\/\/tourtravelandmore.com\/fr\/tours\/croacia-fr-fr\/dubrovnik-fr\/visite-privee-a-pied-de-game-of-thrones\/#primaryimage"},"thumbnailUrl":"https:\/\/tourtravelandmore.com\/wp-content\/uploads\/2020\/03\/34070287681_0cb9ae39a3_b.jpg","datePublished":"2020-03-02T16:32:17+00:00","dateModified":"2024-12-10T16:55:08+00:00","description":"Profitez de cette visite priv\u00e9e \u00e0 pied de Game of Thrones avec votre guide local qui vous montrera tous les secrets de cette s\u00e9rie unique et c\u00e9l\u00e8bre.","breadcrumb":{"@id":"https:\/\/tourtravelandmore.com\/fr\/tours\/croacia-fr-fr\/dubrovnik-fr\/visite-privee-a-pied-de-game-of-thrones\/#breadcrumb"},"inLanguage":"fr-FR","potentialAction":[{"@type":"ReadAction","target":["https:\/\/tourtravelandmore.com\/fr\/tours\/croacia-fr-fr\/dubrovnik-fr\/visite-privee-a-pied-de-game-of-thrones\/"]}]},{"@type":"ImageObject","inLanguage":"fr-FR","@id":"https:\/\/tourtravelandmore.com\/fr\/tours\/croacia-fr-fr\/dubrovnik-fr\/visite-privee-a-pied-de-game-of-thrones\/#primaryimage","url":"https:\/\/tourtravelandmore.com\/wp-content\/uploads\/2020\/03\/34070287681_0cb9ae39a3_b.jpg","contentUrl":"https:\/\/tourtravelandmore.com\/wp-content\/uploads\/2020\/03\/34070287681_0cb9ae39a3_b.jpg","width":1024,"height":576},{"@type":"BreadcrumbList","@id":"https:\/\/tourtravelandmore.com\/fr\/tours\/croacia-fr-fr\/dubrovnik-fr\/visite-privee-a-pied-de-game-of-thrones\/#breadcrumb","itemListElement":[{"@type":"ListItem","position":1,"name":"Home","item":"https:\/\/tourtravelandmore.com\/fr\/"},{"@type":"ListItem","position":2,"name":"Tours","item":"https:\/\/tourtravelandmore.com\/fr\/tours\/"},{"@type":"ListItem","position":3,"name":"Visite priv\u00e9e \u00e0 pied de Game of Thrones"}]},{"@type":"WebSite","@id":"https:\/\/tourtravelandmore.com\/fr\/#website","url":"https:\/\/tourtravelandmore.com\/fr\/","name":"Tour Travel And More","description":"Private sightseeing tours and luxury transfers in Spain","publisher":{"@id":"https:\/\/tourtravelandmore.com\/fr\/#organization"},"potentialAction":[{"@type":"SearchAction","target":{"@type":"EntryPoint","urlTemplate":"https:\/\/tourtravelandmore.com\/fr\/?s={search_term_string}"},"query-input":{"@type":"PropertyValueSpecification","valueRequired":true,"valueName":"search_term_string"}}],"inLanguage":"fr-FR"},{"@type":"Organization","@id":"https:\/\/tourtravelandmore.com\/fr\/#organization","name":"Tour Travel And More","url":"https:\/\/tourtravelandmore.com\/fr\/","logo":{"@type":"ImageObject","inLanguage":"fr-FR","@id":"https:\/\/tourtravelandmore.com\/fr\/#\/schema\/logo\/image\/","url":"https:\/\/tourtravelandmore.com\/wp-content\/uploads\/2022\/12\/cropped-logo-cabecera-new.png","contentUrl":"https:\/\/tourtravelandmore.com\/wp-content\/uploads\/2022\/12\/cropped-logo-cabecera-new.png","width":430,"height":61,"caption":"Tour Travel And More"},"image":{"@id":"https:\/\/tourtravelandmore.com\/fr\/#\/schema\/logo\/image\/"},"sameAs":["https:\/\/www.facebook.com\/tourtravelandmore\/","https:\/\/x.com\/TourTravel_More"]}]}},"_links":{"self":[{"href":"https:\/\/tourtravelandmore.com\/fr\/wp-json\/wp\/v2\/product\/103681","targetHints":{"allow":["GET"]}}],"collection":[{"href":"https:\/\/tourtravelandmore.com\/fr\/wp-json\/wp\/v2\/product"}],"about":[{"href":"https:\/\/tourtravelandmore.com\/fr\/wp-json\/wp\/v2\/types\/product"}],"replies":[{"embeddable":true,"href":"https:\/\/tourtravelandmore.com\/fr\/wp-json\/wp\/v2\/comments?post=103681"}],"wp:featuredmedia":[{"embeddable":true,"href":"https:\/\/tourtravelandmore.com\/fr\/wp-json\/wp\/v2\/media\/97280"}],"wp:attachment":[{"href":"https:\/\/tourtravelandmore.com\/fr\/wp-json\/wp\/v2\/media?parent=103681"}],"wp:term":[{"taxonomy":"product_brand","embeddable":true,"href":"https:\/\/tourtravelandmore.com\/fr\/wp-json\/wp\/v2\/product_brand?post=103681"},{"taxonomy":"product_cat","embeddable":true,"href":"https:\/\/tourtravelandmore.com\/fr\/wp-json\/wp\/v2\/product_cat?post=103681"},{"taxonomy":"product_tag","embeddable":true,"href":"https:\/\/tourtravelandmore.com\/fr\/wp-json\/wp\/v2\/product_tag?post=103681"}],"curies":[{"name":"wp","href":"https:\/\/api.w.org\/{rel}","templated":true}]}}