{"id":103676,"date":"2020-03-02T16:38:34","date_gmt":"2020-03-02T15:38:34","guid":{"rendered":"https:\/\/tourtravelandmore.com\/tours\/non%20class\u00e9\/visite-privee-a-pied-de-la-vieille-ville-de-dubrovnik\/"},"modified":"2025-05-06T20:57:11","modified_gmt":"2025-05-06T18:57:11","slug":"visite-privee-a-pied-de-la-vieille-ville-de-dubrovnik","status":"publish","type":"product","link":"https:\/\/tourtravelandmore.com\/fr\/tours\/croacia-fr-fr\/dubrovnik-fr\/visite-privee-a-pied-de-la-vieille-ville-de-dubrovnik\/","title":{"rendered":"Visite priv\u00e9e \u00e0 pied de la vieille ville de Dubrovnik"},"content":{"rendered":"<h2>Description<\/h2>\n<p>Avec Tour Travel and More, vous ne devriez certainement pas manquer cette visite priv\u00e9e \u00e0 pied de la vieille ville de Dubrovnik en seulement 2 heures. C&#8217;est un choix parfait pour en savoir plus sur la vieille ville de Dubrovnik si vous n&#8217;avez pas trop de temps disponible.<\/p>\n<p>La ville de Dubrovnik est situ\u00e9e \u00e0 l&#8217;extr\u00e9mit\u00e9 sud de la R\u00e9publique de Croatie. Cette belle ville est entour\u00e9e par les fronti\u00e8res de toutes les c\u00f4tes, le Mont\u00e9n\u00e9gro, la Bosnie-Herz\u00e9govine et l&#8217;Italie. Au Moyen \u00c2ge, Dubrovnik \u00e9tait connue sous le nom de Citadelle Adriatique, mais est aujourd&#8217;hui connue comme la Perle de l&#8217;Adriatique.<\/p>\n<p>Notre guide officiel priv\u00e9 vous emm\u00e8nera \u00e0 travers les rues de marbre perdues parmi les labyrinthes, ayant \u00e9galement la chance de voir les beaux palais. Le guide sera \u00e0 votre enti\u00e8re disposition pendant toute la dur\u00e9e de la visite.<\/p>\n<p>Cette visite priv\u00e9e \u00e0 pied de la vieille ville de Dubrovnik est totalement priv\u00e9e et personnalis\u00e9e. Si vous pr\u00e9f\u00e9rez, nous pouvons inclure plus d&#8217;heures pour la visite. Si votre h\u00f4tel n&#8217;est pas situ\u00e9 au centre, nous pouvons \u00e9galement organiser un transfert priv\u00e9 avec chauffeur pour votre. Il vous suffit de nous contacter !.<\/p>\n<p>Nous avons de nombreuses options de visites priv\u00e9es \u00e0 l&#8217;int\u00e9rieur et \u00e0 partir de Dubrovnik, jetez un coup d&#8217;\u0153il !.<\/p>\n<h2>Sites d&#8217;int\u00e9r\u00eat et points de rep\u00e8re<\/h2>\n<p>Dans la vieille ville de Dubrovnik, vous pourrez visiter diff\u00e9rents palais et r\u00e9sidences de la classe moyenne, ainsi que des monast\u00e8res et des temples. Avec les contes fantastiques de votre guide, vous vous sentirez transport\u00e9 au Moyen \u00c2ge. Vous pourriez m\u00eame escalader les murs et admirer une belle vue sur la mer et la ville.<\/p>\n<p>La rencontre avec notre guide officiel priv\u00e9 aura lieu \u00e0 Pile Gate, l&#8217;entr\u00e9e qui relie Stari Grad (vieille ville). Si votre h\u00f4tel est situ\u00e9 au centre, nous pouvons \u00e9galement organiser la prise en charge \u00e0 partir de l\u00e0.<\/p>\n<p>L&#8217;aventure commence par une visite de ce qui serait l&#8217;un des syst\u00e8mes de protection antiques les plus robustes: le pont-levis. Le chemin \u00e0 travers ce pont vous m\u00e8nera rapidement dans les rues et les murs populaires.<\/p>\n<p>La visite \u00e0 pied se poursuit \u00e0 travers les ruelles pour d\u00e9couvrir les traditions locales et la riche histoire de ce joyau de l&#8217;Adriatique. La premi\u00e8re rue est l&#8217;une des plus c\u00e9l\u00e8bres et des plus belles de la vieille ville de Dubrovnik: Stradun. C&#8217;est un chemin pi\u00e9tonnier pav\u00e9 et tr\u00e8s touristique, qui s&#8217;\u00e9tend sur 300 m\u00e8tres et regorge de caf\u00e9s et de restaurants.<\/p>\n<p>\u00c0 une extr\u00e9mit\u00e9 de la rue Stradun, vous pouvez appr\u00e9cier la magnifique place Lu\u017ea et la colonne d&#8217;Orlando (le chevalier m\u00e9di\u00e9val). C&#8217;est un endroit id\u00e9al pour une collation tout en profitant de l&#8217;ambiance joyeuse.<\/p>\n<p>Sur la place Lu\u017ea, vous pouvez \u00e9galement trouver le magnifique palais Sponza, qui servait de service des douanes de Divona. Aujourd&#8217;hui, il reste l&#8217;une des structures les plus repr\u00e9sentatives de la Renaissance gothique.<\/p>\n<p>Apr\u00e8s la visite \u00e0 pied de la vieille ville, vous rencontrerez plus tard la tour de l&#8217;horloge. C&#8217;est une grande tour avec une cloche datant du milieu du XVe si\u00e8cle.<\/p>\n<p>Un autre monument important connu lors de cette visite priv\u00e9e de 2 heures est le palais du recteur. Une grande structure construite \u00e0 la fin du XVe si\u00e8cle avec un design gothique-Renaissance.<\/p>\n<p>Enfin, juste \u00e0 c\u00f4t\u00e9 du palais du recteur, vous verrez la cath\u00e9drale de l&#8217;Assomption, une basilique construite au VIIe si\u00e8cle. La visite priv\u00e9e se terminera dans un lieu central de la vieille ville.<\/p>\n<div class=\"star-list\"><\/div>\n","protected":false},"excerpt":{"rendered":"<p>Avec Tour Travel and More, vous ne devriez certainement pas manquer cette visite priv\u00e9e \u00e0 pied de la ville de Dubrovnik en seulement 2 heures. C&#8217;est un choix parfait pour en savoir plus sur la vieille ville de Dubrovnik si vous n&#8217;avez pas trop de temps disponible. Pour utiliser au mieux votre temps, vous serez assist\u00e9 par un guide officiel qui vous accompagnera pour une promenade avec une vue imprenable et vous racontera des histoires sur l&#8217;histoire int\u00e9ressante de cette belle ville croate.<\/p>\n","protected":false},"featured_media":97275,"comment_status":"open","ping_status":"closed","template":"","meta":{"_acf_changed":false},"product_brand":[],"product_cat":[5451,5450,3782],"product_tag":[],"class_list":{"0":"post-103676","1":"product","2":"type-product","3":"status-publish","4":"has-post-thumbnail","6":"product_cat-all-private-tours-activities-fr-35","7":"product_cat-private-walking-tours-fr-22","8":"product_cat-dubrovnik-fr","10":"first","11":"instock","12":"shipping-taxable","13":"purchasable","14":"product-type-simple"},"acf":[],"yoast_head":"<!-- This site is optimized with the Yoast SEO Premium plugin v25.3.1 (Yoast SEO v25.3.1) - https:\/\/yoast.com\/wordpress\/plugins\/seo\/ -->\n<title>Visite priv\u00e9e \u00e0 pied de la vieille ville de Dubrovnik avec guide officiel<\/title>\n<meta name=\"description\" content=\"Visite priv\u00e9e pour explorer la ville anim\u00e9e de Dubrovnik. Admirez ses monuments embl\u00e9matiques, ses parcs historiques, ses mus\u00e9es embl\u00e9matiques avec votre guide officiel.\" \/>\n<meta name=\"robots\" content=\"index, follow, max-snippet:-1, max-image-preview:large, max-video-preview:-1\" \/>\n<link rel=\"canonical\" href=\"https:\/\/tourtravelandmore.com\/fr\/tours\/croacia-fr-fr\/dubrovnik-fr\/visite-privee-a-pied-de-la-vieille-ville-de-dubrovnik\/\" \/>\n<meta property=\"og:locale\" content=\"fr_FR\" \/>\n<meta property=\"og:type\" content=\"article\" \/>\n<meta property=\"og:title\" content=\"Visite priv\u00e9e \u00e0 pied de la vieille ville de Dubrovnik\" \/>\n<meta property=\"og:description\" content=\"Visite priv\u00e9e pour explorer la ville anim\u00e9e de Dubrovnik. Admirez ses monuments embl\u00e9matiques, ses parcs historiques, ses mus\u00e9es embl\u00e9matiques avec votre guide officiel.\" \/>\n<meta property=\"og:url\" content=\"https:\/\/tourtravelandmore.com\/fr\/tours\/croacia-fr-fr\/dubrovnik-fr\/visite-privee-a-pied-de-la-vieille-ville-de-dubrovnik\/\" \/>\n<meta property=\"og:site_name\" content=\"Tour Travel And More\" \/>\n<meta property=\"article:publisher\" content=\"https:\/\/www.facebook.com\/tourtravelandmore\/\" \/>\n<meta property=\"article:modified_time\" content=\"2025-05-06T18:57:11+00:00\" \/>\n<meta property=\"og:image\" content=\"https:\/\/tourtravelandmore.com\/wp-content\/uploads\/2020\/03\/dubrovnik-2772356_960_720.jpg\" \/>\n\t<meta property=\"og:image:width\" content=\"960\" \/>\n\t<meta property=\"og:image:height\" content=\"638\" \/>\n\t<meta property=\"og:image:type\" content=\"image\/jpeg\" \/>\n<meta name=\"twitter:card\" content=\"summary_large_image\" \/>\n<meta name=\"twitter:site\" content=\"@TourTravel_More\" \/>\n<meta name=\"twitter:label1\" content=\"Dur\u00e9e de lecture estim\u00e9e\" \/>\n\t<meta name=\"twitter:data1\" content=\"3 minutes\" \/>\n<script type=\"application\/ld+json\" class=\"yoast-schema-graph\">{\"@context\":\"https:\/\/schema.org\",\"@graph\":[{\"@type\":\"WebPage\",\"@id\":\"https:\/\/tourtravelandmore.com\/fr\/tours\/croacia-fr-fr\/dubrovnik-fr\/visite-privee-a-pied-de-la-vieille-ville-de-dubrovnik\/\",\"url\":\"https:\/\/tourtravelandmore.com\/fr\/tours\/croacia-fr-fr\/dubrovnik-fr\/visite-privee-a-pied-de-la-vieille-ville-de-dubrovnik\/\",\"name\":\"Visite priv\u00e9e \u00e0 pied de la vieille ville de Dubrovnik avec guide officiel\",\"isPartOf\":{\"@id\":\"https:\/\/tourtravelandmore.com\/fr\/#website\"},\"primaryImageOfPage\":{\"@id\":\"https:\/\/tourtravelandmore.com\/fr\/tours\/croacia-fr-fr\/dubrovnik-fr\/visite-privee-a-pied-de-la-vieille-ville-de-dubrovnik\/#primaryimage\"},\"image\":{\"@id\":\"https:\/\/tourtravelandmore.com\/fr\/tours\/croacia-fr-fr\/dubrovnik-fr\/visite-privee-a-pied-de-la-vieille-ville-de-dubrovnik\/#primaryimage\"},\"thumbnailUrl\":\"https:\/\/tourtravelandmore.com\/wp-content\/uploads\/2020\/03\/dubrovnik-2772356_960_720.jpg\",\"datePublished\":\"2020-03-02T15:38:34+00:00\",\"dateModified\":\"2025-05-06T18:57:11+00:00\",\"description\":\"Visite priv\u00e9e pour explorer la ville anim\u00e9e de Dubrovnik. Admirez ses monuments embl\u00e9matiques, ses parcs historiques, ses mus\u00e9es embl\u00e9matiques avec votre guide officiel.\",\"breadcrumb\":{\"@id\":\"https:\/\/tourtravelandmore.com\/fr\/tours\/croacia-fr-fr\/dubrovnik-fr\/visite-privee-a-pied-de-la-vieille-ville-de-dubrovnik\/#breadcrumb\"},\"inLanguage\":\"fr-FR\",\"potentialAction\":[{\"@type\":\"ReadAction\",\"target\":[\"https:\/\/tourtravelandmore.com\/fr\/tours\/croacia-fr-fr\/dubrovnik-fr\/visite-privee-a-pied-de-la-vieille-ville-de-dubrovnik\/\"]}]},{\"@type\":\"ImageObject\",\"inLanguage\":\"fr-FR\",\"@id\":\"https:\/\/tourtravelandmore.com\/fr\/tours\/croacia-fr-fr\/dubrovnik-fr\/visite-privee-a-pied-de-la-vieille-ville-de-dubrovnik\/#primaryimage\",\"url\":\"https:\/\/tourtravelandmore.com\/wp-content\/uploads\/2020\/03\/dubrovnik-2772356_960_720.jpg\",\"contentUrl\":\"https:\/\/tourtravelandmore.com\/wp-content\/uploads\/2020\/03\/dubrovnik-2772356_960_720.jpg\",\"width\":960,\"height\":638},{\"@type\":\"BreadcrumbList\",\"@id\":\"https:\/\/tourtravelandmore.com\/fr\/tours\/croacia-fr-fr\/dubrovnik-fr\/visite-privee-a-pied-de-la-vieille-ville-de-dubrovnik\/#breadcrumb\",\"itemListElement\":[{\"@type\":\"ListItem\",\"position\":1,\"name\":\"Home\",\"item\":\"https:\/\/tourtravelandmore.com\/fr\/\"},{\"@type\":\"ListItem\",\"position\":2,\"name\":\"Tours\",\"item\":\"https:\/\/tourtravelandmore.com\/fr\/tours\/\"},{\"@type\":\"ListItem\",\"position\":3,\"name\":\"Visite priv\u00e9e \u00e0 pied de la vieille ville de Dubrovnik\"}]},{\"@type\":\"WebSite\",\"@id\":\"https:\/\/tourtravelandmore.com\/fr\/#website\",\"url\":\"https:\/\/tourtravelandmore.com\/fr\/\",\"name\":\"Tour Travel And More\",\"description\":\"Private sightseeing tours and luxury transfers in Spain\",\"publisher\":{\"@id\":\"https:\/\/tourtravelandmore.com\/fr\/#organization\"},\"potentialAction\":[{\"@type\":\"SearchAction\",\"target\":{\"@type\":\"EntryPoint\",\"urlTemplate\":\"https:\/\/tourtravelandmore.com\/fr\/?s={search_term_string}\"},\"query-input\":{\"@type\":\"PropertyValueSpecification\",\"valueRequired\":true,\"valueName\":\"search_term_string\"}}],\"inLanguage\":\"fr-FR\"},{\"@type\":\"Organization\",\"@id\":\"https:\/\/tourtravelandmore.com\/fr\/#organization\",\"name\":\"Tour Travel And More\",\"url\":\"https:\/\/tourtravelandmore.com\/fr\/\",\"logo\":{\"@type\":\"ImageObject\",\"inLanguage\":\"fr-FR\",\"@id\":\"https:\/\/tourtravelandmore.com\/fr\/#\/schema\/logo\/image\/\",\"url\":\"https:\/\/tourtravelandmore.com\/wp-content\/uploads\/2022\/12\/cropped-logo-cabecera-new.png\",\"contentUrl\":\"https:\/\/tourtravelandmore.com\/wp-content\/uploads\/2022\/12\/cropped-logo-cabecera-new.png\",\"width\":430,\"height\":61,\"caption\":\"Tour Travel And More\"},\"image\":{\"@id\":\"https:\/\/tourtravelandmore.com\/fr\/#\/schema\/logo\/image\/\"},\"sameAs\":[\"https:\/\/www.facebook.com\/tourtravelandmore\/\",\"https:\/\/x.com\/TourTravel_More\"]}]}<\/script>\n<!-- \/ Yoast SEO Premium plugin. -->","yoast_head_json":{"title":"Visite priv\u00e9e \u00e0 pied de la vieille ville de Dubrovnik avec guide officiel","description":"Visite priv\u00e9e pour explorer la ville anim\u00e9e de Dubrovnik. Admirez ses monuments embl\u00e9matiques, ses parcs historiques, ses mus\u00e9es embl\u00e9matiques avec votre guide officiel.","robots":{"index":"index","follow":"follow","max-snippet":"max-snippet:-1","max-image-preview":"max-image-preview:large","max-video-preview":"max-video-preview:-1"},"canonical":"https:\/\/tourtravelandmore.com\/fr\/tours\/croacia-fr-fr\/dubrovnik-fr\/visite-privee-a-pied-de-la-vieille-ville-de-dubrovnik\/","og_locale":"fr_FR","og_type":"article","og_title":"Visite priv\u00e9e \u00e0 pied de la vieille ville de Dubrovnik","og_description":"Visite priv\u00e9e pour explorer la ville anim\u00e9e de Dubrovnik. Admirez ses monuments embl\u00e9matiques, ses parcs historiques, ses mus\u00e9es embl\u00e9matiques avec votre guide officiel.","og_url":"https:\/\/tourtravelandmore.com\/fr\/tours\/croacia-fr-fr\/dubrovnik-fr\/visite-privee-a-pied-de-la-vieille-ville-de-dubrovnik\/","og_site_name":"Tour Travel And More","article_publisher":"https:\/\/www.facebook.com\/tourtravelandmore\/","article_modified_time":"2025-05-06T18:57:11+00:00","og_image":[{"width":960,"height":638,"url":"https:\/\/tourtravelandmore.com\/wp-content\/uploads\/2020\/03\/dubrovnik-2772356_960_720.jpg","type":"image\/jpeg"}],"twitter_card":"summary_large_image","twitter_site":"@TourTravel_More","twitter_misc":{"Dur\u00e9e de lecture estim\u00e9e":"3 minutes"},"schema":{"@context":"https:\/\/schema.org","@graph":[{"@type":"WebPage","@id":"https:\/\/tourtravelandmore.com\/fr\/tours\/croacia-fr-fr\/dubrovnik-fr\/visite-privee-a-pied-de-la-vieille-ville-de-dubrovnik\/","url":"https:\/\/tourtravelandmore.com\/fr\/tours\/croacia-fr-fr\/dubrovnik-fr\/visite-privee-a-pied-de-la-vieille-ville-de-dubrovnik\/","name":"Visite priv\u00e9e \u00e0 pied de la vieille ville de Dubrovnik avec guide officiel","isPartOf":{"@id":"https:\/\/tourtravelandmore.com\/fr\/#website"},"primaryImageOfPage":{"@id":"https:\/\/tourtravelandmore.com\/fr\/tours\/croacia-fr-fr\/dubrovnik-fr\/visite-privee-a-pied-de-la-vieille-ville-de-dubrovnik\/#primaryimage"},"image":{"@id":"https:\/\/tourtravelandmore.com\/fr\/tours\/croacia-fr-fr\/dubrovnik-fr\/visite-privee-a-pied-de-la-vieille-ville-de-dubrovnik\/#primaryimage"},"thumbnailUrl":"https:\/\/tourtravelandmore.com\/wp-content\/uploads\/2020\/03\/dubrovnik-2772356_960_720.jpg","datePublished":"2020-03-02T15:38:34+00:00","dateModified":"2025-05-06T18:57:11+00:00","description":"Visite priv\u00e9e pour explorer la ville anim\u00e9e de Dubrovnik. Admirez ses monuments embl\u00e9matiques, ses parcs historiques, ses mus\u00e9es embl\u00e9matiques avec votre guide officiel.","breadcrumb":{"@id":"https:\/\/tourtravelandmore.com\/fr\/tours\/croacia-fr-fr\/dubrovnik-fr\/visite-privee-a-pied-de-la-vieille-ville-de-dubrovnik\/#breadcrumb"},"inLanguage":"fr-FR","potentialAction":[{"@type":"ReadAction","target":["https:\/\/tourtravelandmore.com\/fr\/tours\/croacia-fr-fr\/dubrovnik-fr\/visite-privee-a-pied-de-la-vieille-ville-de-dubrovnik\/"]}]},{"@type":"ImageObject","inLanguage":"fr-FR","@id":"https:\/\/tourtravelandmore.com\/fr\/tours\/croacia-fr-fr\/dubrovnik-fr\/visite-privee-a-pied-de-la-vieille-ville-de-dubrovnik\/#primaryimage","url":"https:\/\/tourtravelandmore.com\/wp-content\/uploads\/2020\/03\/dubrovnik-2772356_960_720.jpg","contentUrl":"https:\/\/tourtravelandmore.com\/wp-content\/uploads\/2020\/03\/dubrovnik-2772356_960_720.jpg","width":960,"height":638},{"@type":"BreadcrumbList","@id":"https:\/\/tourtravelandmore.com\/fr\/tours\/croacia-fr-fr\/dubrovnik-fr\/visite-privee-a-pied-de-la-vieille-ville-de-dubrovnik\/#breadcrumb","itemListElement":[{"@type":"ListItem","position":1,"name":"Home","item":"https:\/\/tourtravelandmore.com\/fr\/"},{"@type":"ListItem","position":2,"name":"Tours","item":"https:\/\/tourtravelandmore.com\/fr\/tours\/"},{"@type":"ListItem","position":3,"name":"Visite priv\u00e9e \u00e0 pied de la vieille ville de Dubrovnik"}]},{"@type":"WebSite","@id":"https:\/\/tourtravelandmore.com\/fr\/#website","url":"https:\/\/tourtravelandmore.com\/fr\/","name":"Tour Travel And More","description":"Private sightseeing tours and luxury transfers in Spain","publisher":{"@id":"https:\/\/tourtravelandmore.com\/fr\/#organization"},"potentialAction":[{"@type":"SearchAction","target":{"@type":"EntryPoint","urlTemplate":"https:\/\/tourtravelandmore.com\/fr\/?s={search_term_string}"},"query-input":{"@type":"PropertyValueSpecification","valueRequired":true,"valueName":"search_term_string"}}],"inLanguage":"fr-FR"},{"@type":"Organization","@id":"https:\/\/tourtravelandmore.com\/fr\/#organization","name":"Tour Travel And More","url":"https:\/\/tourtravelandmore.com\/fr\/","logo":{"@type":"ImageObject","inLanguage":"fr-FR","@id":"https:\/\/tourtravelandmore.com\/fr\/#\/schema\/logo\/image\/","url":"https:\/\/tourtravelandmore.com\/wp-content\/uploads\/2022\/12\/cropped-logo-cabecera-new.png","contentUrl":"https:\/\/tourtravelandmore.com\/wp-content\/uploads\/2022\/12\/cropped-logo-cabecera-new.png","width":430,"height":61,"caption":"Tour Travel And More"},"image":{"@id":"https:\/\/tourtravelandmore.com\/fr\/#\/schema\/logo\/image\/"},"sameAs":["https:\/\/www.facebook.com\/tourtravelandmore\/","https:\/\/x.com\/TourTravel_More"]}]}},"_links":{"self":[{"href":"https:\/\/tourtravelandmore.com\/fr\/wp-json\/wp\/v2\/product\/103676","targetHints":{"allow":["GET"]}}],"collection":[{"href":"https:\/\/tourtravelandmore.com\/fr\/wp-json\/wp\/v2\/product"}],"about":[{"href":"https:\/\/tourtravelandmore.com\/fr\/wp-json\/wp\/v2\/types\/product"}],"replies":[{"embeddable":true,"href":"https:\/\/tourtravelandmore.com\/fr\/wp-json\/wp\/v2\/comments?post=103676"}],"wp:featuredmedia":[{"embeddable":true,"href":"https:\/\/tourtravelandmore.com\/fr\/wp-json\/wp\/v2\/media\/97275"}],"wp:attachment":[{"href":"https:\/\/tourtravelandmore.com\/fr\/wp-json\/wp\/v2\/media?parent=103676"}],"wp:term":[{"taxonomy":"product_brand","embeddable":true,"href":"https:\/\/tourtravelandmore.com\/fr\/wp-json\/wp\/v2\/product_brand?post=103676"},{"taxonomy":"product_cat","embeddable":true,"href":"https:\/\/tourtravelandmore.com\/fr\/wp-json\/wp\/v2\/product_cat?post=103676"},{"taxonomy":"product_tag","embeddable":true,"href":"https:\/\/tourtravelandmore.com\/fr\/wp-json\/wp\/v2\/product_tag?post=103676"}],"curies":[{"name":"wp","href":"https:\/\/api.w.org\/{rel}","templated":true}]}}