{"id":103661,"date":"2019-02-13T12:35:38","date_gmt":"2019-02-13T11:35:38","guid":{"rendered":"https:\/\/tourtravelandmore.com\/tours\/non%20class\u00e9\/visite-privee-de-fes-et-meknes-au-depart-de-rabat\/"},"modified":"2021-03-16T10:58:54","modified_gmt":"2021-03-16T09:58:54","slug":"visite-privee-de-fes-et-meknes-au-depart-de-rabat","status":"publish","type":"product","link":"https:\/\/tourtravelandmore.com\/fr\/tours\/maroc-fr\/rabat-fr\/visite-privee-de-fes-et-meknes-au-depart-de-rabat\/","title":{"rendered":"Visite priv\u00e9e de F\u00e8s et Mekn\u00e8s au d\u00e9part de Rabat"},"content":{"rendered":"<h2>Description<\/h2>\n<p>C&#8217;est une merveilleuse exp\u00e9rience d&#8217;une journ\u00e9e pour vous! Notre visite priv\u00e9e de F\u00e8s et Mekn\u00e8s au d\u00e9part de Rabat vous offrira une exp\u00e9rience d&#8217;une journ\u00e9e incroyable pour conna\u00eetre F\u00e8s et Mekn\u00e8s.<\/p>\n<p>Profitez de cette exp\u00e9rience incroyable depuis la prise en charge \u00e0 votre h\u00f4tel ou riad en v\u00e9hicule priv\u00e9 avec chauffeur jusqu&#8217;\u00e0 l&#8217;arriv\u00e9e du premier arr\u00eat qui sera Mekn\u00e8s.<\/p>\n<p>Vous visiterez le mausol\u00e9e de Moulay Ismail, o\u00f9 repose le sultan du 18\u00e8me si\u00e8cle. Nous pouvons \u00e9galement profiter des magnifiques \u00e9curies qui abritent plus de 12 000 chevaux. Ensuite, nous continuerons vers la place anim\u00e9e El-Hedim et notre guide priv\u00e9 nous emm\u00e8nera \u00e0 travers les nombreux souks.<\/p>\n<p>Nous continuerons vers la ville de Moulay Idriss Zerhoun. Il est consid\u00e9r\u00e9 comme le lieu religieux le plus important du Maroc. On peut voir le sanctuaire o\u00f9 est enterr\u00e9 Moulay Idriss Ier. Nous nous arr\u00eaterons pour le d\u00e9jeuner et nous continuerons vers F\u00e8s.<\/p>\n<p>Profitez de cette exp\u00e9rience unique o\u00f9 vous pouvez combiner l&#8217;exploration de la ville \u00e0 la fois en v\u00e9hicule priv\u00e9 et \u00e0 pied dans les rues de la m\u00e9dina.<\/p>\n<p>Vous d\u00e9couvrirez l&#8217;histoire et la culture de l&#8217;une des quatre villes imp\u00e9riales en commen\u00e7ant par la visite de l&#8217;incroyable Borj sud construit par le sultan Ahmed al-Mansu.<\/p>\n<p>D\u00e9couvrez les nombreuses mosqu\u00e9es et les diff\u00e9rents souks. Profitez des nombreux march\u00e9s culinaires et des rues pleines de boutiques de produits diff\u00e9rents. Parmi eux des m\u00e9tiers d&#8217;art que vous pourrez observer en profondeur au Mus\u00e9e Nejjarine des Arts et M\u00e9tiers du Bois.<\/p>\n<p>L&#8217;un des arr\u00eats obligatoires de cette excursion d&#8217;une journ\u00e9e \u00e0 F\u00e8s est de s&#8217;arr\u00eater dans les incroyables jardins de Jnan Sbil. Ce sont autrefois les jardins de Bou Jeloud. Ils sont situ\u00e9s en plein milieu des deux m\u00e9dinas, l&#8217;un des quartiers les plus verts de la ville.<\/p>\n<p>Vous pouvez profiter des madrasas l\u00e9gendaires et des caravasares cach\u00e9s. Nous terminerons cette visite par le retour en v\u00e9hicule priv\u00e9 \u00e0 votre h\u00f4tel ou riad. Profitez de la flexibilit\u00e9 de cette visite o\u00f9 nous pouvons nous concentrer sur les lieux qui vous int\u00e9ressent le plus.<\/p>\n<h2>Sites d&#8217;int\u00e9r\u00eat et monuments<\/h2>\n<p>La visite priv\u00e9e de F\u00e8s et Mekn\u00e8s au d\u00e9part de Rabat d\u00e9butera par la prise en charge \u00e0 votre h\u00f4tel ou Riad dans votre v\u00e9hicule priv\u00e9 avec chauffeur pour atteindre le premier arr\u00eat qui sera Mekn\u00e8s.<\/p>\n<p>Votre guide vous emm\u00e8nera \u00e0 travers les points les plus embl\u00e9matiques de cette ville o\u00f9 vous d\u00e9couvrirez des ann\u00e9es de patrimoine culturel marocain et terminerez la visite par l&#8217;impressionnante ville de F\u00e8s.<\/p>\n<p>Entre autres monuments et sites touristiques, vous pouvez apprendre \u00e0 conna\u00eetre:<\/p>\n<ul>\n<li>Medersa Bou Inania<\/li>\n<li>Dar Batha<\/li>\n<li>Universit\u00e9 d&#8217;al-Karaouine<\/li>\n<li>Place el-Hedim<\/li>\n<li>Mellah<\/li>\n<li>Beaucoup plus!<\/li>\n<\/ul>\n<p>Enfin, nous vous d\u00e9poserons \u00e0 l&#8217;endroit de votre choix \u00e0 Rabat apr\u00e8s la visite.<\/p>\n<p>D\u00e9couvrez ici les autres visites priv\u00e9es \u00e0 Rabat que nous proposons.<\/p>\n","protected":false},"excerpt":{"rendered":"<p>Partez pour cette excursion priv\u00e9e d&#8217;une journ\u00e9e compl\u00e8te pour voir les belles villes de F\u00e8s et de Mekn\u00e8s dans le confort d&#8217;un v\u00e9hicule de luxe priv\u00e9 avec chauffeur. De plus, vous aurez un guide officiel local qui vous fera d\u00e9couvrir les rues magnifiques, les monuments et les lieux les plus importants et les plus remarquables de chaque ville.<\/p>\n","protected":false},"featured_media":95592,"comment_status":"open","ping_status":"closed","template":"","meta":{"_acf_changed":false},"product_brand":[],"product_cat":[3726,3814],"product_tag":[],"class_list":{"0":"post-103661","1":"product","2":"type-product","3":"status-publish","4":"has-post-thumbnail","6":"product_cat-maroc-fr","7":"product_cat-rabat-fr","9":"first","10":"instock","11":"shipping-taxable","12":"purchasable","13":"product-type-simple"},"acf":[],"yoast_head":"<!-- This site is optimized with the Yoast SEO Premium plugin v25.3.1 (Yoast SEO v25.3.1) - https:\/\/yoast.com\/wordpress\/plugins\/seo\/ -->\n<title>Visite priv\u00e9e de F\u00e8s et Mekn\u00e8s au d\u00e9part de Rabat avec guide officiel<\/title>\n<meta name=\"description\" content=\"Profitez de cette visite priv\u00e9e de F\u00e8s et Mekn\u00e8s au d\u00e9part de Rabat avec un guide local et exp\u00e9riment\u00e9. Entr\u00e9es aux principaux sites de la m\u00e9dina incluses.\" \/>\n<meta name=\"robots\" content=\"index, follow, max-snippet:-1, max-image-preview:large, max-video-preview:-1\" \/>\n<link rel=\"canonical\" href=\"https:\/\/tourtravelandmore.com\/fr\/tours\/maroc-fr\/rabat-fr\/visite-privee-de-fes-et-meknes-au-depart-de-rabat\/\" \/>\n<meta property=\"og:locale\" content=\"fr_FR\" \/>\n<meta property=\"og:type\" content=\"article\" \/>\n<meta property=\"og:title\" content=\"Visite priv\u00e9e de F\u00e8s et Mekn\u00e8s au d\u00e9part de Rabat\" \/>\n<meta property=\"og:description\" content=\"Profitez de cette visite priv\u00e9e de F\u00e8s et Mekn\u00e8s au d\u00e9part de Rabat avec un guide local et exp\u00e9riment\u00e9. Entr\u00e9es aux principaux sites de la m\u00e9dina incluses.\" \/>\n<meta property=\"og:url\" content=\"https:\/\/tourtravelandmore.com\/fr\/tours\/maroc-fr\/rabat-fr\/visite-privee-de-fes-et-meknes-au-depart-de-rabat\/\" \/>\n<meta property=\"og:site_name\" content=\"Tour Travel And More\" \/>\n<meta property=\"article:publisher\" content=\"https:\/\/www.facebook.com\/tourtravelandmore\/\" \/>\n<meta property=\"article:modified_time\" content=\"2021-03-16T09:58:54+00:00\" \/>\n<meta property=\"og:image\" content=\"https:\/\/tourtravelandmore.com\/wp-content\/uploads\/2019\/02\/24401380051_4fb0e9a3bb_b-meknes-1.jpg\" \/>\n\t<meta property=\"og:image:width\" content=\"1024\" \/>\n\t<meta property=\"og:image:height\" content=\"768\" \/>\n\t<meta property=\"og:image:type\" content=\"image\/jpeg\" \/>\n<meta name=\"twitter:card\" content=\"summary_large_image\" \/>\n<meta name=\"twitter:site\" content=\"@TourTravel_More\" \/>\n<meta name=\"twitter:label1\" content=\"Dur\u00e9e de lecture estim\u00e9e\" \/>\n\t<meta name=\"twitter:data1\" content=\"3 minutes\" \/>\n<script type=\"application\/ld+json\" class=\"yoast-schema-graph\">{\"@context\":\"https:\/\/schema.org\",\"@graph\":[{\"@type\":\"WebPage\",\"@id\":\"https:\/\/tourtravelandmore.com\/fr\/tours\/maroc-fr\/rabat-fr\/visite-privee-de-fes-et-meknes-au-depart-de-rabat\/\",\"url\":\"https:\/\/tourtravelandmore.com\/fr\/tours\/maroc-fr\/rabat-fr\/visite-privee-de-fes-et-meknes-au-depart-de-rabat\/\",\"name\":\"Visite priv\u00e9e de F\u00e8s et Mekn\u00e8s au d\u00e9part de Rabat avec guide officiel\",\"isPartOf\":{\"@id\":\"https:\/\/tourtravelandmore.com\/fr\/#website\"},\"primaryImageOfPage\":{\"@id\":\"https:\/\/tourtravelandmore.com\/fr\/tours\/maroc-fr\/rabat-fr\/visite-privee-de-fes-et-meknes-au-depart-de-rabat\/#primaryimage\"},\"image\":{\"@id\":\"https:\/\/tourtravelandmore.com\/fr\/tours\/maroc-fr\/rabat-fr\/visite-privee-de-fes-et-meknes-au-depart-de-rabat\/#primaryimage\"},\"thumbnailUrl\":\"https:\/\/tourtravelandmore.com\/wp-content\/uploads\/2019\/02\/24401380051_4fb0e9a3bb_b-meknes-1.jpg\",\"datePublished\":\"2019-02-13T11:35:38+00:00\",\"dateModified\":\"2021-03-16T09:58:54+00:00\",\"description\":\"Profitez de cette visite priv\u00e9e de F\u00e8s et Mekn\u00e8s au d\u00e9part de Rabat avec un guide local et exp\u00e9riment\u00e9. Entr\u00e9es aux principaux sites de la m\u00e9dina incluses.\",\"breadcrumb\":{\"@id\":\"https:\/\/tourtravelandmore.com\/fr\/tours\/maroc-fr\/rabat-fr\/visite-privee-de-fes-et-meknes-au-depart-de-rabat\/#breadcrumb\"},\"inLanguage\":\"fr-FR\",\"potentialAction\":[{\"@type\":\"ReadAction\",\"target\":[\"https:\/\/tourtravelandmore.com\/fr\/tours\/maroc-fr\/rabat-fr\/visite-privee-de-fes-et-meknes-au-depart-de-rabat\/\"]}]},{\"@type\":\"ImageObject\",\"inLanguage\":\"fr-FR\",\"@id\":\"https:\/\/tourtravelandmore.com\/fr\/tours\/maroc-fr\/rabat-fr\/visite-privee-de-fes-et-meknes-au-depart-de-rabat\/#primaryimage\",\"url\":\"https:\/\/tourtravelandmore.com\/wp-content\/uploads\/2019\/02\/24401380051_4fb0e9a3bb_b-meknes-1.jpg\",\"contentUrl\":\"https:\/\/tourtravelandmore.com\/wp-content\/uploads\/2019\/02\/24401380051_4fb0e9a3bb_b-meknes-1.jpg\",\"width\":1024,\"height\":768},{\"@type\":\"BreadcrumbList\",\"@id\":\"https:\/\/tourtravelandmore.com\/fr\/tours\/maroc-fr\/rabat-fr\/visite-privee-de-fes-et-meknes-au-depart-de-rabat\/#breadcrumb\",\"itemListElement\":[{\"@type\":\"ListItem\",\"position\":1,\"name\":\"Home\",\"item\":\"https:\/\/tourtravelandmore.com\/fr\/\"},{\"@type\":\"ListItem\",\"position\":2,\"name\":\"Tours\",\"item\":\"https:\/\/tourtravelandmore.com\/fr\/tours\/\"},{\"@type\":\"ListItem\",\"position\":3,\"name\":\"Visite priv\u00e9e de F\u00e8s et Mekn\u00e8s au d\u00e9part de Rabat\"}]},{\"@type\":\"WebSite\",\"@id\":\"https:\/\/tourtravelandmore.com\/fr\/#website\",\"url\":\"https:\/\/tourtravelandmore.com\/fr\/\",\"name\":\"Tour Travel And More\",\"description\":\"Private sightseeing tours and luxury transfers in Spain\",\"publisher\":{\"@id\":\"https:\/\/tourtravelandmore.com\/fr\/#organization\"},\"potentialAction\":[{\"@type\":\"SearchAction\",\"target\":{\"@type\":\"EntryPoint\",\"urlTemplate\":\"https:\/\/tourtravelandmore.com\/fr\/?s={search_term_string}\"},\"query-input\":{\"@type\":\"PropertyValueSpecification\",\"valueRequired\":true,\"valueName\":\"search_term_string\"}}],\"inLanguage\":\"fr-FR\"},{\"@type\":\"Organization\",\"@id\":\"https:\/\/tourtravelandmore.com\/fr\/#organization\",\"name\":\"Tour Travel And More\",\"url\":\"https:\/\/tourtravelandmore.com\/fr\/\",\"logo\":{\"@type\":\"ImageObject\",\"inLanguage\":\"fr-FR\",\"@id\":\"https:\/\/tourtravelandmore.com\/fr\/#\/schema\/logo\/image\/\",\"url\":\"https:\/\/tourtravelandmore.com\/wp-content\/uploads\/2022\/12\/cropped-logo-cabecera-new.png\",\"contentUrl\":\"https:\/\/tourtravelandmore.com\/wp-content\/uploads\/2022\/12\/cropped-logo-cabecera-new.png\",\"width\":430,\"height\":61,\"caption\":\"Tour Travel And More\"},\"image\":{\"@id\":\"https:\/\/tourtravelandmore.com\/fr\/#\/schema\/logo\/image\/\"},\"sameAs\":[\"https:\/\/www.facebook.com\/tourtravelandmore\/\",\"https:\/\/x.com\/TourTravel_More\"]}]}<\/script>\n<!-- \/ Yoast SEO Premium plugin. -->","yoast_head_json":{"title":"Visite priv\u00e9e de F\u00e8s et Mekn\u00e8s au d\u00e9part de Rabat avec guide officiel","description":"Profitez de cette visite priv\u00e9e de F\u00e8s et Mekn\u00e8s au d\u00e9part de Rabat avec un guide local et exp\u00e9riment\u00e9. Entr\u00e9es aux principaux sites de la m\u00e9dina incluses.","robots":{"index":"index","follow":"follow","max-snippet":"max-snippet:-1","max-image-preview":"max-image-preview:large","max-video-preview":"max-video-preview:-1"},"canonical":"https:\/\/tourtravelandmore.com\/fr\/tours\/maroc-fr\/rabat-fr\/visite-privee-de-fes-et-meknes-au-depart-de-rabat\/","og_locale":"fr_FR","og_type":"article","og_title":"Visite priv\u00e9e de F\u00e8s et Mekn\u00e8s au d\u00e9part de Rabat","og_description":"Profitez de cette visite priv\u00e9e de F\u00e8s et Mekn\u00e8s au d\u00e9part de Rabat avec un guide local et exp\u00e9riment\u00e9. Entr\u00e9es aux principaux sites de la m\u00e9dina incluses.","og_url":"https:\/\/tourtravelandmore.com\/fr\/tours\/maroc-fr\/rabat-fr\/visite-privee-de-fes-et-meknes-au-depart-de-rabat\/","og_site_name":"Tour Travel And More","article_publisher":"https:\/\/www.facebook.com\/tourtravelandmore\/","article_modified_time":"2021-03-16T09:58:54+00:00","og_image":[{"width":1024,"height":768,"url":"https:\/\/tourtravelandmore.com\/wp-content\/uploads\/2019\/02\/24401380051_4fb0e9a3bb_b-meknes-1.jpg","type":"image\/jpeg"}],"twitter_card":"summary_large_image","twitter_site":"@TourTravel_More","twitter_misc":{"Dur\u00e9e de lecture estim\u00e9e":"3 minutes"},"schema":{"@context":"https:\/\/schema.org","@graph":[{"@type":"WebPage","@id":"https:\/\/tourtravelandmore.com\/fr\/tours\/maroc-fr\/rabat-fr\/visite-privee-de-fes-et-meknes-au-depart-de-rabat\/","url":"https:\/\/tourtravelandmore.com\/fr\/tours\/maroc-fr\/rabat-fr\/visite-privee-de-fes-et-meknes-au-depart-de-rabat\/","name":"Visite priv\u00e9e de F\u00e8s et Mekn\u00e8s au d\u00e9part de Rabat avec guide officiel","isPartOf":{"@id":"https:\/\/tourtravelandmore.com\/fr\/#website"},"primaryImageOfPage":{"@id":"https:\/\/tourtravelandmore.com\/fr\/tours\/maroc-fr\/rabat-fr\/visite-privee-de-fes-et-meknes-au-depart-de-rabat\/#primaryimage"},"image":{"@id":"https:\/\/tourtravelandmore.com\/fr\/tours\/maroc-fr\/rabat-fr\/visite-privee-de-fes-et-meknes-au-depart-de-rabat\/#primaryimage"},"thumbnailUrl":"https:\/\/tourtravelandmore.com\/wp-content\/uploads\/2019\/02\/24401380051_4fb0e9a3bb_b-meknes-1.jpg","datePublished":"2019-02-13T11:35:38+00:00","dateModified":"2021-03-16T09:58:54+00:00","description":"Profitez de cette visite priv\u00e9e de F\u00e8s et Mekn\u00e8s au d\u00e9part de Rabat avec un guide local et exp\u00e9riment\u00e9. Entr\u00e9es aux principaux sites de la m\u00e9dina incluses.","breadcrumb":{"@id":"https:\/\/tourtravelandmore.com\/fr\/tours\/maroc-fr\/rabat-fr\/visite-privee-de-fes-et-meknes-au-depart-de-rabat\/#breadcrumb"},"inLanguage":"fr-FR","potentialAction":[{"@type":"ReadAction","target":["https:\/\/tourtravelandmore.com\/fr\/tours\/maroc-fr\/rabat-fr\/visite-privee-de-fes-et-meknes-au-depart-de-rabat\/"]}]},{"@type":"ImageObject","inLanguage":"fr-FR","@id":"https:\/\/tourtravelandmore.com\/fr\/tours\/maroc-fr\/rabat-fr\/visite-privee-de-fes-et-meknes-au-depart-de-rabat\/#primaryimage","url":"https:\/\/tourtravelandmore.com\/wp-content\/uploads\/2019\/02\/24401380051_4fb0e9a3bb_b-meknes-1.jpg","contentUrl":"https:\/\/tourtravelandmore.com\/wp-content\/uploads\/2019\/02\/24401380051_4fb0e9a3bb_b-meknes-1.jpg","width":1024,"height":768},{"@type":"BreadcrumbList","@id":"https:\/\/tourtravelandmore.com\/fr\/tours\/maroc-fr\/rabat-fr\/visite-privee-de-fes-et-meknes-au-depart-de-rabat\/#breadcrumb","itemListElement":[{"@type":"ListItem","position":1,"name":"Home","item":"https:\/\/tourtravelandmore.com\/fr\/"},{"@type":"ListItem","position":2,"name":"Tours","item":"https:\/\/tourtravelandmore.com\/fr\/tours\/"},{"@type":"ListItem","position":3,"name":"Visite priv\u00e9e de F\u00e8s et Mekn\u00e8s au d\u00e9part de Rabat"}]},{"@type":"WebSite","@id":"https:\/\/tourtravelandmore.com\/fr\/#website","url":"https:\/\/tourtravelandmore.com\/fr\/","name":"Tour Travel And More","description":"Private sightseeing tours and luxury transfers in Spain","publisher":{"@id":"https:\/\/tourtravelandmore.com\/fr\/#organization"},"potentialAction":[{"@type":"SearchAction","target":{"@type":"EntryPoint","urlTemplate":"https:\/\/tourtravelandmore.com\/fr\/?s={search_term_string}"},"query-input":{"@type":"PropertyValueSpecification","valueRequired":true,"valueName":"search_term_string"}}],"inLanguage":"fr-FR"},{"@type":"Organization","@id":"https:\/\/tourtravelandmore.com\/fr\/#organization","name":"Tour Travel And More","url":"https:\/\/tourtravelandmore.com\/fr\/","logo":{"@type":"ImageObject","inLanguage":"fr-FR","@id":"https:\/\/tourtravelandmore.com\/fr\/#\/schema\/logo\/image\/","url":"https:\/\/tourtravelandmore.com\/wp-content\/uploads\/2022\/12\/cropped-logo-cabecera-new.png","contentUrl":"https:\/\/tourtravelandmore.com\/wp-content\/uploads\/2022\/12\/cropped-logo-cabecera-new.png","width":430,"height":61,"caption":"Tour Travel And More"},"image":{"@id":"https:\/\/tourtravelandmore.com\/fr\/#\/schema\/logo\/image\/"},"sameAs":["https:\/\/www.facebook.com\/tourtravelandmore\/","https:\/\/x.com\/TourTravel_More"]}]}},"_links":{"self":[{"href":"https:\/\/tourtravelandmore.com\/fr\/wp-json\/wp\/v2\/product\/103661","targetHints":{"allow":["GET"]}}],"collection":[{"href":"https:\/\/tourtravelandmore.com\/fr\/wp-json\/wp\/v2\/product"}],"about":[{"href":"https:\/\/tourtravelandmore.com\/fr\/wp-json\/wp\/v2\/types\/product"}],"replies":[{"embeddable":true,"href":"https:\/\/tourtravelandmore.com\/fr\/wp-json\/wp\/v2\/comments?post=103661"}],"wp:featuredmedia":[{"embeddable":true,"href":"https:\/\/tourtravelandmore.com\/fr\/wp-json\/wp\/v2\/media\/95592"}],"wp:attachment":[{"href":"https:\/\/tourtravelandmore.com\/fr\/wp-json\/wp\/v2\/media?parent=103661"}],"wp:term":[{"taxonomy":"product_brand","embeddable":true,"href":"https:\/\/tourtravelandmore.com\/fr\/wp-json\/wp\/v2\/product_brand?post=103661"},{"taxonomy":"product_cat","embeddable":true,"href":"https:\/\/tourtravelandmore.com\/fr\/wp-json\/wp\/v2\/product_cat?post=103661"},{"taxonomy":"product_tag","embeddable":true,"href":"https:\/\/tourtravelandmore.com\/fr\/wp-json\/wp\/v2\/product_tag?post=103661"}],"curies":[{"name":"wp","href":"https:\/\/api.w.org\/{rel}","templated":true}]}}