{"id":103646,"date":"2019-02-13T11:44:18","date_gmt":"2019-02-13T10:44:18","guid":{"rendered":"https:\/\/tourtravelandmore.com\/tours\/non%20class\u00e9\/visite-privee-de-fes-au-depart-de-rabat\/"},"modified":"2021-03-16T10:52:59","modified_gmt":"2021-03-16T09:52:59","slug":"visite-privee-de-fes-au-depart-de-rabat","status":"publish","type":"product","link":"https:\/\/tourtravelandmore.com\/fr\/tours\/maroc-fr\/rabat-fr\/visite-privee-de-fes-au-depart-de-rabat\/","title":{"rendered":"Visite priv\u00e9e de F\u00e8s au d\u00e9part de Rabat"},"content":{"rendered":"<h2>Description<\/h2>\n<p>Apprenez \u00e0 conna\u00eetre la belle ville de F\u00e8s. C&#8217;est une excursion d&#8217;une journ\u00e9e tout \u00e0 fait unique. Notre visite priv\u00e9e de F\u00e8s au d\u00e9part de Rabat vous offrira une exp\u00e9rience incroyable!<\/p>\n<p>Profitez de cette exp\u00e9rience unique o\u00f9 vous pouvez combiner l&#8217;exploration de la ville \u00e0 la fois en v\u00e9hicule priv\u00e9 et \u00e0 pied dans les rues de la m\u00e9dina. Vous d\u00e9couvrirez l&#8217;histoire et la culture de l&#8217;une des quatre villes imp\u00e9riales en commen\u00e7ant par la visite de l&#8217;incroyable Borj sud construit par le sultan Ahmed al-Mansu.<\/p>\n<p>D\u00e9couvrez les nombreuses mosqu\u00e9es et les diff\u00e9rents souks. Profitez des nombreux march\u00e9s culinaires et des rues pleines de boutiques de produits diff\u00e9rents, parmi lesquels de l&#8217;artisanat que vous pourrez observer en profondeur au mus\u00e9e des arts et m\u00e9tiers du bois Nejjarine. L&#8217;un des arr\u00eats obligatoires de cette excursion d&#8217;une journ\u00e9e \u00e0 F\u00e8s est de s&#8217;arr\u00eater aux incroyables jardins de Jnan Sbil (anciennement jardins de Bou Jeloud) situ\u00e9s en plein milieu des deux m\u00e9dinas, l&#8217;un des quartiers les plus verts de la ville.<\/p>\n<p>Vous pouvez profiter des madrasas l\u00e9gendaires et des caravasares cach\u00e9s. Nous terminerons cette visite par le retour en v\u00e9hicule priv\u00e9 \u00e0 votre h\u00f4tel ou riad. Profitez de la flexibilit\u00e9 de cette visite o\u00f9 nous pouvons nous concentrer sur les lieux qui vous int\u00e9ressent le plus.<\/p>\n<h2>Sites d&#8217;int\u00e9r\u00eat et monuments<\/h2>\n<p>La visite priv\u00e9e de F\u00e8s au d\u00e9part de Rabat commencera par la prise en charge \u00e0 votre h\u00f4tel ou riad en v\u00e9hicule priv\u00e9 avec chauffeur officiel.<\/p>\n<p>Ici, nous ferons diff\u00e9rents arr\u00eats dans les endroits les plus incroyables de cette ville. Explorez ensuite \u00e0 pied avec votre guide priv\u00e9 les points les plus embl\u00e9matiques de la m\u00e9dina et aventurez-vous dans la plus grande zone pi\u00e9tonne de la plan\u00e8te.<\/p>\n<p>Entre autres monuments et sites, vous pouvez apprendre \u00e0 conna\u00eetre:<\/p>\n<ul>\n<li>Medersa Bou Inania<\/li>\n<li>Dar Batha<\/li>\n<li>Universit\u00e9 d&#8217;al-Karaouine<\/li>\n<li>Medersa el-Attarine<\/li>\n<li>Mosqu\u00e9e Al Quaraouiyine<\/li>\n<li>Mellah<\/li>\n<li>Beaucoup plus!<\/li>\n<\/ul>\n<p>Enfin, terminez cette visite priv\u00e9e en demandant \u00e0 votre chauffeur de vous ramener \u00e0 votre h\u00f4tel \u00e0 Rabat.<\/p>\n<p>\u00c0 Rabat, nous vous proposons de nombreux types d&#8217;exp\u00e9riences diff\u00e9rentes. V\u00e9rifie-les!<\/p>\n","protected":false},"excerpt":{"rendered":"<p>F\u00e8s est consid\u00e9r\u00e9e comme le centre culturel et religieux du pays du Maroc, vous ne devriez donc pas manquer de visiter cette ville incroyable avec notre excursion priv\u00e9e d&#8217;une journ\u00e9e compl\u00e8te au d\u00e9part de Rabat. Profitez de l&#8217;histoire, de l&#8217;architecture et de la culture que cette ville imp\u00e9riale a \u00e0 offrir aux c\u00f4t\u00e9s de votre guide officiel local.<\/p>\n","protected":false},"featured_media":95531,"comment_status":"open","ping_status":"closed","template":"","meta":{"_acf_changed":false},"product_brand":[],"product_cat":[3726,3814],"product_tag":[],"class_list":{"0":"post-103646","1":"product","2":"type-product","3":"status-publish","4":"has-post-thumbnail","6":"product_cat-maroc-fr","7":"product_cat-rabat-fr","9":"first","10":"instock","11":"shipping-taxable","12":"purchasable","13":"product-type-simple"},"acf":[],"yoast_head":"<!-- This site is optimized with the Yoast SEO Premium plugin v25.3.1 (Yoast SEO v25.3.1) - https:\/\/yoast.com\/wordpress\/plugins\/seo\/ -->\n<title>Visite priv\u00e9e de F\u00e8s au d\u00e9part de Rabat avec guide officiel et v\u00e9hicule priv\u00e9<\/title>\n<meta name=\"description\" content=\"Profitez de cette visite priv\u00e9e de F\u00e8s au d\u00e9part de Rabat avec un guide local et exp\u00e9riment\u00e9. Entr\u00e9es aux principaux sites de la m\u00e9dina incluses.\" \/>\n<meta name=\"robots\" content=\"index, follow, max-snippet:-1, max-image-preview:large, max-video-preview:-1\" \/>\n<link rel=\"canonical\" href=\"https:\/\/tourtravelandmore.com\/fr\/tours\/maroc-fr\/rabat-fr\/visite-privee-de-fes-au-depart-de-rabat\/\" \/>\n<meta property=\"og:locale\" content=\"fr_FR\" \/>\n<meta property=\"og:type\" content=\"article\" \/>\n<meta property=\"og:title\" content=\"Visite priv\u00e9e de F\u00e8s au d\u00e9part de Rabat\" \/>\n<meta property=\"og:description\" content=\"Profitez de cette visite priv\u00e9e de F\u00e8s au d\u00e9part de Rabat avec un guide local et exp\u00e9riment\u00e9. Entr\u00e9es aux principaux sites de la m\u00e9dina incluses.\" \/>\n<meta property=\"og:url\" content=\"https:\/\/tourtravelandmore.com\/fr\/tours\/maroc-fr\/rabat-fr\/visite-privee-de-fes-au-depart-de-rabat\/\" \/>\n<meta property=\"og:site_name\" content=\"Tour Travel And More\" \/>\n<meta property=\"article:publisher\" content=\"https:\/\/www.facebook.com\/tourtravelandmore\/\" \/>\n<meta property=\"article:modified_time\" content=\"2021-03-16T09:52:59+00:00\" \/>\n<meta property=\"og:image\" content=\"https:\/\/tourtravelandmore.com\/wp-content\/uploads\/2019\/01\/4583770043_8f1e194f34_b-fezzz.jpg\" \/>\n\t<meta property=\"og:image:width\" content=\"1024\" \/>\n\t<meta property=\"og:image:height\" content=\"768\" \/>\n\t<meta property=\"og:image:type\" content=\"image\/jpeg\" \/>\n<meta name=\"twitter:card\" content=\"summary_large_image\" \/>\n<meta name=\"twitter:site\" content=\"@TourTravel_More\" \/>\n<meta name=\"twitter:label1\" content=\"Dur\u00e9e de lecture estim\u00e9e\" \/>\n\t<meta name=\"twitter:data1\" content=\"2 minutes\" \/>\n<script type=\"application\/ld+json\" class=\"yoast-schema-graph\">{\"@context\":\"https:\/\/schema.org\",\"@graph\":[{\"@type\":\"WebPage\",\"@id\":\"https:\/\/tourtravelandmore.com\/fr\/tours\/maroc-fr\/rabat-fr\/visite-privee-de-fes-au-depart-de-rabat\/\",\"url\":\"https:\/\/tourtravelandmore.com\/fr\/tours\/maroc-fr\/rabat-fr\/visite-privee-de-fes-au-depart-de-rabat\/\",\"name\":\"Visite priv\u00e9e de F\u00e8s au d\u00e9part de Rabat avec guide officiel et v\u00e9hicule priv\u00e9\",\"isPartOf\":{\"@id\":\"https:\/\/tourtravelandmore.com\/fr\/#website\"},\"primaryImageOfPage\":{\"@id\":\"https:\/\/tourtravelandmore.com\/fr\/tours\/maroc-fr\/rabat-fr\/visite-privee-de-fes-au-depart-de-rabat\/#primaryimage\"},\"image\":{\"@id\":\"https:\/\/tourtravelandmore.com\/fr\/tours\/maroc-fr\/rabat-fr\/visite-privee-de-fes-au-depart-de-rabat\/#primaryimage\"},\"thumbnailUrl\":\"https:\/\/tourtravelandmore.com\/wp-content\/uploads\/2019\/01\/4583770043_8f1e194f34_b-fezzz.jpg\",\"datePublished\":\"2019-02-13T10:44:18+00:00\",\"dateModified\":\"2021-03-16T09:52:59+00:00\",\"description\":\"Profitez de cette visite priv\u00e9e de F\u00e8s au d\u00e9part de Rabat avec un guide local et exp\u00e9riment\u00e9. Entr\u00e9es aux principaux sites de la m\u00e9dina incluses.\",\"breadcrumb\":{\"@id\":\"https:\/\/tourtravelandmore.com\/fr\/tours\/maroc-fr\/rabat-fr\/visite-privee-de-fes-au-depart-de-rabat\/#breadcrumb\"},\"inLanguage\":\"fr-FR\",\"potentialAction\":[{\"@type\":\"ReadAction\",\"target\":[\"https:\/\/tourtravelandmore.com\/fr\/tours\/maroc-fr\/rabat-fr\/visite-privee-de-fes-au-depart-de-rabat\/\"]}]},{\"@type\":\"ImageObject\",\"inLanguage\":\"fr-FR\",\"@id\":\"https:\/\/tourtravelandmore.com\/fr\/tours\/maroc-fr\/rabat-fr\/visite-privee-de-fes-au-depart-de-rabat\/#primaryimage\",\"url\":\"https:\/\/tourtravelandmore.com\/wp-content\/uploads\/2019\/01\/4583770043_8f1e194f34_b-fezzz.jpg\",\"contentUrl\":\"https:\/\/tourtravelandmore.com\/wp-content\/uploads\/2019\/01\/4583770043_8f1e194f34_b-fezzz.jpg\",\"width\":1024,\"height\":768,\"caption\":\"Color-exagerated view of a leather-processing area inside the medina of Fez, Morocco. Be glad pictures don't smell (@torrenegra).\"},{\"@type\":\"BreadcrumbList\",\"@id\":\"https:\/\/tourtravelandmore.com\/fr\/tours\/maroc-fr\/rabat-fr\/visite-privee-de-fes-au-depart-de-rabat\/#breadcrumb\",\"itemListElement\":[{\"@type\":\"ListItem\",\"position\":1,\"name\":\"Home\",\"item\":\"https:\/\/tourtravelandmore.com\/fr\/\"},{\"@type\":\"ListItem\",\"position\":2,\"name\":\"Tours\",\"item\":\"https:\/\/tourtravelandmore.com\/fr\/tours\/\"},{\"@type\":\"ListItem\",\"position\":3,\"name\":\"Visite priv\u00e9e de F\u00e8s au d\u00e9part de Rabat\"}]},{\"@type\":\"WebSite\",\"@id\":\"https:\/\/tourtravelandmore.com\/fr\/#website\",\"url\":\"https:\/\/tourtravelandmore.com\/fr\/\",\"name\":\"Tour Travel And More\",\"description\":\"Private sightseeing tours and luxury transfers in Spain\",\"publisher\":{\"@id\":\"https:\/\/tourtravelandmore.com\/fr\/#organization\"},\"potentialAction\":[{\"@type\":\"SearchAction\",\"target\":{\"@type\":\"EntryPoint\",\"urlTemplate\":\"https:\/\/tourtravelandmore.com\/fr\/?s={search_term_string}\"},\"query-input\":{\"@type\":\"PropertyValueSpecification\",\"valueRequired\":true,\"valueName\":\"search_term_string\"}}],\"inLanguage\":\"fr-FR\"},{\"@type\":\"Organization\",\"@id\":\"https:\/\/tourtravelandmore.com\/fr\/#organization\",\"name\":\"Tour Travel And More\",\"url\":\"https:\/\/tourtravelandmore.com\/fr\/\",\"logo\":{\"@type\":\"ImageObject\",\"inLanguage\":\"fr-FR\",\"@id\":\"https:\/\/tourtravelandmore.com\/fr\/#\/schema\/logo\/image\/\",\"url\":\"https:\/\/tourtravelandmore.com\/wp-content\/uploads\/2022\/12\/cropped-logo-cabecera-new.png\",\"contentUrl\":\"https:\/\/tourtravelandmore.com\/wp-content\/uploads\/2022\/12\/cropped-logo-cabecera-new.png\",\"width\":430,\"height\":61,\"caption\":\"Tour Travel And More\"},\"image\":{\"@id\":\"https:\/\/tourtravelandmore.com\/fr\/#\/schema\/logo\/image\/\"},\"sameAs\":[\"https:\/\/www.facebook.com\/tourtravelandmore\/\",\"https:\/\/x.com\/TourTravel_More\"]}]}<\/script>\n<!-- \/ Yoast SEO Premium plugin. -->","yoast_head_json":{"title":"Visite priv\u00e9e de F\u00e8s au d\u00e9part de Rabat avec guide officiel et v\u00e9hicule priv\u00e9","description":"Profitez de cette visite priv\u00e9e de F\u00e8s au d\u00e9part de Rabat avec un guide local et exp\u00e9riment\u00e9. Entr\u00e9es aux principaux sites de la m\u00e9dina incluses.","robots":{"index":"index","follow":"follow","max-snippet":"max-snippet:-1","max-image-preview":"max-image-preview:large","max-video-preview":"max-video-preview:-1"},"canonical":"https:\/\/tourtravelandmore.com\/fr\/tours\/maroc-fr\/rabat-fr\/visite-privee-de-fes-au-depart-de-rabat\/","og_locale":"fr_FR","og_type":"article","og_title":"Visite priv\u00e9e de F\u00e8s au d\u00e9part de Rabat","og_description":"Profitez de cette visite priv\u00e9e de F\u00e8s au d\u00e9part de Rabat avec un guide local et exp\u00e9riment\u00e9. Entr\u00e9es aux principaux sites de la m\u00e9dina incluses.","og_url":"https:\/\/tourtravelandmore.com\/fr\/tours\/maroc-fr\/rabat-fr\/visite-privee-de-fes-au-depart-de-rabat\/","og_site_name":"Tour Travel And More","article_publisher":"https:\/\/www.facebook.com\/tourtravelandmore\/","article_modified_time":"2021-03-16T09:52:59+00:00","og_image":[{"width":1024,"height":768,"url":"https:\/\/tourtravelandmore.com\/wp-content\/uploads\/2019\/01\/4583770043_8f1e194f34_b-fezzz.jpg","type":"image\/jpeg"}],"twitter_card":"summary_large_image","twitter_site":"@TourTravel_More","twitter_misc":{"Dur\u00e9e de lecture estim\u00e9e":"2 minutes"},"schema":{"@context":"https:\/\/schema.org","@graph":[{"@type":"WebPage","@id":"https:\/\/tourtravelandmore.com\/fr\/tours\/maroc-fr\/rabat-fr\/visite-privee-de-fes-au-depart-de-rabat\/","url":"https:\/\/tourtravelandmore.com\/fr\/tours\/maroc-fr\/rabat-fr\/visite-privee-de-fes-au-depart-de-rabat\/","name":"Visite priv\u00e9e de F\u00e8s au d\u00e9part de Rabat avec guide officiel et v\u00e9hicule priv\u00e9","isPartOf":{"@id":"https:\/\/tourtravelandmore.com\/fr\/#website"},"primaryImageOfPage":{"@id":"https:\/\/tourtravelandmore.com\/fr\/tours\/maroc-fr\/rabat-fr\/visite-privee-de-fes-au-depart-de-rabat\/#primaryimage"},"image":{"@id":"https:\/\/tourtravelandmore.com\/fr\/tours\/maroc-fr\/rabat-fr\/visite-privee-de-fes-au-depart-de-rabat\/#primaryimage"},"thumbnailUrl":"https:\/\/tourtravelandmore.com\/wp-content\/uploads\/2019\/01\/4583770043_8f1e194f34_b-fezzz.jpg","datePublished":"2019-02-13T10:44:18+00:00","dateModified":"2021-03-16T09:52:59+00:00","description":"Profitez de cette visite priv\u00e9e de F\u00e8s au d\u00e9part de Rabat avec un guide local et exp\u00e9riment\u00e9. Entr\u00e9es aux principaux sites de la m\u00e9dina incluses.","breadcrumb":{"@id":"https:\/\/tourtravelandmore.com\/fr\/tours\/maroc-fr\/rabat-fr\/visite-privee-de-fes-au-depart-de-rabat\/#breadcrumb"},"inLanguage":"fr-FR","potentialAction":[{"@type":"ReadAction","target":["https:\/\/tourtravelandmore.com\/fr\/tours\/maroc-fr\/rabat-fr\/visite-privee-de-fes-au-depart-de-rabat\/"]}]},{"@type":"ImageObject","inLanguage":"fr-FR","@id":"https:\/\/tourtravelandmore.com\/fr\/tours\/maroc-fr\/rabat-fr\/visite-privee-de-fes-au-depart-de-rabat\/#primaryimage","url":"https:\/\/tourtravelandmore.com\/wp-content\/uploads\/2019\/01\/4583770043_8f1e194f34_b-fezzz.jpg","contentUrl":"https:\/\/tourtravelandmore.com\/wp-content\/uploads\/2019\/01\/4583770043_8f1e194f34_b-fezzz.jpg","width":1024,"height":768,"caption":"Color-exagerated view of a leather-processing area inside the medina of Fez, Morocco. Be glad pictures don't smell (@torrenegra)."},{"@type":"BreadcrumbList","@id":"https:\/\/tourtravelandmore.com\/fr\/tours\/maroc-fr\/rabat-fr\/visite-privee-de-fes-au-depart-de-rabat\/#breadcrumb","itemListElement":[{"@type":"ListItem","position":1,"name":"Home","item":"https:\/\/tourtravelandmore.com\/fr\/"},{"@type":"ListItem","position":2,"name":"Tours","item":"https:\/\/tourtravelandmore.com\/fr\/tours\/"},{"@type":"ListItem","position":3,"name":"Visite priv\u00e9e de F\u00e8s au d\u00e9part de Rabat"}]},{"@type":"WebSite","@id":"https:\/\/tourtravelandmore.com\/fr\/#website","url":"https:\/\/tourtravelandmore.com\/fr\/","name":"Tour Travel And More","description":"Private sightseeing tours and luxury transfers in Spain","publisher":{"@id":"https:\/\/tourtravelandmore.com\/fr\/#organization"},"potentialAction":[{"@type":"SearchAction","target":{"@type":"EntryPoint","urlTemplate":"https:\/\/tourtravelandmore.com\/fr\/?s={search_term_string}"},"query-input":{"@type":"PropertyValueSpecification","valueRequired":true,"valueName":"search_term_string"}}],"inLanguage":"fr-FR"},{"@type":"Organization","@id":"https:\/\/tourtravelandmore.com\/fr\/#organization","name":"Tour Travel And More","url":"https:\/\/tourtravelandmore.com\/fr\/","logo":{"@type":"ImageObject","inLanguage":"fr-FR","@id":"https:\/\/tourtravelandmore.com\/fr\/#\/schema\/logo\/image\/","url":"https:\/\/tourtravelandmore.com\/wp-content\/uploads\/2022\/12\/cropped-logo-cabecera-new.png","contentUrl":"https:\/\/tourtravelandmore.com\/wp-content\/uploads\/2022\/12\/cropped-logo-cabecera-new.png","width":430,"height":61,"caption":"Tour Travel And More"},"image":{"@id":"https:\/\/tourtravelandmore.com\/fr\/#\/schema\/logo\/image\/"},"sameAs":["https:\/\/www.facebook.com\/tourtravelandmore\/","https:\/\/x.com\/TourTravel_More"]}]}},"_links":{"self":[{"href":"https:\/\/tourtravelandmore.com\/fr\/wp-json\/wp\/v2\/product\/103646","targetHints":{"allow":["GET"]}}],"collection":[{"href":"https:\/\/tourtravelandmore.com\/fr\/wp-json\/wp\/v2\/product"}],"about":[{"href":"https:\/\/tourtravelandmore.com\/fr\/wp-json\/wp\/v2\/types\/product"}],"replies":[{"embeddable":true,"href":"https:\/\/tourtravelandmore.com\/fr\/wp-json\/wp\/v2\/comments?post=103646"}],"wp:featuredmedia":[{"embeddable":true,"href":"https:\/\/tourtravelandmore.com\/fr\/wp-json\/wp\/v2\/media\/95531"}],"wp:attachment":[{"href":"https:\/\/tourtravelandmore.com\/fr\/wp-json\/wp\/v2\/media?parent=103646"}],"wp:term":[{"taxonomy":"product_brand","embeddable":true,"href":"https:\/\/tourtravelandmore.com\/fr\/wp-json\/wp\/v2\/product_brand?post=103646"},{"taxonomy":"product_cat","embeddable":true,"href":"https:\/\/tourtravelandmore.com\/fr\/wp-json\/wp\/v2\/product_cat?post=103646"},{"taxonomy":"product_tag","embeddable":true,"href":"https:\/\/tourtravelandmore.com\/fr\/wp-json\/wp\/v2\/product_tag?post=103646"}],"curies":[{"name":"wp","href":"https:\/\/api.w.org\/{rel}","templated":true}]}}