{"id":103641,"date":"2019-02-13T10:28:56","date_gmt":"2019-02-13T09:28:56","guid":{"rendered":"https:\/\/tourtravelandmore.com\/tours\/non%20class\u00e9\/visite-privee-de-casablanca-et-rabat-au-depart-de-rabat\/"},"modified":"2021-03-16T10:51:48","modified_gmt":"2021-03-16T09:51:48","slug":"visite-privee-de-casablanca-et-rabat-au-depart-de-rabat","status":"publish","type":"product","link":"https:\/\/tourtravelandmore.com\/fr\/tours\/maroc-fr\/rabat-fr\/visite-privee-de-casablanca-et-rabat-au-depart-de-rabat\/","title":{"rendered":"Visite priv\u00e9e de Casablanca et Rabat au d\u00e9part de Rabat"},"content":{"rendered":"<h2>Description<\/h2>\n<p>C&#8217;est une exp\u00e9rience d&#8217;une journ\u00e9e compl\u00e8te. C&#8217;est le meilleur moyen de conna\u00eetre \u00e0 la fois Casablanca et bien s\u00fbr Rabat. Faites notre visite priv\u00e9e de Casablanca et de Rabat au d\u00e9part de Rabat et d\u00e9couvrez le meilleur de ces deux villes incroyables!<\/p>\n<p>Profitez de cette exp\u00e9rience incroyable d\u00e8s la prise en charge \u00e0 votre h\u00f4tel ou riad en v\u00e9hicule priv\u00e9 pour commencer dans la magnifique ville de Rabat. Nous commencerons la visite priv\u00e9e des monuments les plus embl\u00e9matiques de cette ville tels que la tour Hassan et le mausol\u00e9e de Mohamed V.Apr\u00e8s cela, nous pourrons nous arr\u00eater pour un d\u00e9jeuner et continuer vers la Casba de los Udaya et le palais royal de Rabat o\u00f9 il faut traverser l&#8217;esplanade de Mechouar, qui comporte sept portes royales, chacune diff\u00e9rente et d\u00e9cor\u00e9e diff\u00e9remment.<\/p>\n<p>Nous terminerons cette visite \u00e0 Rabat en nous aventurant dans les ruines de Chella, une forteresse m\u00e9di\u00e9vale musulmane indispensable si vous allez visiter cette ville.<\/p>\n<h3>\u00c0 quoi s&#8217;attendre d&#8217;autre &#8230;<\/h3>\n<p>Pendant la visite, nous nous arr\u00eaterons pour le d\u00e9jeuner et notre chauffeur avec un v\u00e9hicule priv\u00e9 nous conduira \u00e0 Casablanca. Nous commencerons \u00e0 visiter la place Mohamed V connue pour son architecture pittoresque qui sera plus tard copi\u00e9e par de nombreux b\u00e2timents de la ville. Ensuite, notre guide nous conduira \u00e0 travers le march\u00e9 central et le palais royal, situ\u00e9s juste \u00e0 c\u00f4t\u00e9. Ensuite, nous entrerons dans la m\u00e9dina de la ville en appr\u00e9ciant les couleurs, les sons et les odeurs marocaines. L&#8217;un des arr\u00eats obligatoires de cette visite est la mosqu\u00e9e Hassan II o\u00f9 notre guide priv\u00e9 officiel nous racontera les histoires les plus int\u00e9ressantes, \u00e9tant la troisi\u00e8me plus grande mosqu\u00e9e du monde.<\/p>\n<p>Enfin, la derni\u00e8re \u00e9tape de ce circuit sera La Corniche, la magnifique promenade de la plage de Casablanca o\u00f9 vous pourrez prendre un caf\u00e9 avec vue sur l&#8217;oc\u00e9an Atlantique ou simplement vous promener. Un arr\u00eat facultatif et non moins important est la visite du c\u00e9l\u00e8bre Rick&#8217;s Cafe, qui a \u00e9t\u00e9 con\u00e7u pour recr\u00e9er le bar devenu c\u00e9l\u00e8bre pour Humphrey Bogart et Ingrid Bergman dans le film classique Casablanca.<\/p>\n<p>Profitez de la flexibilit\u00e9 de cette visite o\u00f9 nous pouvons nous concentrer sur les lieux qui vous int\u00e9ressent le plus.<\/p>\n<h2>Sites d&#8217;int\u00e9r\u00eat et monuments<\/h2>\n<p>La visite priv\u00e9e de Casablanca et Rabat au d\u00e9part de Rabat commencera par la prise en charge \u00e0 votre h\u00f4tel ou riad dans votre v\u00e9hicule priv\u00e9 avec chauffeur pour la premi\u00e8re visite \u00e0 Rabat.<\/p>\n<p>La deuxi\u00e8me \u00e9tape consistera \u00e0 rejoindre Casablanca. Votre guide vous emm\u00e8nera \u00e0 travers les points les plus embl\u00e9matiques de ces villes o\u00f9 vous d\u00e9couvrirez des ann\u00e9es de patrimoine culturel marocain.<\/p>\n<p>Lors de votre visite, vous pourrez voir entre autres les lieux d&#8217;int\u00e9r\u00eat suivants:<\/p>\n<ul>\n<li>Palais Royal<\/li>\n<li>Le mus\u00e9e juif marocain<\/li>\n<li>Le Mellah<\/li>\n<li>Mosqu\u00e9e du roi Hassan II<\/li>\n<li>beaucoup plus<\/li>\n<\/ul>\n<p>D\u00e9couvrez les autres circuits priv\u00e9s que nous vous proposons! Nous pouvons organiser une visite priv\u00e9e dans n&#8217;importe quelle ville du monde!<\/p>\n","protected":false},"excerpt":{"rendered":"<p>Profitez de Rabat et de Casablanca, deux magnifiques villes d\u00e9clar\u00e9es sites du patrimoine mondial. Vous pourrez visiter les lieux les plus importants, comme le mausol\u00e9e de Mohammed V et la tour Hassan du XIIe si\u00e8cle. Vous pouvez vous aventurer \u00e0 la fois dans les m\u00e9dinas (vieille ville) et dans les ruines romaines et m\u00e9di\u00e9vales de Chellah avec votre guide officiel lors de cette visite priv\u00e9e.<\/p>\n<p>&nbsp;<\/p>\n","protected":false},"featured_media":95550,"comment_status":"open","ping_status":"closed","template":"","meta":{"_acf_changed":false},"product_brand":[],"product_cat":[3726,3814],"product_tag":[],"class_list":{"0":"post-103641","1":"product","2":"type-product","3":"status-publish","4":"has-post-thumbnail","6":"product_cat-maroc-fr","7":"product_cat-rabat-fr","9":"first","10":"instock","11":"shipping-taxable","12":"purchasable","13":"product-type-simple"},"acf":[],"yoast_head":"<!-- This site is optimized with the Yoast SEO Premium plugin v25.3.1 (Yoast SEO v25.3.1) - https:\/\/yoast.com\/wordpress\/plugins\/seo\/ -->\n<title>Visite priv\u00e9e de Casablanca et de Rabat au d\u00e9part de Rabat avec guide officiel<\/title>\n<meta name=\"description\" content=\"Profitez de cette visite priv\u00e9e de Casablanca et de Rabat au d\u00e9part de Rabat avec un guide local et exp\u00e9riment\u00e9 et un v\u00e9hicule priv\u00e9 avec chauffeur.\" \/>\n<meta name=\"robots\" content=\"index, follow, max-snippet:-1, max-image-preview:large, max-video-preview:-1\" \/>\n<link rel=\"canonical\" href=\"https:\/\/tourtravelandmore.com\/fr\/tours\/maroc-fr\/rabat-fr\/visite-privee-de-casablanca-et-rabat-au-depart-de-rabat\/\" \/>\n<meta property=\"og:locale\" content=\"fr_FR\" \/>\n<meta property=\"og:type\" content=\"article\" \/>\n<meta property=\"og:title\" content=\"Visite priv\u00e9e de Casablanca et Rabat au d\u00e9part de Rabat\" \/>\n<meta property=\"og:description\" content=\"Profitez de cette visite priv\u00e9e de Casablanca et de Rabat au d\u00e9part de Rabat avec un guide local et exp\u00e9riment\u00e9 et un v\u00e9hicule priv\u00e9 avec chauffeur.\" \/>\n<meta property=\"og:url\" content=\"https:\/\/tourtravelandmore.com\/fr\/tours\/maroc-fr\/rabat-fr\/visite-privee-de-casablanca-et-rabat-au-depart-de-rabat\/\" \/>\n<meta property=\"og:site_name\" content=\"Tour Travel And More\" \/>\n<meta property=\"article:publisher\" content=\"https:\/\/www.facebook.com\/tourtravelandmore\/\" \/>\n<meta property=\"article:modified_time\" content=\"2021-03-16T09:51:48+00:00\" \/>\n<meta property=\"og:image\" content=\"https:\/\/tourtravelandmore.com\/wp-content\/uploads\/2019\/02\/rabat-y-casablanca.jpg\" \/>\n\t<meta property=\"og:image:width\" content=\"960\" \/>\n\t<meta property=\"og:image:height\" content=\"640\" \/>\n\t<meta property=\"og:image:type\" content=\"image\/jpeg\" \/>\n<meta name=\"twitter:card\" content=\"summary_large_image\" \/>\n<meta name=\"twitter:site\" content=\"@TourTravel_More\" \/>\n<meta name=\"twitter:label1\" content=\"Dur\u00e9e de lecture estim\u00e9e\" \/>\n\t<meta name=\"twitter:data1\" content=\"3 minutes\" \/>\n<script type=\"application\/ld+json\" class=\"yoast-schema-graph\">{\"@context\":\"https:\/\/schema.org\",\"@graph\":[{\"@type\":\"WebPage\",\"@id\":\"https:\/\/tourtravelandmore.com\/fr\/tours\/maroc-fr\/rabat-fr\/visite-privee-de-casablanca-et-rabat-au-depart-de-rabat\/\",\"url\":\"https:\/\/tourtravelandmore.com\/fr\/tours\/maroc-fr\/rabat-fr\/visite-privee-de-casablanca-et-rabat-au-depart-de-rabat\/\",\"name\":\"Visite priv\u00e9e de Casablanca et de Rabat au d\u00e9part de Rabat avec guide officiel\",\"isPartOf\":{\"@id\":\"https:\/\/tourtravelandmore.com\/fr\/#website\"},\"primaryImageOfPage\":{\"@id\":\"https:\/\/tourtravelandmore.com\/fr\/tours\/maroc-fr\/rabat-fr\/visite-privee-de-casablanca-et-rabat-au-depart-de-rabat\/#primaryimage\"},\"image\":{\"@id\":\"https:\/\/tourtravelandmore.com\/fr\/tours\/maroc-fr\/rabat-fr\/visite-privee-de-casablanca-et-rabat-au-depart-de-rabat\/#primaryimage\"},\"thumbnailUrl\":\"https:\/\/tourtravelandmore.com\/wp-content\/uploads\/2019\/02\/rabat-y-casablanca.jpg\",\"datePublished\":\"2019-02-13T09:28:56+00:00\",\"dateModified\":\"2021-03-16T09:51:48+00:00\",\"description\":\"Profitez de cette visite priv\u00e9e de Casablanca et de Rabat au d\u00e9part de Rabat avec un guide local et exp\u00e9riment\u00e9 et un v\u00e9hicule priv\u00e9 avec chauffeur.\",\"breadcrumb\":{\"@id\":\"https:\/\/tourtravelandmore.com\/fr\/tours\/maroc-fr\/rabat-fr\/visite-privee-de-casablanca-et-rabat-au-depart-de-rabat\/#breadcrumb\"},\"inLanguage\":\"fr-FR\",\"potentialAction\":[{\"@type\":\"ReadAction\",\"target\":[\"https:\/\/tourtravelandmore.com\/fr\/tours\/maroc-fr\/rabat-fr\/visite-privee-de-casablanca-et-rabat-au-depart-de-rabat\/\"]}]},{\"@type\":\"ImageObject\",\"inLanguage\":\"fr-FR\",\"@id\":\"https:\/\/tourtravelandmore.com\/fr\/tours\/maroc-fr\/rabat-fr\/visite-privee-de-casablanca-et-rabat-au-depart-de-rabat\/#primaryimage\",\"url\":\"https:\/\/tourtravelandmore.com\/wp-content\/uploads\/2019\/02\/rabat-y-casablanca.jpg\",\"contentUrl\":\"https:\/\/tourtravelandmore.com\/wp-content\/uploads\/2019\/02\/rabat-y-casablanca.jpg\",\"width\":960,\"height\":640},{\"@type\":\"BreadcrumbList\",\"@id\":\"https:\/\/tourtravelandmore.com\/fr\/tours\/maroc-fr\/rabat-fr\/visite-privee-de-casablanca-et-rabat-au-depart-de-rabat\/#breadcrumb\",\"itemListElement\":[{\"@type\":\"ListItem\",\"position\":1,\"name\":\"Home\",\"item\":\"https:\/\/tourtravelandmore.com\/fr\/\"},{\"@type\":\"ListItem\",\"position\":2,\"name\":\"Tours\",\"item\":\"https:\/\/tourtravelandmore.com\/fr\/tours\/\"},{\"@type\":\"ListItem\",\"position\":3,\"name\":\"Visite priv\u00e9e de Casablanca et Rabat au d\u00e9part de Rabat\"}]},{\"@type\":\"WebSite\",\"@id\":\"https:\/\/tourtravelandmore.com\/fr\/#website\",\"url\":\"https:\/\/tourtravelandmore.com\/fr\/\",\"name\":\"Tour Travel And More\",\"description\":\"Private sightseeing tours and luxury transfers in Spain\",\"publisher\":{\"@id\":\"https:\/\/tourtravelandmore.com\/fr\/#organization\"},\"potentialAction\":[{\"@type\":\"SearchAction\",\"target\":{\"@type\":\"EntryPoint\",\"urlTemplate\":\"https:\/\/tourtravelandmore.com\/fr\/?s={search_term_string}\"},\"query-input\":{\"@type\":\"PropertyValueSpecification\",\"valueRequired\":true,\"valueName\":\"search_term_string\"}}],\"inLanguage\":\"fr-FR\"},{\"@type\":\"Organization\",\"@id\":\"https:\/\/tourtravelandmore.com\/fr\/#organization\",\"name\":\"Tour Travel And More\",\"url\":\"https:\/\/tourtravelandmore.com\/fr\/\",\"logo\":{\"@type\":\"ImageObject\",\"inLanguage\":\"fr-FR\",\"@id\":\"https:\/\/tourtravelandmore.com\/fr\/#\/schema\/logo\/image\/\",\"url\":\"https:\/\/tourtravelandmore.com\/wp-content\/uploads\/2022\/12\/cropped-logo-cabecera-new.png\",\"contentUrl\":\"https:\/\/tourtravelandmore.com\/wp-content\/uploads\/2022\/12\/cropped-logo-cabecera-new.png\",\"width\":430,\"height\":61,\"caption\":\"Tour Travel And More\"},\"image\":{\"@id\":\"https:\/\/tourtravelandmore.com\/fr\/#\/schema\/logo\/image\/\"},\"sameAs\":[\"https:\/\/www.facebook.com\/tourtravelandmore\/\",\"https:\/\/x.com\/TourTravel_More\"]}]}<\/script>\n<!-- \/ Yoast SEO Premium plugin. -->","yoast_head_json":{"title":"Visite priv\u00e9e de Casablanca et de Rabat au d\u00e9part de Rabat avec guide officiel","description":"Profitez de cette visite priv\u00e9e de Casablanca et de Rabat au d\u00e9part de Rabat avec un guide local et exp\u00e9riment\u00e9 et un v\u00e9hicule priv\u00e9 avec chauffeur.","robots":{"index":"index","follow":"follow","max-snippet":"max-snippet:-1","max-image-preview":"max-image-preview:large","max-video-preview":"max-video-preview:-1"},"canonical":"https:\/\/tourtravelandmore.com\/fr\/tours\/maroc-fr\/rabat-fr\/visite-privee-de-casablanca-et-rabat-au-depart-de-rabat\/","og_locale":"fr_FR","og_type":"article","og_title":"Visite priv\u00e9e de Casablanca et Rabat au d\u00e9part de Rabat","og_description":"Profitez de cette visite priv\u00e9e de Casablanca et de Rabat au d\u00e9part de Rabat avec un guide local et exp\u00e9riment\u00e9 et un v\u00e9hicule priv\u00e9 avec chauffeur.","og_url":"https:\/\/tourtravelandmore.com\/fr\/tours\/maroc-fr\/rabat-fr\/visite-privee-de-casablanca-et-rabat-au-depart-de-rabat\/","og_site_name":"Tour Travel And More","article_publisher":"https:\/\/www.facebook.com\/tourtravelandmore\/","article_modified_time":"2021-03-16T09:51:48+00:00","og_image":[{"width":960,"height":640,"url":"https:\/\/tourtravelandmore.com\/wp-content\/uploads\/2019\/02\/rabat-y-casablanca.jpg","type":"image\/jpeg"}],"twitter_card":"summary_large_image","twitter_site":"@TourTravel_More","twitter_misc":{"Dur\u00e9e de lecture estim\u00e9e":"3 minutes"},"schema":{"@context":"https:\/\/schema.org","@graph":[{"@type":"WebPage","@id":"https:\/\/tourtravelandmore.com\/fr\/tours\/maroc-fr\/rabat-fr\/visite-privee-de-casablanca-et-rabat-au-depart-de-rabat\/","url":"https:\/\/tourtravelandmore.com\/fr\/tours\/maroc-fr\/rabat-fr\/visite-privee-de-casablanca-et-rabat-au-depart-de-rabat\/","name":"Visite priv\u00e9e de Casablanca et de Rabat au d\u00e9part de Rabat avec guide officiel","isPartOf":{"@id":"https:\/\/tourtravelandmore.com\/fr\/#website"},"primaryImageOfPage":{"@id":"https:\/\/tourtravelandmore.com\/fr\/tours\/maroc-fr\/rabat-fr\/visite-privee-de-casablanca-et-rabat-au-depart-de-rabat\/#primaryimage"},"image":{"@id":"https:\/\/tourtravelandmore.com\/fr\/tours\/maroc-fr\/rabat-fr\/visite-privee-de-casablanca-et-rabat-au-depart-de-rabat\/#primaryimage"},"thumbnailUrl":"https:\/\/tourtravelandmore.com\/wp-content\/uploads\/2019\/02\/rabat-y-casablanca.jpg","datePublished":"2019-02-13T09:28:56+00:00","dateModified":"2021-03-16T09:51:48+00:00","description":"Profitez de cette visite priv\u00e9e de Casablanca et de Rabat au d\u00e9part de Rabat avec un guide local et exp\u00e9riment\u00e9 et un v\u00e9hicule priv\u00e9 avec chauffeur.","breadcrumb":{"@id":"https:\/\/tourtravelandmore.com\/fr\/tours\/maroc-fr\/rabat-fr\/visite-privee-de-casablanca-et-rabat-au-depart-de-rabat\/#breadcrumb"},"inLanguage":"fr-FR","potentialAction":[{"@type":"ReadAction","target":["https:\/\/tourtravelandmore.com\/fr\/tours\/maroc-fr\/rabat-fr\/visite-privee-de-casablanca-et-rabat-au-depart-de-rabat\/"]}]},{"@type":"ImageObject","inLanguage":"fr-FR","@id":"https:\/\/tourtravelandmore.com\/fr\/tours\/maroc-fr\/rabat-fr\/visite-privee-de-casablanca-et-rabat-au-depart-de-rabat\/#primaryimage","url":"https:\/\/tourtravelandmore.com\/wp-content\/uploads\/2019\/02\/rabat-y-casablanca.jpg","contentUrl":"https:\/\/tourtravelandmore.com\/wp-content\/uploads\/2019\/02\/rabat-y-casablanca.jpg","width":960,"height":640},{"@type":"BreadcrumbList","@id":"https:\/\/tourtravelandmore.com\/fr\/tours\/maroc-fr\/rabat-fr\/visite-privee-de-casablanca-et-rabat-au-depart-de-rabat\/#breadcrumb","itemListElement":[{"@type":"ListItem","position":1,"name":"Home","item":"https:\/\/tourtravelandmore.com\/fr\/"},{"@type":"ListItem","position":2,"name":"Tours","item":"https:\/\/tourtravelandmore.com\/fr\/tours\/"},{"@type":"ListItem","position":3,"name":"Visite priv\u00e9e de Casablanca et Rabat au d\u00e9part de Rabat"}]},{"@type":"WebSite","@id":"https:\/\/tourtravelandmore.com\/fr\/#website","url":"https:\/\/tourtravelandmore.com\/fr\/","name":"Tour Travel And More","description":"Private sightseeing tours and luxury transfers in Spain","publisher":{"@id":"https:\/\/tourtravelandmore.com\/fr\/#organization"},"potentialAction":[{"@type":"SearchAction","target":{"@type":"EntryPoint","urlTemplate":"https:\/\/tourtravelandmore.com\/fr\/?s={search_term_string}"},"query-input":{"@type":"PropertyValueSpecification","valueRequired":true,"valueName":"search_term_string"}}],"inLanguage":"fr-FR"},{"@type":"Organization","@id":"https:\/\/tourtravelandmore.com\/fr\/#organization","name":"Tour Travel And More","url":"https:\/\/tourtravelandmore.com\/fr\/","logo":{"@type":"ImageObject","inLanguage":"fr-FR","@id":"https:\/\/tourtravelandmore.com\/fr\/#\/schema\/logo\/image\/","url":"https:\/\/tourtravelandmore.com\/wp-content\/uploads\/2022\/12\/cropped-logo-cabecera-new.png","contentUrl":"https:\/\/tourtravelandmore.com\/wp-content\/uploads\/2022\/12\/cropped-logo-cabecera-new.png","width":430,"height":61,"caption":"Tour Travel And More"},"image":{"@id":"https:\/\/tourtravelandmore.com\/fr\/#\/schema\/logo\/image\/"},"sameAs":["https:\/\/www.facebook.com\/tourtravelandmore\/","https:\/\/x.com\/TourTravel_More"]}]}},"_links":{"self":[{"href":"https:\/\/tourtravelandmore.com\/fr\/wp-json\/wp\/v2\/product\/103641","targetHints":{"allow":["GET"]}}],"collection":[{"href":"https:\/\/tourtravelandmore.com\/fr\/wp-json\/wp\/v2\/product"}],"about":[{"href":"https:\/\/tourtravelandmore.com\/fr\/wp-json\/wp\/v2\/types\/product"}],"replies":[{"embeddable":true,"href":"https:\/\/tourtravelandmore.com\/fr\/wp-json\/wp\/v2\/comments?post=103641"}],"wp:featuredmedia":[{"embeddable":true,"href":"https:\/\/tourtravelandmore.com\/fr\/wp-json\/wp\/v2\/media\/95550"}],"wp:attachment":[{"href":"https:\/\/tourtravelandmore.com\/fr\/wp-json\/wp\/v2\/media?parent=103641"}],"wp:term":[{"taxonomy":"product_brand","embeddable":true,"href":"https:\/\/tourtravelandmore.com\/fr\/wp-json\/wp\/v2\/product_brand?post=103641"},{"taxonomy":"product_cat","embeddable":true,"href":"https:\/\/tourtravelandmore.com\/fr\/wp-json\/wp\/v2\/product_cat?post=103641"},{"taxonomy":"product_tag","embeddable":true,"href":"https:\/\/tourtravelandmore.com\/fr\/wp-json\/wp\/v2\/product_tag?post=103641"}],"curies":[{"name":"wp","href":"https:\/\/api.w.org\/{rel}","templated":true}]}}