{"id":103636,"date":"2019-02-13T10:14:55","date_gmt":"2019-02-13T09:14:55","guid":{"rendered":"https:\/\/tourtravelandmore.com\/tours\/non%20class\u00e9\/visite-privee-de-volubilis-et-meknes-au-depart-de-rabat\/"},"modified":"2021-03-16T10:50:19","modified_gmt":"2021-03-16T09:50:19","slug":"visite-privee-de-volubilis-et-meknes-au-depart-de-rabat","status":"publish","type":"product","link":"https:\/\/tourtravelandmore.com\/fr\/tours\/maroc-fr\/rabat-fr\/visite-privee-de-volubilis-et-meknes-au-depart-de-rabat\/","title":{"rendered":"Visite priv\u00e9e de Volubilis et Mekn\u00e8s au d\u00e9part de Rabat"},"content":{"rendered":"<h2>Description<\/h2>\n<p>Prenons une journ\u00e9e de votre s\u00e9jour \u00e0 Rabat et apprenons \u00e0 conna\u00eetre l&#8217;incroyable histoire du Maroc. Notre visite priv\u00e9e de Volubilis et Mekn\u00e8s au d\u00e9part de Rabat est parfaite pour cela!<\/p>\n<p>Tout d&#8217;abord, laissez-nous organiser une prise en charge priv\u00e9e \u00e0 votre h\u00f4tel ou riad en v\u00e9hicule priv\u00e9 jusqu&#8217;\u00e0 l&#8217;arriv\u00e9e du premier arr\u00eat qui sera Mekn\u00e8s. Vous visiterez le mausol\u00e9e de Moulay Ismail, o\u00f9 repose le sultan du 18\u00e8me si\u00e8cle. Nous pouvons \u00e9galement profiter des merveilleuses \u00e9curies qui abritent plus de 12000 chevaux.Nous continuerons jusqu&#8217;\u00e0 la tr\u00e8s anim\u00e9e Place El-Hedim et notre guide priv\u00e9 nous conduira \u00e0 travers les nombreux souks.<\/p>\n<p>Lors de cette visite, nous pouvons nous arr\u00eater pour un d\u00e9jeuner et continuer vers la ville de Moulay Idriss Zerhoun consid\u00e9r\u00e9e comme le lieu religieux le plus important du Maroc. On peut voir le sanctuaire o\u00f9 est enterr\u00e9 Moulay Idriss Ier.<\/p>\n<p>Pour terminer cette visite priv\u00e9e de Volubilis et Mekn\u00e8s au d\u00e9part de Rabat, nous nous aventurerons dans la ville de Volubilis. Nous verrons son ancienne colonie romaine o\u00f9 nous admirerons les portes, les monuments, les ruelles et les sols en mosa\u00efque.<\/p>\n<p>Profitez de la vue panoramique sur les magnifiques montagnes du Rif depuis son point culminant. Nous terminerons par le transfert de retour \u00e0 Rabat dans votre v\u00e9hicule priv\u00e9.<\/p>\n<p>Profitez de la flexibilit\u00e9 de cette visite o\u00f9 nous pouvons nous concentrer sur les lieux qui vous int\u00e9ressent le plus.<\/p>\n<h2>Sites d&#8217;int\u00e9r\u00eat et monuments<\/h2>\n<p>Le Tour Priv\u00e9 Volubilis et Mekn\u00e8s au d\u00e9part de Rabat commencera par la prise en charge \u00e0 votre h\u00f4tel ou riad dans votre v\u00e9hicule priv\u00e9 avec chauffeur pour atteindre le premier arr\u00eat qui sera Mekn\u00e8s. Votre guide vous emm\u00e8nera \u00e0 travers les points les plus embl\u00e9matiques de cette ville o\u00f9 vous d\u00e9couvrirez des ann\u00e9es de patrimoine culturel marocain et terminerez la visite par l&#8217;impressionnante ville de Volubilis.<\/p>\n<p>Entre autres monuments et sites touristiques, vous pouvez apprendre \u00e0 conna\u00eetre:<\/p>\n<ul>\n<li>Place el-Hedim<\/li>\n<li>Mausol\u00e9e de Moulay Ismail<\/li>\n<li>Montagnes du Rif<\/li>\n<li>Coteau de Moulay Idriss Zerhoun<\/li>\n<li>Beaucoup plus!<\/li>\n<\/ul>\n<p>Enfin, cela se terminera \u00e0 Rabat! Ne manquez pas nos visites priv\u00e9es \u00e0 Rabat ici!<\/p>\n","protected":false},"excerpt":{"rendered":"<p>Profitez des incroyables villes de Volubilis et de Mekn\u00e8s, connues pour leurs anciens vignobles et oliveraies. Avec votre guide priv\u00e9 vous profiterez des plaines de la Saiss et des nombreux souks de la vieille ville. On peut admirer ses c\u00e9l\u00e8bres ruines d\u00e9clar\u00e9es patrimoine mondial par l&#8217;UNESCO. La collection peut provenir de n&#8217;importe o\u00f9 dans la ville de Rabat.<\/p>\n","protected":false},"featured_media":95526,"comment_status":"open","ping_status":"closed","template":"","meta":{"_acf_changed":false},"product_brand":[],"product_cat":[3726,3814],"product_tag":[],"class_list":{"0":"post-103636","1":"product","2":"type-product","3":"status-publish","4":"has-post-thumbnail","6":"product_cat-maroc-fr","7":"product_cat-rabat-fr","9":"first","10":"instock","11":"shipping-taxable","12":"purchasable","13":"product-type-simple"},"acf":[],"yoast_head":"<!-- This site is optimized with the Yoast SEO Premium plugin v25.3.1 (Yoast SEO v25.3.1) - https:\/\/yoast.com\/wordpress\/plugins\/seo\/ -->\n<title>Visite priv\u00e9e de Volubilis et Mekn\u00e8s au d\u00e9part de Rabat avec guide officiel<\/title>\n<meta name=\"description\" content=\"Profitez de cette visite priv\u00e9e de Volubilis et de Mekn\u00e8s au d\u00e9part de Rabat avec un guide local et exp\u00e9riment\u00e9. Entr\u00e9es aux sites principaux incluses.\" \/>\n<meta name=\"robots\" content=\"index, follow, max-snippet:-1, max-image-preview:large, max-video-preview:-1\" \/>\n<link rel=\"canonical\" href=\"https:\/\/tourtravelandmore.com\/fr\/tours\/maroc-fr\/rabat-fr\/visite-privee-de-volubilis-et-meknes-au-depart-de-rabat\/\" \/>\n<meta property=\"og:locale\" content=\"fr_FR\" \/>\n<meta property=\"og:type\" content=\"article\" \/>\n<meta property=\"og:title\" content=\"Visite priv\u00e9e de Volubilis et Mekn\u00e8s au d\u00e9part de Rabat\" \/>\n<meta property=\"og:description\" content=\"Profitez de cette visite priv\u00e9e de Volubilis et de Mekn\u00e8s au d\u00e9part de Rabat avec un guide local et exp\u00e9riment\u00e9. Entr\u00e9es aux sites principaux incluses.\" \/>\n<meta property=\"og:url\" content=\"https:\/\/tourtravelandmore.com\/fr\/tours\/maroc-fr\/rabat-fr\/visite-privee-de-volubilis-et-meknes-au-depart-de-rabat\/\" \/>\n<meta property=\"og:site_name\" content=\"Tour Travel And More\" \/>\n<meta property=\"article:publisher\" content=\"https:\/\/www.facebook.com\/tourtravelandmore\/\" \/>\n<meta property=\"article:modified_time\" content=\"2021-03-16T09:50:19+00:00\" \/>\n<meta property=\"og:image\" content=\"https:\/\/tourtravelandmore.com\/wp-content\/uploads\/2019\/01\/\u0633\u0627\u062d\u0629_\u0627\u0644\u0647\u062f\u064a\u0645_\u0628\u0645\u0643\u0646\u0627\u0633_Place_elHedim_Meknes.jpg\" \/>\n\t<meta property=\"og:image:width\" content=\"750\" \/>\n\t<meta property=\"og:image:height\" content=\"752\" \/>\n\t<meta property=\"og:image:type\" content=\"image\/jpeg\" \/>\n<meta name=\"twitter:card\" content=\"summary_large_image\" \/>\n<meta name=\"twitter:site\" content=\"@TourTravel_More\" \/>\n<meta name=\"twitter:label1\" content=\"Dur\u00e9e de lecture estim\u00e9e\" \/>\n\t<meta name=\"twitter:data1\" content=\"2 minutes\" \/>\n<script type=\"application\/ld+json\" class=\"yoast-schema-graph\">{\"@context\":\"https:\/\/schema.org\",\"@graph\":[{\"@type\":\"WebPage\",\"@id\":\"https:\/\/tourtravelandmore.com\/fr\/tours\/maroc-fr\/rabat-fr\/visite-privee-de-volubilis-et-meknes-au-depart-de-rabat\/\",\"url\":\"https:\/\/tourtravelandmore.com\/fr\/tours\/maroc-fr\/rabat-fr\/visite-privee-de-volubilis-et-meknes-au-depart-de-rabat\/\",\"name\":\"Visite priv\u00e9e de Volubilis et Mekn\u00e8s au d\u00e9part de Rabat avec guide officiel\",\"isPartOf\":{\"@id\":\"https:\/\/tourtravelandmore.com\/fr\/#website\"},\"primaryImageOfPage\":{\"@id\":\"https:\/\/tourtravelandmore.com\/fr\/tours\/maroc-fr\/rabat-fr\/visite-privee-de-volubilis-et-meknes-au-depart-de-rabat\/#primaryimage\"},\"image\":{\"@id\":\"https:\/\/tourtravelandmore.com\/fr\/tours\/maroc-fr\/rabat-fr\/visite-privee-de-volubilis-et-meknes-au-depart-de-rabat\/#primaryimage\"},\"thumbnailUrl\":\"https:\/\/tourtravelandmore.com\/wp-content\/uploads\/2019\/01\/\u0633\u0627\u062d\u0629_\u0627\u0644\u0647\u062f\u064a\u0645_\u0628\u0645\u0643\u0646\u0627\u0633_Place_elHedim_Meknes.jpg\",\"datePublished\":\"2019-02-13T09:14:55+00:00\",\"dateModified\":\"2021-03-16T09:50:19+00:00\",\"description\":\"Profitez de cette visite priv\u00e9e de Volubilis et de Mekn\u00e8s au d\u00e9part de Rabat avec un guide local et exp\u00e9riment\u00e9. Entr\u00e9es aux sites principaux incluses.\",\"breadcrumb\":{\"@id\":\"https:\/\/tourtravelandmore.com\/fr\/tours\/maroc-fr\/rabat-fr\/visite-privee-de-volubilis-et-meknes-au-depart-de-rabat\/#breadcrumb\"},\"inLanguage\":\"fr-FR\",\"potentialAction\":[{\"@type\":\"ReadAction\",\"target\":[\"https:\/\/tourtravelandmore.com\/fr\/tours\/maroc-fr\/rabat-fr\/visite-privee-de-volubilis-et-meknes-au-depart-de-rabat\/\"]}]},{\"@type\":\"ImageObject\",\"inLanguage\":\"fr-FR\",\"@id\":\"https:\/\/tourtravelandmore.com\/fr\/tours\/maroc-fr\/rabat-fr\/visite-privee-de-volubilis-et-meknes-au-depart-de-rabat\/#primaryimage\",\"url\":\"https:\/\/tourtravelandmore.com\/wp-content\/uploads\/2019\/01\/\u0633\u0627\u062d\u0629_\u0627\u0644\u0647\u062f\u064a\u0645_\u0628\u0645\u0643\u0646\u0627\u0633_Place_elHedim_Meknes.jpg\",\"contentUrl\":\"https:\/\/tourtravelandmore.com\/wp-content\/uploads\/2019\/01\/\u0633\u0627\u062d\u0629_\u0627\u0644\u0647\u062f\u064a\u0645_\u0628\u0645\u0643\u0646\u0627\u0633_Place_elHedim_Meknes.jpg\",\"width\":750,\"height\":752},{\"@type\":\"BreadcrumbList\",\"@id\":\"https:\/\/tourtravelandmore.com\/fr\/tours\/maroc-fr\/rabat-fr\/visite-privee-de-volubilis-et-meknes-au-depart-de-rabat\/#breadcrumb\",\"itemListElement\":[{\"@type\":\"ListItem\",\"position\":1,\"name\":\"Home\",\"item\":\"https:\/\/tourtravelandmore.com\/fr\/\"},{\"@type\":\"ListItem\",\"position\":2,\"name\":\"Tours\",\"item\":\"https:\/\/tourtravelandmore.com\/fr\/tours\/\"},{\"@type\":\"ListItem\",\"position\":3,\"name\":\"Visite priv\u00e9e de Volubilis et Mekn\u00e8s au d\u00e9part de Rabat\"}]},{\"@type\":\"WebSite\",\"@id\":\"https:\/\/tourtravelandmore.com\/fr\/#website\",\"url\":\"https:\/\/tourtravelandmore.com\/fr\/\",\"name\":\"Tour Travel And More\",\"description\":\"Private sightseeing tours and luxury transfers in Spain\",\"publisher\":{\"@id\":\"https:\/\/tourtravelandmore.com\/fr\/#organization\"},\"potentialAction\":[{\"@type\":\"SearchAction\",\"target\":{\"@type\":\"EntryPoint\",\"urlTemplate\":\"https:\/\/tourtravelandmore.com\/fr\/?s={search_term_string}\"},\"query-input\":{\"@type\":\"PropertyValueSpecification\",\"valueRequired\":true,\"valueName\":\"search_term_string\"}}],\"inLanguage\":\"fr-FR\"},{\"@type\":\"Organization\",\"@id\":\"https:\/\/tourtravelandmore.com\/fr\/#organization\",\"name\":\"Tour Travel And More\",\"url\":\"https:\/\/tourtravelandmore.com\/fr\/\",\"logo\":{\"@type\":\"ImageObject\",\"inLanguage\":\"fr-FR\",\"@id\":\"https:\/\/tourtravelandmore.com\/fr\/#\/schema\/logo\/image\/\",\"url\":\"https:\/\/tourtravelandmore.com\/wp-content\/uploads\/2022\/12\/cropped-logo-cabecera-new.png\",\"contentUrl\":\"https:\/\/tourtravelandmore.com\/wp-content\/uploads\/2022\/12\/cropped-logo-cabecera-new.png\",\"width\":430,\"height\":61,\"caption\":\"Tour Travel And More\"},\"image\":{\"@id\":\"https:\/\/tourtravelandmore.com\/fr\/#\/schema\/logo\/image\/\"},\"sameAs\":[\"https:\/\/www.facebook.com\/tourtravelandmore\/\",\"https:\/\/x.com\/TourTravel_More\"]}]}<\/script>\n<!-- \/ Yoast SEO Premium plugin. -->","yoast_head_json":{"title":"Visite priv\u00e9e de Volubilis et Mekn\u00e8s au d\u00e9part de Rabat avec guide officiel","description":"Profitez de cette visite priv\u00e9e de Volubilis et de Mekn\u00e8s au d\u00e9part de Rabat avec un guide local et exp\u00e9riment\u00e9. Entr\u00e9es aux sites principaux incluses.","robots":{"index":"index","follow":"follow","max-snippet":"max-snippet:-1","max-image-preview":"max-image-preview:large","max-video-preview":"max-video-preview:-1"},"canonical":"https:\/\/tourtravelandmore.com\/fr\/tours\/maroc-fr\/rabat-fr\/visite-privee-de-volubilis-et-meknes-au-depart-de-rabat\/","og_locale":"fr_FR","og_type":"article","og_title":"Visite priv\u00e9e de Volubilis et Mekn\u00e8s au d\u00e9part de Rabat","og_description":"Profitez de cette visite priv\u00e9e de Volubilis et de Mekn\u00e8s au d\u00e9part de Rabat avec un guide local et exp\u00e9riment\u00e9. Entr\u00e9es aux sites principaux incluses.","og_url":"https:\/\/tourtravelandmore.com\/fr\/tours\/maroc-fr\/rabat-fr\/visite-privee-de-volubilis-et-meknes-au-depart-de-rabat\/","og_site_name":"Tour Travel And More","article_publisher":"https:\/\/www.facebook.com\/tourtravelandmore\/","article_modified_time":"2021-03-16T09:50:19+00:00","og_image":[{"width":750,"height":752,"url":"https:\/\/tourtravelandmore.com\/wp-content\/uploads\/2019\/01\/\u0633\u0627\u062d\u0629_\u0627\u0644\u0647\u062f\u064a\u0645_\u0628\u0645\u0643\u0646\u0627\u0633_Place_elHedim_Meknes.jpg","type":"image\/jpeg"}],"twitter_card":"summary_large_image","twitter_site":"@TourTravel_More","twitter_misc":{"Dur\u00e9e de lecture estim\u00e9e":"2 minutes"},"schema":{"@context":"https:\/\/schema.org","@graph":[{"@type":"WebPage","@id":"https:\/\/tourtravelandmore.com\/fr\/tours\/maroc-fr\/rabat-fr\/visite-privee-de-volubilis-et-meknes-au-depart-de-rabat\/","url":"https:\/\/tourtravelandmore.com\/fr\/tours\/maroc-fr\/rabat-fr\/visite-privee-de-volubilis-et-meknes-au-depart-de-rabat\/","name":"Visite priv\u00e9e de Volubilis et Mekn\u00e8s au d\u00e9part de Rabat avec guide officiel","isPartOf":{"@id":"https:\/\/tourtravelandmore.com\/fr\/#website"},"primaryImageOfPage":{"@id":"https:\/\/tourtravelandmore.com\/fr\/tours\/maroc-fr\/rabat-fr\/visite-privee-de-volubilis-et-meknes-au-depart-de-rabat\/#primaryimage"},"image":{"@id":"https:\/\/tourtravelandmore.com\/fr\/tours\/maroc-fr\/rabat-fr\/visite-privee-de-volubilis-et-meknes-au-depart-de-rabat\/#primaryimage"},"thumbnailUrl":"https:\/\/tourtravelandmore.com\/wp-content\/uploads\/2019\/01\/\u0633\u0627\u062d\u0629_\u0627\u0644\u0647\u062f\u064a\u0645_\u0628\u0645\u0643\u0646\u0627\u0633_Place_elHedim_Meknes.jpg","datePublished":"2019-02-13T09:14:55+00:00","dateModified":"2021-03-16T09:50:19+00:00","description":"Profitez de cette visite priv\u00e9e de Volubilis et de Mekn\u00e8s au d\u00e9part de Rabat avec un guide local et exp\u00e9riment\u00e9. Entr\u00e9es aux sites principaux incluses.","breadcrumb":{"@id":"https:\/\/tourtravelandmore.com\/fr\/tours\/maroc-fr\/rabat-fr\/visite-privee-de-volubilis-et-meknes-au-depart-de-rabat\/#breadcrumb"},"inLanguage":"fr-FR","potentialAction":[{"@type":"ReadAction","target":["https:\/\/tourtravelandmore.com\/fr\/tours\/maroc-fr\/rabat-fr\/visite-privee-de-volubilis-et-meknes-au-depart-de-rabat\/"]}]},{"@type":"ImageObject","inLanguage":"fr-FR","@id":"https:\/\/tourtravelandmore.com\/fr\/tours\/maroc-fr\/rabat-fr\/visite-privee-de-volubilis-et-meknes-au-depart-de-rabat\/#primaryimage","url":"https:\/\/tourtravelandmore.com\/wp-content\/uploads\/2019\/01\/\u0633\u0627\u062d\u0629_\u0627\u0644\u0647\u062f\u064a\u0645_\u0628\u0645\u0643\u0646\u0627\u0633_Place_elHedim_Meknes.jpg","contentUrl":"https:\/\/tourtravelandmore.com\/wp-content\/uploads\/2019\/01\/\u0633\u0627\u062d\u0629_\u0627\u0644\u0647\u062f\u064a\u0645_\u0628\u0645\u0643\u0646\u0627\u0633_Place_elHedim_Meknes.jpg","width":750,"height":752},{"@type":"BreadcrumbList","@id":"https:\/\/tourtravelandmore.com\/fr\/tours\/maroc-fr\/rabat-fr\/visite-privee-de-volubilis-et-meknes-au-depart-de-rabat\/#breadcrumb","itemListElement":[{"@type":"ListItem","position":1,"name":"Home","item":"https:\/\/tourtravelandmore.com\/fr\/"},{"@type":"ListItem","position":2,"name":"Tours","item":"https:\/\/tourtravelandmore.com\/fr\/tours\/"},{"@type":"ListItem","position":3,"name":"Visite priv\u00e9e de Volubilis et Mekn\u00e8s au d\u00e9part de Rabat"}]},{"@type":"WebSite","@id":"https:\/\/tourtravelandmore.com\/fr\/#website","url":"https:\/\/tourtravelandmore.com\/fr\/","name":"Tour Travel And More","description":"Private sightseeing tours and luxury transfers in Spain","publisher":{"@id":"https:\/\/tourtravelandmore.com\/fr\/#organization"},"potentialAction":[{"@type":"SearchAction","target":{"@type":"EntryPoint","urlTemplate":"https:\/\/tourtravelandmore.com\/fr\/?s={search_term_string}"},"query-input":{"@type":"PropertyValueSpecification","valueRequired":true,"valueName":"search_term_string"}}],"inLanguage":"fr-FR"},{"@type":"Organization","@id":"https:\/\/tourtravelandmore.com\/fr\/#organization","name":"Tour Travel And More","url":"https:\/\/tourtravelandmore.com\/fr\/","logo":{"@type":"ImageObject","inLanguage":"fr-FR","@id":"https:\/\/tourtravelandmore.com\/fr\/#\/schema\/logo\/image\/","url":"https:\/\/tourtravelandmore.com\/wp-content\/uploads\/2022\/12\/cropped-logo-cabecera-new.png","contentUrl":"https:\/\/tourtravelandmore.com\/wp-content\/uploads\/2022\/12\/cropped-logo-cabecera-new.png","width":430,"height":61,"caption":"Tour Travel And More"},"image":{"@id":"https:\/\/tourtravelandmore.com\/fr\/#\/schema\/logo\/image\/"},"sameAs":["https:\/\/www.facebook.com\/tourtravelandmore\/","https:\/\/x.com\/TourTravel_More"]}]}},"_links":{"self":[{"href":"https:\/\/tourtravelandmore.com\/fr\/wp-json\/wp\/v2\/product\/103636","targetHints":{"allow":["GET"]}}],"collection":[{"href":"https:\/\/tourtravelandmore.com\/fr\/wp-json\/wp\/v2\/product"}],"about":[{"href":"https:\/\/tourtravelandmore.com\/fr\/wp-json\/wp\/v2\/types\/product"}],"replies":[{"embeddable":true,"href":"https:\/\/tourtravelandmore.com\/fr\/wp-json\/wp\/v2\/comments?post=103636"}],"wp:featuredmedia":[{"embeddable":true,"href":"https:\/\/tourtravelandmore.com\/fr\/wp-json\/wp\/v2\/media\/95526"}],"wp:attachment":[{"href":"https:\/\/tourtravelandmore.com\/fr\/wp-json\/wp\/v2\/media?parent=103636"}],"wp:term":[{"taxonomy":"product_brand","embeddable":true,"href":"https:\/\/tourtravelandmore.com\/fr\/wp-json\/wp\/v2\/product_brand?post=103636"},{"taxonomy":"product_cat","embeddable":true,"href":"https:\/\/tourtravelandmore.com\/fr\/wp-json\/wp\/v2\/product_cat?post=103636"},{"taxonomy":"product_tag","embeddable":true,"href":"https:\/\/tourtravelandmore.com\/fr\/wp-json\/wp\/v2\/product_tag?post=103636"}],"curies":[{"name":"wp","href":"https:\/\/api.w.org\/{rel}","templated":true}]}}