{"id":103631,"date":"2019-02-13T09:53:56","date_gmt":"2019-02-13T08:53:56","guid":{"rendered":"https:\/\/tourtravelandmore.com\/tours\/non%20class\u00e9\/visite-privee-de-casablanca-au-depart-de-rabat\/"},"modified":"2021-03-16T10:47:36","modified_gmt":"2021-03-16T09:47:36","slug":"visite-privee-de-casablanca-au-depart-de-rabat","status":"publish","type":"product","link":"https:\/\/tourtravelandmore.com\/fr\/tours\/maroc-fr\/rabat-fr\/visite-privee-de-casablanca-au-depart-de-rabat\/","title":{"rendered":"Visite priv\u00e9e de Casablanca au d\u00e9part de Rabat"},"content":{"rendered":"<h2>Description<\/h2>\n<p>Que peut-on dire comme Casablanca. C&#8217;est une ville qui parle d&#8217;elle-m\u00eame. C&#8217;est pourquoi notre visite priv\u00e9e de Casablanca au d\u00e9part de Rabat est un choix parfait pour vous!<\/p>\n<p>Profitez des sites les plus embl\u00e9matiques de Casablanca en commen\u00e7ant votre visite priv\u00e9e avec votre guide officiel visitant la place Mohamed V connue pour son architecture pittoresque qui sera plus tard copi\u00e9e par de nombreux b\u00e2timents de la ville.<\/p>\n<p>Ensuite, notre guide nous conduira \u00e0 travers le march\u00e9 central et le palais royal, situ\u00e9s juste \u00e0 c\u00f4t\u00e9.<\/p>\n<p>Ensuite, nous entrerons dans la m\u00e9dina de la ville en appr\u00e9ciant les couleurs, les sons et les odeurs marocaines.<\/p>\n<p>L&#8217;un des arr\u00eats obligatoires de cette visite est la mosqu\u00e9e Hassan II o\u00f9 notre guide priv\u00e9 officiel nous racontera les histoires les plus int\u00e9ressantes, \u00e9tant la troisi\u00e8me plus grande mosqu\u00e9e du monde.<\/p>\n<p>La derni\u00e8re \u00e9tape de ce magnifique circuit sera La Corniche. Vraiment, un magnifique front de mer de Casablanca o\u00f9 vous pourrez prendre un caf\u00e9 avec vue sur l&#8217;oc\u00e9an Atlantique ou simplement vous promener.<\/p>\n<p>Un arr\u00eat facultatif et non moins important est la visite du c\u00e9l\u00e8bre Rick&#8217;s Cafe, qui a \u00e9t\u00e9 con\u00e7u pour recr\u00e9er le bar devenu c\u00e9l\u00e8bre pour Humphrey Bogart et Ingrid Bergman dans le film classique Casablanca. Votre chauffeur priv\u00e9<\/p>\n<p>Profitez de la flexibilit\u00e9 de cette visite o\u00f9 nous pouvons nous concentrer sur les lieux qui vous int\u00e9ressent le plus.<\/p>\n<h2>Sites d&#8217;int\u00e9r\u00eat et monuments<\/h2>\n<p>La visite priv\u00e9e de Casablanca au d\u00e9part de Rabat commencera par la prise en charge \u00e0 votre h\u00f4tel ou riad dans votre v\u00e9hicule priv\u00e9 avec chauffeur officiel pour vous rendre \u00e0 Casablanca situ\u00e9 tr\u00e8s pr\u00e8s de Rabat.<\/p>\n<p>Votre guide vous emm\u00e8nera \u00e0 travers les points les plus embl\u00e9matiques de cette ville o\u00f9 vous d\u00e9couvrirez des ann\u00e9es de patrimoine culturel marocain.<\/p>\n<p>Entre autres monuments et sites, vous pouvez apprendre \u00e0 conna\u00eetre:<\/p>\n<ul>\n<li>Mosqu\u00e9e du roi Hassan II<\/li>\n<li>Place Mohammed V<\/li>\n<li>Le mus\u00e9e juif marocain<\/li>\n<li>La Corniche (La Corniche)<\/li>\n<li>Beaucoup plus!<\/li>\n<\/ul>\n<p>Enfin, cette visite priv\u00e9e se terminera \u00e0 nouveau \u00e0 Rabat pour continuer votre s\u00e9jour!<\/p>\n<p>Ne manquez pas nos exp\u00e9riences priv\u00e9es \u00e0 Rabat et tout ce que nous avons \u00e0 offrir.<\/p>\n","protected":false},"excerpt":{"rendered":"<p>Casablanca est l&#8217;une des plus belles villes du Maroc qui m\u00e9rite vraiment d&#8217;\u00eatre visit\u00e9e. Profitez de cette excursion priv\u00e9e d&#8217;une journ\u00e9e compl\u00e8te au d\u00e9part de Rabat dans un v\u00e9hicule avec chauffeur priv\u00e9. Au cours de cette visite, vous pourrez profiter de la m\u00e9dina (vieille ville de la ville) et des points les plus embl\u00e9matiques de la ville tels que la mosqu\u00e9e Hassan II et la magnifique promenade de la Corniche.<\/p>\n","protected":false},"featured_media":95544,"comment_status":"open","ping_status":"closed","template":"","meta":{"_acf_changed":false},"product_brand":[],"product_cat":[3726,3814],"product_tag":[],"class_list":{"0":"post-103631","1":"product","2":"type-product","3":"status-publish","4":"has-post-thumbnail","6":"product_cat-maroc-fr","7":"product_cat-rabat-fr","9":"first","10":"instock","11":"shipping-taxable","12":"purchasable","13":"product-type-simple"},"acf":[],"yoast_head":"<!-- This site is optimized with the Yoast SEO Premium plugin v25.3.1 (Yoast SEO v25.3.1) - https:\/\/yoast.com\/wordpress\/plugins\/seo\/ -->\n<title>Visite priv\u00e9e de Casablanca au d\u00e9part de Rabat avec guide officiel<\/title>\n<meta name=\"description\" content=\"Profitez de cette visite priv\u00e9e de Casablanca au d\u00e9part de Rabat avec un guide local et exp\u00e9riment\u00e9 et un v\u00e9hicule priv\u00e9 avec chauffeur. Entr\u00e9es aux sites principaux incluses.\" \/>\n<meta name=\"robots\" content=\"index, follow, max-snippet:-1, max-image-preview:large, max-video-preview:-1\" \/>\n<link rel=\"canonical\" href=\"https:\/\/tourtravelandmore.com\/fr\/tours\/maroc-fr\/rabat-fr\/visite-privee-de-casablanca-au-depart-de-rabat\/\" \/>\n<meta property=\"og:locale\" content=\"fr_FR\" \/>\n<meta property=\"og:type\" content=\"article\" \/>\n<meta property=\"og:title\" content=\"Visite priv\u00e9e de Casablanca au d\u00e9part de Rabat\" \/>\n<meta property=\"og:description\" content=\"Profitez de cette visite priv\u00e9e de Casablanca au d\u00e9part de Rabat avec un guide local et exp\u00e9riment\u00e9 et un v\u00e9hicule priv\u00e9 avec chauffeur. Entr\u00e9es aux sites principaux incluses.\" \/>\n<meta property=\"og:url\" content=\"https:\/\/tourtravelandmore.com\/fr\/tours\/maroc-fr\/rabat-fr\/visite-privee-de-casablanca-au-depart-de-rabat\/\" \/>\n<meta property=\"og:site_name\" content=\"Tour Travel And More\" \/>\n<meta property=\"article:publisher\" content=\"https:\/\/www.facebook.com\/tourtravelandmore\/\" \/>\n<meta property=\"article:modified_time\" content=\"2021-03-16T09:47:36+00:00\" \/>\n<meta property=\"og:image\" content=\"https:\/\/tourtravelandmore.com\/wp-content\/uploads\/2019\/02\/casablanca-city-tour-ggg.jpg\" \/>\n\t<meta property=\"og:image:width\" content=\"1024\" \/>\n\t<meta property=\"og:image:height\" content=\"735\" \/>\n\t<meta property=\"og:image:type\" content=\"image\/jpeg\" \/>\n<meta name=\"twitter:card\" content=\"summary_large_image\" \/>\n<meta name=\"twitter:site\" content=\"@TourTravel_More\" \/>\n<meta name=\"twitter:label1\" content=\"Dur\u00e9e de lecture estim\u00e9e\" \/>\n\t<meta name=\"twitter:data1\" content=\"2 minutes\" \/>\n<script type=\"application\/ld+json\" class=\"yoast-schema-graph\">{\"@context\":\"https:\/\/schema.org\",\"@graph\":[{\"@type\":\"WebPage\",\"@id\":\"https:\/\/tourtravelandmore.com\/fr\/tours\/maroc-fr\/rabat-fr\/visite-privee-de-casablanca-au-depart-de-rabat\/\",\"url\":\"https:\/\/tourtravelandmore.com\/fr\/tours\/maroc-fr\/rabat-fr\/visite-privee-de-casablanca-au-depart-de-rabat\/\",\"name\":\"Visite priv\u00e9e de Casablanca au d\u00e9part de Rabat avec guide officiel\",\"isPartOf\":{\"@id\":\"https:\/\/tourtravelandmore.com\/fr\/#website\"},\"primaryImageOfPage\":{\"@id\":\"https:\/\/tourtravelandmore.com\/fr\/tours\/maroc-fr\/rabat-fr\/visite-privee-de-casablanca-au-depart-de-rabat\/#primaryimage\"},\"image\":{\"@id\":\"https:\/\/tourtravelandmore.com\/fr\/tours\/maroc-fr\/rabat-fr\/visite-privee-de-casablanca-au-depart-de-rabat\/#primaryimage\"},\"thumbnailUrl\":\"https:\/\/tourtravelandmore.com\/wp-content\/uploads\/2019\/02\/casablanca-city-tour-ggg.jpg\",\"datePublished\":\"2019-02-13T08:53:56+00:00\",\"dateModified\":\"2021-03-16T09:47:36+00:00\",\"description\":\"Profitez de cette visite priv\u00e9e de Casablanca au d\u00e9part de Rabat avec un guide local et exp\u00e9riment\u00e9 et un v\u00e9hicule priv\u00e9 avec chauffeur. Entr\u00e9es aux sites principaux incluses.\",\"breadcrumb\":{\"@id\":\"https:\/\/tourtravelandmore.com\/fr\/tours\/maroc-fr\/rabat-fr\/visite-privee-de-casablanca-au-depart-de-rabat\/#breadcrumb\"},\"inLanguage\":\"fr-FR\",\"potentialAction\":[{\"@type\":\"ReadAction\",\"target\":[\"https:\/\/tourtravelandmore.com\/fr\/tours\/maroc-fr\/rabat-fr\/visite-privee-de-casablanca-au-depart-de-rabat\/\"]}]},{\"@type\":\"ImageObject\",\"inLanguage\":\"fr-FR\",\"@id\":\"https:\/\/tourtravelandmore.com\/fr\/tours\/maroc-fr\/rabat-fr\/visite-privee-de-casablanca-au-depart-de-rabat\/#primaryimage\",\"url\":\"https:\/\/tourtravelandmore.com\/wp-content\/uploads\/2019\/02\/casablanca-city-tour-ggg.jpg\",\"contentUrl\":\"https:\/\/tourtravelandmore.com\/wp-content\/uploads\/2019\/02\/casablanca-city-tour-ggg.jpg\",\"width\":1024,\"height\":735},{\"@type\":\"BreadcrumbList\",\"@id\":\"https:\/\/tourtravelandmore.com\/fr\/tours\/maroc-fr\/rabat-fr\/visite-privee-de-casablanca-au-depart-de-rabat\/#breadcrumb\",\"itemListElement\":[{\"@type\":\"ListItem\",\"position\":1,\"name\":\"Home\",\"item\":\"https:\/\/tourtravelandmore.com\/fr\/\"},{\"@type\":\"ListItem\",\"position\":2,\"name\":\"Tours\",\"item\":\"https:\/\/tourtravelandmore.com\/fr\/tours\/\"},{\"@type\":\"ListItem\",\"position\":3,\"name\":\"Visite priv\u00e9e de Casablanca au d\u00e9part de Rabat\"}]},{\"@type\":\"WebSite\",\"@id\":\"https:\/\/tourtravelandmore.com\/fr\/#website\",\"url\":\"https:\/\/tourtravelandmore.com\/fr\/\",\"name\":\"Tour Travel And More\",\"description\":\"Private sightseeing tours and luxury transfers in Spain\",\"publisher\":{\"@id\":\"https:\/\/tourtravelandmore.com\/fr\/#organization\"},\"potentialAction\":[{\"@type\":\"SearchAction\",\"target\":{\"@type\":\"EntryPoint\",\"urlTemplate\":\"https:\/\/tourtravelandmore.com\/fr\/?s={search_term_string}\"},\"query-input\":{\"@type\":\"PropertyValueSpecification\",\"valueRequired\":true,\"valueName\":\"search_term_string\"}}],\"inLanguage\":\"fr-FR\"},{\"@type\":\"Organization\",\"@id\":\"https:\/\/tourtravelandmore.com\/fr\/#organization\",\"name\":\"Tour Travel And More\",\"url\":\"https:\/\/tourtravelandmore.com\/fr\/\",\"logo\":{\"@type\":\"ImageObject\",\"inLanguage\":\"fr-FR\",\"@id\":\"https:\/\/tourtravelandmore.com\/fr\/#\/schema\/logo\/image\/\",\"url\":\"https:\/\/tourtravelandmore.com\/wp-content\/uploads\/2022\/12\/cropped-logo-cabecera-new.png\",\"contentUrl\":\"https:\/\/tourtravelandmore.com\/wp-content\/uploads\/2022\/12\/cropped-logo-cabecera-new.png\",\"width\":430,\"height\":61,\"caption\":\"Tour Travel And More\"},\"image\":{\"@id\":\"https:\/\/tourtravelandmore.com\/fr\/#\/schema\/logo\/image\/\"},\"sameAs\":[\"https:\/\/www.facebook.com\/tourtravelandmore\/\",\"https:\/\/x.com\/TourTravel_More\"]}]}<\/script>\n<!-- \/ Yoast SEO Premium plugin. -->","yoast_head_json":{"title":"Visite priv\u00e9e de Casablanca au d\u00e9part de Rabat avec guide officiel","description":"Profitez de cette visite priv\u00e9e de Casablanca au d\u00e9part de Rabat avec un guide local et exp\u00e9riment\u00e9 et un v\u00e9hicule priv\u00e9 avec chauffeur. Entr\u00e9es aux sites principaux incluses.","robots":{"index":"index","follow":"follow","max-snippet":"max-snippet:-1","max-image-preview":"max-image-preview:large","max-video-preview":"max-video-preview:-1"},"canonical":"https:\/\/tourtravelandmore.com\/fr\/tours\/maroc-fr\/rabat-fr\/visite-privee-de-casablanca-au-depart-de-rabat\/","og_locale":"fr_FR","og_type":"article","og_title":"Visite priv\u00e9e de Casablanca au d\u00e9part de Rabat","og_description":"Profitez de cette visite priv\u00e9e de Casablanca au d\u00e9part de Rabat avec un guide local et exp\u00e9riment\u00e9 et un v\u00e9hicule priv\u00e9 avec chauffeur. Entr\u00e9es aux sites principaux incluses.","og_url":"https:\/\/tourtravelandmore.com\/fr\/tours\/maroc-fr\/rabat-fr\/visite-privee-de-casablanca-au-depart-de-rabat\/","og_site_name":"Tour Travel And More","article_publisher":"https:\/\/www.facebook.com\/tourtravelandmore\/","article_modified_time":"2021-03-16T09:47:36+00:00","og_image":[{"width":1024,"height":735,"url":"https:\/\/tourtravelandmore.com\/wp-content\/uploads\/2019\/02\/casablanca-city-tour-ggg.jpg","type":"image\/jpeg"}],"twitter_card":"summary_large_image","twitter_site":"@TourTravel_More","twitter_misc":{"Dur\u00e9e de lecture estim\u00e9e":"2 minutes"},"schema":{"@context":"https:\/\/schema.org","@graph":[{"@type":"WebPage","@id":"https:\/\/tourtravelandmore.com\/fr\/tours\/maroc-fr\/rabat-fr\/visite-privee-de-casablanca-au-depart-de-rabat\/","url":"https:\/\/tourtravelandmore.com\/fr\/tours\/maroc-fr\/rabat-fr\/visite-privee-de-casablanca-au-depart-de-rabat\/","name":"Visite priv\u00e9e de Casablanca au d\u00e9part de Rabat avec guide officiel","isPartOf":{"@id":"https:\/\/tourtravelandmore.com\/fr\/#website"},"primaryImageOfPage":{"@id":"https:\/\/tourtravelandmore.com\/fr\/tours\/maroc-fr\/rabat-fr\/visite-privee-de-casablanca-au-depart-de-rabat\/#primaryimage"},"image":{"@id":"https:\/\/tourtravelandmore.com\/fr\/tours\/maroc-fr\/rabat-fr\/visite-privee-de-casablanca-au-depart-de-rabat\/#primaryimage"},"thumbnailUrl":"https:\/\/tourtravelandmore.com\/wp-content\/uploads\/2019\/02\/casablanca-city-tour-ggg.jpg","datePublished":"2019-02-13T08:53:56+00:00","dateModified":"2021-03-16T09:47:36+00:00","description":"Profitez de cette visite priv\u00e9e de Casablanca au d\u00e9part de Rabat avec un guide local et exp\u00e9riment\u00e9 et un v\u00e9hicule priv\u00e9 avec chauffeur. Entr\u00e9es aux sites principaux incluses.","breadcrumb":{"@id":"https:\/\/tourtravelandmore.com\/fr\/tours\/maroc-fr\/rabat-fr\/visite-privee-de-casablanca-au-depart-de-rabat\/#breadcrumb"},"inLanguage":"fr-FR","potentialAction":[{"@type":"ReadAction","target":["https:\/\/tourtravelandmore.com\/fr\/tours\/maroc-fr\/rabat-fr\/visite-privee-de-casablanca-au-depart-de-rabat\/"]}]},{"@type":"ImageObject","inLanguage":"fr-FR","@id":"https:\/\/tourtravelandmore.com\/fr\/tours\/maroc-fr\/rabat-fr\/visite-privee-de-casablanca-au-depart-de-rabat\/#primaryimage","url":"https:\/\/tourtravelandmore.com\/wp-content\/uploads\/2019\/02\/casablanca-city-tour-ggg.jpg","contentUrl":"https:\/\/tourtravelandmore.com\/wp-content\/uploads\/2019\/02\/casablanca-city-tour-ggg.jpg","width":1024,"height":735},{"@type":"BreadcrumbList","@id":"https:\/\/tourtravelandmore.com\/fr\/tours\/maroc-fr\/rabat-fr\/visite-privee-de-casablanca-au-depart-de-rabat\/#breadcrumb","itemListElement":[{"@type":"ListItem","position":1,"name":"Home","item":"https:\/\/tourtravelandmore.com\/fr\/"},{"@type":"ListItem","position":2,"name":"Tours","item":"https:\/\/tourtravelandmore.com\/fr\/tours\/"},{"@type":"ListItem","position":3,"name":"Visite priv\u00e9e de Casablanca au d\u00e9part de Rabat"}]},{"@type":"WebSite","@id":"https:\/\/tourtravelandmore.com\/fr\/#website","url":"https:\/\/tourtravelandmore.com\/fr\/","name":"Tour Travel And More","description":"Private sightseeing tours and luxury transfers in Spain","publisher":{"@id":"https:\/\/tourtravelandmore.com\/fr\/#organization"},"potentialAction":[{"@type":"SearchAction","target":{"@type":"EntryPoint","urlTemplate":"https:\/\/tourtravelandmore.com\/fr\/?s={search_term_string}"},"query-input":{"@type":"PropertyValueSpecification","valueRequired":true,"valueName":"search_term_string"}}],"inLanguage":"fr-FR"},{"@type":"Organization","@id":"https:\/\/tourtravelandmore.com\/fr\/#organization","name":"Tour Travel And More","url":"https:\/\/tourtravelandmore.com\/fr\/","logo":{"@type":"ImageObject","inLanguage":"fr-FR","@id":"https:\/\/tourtravelandmore.com\/fr\/#\/schema\/logo\/image\/","url":"https:\/\/tourtravelandmore.com\/wp-content\/uploads\/2022\/12\/cropped-logo-cabecera-new.png","contentUrl":"https:\/\/tourtravelandmore.com\/wp-content\/uploads\/2022\/12\/cropped-logo-cabecera-new.png","width":430,"height":61,"caption":"Tour Travel And More"},"image":{"@id":"https:\/\/tourtravelandmore.com\/fr\/#\/schema\/logo\/image\/"},"sameAs":["https:\/\/www.facebook.com\/tourtravelandmore\/","https:\/\/x.com\/TourTravel_More"]}]}},"_links":{"self":[{"href":"https:\/\/tourtravelandmore.com\/fr\/wp-json\/wp\/v2\/product\/103631","targetHints":{"allow":["GET"]}}],"collection":[{"href":"https:\/\/tourtravelandmore.com\/fr\/wp-json\/wp\/v2\/product"}],"about":[{"href":"https:\/\/tourtravelandmore.com\/fr\/wp-json\/wp\/v2\/types\/product"}],"replies":[{"embeddable":true,"href":"https:\/\/tourtravelandmore.com\/fr\/wp-json\/wp\/v2\/comments?post=103631"}],"wp:featuredmedia":[{"embeddable":true,"href":"https:\/\/tourtravelandmore.com\/fr\/wp-json\/wp\/v2\/media\/95544"}],"wp:attachment":[{"href":"https:\/\/tourtravelandmore.com\/fr\/wp-json\/wp\/v2\/media?parent=103631"}],"wp:term":[{"taxonomy":"product_brand","embeddable":true,"href":"https:\/\/tourtravelandmore.com\/fr\/wp-json\/wp\/v2\/product_brand?post=103631"},{"taxonomy":"product_cat","embeddable":true,"href":"https:\/\/tourtravelandmore.com\/fr\/wp-json\/wp\/v2\/product_cat?post=103631"},{"taxonomy":"product_tag","embeddable":true,"href":"https:\/\/tourtravelandmore.com\/fr\/wp-json\/wp\/v2\/product_tag?post=103631"}],"curies":[{"name":"wp","href":"https:\/\/api.w.org\/{rel}","templated":true}]}}