{"id":103618,"date":"2020-08-17T13:46:01","date_gmt":"2020-08-17T11:46:01","guid":{"rendered":"https:\/\/tourtravelandmore.com\/tours\/non%20class\u00e9\/disposition-du-bateau-prive-de-zadar\/"},"modified":"2025-02-10T17:01:36","modified_gmt":"2025-02-10T16:01:36","slug":"disposition-du-bateau-prive-de-zadar","status":"publish","type":"product","link":"https:\/\/tourtravelandmore.com\/fr\/tours\/croacia-fr-fr\/zadar-fr\/disposition-du-bateau-prive-de-zadar\/","title":{"rendered":"Disposition du bateau priv\u00e9 de Zadar"},"content":{"rendered":"<h2>Description<\/h2>\n<p>La merveilleuse ville de Zadar est entour\u00e9e de magnifiques \u00eeles et du magnifique parc national des \u00eeles Kornati. Il n&#8217;y a pas de meilleure fa\u00e7on de d\u00e9couvrir l&#8217;archipel de Zadar et le parc national qu&#8217;avec un bateau priv\u00e9. Contactez-nous et laissez-nous vous aider \u00e0 organiser votre bateau priv\u00e9 au d\u00e9part de Zadar.<\/p>\n<p>Nous pouvons organiser des dispositions d&#8217;une demi-journ\u00e9e ou d&#8217;une journ\u00e9e compl\u00e8te \u00e0 partir de Zadar. L&#8217;itin\u00e9raire final est totalement adaptable \u00e0 votre int\u00e9r\u00eat personnel. Contactez-nous et nous vous aiderons \u00e0 organiser un itin\u00e9raire personnalis\u00e9.<\/p>\n<p>Si vous souhaitez un autre type d&#8217;excursion priv\u00e9e au d\u00e9part de Zadar, veuillez consulter notre liste de visites priv\u00e9es.<\/p>\n<h2>Sites d&#8217;int\u00e9r\u00eat et points de rep\u00e8re<\/h2>\n<p>La ville de Zadar est situ\u00e9e dans la r\u00e9gion de la Dalmatie, au c\u0153ur de la Croatie. La ville est tr\u00e8s connue pour son architecture et deux \u0153uvres modernes de Nikola Ba\u0161i\u0107; L&#8217;orgue marin et la salutation au soleil. Outre la ville, cette r\u00e9gion particuli\u00e8re offre un tr\u00e8s large choix d&#8217;\u00eeles et de beaux sites pour se d\u00e9tendre et profiter de la mer Adriatique.<\/p>\n<p>L&#8217;archipel de Zadar et des \u00eeles Kornati comprend plus de 300 \u00eeles, dont 89 sont inhabit\u00e9es. Les 3 \u00eeles les plus connues et les plus grandes sont Dugi Otok, Ugljan et Pa\u0161man. Plus au sud, vous trouverez les \u00eeles Kornati. Cette r\u00e9gion est un parc national et elle est tr\u00e8s connue pour sa belle nature intacte.<\/p>\n<p>Au cours de notre bateau priv\u00e9 au d\u00e9part de Zadar, vous pourrez visiter les sites que vous d\u00e9sirez. Vous aurez un skipper professionnel et un bateau priv\u00e9 \u00e0 votre enti\u00e8re disposition. Au cas o\u00f9 vous auriez besoin, nous pouvons \u00e9galement organiser un guide priv\u00e9 et un transfert priv\u00e9 de votre h\u00e9bergement au port. La dur\u00e9e de la disposition est \u00e9galement modulable en fonction de votre int\u00e9r\u00eat personnel.<\/p>\n<p>Nous pouvons organiser des bateaux rapides, des yachts ou le type de bateau que vous pr\u00e9f\u00e9rez. Contactez-nous pour une exp\u00e9rience personnalis\u00e9e!<\/p>\n","protected":false},"excerpt":{"rendered":"<p>Profitez d&#8217;une exp\u00e9rience de luxe priv\u00e9e lors de votre visite \u00e0 Zadar. Contactez-nous et laissez-nous vous aider \u00e0 organiser une disposition de bateau priv\u00e9 au d\u00e9part de Zadar. L&#8217;itin\u00e9raire est adaptable \u00e0 vos int\u00e9r\u00eats personnels. L&#8217;archipel de Zadar se compose de plus de 300 \u00eeles, explorez cet endroit merveilleux et le parc national des \u00eeles Kornati sur une disposition de bateau priv\u00e9 \u00e0 la journ\u00e9e au d\u00e9part de Zadar.<\/p>\n<p>&nbsp;<\/p>\n","protected":false},"featured_media":98085,"comment_status":"open","ping_status":"closed","template":"","meta":{"_acf_changed":false},"product_brand":[],"product_cat":[5461,5462,3781],"product_tag":[],"class_list":{"0":"post-103618","1":"product","2":"type-product","3":"status-publish","4":"has-post-thumbnail","6":"product_cat-all-private-tours-and-activities-fr-12","7":"product_cat-croisieres","8":"product_cat-zadar-fr","10":"first","11":"instock","12":"shipping-taxable","13":"purchasable","14":"product-type-simple"},"acf":[],"yoast_head":"<!-- This site is optimized with the Yoast SEO Premium plugin v25.3.1 (Yoast SEO v25.3.1) - https:\/\/yoast.com\/wordpress\/plugins\/seo\/ -->\n<title>Bateau priv\u00e9 de Zadar - Skipper professionnel \u00e0 votre disposition<\/title>\n<meta name=\"description\" content=\"Profitez d&#039;une exp\u00e9rience de luxe lors de votre visite \u00e0 Zadar. Visitez l&#039;archipel et les \u00eeles Kornati avec votre skipper professionnel et un bateau priv\u00e9 au d\u00e9part de Zadar\" \/>\n<meta name=\"robots\" content=\"index, follow, max-snippet:-1, max-image-preview:large, max-video-preview:-1\" \/>\n<link rel=\"canonical\" href=\"https:\/\/tourtravelandmore.com\/fr\/tours\/croacia-fr-fr\/zadar-fr\/disposition-du-bateau-prive-de-zadar\/\" \/>\n<meta property=\"og:locale\" content=\"fr_FR\" \/>\n<meta property=\"og:type\" content=\"article\" \/>\n<meta property=\"og:title\" content=\"Disposition du bateau priv\u00e9 de Zadar\" \/>\n<meta property=\"og:description\" content=\"Profitez d&#039;une exp\u00e9rience de luxe lors de votre visite \u00e0 Zadar. Visitez l&#039;archipel et les \u00eeles Kornati avec votre skipper professionnel et un bateau priv\u00e9 au d\u00e9part de Zadar\" \/>\n<meta property=\"og:url\" content=\"https:\/\/tourtravelandmore.com\/fr\/tours\/croacia-fr-fr\/zadar-fr\/disposition-du-bateau-prive-de-zadar\/\" \/>\n<meta property=\"og:site_name\" content=\"Tour Travel And More\" \/>\n<meta property=\"article:publisher\" content=\"https:\/\/www.facebook.com\/tourtravelandmore\/\" \/>\n<meta property=\"article:modified_time\" content=\"2025-02-10T16:01:36+00:00\" \/>\n<meta property=\"og:image\" content=\"https:\/\/tourtravelandmore.com\/wp-content\/uploads\/2020\/08\/kornati-islands-island-group-abendstimmung-landscape-sea-croatia-rest-coast-horizon-min.jpg\" \/>\n\t<meta property=\"og:image:width\" content=\"880\" \/>\n\t<meta property=\"og:image:height\" content=\"495\" \/>\n\t<meta property=\"og:image:type\" content=\"image\/jpeg\" \/>\n<meta name=\"twitter:card\" content=\"summary_large_image\" \/>\n<meta name=\"twitter:site\" content=\"@TourTravel_More\" \/>\n<meta name=\"twitter:label1\" content=\"Dur\u00e9e de lecture estim\u00e9e\" \/>\n\t<meta name=\"twitter:data1\" content=\"2 minutes\" \/>\n<script type=\"application\/ld+json\" class=\"yoast-schema-graph\">{\"@context\":\"https:\/\/schema.org\",\"@graph\":[{\"@type\":\"WebPage\",\"@id\":\"https:\/\/tourtravelandmore.com\/fr\/tours\/croacia-fr-fr\/zadar-fr\/disposition-du-bateau-prive-de-zadar\/\",\"url\":\"https:\/\/tourtravelandmore.com\/fr\/tours\/croacia-fr-fr\/zadar-fr\/disposition-du-bateau-prive-de-zadar\/\",\"name\":\"Bateau priv\u00e9 de Zadar - Skipper professionnel \u00e0 votre disposition\",\"isPartOf\":{\"@id\":\"https:\/\/tourtravelandmore.com\/fr\/#website\"},\"primaryImageOfPage\":{\"@id\":\"https:\/\/tourtravelandmore.com\/fr\/tours\/croacia-fr-fr\/zadar-fr\/disposition-du-bateau-prive-de-zadar\/#primaryimage\"},\"image\":{\"@id\":\"https:\/\/tourtravelandmore.com\/fr\/tours\/croacia-fr-fr\/zadar-fr\/disposition-du-bateau-prive-de-zadar\/#primaryimage\"},\"thumbnailUrl\":\"https:\/\/tourtravelandmore.com\/wp-content\/uploads\/2020\/08\/kornati-islands-island-group-abendstimmung-landscape-sea-croatia-rest-coast-horizon-min.jpg\",\"datePublished\":\"2020-08-17T11:46:01+00:00\",\"dateModified\":\"2025-02-10T16:01:36+00:00\",\"description\":\"Profitez d'une exp\u00e9rience de luxe lors de votre visite \u00e0 Zadar. Visitez l'archipel et les \u00eeles Kornati avec votre skipper professionnel et un bateau priv\u00e9 au d\u00e9part de Zadar\",\"breadcrumb\":{\"@id\":\"https:\/\/tourtravelandmore.com\/fr\/tours\/croacia-fr-fr\/zadar-fr\/disposition-du-bateau-prive-de-zadar\/#breadcrumb\"},\"inLanguage\":\"fr-FR\",\"potentialAction\":[{\"@type\":\"ReadAction\",\"target\":[\"https:\/\/tourtravelandmore.com\/fr\/tours\/croacia-fr-fr\/zadar-fr\/disposition-du-bateau-prive-de-zadar\/\"]}]},{\"@type\":\"ImageObject\",\"inLanguage\":\"fr-FR\",\"@id\":\"https:\/\/tourtravelandmore.com\/fr\/tours\/croacia-fr-fr\/zadar-fr\/disposition-du-bateau-prive-de-zadar\/#primaryimage\",\"url\":\"https:\/\/tourtravelandmore.com\/wp-content\/uploads\/2020\/08\/kornati-islands-island-group-abendstimmung-landscape-sea-croatia-rest-coast-horizon-min.jpg\",\"contentUrl\":\"https:\/\/tourtravelandmore.com\/wp-content\/uploads\/2020\/08\/kornati-islands-island-group-abendstimmung-landscape-sea-croatia-rest-coast-horizon-min.jpg\",\"width\":880,\"height\":495},{\"@type\":\"BreadcrumbList\",\"@id\":\"https:\/\/tourtravelandmore.com\/fr\/tours\/croacia-fr-fr\/zadar-fr\/disposition-du-bateau-prive-de-zadar\/#breadcrumb\",\"itemListElement\":[{\"@type\":\"ListItem\",\"position\":1,\"name\":\"Home\",\"item\":\"https:\/\/tourtravelandmore.com\/fr\/\"},{\"@type\":\"ListItem\",\"position\":2,\"name\":\"Tours\",\"item\":\"https:\/\/tourtravelandmore.com\/fr\/tours\/\"},{\"@type\":\"ListItem\",\"position\":3,\"name\":\"Disposition du bateau priv\u00e9 de Zadar\"}]},{\"@type\":\"WebSite\",\"@id\":\"https:\/\/tourtravelandmore.com\/fr\/#website\",\"url\":\"https:\/\/tourtravelandmore.com\/fr\/\",\"name\":\"Tour Travel And More\",\"description\":\"Private sightseeing tours and luxury transfers in Spain\",\"publisher\":{\"@id\":\"https:\/\/tourtravelandmore.com\/fr\/#organization\"},\"potentialAction\":[{\"@type\":\"SearchAction\",\"target\":{\"@type\":\"EntryPoint\",\"urlTemplate\":\"https:\/\/tourtravelandmore.com\/fr\/?s={search_term_string}\"},\"query-input\":{\"@type\":\"PropertyValueSpecification\",\"valueRequired\":true,\"valueName\":\"search_term_string\"}}],\"inLanguage\":\"fr-FR\"},{\"@type\":\"Organization\",\"@id\":\"https:\/\/tourtravelandmore.com\/fr\/#organization\",\"name\":\"Tour Travel And More\",\"url\":\"https:\/\/tourtravelandmore.com\/fr\/\",\"logo\":{\"@type\":\"ImageObject\",\"inLanguage\":\"fr-FR\",\"@id\":\"https:\/\/tourtravelandmore.com\/fr\/#\/schema\/logo\/image\/\",\"url\":\"https:\/\/tourtravelandmore.com\/wp-content\/uploads\/2022\/12\/cropped-logo-cabecera-new.png\",\"contentUrl\":\"https:\/\/tourtravelandmore.com\/wp-content\/uploads\/2022\/12\/cropped-logo-cabecera-new.png\",\"width\":430,\"height\":61,\"caption\":\"Tour Travel And More\"},\"image\":{\"@id\":\"https:\/\/tourtravelandmore.com\/fr\/#\/schema\/logo\/image\/\"},\"sameAs\":[\"https:\/\/www.facebook.com\/tourtravelandmore\/\",\"https:\/\/x.com\/TourTravel_More\"]}]}<\/script>\n<!-- \/ Yoast SEO Premium plugin. -->","yoast_head_json":{"title":"Bateau priv\u00e9 de Zadar - Skipper professionnel \u00e0 votre disposition","description":"Profitez d'une exp\u00e9rience de luxe lors de votre visite \u00e0 Zadar. Visitez l'archipel et les \u00eeles Kornati avec votre skipper professionnel et un bateau priv\u00e9 au d\u00e9part de Zadar","robots":{"index":"index","follow":"follow","max-snippet":"max-snippet:-1","max-image-preview":"max-image-preview:large","max-video-preview":"max-video-preview:-1"},"canonical":"https:\/\/tourtravelandmore.com\/fr\/tours\/croacia-fr-fr\/zadar-fr\/disposition-du-bateau-prive-de-zadar\/","og_locale":"fr_FR","og_type":"article","og_title":"Disposition du bateau priv\u00e9 de Zadar","og_description":"Profitez d'une exp\u00e9rience de luxe lors de votre visite \u00e0 Zadar. Visitez l'archipel et les \u00eeles Kornati avec votre skipper professionnel et un bateau priv\u00e9 au d\u00e9part de Zadar","og_url":"https:\/\/tourtravelandmore.com\/fr\/tours\/croacia-fr-fr\/zadar-fr\/disposition-du-bateau-prive-de-zadar\/","og_site_name":"Tour Travel And More","article_publisher":"https:\/\/www.facebook.com\/tourtravelandmore\/","article_modified_time":"2025-02-10T16:01:36+00:00","og_image":[{"width":880,"height":495,"url":"https:\/\/tourtravelandmore.com\/wp-content\/uploads\/2020\/08\/kornati-islands-island-group-abendstimmung-landscape-sea-croatia-rest-coast-horizon-min.jpg","type":"image\/jpeg"}],"twitter_card":"summary_large_image","twitter_site":"@TourTravel_More","twitter_misc":{"Dur\u00e9e de lecture estim\u00e9e":"2 minutes"},"schema":{"@context":"https:\/\/schema.org","@graph":[{"@type":"WebPage","@id":"https:\/\/tourtravelandmore.com\/fr\/tours\/croacia-fr-fr\/zadar-fr\/disposition-du-bateau-prive-de-zadar\/","url":"https:\/\/tourtravelandmore.com\/fr\/tours\/croacia-fr-fr\/zadar-fr\/disposition-du-bateau-prive-de-zadar\/","name":"Bateau priv\u00e9 de Zadar - Skipper professionnel \u00e0 votre disposition","isPartOf":{"@id":"https:\/\/tourtravelandmore.com\/fr\/#website"},"primaryImageOfPage":{"@id":"https:\/\/tourtravelandmore.com\/fr\/tours\/croacia-fr-fr\/zadar-fr\/disposition-du-bateau-prive-de-zadar\/#primaryimage"},"image":{"@id":"https:\/\/tourtravelandmore.com\/fr\/tours\/croacia-fr-fr\/zadar-fr\/disposition-du-bateau-prive-de-zadar\/#primaryimage"},"thumbnailUrl":"https:\/\/tourtravelandmore.com\/wp-content\/uploads\/2020\/08\/kornati-islands-island-group-abendstimmung-landscape-sea-croatia-rest-coast-horizon-min.jpg","datePublished":"2020-08-17T11:46:01+00:00","dateModified":"2025-02-10T16:01:36+00:00","description":"Profitez d'une exp\u00e9rience de luxe lors de votre visite \u00e0 Zadar. Visitez l'archipel et les \u00eeles Kornati avec votre skipper professionnel et un bateau priv\u00e9 au d\u00e9part de Zadar","breadcrumb":{"@id":"https:\/\/tourtravelandmore.com\/fr\/tours\/croacia-fr-fr\/zadar-fr\/disposition-du-bateau-prive-de-zadar\/#breadcrumb"},"inLanguage":"fr-FR","potentialAction":[{"@type":"ReadAction","target":["https:\/\/tourtravelandmore.com\/fr\/tours\/croacia-fr-fr\/zadar-fr\/disposition-du-bateau-prive-de-zadar\/"]}]},{"@type":"ImageObject","inLanguage":"fr-FR","@id":"https:\/\/tourtravelandmore.com\/fr\/tours\/croacia-fr-fr\/zadar-fr\/disposition-du-bateau-prive-de-zadar\/#primaryimage","url":"https:\/\/tourtravelandmore.com\/wp-content\/uploads\/2020\/08\/kornati-islands-island-group-abendstimmung-landscape-sea-croatia-rest-coast-horizon-min.jpg","contentUrl":"https:\/\/tourtravelandmore.com\/wp-content\/uploads\/2020\/08\/kornati-islands-island-group-abendstimmung-landscape-sea-croatia-rest-coast-horizon-min.jpg","width":880,"height":495},{"@type":"BreadcrumbList","@id":"https:\/\/tourtravelandmore.com\/fr\/tours\/croacia-fr-fr\/zadar-fr\/disposition-du-bateau-prive-de-zadar\/#breadcrumb","itemListElement":[{"@type":"ListItem","position":1,"name":"Home","item":"https:\/\/tourtravelandmore.com\/fr\/"},{"@type":"ListItem","position":2,"name":"Tours","item":"https:\/\/tourtravelandmore.com\/fr\/tours\/"},{"@type":"ListItem","position":3,"name":"Disposition du bateau priv\u00e9 de Zadar"}]},{"@type":"WebSite","@id":"https:\/\/tourtravelandmore.com\/fr\/#website","url":"https:\/\/tourtravelandmore.com\/fr\/","name":"Tour Travel And More","description":"Private sightseeing tours and luxury transfers in Spain","publisher":{"@id":"https:\/\/tourtravelandmore.com\/fr\/#organization"},"potentialAction":[{"@type":"SearchAction","target":{"@type":"EntryPoint","urlTemplate":"https:\/\/tourtravelandmore.com\/fr\/?s={search_term_string}"},"query-input":{"@type":"PropertyValueSpecification","valueRequired":true,"valueName":"search_term_string"}}],"inLanguage":"fr-FR"},{"@type":"Organization","@id":"https:\/\/tourtravelandmore.com\/fr\/#organization","name":"Tour Travel And More","url":"https:\/\/tourtravelandmore.com\/fr\/","logo":{"@type":"ImageObject","inLanguage":"fr-FR","@id":"https:\/\/tourtravelandmore.com\/fr\/#\/schema\/logo\/image\/","url":"https:\/\/tourtravelandmore.com\/wp-content\/uploads\/2022\/12\/cropped-logo-cabecera-new.png","contentUrl":"https:\/\/tourtravelandmore.com\/wp-content\/uploads\/2022\/12\/cropped-logo-cabecera-new.png","width":430,"height":61,"caption":"Tour Travel And More"},"image":{"@id":"https:\/\/tourtravelandmore.com\/fr\/#\/schema\/logo\/image\/"},"sameAs":["https:\/\/www.facebook.com\/tourtravelandmore\/","https:\/\/x.com\/TourTravel_More"]}]}},"_links":{"self":[{"href":"https:\/\/tourtravelandmore.com\/fr\/wp-json\/wp\/v2\/product\/103618","targetHints":{"allow":["GET"]}}],"collection":[{"href":"https:\/\/tourtravelandmore.com\/fr\/wp-json\/wp\/v2\/product"}],"about":[{"href":"https:\/\/tourtravelandmore.com\/fr\/wp-json\/wp\/v2\/types\/product"}],"replies":[{"embeddable":true,"href":"https:\/\/tourtravelandmore.com\/fr\/wp-json\/wp\/v2\/comments?post=103618"}],"wp:featuredmedia":[{"embeddable":true,"href":"https:\/\/tourtravelandmore.com\/fr\/wp-json\/wp\/v2\/media\/98085"}],"wp:attachment":[{"href":"https:\/\/tourtravelandmore.com\/fr\/wp-json\/wp\/v2\/media?parent=103618"}],"wp:term":[{"taxonomy":"product_brand","embeddable":true,"href":"https:\/\/tourtravelandmore.com\/fr\/wp-json\/wp\/v2\/product_brand?post=103618"},{"taxonomy":"product_cat","embeddable":true,"href":"https:\/\/tourtravelandmore.com\/fr\/wp-json\/wp\/v2\/product_cat?post=103618"},{"taxonomy":"product_tag","embeddable":true,"href":"https:\/\/tourtravelandmore.com\/fr\/wp-json\/wp\/v2\/product_tag?post=103618"}],"curies":[{"name":"wp","href":"https:\/\/api.w.org\/{rel}","templated":true}]}}