{"id":103608,"date":"2020-08-14T09:50:54","date_gmt":"2020-08-14T07:50:54","guid":{"rendered":"https:\/\/tourtravelandmore.com\/tours\/non%20class\u00e9\/visite-privee-de-trogir-et-split-au-depart-de-zadar\/"},"modified":"2025-02-14T17:44:48","modified_gmt":"2025-02-14T16:44:48","slug":"visite-privee-de-trogir-et-split-au-depart-de-zadar","status":"publish","type":"product","link":"https:\/\/tourtravelandmore.com\/fr\/tours\/croacia-fr-fr\/zadar-fr\/visite-privee-de-trogir-et-split-au-depart-de-zadar\/","title":{"rendered":"Visite priv\u00e9e de Trogir et Split au d\u00e9part de Zadar"},"content":{"rendered":"<h2>Description<\/h2>\n<p>La r\u00e9gion dalmate de la Croatie a, outre les magnifiques parcs nationaux, beaucoup \u00e0 offrir. La r\u00e9gion a une histoire et un patrimoine vari\u00e9s, parmi lesquels Trogir et Split. Au cours de notre visite priv\u00e9e \u00e0 Trogir et Split au d\u00e9part de Zadar, vous pourrez visiter une ville insulaire de l&#8217;UNESCO et le vieux centre de Split avec un guide officiel local.<\/p>\n<p>Split est situ\u00e9e sur une petite p\u00e9ninsule et tire son nom des anciens Grecs qui s&#8217;y install\u00e8rent au 4\u00e8me si\u00e8cle. Son nom vient du mot grec \u00abAspalathos\u00bb, qui signifie en espagnol fleur de gen\u00eat.<\/p>\n<p>D&#8217;autre part, Trogir est une ville historique situ\u00e9e dans les murs m\u00e9di\u00e9vaux sur une petite \u00eele. Il est reli\u00e9 par deux ponts entre l&#8217;\u00eele de Ciovo et le continent. En raison de son agencement urbain unique et de la pertinence de certains de ses b\u00e2timents baroques et Renaissance, Trogir a \u00e9t\u00e9 d\u00e9clar\u00e9e patrimoine mondial de l&#8217;UNESCO en 1997.<\/p>\n<p>Avec notre visite priv\u00e9e \u00e0 Trogir et Split, vous apprendrez l&#8217;histoire et le patrimoine des deux sites. Votre chauffeur priv\u00e9 et votre guide officiel seront \u00e0 votre enti\u00e8re disposition pendant toute la dur\u00e9e de la visite.<\/p>\n<h2>Sites d&#8217;int\u00e9r\u00eat et points de rep\u00e8re<\/h2>\n<p>Tout d&#8217;abord, votre chauffeur priv\u00e9 viendra vous chercher \u00e0 l&#8217;endroit souhait\u00e9 \u00e0 Zadar. Nous pouvons organiser la prise en charge \u00e0 votre h\u00f4tel, appartement ou port de croisi\u00e8re. L&#8217;heure de prise en charge d\u00e9pend de vous.<\/p>\n<p>Apr\u00e8s cela, vous conduirez environ 90 minutes jusqu&#8217;\u00e0 la ville insulaire de Trogir. Une fois sur place, vous rencontrerez votre guide priv\u00e9 et marcherez le long de ses rues pav\u00e9es, de ses places et de sa promenade en bord de mer pour admirer sa vue imprenable. Parmi les autres sites que vous visiterez:<\/p>\n<ul>\n<li>Cath\u00e9drale Saint-Laurent: Construite entre le 13\u00e8me et le 15\u00e8me si\u00e8cle, est l&#8217;attraction principale de Trogir<\/li>\n<li>Fort v\u00e9nitien de Kamerlengo: Il a \u00e9t\u00e9 construit par les V\u00e9nitiens entre le Xlll et le XVe si\u00e8cle comme base navale pour<\/li>\n<li>leurs forces navales dans cette partie de l&#8217;Adriatique.<\/li>\n<li>Palais de la Renaissance m\u00e9di\u00e9vale<\/li>\n<li>Maisons locales en calcaire<\/li>\n<li>et beaucoup plus!<\/li>\n<\/ul>\n<p>Apr\u00e8s avoir explor\u00e9 Trogir, vous continuerez vers Split pour une visite guid\u00e9e de la vieille ville. Une fois sur place, votre guide officiel priv\u00e9 vous montrera les sites les plus embl\u00e9matiques de la ville. Split est la deuxi\u00e8me plus grande ville de Croatie, cela se voit dans son mouvement quotidien. La ville allie parfaitement son histoire \u00e0 la modernit\u00e9, offrant des sites historiques comme le palais de Diocl\u00e9tien et une large offre de bars, caf\u00e9s et restaurants. Parmi d&#8217;autres sites lors de votre visite priv\u00e9e, vous visiterez:<\/p>\n<ul>\n<li>Palais de Diocl\u00e9tien: l&#8217;un des monuments de l&#8217;architecture romaine les mieux conserv\u00e9s au monde.<\/li>\n<li>Cath\u00e9drale Saint-Domius: la plus ancienne cath\u00e9drale d&#8217;Europe<\/li>\n<li>P\u00e9ristyle: \u00e0 l&#8217;origine la cour de la forteresse construite par l&#8217;un des derniers empereurs romains.<\/li>\n<li>Golden Gate: C&#8217;\u00e9tait la porte par laquelle l&#8217;empereur Diocl\u00e9tien est entr\u00e9 en entrant dans le palais le 1er juin 305<\/li>\n<li>Riva: La promenade et le lieu public le plus visit\u00e9 de la ville<\/li>\n<li>et beaucoup plus!<\/li>\n<\/ul>\n<p>Si vous souhaitez visiter un monument ou un mus\u00e9e en particulier, veuillez nous en informer et nous organiserons l&#8217;entr\u00e9e des billets pour vous. Vous aurez bien s\u00fbr du temps libre pour le d\u00e9jeuner pendant votre excursion d&#8217;une journ\u00e9e. Notre guide local vous recommandera les meilleurs endroits pour d\u00e9guster la cuisine locale.<\/p>\n<p>Enfin, votre chauffeur priv\u00e9 vous ram\u00e8nera \u00e0 Zadar.<\/p>\n","protected":false},"excerpt":{"rendered":"<p>Tirez le meilleur parti de votre s\u00e9jour \u00e0 Zadar et profitez d&#8217;une excursion priv\u00e9e d&#8217;une journ\u00e9e \u00e0 Trogir et \u00e0 Split. Au cours de votre visite, vous apprendrez l&#8217;histoire des deux sites et visiterez ses principaux sites. Vous visiterez des sites du patrimoine mondial de l&#8217;UNESCO \u00e0 c\u00f4t\u00e9 de votre guide officiel priv\u00e9 et chauffeur priv\u00e9 dans un v\u00e9hicule de luxe. Contactez-nous pour une exp\u00e9rience personnalis\u00e9e.<\/p>\n","protected":false},"featured_media":98057,"comment_status":"open","ping_status":"closed","template":"","meta":{"_acf_changed":false},"product_brand":[],"product_cat":[5461,5462,3781],"product_tag":[],"class_list":{"0":"post-103608","1":"product","2":"type-product","3":"status-publish","4":"has-post-thumbnail","6":"product_cat-all-private-tours-and-activities-fr-12","7":"product_cat-croisieres","8":"product_cat-zadar-fr","10":"first","11":"instock","12":"shipping-taxable","13":"purchasable","14":"product-type-simple"},"acf":[],"yoast_head":"<!-- This site is optimized with the Yoast SEO Premium plugin v25.3.1 (Yoast SEO v25.3.1) - https:\/\/yoast.com\/wordpress\/plugins\/seo\/ -->\n<title>Visite priv\u00e9e de Trogir et Split au d\u00e9part de Zadar avec chauffeur et guide officiel<\/title>\n<meta name=\"description\" content=\"Profitez de cette visite priv\u00e9e de Trogir et de Split confortablement dans votre v\u00e9hicule de luxe priv\u00e9. Visitez la vieille ville de Split et une ville insulaire de l&#039;UNESCO au d\u00e9part de Zadar.\" \/>\n<meta name=\"robots\" content=\"index, follow, max-snippet:-1, max-image-preview:large, max-video-preview:-1\" \/>\n<link rel=\"canonical\" href=\"https:\/\/tourtravelandmore.com\/fr\/tours\/croacia-fr-fr\/zadar-fr\/visite-privee-de-trogir-et-split-au-depart-de-zadar\/\" \/>\n<meta property=\"og:locale\" content=\"fr_FR\" \/>\n<meta property=\"og:type\" content=\"article\" \/>\n<meta property=\"og:title\" content=\"Visite priv\u00e9e de Trogir et Split au d\u00e9part de Zadar\" \/>\n<meta property=\"og:description\" content=\"Profitez de cette visite priv\u00e9e de Trogir et de Split confortablement dans votre v\u00e9hicule de luxe priv\u00e9. Visitez la vieille ville de Split et une ville insulaire de l&#039;UNESCO au d\u00e9part de Zadar.\" \/>\n<meta property=\"og:url\" content=\"https:\/\/tourtravelandmore.com\/fr\/tours\/croacia-fr-fr\/zadar-fr\/visite-privee-de-trogir-et-split-au-depart-de-zadar\/\" \/>\n<meta property=\"og:site_name\" content=\"Tour Travel And More\" \/>\n<meta property=\"article:publisher\" content=\"https:\/\/www.facebook.com\/tourtravelandmore\/\" \/>\n<meta property=\"article:modified_time\" content=\"2025-02-14T16:44:48+00:00\" \/>\n<meta property=\"og:image\" content=\"https:\/\/tourtravelandmore.com\/wp-content\/uploads\/2020\/08\/croatia-split-architecture-city-min.jpg\" \/>\n\t<meta property=\"og:image:width\" content=\"910\" \/>\n\t<meta property=\"og:image:height\" content=\"607\" \/>\n\t<meta property=\"og:image:type\" content=\"image\/jpeg\" \/>\n<meta name=\"twitter:card\" content=\"summary_large_image\" \/>\n<meta name=\"twitter:site\" content=\"@TourTravel_More\" \/>\n<meta name=\"twitter:label1\" content=\"Dur\u00e9e de lecture estim\u00e9e\" \/>\n\t<meta name=\"twitter:data1\" content=\"3 minutes\" \/>\n<script type=\"application\/ld+json\" class=\"yoast-schema-graph\">{\"@context\":\"https:\/\/schema.org\",\"@graph\":[{\"@type\":\"WebPage\",\"@id\":\"https:\/\/tourtravelandmore.com\/fr\/tours\/croacia-fr-fr\/zadar-fr\/visite-privee-de-trogir-et-split-au-depart-de-zadar\/\",\"url\":\"https:\/\/tourtravelandmore.com\/fr\/tours\/croacia-fr-fr\/zadar-fr\/visite-privee-de-trogir-et-split-au-depart-de-zadar\/\",\"name\":\"Visite priv\u00e9e de Trogir et Split au d\u00e9part de Zadar avec chauffeur et guide officiel\",\"isPartOf\":{\"@id\":\"https:\/\/tourtravelandmore.com\/fr\/#website\"},\"primaryImageOfPage\":{\"@id\":\"https:\/\/tourtravelandmore.com\/fr\/tours\/croacia-fr-fr\/zadar-fr\/visite-privee-de-trogir-et-split-au-depart-de-zadar\/#primaryimage\"},\"image\":{\"@id\":\"https:\/\/tourtravelandmore.com\/fr\/tours\/croacia-fr-fr\/zadar-fr\/visite-privee-de-trogir-et-split-au-depart-de-zadar\/#primaryimage\"},\"thumbnailUrl\":\"https:\/\/tourtravelandmore.com\/wp-content\/uploads\/2020\/08\/croatia-split-architecture-city-min.jpg\",\"datePublished\":\"2020-08-14T07:50:54+00:00\",\"dateModified\":\"2025-02-14T16:44:48+00:00\",\"description\":\"Profitez de cette visite priv\u00e9e de Trogir et de Split confortablement dans votre v\u00e9hicule de luxe priv\u00e9. Visitez la vieille ville de Split et une ville insulaire de l'UNESCO au d\u00e9part de Zadar.\",\"breadcrumb\":{\"@id\":\"https:\/\/tourtravelandmore.com\/fr\/tours\/croacia-fr-fr\/zadar-fr\/visite-privee-de-trogir-et-split-au-depart-de-zadar\/#breadcrumb\"},\"inLanguage\":\"fr-FR\",\"potentialAction\":[{\"@type\":\"ReadAction\",\"target\":[\"https:\/\/tourtravelandmore.com\/fr\/tours\/croacia-fr-fr\/zadar-fr\/visite-privee-de-trogir-et-split-au-depart-de-zadar\/\"]}]},{\"@type\":\"ImageObject\",\"inLanguage\":\"fr-FR\",\"@id\":\"https:\/\/tourtravelandmore.com\/fr\/tours\/croacia-fr-fr\/zadar-fr\/visite-privee-de-trogir-et-split-au-depart-de-zadar\/#primaryimage\",\"url\":\"https:\/\/tourtravelandmore.com\/wp-content\/uploads\/2020\/08\/croatia-split-architecture-city-min.jpg\",\"contentUrl\":\"https:\/\/tourtravelandmore.com\/wp-content\/uploads\/2020\/08\/croatia-split-architecture-city-min.jpg\",\"width\":910,\"height\":607},{\"@type\":\"BreadcrumbList\",\"@id\":\"https:\/\/tourtravelandmore.com\/fr\/tours\/croacia-fr-fr\/zadar-fr\/visite-privee-de-trogir-et-split-au-depart-de-zadar\/#breadcrumb\",\"itemListElement\":[{\"@type\":\"ListItem\",\"position\":1,\"name\":\"Home\",\"item\":\"https:\/\/tourtravelandmore.com\/fr\/\"},{\"@type\":\"ListItem\",\"position\":2,\"name\":\"Tours\",\"item\":\"https:\/\/tourtravelandmore.com\/fr\/tours\/\"},{\"@type\":\"ListItem\",\"position\":3,\"name\":\"Visite priv\u00e9e de Trogir et Split au d\u00e9part de Zadar\"}]},{\"@type\":\"WebSite\",\"@id\":\"https:\/\/tourtravelandmore.com\/fr\/#website\",\"url\":\"https:\/\/tourtravelandmore.com\/fr\/\",\"name\":\"Tour Travel And More\",\"description\":\"Private sightseeing tours and luxury transfers in Spain\",\"publisher\":{\"@id\":\"https:\/\/tourtravelandmore.com\/fr\/#organization\"},\"potentialAction\":[{\"@type\":\"SearchAction\",\"target\":{\"@type\":\"EntryPoint\",\"urlTemplate\":\"https:\/\/tourtravelandmore.com\/fr\/?s={search_term_string}\"},\"query-input\":{\"@type\":\"PropertyValueSpecification\",\"valueRequired\":true,\"valueName\":\"search_term_string\"}}],\"inLanguage\":\"fr-FR\"},{\"@type\":\"Organization\",\"@id\":\"https:\/\/tourtravelandmore.com\/fr\/#organization\",\"name\":\"Tour Travel And More\",\"url\":\"https:\/\/tourtravelandmore.com\/fr\/\",\"logo\":{\"@type\":\"ImageObject\",\"inLanguage\":\"fr-FR\",\"@id\":\"https:\/\/tourtravelandmore.com\/fr\/#\/schema\/logo\/image\/\",\"url\":\"https:\/\/tourtravelandmore.com\/wp-content\/uploads\/2022\/12\/cropped-logo-cabecera-new.png\",\"contentUrl\":\"https:\/\/tourtravelandmore.com\/wp-content\/uploads\/2022\/12\/cropped-logo-cabecera-new.png\",\"width\":430,\"height\":61,\"caption\":\"Tour Travel And More\"},\"image\":{\"@id\":\"https:\/\/tourtravelandmore.com\/fr\/#\/schema\/logo\/image\/\"},\"sameAs\":[\"https:\/\/www.facebook.com\/tourtravelandmore\/\",\"https:\/\/x.com\/TourTravel_More\"]}]}<\/script>\n<!-- \/ Yoast SEO Premium plugin. -->","yoast_head_json":{"title":"Visite priv\u00e9e de Trogir et Split au d\u00e9part de Zadar avec chauffeur et guide officiel","description":"Profitez de cette visite priv\u00e9e de Trogir et de Split confortablement dans votre v\u00e9hicule de luxe priv\u00e9. Visitez la vieille ville de Split et une ville insulaire de l'UNESCO au d\u00e9part de Zadar.","robots":{"index":"index","follow":"follow","max-snippet":"max-snippet:-1","max-image-preview":"max-image-preview:large","max-video-preview":"max-video-preview:-1"},"canonical":"https:\/\/tourtravelandmore.com\/fr\/tours\/croacia-fr-fr\/zadar-fr\/visite-privee-de-trogir-et-split-au-depart-de-zadar\/","og_locale":"fr_FR","og_type":"article","og_title":"Visite priv\u00e9e de Trogir et Split au d\u00e9part de Zadar","og_description":"Profitez de cette visite priv\u00e9e de Trogir et de Split confortablement dans votre v\u00e9hicule de luxe priv\u00e9. Visitez la vieille ville de Split et une ville insulaire de l'UNESCO au d\u00e9part de Zadar.","og_url":"https:\/\/tourtravelandmore.com\/fr\/tours\/croacia-fr-fr\/zadar-fr\/visite-privee-de-trogir-et-split-au-depart-de-zadar\/","og_site_name":"Tour Travel And More","article_publisher":"https:\/\/www.facebook.com\/tourtravelandmore\/","article_modified_time":"2025-02-14T16:44:48+00:00","og_image":[{"width":910,"height":607,"url":"https:\/\/tourtravelandmore.com\/wp-content\/uploads\/2020\/08\/croatia-split-architecture-city-min.jpg","type":"image\/jpeg"}],"twitter_card":"summary_large_image","twitter_site":"@TourTravel_More","twitter_misc":{"Dur\u00e9e de lecture estim\u00e9e":"3 minutes"},"schema":{"@context":"https:\/\/schema.org","@graph":[{"@type":"WebPage","@id":"https:\/\/tourtravelandmore.com\/fr\/tours\/croacia-fr-fr\/zadar-fr\/visite-privee-de-trogir-et-split-au-depart-de-zadar\/","url":"https:\/\/tourtravelandmore.com\/fr\/tours\/croacia-fr-fr\/zadar-fr\/visite-privee-de-trogir-et-split-au-depart-de-zadar\/","name":"Visite priv\u00e9e de Trogir et Split au d\u00e9part de Zadar avec chauffeur et guide officiel","isPartOf":{"@id":"https:\/\/tourtravelandmore.com\/fr\/#website"},"primaryImageOfPage":{"@id":"https:\/\/tourtravelandmore.com\/fr\/tours\/croacia-fr-fr\/zadar-fr\/visite-privee-de-trogir-et-split-au-depart-de-zadar\/#primaryimage"},"image":{"@id":"https:\/\/tourtravelandmore.com\/fr\/tours\/croacia-fr-fr\/zadar-fr\/visite-privee-de-trogir-et-split-au-depart-de-zadar\/#primaryimage"},"thumbnailUrl":"https:\/\/tourtravelandmore.com\/wp-content\/uploads\/2020\/08\/croatia-split-architecture-city-min.jpg","datePublished":"2020-08-14T07:50:54+00:00","dateModified":"2025-02-14T16:44:48+00:00","description":"Profitez de cette visite priv\u00e9e de Trogir et de Split confortablement dans votre v\u00e9hicule de luxe priv\u00e9. Visitez la vieille ville de Split et une ville insulaire de l'UNESCO au d\u00e9part de Zadar.","breadcrumb":{"@id":"https:\/\/tourtravelandmore.com\/fr\/tours\/croacia-fr-fr\/zadar-fr\/visite-privee-de-trogir-et-split-au-depart-de-zadar\/#breadcrumb"},"inLanguage":"fr-FR","potentialAction":[{"@type":"ReadAction","target":["https:\/\/tourtravelandmore.com\/fr\/tours\/croacia-fr-fr\/zadar-fr\/visite-privee-de-trogir-et-split-au-depart-de-zadar\/"]}]},{"@type":"ImageObject","inLanguage":"fr-FR","@id":"https:\/\/tourtravelandmore.com\/fr\/tours\/croacia-fr-fr\/zadar-fr\/visite-privee-de-trogir-et-split-au-depart-de-zadar\/#primaryimage","url":"https:\/\/tourtravelandmore.com\/wp-content\/uploads\/2020\/08\/croatia-split-architecture-city-min.jpg","contentUrl":"https:\/\/tourtravelandmore.com\/wp-content\/uploads\/2020\/08\/croatia-split-architecture-city-min.jpg","width":910,"height":607},{"@type":"BreadcrumbList","@id":"https:\/\/tourtravelandmore.com\/fr\/tours\/croacia-fr-fr\/zadar-fr\/visite-privee-de-trogir-et-split-au-depart-de-zadar\/#breadcrumb","itemListElement":[{"@type":"ListItem","position":1,"name":"Home","item":"https:\/\/tourtravelandmore.com\/fr\/"},{"@type":"ListItem","position":2,"name":"Tours","item":"https:\/\/tourtravelandmore.com\/fr\/tours\/"},{"@type":"ListItem","position":3,"name":"Visite priv\u00e9e de Trogir et Split au d\u00e9part de Zadar"}]},{"@type":"WebSite","@id":"https:\/\/tourtravelandmore.com\/fr\/#website","url":"https:\/\/tourtravelandmore.com\/fr\/","name":"Tour Travel And More","description":"Private sightseeing tours and luxury transfers in Spain","publisher":{"@id":"https:\/\/tourtravelandmore.com\/fr\/#organization"},"potentialAction":[{"@type":"SearchAction","target":{"@type":"EntryPoint","urlTemplate":"https:\/\/tourtravelandmore.com\/fr\/?s={search_term_string}"},"query-input":{"@type":"PropertyValueSpecification","valueRequired":true,"valueName":"search_term_string"}}],"inLanguage":"fr-FR"},{"@type":"Organization","@id":"https:\/\/tourtravelandmore.com\/fr\/#organization","name":"Tour Travel And More","url":"https:\/\/tourtravelandmore.com\/fr\/","logo":{"@type":"ImageObject","inLanguage":"fr-FR","@id":"https:\/\/tourtravelandmore.com\/fr\/#\/schema\/logo\/image\/","url":"https:\/\/tourtravelandmore.com\/wp-content\/uploads\/2022\/12\/cropped-logo-cabecera-new.png","contentUrl":"https:\/\/tourtravelandmore.com\/wp-content\/uploads\/2022\/12\/cropped-logo-cabecera-new.png","width":430,"height":61,"caption":"Tour Travel And More"},"image":{"@id":"https:\/\/tourtravelandmore.com\/fr\/#\/schema\/logo\/image\/"},"sameAs":["https:\/\/www.facebook.com\/tourtravelandmore\/","https:\/\/x.com\/TourTravel_More"]}]}},"_links":{"self":[{"href":"https:\/\/tourtravelandmore.com\/fr\/wp-json\/wp\/v2\/product\/103608","targetHints":{"allow":["GET"]}}],"collection":[{"href":"https:\/\/tourtravelandmore.com\/fr\/wp-json\/wp\/v2\/product"}],"about":[{"href":"https:\/\/tourtravelandmore.com\/fr\/wp-json\/wp\/v2\/types\/product"}],"replies":[{"embeddable":true,"href":"https:\/\/tourtravelandmore.com\/fr\/wp-json\/wp\/v2\/comments?post=103608"}],"wp:featuredmedia":[{"embeddable":true,"href":"https:\/\/tourtravelandmore.com\/fr\/wp-json\/wp\/v2\/media\/98057"}],"wp:attachment":[{"href":"https:\/\/tourtravelandmore.com\/fr\/wp-json\/wp\/v2\/media?parent=103608"}],"wp:term":[{"taxonomy":"product_brand","embeddable":true,"href":"https:\/\/tourtravelandmore.com\/fr\/wp-json\/wp\/v2\/product_brand?post=103608"},{"taxonomy":"product_cat","embeddable":true,"href":"https:\/\/tourtravelandmore.com\/fr\/wp-json\/wp\/v2\/product_cat?post=103608"},{"taxonomy":"product_tag","embeddable":true,"href":"https:\/\/tourtravelandmore.com\/fr\/wp-json\/wp\/v2\/product_tag?post=103608"}],"curies":[{"name":"wp","href":"https:\/\/api.w.org\/{rel}","templated":true}]}}